{"id":33159,"date":"2023-10-21T07:00:53","date_gmt":"2023-10-21T07:00:53","guid":{"rendered":"https:\/\/inti.hr\/product\/barski-stol-s-2-barske-stolice-vintage-smede-crna\/"},"modified":"2023-10-21T07:00:53","modified_gmt":"2023-10-21T07:00:53","slug":"barski-stol-s-2-barske-stolice-vintage-smede-crna","status":"publish","type":"product","link":"https:\/\/inti.hr\/sr\/proizvod\/barski-stol-s-2-barske-stolice-vintage-smede-crna\/","title":{"rendered":"Barski stol s 2 barske stolice vintage sme\u0111e-crna"},"content":{"rendered":"<p>Detalji proizvoda:<\/p>\n<p>Boja: vintage sme\u0111e-crna<br \/>\nMaterijal: iverica, \u010delik<br \/>\nVeli\u010dina stola: 40 x 100 x 90 cm (D x \u0160 x V)<br \/>\nVeli\u010dina po stolcu: 32 x 65 cm (\u00d8 x V)<br \/>\nTe\u017eina: 18,1 kg<br \/>\nMaksimalna stati\u010dka nosivost po stolici: 100 kg<\/p>\n","protected":false},"excerpt":{"rendered":"<p>\u017delite li u\u017eivati \u200b\u200bu pi\u0107u s prijateljima ili laganom doru\u010dku? Ovaj &#8230; <\/p>\n","protected":false},"featured_media":33160,"template":"","meta":[],"product_cat":[2728],"product_tag":[3310,3587],"yoast_head":"<!-- This site is optimized with the Yoast SEO plugin v23.7 - https:\/\/yoast.com\/wordpress\/plugins\/seo\/ -->\n<title>Barski stol s 2 barske stolice vintage sme\u0111e-crna - Inti<\/title>\n<meta name=\"description\" content=\"\u017delite li u\u017eivati \u200b\u200bu pi\u0107u s prijateljima ili laganom doru\u010dku? Ovaj barski stol \u0107e vas odu\u0161eviti. S rustikalnim sme\u0111im i crnim tonovima, upotpunjuje dan ugodnom atmosferom puba. Za\u0161tita od prevrtanja i 4 podesive noge osiguravaju \u010dvrst oslonac za stol;\u00a0Zako\u0161ene noge i okruglo sjedalo daju stolcima stabilnu strukturu tako da se ne ljuljaju tijekom sjedenja. Barski stol industrijskog dizajna s dva taburea koji \u0107e va\u0161oj blagovaonici dati novi izgled. Pozovite svoje prijatelje ili obitelj i ispijajte ukusne koktele s njima ili u\u017eivajte u \u0161alici toplog \u010daja zajedno. Barski stol 40 x 100 nudi puno prostora za kavu, kola\u010de i sok;\u00a0Na 2 stolca, svaki promjera 32 cm, 2 osobe mogu udobno u\u017eivati \u200b\u200bu doru\u010dku - jedan kutak je dovoljan. Ovaj blagovaonski set ima jednostavnu strukturu.\u00a0Zahvaljuju\u0107i detaljnim uputama i ozna\u010denim dijelovima, sastavljanje je brzo - a zatim se mo\u017eete opustiti i u\u017eivati \u200b\u200bu koktelima.\" \/>\n<meta name=\"robots\" content=\"index, follow, max-snippet:-1, max-image-preview:large, max-video-preview:-1\" \/>\n<link rel=\"canonical\" href=\"https:\/\/inti.hr\/sr\/proizvod\/barski-stol-s-2-barske-stolice-vintage-smede-crna\/\" \/>\n<meta property=\"og:locale\" content=\"sr_RS\" \/>\n<meta property=\"og:type\" content=\"article\" \/>\n<meta property=\"og:title\" content=\"Barski stol s 2 barske stolice vintage sme\u0111e-crna - Inti\" \/>\n<meta property=\"og:description\" content=\"\u017delite li u\u017eivati \u200b\u200bu pi\u0107u s prijateljima ili laganom doru\u010dku? Ovaj barski stol \u0107e vas odu\u0161eviti. S rustikalnim sme\u0111im i crnim tonovima, upotpunjuje dan ugodnom atmosferom puba. Za\u0161tita od prevrtanja i 4 podesive noge osiguravaju \u010dvrst oslonac za stol;\u00a0Zako\u0161ene noge i okruglo sjedalo daju stolcima stabilnu strukturu tako da se ne ljuljaju tijekom sjedenja. Barski stol industrijskog dizajna s dva taburea koji \u0107e va\u0161oj blagovaonici dati novi izgled. Pozovite svoje prijatelje ili obitelj i ispijajte ukusne koktele s njima ili u\u017eivajte u \u0161alici toplog \u010daja zajedno. Barski stol 40 x 100 nudi puno prostora za kavu, kola\u010de i sok;\u00a0Na 2 stolca, svaki promjera 32 cm, 2 osobe mogu udobno u\u017eivati \u200b\u200bu doru\u010dku - jedan kutak je dovoljan. Ovaj blagovaonski set ima jednostavnu strukturu.\u00a0Zahvaljuju\u0107i detaljnim uputama i ozna\u010denim dijelovima, sastavljanje je brzo - a zatim se mo\u017eete opustiti i u\u017eivati \u200b\u200bu koktelima.\" \/>\n<meta property=\"og:url\" content=\"https:\/\/inti.hr\/sr\/proizvod\/barski-stol-s-2-barske-stolice-vintage-smede-crna\/\" \/>\n<meta property=\"og:site_name\" content=\"Inti\" \/>\n<meta property=\"og:image\" content=\"https:\/\/i0.wp.com\/inti.hr\/wp-content\/uploads\/2023\/10\/ULBT219B01-2.jpg?fit=1000%2C1000&ssl=1\" \/>\n\t<meta property=\"og:image:width\" content=\"1000\" \/>\n\t<meta property=\"og:image:height\" content=\"1000\" \/>\n\t<meta property=\"og:image:type\" content=\"image\/jpeg\" \/>\n<meta name=\"twitter:card\" content=\"summary_large_image\" \/>\n<script type=\"application\/ld+json\" class=\"yoast-schema-graph\">{\"@context\":\"https:\/\/schema.org\",\"@graph\":[{\"@type\":\"WebPage\",\"@id\":\"https:\/\/inti.hr\/sr\/proizvod\/barski-stol-s-2-barske-stolice-vintage-smede-crna\/\",\"url\":\"https:\/\/inti.hr\/sr\/proizvod\/barski-stol-s-2-barske-stolice-vintage-smede-crna\/\",\"name\":\"Barski stol s 2 barske stolice vintage sme\u0111e-crna - Inti\",\"isPartOf\":{\"@id\":\"https:\/\/inti.hr\/sr\/#website\"},\"primaryImageOfPage\":{\"@id\":\"https:\/\/inti.hr\/sr\/proizvod\/barski-stol-s-2-barske-stolice-vintage-smede-crna\/#primaryimage\"},\"image\":{\"@id\":\"https:\/\/inti.hr\/sr\/proizvod\/barski-stol-s-2-barske-stolice-vintage-smede-crna\/#primaryimage\"},\"thumbnailUrl\":\"https:\/\/i0.wp.com\/inti.hr\/wp-content\/uploads\/2023\/10\/ULBT219B01-2.jpg?fit=1000%2C1000&ssl=1\",\"datePublished\":\"2023-10-21T07:00:53+00:00\",\"dateModified\":\"2023-10-21T07:00:53+00:00\",\"description\":\"\u017delite li u\u017eivati \u200b\u200bu pi\u0107u s prijateljima ili laganom doru\u010dku? Ovaj barski stol \u0107e vas odu\u0161eviti. S rustikalnim sme\u0111im i crnim tonovima, upotpunjuje dan ugodnom atmosferom puba. Za\u0161tita od prevrtanja i 4 podesive noge osiguravaju \u010dvrst oslonac za stol;\u00a0Zako\u0161ene noge i okruglo sjedalo daju stolcima stabilnu strukturu tako da se ne ljuljaju tijekom sjedenja. Barski stol industrijskog dizajna s dva taburea koji \u0107e va\u0161oj blagovaonici dati novi izgled. Pozovite svoje prijatelje ili obitelj i ispijajte ukusne koktele s njima ili u\u017eivajte u \u0161alici toplog \u010daja zajedno. Barski stol 40 x 100 nudi puno prostora za kavu, kola\u010de i sok;\u00a0Na 2 stolca, svaki promjera 32 cm, 2 osobe mogu udobno u\u017eivati \u200b\u200bu doru\u010dku - jedan kutak je dovoljan. Ovaj blagovaonski set ima jednostavnu strukturu.\u00a0Zahvaljuju\u0107i detaljnim uputama i ozna\u010denim dijelovima, sastavljanje je brzo - a zatim se mo\u017eete opustiti i u\u017eivati \u200b\u200bu koktelima.\",\"breadcrumb\":{\"@id\":\"https:\/\/inti.hr\/sr\/proizvod\/barski-stol-s-2-barske-stolice-vintage-smede-crna\/#breadcrumb\"},\"inLanguage\":\"sr-RS\",\"potentialAction\":[{\"@type\":\"ReadAction\",\"target\":[\"https:\/\/inti.hr\/sr\/proizvod\/barski-stol-s-2-barske-stolice-vintage-smede-crna\/\"]}]},{\"@type\":\"ImageObject\",\"inLanguage\":\"sr-RS\",\"@id\":\"https:\/\/inti.hr\/sr\/proizvod\/barski-stol-s-2-barske-stolice-vintage-smede-crna\/#primaryimage\",\"url\":\"https:\/\/i0.wp.com\/inti.hr\/wp-content\/uploads\/2023\/10\/ULBT219B01-2.jpg?fit=1000%2C1000&ssl=1\",\"contentUrl\":\"https:\/\/i0.wp.com\/inti.hr\/wp-content\/uploads\/2023\/10\/ULBT219B01-2.jpg?fit=1000%2C1000&ssl=1\",\"width\":1000,\"height\":1000},{\"@type\":\"BreadcrumbList\",\"@id\":\"https:\/\/inti.hr\/sr\/proizvod\/barski-stol-s-2-barske-stolice-vintage-smede-crna\/#breadcrumb\",\"itemListElement\":[{\"@type\":\"ListItem\",\"position\":1,\"name\":\"Po\u010detna stranica\",\"item\":\"https:\/\/inti.hr\/sr\/\"},{\"@type\":\"ListItem\",\"position\":2,\"name\":\"Prodavnica\",\"item\":\"https:\/\/inti.hr\/sr\/prodavnica\/\"},{\"@type\":\"ListItem\",\"position\":3,\"name\":\"Barski stol s 2 barske stolice vintage sme\u0111e-crna\"}]},{\"@type\":\"WebSite\",\"@id\":\"https:\/\/inti.hr\/sr\/#website\",\"url\":\"https:\/\/inti.hr\/sr\/\",\"name\":\"Inti\",\"description\":\"trgovina\",\"potentialAction\":[{\"@type\":\"SearchAction\",\"target\":{\"@type\":\"EntryPoint\",\"urlTemplate\":\"https:\/\/inti.hr\/sr\/?s={search_term_string}\"},\"query-input\":{\"@type\":\"PropertyValueSpecification\",\"valueRequired\":true,\"valueName\":\"search_term_string\"}}],\"inLanguage\":\"sr-RS\"}]}<\/script>\n<!-- \/ Yoast SEO plugin. -->","yoast_head_json":{"title":"Barski stol s 2 barske stolice vintage sme\u0111e-crna - Inti","description":"\u017delite li u\u017eivati \u200b\u200bu pi\u0107u s prijateljima ili laganom doru\u010dku? Ovaj barski stol \u0107e vas odu\u0161eviti. S rustikalnim sme\u0111im i crnim tonovima, upotpunjuje dan ugodnom atmosferom puba. Za\u0161tita od prevrtanja i 4 podesive noge osiguravaju \u010dvrst oslonac za stol;\u00a0Zako\u0161ene noge i okruglo sjedalo daju stolcima stabilnu strukturu tako da se ne ljuljaju tijekom sjedenja. Barski stol industrijskog dizajna s dva taburea koji \u0107e va\u0161oj blagovaonici dati novi izgled. Pozovite svoje prijatelje ili obitelj i ispijajte ukusne koktele s njima ili u\u017eivajte u \u0161alici toplog \u010daja zajedno. Barski stol 40 x 100 nudi puno prostora za kavu, kola\u010de i sok;\u00a0Na 2 stolca, svaki promjera 32 cm, 2 osobe mogu udobno u\u017eivati \u200b\u200bu doru\u010dku - jedan kutak je dovoljan. Ovaj blagovaonski set ima jednostavnu strukturu.\u00a0Zahvaljuju\u0107i detaljnim uputama i ozna\u010denim dijelovima, sastavljanje je brzo - a zatim se mo\u017eete opustiti i u\u017eivati \u200b\u200bu koktelima.","robots":{"index":"index","follow":"follow","max-snippet":"max-snippet:-1","max-image-preview":"max-image-preview:large","max-video-preview":"max-video-preview:-1"},"canonical":"https:\/\/inti.hr\/sr\/proizvod\/barski-stol-s-2-barske-stolice-vintage-smede-crna\/","og_locale":"sr_RS","og_type":"article","og_title":"Barski stol s 2 barske stolice vintage sme\u0111e-crna - Inti","og_description":"\u017delite li u\u017eivati \u200b\u200bu pi\u0107u s prijateljima ili laganom doru\u010dku? Ovaj barski stol \u0107e vas odu\u0161eviti. S rustikalnim sme\u0111im i crnim tonovima, upotpunjuje dan ugodnom atmosferom puba. Za\u0161tita od prevrtanja i 4 podesive noge osiguravaju \u010dvrst oslonac za stol;\u00a0Zako\u0161ene noge i okruglo sjedalo daju stolcima stabilnu strukturu tako da se ne ljuljaju tijekom sjedenja. Barski stol industrijskog dizajna s dva taburea koji \u0107e va\u0161oj blagovaonici dati novi izgled. Pozovite svoje prijatelje ili obitelj i ispijajte ukusne koktele s njima ili u\u017eivajte u \u0161alici toplog \u010daja zajedno. Barski stol 40 x 100 nudi puno prostora za kavu, kola\u010de i sok;\u00a0Na 2 stolca, svaki promjera 32 cm, 2 osobe mogu udobno u\u017eivati \u200b\u200bu doru\u010dku - jedan kutak je dovoljan. Ovaj blagovaonski set ima jednostavnu strukturu.\u00a0Zahvaljuju\u0107i detaljnim uputama i ozna\u010denim dijelovima, sastavljanje je brzo - a zatim se mo\u017eete opustiti i u\u017eivati \u200b\u200bu koktelima.","og_url":"https:\/\/inti.hr\/sr\/proizvod\/barski-stol-s-2-barske-stolice-vintage-smede-crna\/","og_site_name":"Inti","og_image":[{"width":1000,"height":1000,"url":"https:\/\/i0.wp.com\/inti.hr\/wp-content\/uploads\/2023\/10\/ULBT219B01-2.jpg?fit=1000%2C1000&ssl=1","type":"image\/jpeg"}],"twitter_card":"summary_large_image","schema":{"@context":"https:\/\/schema.org","@graph":[{"@type":"WebPage","@id":"https:\/\/inti.hr\/sr\/proizvod\/barski-stol-s-2-barske-stolice-vintage-smede-crna\/","url":"https:\/\/inti.hr\/sr\/proizvod\/barski-stol-s-2-barske-stolice-vintage-smede-crna\/","name":"Barski stol s 2 barske stolice vintage sme\u0111e-crna - Inti","isPartOf":{"@id":"https:\/\/inti.hr\/sr\/#website"},"primaryImageOfPage":{"@id":"https:\/\/inti.hr\/sr\/proizvod\/barski-stol-s-2-barske-stolice-vintage-smede-crna\/#primaryimage"},"image":{"@id":"https:\/\/inti.hr\/sr\/proizvod\/barski-stol-s-2-barske-stolice-vintage-smede-crna\/#primaryimage"},"thumbnailUrl":"https:\/\/i0.wp.com\/inti.hr\/wp-content\/uploads\/2023\/10\/ULBT219B01-2.jpg?fit=1000%2C1000&ssl=1","datePublished":"2023-10-21T07:00:53+00:00","dateModified":"2023-10-21T07:00:53+00:00","description":"\u017delite li u\u017eivati \u200b\u200bu pi\u0107u s prijateljima ili laganom doru\u010dku? Ovaj barski stol \u0107e vas odu\u0161eviti. S rustikalnim sme\u0111im i crnim tonovima, upotpunjuje dan ugodnom atmosferom puba. Za\u0161tita od prevrtanja i 4 podesive noge osiguravaju \u010dvrst oslonac za stol;\u00a0Zako\u0161ene noge i okruglo sjedalo daju stolcima stabilnu strukturu tako da se ne ljuljaju tijekom sjedenja. Barski stol industrijskog dizajna s dva taburea koji \u0107e va\u0161oj blagovaonici dati novi izgled. Pozovite svoje prijatelje ili obitelj i ispijajte ukusne koktele s njima ili u\u017eivajte u \u0161alici toplog \u010daja zajedno. Barski stol 40 x 100 nudi puno prostora za kavu, kola\u010de i sok;\u00a0Na 2 stolca, svaki promjera 32 cm, 2 osobe mogu udobno u\u017eivati \u200b\u200bu doru\u010dku - jedan kutak je dovoljan. Ovaj blagovaonski set ima jednostavnu strukturu.\u00a0Zahvaljuju\u0107i detaljnim uputama i ozna\u010denim dijelovima, sastavljanje je brzo - a zatim se mo\u017eete opustiti i u\u017eivati \u200b\u200bu koktelima.","breadcrumb":{"@id":"https:\/\/inti.hr\/sr\/proizvod\/barski-stol-s-2-barske-stolice-vintage-smede-crna\/#breadcrumb"},"inLanguage":"sr-RS","potentialAction":[{"@type":"ReadAction","target":["https:\/\/inti.hr\/sr\/proizvod\/barski-stol-s-2-barske-stolice-vintage-smede-crna\/"]}]},{"@type":"ImageObject","inLanguage":"sr-RS","@id":"https:\/\/inti.hr\/sr\/proizvod\/barski-stol-s-2-barske-stolice-vintage-smede-crna\/#primaryimage","url":"https:\/\/i0.wp.com\/inti.hr\/wp-content\/uploads\/2023\/10\/ULBT219B01-2.jpg?fit=1000%2C1000&ssl=1","contentUrl":"https:\/\/i0.wp.com\/inti.hr\/wp-content\/uploads\/2023\/10\/ULBT219B01-2.jpg?fit=1000%2C1000&ssl=1","width":1000,"height":1000},{"@type":"BreadcrumbList","@id":"https:\/\/inti.hr\/sr\/proizvod\/barski-stol-s-2-barske-stolice-vintage-smede-crna\/#breadcrumb","itemListElement":[{"@type":"ListItem","position":1,"name":"Po\u010detna stranica","item":"https:\/\/inti.hr\/sr\/"},{"@type":"ListItem","position":2,"name":"Prodavnica","item":"https:\/\/inti.hr\/sr\/prodavnica\/"},{"@type":"ListItem","position":3,"name":"Barski stol s 2 barske stolice vintage sme\u0111e-crna"}]},{"@type":"WebSite","@id":"https:\/\/inti.hr\/sr\/#website","url":"https:\/\/inti.hr\/sr\/","name":"Inti","description":"trgovina","potentialAction":[{"@type":"SearchAction","target":{"@type":"EntryPoint","urlTemplate":"https:\/\/inti.hr\/sr\/?s={search_term_string}"},"query-input":{"@type":"PropertyValueSpecification","valueRequired":true,"valueName":"search_term_string"}}],"inLanguage":"sr-RS"}]}},"jetpack_sharing_enabled":true,"jetpack-related-posts":[],"_links":{"self":[{"href":"https:\/\/inti.hr\/sr\/wp-json\/wp\/v2\/product\/33159"}],"collection":[{"href":"https:\/\/inti.hr\/sr\/wp-json\/wp\/v2\/product"}],"about":[{"href":"https:\/\/inti.hr\/sr\/wp-json\/wp\/v2\/types\/product"}],"wp:featuredmedia":[{"embeddable":true,"href":"https:\/\/inti.hr\/sr\/wp-json\/wp\/v2\/media\/33160"}],"wp:attachment":[{"href":"https:\/\/inti.hr\/sr\/wp-json\/wp\/v2\/media?parent=33159"}],"wp:term":[{"taxonomy":"product_cat","embeddable":true,"href":"https:\/\/inti.hr\/sr\/wp-json\/wp\/v2\/product_cat?post=33159"},{"taxonomy":"product_tag","embeddable":true,"href":"https:\/\/inti.hr\/sr\/wp-json\/wp\/v2\/product_tag?post=33159"}],"curies":[{"name":"wp","href":"https:\/\/api.w.org\/{rel}","templated":true}]}}