{"id":33175,"date":"2023-10-19T08:07:08","date_gmt":"2023-10-19T08:07:08","guid":{"rendered":"https:\/\/inti.hr\/product\/djecji-nocni-ormaric-60x35x87cm\/"},"modified":"2023-10-19T08:07:08","modified_gmt":"2023-10-19T08:07:08","slug":"djecji-nocni-ormaric-60x35x87cm","status":"publish","type":"product","link":"https:\/\/inti.hr\/sr\/proizvod\/djecji-nocni-ormaric-60x35x87cm\/","title":{"rendered":"Dje\u010dji no\u0107ni ormari\u0107 60x35x87cm"},"content":{"rendered":"<p>Detalji proizvoda:<\/p>\n<p>Te\u017eina: 14,6 kg<br \/>\nTestirano za: 44 kg.<br \/>\nMaterijal: Vlaknasta plo\u010da; gumeno drvo.<br \/>\nMjere proizvoda: 60x35x87 cm (vidi sliku)<br \/>\nDimenzije paketa: 89x43x15 cm.<br \/>\nS uputama za sastavljanje i vijcima. Jednostavna instalacija.<\/p>\n","protected":false},"excerpt":{"rendered":"<p>Ova polica za knjige idealna je za va\u0161e dijete da samostalno &#8230; <\/p>\n","protected":false},"featured_media":33176,"template":"","meta":[],"product_cat":[2411],"product_tag":[2413,3591],"yoast_head":"<!-- This site is optimized with the Yoast SEO plugin v23.7 - https:\/\/yoast.com\/wordpress\/plugins\/seo\/ -->\n<title>Dje\u010dji no\u0107ni ormari\u0107 60x35x87cm - Inti<\/title>\n<meta name=\"description\" content=\"Ova polica za knjige idealna je za va\u0161e dijete da samostalno uklanja i sprema svoje igra\u010dke. Dje\u010dja polica s 2 otvorena odjeljka nudi dovoljno prostora za knjige va\u0161eg djeteta. Djeca mogu sama spremati cigle, automobile itd. iza dvoja vrata da im soba bude uredna. Polica iza vrata je podesiva po visini u tri smjera, tako da mo\u017eete prilagoditi visinu prema svojim potrebama ili je jednostavno pomaknuti u stranu. Gumene drvene noge napravljene su da budu \u010dvrste i \u010dvrste kako bi osigurale sigurnost va\u0161eg djeteta.\" \/>\n<meta name=\"robots\" content=\"index, follow, max-snippet:-1, max-image-preview:large, max-video-preview:-1\" \/>\n<link rel=\"canonical\" href=\"https:\/\/inti.hr\/sr\/proizvod\/djecji-nocni-ormaric-60x35x87cm\/\" \/>\n<meta property=\"og:locale\" content=\"sr_RS\" \/>\n<meta property=\"og:type\" content=\"article\" \/>\n<meta property=\"og:title\" content=\"Dje\u010dji no\u0107ni ormari\u0107 60x35x87cm - Inti\" \/>\n<meta property=\"og:description\" content=\"Ova polica za knjige idealna je za va\u0161e dijete da samostalno uklanja i sprema svoje igra\u010dke. Dje\u010dja polica s 2 otvorena odjeljka nudi dovoljno prostora za knjige va\u0161eg djeteta. Djeca mogu sama spremati cigle, automobile itd. iza dvoja vrata da im soba bude uredna. Polica iza vrata je podesiva po visini u tri smjera, tako da mo\u017eete prilagoditi visinu prema svojim potrebama ili je jednostavno pomaknuti u stranu. Gumene drvene noge napravljene su da budu \u010dvrste i \u010dvrste kako bi osigurale sigurnost va\u0161eg djeteta.\" \/>\n<meta property=\"og:url\" content=\"https:\/\/inti.hr\/sr\/proizvod\/djecji-nocni-ormaric-60x35x87cm\/\" \/>\n<meta property=\"og:site_name\" content=\"Inti\" \/>\n<meta property=\"og:image\" content=\"https:\/\/i0.wp.com\/inti.hr\/wp-content\/uploads\/2023\/10\/KMB84-W-S001_1800x1800.webp?fit=1600%2C1600&ssl=1\" \/>\n\t<meta property=\"og:image:width\" content=\"1600\" \/>\n\t<meta property=\"og:image:height\" content=\"1600\" \/>\n\t<meta property=\"og:image:type\" content=\"image\/webp\" \/>\n<meta name=\"twitter:card\" content=\"summary_large_image\" \/>\n<script type=\"application\/ld+json\" class=\"yoast-schema-graph\">{\"@context\":\"https:\/\/schema.org\",\"@graph\":[{\"@type\":\"WebPage\",\"@id\":\"https:\/\/inti.hr\/sr\/proizvod\/djecji-nocni-ormaric-60x35x87cm\/\",\"url\":\"https:\/\/inti.hr\/sr\/proizvod\/djecji-nocni-ormaric-60x35x87cm\/\",\"name\":\"Dje\u010dji no\u0107ni ormari\u0107 60x35x87cm - Inti\",\"isPartOf\":{\"@id\":\"https:\/\/inti.hr\/sr\/#website\"},\"primaryImageOfPage\":{\"@id\":\"https:\/\/inti.hr\/sr\/proizvod\/djecji-nocni-ormaric-60x35x87cm\/#primaryimage\"},\"image\":{\"@id\":\"https:\/\/inti.hr\/sr\/proizvod\/djecji-nocni-ormaric-60x35x87cm\/#primaryimage\"},\"thumbnailUrl\":\"https:\/\/i0.wp.com\/inti.hr\/wp-content\/uploads\/2023\/10\/KMB84-W-S001_1800x1800.webp?fit=1600%2C1600&ssl=1\",\"datePublished\":\"2023-10-19T08:07:08+00:00\",\"dateModified\":\"2023-10-19T08:07:08+00:00\",\"description\":\"Ova polica za knjige idealna je za va\u0161e dijete da samostalno uklanja i sprema svoje igra\u010dke. Dje\u010dja polica s 2 otvorena odjeljka nudi dovoljno prostora za knjige va\u0161eg djeteta. Djeca mogu sama spremati cigle, automobile itd. iza dvoja vrata da im soba bude uredna. Polica iza vrata je podesiva po visini u tri smjera, tako da mo\u017eete prilagoditi visinu prema svojim potrebama ili je jednostavno pomaknuti u stranu. Gumene drvene noge napravljene su da budu \u010dvrste i \u010dvrste kako bi osigurale sigurnost va\u0161eg djeteta.\",\"breadcrumb\":{\"@id\":\"https:\/\/inti.hr\/sr\/proizvod\/djecji-nocni-ormaric-60x35x87cm\/#breadcrumb\"},\"inLanguage\":\"sr-RS\",\"potentialAction\":[{\"@type\":\"ReadAction\",\"target\":[\"https:\/\/inti.hr\/sr\/proizvod\/djecji-nocni-ormaric-60x35x87cm\/\"]}]},{\"@type\":\"ImageObject\",\"inLanguage\":\"sr-RS\",\"@id\":\"https:\/\/inti.hr\/sr\/proizvod\/djecji-nocni-ormaric-60x35x87cm\/#primaryimage\",\"url\":\"https:\/\/i0.wp.com\/inti.hr\/wp-content\/uploads\/2023\/10\/KMB84-W-S001_1800x1800.webp?fit=1600%2C1600&ssl=1\",\"contentUrl\":\"https:\/\/i0.wp.com\/inti.hr\/wp-content\/uploads\/2023\/10\/KMB84-W-S001_1800x1800.webp?fit=1600%2C1600&ssl=1\",\"width\":1600,\"height\":1600},{\"@type\":\"BreadcrumbList\",\"@id\":\"https:\/\/inti.hr\/sr\/proizvod\/djecji-nocni-ormaric-60x35x87cm\/#breadcrumb\",\"itemListElement\":[{\"@type\":\"ListItem\",\"position\":1,\"name\":\"Po\u010detna stranica\",\"item\":\"https:\/\/inti.hr\/sr\/\"},{\"@type\":\"ListItem\",\"position\":2,\"name\":\"Prodavnica\",\"item\":\"https:\/\/inti.hr\/sr\/prodavnica\/\"},{\"@type\":\"ListItem\",\"position\":3,\"name\":\"Dje\u010dji no\u0107ni ormari\u0107 60x35x87cm\"}]},{\"@type\":\"WebSite\",\"@id\":\"https:\/\/inti.hr\/sr\/#website\",\"url\":\"https:\/\/inti.hr\/sr\/\",\"name\":\"Inti\",\"description\":\"trgovina\",\"potentialAction\":[{\"@type\":\"SearchAction\",\"target\":{\"@type\":\"EntryPoint\",\"urlTemplate\":\"https:\/\/inti.hr\/sr\/?s={search_term_string}\"},\"query-input\":{\"@type\":\"PropertyValueSpecification\",\"valueRequired\":true,\"valueName\":\"search_term_string\"}}],\"inLanguage\":\"sr-RS\"}]}<\/script>\n<!-- \/ Yoast SEO plugin. -->","yoast_head_json":{"title":"Dje\u010dji no\u0107ni ormari\u0107 60x35x87cm - Inti","description":"Ova polica za knjige idealna je za va\u0161e dijete da samostalno uklanja i sprema svoje igra\u010dke. Dje\u010dja polica s 2 otvorena odjeljka nudi dovoljno prostora za knjige va\u0161eg djeteta. Djeca mogu sama spremati cigle, automobile itd. iza dvoja vrata da im soba bude uredna. Polica iza vrata je podesiva po visini u tri smjera, tako da mo\u017eete prilagoditi visinu prema svojim potrebama ili je jednostavno pomaknuti u stranu. Gumene drvene noge napravljene su da budu \u010dvrste i \u010dvrste kako bi osigurale sigurnost va\u0161eg djeteta.","robots":{"index":"index","follow":"follow","max-snippet":"max-snippet:-1","max-image-preview":"max-image-preview:large","max-video-preview":"max-video-preview:-1"},"canonical":"https:\/\/inti.hr\/sr\/proizvod\/djecji-nocni-ormaric-60x35x87cm\/","og_locale":"sr_RS","og_type":"article","og_title":"Dje\u010dji no\u0107ni ormari\u0107 60x35x87cm - Inti","og_description":"Ova polica za knjige idealna je za va\u0161e dijete da samostalno uklanja i sprema svoje igra\u010dke. Dje\u010dja polica s 2 otvorena odjeljka nudi dovoljno prostora za knjige va\u0161eg djeteta. Djeca mogu sama spremati cigle, automobile itd. iza dvoja vrata da im soba bude uredna. Polica iza vrata je podesiva po visini u tri smjera, tako da mo\u017eete prilagoditi visinu prema svojim potrebama ili je jednostavno pomaknuti u stranu. Gumene drvene noge napravljene su da budu \u010dvrste i \u010dvrste kako bi osigurale sigurnost va\u0161eg djeteta.","og_url":"https:\/\/inti.hr\/sr\/proizvod\/djecji-nocni-ormaric-60x35x87cm\/","og_site_name":"Inti","og_image":[{"width":1600,"height":1600,"url":"https:\/\/i0.wp.com\/inti.hr\/wp-content\/uploads\/2023\/10\/KMB84-W-S001_1800x1800.webp?fit=1600%2C1600&ssl=1","type":"image\/webp"}],"twitter_card":"summary_large_image","schema":{"@context":"https:\/\/schema.org","@graph":[{"@type":"WebPage","@id":"https:\/\/inti.hr\/sr\/proizvod\/djecji-nocni-ormaric-60x35x87cm\/","url":"https:\/\/inti.hr\/sr\/proizvod\/djecji-nocni-ormaric-60x35x87cm\/","name":"Dje\u010dji no\u0107ni ormari\u0107 60x35x87cm - Inti","isPartOf":{"@id":"https:\/\/inti.hr\/sr\/#website"},"primaryImageOfPage":{"@id":"https:\/\/inti.hr\/sr\/proizvod\/djecji-nocni-ormaric-60x35x87cm\/#primaryimage"},"image":{"@id":"https:\/\/inti.hr\/sr\/proizvod\/djecji-nocni-ormaric-60x35x87cm\/#primaryimage"},"thumbnailUrl":"https:\/\/i0.wp.com\/inti.hr\/wp-content\/uploads\/2023\/10\/KMB84-W-S001_1800x1800.webp?fit=1600%2C1600&ssl=1","datePublished":"2023-10-19T08:07:08+00:00","dateModified":"2023-10-19T08:07:08+00:00","description":"Ova polica za knjige idealna je za va\u0161e dijete da samostalno uklanja i sprema svoje igra\u010dke. Dje\u010dja polica s 2 otvorena odjeljka nudi dovoljno prostora za knjige va\u0161eg djeteta. Djeca mogu sama spremati cigle, automobile itd. iza dvoja vrata da im soba bude uredna. Polica iza vrata je podesiva po visini u tri smjera, tako da mo\u017eete prilagoditi visinu prema svojim potrebama ili je jednostavno pomaknuti u stranu. Gumene drvene noge napravljene su da budu \u010dvrste i \u010dvrste kako bi osigurale sigurnost va\u0161eg djeteta.","breadcrumb":{"@id":"https:\/\/inti.hr\/sr\/proizvod\/djecji-nocni-ormaric-60x35x87cm\/#breadcrumb"},"inLanguage":"sr-RS","potentialAction":[{"@type":"ReadAction","target":["https:\/\/inti.hr\/sr\/proizvod\/djecji-nocni-ormaric-60x35x87cm\/"]}]},{"@type":"ImageObject","inLanguage":"sr-RS","@id":"https:\/\/inti.hr\/sr\/proizvod\/djecji-nocni-ormaric-60x35x87cm\/#primaryimage","url":"https:\/\/i0.wp.com\/inti.hr\/wp-content\/uploads\/2023\/10\/KMB84-W-S001_1800x1800.webp?fit=1600%2C1600&ssl=1","contentUrl":"https:\/\/i0.wp.com\/inti.hr\/wp-content\/uploads\/2023\/10\/KMB84-W-S001_1800x1800.webp?fit=1600%2C1600&ssl=1","width":1600,"height":1600},{"@type":"BreadcrumbList","@id":"https:\/\/inti.hr\/sr\/proizvod\/djecji-nocni-ormaric-60x35x87cm\/#breadcrumb","itemListElement":[{"@type":"ListItem","position":1,"name":"Po\u010detna stranica","item":"https:\/\/inti.hr\/sr\/"},{"@type":"ListItem","position":2,"name":"Prodavnica","item":"https:\/\/inti.hr\/sr\/prodavnica\/"},{"@type":"ListItem","position":3,"name":"Dje\u010dji no\u0107ni ormari\u0107 60x35x87cm"}]},{"@type":"WebSite","@id":"https:\/\/inti.hr\/sr\/#website","url":"https:\/\/inti.hr\/sr\/","name":"Inti","description":"trgovina","potentialAction":[{"@type":"SearchAction","target":{"@type":"EntryPoint","urlTemplate":"https:\/\/inti.hr\/sr\/?s={search_term_string}"},"query-input":{"@type":"PropertyValueSpecification","valueRequired":true,"valueName":"search_term_string"}}],"inLanguage":"sr-RS"}]}},"jetpack_sharing_enabled":true,"jetpack-related-posts":[],"_links":{"self":[{"href":"https:\/\/inti.hr\/sr\/wp-json\/wp\/v2\/product\/33175"}],"collection":[{"href":"https:\/\/inti.hr\/sr\/wp-json\/wp\/v2\/product"}],"about":[{"href":"https:\/\/inti.hr\/sr\/wp-json\/wp\/v2\/types\/product"}],"wp:featuredmedia":[{"embeddable":true,"href":"https:\/\/inti.hr\/sr\/wp-json\/wp\/v2\/media\/33176"}],"wp:attachment":[{"href":"https:\/\/inti.hr\/sr\/wp-json\/wp\/v2\/media?parent=33175"}],"wp:term":[{"taxonomy":"product_cat","embeddable":true,"href":"https:\/\/inti.hr\/sr\/wp-json\/wp\/v2\/product_cat?post=33175"},{"taxonomy":"product_tag","embeddable":true,"href":"https:\/\/inti.hr\/sr\/wp-json\/wp\/v2\/product_tag?post=33175"}],"curies":[{"name":"wp","href":"https:\/\/api.w.org\/{rel}","templated":true}]}}