{"id":33206,"date":"2023-10-05T07:35:09","date_gmt":"2023-10-05T07:35:09","guid":{"rendered":"https:\/\/inti.hr\/product\/stolica-za-ljuljanje\/"},"modified":"2023-10-05T07:35:09","modified_gmt":"2023-10-05T07:35:09","slug":"stolica-za-ljuljanje","status":"publish","type":"product","link":"https:\/\/inti.hr\/sr\/proizvod\/stolica-za-ljuljanje\/","title":{"rendered":"Stolica za ljuljanje"},"content":{"rendered":"<p>Detalji proizvoda:<\/p>\n<p>&#8211; Boja: Svijetlo siva, tamno siva, bordo sme\u0111a,\u00a0 crna i be\u017e.<br \/>\n&#8211; Materijal: drvo breze, metalni okvir iznutra, podstava od pjene, pamu\u010dna navlaka<br \/>\n&#8211; Ukupna veli\u010dina: 67 x 115 x 91 cm (D x \u0160 x V)<br \/>\n&#8211; Visina naslona: 73 cm<br \/>\n&#8211; Dubina sjedala: 48 cm<br \/>\n&#8211; \u0160irina sjedala: 55 cm<br \/>\n&#8211; Duljina oslonca za noge: 33 cm<br \/>\n&#8211; Te\u017eina: 9,8 kg<br \/>\n&#8211; Maksimalna stati\u010dka nosivost: 150 kg<\/p>\n","protected":false},"excerpt":{"rendered":"<p>Vrhunski drveni okvir, robusni metalni okvir iznutra &#8211; Sjednite bezbri\u017eno na &#8230; <\/p>\n","protected":false},"featured_media":33207,"template":"","meta":[],"product_cat":[2421],"product_tag":[3604,3568],"yoast_head":"<!-- This site is optimized with the Yoast SEO plugin v23.7 - https:\/\/yoast.com\/wordpress\/plugins\/seo\/ -->\n<title>Stolica za ljuljanje - Inti<\/title>\n<meta name=\"description\" content=\"Vrhunski drveni okvir, robusni metalni okvir iznutra - Sjednite bezbri\u017eno na ovu stolicu za ljuljanje koja mo\u017ee izdr\u017eati do 150 kg, oslobodite se svih briga i opustite se dok se ljuljate naprijed-natrag! \u00a0Ova ergonomski dizajnirana stolica za ljuljanje prilago\u0111ava se va\u0161em obliku tijela.\u00a0Podstava od pjene visoke gusto\u0107e, uklonjivi naslon za glavu - Kad jednom sjednete na ovu stolicu, ne\u0107ete htjeti ustati. Udobna stolica za ljuljanje u skandinavskom stilu i jasne upute za jednostavno sastavljanje. \u017delite li ovu stolicu koristiti u dnevnoj, dje\u010djoj ili spava\u0107oj sobi? Tvoja odluka!Oslonac za noge ove stolice za ljuljanje mo\u017eete po potrebi podesiti na 5 razli\u010ditih visina!\u00a0Bilo da \u017eelite odrijemati na stolici za ljuljanje ili \u010ditati knjige, va\u0161 \u0107e sjede\u0107i polo\u017eaj uvijek biti udoban.\" \/>\n<meta name=\"robots\" content=\"index, follow, max-snippet:-1, max-image-preview:large, max-video-preview:-1\" \/>\n<link rel=\"canonical\" href=\"https:\/\/inti.hr\/sr\/proizvod\/stolica-za-ljuljanje\/\" \/>\n<meta property=\"og:locale\" content=\"sr_RS\" \/>\n<meta property=\"og:type\" content=\"article\" \/>\n<meta property=\"og:title\" content=\"Stolica za ljuljanje - Inti\" \/>\n<meta property=\"og:description\" content=\"Vrhunski drveni okvir, robusni metalni okvir iznutra - Sjednite bezbri\u017eno na ovu stolicu za ljuljanje koja mo\u017ee izdr\u017eati do 150 kg, oslobodite se svih briga i opustite se dok se ljuljate naprijed-natrag! \u00a0Ova ergonomski dizajnirana stolica za ljuljanje prilago\u0111ava se va\u0161em obliku tijela.\u00a0Podstava od pjene visoke gusto\u0107e, uklonjivi naslon za glavu - Kad jednom sjednete na ovu stolicu, ne\u0107ete htjeti ustati. Udobna stolica za ljuljanje u skandinavskom stilu i jasne upute za jednostavno sastavljanje. \u017delite li ovu stolicu koristiti u dnevnoj, dje\u010djoj ili spava\u0107oj sobi? Tvoja odluka!Oslonac za noge ove stolice za ljuljanje mo\u017eete po potrebi podesiti na 5 razli\u010ditih visina!\u00a0Bilo da \u017eelite odrijemati na stolici za ljuljanje ili \u010ditati knjige, va\u0161 \u0107e sjede\u0107i polo\u017eaj uvijek biti udoban.\" \/>\n<meta property=\"og:url\" content=\"https:\/\/inti.hr\/sr\/proizvod\/stolica-za-ljuljanje\/\" \/>\n<meta property=\"og:site_name\" content=\"Inti\" \/>\n<meta property=\"og:image\" content=\"https:\/\/i0.wp.com\/inti.hr\/wp-content\/uploads\/2023\/10\/02.jpg?fit=1000%2C1000&ssl=1\" \/>\n\t<meta property=\"og:image:width\" content=\"1000\" \/>\n\t<meta property=\"og:image:height\" content=\"1000\" \/>\n\t<meta property=\"og:image:type\" content=\"image\/jpeg\" \/>\n<meta name=\"twitter:card\" content=\"summary_large_image\" \/>\n<script type=\"application\/ld+json\" class=\"yoast-schema-graph\">{\"@context\":\"https:\/\/schema.org\",\"@graph\":[{\"@type\":\"WebPage\",\"@id\":\"https:\/\/inti.hr\/sr\/proizvod\/stolica-za-ljuljanje\/\",\"url\":\"https:\/\/inti.hr\/sr\/proizvod\/stolica-za-ljuljanje\/\",\"name\":\"Stolica za ljuljanje - Inti\",\"isPartOf\":{\"@id\":\"https:\/\/inti.hr\/sr\/#website\"},\"primaryImageOfPage\":{\"@id\":\"https:\/\/inti.hr\/sr\/proizvod\/stolica-za-ljuljanje\/#primaryimage\"},\"image\":{\"@id\":\"https:\/\/inti.hr\/sr\/proizvod\/stolica-za-ljuljanje\/#primaryimage\"},\"thumbnailUrl\":\"https:\/\/i0.wp.com\/inti.hr\/wp-content\/uploads\/2023\/10\/02.jpg?fit=1000%2C1000&ssl=1\",\"datePublished\":\"2023-10-05T07:35:09+00:00\",\"dateModified\":\"2023-10-05T07:35:09+00:00\",\"description\":\"Vrhunski drveni okvir, robusni metalni okvir iznutra - Sjednite bezbri\u017eno na ovu stolicu za ljuljanje koja mo\u017ee izdr\u017eati do 150 kg, oslobodite se svih briga i opustite se dok se ljuljate naprijed-natrag! \u00a0Ova ergonomski dizajnirana stolica za ljuljanje prilago\u0111ava se va\u0161em obliku tijela.\u00a0Podstava od pjene visoke gusto\u0107e, uklonjivi naslon za glavu - Kad jednom sjednete na ovu stolicu, ne\u0107ete htjeti ustati. Udobna stolica za ljuljanje u skandinavskom stilu i jasne upute za jednostavno sastavljanje. \u017delite li ovu stolicu koristiti u dnevnoj, dje\u010djoj ili spava\u0107oj sobi? Tvoja odluka!Oslonac za noge ove stolice za ljuljanje mo\u017eete po potrebi podesiti na 5 razli\u010ditih visina!\u00a0Bilo da \u017eelite odrijemati na stolici za ljuljanje ili \u010ditati knjige, va\u0161 \u0107e sjede\u0107i polo\u017eaj uvijek biti udoban.\",\"breadcrumb\":{\"@id\":\"https:\/\/inti.hr\/sr\/proizvod\/stolica-za-ljuljanje\/#breadcrumb\"},\"inLanguage\":\"sr-RS\",\"potentialAction\":[{\"@type\":\"ReadAction\",\"target\":[\"https:\/\/inti.hr\/sr\/proizvod\/stolica-za-ljuljanje\/\"]}]},{\"@type\":\"ImageObject\",\"inLanguage\":\"sr-RS\",\"@id\":\"https:\/\/inti.hr\/sr\/proizvod\/stolica-za-ljuljanje\/#primaryimage\",\"url\":\"https:\/\/i0.wp.com\/inti.hr\/wp-content\/uploads\/2023\/10\/02.jpg?fit=1000%2C1000&ssl=1\",\"contentUrl\":\"https:\/\/i0.wp.com\/inti.hr\/wp-content\/uploads\/2023\/10\/02.jpg?fit=1000%2C1000&ssl=1\",\"width\":1000,\"height\":1000},{\"@type\":\"BreadcrumbList\",\"@id\":\"https:\/\/inti.hr\/sr\/proizvod\/stolica-za-ljuljanje\/#breadcrumb\",\"itemListElement\":[{\"@type\":\"ListItem\",\"position\":1,\"name\":\"Po\u010detna stranica\",\"item\":\"https:\/\/inti.hr\/sr\/\"},{\"@type\":\"ListItem\",\"position\":2,\"name\":\"Prodavnica\",\"item\":\"https:\/\/inti.hr\/sr\/prodavnica\/\"},{\"@type\":\"ListItem\",\"position\":3,\"name\":\"Stolica za ljuljanje\"}]},{\"@type\":\"WebSite\",\"@id\":\"https:\/\/inti.hr\/sr\/#website\",\"url\":\"https:\/\/inti.hr\/sr\/\",\"name\":\"Inti\",\"description\":\"trgovina\",\"potentialAction\":[{\"@type\":\"SearchAction\",\"target\":{\"@type\":\"EntryPoint\",\"urlTemplate\":\"https:\/\/inti.hr\/sr\/?s={search_term_string}\"},\"query-input\":{\"@type\":\"PropertyValueSpecification\",\"valueRequired\":true,\"valueName\":\"search_term_string\"}}],\"inLanguage\":\"sr-RS\"}]}<\/script>\n<!-- \/ Yoast SEO plugin. -->","yoast_head_json":{"title":"Stolica za ljuljanje - Inti","description":"Vrhunski drveni okvir, robusni metalni okvir iznutra - Sjednite bezbri\u017eno na ovu stolicu za ljuljanje koja mo\u017ee izdr\u017eati do 150 kg, oslobodite se svih briga i opustite se dok se ljuljate naprijed-natrag! \u00a0Ova ergonomski dizajnirana stolica za ljuljanje prilago\u0111ava se va\u0161em obliku tijela.\u00a0Podstava od pjene visoke gusto\u0107e, uklonjivi naslon za glavu - Kad jednom sjednete na ovu stolicu, ne\u0107ete htjeti ustati. Udobna stolica za ljuljanje u skandinavskom stilu i jasne upute za jednostavno sastavljanje. \u017delite li ovu stolicu koristiti u dnevnoj, dje\u010djoj ili spava\u0107oj sobi? Tvoja odluka!Oslonac za noge ove stolice za ljuljanje mo\u017eete po potrebi podesiti na 5 razli\u010ditih visina!\u00a0Bilo da \u017eelite odrijemati na stolici za ljuljanje ili \u010ditati knjige, va\u0161 \u0107e sjede\u0107i polo\u017eaj uvijek biti udoban.","robots":{"index":"index","follow":"follow","max-snippet":"max-snippet:-1","max-image-preview":"max-image-preview:large","max-video-preview":"max-video-preview:-1"},"canonical":"https:\/\/inti.hr\/sr\/proizvod\/stolica-za-ljuljanje\/","og_locale":"sr_RS","og_type":"article","og_title":"Stolica za ljuljanje - Inti","og_description":"Vrhunski drveni okvir, robusni metalni okvir iznutra - Sjednite bezbri\u017eno na ovu stolicu za ljuljanje koja mo\u017ee izdr\u017eati do 150 kg, oslobodite se svih briga i opustite se dok se ljuljate naprijed-natrag! \u00a0Ova ergonomski dizajnirana stolica za ljuljanje prilago\u0111ava se va\u0161em obliku tijela.\u00a0Podstava od pjene visoke gusto\u0107e, uklonjivi naslon za glavu - Kad jednom sjednete na ovu stolicu, ne\u0107ete htjeti ustati. Udobna stolica za ljuljanje u skandinavskom stilu i jasne upute za jednostavno sastavljanje. \u017delite li ovu stolicu koristiti u dnevnoj, dje\u010djoj ili spava\u0107oj sobi? Tvoja odluka!Oslonac za noge ove stolice za ljuljanje mo\u017eete po potrebi podesiti na 5 razli\u010ditih visina!\u00a0Bilo da \u017eelite odrijemati na stolici za ljuljanje ili \u010ditati knjige, va\u0161 \u0107e sjede\u0107i polo\u017eaj uvijek biti udoban.","og_url":"https:\/\/inti.hr\/sr\/proizvod\/stolica-za-ljuljanje\/","og_site_name":"Inti","og_image":[{"width":1000,"height":1000,"url":"https:\/\/i0.wp.com\/inti.hr\/wp-content\/uploads\/2023\/10\/02.jpg?fit=1000%2C1000&ssl=1","type":"image\/jpeg"}],"twitter_card":"summary_large_image","schema":{"@context":"https:\/\/schema.org","@graph":[{"@type":"WebPage","@id":"https:\/\/inti.hr\/sr\/proizvod\/stolica-za-ljuljanje\/","url":"https:\/\/inti.hr\/sr\/proizvod\/stolica-za-ljuljanje\/","name":"Stolica za ljuljanje - Inti","isPartOf":{"@id":"https:\/\/inti.hr\/sr\/#website"},"primaryImageOfPage":{"@id":"https:\/\/inti.hr\/sr\/proizvod\/stolica-za-ljuljanje\/#primaryimage"},"image":{"@id":"https:\/\/inti.hr\/sr\/proizvod\/stolica-za-ljuljanje\/#primaryimage"},"thumbnailUrl":"https:\/\/i0.wp.com\/inti.hr\/wp-content\/uploads\/2023\/10\/02.jpg?fit=1000%2C1000&ssl=1","datePublished":"2023-10-05T07:35:09+00:00","dateModified":"2023-10-05T07:35:09+00:00","description":"Vrhunski drveni okvir, robusni metalni okvir iznutra - Sjednite bezbri\u017eno na ovu stolicu za ljuljanje koja mo\u017ee izdr\u017eati do 150 kg, oslobodite se svih briga i opustite se dok se ljuljate naprijed-natrag! \u00a0Ova ergonomski dizajnirana stolica za ljuljanje prilago\u0111ava se va\u0161em obliku tijela.\u00a0Podstava od pjene visoke gusto\u0107e, uklonjivi naslon za glavu - Kad jednom sjednete na ovu stolicu, ne\u0107ete htjeti ustati. Udobna stolica za ljuljanje u skandinavskom stilu i jasne upute za jednostavno sastavljanje. \u017delite li ovu stolicu koristiti u dnevnoj, dje\u010djoj ili spava\u0107oj sobi? Tvoja odluka!Oslonac za noge ove stolice za ljuljanje mo\u017eete po potrebi podesiti na 5 razli\u010ditih visina!\u00a0Bilo da \u017eelite odrijemati na stolici za ljuljanje ili \u010ditati knjige, va\u0161 \u0107e sjede\u0107i polo\u017eaj uvijek biti udoban.","breadcrumb":{"@id":"https:\/\/inti.hr\/sr\/proizvod\/stolica-za-ljuljanje\/#breadcrumb"},"inLanguage":"sr-RS","potentialAction":[{"@type":"ReadAction","target":["https:\/\/inti.hr\/sr\/proizvod\/stolica-za-ljuljanje\/"]}]},{"@type":"ImageObject","inLanguage":"sr-RS","@id":"https:\/\/inti.hr\/sr\/proizvod\/stolica-za-ljuljanje\/#primaryimage","url":"https:\/\/i0.wp.com\/inti.hr\/wp-content\/uploads\/2023\/10\/02.jpg?fit=1000%2C1000&ssl=1","contentUrl":"https:\/\/i0.wp.com\/inti.hr\/wp-content\/uploads\/2023\/10\/02.jpg?fit=1000%2C1000&ssl=1","width":1000,"height":1000},{"@type":"BreadcrumbList","@id":"https:\/\/inti.hr\/sr\/proizvod\/stolica-za-ljuljanje\/#breadcrumb","itemListElement":[{"@type":"ListItem","position":1,"name":"Po\u010detna stranica","item":"https:\/\/inti.hr\/sr\/"},{"@type":"ListItem","position":2,"name":"Prodavnica","item":"https:\/\/inti.hr\/sr\/prodavnica\/"},{"@type":"ListItem","position":3,"name":"Stolica za ljuljanje"}]},{"@type":"WebSite","@id":"https:\/\/inti.hr\/sr\/#website","url":"https:\/\/inti.hr\/sr\/","name":"Inti","description":"trgovina","potentialAction":[{"@type":"SearchAction","target":{"@type":"EntryPoint","urlTemplate":"https:\/\/inti.hr\/sr\/?s={search_term_string}"},"query-input":{"@type":"PropertyValueSpecification","valueRequired":true,"valueName":"search_term_string"}}],"inLanguage":"sr-RS"}]}},"jetpack_sharing_enabled":true,"jetpack-related-posts":[],"_links":{"self":[{"href":"https:\/\/inti.hr\/sr\/wp-json\/wp\/v2\/product\/33206"}],"collection":[{"href":"https:\/\/inti.hr\/sr\/wp-json\/wp\/v2\/product"}],"about":[{"href":"https:\/\/inti.hr\/sr\/wp-json\/wp\/v2\/types\/product"}],"wp:featuredmedia":[{"embeddable":true,"href":"https:\/\/inti.hr\/sr\/wp-json\/wp\/v2\/media\/33207"}],"wp:attachment":[{"href":"https:\/\/inti.hr\/sr\/wp-json\/wp\/v2\/media?parent=33206"}],"wp:term":[{"taxonomy":"product_cat","embeddable":true,"href":"https:\/\/inti.hr\/sr\/wp-json\/wp\/v2\/product_cat?post=33206"},{"taxonomy":"product_tag","embeddable":true,"href":"https:\/\/inti.hr\/sr\/wp-json\/wp\/v2\/product_tag?post=33206"}],"curies":[{"name":"wp","href":"https:\/\/api.w.org\/{rel}","templated":true}]}}