{"id":33267,"date":"2023-08-25T07:40:32","date_gmt":"2023-08-25T07:40:32","guid":{"rendered":"https:\/\/inti.hr\/product\/kupaonski-stupni-ormaric\/"},"modified":"2023-08-25T07:40:32","modified_gmt":"2023-08-25T07:40:32","slug":"kupaonski-stupni-ormaric","status":"publish","type":"product","link":"https:\/\/inti.hr\/sr\/proizvod\/kupaonski-stupni-ormaric\/","title":{"rendered":"Kupaonski stupni ormari\u0107"},"content":{"rendered":"<p>Detalji proizvoda:<\/p>\n<ul>\n<li>Materijal: Drvena vlakna, staklo, metal.<\/li>\n<li>Te\u017eina: 19,5 kg<\/li>\n<li>Testirano za: 36 kg<\/li>\n<li>Mjere proizvoda: 30x30x171cm (vidi sliku)<\/li>\n<li>Veli\u010dina pakiranja: 87x37x19cm<\/li>\n<li>S uputama za sastavljanje i vijcima.\u00a0Jednostavna instalacija.<\/li>\n<\/ul>\n","protected":false},"excerpt":{"rendered":"<p>Dva otvorena odjeljka i dvoja vrata nude obilje prakti\u010dnog prostora za &#8230; <\/p>\n","protected":false},"featured_media":33268,"template":"","meta":[],"product_cat":[2396],"product_tag":[2522,3521],"yoast_head":"<!-- This site is optimized with the Yoast SEO plugin v23.7 - https:\/\/yoast.com\/wordpress\/plugins\/seo\/ -->\n<title>Kupaonski stupni ormari\u0107 - Inti<\/title>\n<meta name=\"description\" content=\"Dva otvorena odjeljka i dvoja vrata nude obilje prakti\u010dnog prostora za pohranu. Veliki kupaonski visoki ormari\u0107 nudi prostor za ru\u010dnike, proizvode za njegu i druge kupaonske potrep\u0161tine.Iza 2 vrata nalaze se dvije police podesive u 3 visine.Na\u0161 proizvod je opremljen 1 ure\u0111ajem protiv prevrtanja za pri\u010dvr\u0161\u0107ivanje ormari\u0107a na zid.Kupaonski ormari\u0107 sa staklenim vratima ima u\u010dinak da prostorija izgleda ve\u0107a od ormari\u0107a sa zatvorenom prednjom stranom. Posebno su prikladni za prezentiranje ukrasnih dodataka kao \u0161to su bo\u010dice parfema dok ih \u0161tite od pra\u0161ine.\" \/>\n<meta name=\"robots\" content=\"index, follow, max-snippet:-1, max-image-preview:large, max-video-preview:-1\" \/>\n<link rel=\"canonical\" href=\"https:\/\/inti.hr\/sr\/proizvod\/kupaonski-stupni-ormaric\/\" \/>\n<meta property=\"og:locale\" content=\"sr_RS\" \/>\n<meta property=\"og:type\" content=\"article\" \/>\n<meta property=\"og:title\" content=\"Kupaonski stupni ormari\u0107 - Inti\" \/>\n<meta property=\"og:description\" content=\"Dva otvorena odjeljka i dvoja vrata nude obilje prakti\u010dnog prostora za pohranu. Veliki kupaonski visoki ormari\u0107 nudi prostor za ru\u010dnike, proizvode za njegu i druge kupaonske potrep\u0161tine.Iza 2 vrata nalaze se dvije police podesive u 3 visine.Na\u0161 proizvod je opremljen 1 ure\u0111ajem protiv prevrtanja za pri\u010dvr\u0161\u0107ivanje ormari\u0107a na zid.Kupaonski ormari\u0107 sa staklenim vratima ima u\u010dinak da prostorija izgleda ve\u0107a od ormari\u0107a sa zatvorenom prednjom stranom. Posebno su prikladni za prezentiranje ukrasnih dodataka kao \u0161to su bo\u010dice parfema dok ih \u0161tite od pra\u0161ine.\" \/>\n<meta property=\"og:url\" content=\"https:\/\/inti.hr\/sr\/proizvod\/kupaonski-stupni-ormaric\/\" \/>\n<meta property=\"og:site_name\" content=\"Inti\" \/>\n<meta property=\"og:image\" content=\"https:\/\/i0.wp.com\/inti.hr\/wp-content\/uploads\/2023\/08\/BZR118-W-S004_1800x1800.webp?fit=1600%2C1600&ssl=1\" \/>\n\t<meta property=\"og:image:width\" content=\"1600\" \/>\n\t<meta property=\"og:image:height\" content=\"1600\" \/>\n\t<meta property=\"og:image:type\" content=\"image\/webp\" \/>\n<meta name=\"twitter:card\" content=\"summary_large_image\" \/>\n<script type=\"application\/ld+json\" class=\"yoast-schema-graph\">{\"@context\":\"https:\/\/schema.org\",\"@graph\":[{\"@type\":\"WebPage\",\"@id\":\"https:\/\/inti.hr\/sr\/proizvod\/kupaonski-stupni-ormaric\/\",\"url\":\"https:\/\/inti.hr\/sr\/proizvod\/kupaonski-stupni-ormaric\/\",\"name\":\"Kupaonski stupni ormari\u0107 - Inti\",\"isPartOf\":{\"@id\":\"https:\/\/inti.hr\/sr\/#website\"},\"primaryImageOfPage\":{\"@id\":\"https:\/\/inti.hr\/sr\/proizvod\/kupaonski-stupni-ormaric\/#primaryimage\"},\"image\":{\"@id\":\"https:\/\/inti.hr\/sr\/proizvod\/kupaonski-stupni-ormaric\/#primaryimage\"},\"thumbnailUrl\":\"https:\/\/i0.wp.com\/inti.hr\/wp-content\/uploads\/2023\/08\/BZR118-W-S004_1800x1800.webp?fit=1600%2C1600&ssl=1\",\"datePublished\":\"2023-08-25T07:40:32+00:00\",\"dateModified\":\"2023-08-25T07:40:32+00:00\",\"description\":\"Dva otvorena odjeljka i dvoja vrata nude obilje prakti\u010dnog prostora za pohranu. Veliki kupaonski visoki ormari\u0107 nudi prostor za ru\u010dnike, proizvode za njegu i druge kupaonske potrep\u0161tine.Iza 2 vrata nalaze se dvije police podesive u 3 visine.Na\u0161 proizvod je opremljen 1 ure\u0111ajem protiv prevrtanja za pri\u010dvr\u0161\u0107ivanje ormari\u0107a na zid.Kupaonski ormari\u0107 sa staklenim vratima ima u\u010dinak da prostorija izgleda ve\u0107a od ormari\u0107a sa zatvorenom prednjom stranom. Posebno su prikladni za prezentiranje ukrasnih dodataka kao \u0161to su bo\u010dice parfema dok ih \u0161tite od pra\u0161ine.\",\"breadcrumb\":{\"@id\":\"https:\/\/inti.hr\/sr\/proizvod\/kupaonski-stupni-ormaric\/#breadcrumb\"},\"inLanguage\":\"sr-RS\",\"potentialAction\":[{\"@type\":\"ReadAction\",\"target\":[\"https:\/\/inti.hr\/sr\/proizvod\/kupaonski-stupni-ormaric\/\"]}]},{\"@type\":\"ImageObject\",\"inLanguage\":\"sr-RS\",\"@id\":\"https:\/\/inti.hr\/sr\/proizvod\/kupaonski-stupni-ormaric\/#primaryimage\",\"url\":\"https:\/\/i0.wp.com\/inti.hr\/wp-content\/uploads\/2023\/08\/BZR118-W-S004_1800x1800.webp?fit=1600%2C1600&ssl=1\",\"contentUrl\":\"https:\/\/i0.wp.com\/inti.hr\/wp-content\/uploads\/2023\/08\/BZR118-W-S004_1800x1800.webp?fit=1600%2C1600&ssl=1\",\"width\":1600,\"height\":1600},{\"@type\":\"BreadcrumbList\",\"@id\":\"https:\/\/inti.hr\/sr\/proizvod\/kupaonski-stupni-ormaric\/#breadcrumb\",\"itemListElement\":[{\"@type\":\"ListItem\",\"position\":1,\"name\":\"Po\u010detna stranica\",\"item\":\"https:\/\/inti.hr\/sr\/\"},{\"@type\":\"ListItem\",\"position\":2,\"name\":\"Prodavnica\",\"item\":\"https:\/\/inti.hr\/sr\/prodavnica\/\"},{\"@type\":\"ListItem\",\"position\":3,\"name\":\"Kupaonski stupni ormari\u0107\"}]},{\"@type\":\"WebSite\",\"@id\":\"https:\/\/inti.hr\/sr\/#website\",\"url\":\"https:\/\/inti.hr\/sr\/\",\"name\":\"Inti\",\"description\":\"trgovina\",\"potentialAction\":[{\"@type\":\"SearchAction\",\"target\":{\"@type\":\"EntryPoint\",\"urlTemplate\":\"https:\/\/inti.hr\/sr\/?s={search_term_string}\"},\"query-input\":{\"@type\":\"PropertyValueSpecification\",\"valueRequired\":true,\"valueName\":\"search_term_string\"}}],\"inLanguage\":\"sr-RS\"}]}<\/script>\n<!-- \/ Yoast SEO plugin. -->","yoast_head_json":{"title":"Kupaonski stupni ormari\u0107 - Inti","description":"Dva otvorena odjeljka i dvoja vrata nude obilje prakti\u010dnog prostora za pohranu. Veliki kupaonski visoki ormari\u0107 nudi prostor za ru\u010dnike, proizvode za njegu i druge kupaonske potrep\u0161tine.Iza 2 vrata nalaze se dvije police podesive u 3 visine.Na\u0161 proizvod je opremljen 1 ure\u0111ajem protiv prevrtanja za pri\u010dvr\u0161\u0107ivanje ormari\u0107a na zid.Kupaonski ormari\u0107 sa staklenim vratima ima u\u010dinak da prostorija izgleda ve\u0107a od ormari\u0107a sa zatvorenom prednjom stranom. Posebno su prikladni za prezentiranje ukrasnih dodataka kao \u0161to su bo\u010dice parfema dok ih \u0161tite od pra\u0161ine.","robots":{"index":"index","follow":"follow","max-snippet":"max-snippet:-1","max-image-preview":"max-image-preview:large","max-video-preview":"max-video-preview:-1"},"canonical":"https:\/\/inti.hr\/sr\/proizvod\/kupaonski-stupni-ormaric\/","og_locale":"sr_RS","og_type":"article","og_title":"Kupaonski stupni ormari\u0107 - Inti","og_description":"Dva otvorena odjeljka i dvoja vrata nude obilje prakti\u010dnog prostora za pohranu. Veliki kupaonski visoki ormari\u0107 nudi prostor za ru\u010dnike, proizvode za njegu i druge kupaonske potrep\u0161tine.Iza 2 vrata nalaze se dvije police podesive u 3 visine.Na\u0161 proizvod je opremljen 1 ure\u0111ajem protiv prevrtanja za pri\u010dvr\u0161\u0107ivanje ormari\u0107a na zid.Kupaonski ormari\u0107 sa staklenim vratima ima u\u010dinak da prostorija izgleda ve\u0107a od ormari\u0107a sa zatvorenom prednjom stranom. Posebno su prikladni za prezentiranje ukrasnih dodataka kao \u0161to su bo\u010dice parfema dok ih \u0161tite od pra\u0161ine.","og_url":"https:\/\/inti.hr\/sr\/proizvod\/kupaonski-stupni-ormaric\/","og_site_name":"Inti","og_image":[{"width":1600,"height":1600,"url":"https:\/\/i0.wp.com\/inti.hr\/wp-content\/uploads\/2023\/08\/BZR118-W-S004_1800x1800.webp?fit=1600%2C1600&ssl=1","type":"image\/webp"}],"twitter_card":"summary_large_image","schema":{"@context":"https:\/\/schema.org","@graph":[{"@type":"WebPage","@id":"https:\/\/inti.hr\/sr\/proizvod\/kupaonski-stupni-ormaric\/","url":"https:\/\/inti.hr\/sr\/proizvod\/kupaonski-stupni-ormaric\/","name":"Kupaonski stupni ormari\u0107 - Inti","isPartOf":{"@id":"https:\/\/inti.hr\/sr\/#website"},"primaryImageOfPage":{"@id":"https:\/\/inti.hr\/sr\/proizvod\/kupaonski-stupni-ormaric\/#primaryimage"},"image":{"@id":"https:\/\/inti.hr\/sr\/proizvod\/kupaonski-stupni-ormaric\/#primaryimage"},"thumbnailUrl":"https:\/\/i0.wp.com\/inti.hr\/wp-content\/uploads\/2023\/08\/BZR118-W-S004_1800x1800.webp?fit=1600%2C1600&ssl=1","datePublished":"2023-08-25T07:40:32+00:00","dateModified":"2023-08-25T07:40:32+00:00","description":"Dva otvorena odjeljka i dvoja vrata nude obilje prakti\u010dnog prostora za pohranu. Veliki kupaonski visoki ormari\u0107 nudi prostor za ru\u010dnike, proizvode za njegu i druge kupaonske potrep\u0161tine.Iza 2 vrata nalaze se dvije police podesive u 3 visine.Na\u0161 proizvod je opremljen 1 ure\u0111ajem protiv prevrtanja za pri\u010dvr\u0161\u0107ivanje ormari\u0107a na zid.Kupaonski ormari\u0107 sa staklenim vratima ima u\u010dinak da prostorija izgleda ve\u0107a od ormari\u0107a sa zatvorenom prednjom stranom. Posebno su prikladni za prezentiranje ukrasnih dodataka kao \u0161to su bo\u010dice parfema dok ih \u0161tite od pra\u0161ine.","breadcrumb":{"@id":"https:\/\/inti.hr\/sr\/proizvod\/kupaonski-stupni-ormaric\/#breadcrumb"},"inLanguage":"sr-RS","potentialAction":[{"@type":"ReadAction","target":["https:\/\/inti.hr\/sr\/proizvod\/kupaonski-stupni-ormaric\/"]}]},{"@type":"ImageObject","inLanguage":"sr-RS","@id":"https:\/\/inti.hr\/sr\/proizvod\/kupaonski-stupni-ormaric\/#primaryimage","url":"https:\/\/i0.wp.com\/inti.hr\/wp-content\/uploads\/2023\/08\/BZR118-W-S004_1800x1800.webp?fit=1600%2C1600&ssl=1","contentUrl":"https:\/\/i0.wp.com\/inti.hr\/wp-content\/uploads\/2023\/08\/BZR118-W-S004_1800x1800.webp?fit=1600%2C1600&ssl=1","width":1600,"height":1600},{"@type":"BreadcrumbList","@id":"https:\/\/inti.hr\/sr\/proizvod\/kupaonski-stupni-ormaric\/#breadcrumb","itemListElement":[{"@type":"ListItem","position":1,"name":"Po\u010detna stranica","item":"https:\/\/inti.hr\/sr\/"},{"@type":"ListItem","position":2,"name":"Prodavnica","item":"https:\/\/inti.hr\/sr\/prodavnica\/"},{"@type":"ListItem","position":3,"name":"Kupaonski stupni ormari\u0107"}]},{"@type":"WebSite","@id":"https:\/\/inti.hr\/sr\/#website","url":"https:\/\/inti.hr\/sr\/","name":"Inti","description":"trgovina","potentialAction":[{"@type":"SearchAction","target":{"@type":"EntryPoint","urlTemplate":"https:\/\/inti.hr\/sr\/?s={search_term_string}"},"query-input":{"@type":"PropertyValueSpecification","valueRequired":true,"valueName":"search_term_string"}}],"inLanguage":"sr-RS"}]}},"jetpack_sharing_enabled":true,"jetpack-related-posts":[],"_links":{"self":[{"href":"https:\/\/inti.hr\/sr\/wp-json\/wp\/v2\/product\/33267"}],"collection":[{"href":"https:\/\/inti.hr\/sr\/wp-json\/wp\/v2\/product"}],"about":[{"href":"https:\/\/inti.hr\/sr\/wp-json\/wp\/v2\/types\/product"}],"wp:featuredmedia":[{"embeddable":true,"href":"https:\/\/inti.hr\/sr\/wp-json\/wp\/v2\/media\/33268"}],"wp:attachment":[{"href":"https:\/\/inti.hr\/sr\/wp-json\/wp\/v2\/media?parent=33267"}],"wp:term":[{"taxonomy":"product_cat","embeddable":true,"href":"https:\/\/inti.hr\/sr\/wp-json\/wp\/v2\/product_cat?post=33267"},{"taxonomy":"product_tag","embeddable":true,"href":"https:\/\/inti.hr\/sr\/wp-json\/wp\/v2\/product_tag?post=33267"}],"curies":[{"name":"wp","href":"https:\/\/api.w.org\/{rel}","templated":true}]}}