{"id":33297,"date":"2023-08-22T17:04:39","date_gmt":"2023-08-22T17:04:39","guid":{"rendered":"https:\/\/inti.hr\/product\/bocna-tenda-mulhacen-160-x-300-cm\/"},"modified":"2023-08-22T17:04:39","modified_gmt":"2023-08-22T17:04:39","slug":"bocna-tenda-mulhacen-160-x-300-cm","status":"publish","type":"product","link":"https:\/\/inti.hr\/sr\/proizvod\/bocna-tenda-mulhacen-160-x-300-cm\/","title":{"rendered":"Bo\u010dna tenda Mulhac\u00e9n 160 x 300 cm"},"content":{"rendered":"<p>Detalji proizvoda:<\/p>\n<p>&#8211; jednostavna monta\u017ea i rukovanje<br \/>\n&#8211; zidna kaseta se mo\u017ee ukloniti u bilo kojem trenutku<br \/>\n&#8211; izdr\u017eljiva, vodoodbojna tekstilna tkanina<br \/>\n&#8211; elegantan i nenametljiv dizajn<br \/>\n&#8211; mo\u017ee se brzo uvu\u0107i ili izvaditi &#8211; materijal<br \/>\notporan na UV zra\u010denje i vremenske uvjete : &#8211; Okvir: \u010delik, premazan prahom<\/p>\n<p>&nbsp;<\/p>\n<p>&#8211; Tenda: 100% poliester<\/p>\n<p>Boja:<br \/>\n&#8211; Ku\u0107i\u0161te: antracit (plastirano)<br \/>\n&#8211; Tekstil: siva<\/p>\n<p>Dimenzije paravana:<br \/>\n&#8211; Du\u017eina: 300cm<br \/>\n&#8211; Visina: 160cm<\/p>\n","protected":false},"excerpt":{"rendered":"<p><span>Na\u0161a bo\u010dna tenda nudi savr\u0161enu za\u0161titu od znati\u017eeljnih pogleda prolaznika ili &#8230; <\/p>\n","protected":false},"featured_media":33298,"template":"","meta":[],"product_cat":[2461],"product_tag":[3628,3629],"yoast_head":"<!-- This site is optimized with the Yoast SEO plugin v23.7 - https:\/\/yoast.com\/wordpress\/plugins\/seo\/ -->\n<title>Bo\u010dna tenda Mulhac\u00e9n 160 x 300 cm - Inti<\/title>\n<meta name=\"description\" content=\"Na\u0161a bo\u010dna tenda nudi savr\u0161enu za\u0161titu od znati\u017eeljnih pogleda prolaznika ili susjeda i mo\u017ee se montirati gotovo bilo gdje zahvaljuju\u0107i isporu\u010denom nosa\u010du.Bo\u010dna tenda se u svakom trenutku mo\u017ee uvu\u0107i natrag u kasetu. Stoga je za\u0161ti\u0107en od vjetra i vremenskih prilika i, usput re\u010deno, savr\u0161eno pospremljen.\" \/>\n<meta name=\"robots\" content=\"index, follow, max-snippet:-1, max-image-preview:large, max-video-preview:-1\" \/>\n<link rel=\"canonical\" href=\"https:\/\/inti.hr\/sr\/proizvod\/bocna-tenda-mulhacen-160-x-300-cm\/\" \/>\n<meta property=\"og:locale\" content=\"sr_RS\" \/>\n<meta property=\"og:type\" content=\"article\" \/>\n<meta property=\"og:title\" content=\"Bo\u010dna tenda Mulhac\u00e9n 160 x 300 cm - Inti\" \/>\n<meta property=\"og:description\" content=\"Na\u0161a bo\u010dna tenda nudi savr\u0161enu za\u0161titu od znati\u017eeljnih pogleda prolaznika ili susjeda i mo\u017ee se montirati gotovo bilo gdje zahvaljuju\u0107i isporu\u010denom nosa\u010du.Bo\u010dna tenda se u svakom trenutku mo\u017ee uvu\u0107i natrag u kasetu. Stoga je za\u0161ti\u0107en od vjetra i vremenskih prilika i, usput re\u010deno, savr\u0161eno pospremljen.\" \/>\n<meta property=\"og:url\" content=\"https:\/\/inti.hr\/sr\/proizvod\/bocna-tenda-mulhacen-160-x-300-cm\/\" \/>\n<meta property=\"og:site_name\" content=\"Inti\" \/>\n<meta property=\"og:image\" content=\"https:\/\/i0.wp.com\/inti.hr\/wp-content\/uploads\/2023\/08\/dbdf500abbe054166424e8938f2aaa58.jpg?fit=1400%2C1400&ssl=1\" \/>\n\t<meta property=\"og:image:width\" content=\"1400\" \/>\n\t<meta property=\"og:image:height\" content=\"1400\" \/>\n\t<meta property=\"og:image:type\" content=\"image\/jpeg\" \/>\n<meta name=\"twitter:card\" content=\"summary_large_image\" \/>\n<script type=\"application\/ld+json\" class=\"yoast-schema-graph\">{\"@context\":\"https:\/\/schema.org\",\"@graph\":[{\"@type\":\"WebPage\",\"@id\":\"https:\/\/inti.hr\/sr\/proizvod\/bocna-tenda-mulhacen-160-x-300-cm\/\",\"url\":\"https:\/\/inti.hr\/sr\/proizvod\/bocna-tenda-mulhacen-160-x-300-cm\/\",\"name\":\"Bo\u010dna tenda Mulhac\u00e9n 160 x 300 cm - Inti\",\"isPartOf\":{\"@id\":\"https:\/\/inti.hr\/sr\/#website\"},\"primaryImageOfPage\":{\"@id\":\"https:\/\/inti.hr\/sr\/proizvod\/bocna-tenda-mulhacen-160-x-300-cm\/#primaryimage\"},\"image\":{\"@id\":\"https:\/\/inti.hr\/sr\/proizvod\/bocna-tenda-mulhacen-160-x-300-cm\/#primaryimage\"},\"thumbnailUrl\":\"https:\/\/i0.wp.com\/inti.hr\/wp-content\/uploads\/2023\/08\/dbdf500abbe054166424e8938f2aaa58.jpg?fit=1400%2C1400&ssl=1\",\"datePublished\":\"2023-08-22T17:04:39+00:00\",\"dateModified\":\"2023-08-22T17:04:39+00:00\",\"description\":\"Na\u0161a bo\u010dna tenda nudi savr\u0161enu za\u0161titu od znati\u017eeljnih pogleda prolaznika ili susjeda i mo\u017ee se montirati gotovo bilo gdje zahvaljuju\u0107i isporu\u010denom nosa\u010du.Bo\u010dna tenda se u svakom trenutku mo\u017ee uvu\u0107i natrag u kasetu. Stoga je za\u0161ti\u0107en od vjetra i vremenskih prilika i, usput re\u010deno, savr\u0161eno pospremljen.\",\"breadcrumb\":{\"@id\":\"https:\/\/inti.hr\/sr\/proizvod\/bocna-tenda-mulhacen-160-x-300-cm\/#breadcrumb\"},\"inLanguage\":\"sr-RS\",\"potentialAction\":[{\"@type\":\"ReadAction\",\"target\":[\"https:\/\/inti.hr\/sr\/proizvod\/bocna-tenda-mulhacen-160-x-300-cm\/\"]}]},{\"@type\":\"ImageObject\",\"inLanguage\":\"sr-RS\",\"@id\":\"https:\/\/inti.hr\/sr\/proizvod\/bocna-tenda-mulhacen-160-x-300-cm\/#primaryimage\",\"url\":\"https:\/\/i0.wp.com\/inti.hr\/wp-content\/uploads\/2023\/08\/dbdf500abbe054166424e8938f2aaa58.jpg?fit=1400%2C1400&ssl=1\",\"contentUrl\":\"https:\/\/i0.wp.com\/inti.hr\/wp-content\/uploads\/2023\/08\/dbdf500abbe054166424e8938f2aaa58.jpg?fit=1400%2C1400&ssl=1\",\"width\":1400,\"height\":1400},{\"@type\":\"BreadcrumbList\",\"@id\":\"https:\/\/inti.hr\/sr\/proizvod\/bocna-tenda-mulhacen-160-x-300-cm\/#breadcrumb\",\"itemListElement\":[{\"@type\":\"ListItem\",\"position\":1,\"name\":\"Po\u010detna stranica\",\"item\":\"https:\/\/inti.hr\/sr\/\"},{\"@type\":\"ListItem\",\"position\":2,\"name\":\"Prodavnica\",\"item\":\"https:\/\/inti.hr\/sr\/prodavnica\/\"},{\"@type\":\"ListItem\",\"position\":3,\"name\":\"Bo\u010dna tenda Mulhac\u00e9n 160 x 300 cm\"}]},{\"@type\":\"WebSite\",\"@id\":\"https:\/\/inti.hr\/sr\/#website\",\"url\":\"https:\/\/inti.hr\/sr\/\",\"name\":\"Inti\",\"description\":\"trgovina\",\"potentialAction\":[{\"@type\":\"SearchAction\",\"target\":{\"@type\":\"EntryPoint\",\"urlTemplate\":\"https:\/\/inti.hr\/sr\/?s={search_term_string}\"},\"query-input\":{\"@type\":\"PropertyValueSpecification\",\"valueRequired\":true,\"valueName\":\"search_term_string\"}}],\"inLanguage\":\"sr-RS\"}]}<\/script>\n<!-- \/ Yoast SEO plugin. -->","yoast_head_json":{"title":"Bo\u010dna tenda Mulhac\u00e9n 160 x 300 cm - Inti","description":"Na\u0161a bo\u010dna tenda nudi savr\u0161enu za\u0161titu od znati\u017eeljnih pogleda prolaznika ili susjeda i mo\u017ee se montirati gotovo bilo gdje zahvaljuju\u0107i isporu\u010denom nosa\u010du.Bo\u010dna tenda se u svakom trenutku mo\u017ee uvu\u0107i natrag u kasetu. Stoga je za\u0161ti\u0107en od vjetra i vremenskih prilika i, usput re\u010deno, savr\u0161eno pospremljen.","robots":{"index":"index","follow":"follow","max-snippet":"max-snippet:-1","max-image-preview":"max-image-preview:large","max-video-preview":"max-video-preview:-1"},"canonical":"https:\/\/inti.hr\/sr\/proizvod\/bocna-tenda-mulhacen-160-x-300-cm\/","og_locale":"sr_RS","og_type":"article","og_title":"Bo\u010dna tenda Mulhac\u00e9n 160 x 300 cm - Inti","og_description":"Na\u0161a bo\u010dna tenda nudi savr\u0161enu za\u0161titu od znati\u017eeljnih pogleda prolaznika ili susjeda i mo\u017ee se montirati gotovo bilo gdje zahvaljuju\u0107i isporu\u010denom nosa\u010du.Bo\u010dna tenda se u svakom trenutku mo\u017ee uvu\u0107i natrag u kasetu. Stoga je za\u0161ti\u0107en od vjetra i vremenskih prilika i, usput re\u010deno, savr\u0161eno pospremljen.","og_url":"https:\/\/inti.hr\/sr\/proizvod\/bocna-tenda-mulhacen-160-x-300-cm\/","og_site_name":"Inti","og_image":[{"width":1400,"height":1400,"url":"https:\/\/i0.wp.com\/inti.hr\/wp-content\/uploads\/2023\/08\/dbdf500abbe054166424e8938f2aaa58.jpg?fit=1400%2C1400&ssl=1","type":"image\/jpeg"}],"twitter_card":"summary_large_image","schema":{"@context":"https:\/\/schema.org","@graph":[{"@type":"WebPage","@id":"https:\/\/inti.hr\/sr\/proizvod\/bocna-tenda-mulhacen-160-x-300-cm\/","url":"https:\/\/inti.hr\/sr\/proizvod\/bocna-tenda-mulhacen-160-x-300-cm\/","name":"Bo\u010dna tenda Mulhac\u00e9n 160 x 300 cm - Inti","isPartOf":{"@id":"https:\/\/inti.hr\/sr\/#website"},"primaryImageOfPage":{"@id":"https:\/\/inti.hr\/sr\/proizvod\/bocna-tenda-mulhacen-160-x-300-cm\/#primaryimage"},"image":{"@id":"https:\/\/inti.hr\/sr\/proizvod\/bocna-tenda-mulhacen-160-x-300-cm\/#primaryimage"},"thumbnailUrl":"https:\/\/i0.wp.com\/inti.hr\/wp-content\/uploads\/2023\/08\/dbdf500abbe054166424e8938f2aaa58.jpg?fit=1400%2C1400&ssl=1","datePublished":"2023-08-22T17:04:39+00:00","dateModified":"2023-08-22T17:04:39+00:00","description":"Na\u0161a bo\u010dna tenda nudi savr\u0161enu za\u0161titu od znati\u017eeljnih pogleda prolaznika ili susjeda i mo\u017ee se montirati gotovo bilo gdje zahvaljuju\u0107i isporu\u010denom nosa\u010du.Bo\u010dna tenda se u svakom trenutku mo\u017ee uvu\u0107i natrag u kasetu. Stoga je za\u0161ti\u0107en od vjetra i vremenskih prilika i, usput re\u010deno, savr\u0161eno pospremljen.","breadcrumb":{"@id":"https:\/\/inti.hr\/sr\/proizvod\/bocna-tenda-mulhacen-160-x-300-cm\/#breadcrumb"},"inLanguage":"sr-RS","potentialAction":[{"@type":"ReadAction","target":["https:\/\/inti.hr\/sr\/proizvod\/bocna-tenda-mulhacen-160-x-300-cm\/"]}]},{"@type":"ImageObject","inLanguage":"sr-RS","@id":"https:\/\/inti.hr\/sr\/proizvod\/bocna-tenda-mulhacen-160-x-300-cm\/#primaryimage","url":"https:\/\/i0.wp.com\/inti.hr\/wp-content\/uploads\/2023\/08\/dbdf500abbe054166424e8938f2aaa58.jpg?fit=1400%2C1400&ssl=1","contentUrl":"https:\/\/i0.wp.com\/inti.hr\/wp-content\/uploads\/2023\/08\/dbdf500abbe054166424e8938f2aaa58.jpg?fit=1400%2C1400&ssl=1","width":1400,"height":1400},{"@type":"BreadcrumbList","@id":"https:\/\/inti.hr\/sr\/proizvod\/bocna-tenda-mulhacen-160-x-300-cm\/#breadcrumb","itemListElement":[{"@type":"ListItem","position":1,"name":"Po\u010detna stranica","item":"https:\/\/inti.hr\/sr\/"},{"@type":"ListItem","position":2,"name":"Prodavnica","item":"https:\/\/inti.hr\/sr\/prodavnica\/"},{"@type":"ListItem","position":3,"name":"Bo\u010dna tenda Mulhac\u00e9n 160 x 300 cm"}]},{"@type":"WebSite","@id":"https:\/\/inti.hr\/sr\/#website","url":"https:\/\/inti.hr\/sr\/","name":"Inti","description":"trgovina","potentialAction":[{"@type":"SearchAction","target":{"@type":"EntryPoint","urlTemplate":"https:\/\/inti.hr\/sr\/?s={search_term_string}"},"query-input":{"@type":"PropertyValueSpecification","valueRequired":true,"valueName":"search_term_string"}}],"inLanguage":"sr-RS"}]}},"jetpack_sharing_enabled":true,"jetpack-related-posts":[],"_links":{"self":[{"href":"https:\/\/inti.hr\/sr\/wp-json\/wp\/v2\/product\/33297"}],"collection":[{"href":"https:\/\/inti.hr\/sr\/wp-json\/wp\/v2\/product"}],"about":[{"href":"https:\/\/inti.hr\/sr\/wp-json\/wp\/v2\/types\/product"}],"wp:featuredmedia":[{"embeddable":true,"href":"https:\/\/inti.hr\/sr\/wp-json\/wp\/v2\/media\/33298"}],"wp:attachment":[{"href":"https:\/\/inti.hr\/sr\/wp-json\/wp\/v2\/media?parent=33297"}],"wp:term":[{"taxonomy":"product_cat","embeddable":true,"href":"https:\/\/inti.hr\/sr\/wp-json\/wp\/v2\/product_cat?post=33297"},{"taxonomy":"product_tag","embeddable":true,"href":"https:\/\/inti.hr\/sr\/wp-json\/wp\/v2\/product_tag?post=33297"}],"curies":[{"name":"wp","href":"https:\/\/api.w.org\/{rel}","templated":true}]}}