{"id":33327,"date":"2023-08-09T16:39:03","date_gmt":"2023-08-09T16:39:03","guid":{"rendered":"https:\/\/inti.hr\/product\/komoda-s-3-vrata-120x40x85cm\/"},"modified":"2023-08-09T16:39:03","modified_gmt":"2023-08-09T16:39:03","slug":"komoda-s-3-vrata-120x40x85cm","status":"publish","type":"product","link":"https:\/\/inti.hr\/sr\/proizvod\/komoda-s-3-vrata-120x40x85cm\/","title":{"rendered":"Komoda s 3 vrata 120x40x85cm"},"content":{"rendered":"<p>Detalji proizvoda:<\/p>\n<p>Te\u017eina: 45,70 kg<br \/>\nTestirano za: 70 kg<br \/>\nMaterijal: Vlaknasta plo\u010da, Gumeno drvo;<br \/>\nMjere proizvoda: 120x40x85 cm (vidi sliku)<br \/>\nMjere paketa A: 129x45x15 cm<br \/>\nMjere paketa B: 127x46x12 cm<br \/>\nDostava: 2 paketa.<br \/>\nS uputama za sastavljanje i vijcima. Jednostavna instalacija.<\/p>\n","protected":false},"excerpt":{"rendered":"<p>\u017delite li malo vi\u0161e prostora i slobode? Onda ste naravno u &#8230; <\/p>\n","protected":false},"featured_media":33328,"template":"","meta":[],"product_cat":[2421],"product_tag":[2448,3639],"yoast_head":"<!-- This site is optimized with the Yoast SEO plugin v23.7 - https:\/\/yoast.com\/wordpress\/plugins\/seo\/ -->\n<title>Komoda s 3 vrata 120x40x85cm - Inti<\/title>\n<meta name=\"description\" content=\"\u017delite li malo vi\u0161e prostora i slobode? Onda ste naravno u potrazi za pravim kuhinjskim elementom!Postoje 3 pretinca iza 2 be\u017e vrata, tako da mo\u017eete pohraniti predmete razli\u010ditih veli\u010dina.Zahvaljuju\u0107i visokokvalitetnoj izradi, komoda je posebno izdr\u017eljiva i uspje\u0161no podnosi svakodnevno habanje, \u0161to zna\u010di da i nakon dugo vremena i dalje fino kroji.Nje\u017ena be\u017e boja i uzorak gumenog drveta daju ovom komadu namje\u0161taja posebnu eleganciju.\" \/>\n<meta name=\"robots\" content=\"index, follow, max-snippet:-1, max-image-preview:large, max-video-preview:-1\" \/>\n<link rel=\"canonical\" href=\"https:\/\/inti.hr\/sr\/proizvod\/komoda-s-3-vrata-120x40x85cm\/\" \/>\n<meta property=\"og:locale\" content=\"sr_RS\" \/>\n<meta property=\"og:type\" content=\"article\" \/>\n<meta property=\"og:title\" content=\"Komoda s 3 vrata 120x40x85cm - Inti\" \/>\n<meta property=\"og:description\" content=\"\u017delite li malo vi\u0161e prostora i slobode? Onda ste naravno u potrazi za pravim kuhinjskim elementom!Postoje 3 pretinca iza 2 be\u017e vrata, tako da mo\u017eete pohraniti predmete razli\u010ditih veli\u010dina.Zahvaljuju\u0107i visokokvalitetnoj izradi, komoda je posebno izdr\u017eljiva i uspje\u0161no podnosi svakodnevno habanje, \u0161to zna\u010di da i nakon dugo vremena i dalje fino kroji.Nje\u017ena be\u017e boja i uzorak gumenog drveta daju ovom komadu namje\u0161taja posebnu eleganciju.\" \/>\n<meta property=\"og:url\" content=\"https:\/\/inti.hr\/sr\/proizvod\/komoda-s-3-vrata-120x40x85cm\/\" \/>\n<meta property=\"og:site_name\" content=\"Inti\" \/>\n<meta property=\"og:image\" content=\"https:\/\/i0.wp.com\/inti.hr\/wp-content\/uploads\/2023\/08\/FSB80-MI-Y004_1800x1800.webp?fit=1600%2C1600&ssl=1\" \/>\n\t<meta property=\"og:image:width\" content=\"1600\" \/>\n\t<meta property=\"og:image:height\" content=\"1600\" \/>\n\t<meta property=\"og:image:type\" content=\"image\/webp\" \/>\n<meta name=\"twitter:card\" content=\"summary_large_image\" \/>\n<script type=\"application\/ld+json\" class=\"yoast-schema-graph\">{\"@context\":\"https:\/\/schema.org\",\"@graph\":[{\"@type\":\"WebPage\",\"@id\":\"https:\/\/inti.hr\/sr\/proizvod\/komoda-s-3-vrata-120x40x85cm\/\",\"url\":\"https:\/\/inti.hr\/sr\/proizvod\/komoda-s-3-vrata-120x40x85cm\/\",\"name\":\"Komoda s 3 vrata 120x40x85cm - Inti\",\"isPartOf\":{\"@id\":\"https:\/\/inti.hr\/sr\/#website\"},\"primaryImageOfPage\":{\"@id\":\"https:\/\/inti.hr\/sr\/proizvod\/komoda-s-3-vrata-120x40x85cm\/#primaryimage\"},\"image\":{\"@id\":\"https:\/\/inti.hr\/sr\/proizvod\/komoda-s-3-vrata-120x40x85cm\/#primaryimage\"},\"thumbnailUrl\":\"https:\/\/i0.wp.com\/inti.hr\/wp-content\/uploads\/2023\/08\/FSB80-MI-Y004_1800x1800.webp?fit=1600%2C1600&ssl=1\",\"datePublished\":\"2023-08-09T16:39:03+00:00\",\"dateModified\":\"2023-08-09T16:39:03+00:00\",\"description\":\"\u017delite li malo vi\u0161e prostora i slobode? Onda ste naravno u potrazi za pravim kuhinjskim elementom!Postoje 3 pretinca iza 2 be\u017e vrata, tako da mo\u017eete pohraniti predmete razli\u010ditih veli\u010dina.Zahvaljuju\u0107i visokokvalitetnoj izradi, komoda je posebno izdr\u017eljiva i uspje\u0161no podnosi svakodnevno habanje, \u0161to zna\u010di da i nakon dugo vremena i dalje fino kroji.Nje\u017ena be\u017e boja i uzorak gumenog drveta daju ovom komadu namje\u0161taja posebnu eleganciju.\",\"breadcrumb\":{\"@id\":\"https:\/\/inti.hr\/sr\/proizvod\/komoda-s-3-vrata-120x40x85cm\/#breadcrumb\"},\"inLanguage\":\"sr-RS\",\"potentialAction\":[{\"@type\":\"ReadAction\",\"target\":[\"https:\/\/inti.hr\/sr\/proizvod\/komoda-s-3-vrata-120x40x85cm\/\"]}]},{\"@type\":\"ImageObject\",\"inLanguage\":\"sr-RS\",\"@id\":\"https:\/\/inti.hr\/sr\/proizvod\/komoda-s-3-vrata-120x40x85cm\/#primaryimage\",\"url\":\"https:\/\/i0.wp.com\/inti.hr\/wp-content\/uploads\/2023\/08\/FSB80-MI-Y004_1800x1800.webp?fit=1600%2C1600&ssl=1\",\"contentUrl\":\"https:\/\/i0.wp.com\/inti.hr\/wp-content\/uploads\/2023\/08\/FSB80-MI-Y004_1800x1800.webp?fit=1600%2C1600&ssl=1\",\"width\":1600,\"height\":1600},{\"@type\":\"BreadcrumbList\",\"@id\":\"https:\/\/inti.hr\/sr\/proizvod\/komoda-s-3-vrata-120x40x85cm\/#breadcrumb\",\"itemListElement\":[{\"@type\":\"ListItem\",\"position\":1,\"name\":\"Po\u010detna stranica\",\"item\":\"https:\/\/inti.hr\/sr\/\"},{\"@type\":\"ListItem\",\"position\":2,\"name\":\"Prodavnica\",\"item\":\"https:\/\/inti.hr\/sr\/prodavnica\/\"},{\"@type\":\"ListItem\",\"position\":3,\"name\":\"Komoda s 3 vrata 120x40x85cm\"}]},{\"@type\":\"WebSite\",\"@id\":\"https:\/\/inti.hr\/sr\/#website\",\"url\":\"https:\/\/inti.hr\/sr\/\",\"name\":\"Inti\",\"description\":\"trgovina\",\"potentialAction\":[{\"@type\":\"SearchAction\",\"target\":{\"@type\":\"EntryPoint\",\"urlTemplate\":\"https:\/\/inti.hr\/sr\/?s={search_term_string}\"},\"query-input\":{\"@type\":\"PropertyValueSpecification\",\"valueRequired\":true,\"valueName\":\"search_term_string\"}}],\"inLanguage\":\"sr-RS\"}]}<\/script>\n<!-- \/ Yoast SEO plugin. -->","yoast_head_json":{"title":"Komoda s 3 vrata 120x40x85cm - Inti","description":"\u017delite li malo vi\u0161e prostora i slobode? Onda ste naravno u potrazi za pravim kuhinjskim elementom!Postoje 3 pretinca iza 2 be\u017e vrata, tako da mo\u017eete pohraniti predmete razli\u010ditih veli\u010dina.Zahvaljuju\u0107i visokokvalitetnoj izradi, komoda je posebno izdr\u017eljiva i uspje\u0161no podnosi svakodnevno habanje, \u0161to zna\u010di da i nakon dugo vremena i dalje fino kroji.Nje\u017ena be\u017e boja i uzorak gumenog drveta daju ovom komadu namje\u0161taja posebnu eleganciju.","robots":{"index":"index","follow":"follow","max-snippet":"max-snippet:-1","max-image-preview":"max-image-preview:large","max-video-preview":"max-video-preview:-1"},"canonical":"https:\/\/inti.hr\/sr\/proizvod\/komoda-s-3-vrata-120x40x85cm\/","og_locale":"sr_RS","og_type":"article","og_title":"Komoda s 3 vrata 120x40x85cm - Inti","og_description":"\u017delite li malo vi\u0161e prostora i slobode? Onda ste naravno u potrazi za pravim kuhinjskim elementom!Postoje 3 pretinca iza 2 be\u017e vrata, tako da mo\u017eete pohraniti predmete razli\u010ditih veli\u010dina.Zahvaljuju\u0107i visokokvalitetnoj izradi, komoda je posebno izdr\u017eljiva i uspje\u0161no podnosi svakodnevno habanje, \u0161to zna\u010di da i nakon dugo vremena i dalje fino kroji.Nje\u017ena be\u017e boja i uzorak gumenog drveta daju ovom komadu namje\u0161taja posebnu eleganciju.","og_url":"https:\/\/inti.hr\/sr\/proizvod\/komoda-s-3-vrata-120x40x85cm\/","og_site_name":"Inti","og_image":[{"width":1600,"height":1600,"url":"https:\/\/i0.wp.com\/inti.hr\/wp-content\/uploads\/2023\/08\/FSB80-MI-Y004_1800x1800.webp?fit=1600%2C1600&ssl=1","type":"image\/webp"}],"twitter_card":"summary_large_image","schema":{"@context":"https:\/\/schema.org","@graph":[{"@type":"WebPage","@id":"https:\/\/inti.hr\/sr\/proizvod\/komoda-s-3-vrata-120x40x85cm\/","url":"https:\/\/inti.hr\/sr\/proizvod\/komoda-s-3-vrata-120x40x85cm\/","name":"Komoda s 3 vrata 120x40x85cm - Inti","isPartOf":{"@id":"https:\/\/inti.hr\/sr\/#website"},"primaryImageOfPage":{"@id":"https:\/\/inti.hr\/sr\/proizvod\/komoda-s-3-vrata-120x40x85cm\/#primaryimage"},"image":{"@id":"https:\/\/inti.hr\/sr\/proizvod\/komoda-s-3-vrata-120x40x85cm\/#primaryimage"},"thumbnailUrl":"https:\/\/i0.wp.com\/inti.hr\/wp-content\/uploads\/2023\/08\/FSB80-MI-Y004_1800x1800.webp?fit=1600%2C1600&ssl=1","datePublished":"2023-08-09T16:39:03+00:00","dateModified":"2023-08-09T16:39:03+00:00","description":"\u017delite li malo vi\u0161e prostora i slobode? Onda ste naravno u potrazi za pravim kuhinjskim elementom!Postoje 3 pretinca iza 2 be\u017e vrata, tako da mo\u017eete pohraniti predmete razli\u010ditih veli\u010dina.Zahvaljuju\u0107i visokokvalitetnoj izradi, komoda je posebno izdr\u017eljiva i uspje\u0161no podnosi svakodnevno habanje, \u0161to zna\u010di da i nakon dugo vremena i dalje fino kroji.Nje\u017ena be\u017e boja i uzorak gumenog drveta daju ovom komadu namje\u0161taja posebnu eleganciju.","breadcrumb":{"@id":"https:\/\/inti.hr\/sr\/proizvod\/komoda-s-3-vrata-120x40x85cm\/#breadcrumb"},"inLanguage":"sr-RS","potentialAction":[{"@type":"ReadAction","target":["https:\/\/inti.hr\/sr\/proizvod\/komoda-s-3-vrata-120x40x85cm\/"]}]},{"@type":"ImageObject","inLanguage":"sr-RS","@id":"https:\/\/inti.hr\/sr\/proizvod\/komoda-s-3-vrata-120x40x85cm\/#primaryimage","url":"https:\/\/i0.wp.com\/inti.hr\/wp-content\/uploads\/2023\/08\/FSB80-MI-Y004_1800x1800.webp?fit=1600%2C1600&ssl=1","contentUrl":"https:\/\/i0.wp.com\/inti.hr\/wp-content\/uploads\/2023\/08\/FSB80-MI-Y004_1800x1800.webp?fit=1600%2C1600&ssl=1","width":1600,"height":1600},{"@type":"BreadcrumbList","@id":"https:\/\/inti.hr\/sr\/proizvod\/komoda-s-3-vrata-120x40x85cm\/#breadcrumb","itemListElement":[{"@type":"ListItem","position":1,"name":"Po\u010detna stranica","item":"https:\/\/inti.hr\/sr\/"},{"@type":"ListItem","position":2,"name":"Prodavnica","item":"https:\/\/inti.hr\/sr\/prodavnica\/"},{"@type":"ListItem","position":3,"name":"Komoda s 3 vrata 120x40x85cm"}]},{"@type":"WebSite","@id":"https:\/\/inti.hr\/sr\/#website","url":"https:\/\/inti.hr\/sr\/","name":"Inti","description":"trgovina","potentialAction":[{"@type":"SearchAction","target":{"@type":"EntryPoint","urlTemplate":"https:\/\/inti.hr\/sr\/?s={search_term_string}"},"query-input":{"@type":"PropertyValueSpecification","valueRequired":true,"valueName":"search_term_string"}}],"inLanguage":"sr-RS"}]}},"jetpack_sharing_enabled":true,"jetpack-related-posts":[],"_links":{"self":[{"href":"https:\/\/inti.hr\/sr\/wp-json\/wp\/v2\/product\/33327"}],"collection":[{"href":"https:\/\/inti.hr\/sr\/wp-json\/wp\/v2\/product"}],"about":[{"href":"https:\/\/inti.hr\/sr\/wp-json\/wp\/v2\/types\/product"}],"wp:featuredmedia":[{"embeddable":true,"href":"https:\/\/inti.hr\/sr\/wp-json\/wp\/v2\/media\/33328"}],"wp:attachment":[{"href":"https:\/\/inti.hr\/sr\/wp-json\/wp\/v2\/media?parent=33327"}],"wp:term":[{"taxonomy":"product_cat","embeddable":true,"href":"https:\/\/inti.hr\/sr\/wp-json\/wp\/v2\/product_cat?post=33327"},{"taxonomy":"product_tag","embeddable":true,"href":"https:\/\/inti.hr\/sr\/wp-json\/wp\/v2\/product_tag?post=33327"}],"curies":[{"name":"wp","href":"https:\/\/api.w.org\/{rel}","templated":true}]}}