{"id":33343,"date":"2023-07-19T15:45:30","date_gmt":"2023-07-19T15:45:30","guid":{"rendered":"https:\/\/inti.hr\/product\/samostojece-ogledalo-martano-160-x-425-cm\/"},"modified":"2023-07-19T15:45:30","modified_gmt":"2023-07-19T15:45:30","slug":"samostojece-ogledalo-martano-160-x-425-cm","status":"publish","type":"product","link":"https:\/\/inti.hr\/sr\/proizvod\/samostojece-ogledalo-martano-160-x-425-cm\/","title":{"rendered":"Samostoje\u0107e ogledalo Martano 160 x 42,5 cm"},"content":{"rendered":"<p>Detalji proizvoda:<\/p>\n<p>&nbsp;<\/p>\n<p>Idealan dodatak za kupaonicu, hodnik, dnevnu sobu ili spava\u0107u sobu<br \/>\n&#8211; Mo\u017ee se brzo i slobodno postaviti u bilo koju prostoriju<br \/>\n&#8211; Mo\u017ee se sklopiti radi u\u0161tede prostora kada se ne koristi<br \/>\n&#8211; Stabilno postolje zahvaljuju\u0107i nagibnom postolju<br \/>\n&#8211; Bezvremenski i elegantan dizajn<\/p>\n<p><b>Materijal okvira:<\/b><\/p>\n<p>metal<\/p>\n<p><b>Dimenzije:<\/b><\/p>\n<p>&#8211; Ukupno (Vx\u0160xD): 160 x 42,5 x 48,5 cm<br \/>\n&#8211; Sklopljeno (Vx\u0160xD): 160 x 42,5 x 4,5 cm<br \/>\n&#8211; Zrcalna povr\u0161ina (Vx\u0160): 150 x 37,5 cm<\/p>\n<p><b>Boja okvira:<\/b><\/p>\n<p>Crno<\/p>\n","protected":false},"excerpt":{"rendered":"<p>Dekorativno i elegantno, ogledalo pune du\u017eine idealno je za va\u0161 hodnik, &#8230; <\/p>\n","protected":false},"featured_media":33344,"template":"","meta":[],"product_cat":[2396,2416],"product_tag":[2398,3643],"yoast_head":"<!-- This site is optimized with the Yoast SEO plugin v23.7 - https:\/\/yoast.com\/wordpress\/plugins\/seo\/ -->\n<title>Samostoje\u0107e ogledalo Martano 160 x 42,5 cm - Inti<\/title>\n<meta name=\"description\" content=\"Dekorativno i elegantno, ogledalo pune du\u017eine idealno je za va\u0161 hodnik, spava\u0107u sobu, garderobu ili gdje god trebate ogledalo. Svojim bezvremenskim i elegantnim dizajnom prikladan je za svaki \u017eivotni prostor.Nagibni stalak osigurava stabilan stalak i omogu\u0107uje vam da zrcalo prilagodite svojim potrebama i prona\u0111ete savr\u0161eni kut gledanja. Mo\u017eete ga jednostavno nagnuti naprijed ili natrag kako biste optimalno postavili ogledalo.Svoj outfit mo\u017eete pogledati od glave do pete i pobrinuti se da uvijek budete savr\u0161eno odjeveni. Podno ogledalo tako\u0111er je idealno za nano\u0161enje \u0161minke ili za provjeru frizure. S ovim ogledalom uvijek imate potpuni pregled svog stajlinga.U sklopljenom stanju ogledalo se mo\u017ee postaviti i u male prostorije. Dodajte ovo moderno ogledalo svom dekoru i u\u017eivajte u prednostima koje nudi.\" \/>\n<meta name=\"robots\" content=\"index, follow, max-snippet:-1, max-image-preview:large, max-video-preview:-1\" \/>\n<link rel=\"canonical\" href=\"https:\/\/inti.hr\/sr\/proizvod\/samostojece-ogledalo-martano-160-x-425-cm\/\" \/>\n<meta property=\"og:locale\" content=\"sr_RS\" \/>\n<meta property=\"og:type\" content=\"article\" \/>\n<meta property=\"og:title\" content=\"Samostoje\u0107e ogledalo Martano 160 x 42,5 cm - Inti\" \/>\n<meta property=\"og:description\" content=\"Dekorativno i elegantno, ogledalo pune du\u017eine idealno je za va\u0161 hodnik, spava\u0107u sobu, garderobu ili gdje god trebate ogledalo. Svojim bezvremenskim i elegantnim dizajnom prikladan je za svaki \u017eivotni prostor.Nagibni stalak osigurava stabilan stalak i omogu\u0107uje vam da zrcalo prilagodite svojim potrebama i prona\u0111ete savr\u0161eni kut gledanja. Mo\u017eete ga jednostavno nagnuti naprijed ili natrag kako biste optimalno postavili ogledalo.Svoj outfit mo\u017eete pogledati od glave do pete i pobrinuti se da uvijek budete savr\u0161eno odjeveni. Podno ogledalo tako\u0111er je idealno za nano\u0161enje \u0161minke ili za provjeru frizure. S ovim ogledalom uvijek imate potpuni pregled svog stajlinga.U sklopljenom stanju ogledalo se mo\u017ee postaviti i u male prostorije. Dodajte ovo moderno ogledalo svom dekoru i u\u017eivajte u prednostima koje nudi.\" \/>\n<meta property=\"og:url\" content=\"https:\/\/inti.hr\/sr\/proizvod\/samostojece-ogledalo-martano-160-x-425-cm\/\" \/>\n<meta property=\"og:site_name\" content=\"Inti\" \/>\n<meta property=\"og:image\" content=\"https:\/\/i0.wp.com\/inti.hr\/wp-content\/uploads\/2023\/07\/4b2e835d59dbe7fe59408b2c0b71fe9c.jpg?fit=1400%2C1400&ssl=1\" \/>\n\t<meta property=\"og:image:width\" content=\"1400\" \/>\n\t<meta property=\"og:image:height\" content=\"1400\" \/>\n\t<meta property=\"og:image:type\" content=\"image\/jpeg\" \/>\n<meta name=\"twitter:card\" content=\"summary_large_image\" \/>\n<script type=\"application\/ld+json\" class=\"yoast-schema-graph\">{\"@context\":\"https:\/\/schema.org\",\"@graph\":[{\"@type\":\"WebPage\",\"@id\":\"https:\/\/inti.hr\/sr\/proizvod\/samostojece-ogledalo-martano-160-x-425-cm\/\",\"url\":\"https:\/\/inti.hr\/sr\/proizvod\/samostojece-ogledalo-martano-160-x-425-cm\/\",\"name\":\"Samostoje\u0107e ogledalo Martano 160 x 42,5 cm - Inti\",\"isPartOf\":{\"@id\":\"https:\/\/inti.hr\/sr\/#website\"},\"primaryImageOfPage\":{\"@id\":\"https:\/\/inti.hr\/sr\/proizvod\/samostojece-ogledalo-martano-160-x-425-cm\/#primaryimage\"},\"image\":{\"@id\":\"https:\/\/inti.hr\/sr\/proizvod\/samostojece-ogledalo-martano-160-x-425-cm\/#primaryimage\"},\"thumbnailUrl\":\"https:\/\/i0.wp.com\/inti.hr\/wp-content\/uploads\/2023\/07\/4b2e835d59dbe7fe59408b2c0b71fe9c.jpg?fit=1400%2C1400&ssl=1\",\"datePublished\":\"2023-07-19T15:45:30+00:00\",\"dateModified\":\"2023-07-19T15:45:30+00:00\",\"description\":\"Dekorativno i elegantno, ogledalo pune du\u017eine idealno je za va\u0161 hodnik, spava\u0107u sobu, garderobu ili gdje god trebate ogledalo. Svojim bezvremenskim i elegantnim dizajnom prikladan je za svaki \u017eivotni prostor.Nagibni stalak osigurava stabilan stalak i omogu\u0107uje vam da zrcalo prilagodite svojim potrebama i prona\u0111ete savr\u0161eni kut gledanja. Mo\u017eete ga jednostavno nagnuti naprijed ili natrag kako biste optimalno postavili ogledalo.Svoj outfit mo\u017eete pogledati od glave do pete i pobrinuti se da uvijek budete savr\u0161eno odjeveni. Podno ogledalo tako\u0111er je idealno za nano\u0161enje \u0161minke ili za provjeru frizure. S ovim ogledalom uvijek imate potpuni pregled svog stajlinga.U sklopljenom stanju ogledalo se mo\u017ee postaviti i u male prostorije. Dodajte ovo moderno ogledalo svom dekoru i u\u017eivajte u prednostima koje nudi.\",\"breadcrumb\":{\"@id\":\"https:\/\/inti.hr\/sr\/proizvod\/samostojece-ogledalo-martano-160-x-425-cm\/#breadcrumb\"},\"inLanguage\":\"sr-RS\",\"potentialAction\":[{\"@type\":\"ReadAction\",\"target\":[\"https:\/\/inti.hr\/sr\/proizvod\/samostojece-ogledalo-martano-160-x-425-cm\/\"]}]},{\"@type\":\"ImageObject\",\"inLanguage\":\"sr-RS\",\"@id\":\"https:\/\/inti.hr\/sr\/proizvod\/samostojece-ogledalo-martano-160-x-425-cm\/#primaryimage\",\"url\":\"https:\/\/i0.wp.com\/inti.hr\/wp-content\/uploads\/2023\/07\/4b2e835d59dbe7fe59408b2c0b71fe9c.jpg?fit=1400%2C1400&ssl=1\",\"contentUrl\":\"https:\/\/i0.wp.com\/inti.hr\/wp-content\/uploads\/2023\/07\/4b2e835d59dbe7fe59408b2c0b71fe9c.jpg?fit=1400%2C1400&ssl=1\",\"width\":1400,\"height\":1400},{\"@type\":\"BreadcrumbList\",\"@id\":\"https:\/\/inti.hr\/sr\/proizvod\/samostojece-ogledalo-martano-160-x-425-cm\/#breadcrumb\",\"itemListElement\":[{\"@type\":\"ListItem\",\"position\":1,\"name\":\"Po\u010detna stranica\",\"item\":\"https:\/\/inti.hr\/sr\/\"},{\"@type\":\"ListItem\",\"position\":2,\"name\":\"Prodavnica\",\"item\":\"https:\/\/inti.hr\/sr\/prodavnica\/\"},{\"@type\":\"ListItem\",\"position\":3,\"name\":\"Samostoje\u0107e ogledalo Martano 160 x 42,5 cm\"}]},{\"@type\":\"WebSite\",\"@id\":\"https:\/\/inti.hr\/sr\/#website\",\"url\":\"https:\/\/inti.hr\/sr\/\",\"name\":\"Inti\",\"description\":\"trgovina\",\"potentialAction\":[{\"@type\":\"SearchAction\",\"target\":{\"@type\":\"EntryPoint\",\"urlTemplate\":\"https:\/\/inti.hr\/sr\/?s={search_term_string}\"},\"query-input\":{\"@type\":\"PropertyValueSpecification\",\"valueRequired\":true,\"valueName\":\"search_term_string\"}}],\"inLanguage\":\"sr-RS\"}]}<\/script>\n<!-- \/ Yoast SEO plugin. -->","yoast_head_json":{"title":"Samostoje\u0107e ogledalo Martano 160 x 42,5 cm - Inti","description":"Dekorativno i elegantno, ogledalo pune du\u017eine idealno je za va\u0161 hodnik, spava\u0107u sobu, garderobu ili gdje god trebate ogledalo. Svojim bezvremenskim i elegantnim dizajnom prikladan je za svaki \u017eivotni prostor.Nagibni stalak osigurava stabilan stalak i omogu\u0107uje vam da zrcalo prilagodite svojim potrebama i prona\u0111ete savr\u0161eni kut gledanja. Mo\u017eete ga jednostavno nagnuti naprijed ili natrag kako biste optimalno postavili ogledalo.Svoj outfit mo\u017eete pogledati od glave do pete i pobrinuti se da uvijek budete savr\u0161eno odjeveni. Podno ogledalo tako\u0111er je idealno za nano\u0161enje \u0161minke ili za provjeru frizure. S ovim ogledalom uvijek imate potpuni pregled svog stajlinga.U sklopljenom stanju ogledalo se mo\u017ee postaviti i u male prostorije. Dodajte ovo moderno ogledalo svom dekoru i u\u017eivajte u prednostima koje nudi.","robots":{"index":"index","follow":"follow","max-snippet":"max-snippet:-1","max-image-preview":"max-image-preview:large","max-video-preview":"max-video-preview:-1"},"canonical":"https:\/\/inti.hr\/sr\/proizvod\/samostojece-ogledalo-martano-160-x-425-cm\/","og_locale":"sr_RS","og_type":"article","og_title":"Samostoje\u0107e ogledalo Martano 160 x 42,5 cm - Inti","og_description":"Dekorativno i elegantno, ogledalo pune du\u017eine idealno je za va\u0161 hodnik, spava\u0107u sobu, garderobu ili gdje god trebate ogledalo. Svojim bezvremenskim i elegantnim dizajnom prikladan je za svaki \u017eivotni prostor.Nagibni stalak osigurava stabilan stalak i omogu\u0107uje vam da zrcalo prilagodite svojim potrebama i prona\u0111ete savr\u0161eni kut gledanja. Mo\u017eete ga jednostavno nagnuti naprijed ili natrag kako biste optimalno postavili ogledalo.Svoj outfit mo\u017eete pogledati od glave do pete i pobrinuti se da uvijek budete savr\u0161eno odjeveni. Podno ogledalo tako\u0111er je idealno za nano\u0161enje \u0161minke ili za provjeru frizure. S ovim ogledalom uvijek imate potpuni pregled svog stajlinga.U sklopljenom stanju ogledalo se mo\u017ee postaviti i u male prostorije. Dodajte ovo moderno ogledalo svom dekoru i u\u017eivajte u prednostima koje nudi.","og_url":"https:\/\/inti.hr\/sr\/proizvod\/samostojece-ogledalo-martano-160-x-425-cm\/","og_site_name":"Inti","og_image":[{"width":1400,"height":1400,"url":"https:\/\/i0.wp.com\/inti.hr\/wp-content\/uploads\/2023\/07\/4b2e835d59dbe7fe59408b2c0b71fe9c.jpg?fit=1400%2C1400&ssl=1","type":"image\/jpeg"}],"twitter_card":"summary_large_image","schema":{"@context":"https:\/\/schema.org","@graph":[{"@type":"WebPage","@id":"https:\/\/inti.hr\/sr\/proizvod\/samostojece-ogledalo-martano-160-x-425-cm\/","url":"https:\/\/inti.hr\/sr\/proizvod\/samostojece-ogledalo-martano-160-x-425-cm\/","name":"Samostoje\u0107e ogledalo Martano 160 x 42,5 cm - Inti","isPartOf":{"@id":"https:\/\/inti.hr\/sr\/#website"},"primaryImageOfPage":{"@id":"https:\/\/inti.hr\/sr\/proizvod\/samostojece-ogledalo-martano-160-x-425-cm\/#primaryimage"},"image":{"@id":"https:\/\/inti.hr\/sr\/proizvod\/samostojece-ogledalo-martano-160-x-425-cm\/#primaryimage"},"thumbnailUrl":"https:\/\/i0.wp.com\/inti.hr\/wp-content\/uploads\/2023\/07\/4b2e835d59dbe7fe59408b2c0b71fe9c.jpg?fit=1400%2C1400&ssl=1","datePublished":"2023-07-19T15:45:30+00:00","dateModified":"2023-07-19T15:45:30+00:00","description":"Dekorativno i elegantno, ogledalo pune du\u017eine idealno je za va\u0161 hodnik, spava\u0107u sobu, garderobu ili gdje god trebate ogledalo. Svojim bezvremenskim i elegantnim dizajnom prikladan je za svaki \u017eivotni prostor.Nagibni stalak osigurava stabilan stalak i omogu\u0107uje vam da zrcalo prilagodite svojim potrebama i prona\u0111ete savr\u0161eni kut gledanja. Mo\u017eete ga jednostavno nagnuti naprijed ili natrag kako biste optimalno postavili ogledalo.Svoj outfit mo\u017eete pogledati od glave do pete i pobrinuti se da uvijek budete savr\u0161eno odjeveni. Podno ogledalo tako\u0111er je idealno za nano\u0161enje \u0161minke ili za provjeru frizure. S ovim ogledalom uvijek imate potpuni pregled svog stajlinga.U sklopljenom stanju ogledalo se mo\u017ee postaviti i u male prostorije. Dodajte ovo moderno ogledalo svom dekoru i u\u017eivajte u prednostima koje nudi.","breadcrumb":{"@id":"https:\/\/inti.hr\/sr\/proizvod\/samostojece-ogledalo-martano-160-x-425-cm\/#breadcrumb"},"inLanguage":"sr-RS","potentialAction":[{"@type":"ReadAction","target":["https:\/\/inti.hr\/sr\/proizvod\/samostojece-ogledalo-martano-160-x-425-cm\/"]}]},{"@type":"ImageObject","inLanguage":"sr-RS","@id":"https:\/\/inti.hr\/sr\/proizvod\/samostojece-ogledalo-martano-160-x-425-cm\/#primaryimage","url":"https:\/\/i0.wp.com\/inti.hr\/wp-content\/uploads\/2023\/07\/4b2e835d59dbe7fe59408b2c0b71fe9c.jpg?fit=1400%2C1400&ssl=1","contentUrl":"https:\/\/i0.wp.com\/inti.hr\/wp-content\/uploads\/2023\/07\/4b2e835d59dbe7fe59408b2c0b71fe9c.jpg?fit=1400%2C1400&ssl=1","width":1400,"height":1400},{"@type":"BreadcrumbList","@id":"https:\/\/inti.hr\/sr\/proizvod\/samostojece-ogledalo-martano-160-x-425-cm\/#breadcrumb","itemListElement":[{"@type":"ListItem","position":1,"name":"Po\u010detna stranica","item":"https:\/\/inti.hr\/sr\/"},{"@type":"ListItem","position":2,"name":"Prodavnica","item":"https:\/\/inti.hr\/sr\/prodavnica\/"},{"@type":"ListItem","position":3,"name":"Samostoje\u0107e ogledalo Martano 160 x 42,5 cm"}]},{"@type":"WebSite","@id":"https:\/\/inti.hr\/sr\/#website","url":"https:\/\/inti.hr\/sr\/","name":"Inti","description":"trgovina","potentialAction":[{"@type":"SearchAction","target":{"@type":"EntryPoint","urlTemplate":"https:\/\/inti.hr\/sr\/?s={search_term_string}"},"query-input":{"@type":"PropertyValueSpecification","valueRequired":true,"valueName":"search_term_string"}}],"inLanguage":"sr-RS"}]}},"jetpack_sharing_enabled":true,"jetpack-related-posts":[],"_links":{"self":[{"href":"https:\/\/inti.hr\/sr\/wp-json\/wp\/v2\/product\/33343"}],"collection":[{"href":"https:\/\/inti.hr\/sr\/wp-json\/wp\/v2\/product"}],"about":[{"href":"https:\/\/inti.hr\/sr\/wp-json\/wp\/v2\/types\/product"}],"wp:featuredmedia":[{"embeddable":true,"href":"https:\/\/inti.hr\/sr\/wp-json\/wp\/v2\/media\/33344"}],"wp:attachment":[{"href":"https:\/\/inti.hr\/sr\/wp-json\/wp\/v2\/media?parent=33343"}],"wp:term":[{"taxonomy":"product_cat","embeddable":true,"href":"https:\/\/inti.hr\/sr\/wp-json\/wp\/v2\/product_cat?post=33343"},{"taxonomy":"product_tag","embeddable":true,"href":"https:\/\/inti.hr\/sr\/wp-json\/wp\/v2\/product_tag?post=33343"}],"curies":[{"name":"wp","href":"https:\/\/api.w.org\/{rel}","templated":true}]}}