{"id":33351,"date":"2023-07-18T08:58:06","date_gmt":"2023-07-18T08:58:06","guid":{"rendered":"https:\/\/inti.hr\/product\/sklopivi-stalak-za-susenje-rublja\/"},"modified":"2023-07-18T08:58:06","modified_gmt":"2023-07-18T08:58:06","slug":"sklopivi-stalak-za-susenje-rublja","status":"publish","type":"product","link":"https:\/\/inti.hr\/sr\/proizvod\/sklopivi-stalak-za-susenje-rublja\/","title":{"rendered":"Sklopivi stalak za su\u0161enje rublja"},"content":{"rendered":"<p>Detalji proizvoda:<\/p>\n<p>&#8211; Svestrani stalak za ru\u010dnike s 11 dr\u017ea\u010da na 6 razina<br \/>\n&#8211; Idealan za su\u0161enje ru\u010dnika, krpa i odje\u0107e<br \/>\n&#8211; Prikladan za kupaonice, balkone i praonice rublja<br \/>\n&#8211; Sklapa se radi u\u0161tede prostora kada se ne koristi<br \/>\n&#8211; Prirodni i ekolo\u0161ki prihvatljivi materijal<\/p>\n<p>Materijal:<\/p>\n<p>bambus<\/p>\n<p>Dimenzije:<\/p>\n<p>&#8211; Ukupno (Vx\u0160xD): 128 x 72 x 44 cm<br \/>\n&#8211; Sklopljeno (Vx\u0160xD): 50 x 72 x 10 cm<\/p>\n","protected":false},"excerpt":{"rendered":"<p>Toranjska su\u0161ilica za rublje svestrana je polica za su\u0161enje koja \u0161tedi &#8230; <\/p>\n","protected":false},"featured_media":33352,"template":"","meta":[],"product_cat":[2893,2396],"product_tag":[3645,3443],"yoast_head":"<!-- This site is optimized with the Yoast SEO plugin v23.7 - https:\/\/yoast.com\/wordpress\/plugins\/seo\/ -->\n<title>Sklopivi stalak za su\u0161enje rublja - Inti<\/title>\n<meta name=\"description\" content=\"Toranjska su\u0161ilica za rublje svestrana je polica za su\u0161enje koja \u0161tedi prostor i omogu\u0107uje u\u010dinkovito su\u0161enje ru\u010dnika, krpa i odje\u0107e. S ukupno jedanaest vodilica na \u0161est razina nudi dovoljno prostora za veliki broj odjevnih predmeta te osigurava brzo i temeljito su\u0161enje na zraku.Bilo u kupaonici, na balkonu ili u praonici rublja - ovu su\u0161ilicu rublja mo\u017eete koristiti bilo gdje. Izra\u0111en od bambusa otpornog na vlagu, posebno je pogodan za kori\u0161tenje u kupaonici i prkosi vlazi.Dizajn koji \u0161tedi prostor omogu\u0107uje vam jednostavno sklapanje i spremanje police za su\u0161enje kad nije u upotrebi. Ovo je osobito korisno u malim stanovima ili sobama s ograni\u010denim prostorom.\" \/>\n<meta name=\"robots\" content=\"index, follow, max-snippet:-1, max-image-preview:large, max-video-preview:-1\" \/>\n<link rel=\"canonical\" href=\"https:\/\/inti.hr\/sr\/proizvod\/sklopivi-stalak-za-susenje-rublja\/\" \/>\n<meta property=\"og:locale\" content=\"sr_RS\" \/>\n<meta property=\"og:type\" content=\"article\" \/>\n<meta property=\"og:title\" content=\"Sklopivi stalak za su\u0161enje rublja - Inti\" \/>\n<meta property=\"og:description\" content=\"Toranjska su\u0161ilica za rublje svestrana je polica za su\u0161enje koja \u0161tedi prostor i omogu\u0107uje u\u010dinkovito su\u0161enje ru\u010dnika, krpa i odje\u0107e. S ukupno jedanaest vodilica na \u0161est razina nudi dovoljno prostora za veliki broj odjevnih predmeta te osigurava brzo i temeljito su\u0161enje na zraku.Bilo u kupaonici, na balkonu ili u praonici rublja - ovu su\u0161ilicu rublja mo\u017eete koristiti bilo gdje. Izra\u0111en od bambusa otpornog na vlagu, posebno je pogodan za kori\u0161tenje u kupaonici i prkosi vlazi.Dizajn koji \u0161tedi prostor omogu\u0107uje vam jednostavno sklapanje i spremanje police za su\u0161enje kad nije u upotrebi. Ovo je osobito korisno u malim stanovima ili sobama s ograni\u010denim prostorom.\" \/>\n<meta property=\"og:url\" content=\"https:\/\/inti.hr\/sr\/proizvod\/sklopivi-stalak-za-susenje-rublja\/\" \/>\n<meta property=\"og:site_name\" content=\"Inti\" \/>\n<meta property=\"og:image\" content=\"https:\/\/i0.wp.com\/inti.hr\/wp-content\/uploads\/2023\/07\/1d695d18fafdca55bd9bb2ec265f0cb8.jpg?fit=1400%2C1400&ssl=1\" \/>\n\t<meta property=\"og:image:width\" content=\"1400\" \/>\n\t<meta property=\"og:image:height\" content=\"1400\" \/>\n\t<meta property=\"og:image:type\" content=\"image\/jpeg\" \/>\n<meta name=\"twitter:card\" content=\"summary_large_image\" \/>\n<script type=\"application\/ld+json\" class=\"yoast-schema-graph\">{\"@context\":\"https:\/\/schema.org\",\"@graph\":[{\"@type\":\"WebPage\",\"@id\":\"https:\/\/inti.hr\/sr\/proizvod\/sklopivi-stalak-za-susenje-rublja\/\",\"url\":\"https:\/\/inti.hr\/sr\/proizvod\/sklopivi-stalak-za-susenje-rublja\/\",\"name\":\"Sklopivi stalak za su\u0161enje rublja - Inti\",\"isPartOf\":{\"@id\":\"https:\/\/inti.hr\/sr\/#website\"},\"primaryImageOfPage\":{\"@id\":\"https:\/\/inti.hr\/sr\/proizvod\/sklopivi-stalak-za-susenje-rublja\/#primaryimage\"},\"image\":{\"@id\":\"https:\/\/inti.hr\/sr\/proizvod\/sklopivi-stalak-za-susenje-rublja\/#primaryimage\"},\"thumbnailUrl\":\"https:\/\/i0.wp.com\/inti.hr\/wp-content\/uploads\/2023\/07\/1d695d18fafdca55bd9bb2ec265f0cb8.jpg?fit=1400%2C1400&ssl=1\",\"datePublished\":\"2023-07-18T08:58:06+00:00\",\"dateModified\":\"2023-07-18T08:58:06+00:00\",\"description\":\"Toranjska su\u0161ilica za rublje svestrana je polica za su\u0161enje koja \u0161tedi prostor i omogu\u0107uje u\u010dinkovito su\u0161enje ru\u010dnika, krpa i odje\u0107e. S ukupno jedanaest vodilica na \u0161est razina nudi dovoljno prostora za veliki broj odjevnih predmeta te osigurava brzo i temeljito su\u0161enje na zraku.Bilo u kupaonici, na balkonu ili u praonici rublja - ovu su\u0161ilicu rublja mo\u017eete koristiti bilo gdje. Izra\u0111en od bambusa otpornog na vlagu, posebno je pogodan za kori\u0161tenje u kupaonici i prkosi vlazi.Dizajn koji \u0161tedi prostor omogu\u0107uje vam jednostavno sklapanje i spremanje police za su\u0161enje kad nije u upotrebi. Ovo je osobito korisno u malim stanovima ili sobama s ograni\u010denim prostorom.\",\"breadcrumb\":{\"@id\":\"https:\/\/inti.hr\/sr\/proizvod\/sklopivi-stalak-za-susenje-rublja\/#breadcrumb\"},\"inLanguage\":\"sr-RS\",\"potentialAction\":[{\"@type\":\"ReadAction\",\"target\":[\"https:\/\/inti.hr\/sr\/proizvod\/sklopivi-stalak-za-susenje-rublja\/\"]}]},{\"@type\":\"ImageObject\",\"inLanguage\":\"sr-RS\",\"@id\":\"https:\/\/inti.hr\/sr\/proizvod\/sklopivi-stalak-za-susenje-rublja\/#primaryimage\",\"url\":\"https:\/\/i0.wp.com\/inti.hr\/wp-content\/uploads\/2023\/07\/1d695d18fafdca55bd9bb2ec265f0cb8.jpg?fit=1400%2C1400&ssl=1\",\"contentUrl\":\"https:\/\/i0.wp.com\/inti.hr\/wp-content\/uploads\/2023\/07\/1d695d18fafdca55bd9bb2ec265f0cb8.jpg?fit=1400%2C1400&ssl=1\",\"width\":1400,\"height\":1400,\"caption\":\"Sklopivi stalak za su\u0161enje rublja\"},{\"@type\":\"BreadcrumbList\",\"@id\":\"https:\/\/inti.hr\/sr\/proizvod\/sklopivi-stalak-za-susenje-rublja\/#breadcrumb\",\"itemListElement\":[{\"@type\":\"ListItem\",\"position\":1,\"name\":\"Po\u010detna stranica\",\"item\":\"https:\/\/inti.hr\/sr\/\"},{\"@type\":\"ListItem\",\"position\":2,\"name\":\"Prodavnica\",\"item\":\"https:\/\/inti.hr\/sr\/prodavnica\/\"},{\"@type\":\"ListItem\",\"position\":3,\"name\":\"Sklopivi stalak za su\u0161enje rublja\"}]},{\"@type\":\"WebSite\",\"@id\":\"https:\/\/inti.hr\/sr\/#website\",\"url\":\"https:\/\/inti.hr\/sr\/\",\"name\":\"Inti\",\"description\":\"trgovina\",\"potentialAction\":[{\"@type\":\"SearchAction\",\"target\":{\"@type\":\"EntryPoint\",\"urlTemplate\":\"https:\/\/inti.hr\/sr\/?s={search_term_string}\"},\"query-input\":{\"@type\":\"PropertyValueSpecification\",\"valueRequired\":true,\"valueName\":\"search_term_string\"}}],\"inLanguage\":\"sr-RS\"}]}<\/script>\n<!-- \/ Yoast SEO plugin. -->","yoast_head_json":{"title":"Sklopivi stalak za su\u0161enje rublja - Inti","description":"Toranjska su\u0161ilica za rublje svestrana je polica za su\u0161enje koja \u0161tedi prostor i omogu\u0107uje u\u010dinkovito su\u0161enje ru\u010dnika, krpa i odje\u0107e. S ukupno jedanaest vodilica na \u0161est razina nudi dovoljno prostora za veliki broj odjevnih predmeta te osigurava brzo i temeljito su\u0161enje na zraku.Bilo u kupaonici, na balkonu ili u praonici rublja - ovu su\u0161ilicu rublja mo\u017eete koristiti bilo gdje. Izra\u0111en od bambusa otpornog na vlagu, posebno je pogodan za kori\u0161tenje u kupaonici i prkosi vlazi.Dizajn koji \u0161tedi prostor omogu\u0107uje vam jednostavno sklapanje i spremanje police za su\u0161enje kad nije u upotrebi. Ovo je osobito korisno u malim stanovima ili sobama s ograni\u010denim prostorom.","robots":{"index":"index","follow":"follow","max-snippet":"max-snippet:-1","max-image-preview":"max-image-preview:large","max-video-preview":"max-video-preview:-1"},"canonical":"https:\/\/inti.hr\/sr\/proizvod\/sklopivi-stalak-za-susenje-rublja\/","og_locale":"sr_RS","og_type":"article","og_title":"Sklopivi stalak za su\u0161enje rublja - Inti","og_description":"Toranjska su\u0161ilica za rublje svestrana je polica za su\u0161enje koja \u0161tedi prostor i omogu\u0107uje u\u010dinkovito su\u0161enje ru\u010dnika, krpa i odje\u0107e. S ukupno jedanaest vodilica na \u0161est razina nudi dovoljno prostora za veliki broj odjevnih predmeta te osigurava brzo i temeljito su\u0161enje na zraku.Bilo u kupaonici, na balkonu ili u praonici rublja - ovu su\u0161ilicu rublja mo\u017eete koristiti bilo gdje. Izra\u0111en od bambusa otpornog na vlagu, posebno je pogodan za kori\u0161tenje u kupaonici i prkosi vlazi.Dizajn koji \u0161tedi prostor omogu\u0107uje vam jednostavno sklapanje i spremanje police za su\u0161enje kad nije u upotrebi. Ovo je osobito korisno u malim stanovima ili sobama s ograni\u010denim prostorom.","og_url":"https:\/\/inti.hr\/sr\/proizvod\/sklopivi-stalak-za-susenje-rublja\/","og_site_name":"Inti","og_image":[{"width":1400,"height":1400,"url":"https:\/\/i0.wp.com\/inti.hr\/wp-content\/uploads\/2023\/07\/1d695d18fafdca55bd9bb2ec265f0cb8.jpg?fit=1400%2C1400&ssl=1","type":"image\/jpeg"}],"twitter_card":"summary_large_image","schema":{"@context":"https:\/\/schema.org","@graph":[{"@type":"WebPage","@id":"https:\/\/inti.hr\/sr\/proizvod\/sklopivi-stalak-za-susenje-rublja\/","url":"https:\/\/inti.hr\/sr\/proizvod\/sklopivi-stalak-za-susenje-rublja\/","name":"Sklopivi stalak za su\u0161enje rublja - Inti","isPartOf":{"@id":"https:\/\/inti.hr\/sr\/#website"},"primaryImageOfPage":{"@id":"https:\/\/inti.hr\/sr\/proizvod\/sklopivi-stalak-za-susenje-rublja\/#primaryimage"},"image":{"@id":"https:\/\/inti.hr\/sr\/proizvod\/sklopivi-stalak-za-susenje-rublja\/#primaryimage"},"thumbnailUrl":"https:\/\/i0.wp.com\/inti.hr\/wp-content\/uploads\/2023\/07\/1d695d18fafdca55bd9bb2ec265f0cb8.jpg?fit=1400%2C1400&ssl=1","datePublished":"2023-07-18T08:58:06+00:00","dateModified":"2023-07-18T08:58:06+00:00","description":"Toranjska su\u0161ilica za rublje svestrana je polica za su\u0161enje koja \u0161tedi prostor i omogu\u0107uje u\u010dinkovito su\u0161enje ru\u010dnika, krpa i odje\u0107e. S ukupno jedanaest vodilica na \u0161est razina nudi dovoljno prostora za veliki broj odjevnih predmeta te osigurava brzo i temeljito su\u0161enje na zraku.Bilo u kupaonici, na balkonu ili u praonici rublja - ovu su\u0161ilicu rublja mo\u017eete koristiti bilo gdje. Izra\u0111en od bambusa otpornog na vlagu, posebno je pogodan za kori\u0161tenje u kupaonici i prkosi vlazi.Dizajn koji \u0161tedi prostor omogu\u0107uje vam jednostavno sklapanje i spremanje police za su\u0161enje kad nije u upotrebi. Ovo je osobito korisno u malim stanovima ili sobama s ograni\u010denim prostorom.","breadcrumb":{"@id":"https:\/\/inti.hr\/sr\/proizvod\/sklopivi-stalak-za-susenje-rublja\/#breadcrumb"},"inLanguage":"sr-RS","potentialAction":[{"@type":"ReadAction","target":["https:\/\/inti.hr\/sr\/proizvod\/sklopivi-stalak-za-susenje-rublja\/"]}]},{"@type":"ImageObject","inLanguage":"sr-RS","@id":"https:\/\/inti.hr\/sr\/proizvod\/sklopivi-stalak-za-susenje-rublja\/#primaryimage","url":"https:\/\/i0.wp.com\/inti.hr\/wp-content\/uploads\/2023\/07\/1d695d18fafdca55bd9bb2ec265f0cb8.jpg?fit=1400%2C1400&ssl=1","contentUrl":"https:\/\/i0.wp.com\/inti.hr\/wp-content\/uploads\/2023\/07\/1d695d18fafdca55bd9bb2ec265f0cb8.jpg?fit=1400%2C1400&ssl=1","width":1400,"height":1400,"caption":"Sklopivi stalak za su\u0161enje rublja"},{"@type":"BreadcrumbList","@id":"https:\/\/inti.hr\/sr\/proizvod\/sklopivi-stalak-za-susenje-rublja\/#breadcrumb","itemListElement":[{"@type":"ListItem","position":1,"name":"Po\u010detna stranica","item":"https:\/\/inti.hr\/sr\/"},{"@type":"ListItem","position":2,"name":"Prodavnica","item":"https:\/\/inti.hr\/sr\/prodavnica\/"},{"@type":"ListItem","position":3,"name":"Sklopivi stalak za su\u0161enje rublja"}]},{"@type":"WebSite","@id":"https:\/\/inti.hr\/sr\/#website","url":"https:\/\/inti.hr\/sr\/","name":"Inti","description":"trgovina","potentialAction":[{"@type":"SearchAction","target":{"@type":"EntryPoint","urlTemplate":"https:\/\/inti.hr\/sr\/?s={search_term_string}"},"query-input":{"@type":"PropertyValueSpecification","valueRequired":true,"valueName":"search_term_string"}}],"inLanguage":"sr-RS"}]}},"jetpack_sharing_enabled":true,"jetpack-related-posts":[],"_links":{"self":[{"href":"https:\/\/inti.hr\/sr\/wp-json\/wp\/v2\/product\/33351"}],"collection":[{"href":"https:\/\/inti.hr\/sr\/wp-json\/wp\/v2\/product"}],"about":[{"href":"https:\/\/inti.hr\/sr\/wp-json\/wp\/v2\/types\/product"}],"wp:featuredmedia":[{"embeddable":true,"href":"https:\/\/inti.hr\/sr\/wp-json\/wp\/v2\/media\/33352"}],"wp:attachment":[{"href":"https:\/\/inti.hr\/sr\/wp-json\/wp\/v2\/media?parent=33351"}],"wp:term":[{"taxonomy":"product_cat","embeddable":true,"href":"https:\/\/inti.hr\/sr\/wp-json\/wp\/v2\/product_cat?post=33351"},{"taxonomy":"product_tag","embeddable":true,"href":"https:\/\/inti.hr\/sr\/wp-json\/wp\/v2\/product_tag?post=33351"}],"curies":[{"name":"wp","href":"https:\/\/api.w.org\/{rel}","templated":true}]}}