{"id":33377,"date":"2023-05-12T14:22:42","date_gmt":"2023-05-12T14:22:42","guid":{"rendered":"https:\/\/inti.hr\/product\/kupaonski-ormaric-60x30x60cm\/"},"modified":"2023-05-12T14:22:42","modified_gmt":"2023-05-12T14:22:42","slug":"kupaonski-ormaric-60x30x60cm","status":"publish","type":"product","link":"https:\/\/inti.hr\/sr\/proizvod\/kupaonski-ormaric-60x30x60cm\/","title":{"rendered":"Kupaonski ormari\u0107 60x30x60cm"},"content":{"rendered":"<p>Detalji proizvoda:<\/p>\n<ul>\n<li>Materijal: MDF (E1), Osnovna struktura od punog drva<\/li>\n<li>Te\u017eina: oko 12 kg<\/li>\n<li>Nosivost: 25kg;<\/li>\n<li>Dimenzije proizvoda: 60x30x60cm (vidi sliku);<\/li>\n<li>Veli\u010dina pakiranja: 73,50*37,00*15,50cm<\/li>\n<li>S uputama za sastavljanje i vijcima.\u00a0Jednostavna instalacija.<\/li>\n<\/ul>\n","protected":false},"excerpt":{"rendered":"<p>Jednostavan dizajn daje linearan i elegantan osje\u0107aj, povr\u0161ina nije ravna ve\u0107 &#8230; <\/p>\n","protected":false},"featured_media":33378,"template":"","meta":[],"product_cat":[2396],"product_tag":[2522,2523],"yoast_head":"<!-- This site is optimized with the Yoast SEO plugin v23.7 - https:\/\/yoast.com\/wordpress\/plugins\/seo\/ -->\n<title>Kupaonski ormari\u0107 60x30x60cm - Inti<\/title>\n<meta name=\"description\" content=\"Jednostavan dizajn daje linearan i elegantan osje\u0107aj, povr\u0161ina nije ravna ve\u0107 je dizajnirana inspirirana bru\u0161enjem dijamanata.Iza vrata ovaj ormari\u0107 nudi dovoljno prostora za pohranjivanje pra\u0161ka za pranje rublja, sredstva za \u010di\u0161\u0107enje WC \u0161koljke i ostalih kupaonskih potrep\u0161tina te za njihovu bolju za\u0161titu od vode, pra\u0161ine itd.Zahvaljuju\u0107i izrezu za sifon, komad namje\u0161taja nudi mogu\u0107nost postavljanja ispod umivaonika i na taj na\u010din prekrije smetaju\u0107e komponente.S jednostavnim visokim ormari\u0107em kona\u010dno \u0107ete imati dovoljno prostora za pohranu u kupaonici. To je idealno rje\u0161enje za odr\u017eavanje urednosti va\u0161e kupaonice.\" \/>\n<meta name=\"robots\" content=\"index, follow, max-snippet:-1, max-image-preview:large, max-video-preview:-1\" \/>\n<link rel=\"canonical\" href=\"https:\/\/inti.hr\/sr\/proizvod\/kupaonski-ormaric-60x30x60cm\/\" \/>\n<meta property=\"og:locale\" content=\"sr_RS\" \/>\n<meta property=\"og:type\" content=\"article\" \/>\n<meta property=\"og:title\" content=\"Kupaonski ormari\u0107 60x30x60cm - Inti\" \/>\n<meta property=\"og:description\" content=\"Jednostavan dizajn daje linearan i elegantan osje\u0107aj, povr\u0161ina nije ravna ve\u0107 je dizajnirana inspirirana bru\u0161enjem dijamanata.Iza vrata ovaj ormari\u0107 nudi dovoljno prostora za pohranjivanje pra\u0161ka za pranje rublja, sredstva za \u010di\u0161\u0107enje WC \u0161koljke i ostalih kupaonskih potrep\u0161tina te za njihovu bolju za\u0161titu od vode, pra\u0161ine itd.Zahvaljuju\u0107i izrezu za sifon, komad namje\u0161taja nudi mogu\u0107nost postavljanja ispod umivaonika i na taj na\u010din prekrije smetaju\u0107e komponente.S jednostavnim visokim ormari\u0107em kona\u010dno \u0107ete imati dovoljno prostora za pohranu u kupaonici. To je idealno rje\u0161enje za odr\u017eavanje urednosti va\u0161e kupaonice.\" \/>\n<meta property=\"og:url\" content=\"https:\/\/inti.hr\/sr\/proizvod\/kupaonski-ormaric-60x30x60cm\/\" \/>\n<meta property=\"og:site_name\" content=\"Inti\" \/>\n<meta property=\"og:image\" content=\"https:\/\/i0.wp.com\/inti.hr\/wp-content\/uploads\/2023\/05\/BZR92-W-S001_1800x1800.webp?fit=1600%2C1600&ssl=1\" \/>\n\t<meta property=\"og:image:width\" content=\"1600\" \/>\n\t<meta property=\"og:image:height\" content=\"1600\" \/>\n\t<meta property=\"og:image:type\" content=\"image\/webp\" \/>\n<meta name=\"twitter:card\" content=\"summary_large_image\" \/>\n<script type=\"application\/ld+json\" class=\"yoast-schema-graph\">{\"@context\":\"https:\/\/schema.org\",\"@graph\":[{\"@type\":\"WebPage\",\"@id\":\"https:\/\/inti.hr\/sr\/proizvod\/kupaonski-ormaric-60x30x60cm\/\",\"url\":\"https:\/\/inti.hr\/sr\/proizvod\/kupaonski-ormaric-60x30x60cm\/\",\"name\":\"Kupaonski ormari\u0107 60x30x60cm - Inti\",\"isPartOf\":{\"@id\":\"https:\/\/inti.hr\/sr\/#website\"},\"primaryImageOfPage\":{\"@id\":\"https:\/\/inti.hr\/sr\/proizvod\/kupaonski-ormaric-60x30x60cm\/#primaryimage\"},\"image\":{\"@id\":\"https:\/\/inti.hr\/sr\/proizvod\/kupaonski-ormaric-60x30x60cm\/#primaryimage\"},\"thumbnailUrl\":\"https:\/\/i0.wp.com\/inti.hr\/wp-content\/uploads\/2023\/05\/BZR92-W-S001_1800x1800.webp?fit=1600%2C1600&ssl=1\",\"datePublished\":\"2023-05-12T14:22:42+00:00\",\"dateModified\":\"2023-05-12T14:22:42+00:00\",\"description\":\"Jednostavan dizajn daje linearan i elegantan osje\u0107aj, povr\u0161ina nije ravna ve\u0107 je dizajnirana inspirirana bru\u0161enjem dijamanata.Iza vrata ovaj ormari\u0107 nudi dovoljno prostora za pohranjivanje pra\u0161ka za pranje rublja, sredstva za \u010di\u0161\u0107enje WC \u0161koljke i ostalih kupaonskih potrep\u0161tina te za njihovu bolju za\u0161titu od vode, pra\u0161ine itd.Zahvaljuju\u0107i izrezu za sifon, komad namje\u0161taja nudi mogu\u0107nost postavljanja ispod umivaonika i na taj na\u010din prekrije smetaju\u0107e komponente.S jednostavnim visokim ormari\u0107em kona\u010dno \u0107ete imati dovoljno prostora za pohranu u kupaonici. To je idealno rje\u0161enje za odr\u017eavanje urednosti va\u0161e kupaonice.\",\"breadcrumb\":{\"@id\":\"https:\/\/inti.hr\/sr\/proizvod\/kupaonski-ormaric-60x30x60cm\/#breadcrumb\"},\"inLanguage\":\"sr-RS\",\"potentialAction\":[{\"@type\":\"ReadAction\",\"target\":[\"https:\/\/inti.hr\/sr\/proizvod\/kupaonski-ormaric-60x30x60cm\/\"]}]},{\"@type\":\"ImageObject\",\"inLanguage\":\"sr-RS\",\"@id\":\"https:\/\/inti.hr\/sr\/proizvod\/kupaonski-ormaric-60x30x60cm\/#primaryimage\",\"url\":\"https:\/\/i0.wp.com\/inti.hr\/wp-content\/uploads\/2023\/05\/BZR92-W-S001_1800x1800.webp?fit=1600%2C1600&ssl=1\",\"contentUrl\":\"https:\/\/i0.wp.com\/inti.hr\/wp-content\/uploads\/2023\/05\/BZR92-W-S001_1800x1800.webp?fit=1600%2C1600&ssl=1\",\"width\":1600,\"height\":1600},{\"@type\":\"BreadcrumbList\",\"@id\":\"https:\/\/inti.hr\/sr\/proizvod\/kupaonski-ormaric-60x30x60cm\/#breadcrumb\",\"itemListElement\":[{\"@type\":\"ListItem\",\"position\":1,\"name\":\"Po\u010detna stranica\",\"item\":\"https:\/\/inti.hr\/sr\/\"},{\"@type\":\"ListItem\",\"position\":2,\"name\":\"Prodavnica\",\"item\":\"https:\/\/inti.hr\/sr\/prodavnica\/\"},{\"@type\":\"ListItem\",\"position\":3,\"name\":\"Kupaonski ormari\u0107 60x30x60cm\"}]},{\"@type\":\"WebSite\",\"@id\":\"https:\/\/inti.hr\/sr\/#website\",\"url\":\"https:\/\/inti.hr\/sr\/\",\"name\":\"Inti\",\"description\":\"trgovina\",\"potentialAction\":[{\"@type\":\"SearchAction\",\"target\":{\"@type\":\"EntryPoint\",\"urlTemplate\":\"https:\/\/inti.hr\/sr\/?s={search_term_string}\"},\"query-input\":{\"@type\":\"PropertyValueSpecification\",\"valueRequired\":true,\"valueName\":\"search_term_string\"}}],\"inLanguage\":\"sr-RS\"}]}<\/script>\n<!-- \/ Yoast SEO plugin. -->","yoast_head_json":{"title":"Kupaonski ormari\u0107 60x30x60cm - Inti","description":"Jednostavan dizajn daje linearan i elegantan osje\u0107aj, povr\u0161ina nije ravna ve\u0107 je dizajnirana inspirirana bru\u0161enjem dijamanata.Iza vrata ovaj ormari\u0107 nudi dovoljno prostora za pohranjivanje pra\u0161ka za pranje rublja, sredstva za \u010di\u0161\u0107enje WC \u0161koljke i ostalih kupaonskih potrep\u0161tina te za njihovu bolju za\u0161titu od vode, pra\u0161ine itd.Zahvaljuju\u0107i izrezu za sifon, komad namje\u0161taja nudi mogu\u0107nost postavljanja ispod umivaonika i na taj na\u010din prekrije smetaju\u0107e komponente.S jednostavnim visokim ormari\u0107em kona\u010dno \u0107ete imati dovoljno prostora za pohranu u kupaonici. To je idealno rje\u0161enje za odr\u017eavanje urednosti va\u0161e kupaonice.","robots":{"index":"index","follow":"follow","max-snippet":"max-snippet:-1","max-image-preview":"max-image-preview:large","max-video-preview":"max-video-preview:-1"},"canonical":"https:\/\/inti.hr\/sr\/proizvod\/kupaonski-ormaric-60x30x60cm\/","og_locale":"sr_RS","og_type":"article","og_title":"Kupaonski ormari\u0107 60x30x60cm - Inti","og_description":"Jednostavan dizajn daje linearan i elegantan osje\u0107aj, povr\u0161ina nije ravna ve\u0107 je dizajnirana inspirirana bru\u0161enjem dijamanata.Iza vrata ovaj ormari\u0107 nudi dovoljno prostora za pohranjivanje pra\u0161ka za pranje rublja, sredstva za \u010di\u0161\u0107enje WC \u0161koljke i ostalih kupaonskih potrep\u0161tina te za njihovu bolju za\u0161titu od vode, pra\u0161ine itd.Zahvaljuju\u0107i izrezu za sifon, komad namje\u0161taja nudi mogu\u0107nost postavljanja ispod umivaonika i na taj na\u010din prekrije smetaju\u0107e komponente.S jednostavnim visokim ormari\u0107em kona\u010dno \u0107ete imati dovoljno prostora za pohranu u kupaonici. To je idealno rje\u0161enje za odr\u017eavanje urednosti va\u0161e kupaonice.","og_url":"https:\/\/inti.hr\/sr\/proizvod\/kupaonski-ormaric-60x30x60cm\/","og_site_name":"Inti","og_image":[{"width":1600,"height":1600,"url":"https:\/\/i0.wp.com\/inti.hr\/wp-content\/uploads\/2023\/05\/BZR92-W-S001_1800x1800.webp?fit=1600%2C1600&ssl=1","type":"image\/webp"}],"twitter_card":"summary_large_image","schema":{"@context":"https:\/\/schema.org","@graph":[{"@type":"WebPage","@id":"https:\/\/inti.hr\/sr\/proizvod\/kupaonski-ormaric-60x30x60cm\/","url":"https:\/\/inti.hr\/sr\/proizvod\/kupaonski-ormaric-60x30x60cm\/","name":"Kupaonski ormari\u0107 60x30x60cm - Inti","isPartOf":{"@id":"https:\/\/inti.hr\/sr\/#website"},"primaryImageOfPage":{"@id":"https:\/\/inti.hr\/sr\/proizvod\/kupaonski-ormaric-60x30x60cm\/#primaryimage"},"image":{"@id":"https:\/\/inti.hr\/sr\/proizvod\/kupaonski-ormaric-60x30x60cm\/#primaryimage"},"thumbnailUrl":"https:\/\/i0.wp.com\/inti.hr\/wp-content\/uploads\/2023\/05\/BZR92-W-S001_1800x1800.webp?fit=1600%2C1600&ssl=1","datePublished":"2023-05-12T14:22:42+00:00","dateModified":"2023-05-12T14:22:42+00:00","description":"Jednostavan dizajn daje linearan i elegantan osje\u0107aj, povr\u0161ina nije ravna ve\u0107 je dizajnirana inspirirana bru\u0161enjem dijamanata.Iza vrata ovaj ormari\u0107 nudi dovoljno prostora za pohranjivanje pra\u0161ka za pranje rublja, sredstva za \u010di\u0161\u0107enje WC \u0161koljke i ostalih kupaonskih potrep\u0161tina te za njihovu bolju za\u0161titu od vode, pra\u0161ine itd.Zahvaljuju\u0107i izrezu za sifon, komad namje\u0161taja nudi mogu\u0107nost postavljanja ispod umivaonika i na taj na\u010din prekrije smetaju\u0107e komponente.S jednostavnim visokim ormari\u0107em kona\u010dno \u0107ete imati dovoljno prostora za pohranu u kupaonici. To je idealno rje\u0161enje za odr\u017eavanje urednosti va\u0161e kupaonice.","breadcrumb":{"@id":"https:\/\/inti.hr\/sr\/proizvod\/kupaonski-ormaric-60x30x60cm\/#breadcrumb"},"inLanguage":"sr-RS","potentialAction":[{"@type":"ReadAction","target":["https:\/\/inti.hr\/sr\/proizvod\/kupaonski-ormaric-60x30x60cm\/"]}]},{"@type":"ImageObject","inLanguage":"sr-RS","@id":"https:\/\/inti.hr\/sr\/proizvod\/kupaonski-ormaric-60x30x60cm\/#primaryimage","url":"https:\/\/i0.wp.com\/inti.hr\/wp-content\/uploads\/2023\/05\/BZR92-W-S001_1800x1800.webp?fit=1600%2C1600&ssl=1","contentUrl":"https:\/\/i0.wp.com\/inti.hr\/wp-content\/uploads\/2023\/05\/BZR92-W-S001_1800x1800.webp?fit=1600%2C1600&ssl=1","width":1600,"height":1600},{"@type":"BreadcrumbList","@id":"https:\/\/inti.hr\/sr\/proizvod\/kupaonski-ormaric-60x30x60cm\/#breadcrumb","itemListElement":[{"@type":"ListItem","position":1,"name":"Po\u010detna stranica","item":"https:\/\/inti.hr\/sr\/"},{"@type":"ListItem","position":2,"name":"Prodavnica","item":"https:\/\/inti.hr\/sr\/prodavnica\/"},{"@type":"ListItem","position":3,"name":"Kupaonski ormari\u0107 60x30x60cm"}]},{"@type":"WebSite","@id":"https:\/\/inti.hr\/sr\/#website","url":"https:\/\/inti.hr\/sr\/","name":"Inti","description":"trgovina","potentialAction":[{"@type":"SearchAction","target":{"@type":"EntryPoint","urlTemplate":"https:\/\/inti.hr\/sr\/?s={search_term_string}"},"query-input":{"@type":"PropertyValueSpecification","valueRequired":true,"valueName":"search_term_string"}}],"inLanguage":"sr-RS"}]}},"jetpack_sharing_enabled":true,"jetpack-related-posts":[],"_links":{"self":[{"href":"https:\/\/inti.hr\/sr\/wp-json\/wp\/v2\/product\/33377"}],"collection":[{"href":"https:\/\/inti.hr\/sr\/wp-json\/wp\/v2\/product"}],"about":[{"href":"https:\/\/inti.hr\/sr\/wp-json\/wp\/v2\/types\/product"}],"wp:featuredmedia":[{"embeddable":true,"href":"https:\/\/inti.hr\/sr\/wp-json\/wp\/v2\/media\/33378"}],"wp:attachment":[{"href":"https:\/\/inti.hr\/sr\/wp-json\/wp\/v2\/media?parent=33377"}],"wp:term":[{"taxonomy":"product_cat","embeddable":true,"href":"https:\/\/inti.hr\/sr\/wp-json\/wp\/v2\/product_cat?post=33377"},{"taxonomy":"product_tag","embeddable":true,"href":"https:\/\/inti.hr\/sr\/wp-json\/wp\/v2\/product_tag?post=33377"}],"curies":[{"name":"wp","href":"https:\/\/api.w.org\/{rel}","templated":true}]}}