{"id":33392,"date":"2023-05-09T08:24:05","date_gmt":"2023-05-09T08:24:05","guid":{"rendered":"https:\/\/inti.hr\/product\/bocna-tenda-mulhacen\/"},"modified":"2023-05-09T08:24:05","modified_gmt":"2023-05-09T08:24:05","slug":"bocna-tenda-mulhacen","status":"publish","type":"product","link":"https:\/\/inti.hr\/sr\/proizvod\/bocna-tenda-mulhacen\/","title":{"rendered":"Bo\u010dna tenda Mulhac\u00e9n"},"content":{"rendered":"<p>Detalji proizvoda:<\/p>\n<p>&#8211; jednostavna monta\u017ea i rukovanje<br \/>\n&#8211; zidna kaseta se mo\u017ee ukloniti u bilo kojem trenutku<br \/>\n&#8211; izdr\u017eljiva, vodoodbojna tekstilna tkanina<br \/>\n&#8211; elegantan i nenametljiv dizajn<br \/>\n&#8211; mo\u017ee se brzo uvu\u0107i ili izvaditi<br \/>\n&#8211;<\/p>\n<p>materijal otporan na UV zra\u010denje i vremenske uvjete:<br \/>\n&#8211; okvir: \u010delik, pra\u0161kasto lakiran<br \/>\n&#8211; tenda: 100% poliester<\/p>\n","protected":false},"excerpt":{"rendered":"<p>Na\u0161a bo\u010dna tenda nudi savr\u0161enu za\u0161titu od znati\u017eeljnih pogleda prolaznika ili &#8230; <\/p>\n","protected":false},"featured_media":33393,"template":"","meta":[],"product_cat":[2485],"product_tag":[3628,3629],"yoast_head":"<!-- This site is optimized with the Yoast SEO plugin v23.7 - https:\/\/yoast.com\/wordpress\/plugins\/seo\/ -->\n<title>Bo\u010dna tenda Mulhac\u00e9n - Inti<\/title>\n<meta name=\"description\" content=\"Na\u0161a bo\u010dna tenda nudi savr\u0161enu za\u0161titu od znati\u017eeljnih pogleda prolaznika ili susjeda i mo\u017ee se montirati gotovo bilo gdje zahvaljuju\u0107i isporu\u010denom nosa\u010du.Bo\u010dna tenda se u svakom trenutku mo\u017ee uvu\u0107i natrag u kasetu. Stoga je za\u0161ti\u0107en od vjetra i vremenskih prilika i, usput re\u010deno, savr\u0161eno pospremljen.\" \/>\n<meta name=\"robots\" content=\"index, follow, max-snippet:-1, max-image-preview:large, max-video-preview:-1\" \/>\n<link rel=\"canonical\" href=\"https:\/\/inti.hr\/sr\/proizvod\/bocna-tenda-mulhacen\/\" \/>\n<meta property=\"og:locale\" content=\"sr_RS\" \/>\n<meta property=\"og:type\" content=\"article\" \/>\n<meta property=\"og:title\" content=\"Bo\u010dna tenda Mulhac\u00e9n - Inti\" \/>\n<meta property=\"og:description\" content=\"Na\u0161a bo\u010dna tenda nudi savr\u0161enu za\u0161titu od znati\u017eeljnih pogleda prolaznika ili susjeda i mo\u017ee se montirati gotovo bilo gdje zahvaljuju\u0107i isporu\u010denom nosa\u010du.Bo\u010dna tenda se u svakom trenutku mo\u017ee uvu\u0107i natrag u kasetu. Stoga je za\u0161ti\u0107en od vjetra i vremenskih prilika i, usput re\u010deno, savr\u0161eno pospremljen.\" \/>\n<meta property=\"og:url\" content=\"https:\/\/inti.hr\/sr\/proizvod\/bocna-tenda-mulhacen\/\" \/>\n<meta property=\"og:site_name\" content=\"Inti\" \/>\n<meta property=\"og:image\" content=\"https:\/\/i0.wp.com\/inti.hr\/wp-content\/uploads\/2023\/05\/d2952b21309b67efa62351f5c19dd26d.jpg?fit=1400%2C1400&ssl=1\" \/>\n\t<meta property=\"og:image:width\" content=\"1400\" \/>\n\t<meta property=\"og:image:height\" content=\"1400\" \/>\n\t<meta property=\"og:image:type\" content=\"image\/jpeg\" \/>\n<meta name=\"twitter:card\" content=\"summary_large_image\" \/>\n<script type=\"application\/ld+json\" class=\"yoast-schema-graph\">{\"@context\":\"https:\/\/schema.org\",\"@graph\":[{\"@type\":\"WebPage\",\"@id\":\"https:\/\/inti.hr\/sr\/proizvod\/bocna-tenda-mulhacen\/\",\"url\":\"https:\/\/inti.hr\/sr\/proizvod\/bocna-tenda-mulhacen\/\",\"name\":\"Bo\u010dna tenda Mulhac\u00e9n - Inti\",\"isPartOf\":{\"@id\":\"https:\/\/inti.hr\/sr\/#website\"},\"primaryImageOfPage\":{\"@id\":\"https:\/\/inti.hr\/sr\/proizvod\/bocna-tenda-mulhacen\/#primaryimage\"},\"image\":{\"@id\":\"https:\/\/inti.hr\/sr\/proizvod\/bocna-tenda-mulhacen\/#primaryimage\"},\"thumbnailUrl\":\"https:\/\/i0.wp.com\/inti.hr\/wp-content\/uploads\/2023\/05\/d2952b21309b67efa62351f5c19dd26d.jpg?fit=1400%2C1400&ssl=1\",\"datePublished\":\"2023-05-09T08:24:05+00:00\",\"dateModified\":\"2023-05-09T08:24:05+00:00\",\"description\":\"Na\u0161a bo\u010dna tenda nudi savr\u0161enu za\u0161titu od znati\u017eeljnih pogleda prolaznika ili susjeda i mo\u017ee se montirati gotovo bilo gdje zahvaljuju\u0107i isporu\u010denom nosa\u010du.Bo\u010dna tenda se u svakom trenutku mo\u017ee uvu\u0107i natrag u kasetu. Stoga je za\u0161ti\u0107en od vjetra i vremenskih prilika i, usput re\u010deno, savr\u0161eno pospremljen.\",\"breadcrumb\":{\"@id\":\"https:\/\/inti.hr\/sr\/proizvod\/bocna-tenda-mulhacen\/#breadcrumb\"},\"inLanguage\":\"sr-RS\",\"potentialAction\":[{\"@type\":\"ReadAction\",\"target\":[\"https:\/\/inti.hr\/sr\/proizvod\/bocna-tenda-mulhacen\/\"]}]},{\"@type\":\"ImageObject\",\"inLanguage\":\"sr-RS\",\"@id\":\"https:\/\/inti.hr\/sr\/proizvod\/bocna-tenda-mulhacen\/#primaryimage\",\"url\":\"https:\/\/i0.wp.com\/inti.hr\/wp-content\/uploads\/2023\/05\/d2952b21309b67efa62351f5c19dd26d.jpg?fit=1400%2C1400&ssl=1\",\"contentUrl\":\"https:\/\/i0.wp.com\/inti.hr\/wp-content\/uploads\/2023\/05\/d2952b21309b67efa62351f5c19dd26d.jpg?fit=1400%2C1400&ssl=1\",\"width\":1400,\"height\":1400},{\"@type\":\"BreadcrumbList\",\"@id\":\"https:\/\/inti.hr\/sr\/proizvod\/bocna-tenda-mulhacen\/#breadcrumb\",\"itemListElement\":[{\"@type\":\"ListItem\",\"position\":1,\"name\":\"Po\u010detna stranica\",\"item\":\"https:\/\/inti.hr\/sr\/\"},{\"@type\":\"ListItem\",\"position\":2,\"name\":\"Prodavnica\",\"item\":\"https:\/\/inti.hr\/sr\/prodavnica\/\"},{\"@type\":\"ListItem\",\"position\":3,\"name\":\"Bo\u010dna tenda Mulhac\u00e9n\"}]},{\"@type\":\"WebSite\",\"@id\":\"https:\/\/inti.hr\/sr\/#website\",\"url\":\"https:\/\/inti.hr\/sr\/\",\"name\":\"Inti\",\"description\":\"trgovina\",\"potentialAction\":[{\"@type\":\"SearchAction\",\"target\":{\"@type\":\"EntryPoint\",\"urlTemplate\":\"https:\/\/inti.hr\/sr\/?s={search_term_string}\"},\"query-input\":{\"@type\":\"PropertyValueSpecification\",\"valueRequired\":true,\"valueName\":\"search_term_string\"}}],\"inLanguage\":\"sr-RS\"}]}<\/script>\n<!-- \/ Yoast SEO plugin. -->","yoast_head_json":{"title":"Bo\u010dna tenda Mulhac\u00e9n - Inti","description":"Na\u0161a bo\u010dna tenda nudi savr\u0161enu za\u0161titu od znati\u017eeljnih pogleda prolaznika ili susjeda i mo\u017ee se montirati gotovo bilo gdje zahvaljuju\u0107i isporu\u010denom nosa\u010du.Bo\u010dna tenda se u svakom trenutku mo\u017ee uvu\u0107i natrag u kasetu. Stoga je za\u0161ti\u0107en od vjetra i vremenskih prilika i, usput re\u010deno, savr\u0161eno pospremljen.","robots":{"index":"index","follow":"follow","max-snippet":"max-snippet:-1","max-image-preview":"max-image-preview:large","max-video-preview":"max-video-preview:-1"},"canonical":"https:\/\/inti.hr\/sr\/proizvod\/bocna-tenda-mulhacen\/","og_locale":"sr_RS","og_type":"article","og_title":"Bo\u010dna tenda Mulhac\u00e9n - Inti","og_description":"Na\u0161a bo\u010dna tenda nudi savr\u0161enu za\u0161titu od znati\u017eeljnih pogleda prolaznika ili susjeda i mo\u017ee se montirati gotovo bilo gdje zahvaljuju\u0107i isporu\u010denom nosa\u010du.Bo\u010dna tenda se u svakom trenutku mo\u017ee uvu\u0107i natrag u kasetu. Stoga je za\u0161ti\u0107en od vjetra i vremenskih prilika i, usput re\u010deno, savr\u0161eno pospremljen.","og_url":"https:\/\/inti.hr\/sr\/proizvod\/bocna-tenda-mulhacen\/","og_site_name":"Inti","og_image":[{"width":1400,"height":1400,"url":"https:\/\/i0.wp.com\/inti.hr\/wp-content\/uploads\/2023\/05\/d2952b21309b67efa62351f5c19dd26d.jpg?fit=1400%2C1400&ssl=1","type":"image\/jpeg"}],"twitter_card":"summary_large_image","schema":{"@context":"https:\/\/schema.org","@graph":[{"@type":"WebPage","@id":"https:\/\/inti.hr\/sr\/proizvod\/bocna-tenda-mulhacen\/","url":"https:\/\/inti.hr\/sr\/proizvod\/bocna-tenda-mulhacen\/","name":"Bo\u010dna tenda Mulhac\u00e9n - Inti","isPartOf":{"@id":"https:\/\/inti.hr\/sr\/#website"},"primaryImageOfPage":{"@id":"https:\/\/inti.hr\/sr\/proizvod\/bocna-tenda-mulhacen\/#primaryimage"},"image":{"@id":"https:\/\/inti.hr\/sr\/proizvod\/bocna-tenda-mulhacen\/#primaryimage"},"thumbnailUrl":"https:\/\/i0.wp.com\/inti.hr\/wp-content\/uploads\/2023\/05\/d2952b21309b67efa62351f5c19dd26d.jpg?fit=1400%2C1400&ssl=1","datePublished":"2023-05-09T08:24:05+00:00","dateModified":"2023-05-09T08:24:05+00:00","description":"Na\u0161a bo\u010dna tenda nudi savr\u0161enu za\u0161titu od znati\u017eeljnih pogleda prolaznika ili susjeda i mo\u017ee se montirati gotovo bilo gdje zahvaljuju\u0107i isporu\u010denom nosa\u010du.Bo\u010dna tenda se u svakom trenutku mo\u017ee uvu\u0107i natrag u kasetu. Stoga je za\u0161ti\u0107en od vjetra i vremenskih prilika i, usput re\u010deno, savr\u0161eno pospremljen.","breadcrumb":{"@id":"https:\/\/inti.hr\/sr\/proizvod\/bocna-tenda-mulhacen\/#breadcrumb"},"inLanguage":"sr-RS","potentialAction":[{"@type":"ReadAction","target":["https:\/\/inti.hr\/sr\/proizvod\/bocna-tenda-mulhacen\/"]}]},{"@type":"ImageObject","inLanguage":"sr-RS","@id":"https:\/\/inti.hr\/sr\/proizvod\/bocna-tenda-mulhacen\/#primaryimage","url":"https:\/\/i0.wp.com\/inti.hr\/wp-content\/uploads\/2023\/05\/d2952b21309b67efa62351f5c19dd26d.jpg?fit=1400%2C1400&ssl=1","contentUrl":"https:\/\/i0.wp.com\/inti.hr\/wp-content\/uploads\/2023\/05\/d2952b21309b67efa62351f5c19dd26d.jpg?fit=1400%2C1400&ssl=1","width":1400,"height":1400},{"@type":"BreadcrumbList","@id":"https:\/\/inti.hr\/sr\/proizvod\/bocna-tenda-mulhacen\/#breadcrumb","itemListElement":[{"@type":"ListItem","position":1,"name":"Po\u010detna stranica","item":"https:\/\/inti.hr\/sr\/"},{"@type":"ListItem","position":2,"name":"Prodavnica","item":"https:\/\/inti.hr\/sr\/prodavnica\/"},{"@type":"ListItem","position":3,"name":"Bo\u010dna tenda Mulhac\u00e9n"}]},{"@type":"WebSite","@id":"https:\/\/inti.hr\/sr\/#website","url":"https:\/\/inti.hr\/sr\/","name":"Inti","description":"trgovina","potentialAction":[{"@type":"SearchAction","target":{"@type":"EntryPoint","urlTemplate":"https:\/\/inti.hr\/sr\/?s={search_term_string}"},"query-input":{"@type":"PropertyValueSpecification","valueRequired":true,"valueName":"search_term_string"}}],"inLanguage":"sr-RS"}]}},"jetpack_sharing_enabled":true,"jetpack-related-posts":[],"_links":{"self":[{"href":"https:\/\/inti.hr\/sr\/wp-json\/wp\/v2\/product\/33392"}],"collection":[{"href":"https:\/\/inti.hr\/sr\/wp-json\/wp\/v2\/product"}],"about":[{"href":"https:\/\/inti.hr\/sr\/wp-json\/wp\/v2\/types\/product"}],"wp:featuredmedia":[{"embeddable":true,"href":"https:\/\/inti.hr\/sr\/wp-json\/wp\/v2\/media\/33393"}],"wp:attachment":[{"href":"https:\/\/inti.hr\/sr\/wp-json\/wp\/v2\/media?parent=33392"}],"wp:term":[{"taxonomy":"product_cat","embeddable":true,"href":"https:\/\/inti.hr\/sr\/wp-json\/wp\/v2\/product_cat?post=33392"},{"taxonomy":"product_tag","embeddable":true,"href":"https:\/\/inti.hr\/sr\/wp-json\/wp\/v2\/product_tag?post=33392"}],"curies":[{"name":"wp","href":"https:\/\/api.w.org\/{rel}","templated":true}]}}