{"id":33452,"date":"2023-03-30T08:31:22","date_gmt":"2023-03-30T08:31:22","guid":{"rendered":"https:\/\/inti.hr\/product\/set-od-2-nocna-ormarica-s-2-ladice-od-mdf-barsuna\/"},"modified":"2023-03-30T08:31:22","modified_gmt":"2023-03-30T08:31:22","slug":"set-od-2-nocna-ormarica-s-2-ladice-od-mdf-barsuna","status":"publish","type":"product","link":"https:\/\/inti.hr\/sr\/proizvod\/set-od-2-nocna-ormarica-s-2-ladice-od-mdf-barsuna\/","title":{"rendered":"Set od 2 no\u0107na ormari\u0107a s 2 ladice od MDF bar\u0161una"},"content":{"rendered":"<p>Detalji proizvoda:<\/p>\n<ul>\n<li><span>Materijal: MDF, puno drvo, bar\u0161un, metal<\/span><\/li>\n<li><span>Boja: roza<\/span><\/li>\n<li><span>Broj ladica: 2<\/span><\/li>\n<li><span>Ukupna nosivost: 80 kg<\/span><\/li>\n<li><span>Nosivost svake ladice: 10 kg<\/span><\/li>\n<li><span>Ukupna veli\u010dina: 40,5 x 51 x 41 cm (\u0160 x V x D)<\/span><\/li>\n<li><span>Veli\u010dina ladice: 35 x 9 x 30 cm (\u0160 x V x D)<\/span><\/li>\n<li><span>Te\u017eina: 22 kg (11 kg \/ kom)<\/span><\/li>\n<li><span>Broj paketa: 2<\/span><\/li>\n<\/ul>\n","protected":false},"excerpt":{"rendered":"<p>Bar\u0161unasta povr\u0161ina za nov i jedinstven izgled.<br \/>\nLadice od punog drva za &#8230; <\/p>\n","protected":false},"featured_media":33454,"template":"","meta":[],"product_cat":[2416],"product_tag":[3589,3691,2677],"yoast_head":"<!-- This site is optimized with the Yoast SEO plugin v23.7 - https:\/\/yoast.com\/wordpress\/plugins\/seo\/ -->\n<title>Set od 2 no\u0107na ormari\u0107a s 2 ladice od MDF bar\u0161una - Inti<\/title>\n<meta name=\"description\" content=\"Bar\u0161unasta povr\u0161ina za nov i jedinstven izgledLadice od punog drva za \u010dvrsto\u0107u i izdr\u017eljivostMDF plo\u010da za vodoodbojnu povr\u0161inu koja se lako \u010distiVeliki prostor za pohranu i vi\u0161estruka namjenaJednostavan za sklapanje\" \/>\n<meta name=\"robots\" content=\"index, follow, max-snippet:-1, max-image-preview:large, max-video-preview:-1\" \/>\n<link rel=\"canonical\" href=\"https:\/\/inti.hr\/sr\/proizvod\/set-od-2-nocna-ormarica-s-2-ladice-od-mdf-barsuna\/\" \/>\n<meta property=\"og:locale\" content=\"sr_RS\" \/>\n<meta property=\"og:type\" content=\"article\" \/>\n<meta property=\"og:title\" content=\"Set od 2 no\u0107na ormari\u0107a s 2 ladice od MDF bar\u0161una - Inti\" \/>\n<meta property=\"og:description\" content=\"Bar\u0161unasta povr\u0161ina za nov i jedinstven izgledLadice od punog drva za \u010dvrsto\u0107u i izdr\u017eljivostMDF plo\u010da za vodoodbojnu povr\u0161inu koja se lako \u010distiVeliki prostor za pohranu i vi\u0161estruka namjenaJednostavan za sklapanje\" \/>\n<meta property=\"og:url\" content=\"https:\/\/inti.hr\/sr\/proizvod\/set-od-2-nocna-ormarica-s-2-ladice-od-mdf-barsuna\/\" \/>\n<meta property=\"og:site_name\" content=\"Inti\" \/>\n<meta property=\"og:image\" content=\"https:\/\/i0.wp.com\/inti.hr\/wp-content\/uploads\/2023\/03\/2er-Set-Nachttisch-Nachtkommode-mit-2-Schubladen-aus-MDF-Samt-TS134rs-2-rosa2.jpg?fit=1500%2C1500&ssl=1\" \/>\n\t<meta property=\"og:image:width\" content=\"1500\" \/>\n\t<meta property=\"og:image:height\" content=\"1500\" \/>\n\t<meta property=\"og:image:type\" content=\"image\/jpeg\" \/>\n<meta name=\"twitter:card\" content=\"summary_large_image\" \/>\n<script type=\"application\/ld+json\" class=\"yoast-schema-graph\">{\"@context\":\"https:\/\/schema.org\",\"@graph\":[{\"@type\":\"WebPage\",\"@id\":\"https:\/\/inti.hr\/sr\/proizvod\/set-od-2-nocna-ormarica-s-2-ladice-od-mdf-barsuna\/\",\"url\":\"https:\/\/inti.hr\/sr\/proizvod\/set-od-2-nocna-ormarica-s-2-ladice-od-mdf-barsuna\/\",\"name\":\"Set od 2 no\u0107na ormari\u0107a s 2 ladice od MDF bar\u0161una - Inti\",\"isPartOf\":{\"@id\":\"https:\/\/inti.hr\/sr\/#website\"},\"primaryImageOfPage\":{\"@id\":\"https:\/\/inti.hr\/sr\/proizvod\/set-od-2-nocna-ormarica-s-2-ladice-od-mdf-barsuna\/#primaryimage\"},\"image\":{\"@id\":\"https:\/\/inti.hr\/sr\/proizvod\/set-od-2-nocna-ormarica-s-2-ladice-od-mdf-barsuna\/#primaryimage\"},\"thumbnailUrl\":\"https:\/\/i0.wp.com\/inti.hr\/wp-content\/uploads\/2023\/03\/2er-Set-Nachttisch-Nachtkommode-mit-2-Schubladen-aus-MDF-Samt-TS134rs-2-rosa2.jpg?fit=1500%2C1500&ssl=1\",\"datePublished\":\"2023-03-30T08:31:22+00:00\",\"dateModified\":\"2023-03-30T08:31:22+00:00\",\"description\":\"Bar\u0161unasta povr\u0161ina za nov i jedinstven izgledLadice od punog drva za \u010dvrsto\u0107u i izdr\u017eljivostMDF plo\u010da za vodoodbojnu povr\u0161inu koja se lako \u010distiVeliki prostor za pohranu i vi\u0161estruka namjenaJednostavan za sklapanje\",\"breadcrumb\":{\"@id\":\"https:\/\/inti.hr\/sr\/proizvod\/set-od-2-nocna-ormarica-s-2-ladice-od-mdf-barsuna\/#breadcrumb\"},\"inLanguage\":\"sr-RS\",\"potentialAction\":[{\"@type\":\"ReadAction\",\"target\":[\"https:\/\/inti.hr\/sr\/proizvod\/set-od-2-nocna-ormarica-s-2-ladice-od-mdf-barsuna\/\"]}]},{\"@type\":\"ImageObject\",\"inLanguage\":\"sr-RS\",\"@id\":\"https:\/\/inti.hr\/sr\/proizvod\/set-od-2-nocna-ormarica-s-2-ladice-od-mdf-barsuna\/#primaryimage\",\"url\":\"https:\/\/i0.wp.com\/inti.hr\/wp-content\/uploads\/2023\/03\/2er-Set-Nachttisch-Nachtkommode-mit-2-Schubladen-aus-MDF-Samt-TS134rs-2-rosa2.jpg?fit=1500%2C1500&ssl=1\",\"contentUrl\":\"https:\/\/i0.wp.com\/inti.hr\/wp-content\/uploads\/2023\/03\/2er-Set-Nachttisch-Nachtkommode-mit-2-Schubladen-aus-MDF-Samt-TS134rs-2-rosa2.jpg?fit=1500%2C1500&ssl=1\",\"width\":1500,\"height\":1500},{\"@type\":\"BreadcrumbList\",\"@id\":\"https:\/\/inti.hr\/sr\/proizvod\/set-od-2-nocna-ormarica-s-2-ladice-od-mdf-barsuna\/#breadcrumb\",\"itemListElement\":[{\"@type\":\"ListItem\",\"position\":1,\"name\":\"Po\u010detna stranica\",\"item\":\"https:\/\/inti.hr\/sr\/\"},{\"@type\":\"ListItem\",\"position\":2,\"name\":\"Prodavnica\",\"item\":\"https:\/\/inti.hr\/sr\/prodavnica\/\"},{\"@type\":\"ListItem\",\"position\":3,\"name\":\"Set od 2 no\u0107na ormari\u0107a s 2 ladice od MDF bar\u0161una\"}]},{\"@type\":\"WebSite\",\"@id\":\"https:\/\/inti.hr\/sr\/#website\",\"url\":\"https:\/\/inti.hr\/sr\/\",\"name\":\"Inti\",\"description\":\"trgovina\",\"potentialAction\":[{\"@type\":\"SearchAction\",\"target\":{\"@type\":\"EntryPoint\",\"urlTemplate\":\"https:\/\/inti.hr\/sr\/?s={search_term_string}\"},\"query-input\":{\"@type\":\"PropertyValueSpecification\",\"valueRequired\":true,\"valueName\":\"search_term_string\"}}],\"inLanguage\":\"sr-RS\"}]}<\/script>\n<!-- \/ Yoast SEO plugin. -->","yoast_head_json":{"title":"Set od 2 no\u0107na ormari\u0107a s 2 ladice od MDF bar\u0161una - Inti","description":"Bar\u0161unasta povr\u0161ina za nov i jedinstven izgledLadice od punog drva za \u010dvrsto\u0107u i izdr\u017eljivostMDF plo\u010da za vodoodbojnu povr\u0161inu koja se lako \u010distiVeliki prostor za pohranu i vi\u0161estruka namjenaJednostavan za sklapanje","robots":{"index":"index","follow":"follow","max-snippet":"max-snippet:-1","max-image-preview":"max-image-preview:large","max-video-preview":"max-video-preview:-1"},"canonical":"https:\/\/inti.hr\/sr\/proizvod\/set-od-2-nocna-ormarica-s-2-ladice-od-mdf-barsuna\/","og_locale":"sr_RS","og_type":"article","og_title":"Set od 2 no\u0107na ormari\u0107a s 2 ladice od MDF bar\u0161una - Inti","og_description":"Bar\u0161unasta povr\u0161ina za nov i jedinstven izgledLadice od punog drva za \u010dvrsto\u0107u i izdr\u017eljivostMDF plo\u010da za vodoodbojnu povr\u0161inu koja se lako \u010distiVeliki prostor za pohranu i vi\u0161estruka namjenaJednostavan za sklapanje","og_url":"https:\/\/inti.hr\/sr\/proizvod\/set-od-2-nocna-ormarica-s-2-ladice-od-mdf-barsuna\/","og_site_name":"Inti","og_image":[{"width":1500,"height":1500,"url":"https:\/\/i0.wp.com\/inti.hr\/wp-content\/uploads\/2023\/03\/2er-Set-Nachttisch-Nachtkommode-mit-2-Schubladen-aus-MDF-Samt-TS134rs-2-rosa2.jpg?fit=1500%2C1500&ssl=1","type":"image\/jpeg"}],"twitter_card":"summary_large_image","schema":{"@context":"https:\/\/schema.org","@graph":[{"@type":"WebPage","@id":"https:\/\/inti.hr\/sr\/proizvod\/set-od-2-nocna-ormarica-s-2-ladice-od-mdf-barsuna\/","url":"https:\/\/inti.hr\/sr\/proizvod\/set-od-2-nocna-ormarica-s-2-ladice-od-mdf-barsuna\/","name":"Set od 2 no\u0107na ormari\u0107a s 2 ladice od MDF bar\u0161una - Inti","isPartOf":{"@id":"https:\/\/inti.hr\/sr\/#website"},"primaryImageOfPage":{"@id":"https:\/\/inti.hr\/sr\/proizvod\/set-od-2-nocna-ormarica-s-2-ladice-od-mdf-barsuna\/#primaryimage"},"image":{"@id":"https:\/\/inti.hr\/sr\/proizvod\/set-od-2-nocna-ormarica-s-2-ladice-od-mdf-barsuna\/#primaryimage"},"thumbnailUrl":"https:\/\/i0.wp.com\/inti.hr\/wp-content\/uploads\/2023\/03\/2er-Set-Nachttisch-Nachtkommode-mit-2-Schubladen-aus-MDF-Samt-TS134rs-2-rosa2.jpg?fit=1500%2C1500&ssl=1","datePublished":"2023-03-30T08:31:22+00:00","dateModified":"2023-03-30T08:31:22+00:00","description":"Bar\u0161unasta povr\u0161ina za nov i jedinstven izgledLadice od punog drva za \u010dvrsto\u0107u i izdr\u017eljivostMDF plo\u010da za vodoodbojnu povr\u0161inu koja se lako \u010distiVeliki prostor za pohranu i vi\u0161estruka namjenaJednostavan za sklapanje","breadcrumb":{"@id":"https:\/\/inti.hr\/sr\/proizvod\/set-od-2-nocna-ormarica-s-2-ladice-od-mdf-barsuna\/#breadcrumb"},"inLanguage":"sr-RS","potentialAction":[{"@type":"ReadAction","target":["https:\/\/inti.hr\/sr\/proizvod\/set-od-2-nocna-ormarica-s-2-ladice-od-mdf-barsuna\/"]}]},{"@type":"ImageObject","inLanguage":"sr-RS","@id":"https:\/\/inti.hr\/sr\/proizvod\/set-od-2-nocna-ormarica-s-2-ladice-od-mdf-barsuna\/#primaryimage","url":"https:\/\/i0.wp.com\/inti.hr\/wp-content\/uploads\/2023\/03\/2er-Set-Nachttisch-Nachtkommode-mit-2-Schubladen-aus-MDF-Samt-TS134rs-2-rosa2.jpg?fit=1500%2C1500&ssl=1","contentUrl":"https:\/\/i0.wp.com\/inti.hr\/wp-content\/uploads\/2023\/03\/2er-Set-Nachttisch-Nachtkommode-mit-2-Schubladen-aus-MDF-Samt-TS134rs-2-rosa2.jpg?fit=1500%2C1500&ssl=1","width":1500,"height":1500},{"@type":"BreadcrumbList","@id":"https:\/\/inti.hr\/sr\/proizvod\/set-od-2-nocna-ormarica-s-2-ladice-od-mdf-barsuna\/#breadcrumb","itemListElement":[{"@type":"ListItem","position":1,"name":"Po\u010detna stranica","item":"https:\/\/inti.hr\/sr\/"},{"@type":"ListItem","position":2,"name":"Prodavnica","item":"https:\/\/inti.hr\/sr\/prodavnica\/"},{"@type":"ListItem","position":3,"name":"Set od 2 no\u0107na ormari\u0107a s 2 ladice od MDF bar\u0161una"}]},{"@type":"WebSite","@id":"https:\/\/inti.hr\/sr\/#website","url":"https:\/\/inti.hr\/sr\/","name":"Inti","description":"trgovina","potentialAction":[{"@type":"SearchAction","target":{"@type":"EntryPoint","urlTemplate":"https:\/\/inti.hr\/sr\/?s={search_term_string}"},"query-input":{"@type":"PropertyValueSpecification","valueRequired":true,"valueName":"search_term_string"}}],"inLanguage":"sr-RS"}]}},"jetpack_sharing_enabled":true,"jetpack-related-posts":[],"_links":{"self":[{"href":"https:\/\/inti.hr\/sr\/wp-json\/wp\/v2\/product\/33452"}],"collection":[{"href":"https:\/\/inti.hr\/sr\/wp-json\/wp\/v2\/product"}],"about":[{"href":"https:\/\/inti.hr\/sr\/wp-json\/wp\/v2\/types\/product"}],"wp:featuredmedia":[{"embeddable":true,"href":"https:\/\/inti.hr\/sr\/wp-json\/wp\/v2\/media\/33454"}],"wp:attachment":[{"href":"https:\/\/inti.hr\/sr\/wp-json\/wp\/v2\/media?parent=33452"}],"wp:term":[{"taxonomy":"product_cat","embeddable":true,"href":"https:\/\/inti.hr\/sr\/wp-json\/wp\/v2\/product_cat?post=33452"},{"taxonomy":"product_tag","embeddable":true,"href":"https:\/\/inti.hr\/sr\/wp-json\/wp\/v2\/product_tag?post=33452"}],"curies":[{"name":"wp","href":"https:\/\/api.w.org\/{rel}","templated":true}]}}