{"id":33463,"date":"2023-03-27T08:07:16","date_gmt":"2023-03-27T08:07:16","guid":{"rendered":"https:\/\/inti.hr\/product\/set-stol-i-2-klupe\/"},"modified":"2023-03-27T08:07:16","modified_gmt":"2023-03-27T08:07:16","slug":"set-stol-i-2-klupe","status":"publish","type":"product","link":"https:\/\/inti.hr\/sr\/proizvod\/set-stol-i-2-klupe\/","title":{"rendered":"Set stol i 2 klupe"},"content":{"rendered":"<p>Detalji proizvoda:<br \/>\n&#8211; Boja: vintage sme\u0111e-crna<br \/>\n&#8211; Materijal: iveral, \u010delik<br \/>\n&#8211; Veli\u010dina blagovaonskog stola: 110 x 70 x 75 cm (D x \u0160 x V)<br \/>\n&#8211; Veli\u010dina po klupi: 97 x 30 x 50 cm (D x \u0160 x V)<br \/>\n&#8211; Te\u017eina: 27 kg<br \/>\n&#8211; Maksimalno stati\u010dko optere\u0107enje blagovaonskog stola: 100 kg<br \/>\n&#8211; Maksimalno stati\u010dko optere\u0107enje svake klupe: 100 kg<\/p>\n","protected":false},"excerpt":{"rendered":"<p>Dvije klupe su visoke 50 cm i mogu se postaviti ispod &#8230; <\/p>\n","protected":false},"featured_media":33464,"template":"","meta":[],"product_cat":[2728,2539],"product_tag":[3310,3695],"yoast_head":"<!-- This site is optimized with the Yoast SEO plugin v23.7 - https:\/\/yoast.com\/wordpress\/plugins\/seo\/ -->\n<title>Set stol i 2 klupe - Inti<\/title>\n<meta name=\"description\" content=\"Dvije klupe su visoke 50 cm i mogu se postaviti ispod stola visokog 75 cm kada se ne koriste, \u010dime se \u0161tedi prostor i stvari vam ne smetaju. Vintage iveral s mat crnim okvirom (stol 40 x 40 mm, klupa 25 x 25 mm) - Kombinacija daje va\u0161oj sobi industrijski izgled i pru\u017ea dodatnu stabilnu potporu. Pogodan za kuhinju, blagovaonicu i dnevni boravak. Elegantni blagovaonski set iz na\u0161e kolekcije ALINRU. Opu\u0161tena atmosfera koja vas poziva na razgovor, smijeh, jelo i osje\u0107anje dobro kod ku\u0107e. Prakti\u010dan dizajn i jednostavan za \u010di\u0161\u0107enje.\" \/>\n<meta name=\"robots\" content=\"index, follow, max-snippet:-1, max-image-preview:large, max-video-preview:-1\" \/>\n<link rel=\"canonical\" href=\"https:\/\/inti.hr\/sr\/proizvod\/set-stol-i-2-klupe\/\" \/>\n<meta property=\"og:locale\" content=\"sr_RS\" \/>\n<meta property=\"og:type\" content=\"article\" \/>\n<meta property=\"og:title\" content=\"Set stol i 2 klupe - Inti\" \/>\n<meta property=\"og:description\" content=\"Dvije klupe su visoke 50 cm i mogu se postaviti ispod stola visokog 75 cm kada se ne koriste, \u010dime se \u0161tedi prostor i stvari vam ne smetaju. Vintage iveral s mat crnim okvirom (stol 40 x 40 mm, klupa 25 x 25 mm) - Kombinacija daje va\u0161oj sobi industrijski izgled i pru\u017ea dodatnu stabilnu potporu. Pogodan za kuhinju, blagovaonicu i dnevni boravak. Elegantni blagovaonski set iz na\u0161e kolekcije ALINRU. Opu\u0161tena atmosfera koja vas poziva na razgovor, smijeh, jelo i osje\u0107anje dobro kod ku\u0107e. Prakti\u010dan dizajn i jednostavan za \u010di\u0161\u0107enje.\" \/>\n<meta property=\"og:url\" content=\"https:\/\/inti.hr\/sr\/proizvod\/set-stol-i-2-klupe\/\" \/>\n<meta property=\"og:site_name\" content=\"Inti\" \/>\n<meta property=\"og:image\" content=\"https:\/\/i0.wp.com\/inti.hr\/wp-content\/uploads\/2023\/03\/KDT070B01-1-1.jpg?fit=750%2C750&ssl=1\" \/>\n\t<meta property=\"og:image:width\" content=\"750\" \/>\n\t<meta property=\"og:image:height\" content=\"750\" \/>\n\t<meta property=\"og:image:type\" content=\"image\/jpeg\" \/>\n<meta name=\"twitter:card\" content=\"summary_large_image\" \/>\n<script type=\"application\/ld+json\" class=\"yoast-schema-graph\">{\"@context\":\"https:\/\/schema.org\",\"@graph\":[{\"@type\":\"WebPage\",\"@id\":\"https:\/\/inti.hr\/sr\/proizvod\/set-stol-i-2-klupe\/\",\"url\":\"https:\/\/inti.hr\/sr\/proizvod\/set-stol-i-2-klupe\/\",\"name\":\"Set stol i 2 klupe - Inti\",\"isPartOf\":{\"@id\":\"https:\/\/inti.hr\/sr\/#website\"},\"primaryImageOfPage\":{\"@id\":\"https:\/\/inti.hr\/sr\/proizvod\/set-stol-i-2-klupe\/#primaryimage\"},\"image\":{\"@id\":\"https:\/\/inti.hr\/sr\/proizvod\/set-stol-i-2-klupe\/#primaryimage\"},\"thumbnailUrl\":\"https:\/\/i0.wp.com\/inti.hr\/wp-content\/uploads\/2023\/03\/KDT070B01-1-1.jpg?fit=750%2C750&ssl=1\",\"datePublished\":\"2023-03-27T08:07:16+00:00\",\"dateModified\":\"2023-03-27T08:07:16+00:00\",\"description\":\"Dvije klupe su visoke 50 cm i mogu se postaviti ispod stola visokog 75 cm kada se ne koriste, \u010dime se \u0161tedi prostor i stvari vam ne smetaju. Vintage iveral s mat crnim okvirom (stol 40 x 40 mm, klupa 25 x 25 mm) - Kombinacija daje va\u0161oj sobi industrijski izgled i pru\u017ea dodatnu stabilnu potporu. Pogodan za kuhinju, blagovaonicu i dnevni boravak. Elegantni blagovaonski set iz na\u0161e kolekcije ALINRU. Opu\u0161tena atmosfera koja vas poziva na razgovor, smijeh, jelo i osje\u0107anje dobro kod ku\u0107e. Prakti\u010dan dizajn i jednostavan za \u010di\u0161\u0107enje.\",\"breadcrumb\":{\"@id\":\"https:\/\/inti.hr\/sr\/proizvod\/set-stol-i-2-klupe\/#breadcrumb\"},\"inLanguage\":\"sr-RS\",\"potentialAction\":[{\"@type\":\"ReadAction\",\"target\":[\"https:\/\/inti.hr\/sr\/proizvod\/set-stol-i-2-klupe\/\"]}]},{\"@type\":\"ImageObject\",\"inLanguage\":\"sr-RS\",\"@id\":\"https:\/\/inti.hr\/sr\/proizvod\/set-stol-i-2-klupe\/#primaryimage\",\"url\":\"https:\/\/i0.wp.com\/inti.hr\/wp-content\/uploads\/2023\/03\/KDT070B01-1-1.jpg?fit=750%2C750&ssl=1\",\"contentUrl\":\"https:\/\/i0.wp.com\/inti.hr\/wp-content\/uploads\/2023\/03\/KDT070B01-1-1.jpg?fit=750%2C750&ssl=1\",\"width\":750,\"height\":750},{\"@type\":\"BreadcrumbList\",\"@id\":\"https:\/\/inti.hr\/sr\/proizvod\/set-stol-i-2-klupe\/#breadcrumb\",\"itemListElement\":[{\"@type\":\"ListItem\",\"position\":1,\"name\":\"Po\u010detna stranica\",\"item\":\"https:\/\/inti.hr\/sr\/\"},{\"@type\":\"ListItem\",\"position\":2,\"name\":\"Prodavnica\",\"item\":\"https:\/\/inti.hr\/sr\/prodavnica\/\"},{\"@type\":\"ListItem\",\"position\":3,\"name\":\"Set stol i 2 klupe\"}]},{\"@type\":\"WebSite\",\"@id\":\"https:\/\/inti.hr\/sr\/#website\",\"url\":\"https:\/\/inti.hr\/sr\/\",\"name\":\"Inti\",\"description\":\"trgovina\",\"potentialAction\":[{\"@type\":\"SearchAction\",\"target\":{\"@type\":\"EntryPoint\",\"urlTemplate\":\"https:\/\/inti.hr\/sr\/?s={search_term_string}\"},\"query-input\":{\"@type\":\"PropertyValueSpecification\",\"valueRequired\":true,\"valueName\":\"search_term_string\"}}],\"inLanguage\":\"sr-RS\"}]}<\/script>\n<!-- \/ Yoast SEO plugin. -->","yoast_head_json":{"title":"Set stol i 2 klupe - Inti","description":"Dvije klupe su visoke 50 cm i mogu se postaviti ispod stola visokog 75 cm kada se ne koriste, \u010dime se \u0161tedi prostor i stvari vam ne smetaju. Vintage iveral s mat crnim okvirom (stol 40 x 40 mm, klupa 25 x 25 mm) - Kombinacija daje va\u0161oj sobi industrijski izgled i pru\u017ea dodatnu stabilnu potporu. Pogodan za kuhinju, blagovaonicu i dnevni boravak. Elegantni blagovaonski set iz na\u0161e kolekcije ALINRU. Opu\u0161tena atmosfera koja vas poziva na razgovor, smijeh, jelo i osje\u0107anje dobro kod ku\u0107e. Prakti\u010dan dizajn i jednostavan za \u010di\u0161\u0107enje.","robots":{"index":"index","follow":"follow","max-snippet":"max-snippet:-1","max-image-preview":"max-image-preview:large","max-video-preview":"max-video-preview:-1"},"canonical":"https:\/\/inti.hr\/sr\/proizvod\/set-stol-i-2-klupe\/","og_locale":"sr_RS","og_type":"article","og_title":"Set stol i 2 klupe - Inti","og_description":"Dvije klupe su visoke 50 cm i mogu se postaviti ispod stola visokog 75 cm kada se ne koriste, \u010dime se \u0161tedi prostor i stvari vam ne smetaju. Vintage iveral s mat crnim okvirom (stol 40 x 40 mm, klupa 25 x 25 mm) - Kombinacija daje va\u0161oj sobi industrijski izgled i pru\u017ea dodatnu stabilnu potporu. Pogodan za kuhinju, blagovaonicu i dnevni boravak. Elegantni blagovaonski set iz na\u0161e kolekcije ALINRU. Opu\u0161tena atmosfera koja vas poziva na razgovor, smijeh, jelo i osje\u0107anje dobro kod ku\u0107e. Prakti\u010dan dizajn i jednostavan za \u010di\u0161\u0107enje.","og_url":"https:\/\/inti.hr\/sr\/proizvod\/set-stol-i-2-klupe\/","og_site_name":"Inti","og_image":[{"width":750,"height":750,"url":"https:\/\/i0.wp.com\/inti.hr\/wp-content\/uploads\/2023\/03\/KDT070B01-1-1.jpg?fit=750%2C750&ssl=1","type":"image\/jpeg"}],"twitter_card":"summary_large_image","schema":{"@context":"https:\/\/schema.org","@graph":[{"@type":"WebPage","@id":"https:\/\/inti.hr\/sr\/proizvod\/set-stol-i-2-klupe\/","url":"https:\/\/inti.hr\/sr\/proizvod\/set-stol-i-2-klupe\/","name":"Set stol i 2 klupe - Inti","isPartOf":{"@id":"https:\/\/inti.hr\/sr\/#website"},"primaryImageOfPage":{"@id":"https:\/\/inti.hr\/sr\/proizvod\/set-stol-i-2-klupe\/#primaryimage"},"image":{"@id":"https:\/\/inti.hr\/sr\/proizvod\/set-stol-i-2-klupe\/#primaryimage"},"thumbnailUrl":"https:\/\/i0.wp.com\/inti.hr\/wp-content\/uploads\/2023\/03\/KDT070B01-1-1.jpg?fit=750%2C750&ssl=1","datePublished":"2023-03-27T08:07:16+00:00","dateModified":"2023-03-27T08:07:16+00:00","description":"Dvije klupe su visoke 50 cm i mogu se postaviti ispod stola visokog 75 cm kada se ne koriste, \u010dime se \u0161tedi prostor i stvari vam ne smetaju. Vintage iveral s mat crnim okvirom (stol 40 x 40 mm, klupa 25 x 25 mm) - Kombinacija daje va\u0161oj sobi industrijski izgled i pru\u017ea dodatnu stabilnu potporu. Pogodan za kuhinju, blagovaonicu i dnevni boravak. Elegantni blagovaonski set iz na\u0161e kolekcije ALINRU. Opu\u0161tena atmosfera koja vas poziva na razgovor, smijeh, jelo i osje\u0107anje dobro kod ku\u0107e. Prakti\u010dan dizajn i jednostavan za \u010di\u0161\u0107enje.","breadcrumb":{"@id":"https:\/\/inti.hr\/sr\/proizvod\/set-stol-i-2-klupe\/#breadcrumb"},"inLanguage":"sr-RS","potentialAction":[{"@type":"ReadAction","target":["https:\/\/inti.hr\/sr\/proizvod\/set-stol-i-2-klupe\/"]}]},{"@type":"ImageObject","inLanguage":"sr-RS","@id":"https:\/\/inti.hr\/sr\/proizvod\/set-stol-i-2-klupe\/#primaryimage","url":"https:\/\/i0.wp.com\/inti.hr\/wp-content\/uploads\/2023\/03\/KDT070B01-1-1.jpg?fit=750%2C750&ssl=1","contentUrl":"https:\/\/i0.wp.com\/inti.hr\/wp-content\/uploads\/2023\/03\/KDT070B01-1-1.jpg?fit=750%2C750&ssl=1","width":750,"height":750},{"@type":"BreadcrumbList","@id":"https:\/\/inti.hr\/sr\/proizvod\/set-stol-i-2-klupe\/#breadcrumb","itemListElement":[{"@type":"ListItem","position":1,"name":"Po\u010detna stranica","item":"https:\/\/inti.hr\/sr\/"},{"@type":"ListItem","position":2,"name":"Prodavnica","item":"https:\/\/inti.hr\/sr\/prodavnica\/"},{"@type":"ListItem","position":3,"name":"Set stol i 2 klupe"}]},{"@type":"WebSite","@id":"https:\/\/inti.hr\/sr\/#website","url":"https:\/\/inti.hr\/sr\/","name":"Inti","description":"trgovina","potentialAction":[{"@type":"SearchAction","target":{"@type":"EntryPoint","urlTemplate":"https:\/\/inti.hr\/sr\/?s={search_term_string}"},"query-input":{"@type":"PropertyValueSpecification","valueRequired":true,"valueName":"search_term_string"}}],"inLanguage":"sr-RS"}]}},"jetpack_sharing_enabled":true,"jetpack-related-posts":[],"_links":{"self":[{"href":"https:\/\/inti.hr\/sr\/wp-json\/wp\/v2\/product\/33463"}],"collection":[{"href":"https:\/\/inti.hr\/sr\/wp-json\/wp\/v2\/product"}],"about":[{"href":"https:\/\/inti.hr\/sr\/wp-json\/wp\/v2\/types\/product"}],"wp:featuredmedia":[{"embeddable":true,"href":"https:\/\/inti.hr\/sr\/wp-json\/wp\/v2\/media\/33464"}],"wp:attachment":[{"href":"https:\/\/inti.hr\/sr\/wp-json\/wp\/v2\/media?parent=33463"}],"wp:term":[{"taxonomy":"product_cat","embeddable":true,"href":"https:\/\/inti.hr\/sr\/wp-json\/wp\/v2\/product_cat?post=33463"},{"taxonomy":"product_tag","embeddable":true,"href":"https:\/\/inti.hr\/sr\/wp-json\/wp\/v2\/product_tag?post=33463"}],"curies":[{"name":"wp","href":"https:\/\/api.w.org\/{rel}","templated":true}]}}