{"id":33517,"date":"2023-01-26T09:47:58","date_gmt":"2023-01-26T09:47:58","guid":{"rendered":"https:\/\/inti.hr\/product\/grebalica-za-macke-135-cm-sa-spiljom-grebalica\/"},"modified":"2023-01-26T09:47:58","modified_gmt":"2023-01-26T09:47:58","slug":"grebalica-za-macke-135-cm-sa-spiljom-grebalica","status":"publish","type":"product","link":"https:\/\/inti.hr\/sr\/proizvod\/grebalica-za-macke-135-cm-sa-spiljom-grebalica\/","title":{"rendered":"Grebalica za ma\u010dke 135 cm sa \u0161piljom"},"content":{"rendered":"<p>Detalji proizvoda:<br \/>\n&#8211; Boja: svijetlo siva<br \/>\n&#8211; Materijal: iveral, pli\u0161, sisal<br \/>\n&#8211; Veli\u010dina: 46 x 41 x 135 cm (D x \u0160 x V)<br \/>\n&#8211; Te\u017eina: 10,4 kg<br \/>\n&#8211; Ukupna stati\u010dka nosivost: 40 kg<\/p>\n","protected":false},"excerpt":{"rendered":"<p>Zahvaljuju\u0107i visokokvalitetnoj iverici, oja\u010danoj podlozi i za\u0161titi od prevrtanja, ovo stablo &#8230; <\/p>\n","protected":false},"featured_media":33518,"template":"","meta":[],"product_cat":[2404],"product_tag":[3031,2649,3725],"yoast_head":"<!-- This site is optimized with the Yoast SEO plugin v23.7 - https:\/\/yoast.com\/wordpress\/plugins\/seo\/ -->\n<title>Grebalica za ma\u010dke 135 cm sa \u0161piljom - Inti<\/title>\n<meta name=\"description\" content=\"Zahvaljuju\u0107i visokokvalitetnoj iverici, oja\u010danoj podlozi i za\u0161titi od prevrtanja, ovo stablo za ma\u010dke stabilno je i sigurno te je prikladno za igru \u200b\u200bdo 3 velike ma\u010dke (maksimalno 7 kg svaka). Navlake gornje navlake za ma\u010dje sjenice mogu se ukloniti radi lak\u0161eg \u010di\u0161\u0107enja (savjet: ru\u010dno pranje), \u0161to vam omogu\u0107uje da s lako\u0107om odr\u017eavate higijenu u prostoru va\u0161eg malog prijatelja. Toranj za ma\u010dke oblo\u017een je pli\u0161em kako bi se va\u0161i \u010detverono\u017eni prijatelji svugdje osje\u0107ali ugodno.\u00a0Podstavljeni tanki smu\u0111, udubljenje za ugodu i mekana ko\u0161ara nude vi\u0161e udobnosti i mogu\u0107nosti za predenje, drijemanje i opu\u0161tanje. S 2-u-1 stupom za grebanje i rampom za grebanje, ovaj ma\u010dji stup za grebanje omogu\u0107uje va\u0161em ma\u010djem prijatelju da grebe po volji, \u0161tite\u0107i va\u0161 kau\u010d od o\u0161te\u0107enja.\" \/>\n<meta name=\"robots\" content=\"index, follow, max-snippet:-1, max-image-preview:large, max-video-preview:-1\" \/>\n<link rel=\"canonical\" href=\"https:\/\/inti.hr\/sr\/proizvod\/grebalica-za-macke-135-cm-sa-spiljom-grebalica\/\" \/>\n<meta property=\"og:locale\" content=\"sr_RS\" \/>\n<meta property=\"og:type\" content=\"article\" \/>\n<meta property=\"og:title\" content=\"Grebalica za ma\u010dke 135 cm sa \u0161piljom - Inti\" \/>\n<meta property=\"og:description\" content=\"Zahvaljuju\u0107i visokokvalitetnoj iverici, oja\u010danoj podlozi i za\u0161titi od prevrtanja, ovo stablo za ma\u010dke stabilno je i sigurno te je prikladno za igru \u200b\u200bdo 3 velike ma\u010dke (maksimalno 7 kg svaka). Navlake gornje navlake za ma\u010dje sjenice mogu se ukloniti radi lak\u0161eg \u010di\u0161\u0107enja (savjet: ru\u010dno pranje), \u0161to vam omogu\u0107uje da s lako\u0107om odr\u017eavate higijenu u prostoru va\u0161eg malog prijatelja. Toranj za ma\u010dke oblo\u017een je pli\u0161em kako bi se va\u0161i \u010detverono\u017eni prijatelji svugdje osje\u0107ali ugodno.\u00a0Podstavljeni tanki smu\u0111, udubljenje za ugodu i mekana ko\u0161ara nude vi\u0161e udobnosti i mogu\u0107nosti za predenje, drijemanje i opu\u0161tanje. S 2-u-1 stupom za grebanje i rampom za grebanje, ovaj ma\u010dji stup za grebanje omogu\u0107uje va\u0161em ma\u010djem prijatelju da grebe po volji, \u0161tite\u0107i va\u0161 kau\u010d od o\u0161te\u0107enja.\" \/>\n<meta property=\"og:url\" content=\"https:\/\/inti.hr\/sr\/proizvod\/grebalica-za-macke-135-cm-sa-spiljom-grebalica\/\" \/>\n<meta property=\"og:site_name\" content=\"Inti\" \/>\n<meta property=\"og:image\" content=\"https:\/\/i0.wp.com\/inti.hr\/wp-content\/uploads\/2023\/01\/PCT132W01-1A.jpg?fit=750%2C750&ssl=1\" \/>\n\t<meta property=\"og:image:width\" content=\"750\" \/>\n\t<meta property=\"og:image:height\" content=\"750\" \/>\n\t<meta property=\"og:image:type\" content=\"image\/jpeg\" \/>\n<meta name=\"twitter:card\" content=\"summary_large_image\" \/>\n<script type=\"application\/ld+json\" class=\"yoast-schema-graph\">{\"@context\":\"https:\/\/schema.org\",\"@graph\":[{\"@type\":\"WebPage\",\"@id\":\"https:\/\/inti.hr\/sr\/proizvod\/grebalica-za-macke-135-cm-sa-spiljom-grebalica\/\",\"url\":\"https:\/\/inti.hr\/sr\/proizvod\/grebalica-za-macke-135-cm-sa-spiljom-grebalica\/\",\"name\":\"Grebalica za ma\u010dke 135 cm sa \u0161piljom - Inti\",\"isPartOf\":{\"@id\":\"https:\/\/inti.hr\/sr\/#website\"},\"primaryImageOfPage\":{\"@id\":\"https:\/\/inti.hr\/sr\/proizvod\/grebalica-za-macke-135-cm-sa-spiljom-grebalica\/#primaryimage\"},\"image\":{\"@id\":\"https:\/\/inti.hr\/sr\/proizvod\/grebalica-za-macke-135-cm-sa-spiljom-grebalica\/#primaryimage\"},\"thumbnailUrl\":\"https:\/\/i0.wp.com\/inti.hr\/wp-content\/uploads\/2023\/01\/PCT132W01-1A.jpg?fit=750%2C750&ssl=1\",\"datePublished\":\"2023-01-26T09:47:58+00:00\",\"dateModified\":\"2023-01-26T09:47:58+00:00\",\"description\":\"Zahvaljuju\u0107i visokokvalitetnoj iverici, oja\u010danoj podlozi i za\u0161titi od prevrtanja, ovo stablo za ma\u010dke stabilno je i sigurno te je prikladno za igru \u200b\u200bdo 3 velike ma\u010dke (maksimalno 7 kg svaka). Navlake gornje navlake za ma\u010dje sjenice mogu se ukloniti radi lak\u0161eg \u010di\u0161\u0107enja (savjet: ru\u010dno pranje), \u0161to vam omogu\u0107uje da s lako\u0107om odr\u017eavate higijenu u prostoru va\u0161eg malog prijatelja. Toranj za ma\u010dke oblo\u017een je pli\u0161em kako bi se va\u0161i \u010detverono\u017eni prijatelji svugdje osje\u0107ali ugodno.\u00a0Podstavljeni tanki smu\u0111, udubljenje za ugodu i mekana ko\u0161ara nude vi\u0161e udobnosti i mogu\u0107nosti za predenje, drijemanje i opu\u0161tanje. S 2-u-1 stupom za grebanje i rampom za grebanje, ovaj ma\u010dji stup za grebanje omogu\u0107uje va\u0161em ma\u010djem prijatelju da grebe po volji, \u0161tite\u0107i va\u0161 kau\u010d od o\u0161te\u0107enja.\",\"breadcrumb\":{\"@id\":\"https:\/\/inti.hr\/sr\/proizvod\/grebalica-za-macke-135-cm-sa-spiljom-grebalica\/#breadcrumb\"},\"inLanguage\":\"sr-RS\",\"potentialAction\":[{\"@type\":\"ReadAction\",\"target\":[\"https:\/\/inti.hr\/sr\/proizvod\/grebalica-za-macke-135-cm-sa-spiljom-grebalica\/\"]}]},{\"@type\":\"ImageObject\",\"inLanguage\":\"sr-RS\",\"@id\":\"https:\/\/inti.hr\/sr\/proizvod\/grebalica-za-macke-135-cm-sa-spiljom-grebalica\/#primaryimage\",\"url\":\"https:\/\/i0.wp.com\/inti.hr\/wp-content\/uploads\/2023\/01\/PCT132W01-1A.jpg?fit=750%2C750&ssl=1\",\"contentUrl\":\"https:\/\/i0.wp.com\/inti.hr\/wp-content\/uploads\/2023\/01\/PCT132W01-1A.jpg?fit=750%2C750&ssl=1\",\"width\":750,\"height\":750,\"caption\":\"Grebalica za ma\u010dke 135 cm sa \u0161piljom\"},{\"@type\":\"BreadcrumbList\",\"@id\":\"https:\/\/inti.hr\/sr\/proizvod\/grebalica-za-macke-135-cm-sa-spiljom-grebalica\/#breadcrumb\",\"itemListElement\":[{\"@type\":\"ListItem\",\"position\":1,\"name\":\"Po\u010detna stranica\",\"item\":\"https:\/\/inti.hr\/sr\/\"},{\"@type\":\"ListItem\",\"position\":2,\"name\":\"Prodavnica\",\"item\":\"https:\/\/inti.hr\/sr\/prodavnica\/\"},{\"@type\":\"ListItem\",\"position\":3,\"name\":\"Grebalica za ma\u010dke 135 cm sa \u0161piljom\"}]},{\"@type\":\"WebSite\",\"@id\":\"https:\/\/inti.hr\/sr\/#website\",\"url\":\"https:\/\/inti.hr\/sr\/\",\"name\":\"Inti\",\"description\":\"trgovina\",\"potentialAction\":[{\"@type\":\"SearchAction\",\"target\":{\"@type\":\"EntryPoint\",\"urlTemplate\":\"https:\/\/inti.hr\/sr\/?s={search_term_string}\"},\"query-input\":{\"@type\":\"PropertyValueSpecification\",\"valueRequired\":true,\"valueName\":\"search_term_string\"}}],\"inLanguage\":\"sr-RS\"}]}<\/script>\n<!-- \/ Yoast SEO plugin. -->","yoast_head_json":{"title":"Grebalica za ma\u010dke 135 cm sa \u0161piljom - Inti","description":"Zahvaljuju\u0107i visokokvalitetnoj iverici, oja\u010danoj podlozi i za\u0161titi od prevrtanja, ovo stablo za ma\u010dke stabilno je i sigurno te je prikladno za igru \u200b\u200bdo 3 velike ma\u010dke (maksimalno 7 kg svaka). Navlake gornje navlake za ma\u010dje sjenice mogu se ukloniti radi lak\u0161eg \u010di\u0161\u0107enja (savjet: ru\u010dno pranje), \u0161to vam omogu\u0107uje da s lako\u0107om odr\u017eavate higijenu u prostoru va\u0161eg malog prijatelja. Toranj za ma\u010dke oblo\u017een je pli\u0161em kako bi se va\u0161i \u010detverono\u017eni prijatelji svugdje osje\u0107ali ugodno.\u00a0Podstavljeni tanki smu\u0111, udubljenje za ugodu i mekana ko\u0161ara nude vi\u0161e udobnosti i mogu\u0107nosti za predenje, drijemanje i opu\u0161tanje. S 2-u-1 stupom za grebanje i rampom za grebanje, ovaj ma\u010dji stup za grebanje omogu\u0107uje va\u0161em ma\u010djem prijatelju da grebe po volji, \u0161tite\u0107i va\u0161 kau\u010d od o\u0161te\u0107enja.","robots":{"index":"index","follow":"follow","max-snippet":"max-snippet:-1","max-image-preview":"max-image-preview:large","max-video-preview":"max-video-preview:-1"},"canonical":"https:\/\/inti.hr\/sr\/proizvod\/grebalica-za-macke-135-cm-sa-spiljom-grebalica\/","og_locale":"sr_RS","og_type":"article","og_title":"Grebalica za ma\u010dke 135 cm sa \u0161piljom - Inti","og_description":"Zahvaljuju\u0107i visokokvalitetnoj iverici, oja\u010danoj podlozi i za\u0161titi od prevrtanja, ovo stablo za ma\u010dke stabilno je i sigurno te je prikladno za igru \u200b\u200bdo 3 velike ma\u010dke (maksimalno 7 kg svaka). Navlake gornje navlake za ma\u010dje sjenice mogu se ukloniti radi lak\u0161eg \u010di\u0161\u0107enja (savjet: ru\u010dno pranje), \u0161to vam omogu\u0107uje da s lako\u0107om odr\u017eavate higijenu u prostoru va\u0161eg malog prijatelja. Toranj za ma\u010dke oblo\u017een je pli\u0161em kako bi se va\u0161i \u010detverono\u017eni prijatelji svugdje osje\u0107ali ugodno.\u00a0Podstavljeni tanki smu\u0111, udubljenje za ugodu i mekana ko\u0161ara nude vi\u0161e udobnosti i mogu\u0107nosti za predenje, drijemanje i opu\u0161tanje. S 2-u-1 stupom za grebanje i rampom za grebanje, ovaj ma\u010dji stup za grebanje omogu\u0107uje va\u0161em ma\u010djem prijatelju da grebe po volji, \u0161tite\u0107i va\u0161 kau\u010d od o\u0161te\u0107enja.","og_url":"https:\/\/inti.hr\/sr\/proizvod\/grebalica-za-macke-135-cm-sa-spiljom-grebalica\/","og_site_name":"Inti","og_image":[{"width":750,"height":750,"url":"https:\/\/i0.wp.com\/inti.hr\/wp-content\/uploads\/2023\/01\/PCT132W01-1A.jpg?fit=750%2C750&ssl=1","type":"image\/jpeg"}],"twitter_card":"summary_large_image","schema":{"@context":"https:\/\/schema.org","@graph":[{"@type":"WebPage","@id":"https:\/\/inti.hr\/sr\/proizvod\/grebalica-za-macke-135-cm-sa-spiljom-grebalica\/","url":"https:\/\/inti.hr\/sr\/proizvod\/grebalica-za-macke-135-cm-sa-spiljom-grebalica\/","name":"Grebalica za ma\u010dke 135 cm sa \u0161piljom - Inti","isPartOf":{"@id":"https:\/\/inti.hr\/sr\/#website"},"primaryImageOfPage":{"@id":"https:\/\/inti.hr\/sr\/proizvod\/grebalica-za-macke-135-cm-sa-spiljom-grebalica\/#primaryimage"},"image":{"@id":"https:\/\/inti.hr\/sr\/proizvod\/grebalica-za-macke-135-cm-sa-spiljom-grebalica\/#primaryimage"},"thumbnailUrl":"https:\/\/i0.wp.com\/inti.hr\/wp-content\/uploads\/2023\/01\/PCT132W01-1A.jpg?fit=750%2C750&ssl=1","datePublished":"2023-01-26T09:47:58+00:00","dateModified":"2023-01-26T09:47:58+00:00","description":"Zahvaljuju\u0107i visokokvalitetnoj iverici, oja\u010danoj podlozi i za\u0161titi od prevrtanja, ovo stablo za ma\u010dke stabilno je i sigurno te je prikladno za igru \u200b\u200bdo 3 velike ma\u010dke (maksimalno 7 kg svaka). Navlake gornje navlake za ma\u010dje sjenice mogu se ukloniti radi lak\u0161eg \u010di\u0161\u0107enja (savjet: ru\u010dno pranje), \u0161to vam omogu\u0107uje da s lako\u0107om odr\u017eavate higijenu u prostoru va\u0161eg malog prijatelja. Toranj za ma\u010dke oblo\u017een je pli\u0161em kako bi se va\u0161i \u010detverono\u017eni prijatelji svugdje osje\u0107ali ugodno.\u00a0Podstavljeni tanki smu\u0111, udubljenje za ugodu i mekana ko\u0161ara nude vi\u0161e udobnosti i mogu\u0107nosti za predenje, drijemanje i opu\u0161tanje. S 2-u-1 stupom za grebanje i rampom za grebanje, ovaj ma\u010dji stup za grebanje omogu\u0107uje va\u0161em ma\u010djem prijatelju da grebe po volji, \u0161tite\u0107i va\u0161 kau\u010d od o\u0161te\u0107enja.","breadcrumb":{"@id":"https:\/\/inti.hr\/sr\/proizvod\/grebalica-za-macke-135-cm-sa-spiljom-grebalica\/#breadcrumb"},"inLanguage":"sr-RS","potentialAction":[{"@type":"ReadAction","target":["https:\/\/inti.hr\/sr\/proizvod\/grebalica-za-macke-135-cm-sa-spiljom-grebalica\/"]}]},{"@type":"ImageObject","inLanguage":"sr-RS","@id":"https:\/\/inti.hr\/sr\/proizvod\/grebalica-za-macke-135-cm-sa-spiljom-grebalica\/#primaryimage","url":"https:\/\/i0.wp.com\/inti.hr\/wp-content\/uploads\/2023\/01\/PCT132W01-1A.jpg?fit=750%2C750&ssl=1","contentUrl":"https:\/\/i0.wp.com\/inti.hr\/wp-content\/uploads\/2023\/01\/PCT132W01-1A.jpg?fit=750%2C750&ssl=1","width":750,"height":750,"caption":"Grebalica za ma\u010dke 135 cm sa \u0161piljom"},{"@type":"BreadcrumbList","@id":"https:\/\/inti.hr\/sr\/proizvod\/grebalica-za-macke-135-cm-sa-spiljom-grebalica\/#breadcrumb","itemListElement":[{"@type":"ListItem","position":1,"name":"Po\u010detna stranica","item":"https:\/\/inti.hr\/sr\/"},{"@type":"ListItem","position":2,"name":"Prodavnica","item":"https:\/\/inti.hr\/sr\/prodavnica\/"},{"@type":"ListItem","position":3,"name":"Grebalica za ma\u010dke 135 cm sa \u0161piljom"}]},{"@type":"WebSite","@id":"https:\/\/inti.hr\/sr\/#website","url":"https:\/\/inti.hr\/sr\/","name":"Inti","description":"trgovina","potentialAction":[{"@type":"SearchAction","target":{"@type":"EntryPoint","urlTemplate":"https:\/\/inti.hr\/sr\/?s={search_term_string}"},"query-input":{"@type":"PropertyValueSpecification","valueRequired":true,"valueName":"search_term_string"}}],"inLanguage":"sr-RS"}]}},"jetpack_sharing_enabled":true,"jetpack-related-posts":[],"_links":{"self":[{"href":"https:\/\/inti.hr\/sr\/wp-json\/wp\/v2\/product\/33517"}],"collection":[{"href":"https:\/\/inti.hr\/sr\/wp-json\/wp\/v2\/product"}],"about":[{"href":"https:\/\/inti.hr\/sr\/wp-json\/wp\/v2\/types\/product"}],"wp:featuredmedia":[{"embeddable":true,"href":"https:\/\/inti.hr\/sr\/wp-json\/wp\/v2\/media\/33518"}],"wp:attachment":[{"href":"https:\/\/inti.hr\/sr\/wp-json\/wp\/v2\/media?parent=33517"}],"wp:term":[{"taxonomy":"product_cat","embeddable":true,"href":"https:\/\/inti.hr\/sr\/wp-json\/wp\/v2\/product_cat?post=33517"},{"taxonomy":"product_tag","embeddable":true,"href":"https:\/\/inti.hr\/sr\/wp-json\/wp\/v2\/product_tag?post=33517"}],"curies":[{"name":"wp","href":"https:\/\/api.w.org\/{rel}","templated":true}]}}