{"id":33537,"date":"2023-01-12T09:56:15","date_gmt":"2023-01-12T09:56:15","guid":{"rendered":"https:\/\/inti.hr\/product\/stalak-za-biljke-haasdonk-3-dijelni\/"},"modified":"2023-01-12T09:56:15","modified_gmt":"2023-01-12T09:56:15","slug":"stalak-za-biljke-haasdonk-3-dijelni","status":"publish","type":"product","link":"https:\/\/inti.hr\/sr\/proizvod\/stalak-za-biljke-haasdonk-3-dijelni\/","title":{"rendered":"Stalak za biljke Haasdonk 3-dijelni"},"content":{"rendered":"<p>Detalji o proizvodu:<\/p>\n<p>&#8211; Sklopivi stalak za biljke s 3 posude<br \/>\nza biljke &#8211; Savr\u0161eno za biljke u va\u0161oj dnevnoj sobi<br \/>\n&#8211; Bezvremenski i dekorativan dizajn<\/p>\n<p>Dimenzije:<\/p>\n<p>&#8211; Sveukupno (Vx\u0160xD): 80 x 45 x 45 cm<br \/>\n&#8211; Mali okvir (Vx\u0160): 40 x 22 cm<br \/>\n&#8211; Srednji okvir (Vx\u0160): 60 x 22 cm<br \/>\n&#8211; Veliki okvir (Vx\u0160): 80 x 22 cm<br \/>\n&#8211; Sadilica (Vx\u00d8) : 15 x 20 cm svaki<\/p>\n<p>Materijal:<\/p>\n<p>metal<\/p>\n<p>Boja:<\/p>\n<p>&#8211; Okvir: crni<br \/>\n&#8211; Posuda za biljke: u boji mesinga<\/p>\n<p>Opseg isporuke:<\/p>\n<p>1 x stalak za cvije\u0107e s 3 dr\u017ea\u010da za posude za biljke<\/p>\n","protected":false},"excerpt":{"rendered":"<p>Ovaj neobi\u010dan stalak za biljke s 3 metalne posude za biljke &#8230; <\/p>\n","protected":false},"featured_media":33538,"template":"","meta":[],"product_cat":[2893],"product_tag":[3739,3740],"yoast_head":"<!-- This site is optimized with the Yoast SEO plugin v23.7 - https:\/\/yoast.com\/wordpress\/plugins\/seo\/ -->\n<title>Stalak za biljke Haasdonk 3-dijelni - Inti<\/title>\n<meta name=\"description\" content=\"Ovaj neobi\u010dan stalak za biljke s 3 metalne posude za biljke sklopiv je i stoga vrlo \u0161tedi prostor. Njegov bezvremenski i dekorativan dizajn \u010dini ga pravim privla\u010dnim za oko u va\u0161em dnevnom boravku.\" \/>\n<meta name=\"robots\" content=\"index, follow, max-snippet:-1, max-image-preview:large, max-video-preview:-1\" \/>\n<link rel=\"canonical\" href=\"https:\/\/inti.hr\/sr\/proizvod\/stalak-za-biljke-haasdonk-3-dijelni\/\" \/>\n<meta property=\"og:locale\" content=\"sr_RS\" \/>\n<meta property=\"og:type\" content=\"article\" \/>\n<meta property=\"og:title\" content=\"Stalak za biljke Haasdonk 3-dijelni - Inti\" \/>\n<meta property=\"og:description\" content=\"Ovaj neobi\u010dan stalak za biljke s 3 metalne posude za biljke sklopiv je i stoga vrlo \u0161tedi prostor. Njegov bezvremenski i dekorativan dizajn \u010dini ga pravim privla\u010dnim za oko u va\u0161em dnevnom boravku.\" \/>\n<meta property=\"og:url\" content=\"https:\/\/inti.hr\/sr\/proizvod\/stalak-za-biljke-haasdonk-3-dijelni\/\" \/>\n<meta property=\"og:site_name\" content=\"Inti\" \/>\n<meta property=\"og:image\" content=\"https:\/\/i0.wp.com\/inti.hr\/wp-content\/uploads\/2023\/01\/845f100bef4cc9ef2d5ee51193298392.jpg?fit=1400%2C1400&ssl=1\" \/>\n\t<meta property=\"og:image:width\" content=\"1400\" \/>\n\t<meta property=\"og:image:height\" content=\"1400\" \/>\n\t<meta property=\"og:image:type\" content=\"image\/jpeg\" \/>\n<meta name=\"twitter:card\" content=\"summary_large_image\" \/>\n<script type=\"application\/ld+json\" class=\"yoast-schema-graph\">{\"@context\":\"https:\/\/schema.org\",\"@graph\":[{\"@type\":\"WebPage\",\"@id\":\"https:\/\/inti.hr\/sr\/proizvod\/stalak-za-biljke-haasdonk-3-dijelni\/\",\"url\":\"https:\/\/inti.hr\/sr\/proizvod\/stalak-za-biljke-haasdonk-3-dijelni\/\",\"name\":\"Stalak za biljke Haasdonk 3-dijelni - Inti\",\"isPartOf\":{\"@id\":\"https:\/\/inti.hr\/sr\/#website\"},\"primaryImageOfPage\":{\"@id\":\"https:\/\/inti.hr\/sr\/proizvod\/stalak-za-biljke-haasdonk-3-dijelni\/#primaryimage\"},\"image\":{\"@id\":\"https:\/\/inti.hr\/sr\/proizvod\/stalak-za-biljke-haasdonk-3-dijelni\/#primaryimage\"},\"thumbnailUrl\":\"https:\/\/i0.wp.com\/inti.hr\/wp-content\/uploads\/2023\/01\/845f100bef4cc9ef2d5ee51193298392.jpg?fit=1400%2C1400&ssl=1\",\"datePublished\":\"2023-01-12T09:56:15+00:00\",\"dateModified\":\"2023-01-12T09:56:15+00:00\",\"description\":\"Ovaj neobi\u010dan stalak za biljke s 3 metalne posude za biljke sklopiv je i stoga vrlo \u0161tedi prostor. Njegov bezvremenski i dekorativan dizajn \u010dini ga pravim privla\u010dnim za oko u va\u0161em dnevnom boravku.\",\"breadcrumb\":{\"@id\":\"https:\/\/inti.hr\/sr\/proizvod\/stalak-za-biljke-haasdonk-3-dijelni\/#breadcrumb\"},\"inLanguage\":\"sr-RS\",\"potentialAction\":[{\"@type\":\"ReadAction\",\"target\":[\"https:\/\/inti.hr\/sr\/proizvod\/stalak-za-biljke-haasdonk-3-dijelni\/\"]}]},{\"@type\":\"ImageObject\",\"inLanguage\":\"sr-RS\",\"@id\":\"https:\/\/inti.hr\/sr\/proizvod\/stalak-za-biljke-haasdonk-3-dijelni\/#primaryimage\",\"url\":\"https:\/\/i0.wp.com\/inti.hr\/wp-content\/uploads\/2023\/01\/845f100bef4cc9ef2d5ee51193298392.jpg?fit=1400%2C1400&ssl=1\",\"contentUrl\":\"https:\/\/i0.wp.com\/inti.hr\/wp-content\/uploads\/2023\/01\/845f100bef4cc9ef2d5ee51193298392.jpg?fit=1400%2C1400&ssl=1\",\"width\":1400,\"height\":1400,\"caption\":\"Stalak za biljke Haasdonk 3-dijelni\"},{\"@type\":\"BreadcrumbList\",\"@id\":\"https:\/\/inti.hr\/sr\/proizvod\/stalak-za-biljke-haasdonk-3-dijelni\/#breadcrumb\",\"itemListElement\":[{\"@type\":\"ListItem\",\"position\":1,\"name\":\"Po\u010detna stranica\",\"item\":\"https:\/\/inti.hr\/sr\/\"},{\"@type\":\"ListItem\",\"position\":2,\"name\":\"Prodavnica\",\"item\":\"https:\/\/inti.hr\/sr\/prodavnica\/\"},{\"@type\":\"ListItem\",\"position\":3,\"name\":\"Stalak za biljke Haasdonk 3-dijelni\"}]},{\"@type\":\"WebSite\",\"@id\":\"https:\/\/inti.hr\/sr\/#website\",\"url\":\"https:\/\/inti.hr\/sr\/\",\"name\":\"Inti\",\"description\":\"trgovina\",\"potentialAction\":[{\"@type\":\"SearchAction\",\"target\":{\"@type\":\"EntryPoint\",\"urlTemplate\":\"https:\/\/inti.hr\/sr\/?s={search_term_string}\"},\"query-input\":{\"@type\":\"PropertyValueSpecification\",\"valueRequired\":true,\"valueName\":\"search_term_string\"}}],\"inLanguage\":\"sr-RS\"}]}<\/script>\n<!-- \/ Yoast SEO plugin. -->","yoast_head_json":{"title":"Stalak za biljke Haasdonk 3-dijelni - Inti","description":"Ovaj neobi\u010dan stalak za biljke s 3 metalne posude za biljke sklopiv je i stoga vrlo \u0161tedi prostor. Njegov bezvremenski i dekorativan dizajn \u010dini ga pravim privla\u010dnim za oko u va\u0161em dnevnom boravku.","robots":{"index":"index","follow":"follow","max-snippet":"max-snippet:-1","max-image-preview":"max-image-preview:large","max-video-preview":"max-video-preview:-1"},"canonical":"https:\/\/inti.hr\/sr\/proizvod\/stalak-za-biljke-haasdonk-3-dijelni\/","og_locale":"sr_RS","og_type":"article","og_title":"Stalak za biljke Haasdonk 3-dijelni - Inti","og_description":"Ovaj neobi\u010dan stalak za biljke s 3 metalne posude za biljke sklopiv je i stoga vrlo \u0161tedi prostor. Njegov bezvremenski i dekorativan dizajn \u010dini ga pravim privla\u010dnim za oko u va\u0161em dnevnom boravku.","og_url":"https:\/\/inti.hr\/sr\/proizvod\/stalak-za-biljke-haasdonk-3-dijelni\/","og_site_name":"Inti","og_image":[{"width":1400,"height":1400,"url":"https:\/\/i0.wp.com\/inti.hr\/wp-content\/uploads\/2023\/01\/845f100bef4cc9ef2d5ee51193298392.jpg?fit=1400%2C1400&ssl=1","type":"image\/jpeg"}],"twitter_card":"summary_large_image","schema":{"@context":"https:\/\/schema.org","@graph":[{"@type":"WebPage","@id":"https:\/\/inti.hr\/sr\/proizvod\/stalak-za-biljke-haasdonk-3-dijelni\/","url":"https:\/\/inti.hr\/sr\/proizvod\/stalak-za-biljke-haasdonk-3-dijelni\/","name":"Stalak za biljke Haasdonk 3-dijelni - Inti","isPartOf":{"@id":"https:\/\/inti.hr\/sr\/#website"},"primaryImageOfPage":{"@id":"https:\/\/inti.hr\/sr\/proizvod\/stalak-za-biljke-haasdonk-3-dijelni\/#primaryimage"},"image":{"@id":"https:\/\/inti.hr\/sr\/proizvod\/stalak-za-biljke-haasdonk-3-dijelni\/#primaryimage"},"thumbnailUrl":"https:\/\/i0.wp.com\/inti.hr\/wp-content\/uploads\/2023\/01\/845f100bef4cc9ef2d5ee51193298392.jpg?fit=1400%2C1400&ssl=1","datePublished":"2023-01-12T09:56:15+00:00","dateModified":"2023-01-12T09:56:15+00:00","description":"Ovaj neobi\u010dan stalak za biljke s 3 metalne posude za biljke sklopiv je i stoga vrlo \u0161tedi prostor. Njegov bezvremenski i dekorativan dizajn \u010dini ga pravim privla\u010dnim za oko u va\u0161em dnevnom boravku.","breadcrumb":{"@id":"https:\/\/inti.hr\/sr\/proizvod\/stalak-za-biljke-haasdonk-3-dijelni\/#breadcrumb"},"inLanguage":"sr-RS","potentialAction":[{"@type":"ReadAction","target":["https:\/\/inti.hr\/sr\/proizvod\/stalak-za-biljke-haasdonk-3-dijelni\/"]}]},{"@type":"ImageObject","inLanguage":"sr-RS","@id":"https:\/\/inti.hr\/sr\/proizvod\/stalak-za-biljke-haasdonk-3-dijelni\/#primaryimage","url":"https:\/\/i0.wp.com\/inti.hr\/wp-content\/uploads\/2023\/01\/845f100bef4cc9ef2d5ee51193298392.jpg?fit=1400%2C1400&ssl=1","contentUrl":"https:\/\/i0.wp.com\/inti.hr\/wp-content\/uploads\/2023\/01\/845f100bef4cc9ef2d5ee51193298392.jpg?fit=1400%2C1400&ssl=1","width":1400,"height":1400,"caption":"Stalak za biljke Haasdonk 3-dijelni"},{"@type":"BreadcrumbList","@id":"https:\/\/inti.hr\/sr\/proizvod\/stalak-za-biljke-haasdonk-3-dijelni\/#breadcrumb","itemListElement":[{"@type":"ListItem","position":1,"name":"Po\u010detna stranica","item":"https:\/\/inti.hr\/sr\/"},{"@type":"ListItem","position":2,"name":"Prodavnica","item":"https:\/\/inti.hr\/sr\/prodavnica\/"},{"@type":"ListItem","position":3,"name":"Stalak za biljke Haasdonk 3-dijelni"}]},{"@type":"WebSite","@id":"https:\/\/inti.hr\/sr\/#website","url":"https:\/\/inti.hr\/sr\/","name":"Inti","description":"trgovina","potentialAction":[{"@type":"SearchAction","target":{"@type":"EntryPoint","urlTemplate":"https:\/\/inti.hr\/sr\/?s={search_term_string}"},"query-input":{"@type":"PropertyValueSpecification","valueRequired":true,"valueName":"search_term_string"}}],"inLanguage":"sr-RS"}]}},"jetpack_sharing_enabled":true,"jetpack-related-posts":[],"_links":{"self":[{"href":"https:\/\/inti.hr\/sr\/wp-json\/wp\/v2\/product\/33537"}],"collection":[{"href":"https:\/\/inti.hr\/sr\/wp-json\/wp\/v2\/product"}],"about":[{"href":"https:\/\/inti.hr\/sr\/wp-json\/wp\/v2\/types\/product"}],"wp:featuredmedia":[{"embeddable":true,"href":"https:\/\/inti.hr\/sr\/wp-json\/wp\/v2\/media\/33538"}],"wp:attachment":[{"href":"https:\/\/inti.hr\/sr\/wp-json\/wp\/v2\/media?parent=33537"}],"wp:term":[{"taxonomy":"product_cat","embeddable":true,"href":"https:\/\/inti.hr\/sr\/wp-json\/wp\/v2\/product_cat?post=33537"},{"taxonomy":"product_tag","embeddable":true,"href":"https:\/\/inti.hr\/sr\/wp-json\/wp\/v2\/product_tag?post=33537"}],"curies":[{"name":"wp","href":"https:\/\/api.w.org\/{rel}","templated":true}]}}