{"id":33553,"date":"2023-01-12T09:33:54","date_gmt":"2023-01-12T09:33:54","guid":{"rendered":"https:\/\/inti.hr\/product\/stalak-za-biljke-anderlues-set-od-2-crne-mjedene-boje\/"},"modified":"2023-01-12T09:33:54","modified_gmt":"2023-01-12T09:33:54","slug":"stalak-za-biljke-anderlues-set-od-2-crne-mjedene-boje","status":"publish","type":"product","link":"https:\/\/inti.hr\/sr\/proizvod\/stalak-za-biljke-anderlues-set-od-2-crne-mjedene-boje\/","title":{"rendered":"Stalak za biljke Anderlues set od 2 crne\/mjedene boje"},"content":{"rendered":"<p><b>Detalji o proizvodu:<\/b><\/p>\n<p>&#8211; Set od 2 stalka za posude za cvije\u0107e razli\u010ditih veli\u010dina<br \/>\n&#8211; Izme\u0111u ostalog, savr\u0161eno prikladne kao \u017eardinjere za va\u0161u dnevnu sobu<br \/>\n&#8211; Bezvremenski i dekorativan dizajn<\/p>\n<p><b>Dimenzije:<\/b><\/p>\n<p>&#8211; Ukupna veli\u010dina postolja za biljke 1 (Vx\u0160xD): 66 x 45 x 22 cm<br \/>\n&#8211; Kutija za biljke 1 (Vx\u0160xD): 19 x 42,5 x 19 cm<br \/>\n&#8211; Ukupna veli\u010dina postolja za biljke 2 (Vx\u0160xD): 78 x 55 x 25 cm<br \/>\n&#8211; Biljke kutija 2 (Vx\u0160xD): 22x52x22cm<\/p>\n<p><b>Materijal:<\/b><\/p>\n<p>metal<\/p>\n<p><b>Boja:<\/b><\/p>\n<p>&#8211; Okvir: crni<br \/>\n&#8211; Sadilica: u boji mesinga<\/p>\n","protected":false},"excerpt":{"rendered":"<p>Ovi neobi\u010dni metalni stalci za biljke privla\u010de pa\u017enju u va\u0161em dnevnom &#8230; <\/p>\n","protected":false},"featured_media":33554,"template":"","meta":[],"product_cat":[2893],"product_tag":[3501,3743],"yoast_head":"<!-- This site is optimized with the Yoast SEO plugin v23.7 - https:\/\/yoast.com\/wordpress\/plugins\/seo\/ -->\n<title>Stalak za biljke Anderlues set od 2 crne\/mjedene boje - Inti<\/title>\n<meta name=\"description\" content=\"Ovi neobi\u010dni metalni stalci za biljke privla\u010de pa\u017enju u va\u0161em dnevnom boravku svojim bezvremenskim i dekorativnim dizajnom.\" \/>\n<meta name=\"robots\" content=\"index, follow, max-snippet:-1, max-image-preview:large, max-video-preview:-1\" \/>\n<link rel=\"canonical\" href=\"https:\/\/inti.hr\/sr\/proizvod\/stalak-za-biljke-anderlues-set-od-2-crne-mjedene-boje\/\" \/>\n<meta property=\"og:locale\" content=\"sr_RS\" \/>\n<meta property=\"og:type\" content=\"article\" \/>\n<meta property=\"og:title\" content=\"Stalak za biljke Anderlues set od 2 crne\/mjedene boje - Inti\" \/>\n<meta property=\"og:description\" content=\"Ovi neobi\u010dni metalni stalci za biljke privla\u010de pa\u017enju u va\u0161em dnevnom boravku svojim bezvremenskim i dekorativnim dizajnom.\" \/>\n<meta property=\"og:url\" content=\"https:\/\/inti.hr\/sr\/proizvod\/stalak-za-biljke-anderlues-set-od-2-crne-mjedene-boje\/\" \/>\n<meta property=\"og:site_name\" content=\"Inti\" \/>\n<meta property=\"og:image\" content=\"https:\/\/i0.wp.com\/inti.hr\/wp-content\/uploads\/2023\/01\/0285a6f70af16acc4776b7a72c68d7e6.jpg?fit=1400%2C1400&ssl=1\" \/>\n\t<meta property=\"og:image:width\" content=\"1400\" \/>\n\t<meta property=\"og:image:height\" content=\"1400\" \/>\n\t<meta property=\"og:image:type\" content=\"image\/jpeg\" \/>\n<meta name=\"twitter:card\" content=\"summary_large_image\" \/>\n<script type=\"application\/ld+json\" class=\"yoast-schema-graph\">{\"@context\":\"https:\/\/schema.org\",\"@graph\":[{\"@type\":\"WebPage\",\"@id\":\"https:\/\/inti.hr\/sr\/proizvod\/stalak-za-biljke-anderlues-set-od-2-crne-mjedene-boje\/\",\"url\":\"https:\/\/inti.hr\/sr\/proizvod\/stalak-za-biljke-anderlues-set-od-2-crne-mjedene-boje\/\",\"name\":\"Stalak za biljke Anderlues set od 2 crne\/mjedene boje - Inti\",\"isPartOf\":{\"@id\":\"https:\/\/inti.hr\/sr\/#website\"},\"primaryImageOfPage\":{\"@id\":\"https:\/\/inti.hr\/sr\/proizvod\/stalak-za-biljke-anderlues-set-od-2-crne-mjedene-boje\/#primaryimage\"},\"image\":{\"@id\":\"https:\/\/inti.hr\/sr\/proizvod\/stalak-za-biljke-anderlues-set-od-2-crne-mjedene-boje\/#primaryimage\"},\"thumbnailUrl\":\"https:\/\/i0.wp.com\/inti.hr\/wp-content\/uploads\/2023\/01\/0285a6f70af16acc4776b7a72c68d7e6.jpg?fit=1400%2C1400&ssl=1\",\"datePublished\":\"2023-01-12T09:33:54+00:00\",\"dateModified\":\"2023-01-12T09:33:54+00:00\",\"description\":\"Ovi neobi\u010dni metalni stalci za biljke privla\u010de pa\u017enju u va\u0161em dnevnom boravku svojim bezvremenskim i dekorativnim dizajnom.\",\"breadcrumb\":{\"@id\":\"https:\/\/inti.hr\/sr\/proizvod\/stalak-za-biljke-anderlues-set-od-2-crne-mjedene-boje\/#breadcrumb\"},\"inLanguage\":\"sr-RS\",\"potentialAction\":[{\"@type\":\"ReadAction\",\"target\":[\"https:\/\/inti.hr\/sr\/proizvod\/stalak-za-biljke-anderlues-set-od-2-crne-mjedene-boje\/\"]}]},{\"@type\":\"ImageObject\",\"inLanguage\":\"sr-RS\",\"@id\":\"https:\/\/inti.hr\/sr\/proizvod\/stalak-za-biljke-anderlues-set-od-2-crne-mjedene-boje\/#primaryimage\",\"url\":\"https:\/\/i0.wp.com\/inti.hr\/wp-content\/uploads\/2023\/01\/0285a6f70af16acc4776b7a72c68d7e6.jpg?fit=1400%2C1400&ssl=1\",\"contentUrl\":\"https:\/\/i0.wp.com\/inti.hr\/wp-content\/uploads\/2023\/01\/0285a6f70af16acc4776b7a72c68d7e6.jpg?fit=1400%2C1400&ssl=1\",\"width\":1400,\"height\":1400},{\"@type\":\"BreadcrumbList\",\"@id\":\"https:\/\/inti.hr\/sr\/proizvod\/stalak-za-biljke-anderlues-set-od-2-crne-mjedene-boje\/#breadcrumb\",\"itemListElement\":[{\"@type\":\"ListItem\",\"position\":1,\"name\":\"Po\u010detna stranica\",\"item\":\"https:\/\/inti.hr\/sr\/\"},{\"@type\":\"ListItem\",\"position\":2,\"name\":\"Prodavnica\",\"item\":\"https:\/\/inti.hr\/sr\/prodavnica\/\"},{\"@type\":\"ListItem\",\"position\":3,\"name\":\"Stalak za biljke Anderlues set od 2 crne\/mjedene boje\"}]},{\"@type\":\"WebSite\",\"@id\":\"https:\/\/inti.hr\/sr\/#website\",\"url\":\"https:\/\/inti.hr\/sr\/\",\"name\":\"Inti\",\"description\":\"trgovina\",\"potentialAction\":[{\"@type\":\"SearchAction\",\"target\":{\"@type\":\"EntryPoint\",\"urlTemplate\":\"https:\/\/inti.hr\/sr\/?s={search_term_string}\"},\"query-input\":{\"@type\":\"PropertyValueSpecification\",\"valueRequired\":true,\"valueName\":\"search_term_string\"}}],\"inLanguage\":\"sr-RS\"}]}<\/script>\n<!-- \/ Yoast SEO plugin. -->","yoast_head_json":{"title":"Stalak za biljke Anderlues set od 2 crne\/mjedene boje - Inti","description":"Ovi neobi\u010dni metalni stalci za biljke privla\u010de pa\u017enju u va\u0161em dnevnom boravku svojim bezvremenskim i dekorativnim dizajnom.","robots":{"index":"index","follow":"follow","max-snippet":"max-snippet:-1","max-image-preview":"max-image-preview:large","max-video-preview":"max-video-preview:-1"},"canonical":"https:\/\/inti.hr\/sr\/proizvod\/stalak-za-biljke-anderlues-set-od-2-crne-mjedene-boje\/","og_locale":"sr_RS","og_type":"article","og_title":"Stalak za biljke Anderlues set od 2 crne\/mjedene boje - Inti","og_description":"Ovi neobi\u010dni metalni stalci za biljke privla\u010de pa\u017enju u va\u0161em dnevnom boravku svojim bezvremenskim i dekorativnim dizajnom.","og_url":"https:\/\/inti.hr\/sr\/proizvod\/stalak-za-biljke-anderlues-set-od-2-crne-mjedene-boje\/","og_site_name":"Inti","og_image":[{"width":1400,"height":1400,"url":"https:\/\/i0.wp.com\/inti.hr\/wp-content\/uploads\/2023\/01\/0285a6f70af16acc4776b7a72c68d7e6.jpg?fit=1400%2C1400&ssl=1","type":"image\/jpeg"}],"twitter_card":"summary_large_image","schema":{"@context":"https:\/\/schema.org","@graph":[{"@type":"WebPage","@id":"https:\/\/inti.hr\/sr\/proizvod\/stalak-za-biljke-anderlues-set-od-2-crne-mjedene-boje\/","url":"https:\/\/inti.hr\/sr\/proizvod\/stalak-za-biljke-anderlues-set-od-2-crne-mjedene-boje\/","name":"Stalak za biljke Anderlues set od 2 crne\/mjedene boje - Inti","isPartOf":{"@id":"https:\/\/inti.hr\/sr\/#website"},"primaryImageOfPage":{"@id":"https:\/\/inti.hr\/sr\/proizvod\/stalak-za-biljke-anderlues-set-od-2-crne-mjedene-boje\/#primaryimage"},"image":{"@id":"https:\/\/inti.hr\/sr\/proizvod\/stalak-za-biljke-anderlues-set-od-2-crne-mjedene-boje\/#primaryimage"},"thumbnailUrl":"https:\/\/i0.wp.com\/inti.hr\/wp-content\/uploads\/2023\/01\/0285a6f70af16acc4776b7a72c68d7e6.jpg?fit=1400%2C1400&ssl=1","datePublished":"2023-01-12T09:33:54+00:00","dateModified":"2023-01-12T09:33:54+00:00","description":"Ovi neobi\u010dni metalni stalci za biljke privla\u010de pa\u017enju u va\u0161em dnevnom boravku svojim bezvremenskim i dekorativnim dizajnom.","breadcrumb":{"@id":"https:\/\/inti.hr\/sr\/proizvod\/stalak-za-biljke-anderlues-set-od-2-crne-mjedene-boje\/#breadcrumb"},"inLanguage":"sr-RS","potentialAction":[{"@type":"ReadAction","target":["https:\/\/inti.hr\/sr\/proizvod\/stalak-za-biljke-anderlues-set-od-2-crne-mjedene-boje\/"]}]},{"@type":"ImageObject","inLanguage":"sr-RS","@id":"https:\/\/inti.hr\/sr\/proizvod\/stalak-za-biljke-anderlues-set-od-2-crne-mjedene-boje\/#primaryimage","url":"https:\/\/i0.wp.com\/inti.hr\/wp-content\/uploads\/2023\/01\/0285a6f70af16acc4776b7a72c68d7e6.jpg?fit=1400%2C1400&ssl=1","contentUrl":"https:\/\/i0.wp.com\/inti.hr\/wp-content\/uploads\/2023\/01\/0285a6f70af16acc4776b7a72c68d7e6.jpg?fit=1400%2C1400&ssl=1","width":1400,"height":1400},{"@type":"BreadcrumbList","@id":"https:\/\/inti.hr\/sr\/proizvod\/stalak-za-biljke-anderlues-set-od-2-crne-mjedene-boje\/#breadcrumb","itemListElement":[{"@type":"ListItem","position":1,"name":"Po\u010detna stranica","item":"https:\/\/inti.hr\/sr\/"},{"@type":"ListItem","position":2,"name":"Prodavnica","item":"https:\/\/inti.hr\/sr\/prodavnica\/"},{"@type":"ListItem","position":3,"name":"Stalak za biljke Anderlues set od 2 crne\/mjedene boje"}]},{"@type":"WebSite","@id":"https:\/\/inti.hr\/sr\/#website","url":"https:\/\/inti.hr\/sr\/","name":"Inti","description":"trgovina","potentialAction":[{"@type":"SearchAction","target":{"@type":"EntryPoint","urlTemplate":"https:\/\/inti.hr\/sr\/?s={search_term_string}"},"query-input":{"@type":"PropertyValueSpecification","valueRequired":true,"valueName":"search_term_string"}}],"inLanguage":"sr-RS"}]}},"jetpack_sharing_enabled":true,"jetpack-related-posts":[],"_links":{"self":[{"href":"https:\/\/inti.hr\/sr\/wp-json\/wp\/v2\/product\/33553"}],"collection":[{"href":"https:\/\/inti.hr\/sr\/wp-json\/wp\/v2\/product"}],"about":[{"href":"https:\/\/inti.hr\/sr\/wp-json\/wp\/v2\/types\/product"}],"wp:featuredmedia":[{"embeddable":true,"href":"https:\/\/inti.hr\/sr\/wp-json\/wp\/v2\/media\/33554"}],"wp:attachment":[{"href":"https:\/\/inti.hr\/sr\/wp-json\/wp\/v2\/media?parent=33553"}],"wp:term":[{"taxonomy":"product_cat","embeddable":true,"href":"https:\/\/inti.hr\/sr\/wp-json\/wp\/v2\/product_cat?post=33553"},{"taxonomy":"product_tag","embeddable":true,"href":"https:\/\/inti.hr\/sr\/wp-json\/wp\/v2\/product_tag?post=33553"}],"curies":[{"name":"wp","href":"https:\/\/api.w.org\/{rel}","templated":true}]}}