{"id":33557,"date":"2023-01-12T08:06:01","date_gmt":"2023-01-12T08:06:01","guid":{"rendered":"https:\/\/inti.hr\/product\/stalak-za-posude-za-cvijece-mol-2-kom-crne-i-zlatne-boje\/"},"modified":"2023-01-12T08:06:01","modified_gmt":"2023-01-12T08:06:01","slug":"stalak-za-posude-za-cvijece-mol-2-kom-crne-i-zlatne-boje","status":"publish","type":"product","link":"https:\/\/inti.hr\/sr\/proizvod\/stalak-za-posude-za-cvijece-mol-2-kom-crne-i-zlatne-boje\/","title":{"rendered":"Stalak za posude za cvije\u0107e Mol 2 kom. crne i zlatne boje"},"content":{"rendered":"<p><b>Detalji o proizvodu:<\/b><\/p>\n<p>&#8211; Set od 2 stalka za posude za cvije\u0107e razli\u010ditih veli\u010dina<br \/>\n&#8211; Izme\u0111u ostalog, savr\u0161eno prikladne kao posude za biljke u va\u0161oj dnevnoj sobi<br \/>\n&#8211; Bezvremenski i dekorativan dizajn<\/p>\n<p><b>Dimenzije:<\/b><\/p>\n<p>&#8211; Ukupna veli\u010dina postolja za biljke 1 (Vx\u0160xD): 50 x 21 x 21 cm<br \/>\n&#8211; Sadilja 1 (Vx\u00d8): 22 x 20,5 cm<br \/>\n&#8211; Ukupna veli\u010dina postolja za biljke 2 (Vx\u0160xD): 70 x 24 x 24 cm<br \/>\n&#8211; Sadilja 2 (Vx\u00d8 ): 22 x 23,5 cm<\/p>\n<p><b>Materijal:<\/b><\/p>\n<p>metal<\/p>\n<p><b>Boja:<\/b><\/p>\n<p>&#8211; Okvir: crni<br \/>\n&#8211; Posuda za biljke: zlatne boje<\/p>\n","protected":false},"excerpt":{"rendered":"<p>Ovi neobi\u010dni metalni stalci za biljke privla\u010de pa\u017enju u va\u0161em dnevnom &#8230; <\/p>\n","protected":false},"featured_media":33558,"template":"","meta":[],"product_cat":[2893],"product_tag":[3501,3743],"yoast_head":"<!-- This site is optimized with the Yoast SEO plugin v23.7 - https:\/\/yoast.com\/wordpress\/plugins\/seo\/ -->\n<title>Stalak za posude za cvije\u0107e Mol 2 kom. crne i zlatne boje - Inti<\/title>\n<meta name=\"description\" content=\"Ovi neobi\u010dni metalni stalci za biljke privla\u010de pa\u017enju u va\u0161em dnevnom boravku svojim bezvremenskim i dekorativnim dizajnom.\" \/>\n<meta name=\"robots\" content=\"index, follow, max-snippet:-1, max-image-preview:large, max-video-preview:-1\" \/>\n<link rel=\"canonical\" href=\"https:\/\/inti.hr\/sr\/proizvod\/stalak-za-posude-za-cvijece-mol-2-kom-crne-i-zlatne-boje\/\" \/>\n<meta property=\"og:locale\" content=\"sr_RS\" \/>\n<meta property=\"og:type\" content=\"article\" \/>\n<meta property=\"og:title\" content=\"Stalak za posude za cvije\u0107e Mol 2 kom. crne i zlatne boje - Inti\" \/>\n<meta property=\"og:description\" content=\"Ovi neobi\u010dni metalni stalci za biljke privla\u010de pa\u017enju u va\u0161em dnevnom boravku svojim bezvremenskim i dekorativnim dizajnom.\" \/>\n<meta property=\"og:url\" content=\"https:\/\/inti.hr\/sr\/proizvod\/stalak-za-posude-za-cvijece-mol-2-kom-crne-i-zlatne-boje\/\" \/>\n<meta property=\"og:site_name\" content=\"Inti\" \/>\n<meta property=\"og:image\" content=\"https:\/\/i0.wp.com\/inti.hr\/wp-content\/uploads\/2023\/01\/961e3a5434bb430b99e3e8cdbe290c6f.jpg?fit=1400%2C1400&ssl=1\" \/>\n\t<meta property=\"og:image:width\" content=\"1400\" \/>\n\t<meta property=\"og:image:height\" content=\"1400\" \/>\n\t<meta property=\"og:image:type\" content=\"image\/jpeg\" \/>\n<meta name=\"twitter:card\" content=\"summary_large_image\" \/>\n<script type=\"application\/ld+json\" class=\"yoast-schema-graph\">{\"@context\":\"https:\/\/schema.org\",\"@graph\":[{\"@type\":\"WebPage\",\"@id\":\"https:\/\/inti.hr\/sr\/proizvod\/stalak-za-posude-za-cvijece-mol-2-kom-crne-i-zlatne-boje\/\",\"url\":\"https:\/\/inti.hr\/sr\/proizvod\/stalak-za-posude-za-cvijece-mol-2-kom-crne-i-zlatne-boje\/\",\"name\":\"Stalak za posude za cvije\u0107e Mol 2 kom. crne i zlatne boje - Inti\",\"isPartOf\":{\"@id\":\"https:\/\/inti.hr\/sr\/#website\"},\"primaryImageOfPage\":{\"@id\":\"https:\/\/inti.hr\/sr\/proizvod\/stalak-za-posude-za-cvijece-mol-2-kom-crne-i-zlatne-boje\/#primaryimage\"},\"image\":{\"@id\":\"https:\/\/inti.hr\/sr\/proizvod\/stalak-za-posude-za-cvijece-mol-2-kom-crne-i-zlatne-boje\/#primaryimage\"},\"thumbnailUrl\":\"https:\/\/i0.wp.com\/inti.hr\/wp-content\/uploads\/2023\/01\/961e3a5434bb430b99e3e8cdbe290c6f.jpg?fit=1400%2C1400&ssl=1\",\"datePublished\":\"2023-01-12T08:06:01+00:00\",\"dateModified\":\"2023-01-12T08:06:01+00:00\",\"description\":\"Ovi neobi\u010dni metalni stalci za biljke privla\u010de pa\u017enju u va\u0161em dnevnom boravku svojim bezvremenskim i dekorativnim dizajnom.\",\"breadcrumb\":{\"@id\":\"https:\/\/inti.hr\/sr\/proizvod\/stalak-za-posude-za-cvijece-mol-2-kom-crne-i-zlatne-boje\/#breadcrumb\"},\"inLanguage\":\"sr-RS\",\"potentialAction\":[{\"@type\":\"ReadAction\",\"target\":[\"https:\/\/inti.hr\/sr\/proizvod\/stalak-za-posude-za-cvijece-mol-2-kom-crne-i-zlatne-boje\/\"]}]},{\"@type\":\"ImageObject\",\"inLanguage\":\"sr-RS\",\"@id\":\"https:\/\/inti.hr\/sr\/proizvod\/stalak-za-posude-za-cvijece-mol-2-kom-crne-i-zlatne-boje\/#primaryimage\",\"url\":\"https:\/\/i0.wp.com\/inti.hr\/wp-content\/uploads\/2023\/01\/961e3a5434bb430b99e3e8cdbe290c6f.jpg?fit=1400%2C1400&ssl=1\",\"contentUrl\":\"https:\/\/i0.wp.com\/inti.hr\/wp-content\/uploads\/2023\/01\/961e3a5434bb430b99e3e8cdbe290c6f.jpg?fit=1400%2C1400&ssl=1\",\"width\":1400,\"height\":1400},{\"@type\":\"BreadcrumbList\",\"@id\":\"https:\/\/inti.hr\/sr\/proizvod\/stalak-za-posude-za-cvijece-mol-2-kom-crne-i-zlatne-boje\/#breadcrumb\",\"itemListElement\":[{\"@type\":\"ListItem\",\"position\":1,\"name\":\"Po\u010detna stranica\",\"item\":\"https:\/\/inti.hr\/sr\/\"},{\"@type\":\"ListItem\",\"position\":2,\"name\":\"Prodavnica\",\"item\":\"https:\/\/inti.hr\/sr\/prodavnica\/\"},{\"@type\":\"ListItem\",\"position\":3,\"name\":\"Stalak za posude za cvije\u0107e Mol 2 kom. crne i zlatne boje\"}]},{\"@type\":\"WebSite\",\"@id\":\"https:\/\/inti.hr\/sr\/#website\",\"url\":\"https:\/\/inti.hr\/sr\/\",\"name\":\"Inti\",\"description\":\"trgovina\",\"potentialAction\":[{\"@type\":\"SearchAction\",\"target\":{\"@type\":\"EntryPoint\",\"urlTemplate\":\"https:\/\/inti.hr\/sr\/?s={search_term_string}\"},\"query-input\":{\"@type\":\"PropertyValueSpecification\",\"valueRequired\":true,\"valueName\":\"search_term_string\"}}],\"inLanguage\":\"sr-RS\"}]}<\/script>\n<!-- \/ Yoast SEO plugin. -->","yoast_head_json":{"title":"Stalak za posude za cvije\u0107e Mol 2 kom. crne i zlatne boje - Inti","description":"Ovi neobi\u010dni metalni stalci za biljke privla\u010de pa\u017enju u va\u0161em dnevnom boravku svojim bezvremenskim i dekorativnim dizajnom.","robots":{"index":"index","follow":"follow","max-snippet":"max-snippet:-1","max-image-preview":"max-image-preview:large","max-video-preview":"max-video-preview:-1"},"canonical":"https:\/\/inti.hr\/sr\/proizvod\/stalak-za-posude-za-cvijece-mol-2-kom-crne-i-zlatne-boje\/","og_locale":"sr_RS","og_type":"article","og_title":"Stalak za posude za cvije\u0107e Mol 2 kom. crne i zlatne boje - Inti","og_description":"Ovi neobi\u010dni metalni stalci za biljke privla\u010de pa\u017enju u va\u0161em dnevnom boravku svojim bezvremenskim i dekorativnim dizajnom.","og_url":"https:\/\/inti.hr\/sr\/proizvod\/stalak-za-posude-za-cvijece-mol-2-kom-crne-i-zlatne-boje\/","og_site_name":"Inti","og_image":[{"width":1400,"height":1400,"url":"https:\/\/i0.wp.com\/inti.hr\/wp-content\/uploads\/2023\/01\/961e3a5434bb430b99e3e8cdbe290c6f.jpg?fit=1400%2C1400&ssl=1","type":"image\/jpeg"}],"twitter_card":"summary_large_image","schema":{"@context":"https:\/\/schema.org","@graph":[{"@type":"WebPage","@id":"https:\/\/inti.hr\/sr\/proizvod\/stalak-za-posude-za-cvijece-mol-2-kom-crne-i-zlatne-boje\/","url":"https:\/\/inti.hr\/sr\/proizvod\/stalak-za-posude-za-cvijece-mol-2-kom-crne-i-zlatne-boje\/","name":"Stalak za posude za cvije\u0107e Mol 2 kom. crne i zlatne boje - Inti","isPartOf":{"@id":"https:\/\/inti.hr\/sr\/#website"},"primaryImageOfPage":{"@id":"https:\/\/inti.hr\/sr\/proizvod\/stalak-za-posude-za-cvijece-mol-2-kom-crne-i-zlatne-boje\/#primaryimage"},"image":{"@id":"https:\/\/inti.hr\/sr\/proizvod\/stalak-za-posude-za-cvijece-mol-2-kom-crne-i-zlatne-boje\/#primaryimage"},"thumbnailUrl":"https:\/\/i0.wp.com\/inti.hr\/wp-content\/uploads\/2023\/01\/961e3a5434bb430b99e3e8cdbe290c6f.jpg?fit=1400%2C1400&ssl=1","datePublished":"2023-01-12T08:06:01+00:00","dateModified":"2023-01-12T08:06:01+00:00","description":"Ovi neobi\u010dni metalni stalci za biljke privla\u010de pa\u017enju u va\u0161em dnevnom boravku svojim bezvremenskim i dekorativnim dizajnom.","breadcrumb":{"@id":"https:\/\/inti.hr\/sr\/proizvod\/stalak-za-posude-za-cvijece-mol-2-kom-crne-i-zlatne-boje\/#breadcrumb"},"inLanguage":"sr-RS","potentialAction":[{"@type":"ReadAction","target":["https:\/\/inti.hr\/sr\/proizvod\/stalak-za-posude-za-cvijece-mol-2-kom-crne-i-zlatne-boje\/"]}]},{"@type":"ImageObject","inLanguage":"sr-RS","@id":"https:\/\/inti.hr\/sr\/proizvod\/stalak-za-posude-za-cvijece-mol-2-kom-crne-i-zlatne-boje\/#primaryimage","url":"https:\/\/i0.wp.com\/inti.hr\/wp-content\/uploads\/2023\/01\/961e3a5434bb430b99e3e8cdbe290c6f.jpg?fit=1400%2C1400&ssl=1","contentUrl":"https:\/\/i0.wp.com\/inti.hr\/wp-content\/uploads\/2023\/01\/961e3a5434bb430b99e3e8cdbe290c6f.jpg?fit=1400%2C1400&ssl=1","width":1400,"height":1400},{"@type":"BreadcrumbList","@id":"https:\/\/inti.hr\/sr\/proizvod\/stalak-za-posude-za-cvijece-mol-2-kom-crne-i-zlatne-boje\/#breadcrumb","itemListElement":[{"@type":"ListItem","position":1,"name":"Po\u010detna stranica","item":"https:\/\/inti.hr\/sr\/"},{"@type":"ListItem","position":2,"name":"Prodavnica","item":"https:\/\/inti.hr\/sr\/prodavnica\/"},{"@type":"ListItem","position":3,"name":"Stalak za posude za cvije\u0107e Mol 2 kom. crne i zlatne boje"}]},{"@type":"WebSite","@id":"https:\/\/inti.hr\/sr\/#website","url":"https:\/\/inti.hr\/sr\/","name":"Inti","description":"trgovina","potentialAction":[{"@type":"SearchAction","target":{"@type":"EntryPoint","urlTemplate":"https:\/\/inti.hr\/sr\/?s={search_term_string}"},"query-input":{"@type":"PropertyValueSpecification","valueRequired":true,"valueName":"search_term_string"}}],"inLanguage":"sr-RS"}]}},"jetpack_sharing_enabled":true,"jetpack-related-posts":[],"_links":{"self":[{"href":"https:\/\/inti.hr\/sr\/wp-json\/wp\/v2\/product\/33557"}],"collection":[{"href":"https:\/\/inti.hr\/sr\/wp-json\/wp\/v2\/product"}],"about":[{"href":"https:\/\/inti.hr\/sr\/wp-json\/wp\/v2\/types\/product"}],"wp:featuredmedia":[{"embeddable":true,"href":"https:\/\/inti.hr\/sr\/wp-json\/wp\/v2\/media\/33558"}],"wp:attachment":[{"href":"https:\/\/inti.hr\/sr\/wp-json\/wp\/v2\/media?parent=33557"}],"wp:term":[{"taxonomy":"product_cat","embeddable":true,"href":"https:\/\/inti.hr\/sr\/wp-json\/wp\/v2\/product_cat?post=33557"},{"taxonomy":"product_tag","embeddable":true,"href":"https:\/\/inti.hr\/sr\/wp-json\/wp\/v2\/product_tag?post=33557"}],"curies":[{"name":"wp","href":"https:\/\/api.w.org\/{rel}","templated":true}]}}