{"id":33569,"date":"2022-12-20T10:12:50","date_gmt":"2022-12-20T10:12:50","guid":{"rendered":"https:\/\/inti.hr\/product\/komoda-sa-dvije-ladice-bijela-drvo\/"},"modified":"2022-12-20T10:12:50","modified_gmt":"2022-12-20T10:12:50","slug":"komoda-sa-dvije-ladice-bijela-drvo","status":"publish","type":"product","link":"https:\/\/inti.hr\/sr\/proizvod\/komoda-sa-dvije-ladice-bijela-drvo\/","title":{"rendered":"Komoda sa dvije ladice bijela-drvo"},"content":{"rendered":"<p>Detalji proizvoda:<\/p>\n<ul>\n<li>Te\u017eina: 49 kg<\/li>\n<li>Nosivost: 60kg<\/li>\n<li>Materijal: MDF(E1), PB(E1), Hevea drvo.<\/li>\n<li>Veli\u010dina proizvoda: 120x40x90cm (vidi sliku)<\/li>\n<li>Dimenzije kutije A: 134x46x15cm<\/li>\n<li>Dimenzije kutije B: 83x45x17cm.<\/li>\n<li>Dostava: 2 paketa.<\/li>\n<\/ul>\n","protected":false},"excerpt":{"rendered":"<p>Komode su elegantan i posebno svestran namje\u0161taj.\u00a0Mogu se koristiti u svakoj &#8230; <\/p>\n","protected":false},"featured_media":33570,"template":"","meta":[],"product_cat":[2573,2539],"product_tag":[3064,2540,2921],"yoast_head":"<!-- This site is optimized with the Yoast SEO plugin v23.7 - https:\/\/yoast.com\/wordpress\/plugins\/seo\/ -->\n<title>Komoda sa dvije ladice bijela-drvo - Inti<\/title>\n<meta name=\"description\" content=\"Komode su elegantan i posebno svestran namje\u0161taj.\u00a0Mogu se koristiti u svakoj prostoriji i nude mnogo prostora za pohranu.\u00a0Sa slatkom malom svjetiljkom, lepr\u0161avim tepihom i svojim omiljenim ukrasima mo\u017eete osvijetliti sobu.\u00a0Na taj na\u010din spajaju se estetika i funkcionalnost.Zahvaljuju\u0107i dvojim vratima, glomazniji i manje dekorativni predmeti mogu se koristiti za\u0161ti\u0107eni i skriveni.\u00a0Iza vrata nalaze se 4 police podesive visine, tako da mo\u017eete pohraniti predmete razli\u010ditih visina.Ormar se mo\u017ee \u010dvrsto pri\u010dvrstiti za zid pomo\u0107u uklju\u010denog ure\u0111aja protiv prevrtanja kako bi se izbjegle nezgode. Pet gumenih drvenih nogu pru\u017eaju dodatnu sigurnost.Ormari\u0107 je prijeko potreban za svakodnevnu upotrebu kao univerzalni ormari\u0107 kao \u0161to je kuhinjski ormari\u0107, ku\u0107ni ormari\u0107 u kuhinji, dnevnoj sobi, spava\u0107oj sobi ili kao uredski ormari\u0107 kao ormari\u0107 za dokumente u uredu itd.\" \/>\n<meta name=\"robots\" content=\"index, follow, max-snippet:-1, max-image-preview:large, max-video-preview:-1\" \/>\n<link rel=\"canonical\" href=\"https:\/\/inti.hr\/sr\/proizvod\/komoda-sa-dvije-ladice-bijela-drvo\/\" \/>\n<meta property=\"og:locale\" content=\"sr_RS\" \/>\n<meta property=\"og:type\" content=\"article\" \/>\n<meta property=\"og:title\" content=\"Komoda sa dvije ladice bijela-drvo - Inti\" \/>\n<meta property=\"og:description\" content=\"Komode su elegantan i posebno svestran namje\u0161taj.\u00a0Mogu se koristiti u svakoj prostoriji i nude mnogo prostora za pohranu.\u00a0Sa slatkom malom svjetiljkom, lepr\u0161avim tepihom i svojim omiljenim ukrasima mo\u017eete osvijetliti sobu.\u00a0Na taj na\u010din spajaju se estetika i funkcionalnost.Zahvaljuju\u0107i dvojim vratima, glomazniji i manje dekorativni predmeti mogu se koristiti za\u0161ti\u0107eni i skriveni.\u00a0Iza vrata nalaze se 4 police podesive visine, tako da mo\u017eete pohraniti predmete razli\u010ditih visina.Ormar se mo\u017ee \u010dvrsto pri\u010dvrstiti za zid pomo\u0107u uklju\u010denog ure\u0111aja protiv prevrtanja kako bi se izbjegle nezgode. Pet gumenih drvenih nogu pru\u017eaju dodatnu sigurnost.Ormari\u0107 je prijeko potreban za svakodnevnu upotrebu kao univerzalni ormari\u0107 kao \u0161to je kuhinjski ormari\u0107, ku\u0107ni ormari\u0107 u kuhinji, dnevnoj sobi, spava\u0107oj sobi ili kao uredski ormari\u0107 kao ormari\u0107 za dokumente u uredu itd.\" \/>\n<meta property=\"og:url\" content=\"https:\/\/inti.hr\/sr\/proizvod\/komoda-sa-dvije-ladice-bijela-drvo\/\" \/>\n<meta property=\"og:site_name\" content=\"Inti\" \/>\n<meta property=\"og:image\" content=\"https:\/\/i0.wp.com\/inti.hr\/wp-content\/uploads\/2022\/12\/FSB75-WN-A-Y001.webp?fit=1600%2C1600&ssl=1\" \/>\n\t<meta property=\"og:image:width\" content=\"1600\" \/>\n\t<meta property=\"og:image:height\" content=\"1600\" \/>\n\t<meta property=\"og:image:type\" content=\"image\/webp\" \/>\n<meta name=\"twitter:card\" content=\"summary_large_image\" \/>\n<script type=\"application\/ld+json\" class=\"yoast-schema-graph\">{\"@context\":\"https:\/\/schema.org\",\"@graph\":[{\"@type\":\"WebPage\",\"@id\":\"https:\/\/inti.hr\/sr\/proizvod\/komoda-sa-dvije-ladice-bijela-drvo\/\",\"url\":\"https:\/\/inti.hr\/sr\/proizvod\/komoda-sa-dvije-ladice-bijela-drvo\/\",\"name\":\"Komoda sa dvije ladice bijela-drvo - Inti\",\"isPartOf\":{\"@id\":\"https:\/\/inti.hr\/sr\/#website\"},\"primaryImageOfPage\":{\"@id\":\"https:\/\/inti.hr\/sr\/proizvod\/komoda-sa-dvije-ladice-bijela-drvo\/#primaryimage\"},\"image\":{\"@id\":\"https:\/\/inti.hr\/sr\/proizvod\/komoda-sa-dvije-ladice-bijela-drvo\/#primaryimage\"},\"thumbnailUrl\":\"https:\/\/i0.wp.com\/inti.hr\/wp-content\/uploads\/2022\/12\/FSB75-WN-A-Y001.webp?fit=1600%2C1600&ssl=1\",\"datePublished\":\"2022-12-20T10:12:50+00:00\",\"dateModified\":\"2022-12-20T10:12:50+00:00\",\"description\":\"Komode su elegantan i posebno svestran namje\u0161taj.\u00a0Mogu se koristiti u svakoj prostoriji i nude mnogo prostora za pohranu.\u00a0Sa slatkom malom svjetiljkom, lepr\u0161avim tepihom i svojim omiljenim ukrasima mo\u017eete osvijetliti sobu.\u00a0Na taj na\u010din spajaju se estetika i funkcionalnost.Zahvaljuju\u0107i dvojim vratima, glomazniji i manje dekorativni predmeti mogu se koristiti za\u0161ti\u0107eni i skriveni.\u00a0Iza vrata nalaze se 4 police podesive visine, tako da mo\u017eete pohraniti predmete razli\u010ditih visina.Ormar se mo\u017ee \u010dvrsto pri\u010dvrstiti za zid pomo\u0107u uklju\u010denog ure\u0111aja protiv prevrtanja kako bi se izbjegle nezgode. Pet gumenih drvenih nogu pru\u017eaju dodatnu sigurnost.Ormari\u0107 je prijeko potreban za svakodnevnu upotrebu kao univerzalni ormari\u0107 kao \u0161to je kuhinjski ormari\u0107, ku\u0107ni ormari\u0107 u kuhinji, dnevnoj sobi, spava\u0107oj sobi ili kao uredski ormari\u0107 kao ormari\u0107 za dokumente u uredu itd.\",\"breadcrumb\":{\"@id\":\"https:\/\/inti.hr\/sr\/proizvod\/komoda-sa-dvije-ladice-bijela-drvo\/#breadcrumb\"},\"inLanguage\":\"sr-RS\",\"potentialAction\":[{\"@type\":\"ReadAction\",\"target\":[\"https:\/\/inti.hr\/sr\/proizvod\/komoda-sa-dvije-ladice-bijela-drvo\/\"]}]},{\"@type\":\"ImageObject\",\"inLanguage\":\"sr-RS\",\"@id\":\"https:\/\/inti.hr\/sr\/proizvod\/komoda-sa-dvije-ladice-bijela-drvo\/#primaryimage\",\"url\":\"https:\/\/i0.wp.com\/inti.hr\/wp-content\/uploads\/2022\/12\/FSB75-WN-A-Y001.webp?fit=1600%2C1600&ssl=1\",\"contentUrl\":\"https:\/\/i0.wp.com\/inti.hr\/wp-content\/uploads\/2022\/12\/FSB75-WN-A-Y001.webp?fit=1600%2C1600&ssl=1\",\"width\":1600,\"height\":1600},{\"@type\":\"BreadcrumbList\",\"@id\":\"https:\/\/inti.hr\/sr\/proizvod\/komoda-sa-dvije-ladice-bijela-drvo\/#breadcrumb\",\"itemListElement\":[{\"@type\":\"ListItem\",\"position\":1,\"name\":\"Po\u010detna stranica\",\"item\":\"https:\/\/inti.hr\/sr\/\"},{\"@type\":\"ListItem\",\"position\":2,\"name\":\"Prodavnica\",\"item\":\"https:\/\/inti.hr\/sr\/prodavnica\/\"},{\"@type\":\"ListItem\",\"position\":3,\"name\":\"Komoda sa dvije ladice bijela-drvo\"}]},{\"@type\":\"WebSite\",\"@id\":\"https:\/\/inti.hr\/sr\/#website\",\"url\":\"https:\/\/inti.hr\/sr\/\",\"name\":\"Inti\",\"description\":\"trgovina\",\"potentialAction\":[{\"@type\":\"SearchAction\",\"target\":{\"@type\":\"EntryPoint\",\"urlTemplate\":\"https:\/\/inti.hr\/sr\/?s={search_term_string}\"},\"query-input\":{\"@type\":\"PropertyValueSpecification\",\"valueRequired\":true,\"valueName\":\"search_term_string\"}}],\"inLanguage\":\"sr-RS\"}]}<\/script>\n<!-- \/ Yoast SEO plugin. -->","yoast_head_json":{"title":"Komoda sa dvije ladice bijela-drvo - Inti","description":"Komode su elegantan i posebno svestran namje\u0161taj.\u00a0Mogu se koristiti u svakoj prostoriji i nude mnogo prostora za pohranu.\u00a0Sa slatkom malom svjetiljkom, lepr\u0161avim tepihom i svojim omiljenim ukrasima mo\u017eete osvijetliti sobu.\u00a0Na taj na\u010din spajaju se estetika i funkcionalnost.Zahvaljuju\u0107i dvojim vratima, glomazniji i manje dekorativni predmeti mogu se koristiti za\u0161ti\u0107eni i skriveni.\u00a0Iza vrata nalaze se 4 police podesive visine, tako da mo\u017eete pohraniti predmete razli\u010ditih visina.Ormar se mo\u017ee \u010dvrsto pri\u010dvrstiti za zid pomo\u0107u uklju\u010denog ure\u0111aja protiv prevrtanja kako bi se izbjegle nezgode. Pet gumenih drvenih nogu pru\u017eaju dodatnu sigurnost.Ormari\u0107 je prijeko potreban za svakodnevnu upotrebu kao univerzalni ormari\u0107 kao \u0161to je kuhinjski ormari\u0107, ku\u0107ni ormari\u0107 u kuhinji, dnevnoj sobi, spava\u0107oj sobi ili kao uredski ormari\u0107 kao ormari\u0107 za dokumente u uredu itd.","robots":{"index":"index","follow":"follow","max-snippet":"max-snippet:-1","max-image-preview":"max-image-preview:large","max-video-preview":"max-video-preview:-1"},"canonical":"https:\/\/inti.hr\/sr\/proizvod\/komoda-sa-dvije-ladice-bijela-drvo\/","og_locale":"sr_RS","og_type":"article","og_title":"Komoda sa dvije ladice bijela-drvo - Inti","og_description":"Komode su elegantan i posebno svestran namje\u0161taj.\u00a0Mogu se koristiti u svakoj prostoriji i nude mnogo prostora za pohranu.\u00a0Sa slatkom malom svjetiljkom, lepr\u0161avim tepihom i svojim omiljenim ukrasima mo\u017eete osvijetliti sobu.\u00a0Na taj na\u010din spajaju se estetika i funkcionalnost.Zahvaljuju\u0107i dvojim vratima, glomazniji i manje dekorativni predmeti mogu se koristiti za\u0161ti\u0107eni i skriveni.\u00a0Iza vrata nalaze se 4 police podesive visine, tako da mo\u017eete pohraniti predmete razli\u010ditih visina.Ormar se mo\u017ee \u010dvrsto pri\u010dvrstiti za zid pomo\u0107u uklju\u010denog ure\u0111aja protiv prevrtanja kako bi se izbjegle nezgode. Pet gumenih drvenih nogu pru\u017eaju dodatnu sigurnost.Ormari\u0107 je prijeko potreban za svakodnevnu upotrebu kao univerzalni ormari\u0107 kao \u0161to je kuhinjski ormari\u0107, ku\u0107ni ormari\u0107 u kuhinji, dnevnoj sobi, spava\u0107oj sobi ili kao uredski ormari\u0107 kao ormari\u0107 za dokumente u uredu itd.","og_url":"https:\/\/inti.hr\/sr\/proizvod\/komoda-sa-dvije-ladice-bijela-drvo\/","og_site_name":"Inti","og_image":[{"width":1600,"height":1600,"url":"https:\/\/i0.wp.com\/inti.hr\/wp-content\/uploads\/2022\/12\/FSB75-WN-A-Y001.webp?fit=1600%2C1600&ssl=1","type":"image\/webp"}],"twitter_card":"summary_large_image","schema":{"@context":"https:\/\/schema.org","@graph":[{"@type":"WebPage","@id":"https:\/\/inti.hr\/sr\/proizvod\/komoda-sa-dvije-ladice-bijela-drvo\/","url":"https:\/\/inti.hr\/sr\/proizvod\/komoda-sa-dvije-ladice-bijela-drvo\/","name":"Komoda sa dvije ladice bijela-drvo - Inti","isPartOf":{"@id":"https:\/\/inti.hr\/sr\/#website"},"primaryImageOfPage":{"@id":"https:\/\/inti.hr\/sr\/proizvod\/komoda-sa-dvije-ladice-bijela-drvo\/#primaryimage"},"image":{"@id":"https:\/\/inti.hr\/sr\/proizvod\/komoda-sa-dvije-ladice-bijela-drvo\/#primaryimage"},"thumbnailUrl":"https:\/\/i0.wp.com\/inti.hr\/wp-content\/uploads\/2022\/12\/FSB75-WN-A-Y001.webp?fit=1600%2C1600&ssl=1","datePublished":"2022-12-20T10:12:50+00:00","dateModified":"2022-12-20T10:12:50+00:00","description":"Komode su elegantan i posebno svestran namje\u0161taj.\u00a0Mogu se koristiti u svakoj prostoriji i nude mnogo prostora za pohranu.\u00a0Sa slatkom malom svjetiljkom, lepr\u0161avim tepihom i svojim omiljenim ukrasima mo\u017eete osvijetliti sobu.\u00a0Na taj na\u010din spajaju se estetika i funkcionalnost.Zahvaljuju\u0107i dvojim vratima, glomazniji i manje dekorativni predmeti mogu se koristiti za\u0161ti\u0107eni i skriveni.\u00a0Iza vrata nalaze se 4 police podesive visine, tako da mo\u017eete pohraniti predmete razli\u010ditih visina.Ormar se mo\u017ee \u010dvrsto pri\u010dvrstiti za zid pomo\u0107u uklju\u010denog ure\u0111aja protiv prevrtanja kako bi se izbjegle nezgode. Pet gumenih drvenih nogu pru\u017eaju dodatnu sigurnost.Ormari\u0107 je prijeko potreban za svakodnevnu upotrebu kao univerzalni ormari\u0107 kao \u0161to je kuhinjski ormari\u0107, ku\u0107ni ormari\u0107 u kuhinji, dnevnoj sobi, spava\u0107oj sobi ili kao uredski ormari\u0107 kao ormari\u0107 za dokumente u uredu itd.","breadcrumb":{"@id":"https:\/\/inti.hr\/sr\/proizvod\/komoda-sa-dvije-ladice-bijela-drvo\/#breadcrumb"},"inLanguage":"sr-RS","potentialAction":[{"@type":"ReadAction","target":["https:\/\/inti.hr\/sr\/proizvod\/komoda-sa-dvije-ladice-bijela-drvo\/"]}]},{"@type":"ImageObject","inLanguage":"sr-RS","@id":"https:\/\/inti.hr\/sr\/proizvod\/komoda-sa-dvije-ladice-bijela-drvo\/#primaryimage","url":"https:\/\/i0.wp.com\/inti.hr\/wp-content\/uploads\/2022\/12\/FSB75-WN-A-Y001.webp?fit=1600%2C1600&ssl=1","contentUrl":"https:\/\/i0.wp.com\/inti.hr\/wp-content\/uploads\/2022\/12\/FSB75-WN-A-Y001.webp?fit=1600%2C1600&ssl=1","width":1600,"height":1600},{"@type":"BreadcrumbList","@id":"https:\/\/inti.hr\/sr\/proizvod\/komoda-sa-dvije-ladice-bijela-drvo\/#breadcrumb","itemListElement":[{"@type":"ListItem","position":1,"name":"Po\u010detna stranica","item":"https:\/\/inti.hr\/sr\/"},{"@type":"ListItem","position":2,"name":"Prodavnica","item":"https:\/\/inti.hr\/sr\/prodavnica\/"},{"@type":"ListItem","position":3,"name":"Komoda sa dvije ladice bijela-drvo"}]},{"@type":"WebSite","@id":"https:\/\/inti.hr\/sr\/#website","url":"https:\/\/inti.hr\/sr\/","name":"Inti","description":"trgovina","potentialAction":[{"@type":"SearchAction","target":{"@type":"EntryPoint","urlTemplate":"https:\/\/inti.hr\/sr\/?s={search_term_string}"},"query-input":{"@type":"PropertyValueSpecification","valueRequired":true,"valueName":"search_term_string"}}],"inLanguage":"sr-RS"}]}},"jetpack_sharing_enabled":true,"jetpack-related-posts":[],"_links":{"self":[{"href":"https:\/\/inti.hr\/sr\/wp-json\/wp\/v2\/product\/33569"}],"collection":[{"href":"https:\/\/inti.hr\/sr\/wp-json\/wp\/v2\/product"}],"about":[{"href":"https:\/\/inti.hr\/sr\/wp-json\/wp\/v2\/types\/product"}],"wp:featuredmedia":[{"embeddable":true,"href":"https:\/\/inti.hr\/sr\/wp-json\/wp\/v2\/media\/33570"}],"wp:attachment":[{"href":"https:\/\/inti.hr\/sr\/wp-json\/wp\/v2\/media?parent=33569"}],"wp:term":[{"taxonomy":"product_cat","embeddable":true,"href":"https:\/\/inti.hr\/sr\/wp-json\/wp\/v2\/product_cat?post=33569"},{"taxonomy":"product_tag","embeddable":true,"href":"https:\/\/inti.hr\/sr\/wp-json\/wp\/v2\/product_tag?post=33569"}],"curies":[{"name":"wp","href":"https:\/\/api.w.org\/{rel}","templated":true}]}}