{"id":33580,"date":"2022-12-16T08:12:53","date_gmt":"2022-12-16T08:12:53","guid":{"rendered":"https:\/\/inti.hr\/product\/ormaric-za-cipele-s-dva-pretinca\/"},"modified":"2022-12-16T08:12:53","modified_gmt":"2022-12-16T08:12:53","slug":"ormaric-za-cipele-s-dva-pretinca","status":"publish","type":"product","link":"https:\/\/inti.hr\/sr\/proizvod\/ormaric-za-cipele-s-dva-pretinca\/","title":{"rendered":"Ormari\u0107 za cipele s dva pretinca"},"content":{"rendered":"<p>Detalji proizvoda:<\/p>\n<p>&nbsp;<\/p>\n<ul>\n<li>Te\u017eina: 22,5 kg<\/li>\n<li>Nosivost: 50kg<\/li>\n<li>Materijal: MDF (E1), obojen u sme\u0111u boju<\/li>\n<li>Veli\u010dina proizvoda: 80x24x110cm (vidi sliku)<\/li>\n<li>Veli\u010dina pakiranja: 119x53x19cm.<\/li>\n<\/ul>\n","protected":false},"excerpt":{"rendered":"<p>Ovaj stalak za cipele mo\u017ee se pri\u010dvrstiti na zid pomo\u0107u sigurnosnih &#8230; <\/p>\n","protected":false},"featured_media":33581,"template":"","meta":[],"product_cat":[2635],"product_tag":[2720,2640],"yoast_head":"<!-- This site is optimized with the Yoast SEO plugin v23.7 - https:\/\/yoast.com\/wordpress\/plugins\/seo\/ -->\n<title>Ormari\u0107 za cipele s dva pretinca - Inti<\/title>\n<meta name=\"description\" content=\"Ovaj stalak za cipele mo\u017ee se pri\u010dvrstiti na zid pomo\u0107u sigurnosnih okova kako bi se sprije\u010dilo prevrtanje. To osigurava njegovu stabilnost u va\u0161em domu.Ravni vrh za cipele u elegantnoj boji dobro se sla\u017ee s hladnom elegancijom modernog stila \u017eivota. Metalne ru\u010dke nagla\u0161avaju \u010disti dizajn i \u010dine namje\u0161taj jednostavnim i elegantnim.Zahvaljuju\u0107i dva preklopna pretinca s 4 unutarnja pretinca za pohranu, mo\u017eete uredno pohraniti svoje cipele. Visina pretinaca za cipele mo\u017ee se podesiti putem uklonjivih polica, tako da ima mjesta i za najvi\u0161e cipele.Dobro osmi\u0161ljena struktura i visokokvalitetni MDF (E1) \u010dine ovaj ormari\u0107 za cipele \u010dvrstim i izdr\u017eljivim. Povr\u0161ina je otporna na ogrebotine i lako se \u010disti. Koristite samo vla\u017enu krpu.Otvoreni pretinac i gornji dio namje\u0161taja tako\u0111er su prikladni za predstavljanje ukrasnih predmeta ili pohranjivanje drugih sitnica.\" \/>\n<meta name=\"robots\" content=\"index, follow, max-snippet:-1, max-image-preview:large, max-video-preview:-1\" \/>\n<link rel=\"canonical\" href=\"https:\/\/inti.hr\/sr\/proizvod\/ormaric-za-cipele-s-dva-pretinca\/\" \/>\n<meta property=\"og:locale\" content=\"sr_RS\" \/>\n<meta property=\"og:type\" content=\"article\" \/>\n<meta property=\"og:title\" content=\"Ormari\u0107 za cipele s dva pretinca - Inti\" \/>\n<meta property=\"og:description\" content=\"Ovaj stalak za cipele mo\u017ee se pri\u010dvrstiti na zid pomo\u0107u sigurnosnih okova kako bi se sprije\u010dilo prevrtanje. To osigurava njegovu stabilnost u va\u0161em domu.Ravni vrh za cipele u elegantnoj boji dobro se sla\u017ee s hladnom elegancijom modernog stila \u017eivota. Metalne ru\u010dke nagla\u0161avaju \u010disti dizajn i \u010dine namje\u0161taj jednostavnim i elegantnim.Zahvaljuju\u0107i dva preklopna pretinca s 4 unutarnja pretinca za pohranu, mo\u017eete uredno pohraniti svoje cipele. Visina pretinaca za cipele mo\u017ee se podesiti putem uklonjivih polica, tako da ima mjesta i za najvi\u0161e cipele.Dobro osmi\u0161ljena struktura i visokokvalitetni MDF (E1) \u010dine ovaj ormari\u0107 za cipele \u010dvrstim i izdr\u017eljivim. Povr\u0161ina je otporna na ogrebotine i lako se \u010disti. Koristite samo vla\u017enu krpu.Otvoreni pretinac i gornji dio namje\u0161taja tako\u0111er su prikladni za predstavljanje ukrasnih predmeta ili pohranjivanje drugih sitnica.\" \/>\n<meta property=\"og:url\" content=\"https:\/\/inti.hr\/sr\/proizvod\/ormaric-za-cipele-s-dva-pretinca\/\" \/>\n<meta property=\"og:site_name\" content=\"Inti\" \/>\n<meta property=\"og:image\" content=\"https:\/\/i0.wp.com\/inti.hr\/wp-content\/uploads\/2022\/12\/FSR87-BR-Y001.webp?fit=1600%2C1600&ssl=1\" \/>\n\t<meta property=\"og:image:width\" content=\"1600\" \/>\n\t<meta property=\"og:image:height\" content=\"1600\" \/>\n\t<meta property=\"og:image:type\" content=\"image\/webp\" \/>\n<meta name=\"twitter:card\" content=\"summary_large_image\" \/>\n<script type=\"application\/ld+json\" class=\"yoast-schema-graph\">{\"@context\":\"https:\/\/schema.org\",\"@graph\":[{\"@type\":\"WebPage\",\"@id\":\"https:\/\/inti.hr\/sr\/proizvod\/ormaric-za-cipele-s-dva-pretinca\/\",\"url\":\"https:\/\/inti.hr\/sr\/proizvod\/ormaric-za-cipele-s-dva-pretinca\/\",\"name\":\"Ormari\u0107 za cipele s dva pretinca - Inti\",\"isPartOf\":{\"@id\":\"https:\/\/inti.hr\/sr\/#website\"},\"primaryImageOfPage\":{\"@id\":\"https:\/\/inti.hr\/sr\/proizvod\/ormaric-za-cipele-s-dva-pretinca\/#primaryimage\"},\"image\":{\"@id\":\"https:\/\/inti.hr\/sr\/proizvod\/ormaric-za-cipele-s-dva-pretinca\/#primaryimage\"},\"thumbnailUrl\":\"https:\/\/i0.wp.com\/inti.hr\/wp-content\/uploads\/2022\/12\/FSR87-BR-Y001.webp?fit=1600%2C1600&ssl=1\",\"datePublished\":\"2022-12-16T08:12:53+00:00\",\"dateModified\":\"2022-12-16T08:12:53+00:00\",\"description\":\"Ovaj stalak za cipele mo\u017ee se pri\u010dvrstiti na zid pomo\u0107u sigurnosnih okova kako bi se sprije\u010dilo prevrtanje. To osigurava njegovu stabilnost u va\u0161em domu.Ravni vrh za cipele u elegantnoj boji dobro se sla\u017ee s hladnom elegancijom modernog stila \u017eivota. Metalne ru\u010dke nagla\u0161avaju \u010disti dizajn i \u010dine namje\u0161taj jednostavnim i elegantnim.Zahvaljuju\u0107i dva preklopna pretinca s 4 unutarnja pretinca za pohranu, mo\u017eete uredno pohraniti svoje cipele. Visina pretinaca za cipele mo\u017ee se podesiti putem uklonjivih polica, tako da ima mjesta i za najvi\u0161e cipele.Dobro osmi\u0161ljena struktura i visokokvalitetni MDF (E1) \u010dine ovaj ormari\u0107 za cipele \u010dvrstim i izdr\u017eljivim. Povr\u0161ina je otporna na ogrebotine i lako se \u010disti. Koristite samo vla\u017enu krpu.Otvoreni pretinac i gornji dio namje\u0161taja tako\u0111er su prikladni za predstavljanje ukrasnih predmeta ili pohranjivanje drugih sitnica.\",\"breadcrumb\":{\"@id\":\"https:\/\/inti.hr\/sr\/proizvod\/ormaric-za-cipele-s-dva-pretinca\/#breadcrumb\"},\"inLanguage\":\"sr-RS\",\"potentialAction\":[{\"@type\":\"ReadAction\",\"target\":[\"https:\/\/inti.hr\/sr\/proizvod\/ormaric-za-cipele-s-dva-pretinca\/\"]}]},{\"@type\":\"ImageObject\",\"inLanguage\":\"sr-RS\",\"@id\":\"https:\/\/inti.hr\/sr\/proizvod\/ormaric-za-cipele-s-dva-pretinca\/#primaryimage\",\"url\":\"https:\/\/i0.wp.com\/inti.hr\/wp-content\/uploads\/2022\/12\/FSR87-BR-Y001.webp?fit=1600%2C1600&ssl=1\",\"contentUrl\":\"https:\/\/i0.wp.com\/inti.hr\/wp-content\/uploads\/2022\/12\/FSR87-BR-Y001.webp?fit=1600%2C1600&ssl=1\",\"width\":1600,\"height\":1600},{\"@type\":\"BreadcrumbList\",\"@id\":\"https:\/\/inti.hr\/sr\/proizvod\/ormaric-za-cipele-s-dva-pretinca\/#breadcrumb\",\"itemListElement\":[{\"@type\":\"ListItem\",\"position\":1,\"name\":\"Po\u010detna stranica\",\"item\":\"https:\/\/inti.hr\/sr\/\"},{\"@type\":\"ListItem\",\"position\":2,\"name\":\"Prodavnica\",\"item\":\"https:\/\/inti.hr\/sr\/prodavnica\/\"},{\"@type\":\"ListItem\",\"position\":3,\"name\":\"Ormari\u0107 za cipele s dva pretinca\"}]},{\"@type\":\"WebSite\",\"@id\":\"https:\/\/inti.hr\/sr\/#website\",\"url\":\"https:\/\/inti.hr\/sr\/\",\"name\":\"Inti\",\"description\":\"trgovina\",\"potentialAction\":[{\"@type\":\"SearchAction\",\"target\":{\"@type\":\"EntryPoint\",\"urlTemplate\":\"https:\/\/inti.hr\/sr\/?s={search_term_string}\"},\"query-input\":{\"@type\":\"PropertyValueSpecification\",\"valueRequired\":true,\"valueName\":\"search_term_string\"}}],\"inLanguage\":\"sr-RS\"}]}<\/script>\n<!-- \/ Yoast SEO plugin. -->","yoast_head_json":{"title":"Ormari\u0107 za cipele s dva pretinca - Inti","description":"Ovaj stalak za cipele mo\u017ee se pri\u010dvrstiti na zid pomo\u0107u sigurnosnih okova kako bi se sprije\u010dilo prevrtanje. To osigurava njegovu stabilnost u va\u0161em domu.Ravni vrh za cipele u elegantnoj boji dobro se sla\u017ee s hladnom elegancijom modernog stila \u017eivota. Metalne ru\u010dke nagla\u0161avaju \u010disti dizajn i \u010dine namje\u0161taj jednostavnim i elegantnim.Zahvaljuju\u0107i dva preklopna pretinca s 4 unutarnja pretinca za pohranu, mo\u017eete uredno pohraniti svoje cipele. Visina pretinaca za cipele mo\u017ee se podesiti putem uklonjivih polica, tako da ima mjesta i za najvi\u0161e cipele.Dobro osmi\u0161ljena struktura i visokokvalitetni MDF (E1) \u010dine ovaj ormari\u0107 za cipele \u010dvrstim i izdr\u017eljivim. Povr\u0161ina je otporna na ogrebotine i lako se \u010disti. Koristite samo vla\u017enu krpu.Otvoreni pretinac i gornji dio namje\u0161taja tako\u0111er su prikladni za predstavljanje ukrasnih predmeta ili pohranjivanje drugih sitnica.","robots":{"index":"index","follow":"follow","max-snippet":"max-snippet:-1","max-image-preview":"max-image-preview:large","max-video-preview":"max-video-preview:-1"},"canonical":"https:\/\/inti.hr\/sr\/proizvod\/ormaric-za-cipele-s-dva-pretinca\/","og_locale":"sr_RS","og_type":"article","og_title":"Ormari\u0107 za cipele s dva pretinca - Inti","og_description":"Ovaj stalak za cipele mo\u017ee se pri\u010dvrstiti na zid pomo\u0107u sigurnosnih okova kako bi se sprije\u010dilo prevrtanje. To osigurava njegovu stabilnost u va\u0161em domu.Ravni vrh za cipele u elegantnoj boji dobro se sla\u017ee s hladnom elegancijom modernog stila \u017eivota. Metalne ru\u010dke nagla\u0161avaju \u010disti dizajn i \u010dine namje\u0161taj jednostavnim i elegantnim.Zahvaljuju\u0107i dva preklopna pretinca s 4 unutarnja pretinca za pohranu, mo\u017eete uredno pohraniti svoje cipele. Visina pretinaca za cipele mo\u017ee se podesiti putem uklonjivih polica, tako da ima mjesta i za najvi\u0161e cipele.Dobro osmi\u0161ljena struktura i visokokvalitetni MDF (E1) \u010dine ovaj ormari\u0107 za cipele \u010dvrstim i izdr\u017eljivim. Povr\u0161ina je otporna na ogrebotine i lako se \u010disti. Koristite samo vla\u017enu krpu.Otvoreni pretinac i gornji dio namje\u0161taja tako\u0111er su prikladni za predstavljanje ukrasnih predmeta ili pohranjivanje drugih sitnica.","og_url":"https:\/\/inti.hr\/sr\/proizvod\/ormaric-za-cipele-s-dva-pretinca\/","og_site_name":"Inti","og_image":[{"width":1600,"height":1600,"url":"https:\/\/i0.wp.com\/inti.hr\/wp-content\/uploads\/2022\/12\/FSR87-BR-Y001.webp?fit=1600%2C1600&ssl=1","type":"image\/webp"}],"twitter_card":"summary_large_image","schema":{"@context":"https:\/\/schema.org","@graph":[{"@type":"WebPage","@id":"https:\/\/inti.hr\/sr\/proizvod\/ormaric-za-cipele-s-dva-pretinca\/","url":"https:\/\/inti.hr\/sr\/proizvod\/ormaric-za-cipele-s-dva-pretinca\/","name":"Ormari\u0107 za cipele s dva pretinca - Inti","isPartOf":{"@id":"https:\/\/inti.hr\/sr\/#website"},"primaryImageOfPage":{"@id":"https:\/\/inti.hr\/sr\/proizvod\/ormaric-za-cipele-s-dva-pretinca\/#primaryimage"},"image":{"@id":"https:\/\/inti.hr\/sr\/proizvod\/ormaric-za-cipele-s-dva-pretinca\/#primaryimage"},"thumbnailUrl":"https:\/\/i0.wp.com\/inti.hr\/wp-content\/uploads\/2022\/12\/FSR87-BR-Y001.webp?fit=1600%2C1600&ssl=1","datePublished":"2022-12-16T08:12:53+00:00","dateModified":"2022-12-16T08:12:53+00:00","description":"Ovaj stalak za cipele mo\u017ee se pri\u010dvrstiti na zid pomo\u0107u sigurnosnih okova kako bi se sprije\u010dilo prevrtanje. To osigurava njegovu stabilnost u va\u0161em domu.Ravni vrh za cipele u elegantnoj boji dobro se sla\u017ee s hladnom elegancijom modernog stila \u017eivota. Metalne ru\u010dke nagla\u0161avaju \u010disti dizajn i \u010dine namje\u0161taj jednostavnim i elegantnim.Zahvaljuju\u0107i dva preklopna pretinca s 4 unutarnja pretinca za pohranu, mo\u017eete uredno pohraniti svoje cipele. Visina pretinaca za cipele mo\u017ee se podesiti putem uklonjivih polica, tako da ima mjesta i za najvi\u0161e cipele.Dobro osmi\u0161ljena struktura i visokokvalitetni MDF (E1) \u010dine ovaj ormari\u0107 za cipele \u010dvrstim i izdr\u017eljivim. Povr\u0161ina je otporna na ogrebotine i lako se \u010disti. Koristite samo vla\u017enu krpu.Otvoreni pretinac i gornji dio namje\u0161taja tako\u0111er su prikladni za predstavljanje ukrasnih predmeta ili pohranjivanje drugih sitnica.","breadcrumb":{"@id":"https:\/\/inti.hr\/sr\/proizvod\/ormaric-za-cipele-s-dva-pretinca\/#breadcrumb"},"inLanguage":"sr-RS","potentialAction":[{"@type":"ReadAction","target":["https:\/\/inti.hr\/sr\/proizvod\/ormaric-za-cipele-s-dva-pretinca\/"]}]},{"@type":"ImageObject","inLanguage":"sr-RS","@id":"https:\/\/inti.hr\/sr\/proizvod\/ormaric-za-cipele-s-dva-pretinca\/#primaryimage","url":"https:\/\/i0.wp.com\/inti.hr\/wp-content\/uploads\/2022\/12\/FSR87-BR-Y001.webp?fit=1600%2C1600&ssl=1","contentUrl":"https:\/\/i0.wp.com\/inti.hr\/wp-content\/uploads\/2022\/12\/FSR87-BR-Y001.webp?fit=1600%2C1600&ssl=1","width":1600,"height":1600},{"@type":"BreadcrumbList","@id":"https:\/\/inti.hr\/sr\/proizvod\/ormaric-za-cipele-s-dva-pretinca\/#breadcrumb","itemListElement":[{"@type":"ListItem","position":1,"name":"Po\u010detna stranica","item":"https:\/\/inti.hr\/sr\/"},{"@type":"ListItem","position":2,"name":"Prodavnica","item":"https:\/\/inti.hr\/sr\/prodavnica\/"},{"@type":"ListItem","position":3,"name":"Ormari\u0107 za cipele s dva pretinca"}]},{"@type":"WebSite","@id":"https:\/\/inti.hr\/sr\/#website","url":"https:\/\/inti.hr\/sr\/","name":"Inti","description":"trgovina","potentialAction":[{"@type":"SearchAction","target":{"@type":"EntryPoint","urlTemplate":"https:\/\/inti.hr\/sr\/?s={search_term_string}"},"query-input":{"@type":"PropertyValueSpecification","valueRequired":true,"valueName":"search_term_string"}}],"inLanguage":"sr-RS"}]}},"jetpack_sharing_enabled":true,"jetpack-related-posts":[],"_links":{"self":[{"href":"https:\/\/inti.hr\/sr\/wp-json\/wp\/v2\/product\/33580"}],"collection":[{"href":"https:\/\/inti.hr\/sr\/wp-json\/wp\/v2\/product"}],"about":[{"href":"https:\/\/inti.hr\/sr\/wp-json\/wp\/v2\/types\/product"}],"wp:featuredmedia":[{"embeddable":true,"href":"https:\/\/inti.hr\/sr\/wp-json\/wp\/v2\/media\/33581"}],"wp:attachment":[{"href":"https:\/\/inti.hr\/sr\/wp-json\/wp\/v2\/media?parent=33580"}],"wp:term":[{"taxonomy":"product_cat","embeddable":true,"href":"https:\/\/inti.hr\/sr\/wp-json\/wp\/v2\/product_cat?post=33580"},{"taxonomy":"product_tag","embeddable":true,"href":"https:\/\/inti.hr\/sr\/wp-json\/wp\/v2\/product_tag?post=33580"}],"curies":[{"name":"wp","href":"https:\/\/api.w.org\/{rel}","templated":true}]}}