{"id":33603,"date":"2022-10-28T06:55:17","date_gmt":"2022-10-28T06:55:17","guid":{"rendered":"https:\/\/inti.hr\/product\/11071-sklopivi-ormaric-za-cipele-s-klupom\/"},"modified":"2022-10-28T06:55:17","modified_gmt":"2022-10-28T06:55:17","slug":"11071-sklopivi-ormaric-za-cipele-s-klupom","status":"publish","type":"product","link":"https:\/\/inti.hr\/sr\/proizvod\/11071-sklopivi-ormaric-za-cipele-s-klupom\/","title":{"rendered":"Sklopivi ormari\u0107 za cipele"},"content":{"rendered":"<p>Detalji proizvoda:<\/p>\n<ul>\n<li>Te\u017eina: 46,4 kg<\/li>\n<li>Nosivost: stalak za cipele do 40 kg, sjedalo do 100 kg<\/li>\n<li>Materijal: MDF (E1), PB (E1), borovina.<\/li>\n<li>Veli\u010dina proizvoda: (92-124) x115x24cm (vidi sliku)<\/li>\n<li>Dimenzije paketa A: 96x47x21cm<\/li>\n<li>Dimenzije paketa B: 92x53x15cm.<\/li>\n<li>Isporuka: u 2 pakiranja.<\/li>\n<li>Sjedalo se mo\u017ee fleksibilno izvu\u0107i i zakrenuti za 90\u00b0.<\/li>\n<\/ul>\n","protected":false},"excerpt":{"rendered":"<p>Linearni ormari\u0107 za cipele elegantne boje pristaje uz svje\u017eu eleganciju modernog &#8230; <\/p>\n","protected":false},"featured_media":33604,"template":"","meta":[],"product_cat":[2635],"product_tag":[2636,3771,2640],"yoast_head":"<!-- This site is optimized with the Yoast SEO plugin v23.7 - https:\/\/yoast.com\/wordpress\/plugins\/seo\/ -->\n<title>Sklopivi ormari\u0107 za cipele - Inti<\/title>\n<meta name=\"description\" content=\"Linearni ormari\u0107 za cipele elegantne boje pristaje uz svje\u017eu eleganciju modernog na\u010dina \u017eivota. Ovaj ormari\u0107 za cipele prekrasan je ukras u va\u0161em ulaznom prostoru. Obogatite svoj dom ovim ekstravagantnim komadom namje\u0161taja! Gornja polica se mo\u017ee koristiti i kao polica. Postavite cvije\u0107e ili okvir za fotografije i stvorite svoju ugodnu atmosferu. Dobro osmi\u0161ljena struktura i visokokvalitetni materijali \u010dine ovaj ormari\u0107 za cipele \u010dvrstim i izdr\u017eljivim. Povr\u0161ina je otporna na ogrebotine i lako se \u010disti. Koristite samo vla\u017enu krpu. Sweet klupa se mo\u017ee rotirati za 90\u00b0, a mo\u017ee se postaviti i u kut. S jastukom za sjedenje i 2 noge od borovine pru\u017eaju udobnost i sigurnost. Uz 2 preklopna pretinca s 4 unutarnje police, mo\u017eete uredno pohraniti svoje cipele. Visina pretinaca za cipele mo\u017ee se podesiti pomo\u0107u uklonjivih polica, tako da se ovdje mogu smjestiti i vi\u0161e cipele.Iza vrata svoje \u0161alove, kape i druge sitnice mo\u017eete dr\u017eati na sigurnom i organiziranom.\" \/>\n<meta name=\"robots\" content=\"index, follow, max-snippet:-1, max-image-preview:large, max-video-preview:-1\" \/>\n<link rel=\"canonical\" href=\"https:\/\/inti.hr\/sr\/proizvod\/11071-sklopivi-ormaric-za-cipele-s-klupom\/\" \/>\n<meta property=\"og:locale\" content=\"sr_RS\" \/>\n<meta property=\"og:type\" content=\"article\" \/>\n<meta property=\"og:title\" content=\"Sklopivi ormari\u0107 za cipele - Inti\" \/>\n<meta property=\"og:description\" content=\"Linearni ormari\u0107 za cipele elegantne boje pristaje uz svje\u017eu eleganciju modernog na\u010dina \u017eivota. Ovaj ormari\u0107 za cipele prekrasan je ukras u va\u0161em ulaznom prostoru. Obogatite svoj dom ovim ekstravagantnim komadom namje\u0161taja! Gornja polica se mo\u017ee koristiti i kao polica. Postavite cvije\u0107e ili okvir za fotografije i stvorite svoju ugodnu atmosferu. Dobro osmi\u0161ljena struktura i visokokvalitetni materijali \u010dine ovaj ormari\u0107 za cipele \u010dvrstim i izdr\u017eljivim. Povr\u0161ina je otporna na ogrebotine i lako se \u010disti. Koristite samo vla\u017enu krpu. Sweet klupa se mo\u017ee rotirati za 90\u00b0, a mo\u017ee se postaviti i u kut. S jastukom za sjedenje i 2 noge od borovine pru\u017eaju udobnost i sigurnost. Uz 2 preklopna pretinca s 4 unutarnje police, mo\u017eete uredno pohraniti svoje cipele. Visina pretinaca za cipele mo\u017ee se podesiti pomo\u0107u uklonjivih polica, tako da se ovdje mogu smjestiti i vi\u0161e cipele.Iza vrata svoje \u0161alove, kape i druge sitnice mo\u017eete dr\u017eati na sigurnom i organiziranom.\" \/>\n<meta property=\"og:url\" content=\"https:\/\/inti.hr\/sr\/proizvod\/11071-sklopivi-ormaric-za-cipele-s-klupom\/\" \/>\n<meta property=\"og:site_name\" content=\"Inti\" \/>\n<meta property=\"og:image\" content=\"https:\/\/i0.wp.com\/inti.hr\/wp-content\/uploads\/2022\/10\/FSR134-W-Y006_1800x1800-1.webp?fit=1600%2C1600&ssl=1\" \/>\n\t<meta property=\"og:image:width\" content=\"1600\" \/>\n\t<meta property=\"og:image:height\" content=\"1600\" \/>\n\t<meta property=\"og:image:type\" content=\"image\/webp\" \/>\n<meta name=\"twitter:card\" content=\"summary_large_image\" \/>\n<script type=\"application\/ld+json\" class=\"yoast-schema-graph\">{\"@context\":\"https:\/\/schema.org\",\"@graph\":[{\"@type\":\"WebPage\",\"@id\":\"https:\/\/inti.hr\/sr\/proizvod\/11071-sklopivi-ormaric-za-cipele-s-klupom\/\",\"url\":\"https:\/\/inti.hr\/sr\/proizvod\/11071-sklopivi-ormaric-za-cipele-s-klupom\/\",\"name\":\"Sklopivi ormari\u0107 za cipele - Inti\",\"isPartOf\":{\"@id\":\"https:\/\/inti.hr\/sr\/#website\"},\"primaryImageOfPage\":{\"@id\":\"https:\/\/inti.hr\/sr\/proizvod\/11071-sklopivi-ormaric-za-cipele-s-klupom\/#primaryimage\"},\"image\":{\"@id\":\"https:\/\/inti.hr\/sr\/proizvod\/11071-sklopivi-ormaric-za-cipele-s-klupom\/#primaryimage\"},\"thumbnailUrl\":\"https:\/\/i0.wp.com\/inti.hr\/wp-content\/uploads\/2022\/10\/FSR134-W-Y006_1800x1800-1.webp?fit=1600%2C1600&ssl=1\",\"datePublished\":\"2022-10-28T06:55:17+00:00\",\"dateModified\":\"2022-10-28T06:55:17+00:00\",\"description\":\"Linearni ormari\u0107 za cipele elegantne boje pristaje uz svje\u017eu eleganciju modernog na\u010dina \u017eivota. Ovaj ormari\u0107 za cipele prekrasan je ukras u va\u0161em ulaznom prostoru. Obogatite svoj dom ovim ekstravagantnim komadom namje\u0161taja! Gornja polica se mo\u017ee koristiti i kao polica. Postavite cvije\u0107e ili okvir za fotografije i stvorite svoju ugodnu atmosferu. Dobro osmi\u0161ljena struktura i visokokvalitetni materijali \u010dine ovaj ormari\u0107 za cipele \u010dvrstim i izdr\u017eljivim. Povr\u0161ina je otporna na ogrebotine i lako se \u010disti. Koristite samo vla\u017enu krpu. Sweet klupa se mo\u017ee rotirati za 90\u00b0, a mo\u017ee se postaviti i u kut. S jastukom za sjedenje i 2 noge od borovine pru\u017eaju udobnost i sigurnost. Uz 2 preklopna pretinca s 4 unutarnje police, mo\u017eete uredno pohraniti svoje cipele. Visina pretinaca za cipele mo\u017ee se podesiti pomo\u0107u uklonjivih polica, tako da se ovdje mogu smjestiti i vi\u0161e cipele.Iza vrata svoje \u0161alove, kape i druge sitnice mo\u017eete dr\u017eati na sigurnom i organiziranom.\",\"breadcrumb\":{\"@id\":\"https:\/\/inti.hr\/sr\/proizvod\/11071-sklopivi-ormaric-za-cipele-s-klupom\/#breadcrumb\"},\"inLanguage\":\"sr-RS\",\"potentialAction\":[{\"@type\":\"ReadAction\",\"target\":[\"https:\/\/inti.hr\/sr\/proizvod\/11071-sklopivi-ormaric-za-cipele-s-klupom\/\"]}]},{\"@type\":\"ImageObject\",\"inLanguage\":\"sr-RS\",\"@id\":\"https:\/\/inti.hr\/sr\/proizvod\/11071-sklopivi-ormaric-za-cipele-s-klupom\/#primaryimage\",\"url\":\"https:\/\/i0.wp.com\/inti.hr\/wp-content\/uploads\/2022\/10\/FSR134-W-Y006_1800x1800-1.webp?fit=1600%2C1600&ssl=1\",\"contentUrl\":\"https:\/\/i0.wp.com\/inti.hr\/wp-content\/uploads\/2022\/10\/FSR134-W-Y006_1800x1800-1.webp?fit=1600%2C1600&ssl=1\",\"width\":1600,\"height\":1600},{\"@type\":\"BreadcrumbList\",\"@id\":\"https:\/\/inti.hr\/sr\/proizvod\/11071-sklopivi-ormaric-za-cipele-s-klupom\/#breadcrumb\",\"itemListElement\":[{\"@type\":\"ListItem\",\"position\":1,\"name\":\"Po\u010detna stranica\",\"item\":\"https:\/\/inti.hr\/sr\/\"},{\"@type\":\"ListItem\",\"position\":2,\"name\":\"Prodavnica\",\"item\":\"https:\/\/inti.hr\/sr\/prodavnica\/\"},{\"@type\":\"ListItem\",\"position\":3,\"name\":\"Sklopivi ormari\u0107 za cipele\"}]},{\"@type\":\"WebSite\",\"@id\":\"https:\/\/inti.hr\/sr\/#website\",\"url\":\"https:\/\/inti.hr\/sr\/\",\"name\":\"Inti\",\"description\":\"trgovina\",\"potentialAction\":[{\"@type\":\"SearchAction\",\"target\":{\"@type\":\"EntryPoint\",\"urlTemplate\":\"https:\/\/inti.hr\/sr\/?s={search_term_string}\"},\"query-input\":{\"@type\":\"PropertyValueSpecification\",\"valueRequired\":true,\"valueName\":\"search_term_string\"}}],\"inLanguage\":\"sr-RS\"}]}<\/script>\n<!-- \/ Yoast SEO plugin. -->","yoast_head_json":{"title":"Sklopivi ormari\u0107 za cipele - Inti","description":"Linearni ormari\u0107 za cipele elegantne boje pristaje uz svje\u017eu eleganciju modernog na\u010dina \u017eivota. Ovaj ormari\u0107 za cipele prekrasan je ukras u va\u0161em ulaznom prostoru. Obogatite svoj dom ovim ekstravagantnim komadom namje\u0161taja! Gornja polica se mo\u017ee koristiti i kao polica. Postavite cvije\u0107e ili okvir za fotografije i stvorite svoju ugodnu atmosferu. Dobro osmi\u0161ljena struktura i visokokvalitetni materijali \u010dine ovaj ormari\u0107 za cipele \u010dvrstim i izdr\u017eljivim. Povr\u0161ina je otporna na ogrebotine i lako se \u010disti. Koristite samo vla\u017enu krpu. Sweet klupa se mo\u017ee rotirati za 90\u00b0, a mo\u017ee se postaviti i u kut. S jastukom za sjedenje i 2 noge od borovine pru\u017eaju udobnost i sigurnost. Uz 2 preklopna pretinca s 4 unutarnje police, mo\u017eete uredno pohraniti svoje cipele. Visina pretinaca za cipele mo\u017ee se podesiti pomo\u0107u uklonjivih polica, tako da se ovdje mogu smjestiti i vi\u0161e cipele.Iza vrata svoje \u0161alove, kape i druge sitnice mo\u017eete dr\u017eati na sigurnom i organiziranom.","robots":{"index":"index","follow":"follow","max-snippet":"max-snippet:-1","max-image-preview":"max-image-preview:large","max-video-preview":"max-video-preview:-1"},"canonical":"https:\/\/inti.hr\/sr\/proizvod\/11071-sklopivi-ormaric-za-cipele-s-klupom\/","og_locale":"sr_RS","og_type":"article","og_title":"Sklopivi ormari\u0107 za cipele - Inti","og_description":"Linearni ormari\u0107 za cipele elegantne boje pristaje uz svje\u017eu eleganciju modernog na\u010dina \u017eivota. Ovaj ormari\u0107 za cipele prekrasan je ukras u va\u0161em ulaznom prostoru. Obogatite svoj dom ovim ekstravagantnim komadom namje\u0161taja! Gornja polica se mo\u017ee koristiti i kao polica. Postavite cvije\u0107e ili okvir za fotografije i stvorite svoju ugodnu atmosferu. Dobro osmi\u0161ljena struktura i visokokvalitetni materijali \u010dine ovaj ormari\u0107 za cipele \u010dvrstim i izdr\u017eljivim. Povr\u0161ina je otporna na ogrebotine i lako se \u010disti. Koristite samo vla\u017enu krpu. Sweet klupa se mo\u017ee rotirati za 90\u00b0, a mo\u017ee se postaviti i u kut. S jastukom za sjedenje i 2 noge od borovine pru\u017eaju udobnost i sigurnost. Uz 2 preklopna pretinca s 4 unutarnje police, mo\u017eete uredno pohraniti svoje cipele. Visina pretinaca za cipele mo\u017ee se podesiti pomo\u0107u uklonjivih polica, tako da se ovdje mogu smjestiti i vi\u0161e cipele.Iza vrata svoje \u0161alove, kape i druge sitnice mo\u017eete dr\u017eati na sigurnom i organiziranom.","og_url":"https:\/\/inti.hr\/sr\/proizvod\/11071-sklopivi-ormaric-za-cipele-s-klupom\/","og_site_name":"Inti","og_image":[{"width":1600,"height":1600,"url":"https:\/\/i0.wp.com\/inti.hr\/wp-content\/uploads\/2022\/10\/FSR134-W-Y006_1800x1800-1.webp?fit=1600%2C1600&ssl=1","type":"image\/webp"}],"twitter_card":"summary_large_image","schema":{"@context":"https:\/\/schema.org","@graph":[{"@type":"WebPage","@id":"https:\/\/inti.hr\/sr\/proizvod\/11071-sklopivi-ormaric-za-cipele-s-klupom\/","url":"https:\/\/inti.hr\/sr\/proizvod\/11071-sklopivi-ormaric-za-cipele-s-klupom\/","name":"Sklopivi ormari\u0107 za cipele - Inti","isPartOf":{"@id":"https:\/\/inti.hr\/sr\/#website"},"primaryImageOfPage":{"@id":"https:\/\/inti.hr\/sr\/proizvod\/11071-sklopivi-ormaric-za-cipele-s-klupom\/#primaryimage"},"image":{"@id":"https:\/\/inti.hr\/sr\/proizvod\/11071-sklopivi-ormaric-za-cipele-s-klupom\/#primaryimage"},"thumbnailUrl":"https:\/\/i0.wp.com\/inti.hr\/wp-content\/uploads\/2022\/10\/FSR134-W-Y006_1800x1800-1.webp?fit=1600%2C1600&ssl=1","datePublished":"2022-10-28T06:55:17+00:00","dateModified":"2022-10-28T06:55:17+00:00","description":"Linearni ormari\u0107 za cipele elegantne boje pristaje uz svje\u017eu eleganciju modernog na\u010dina \u017eivota. Ovaj ormari\u0107 za cipele prekrasan je ukras u va\u0161em ulaznom prostoru. Obogatite svoj dom ovim ekstravagantnim komadom namje\u0161taja! Gornja polica se mo\u017ee koristiti i kao polica. Postavite cvije\u0107e ili okvir za fotografije i stvorite svoju ugodnu atmosferu. Dobro osmi\u0161ljena struktura i visokokvalitetni materijali \u010dine ovaj ormari\u0107 za cipele \u010dvrstim i izdr\u017eljivim. Povr\u0161ina je otporna na ogrebotine i lako se \u010disti. Koristite samo vla\u017enu krpu. Sweet klupa se mo\u017ee rotirati za 90\u00b0, a mo\u017ee se postaviti i u kut. S jastukom za sjedenje i 2 noge od borovine pru\u017eaju udobnost i sigurnost. Uz 2 preklopna pretinca s 4 unutarnje police, mo\u017eete uredno pohraniti svoje cipele. Visina pretinaca za cipele mo\u017ee se podesiti pomo\u0107u uklonjivih polica, tako da se ovdje mogu smjestiti i vi\u0161e cipele.Iza vrata svoje \u0161alove, kape i druge sitnice mo\u017eete dr\u017eati na sigurnom i organiziranom.","breadcrumb":{"@id":"https:\/\/inti.hr\/sr\/proizvod\/11071-sklopivi-ormaric-za-cipele-s-klupom\/#breadcrumb"},"inLanguage":"sr-RS","potentialAction":[{"@type":"ReadAction","target":["https:\/\/inti.hr\/sr\/proizvod\/11071-sklopivi-ormaric-za-cipele-s-klupom\/"]}]},{"@type":"ImageObject","inLanguage":"sr-RS","@id":"https:\/\/inti.hr\/sr\/proizvod\/11071-sklopivi-ormaric-za-cipele-s-klupom\/#primaryimage","url":"https:\/\/i0.wp.com\/inti.hr\/wp-content\/uploads\/2022\/10\/FSR134-W-Y006_1800x1800-1.webp?fit=1600%2C1600&ssl=1","contentUrl":"https:\/\/i0.wp.com\/inti.hr\/wp-content\/uploads\/2022\/10\/FSR134-W-Y006_1800x1800-1.webp?fit=1600%2C1600&ssl=1","width":1600,"height":1600},{"@type":"BreadcrumbList","@id":"https:\/\/inti.hr\/sr\/proizvod\/11071-sklopivi-ormaric-za-cipele-s-klupom\/#breadcrumb","itemListElement":[{"@type":"ListItem","position":1,"name":"Po\u010detna stranica","item":"https:\/\/inti.hr\/sr\/"},{"@type":"ListItem","position":2,"name":"Prodavnica","item":"https:\/\/inti.hr\/sr\/prodavnica\/"},{"@type":"ListItem","position":3,"name":"Sklopivi ormari\u0107 za cipele"}]},{"@type":"WebSite","@id":"https:\/\/inti.hr\/sr\/#website","url":"https:\/\/inti.hr\/sr\/","name":"Inti","description":"trgovina","potentialAction":[{"@type":"SearchAction","target":{"@type":"EntryPoint","urlTemplate":"https:\/\/inti.hr\/sr\/?s={search_term_string}"},"query-input":{"@type":"PropertyValueSpecification","valueRequired":true,"valueName":"search_term_string"}}],"inLanguage":"sr-RS"}]}},"jetpack_sharing_enabled":true,"jetpack-related-posts":[],"_links":{"self":[{"href":"https:\/\/inti.hr\/sr\/wp-json\/wp\/v2\/product\/33603"}],"collection":[{"href":"https:\/\/inti.hr\/sr\/wp-json\/wp\/v2\/product"}],"about":[{"href":"https:\/\/inti.hr\/sr\/wp-json\/wp\/v2\/types\/product"}],"wp:featuredmedia":[{"embeddable":true,"href":"https:\/\/inti.hr\/sr\/wp-json\/wp\/v2\/media\/33604"}],"wp:attachment":[{"href":"https:\/\/inti.hr\/sr\/wp-json\/wp\/v2\/media?parent=33603"}],"wp:term":[{"taxonomy":"product_cat","embeddable":true,"href":"https:\/\/inti.hr\/sr\/wp-json\/wp\/v2\/product_cat?post=33603"},{"taxonomy":"product_tag","embeddable":true,"href":"https:\/\/inti.hr\/sr\/wp-json\/wp\/v2\/product_tag?post=33603"}],"curies":[{"name":"wp","href":"https:\/\/api.w.org\/{rel}","templated":true}]}}