{"id":33617,"date":"2022-10-24T11:13:55","date_gmt":"2022-10-24T11:13:55","guid":{"rendered":"https:\/\/inti.hr\/product\/kupaonski-stupni-ormaric-svijetlo-sivi\/"},"modified":"2022-10-24T11:13:55","modified_gmt":"2022-10-24T11:13:55","slug":"kupaonski-stupni-ormaric-svijetlo-sivi","status":"publish","type":"product","link":"https:\/\/inti.hr\/sr\/proizvod\/kupaonski-stupni-ormaric-svijetlo-sivi\/","title":{"rendered":"Kupaonski stupni ormari\u0107 svijetlo sivi"},"content":{"rendered":"<p>Detalji proizvoda:<\/p>\n<ul>\n<li>Materijal: MDF (E1)<\/li>\n<li>Te\u017eina: 19,6 kg<\/li>\n<li>Nosivost: 50 kg<\/li>\n<li>Veli\u010dina proizvoda: 39x30x169cm (vidi sliku)<\/li>\n<li>Dimenzije paketa: 101x40x22cm<\/li>\n<\/ul>\n","protected":false},"excerpt":{"rendered":"<p>Ovaj atraktivan i jednostavan visoki ormar impresionira svojim jednostavnim i bezvremenskim &#8230; <\/p>\n","protected":false},"featured_media":33618,"template":"","meta":[],"product_cat":[2396],"product_tag":[2522,3777],"yoast_head":"<!-- This site is optimized with the Yoast SEO plugin v23.7 - https:\/\/yoast.com\/wordpress\/plugins\/seo\/ -->\n<title>Kupaonski stupni ormari\u0107 svijetlo sivi - Inti<\/title>\n<meta name=\"description\" content=\"Ovaj atraktivan i jednostavan visoki ormar impresionira svojim jednostavnim i bezvremenskim dizajnom. Elegantni ormari\u0107 krasi va\u0161u kupaonicu brzo i jednostavno. Otvoreni pretinci i police iza vrata nude vrlo prakti\u010dan prostor za pohranu. Veliki visoki kupaonski ormari\u0107 nudi prostor za ru\u010dnike, proizvode za njegu i druge kupaonske potrep\u0161tine. Na\u0161 proizvod je opremljen ure\u0111ajem protiv prevrtanja za pri\u010dvr\u0161\u0107ivanje ormari\u0107a na zid. Me\u0111upolicu iza vrata mo\u017eete namjestiti u 3 varijante ili je mo\u017eete potpuno izostaviti. Visokokvalitetne MDF plo\u010de jam\u010de savr\u0161enu stabilnost i dug vijek trajanja, \u010dak iu vla\u017enim okru\u017eenjima. Povr\u0161ina se lako \u010disti, \u0161to olak\u0161ava ku\u0107anske poslove. MDF plo\u010de sive boje i boje drveta daju ovom komadu namje\u0161taja jedinstvenost. S ko\u017enim ru\u010dkama postaje vrhunac svake prostorije.\" \/>\n<meta name=\"robots\" content=\"index, follow, max-snippet:-1, max-image-preview:large, max-video-preview:-1\" \/>\n<link rel=\"canonical\" href=\"https:\/\/inti.hr\/sr\/proizvod\/kupaonski-stupni-ormaric-svijetlo-sivi\/\" \/>\n<meta property=\"og:locale\" content=\"sr_RS\" \/>\n<meta property=\"og:type\" content=\"article\" \/>\n<meta property=\"og:title\" content=\"Kupaonski stupni ormari\u0107 svijetlo sivi - Inti\" \/>\n<meta property=\"og:description\" content=\"Ovaj atraktivan i jednostavan visoki ormar impresionira svojim jednostavnim i bezvremenskim dizajnom. Elegantni ormari\u0107 krasi va\u0161u kupaonicu brzo i jednostavno. Otvoreni pretinci i police iza vrata nude vrlo prakti\u010dan prostor za pohranu. Veliki visoki kupaonski ormari\u0107 nudi prostor za ru\u010dnike, proizvode za njegu i druge kupaonske potrep\u0161tine. Na\u0161 proizvod je opremljen ure\u0111ajem protiv prevrtanja za pri\u010dvr\u0161\u0107ivanje ormari\u0107a na zid. Me\u0111upolicu iza vrata mo\u017eete namjestiti u 3 varijante ili je mo\u017eete potpuno izostaviti. Visokokvalitetne MDF plo\u010de jam\u010de savr\u0161enu stabilnost i dug vijek trajanja, \u010dak iu vla\u017enim okru\u017eenjima. Povr\u0161ina se lako \u010disti, \u0161to olak\u0161ava ku\u0107anske poslove. MDF plo\u010de sive boje i boje drveta daju ovom komadu namje\u0161taja jedinstvenost. S ko\u017enim ru\u010dkama postaje vrhunac svake prostorije.\" \/>\n<meta property=\"og:url\" content=\"https:\/\/inti.hr\/sr\/proizvod\/kupaonski-stupni-ormaric-svijetlo-sivi\/\" \/>\n<meta property=\"og:site_name\" content=\"Inti\" \/>\n<meta property=\"og:image\" content=\"https:\/\/i0.wp.com\/inti.hr\/wp-content\/uploads\/2022\/10\/BZR68-HG-Y001_670x.webp?fit=670%2C670&ssl=1\" \/>\n\t<meta property=\"og:image:width\" content=\"670\" \/>\n\t<meta property=\"og:image:height\" content=\"670\" \/>\n\t<meta property=\"og:image:type\" content=\"image\/webp\" \/>\n<meta name=\"twitter:card\" content=\"summary_large_image\" \/>\n<script type=\"application\/ld+json\" class=\"yoast-schema-graph\">{\"@context\":\"https:\/\/schema.org\",\"@graph\":[{\"@type\":\"WebPage\",\"@id\":\"https:\/\/inti.hr\/sr\/proizvod\/kupaonski-stupni-ormaric-svijetlo-sivi\/\",\"url\":\"https:\/\/inti.hr\/sr\/proizvod\/kupaonski-stupni-ormaric-svijetlo-sivi\/\",\"name\":\"Kupaonski stupni ormari\u0107 svijetlo sivi - Inti\",\"isPartOf\":{\"@id\":\"https:\/\/inti.hr\/sr\/#website\"},\"primaryImageOfPage\":{\"@id\":\"https:\/\/inti.hr\/sr\/proizvod\/kupaonski-stupni-ormaric-svijetlo-sivi\/#primaryimage\"},\"image\":{\"@id\":\"https:\/\/inti.hr\/sr\/proizvod\/kupaonski-stupni-ormaric-svijetlo-sivi\/#primaryimage\"},\"thumbnailUrl\":\"https:\/\/i0.wp.com\/inti.hr\/wp-content\/uploads\/2022\/10\/BZR68-HG-Y001_670x.webp?fit=670%2C670&ssl=1\",\"datePublished\":\"2022-10-24T11:13:55+00:00\",\"dateModified\":\"2022-10-24T11:13:55+00:00\",\"description\":\"Ovaj atraktivan i jednostavan visoki ormar impresionira svojim jednostavnim i bezvremenskim dizajnom. Elegantni ormari\u0107 krasi va\u0161u kupaonicu brzo i jednostavno. Otvoreni pretinci i police iza vrata nude vrlo prakti\u010dan prostor za pohranu. Veliki visoki kupaonski ormari\u0107 nudi prostor za ru\u010dnike, proizvode za njegu i druge kupaonske potrep\u0161tine. Na\u0161 proizvod je opremljen ure\u0111ajem protiv prevrtanja za pri\u010dvr\u0161\u0107ivanje ormari\u0107a na zid. Me\u0111upolicu iza vrata mo\u017eete namjestiti u 3 varijante ili je mo\u017eete potpuno izostaviti. Visokokvalitetne MDF plo\u010de jam\u010de savr\u0161enu stabilnost i dug vijek trajanja, \u010dak iu vla\u017enim okru\u017eenjima. Povr\u0161ina se lako \u010disti, \u0161to olak\u0161ava ku\u0107anske poslove. MDF plo\u010de sive boje i boje drveta daju ovom komadu namje\u0161taja jedinstvenost. S ko\u017enim ru\u010dkama postaje vrhunac svake prostorije.\",\"breadcrumb\":{\"@id\":\"https:\/\/inti.hr\/sr\/proizvod\/kupaonski-stupni-ormaric-svijetlo-sivi\/#breadcrumb\"},\"inLanguage\":\"sr-RS\",\"potentialAction\":[{\"@type\":\"ReadAction\",\"target\":[\"https:\/\/inti.hr\/sr\/proizvod\/kupaonski-stupni-ormaric-svijetlo-sivi\/\"]}]},{\"@type\":\"ImageObject\",\"inLanguage\":\"sr-RS\",\"@id\":\"https:\/\/inti.hr\/sr\/proizvod\/kupaonski-stupni-ormaric-svijetlo-sivi\/#primaryimage\",\"url\":\"https:\/\/i0.wp.com\/inti.hr\/wp-content\/uploads\/2022\/10\/BZR68-HG-Y001_670x.webp?fit=670%2C670&ssl=1\",\"contentUrl\":\"https:\/\/i0.wp.com\/inti.hr\/wp-content\/uploads\/2022\/10\/BZR68-HG-Y001_670x.webp?fit=670%2C670&ssl=1\",\"width\":670,\"height\":670},{\"@type\":\"BreadcrumbList\",\"@id\":\"https:\/\/inti.hr\/sr\/proizvod\/kupaonski-stupni-ormaric-svijetlo-sivi\/#breadcrumb\",\"itemListElement\":[{\"@type\":\"ListItem\",\"position\":1,\"name\":\"Po\u010detna stranica\",\"item\":\"https:\/\/inti.hr\/sr\/\"},{\"@type\":\"ListItem\",\"position\":2,\"name\":\"Prodavnica\",\"item\":\"https:\/\/inti.hr\/sr\/prodavnica\/\"},{\"@type\":\"ListItem\",\"position\":3,\"name\":\"Kupaonski stupni ormari\u0107 svijetlo sivi\"}]},{\"@type\":\"WebSite\",\"@id\":\"https:\/\/inti.hr\/sr\/#website\",\"url\":\"https:\/\/inti.hr\/sr\/\",\"name\":\"Inti\",\"description\":\"trgovina\",\"potentialAction\":[{\"@type\":\"SearchAction\",\"target\":{\"@type\":\"EntryPoint\",\"urlTemplate\":\"https:\/\/inti.hr\/sr\/?s={search_term_string}\"},\"query-input\":{\"@type\":\"PropertyValueSpecification\",\"valueRequired\":true,\"valueName\":\"search_term_string\"}}],\"inLanguage\":\"sr-RS\"}]}<\/script>\n<!-- \/ Yoast SEO plugin. -->","yoast_head_json":{"title":"Kupaonski stupni ormari\u0107 svijetlo sivi - Inti","description":"Ovaj atraktivan i jednostavan visoki ormar impresionira svojim jednostavnim i bezvremenskim dizajnom. Elegantni ormari\u0107 krasi va\u0161u kupaonicu brzo i jednostavno. Otvoreni pretinci i police iza vrata nude vrlo prakti\u010dan prostor za pohranu. Veliki visoki kupaonski ormari\u0107 nudi prostor za ru\u010dnike, proizvode za njegu i druge kupaonske potrep\u0161tine. Na\u0161 proizvod je opremljen ure\u0111ajem protiv prevrtanja za pri\u010dvr\u0161\u0107ivanje ormari\u0107a na zid. Me\u0111upolicu iza vrata mo\u017eete namjestiti u 3 varijante ili je mo\u017eete potpuno izostaviti. Visokokvalitetne MDF plo\u010de jam\u010de savr\u0161enu stabilnost i dug vijek trajanja, \u010dak iu vla\u017enim okru\u017eenjima. Povr\u0161ina se lako \u010disti, \u0161to olak\u0161ava ku\u0107anske poslove. MDF plo\u010de sive boje i boje drveta daju ovom komadu namje\u0161taja jedinstvenost. S ko\u017enim ru\u010dkama postaje vrhunac svake prostorije.","robots":{"index":"index","follow":"follow","max-snippet":"max-snippet:-1","max-image-preview":"max-image-preview:large","max-video-preview":"max-video-preview:-1"},"canonical":"https:\/\/inti.hr\/sr\/proizvod\/kupaonski-stupni-ormaric-svijetlo-sivi\/","og_locale":"sr_RS","og_type":"article","og_title":"Kupaonski stupni ormari\u0107 svijetlo sivi - Inti","og_description":"Ovaj atraktivan i jednostavan visoki ormar impresionira svojim jednostavnim i bezvremenskim dizajnom. Elegantni ormari\u0107 krasi va\u0161u kupaonicu brzo i jednostavno. Otvoreni pretinci i police iza vrata nude vrlo prakti\u010dan prostor za pohranu. Veliki visoki kupaonski ormari\u0107 nudi prostor za ru\u010dnike, proizvode za njegu i druge kupaonske potrep\u0161tine. Na\u0161 proizvod je opremljen ure\u0111ajem protiv prevrtanja za pri\u010dvr\u0161\u0107ivanje ormari\u0107a na zid. Me\u0111upolicu iza vrata mo\u017eete namjestiti u 3 varijante ili je mo\u017eete potpuno izostaviti. Visokokvalitetne MDF plo\u010de jam\u010de savr\u0161enu stabilnost i dug vijek trajanja, \u010dak iu vla\u017enim okru\u017eenjima. Povr\u0161ina se lako \u010disti, \u0161to olak\u0161ava ku\u0107anske poslove. MDF plo\u010de sive boje i boje drveta daju ovom komadu namje\u0161taja jedinstvenost. S ko\u017enim ru\u010dkama postaje vrhunac svake prostorije.","og_url":"https:\/\/inti.hr\/sr\/proizvod\/kupaonski-stupni-ormaric-svijetlo-sivi\/","og_site_name":"Inti","og_image":[{"width":670,"height":670,"url":"https:\/\/i0.wp.com\/inti.hr\/wp-content\/uploads\/2022\/10\/BZR68-HG-Y001_670x.webp?fit=670%2C670&ssl=1","type":"image\/webp"}],"twitter_card":"summary_large_image","schema":{"@context":"https:\/\/schema.org","@graph":[{"@type":"WebPage","@id":"https:\/\/inti.hr\/sr\/proizvod\/kupaonski-stupni-ormaric-svijetlo-sivi\/","url":"https:\/\/inti.hr\/sr\/proizvod\/kupaonski-stupni-ormaric-svijetlo-sivi\/","name":"Kupaonski stupni ormari\u0107 svijetlo sivi - Inti","isPartOf":{"@id":"https:\/\/inti.hr\/sr\/#website"},"primaryImageOfPage":{"@id":"https:\/\/inti.hr\/sr\/proizvod\/kupaonski-stupni-ormaric-svijetlo-sivi\/#primaryimage"},"image":{"@id":"https:\/\/inti.hr\/sr\/proizvod\/kupaonski-stupni-ormaric-svijetlo-sivi\/#primaryimage"},"thumbnailUrl":"https:\/\/i0.wp.com\/inti.hr\/wp-content\/uploads\/2022\/10\/BZR68-HG-Y001_670x.webp?fit=670%2C670&ssl=1","datePublished":"2022-10-24T11:13:55+00:00","dateModified":"2022-10-24T11:13:55+00:00","description":"Ovaj atraktivan i jednostavan visoki ormar impresionira svojim jednostavnim i bezvremenskim dizajnom. Elegantni ormari\u0107 krasi va\u0161u kupaonicu brzo i jednostavno. Otvoreni pretinci i police iza vrata nude vrlo prakti\u010dan prostor za pohranu. Veliki visoki kupaonski ormari\u0107 nudi prostor za ru\u010dnike, proizvode za njegu i druge kupaonske potrep\u0161tine. Na\u0161 proizvod je opremljen ure\u0111ajem protiv prevrtanja za pri\u010dvr\u0161\u0107ivanje ormari\u0107a na zid. Me\u0111upolicu iza vrata mo\u017eete namjestiti u 3 varijante ili je mo\u017eete potpuno izostaviti. Visokokvalitetne MDF plo\u010de jam\u010de savr\u0161enu stabilnost i dug vijek trajanja, \u010dak iu vla\u017enim okru\u017eenjima. Povr\u0161ina se lako \u010disti, \u0161to olak\u0161ava ku\u0107anske poslove. MDF plo\u010de sive boje i boje drveta daju ovom komadu namje\u0161taja jedinstvenost. S ko\u017enim ru\u010dkama postaje vrhunac svake prostorije.","breadcrumb":{"@id":"https:\/\/inti.hr\/sr\/proizvod\/kupaonski-stupni-ormaric-svijetlo-sivi\/#breadcrumb"},"inLanguage":"sr-RS","potentialAction":[{"@type":"ReadAction","target":["https:\/\/inti.hr\/sr\/proizvod\/kupaonski-stupni-ormaric-svijetlo-sivi\/"]}]},{"@type":"ImageObject","inLanguage":"sr-RS","@id":"https:\/\/inti.hr\/sr\/proizvod\/kupaonski-stupni-ormaric-svijetlo-sivi\/#primaryimage","url":"https:\/\/i0.wp.com\/inti.hr\/wp-content\/uploads\/2022\/10\/BZR68-HG-Y001_670x.webp?fit=670%2C670&ssl=1","contentUrl":"https:\/\/i0.wp.com\/inti.hr\/wp-content\/uploads\/2022\/10\/BZR68-HG-Y001_670x.webp?fit=670%2C670&ssl=1","width":670,"height":670},{"@type":"BreadcrumbList","@id":"https:\/\/inti.hr\/sr\/proizvod\/kupaonski-stupni-ormaric-svijetlo-sivi\/#breadcrumb","itemListElement":[{"@type":"ListItem","position":1,"name":"Po\u010detna stranica","item":"https:\/\/inti.hr\/sr\/"},{"@type":"ListItem","position":2,"name":"Prodavnica","item":"https:\/\/inti.hr\/sr\/prodavnica\/"},{"@type":"ListItem","position":3,"name":"Kupaonski stupni ormari\u0107 svijetlo sivi"}]},{"@type":"WebSite","@id":"https:\/\/inti.hr\/sr\/#website","url":"https:\/\/inti.hr\/sr\/","name":"Inti","description":"trgovina","potentialAction":[{"@type":"SearchAction","target":{"@type":"EntryPoint","urlTemplate":"https:\/\/inti.hr\/sr\/?s={search_term_string}"},"query-input":{"@type":"PropertyValueSpecification","valueRequired":true,"valueName":"search_term_string"}}],"inLanguage":"sr-RS"}]}},"jetpack_sharing_enabled":true,"jetpack-related-posts":[],"_links":{"self":[{"href":"https:\/\/inti.hr\/sr\/wp-json\/wp\/v2\/product\/33617"}],"collection":[{"href":"https:\/\/inti.hr\/sr\/wp-json\/wp\/v2\/product"}],"about":[{"href":"https:\/\/inti.hr\/sr\/wp-json\/wp\/v2\/types\/product"}],"wp:featuredmedia":[{"embeddable":true,"href":"https:\/\/inti.hr\/sr\/wp-json\/wp\/v2\/media\/33618"}],"wp:attachment":[{"href":"https:\/\/inti.hr\/sr\/wp-json\/wp\/v2\/media?parent=33617"}],"wp:term":[{"taxonomy":"product_cat","embeddable":true,"href":"https:\/\/inti.hr\/sr\/wp-json\/wp\/v2\/product_cat?post=33617"},{"taxonomy":"product_tag","embeddable":true,"href":"https:\/\/inti.hr\/sr\/wp-json\/wp\/v2\/product_tag?post=33617"}],"curies":[{"name":"wp","href":"https:\/\/api.w.org\/{rel}","templated":true}]}}