{"id":33621,"date":"2022-10-24T11:04:28","date_gmt":"2022-10-24T11:04:28","guid":{"rendered":"https:\/\/inti.hr\/product\/kupaonski-ormaric-s-kliznim-vratima-svijetlo-sivi\/"},"modified":"2022-10-24T11:04:28","modified_gmt":"2022-10-24T11:04:28","slug":"kupaonski-ormaric-s-kliznim-vratima-svijetlo-sivi","status":"publish","type":"product","link":"https:\/\/inti.hr\/sr\/proizvod\/kupaonski-ormaric-s-kliznim-vratima-svijetlo-sivi\/","title":{"rendered":"Kupaonski ormari\u0107 s kliznim vratima svijetlo sivi"},"content":{"rendered":"<p>Detalji proizvoda:<\/p>\n<ul>\n<li>Materijal: MDF (E1)<\/li>\n<li>Te\u017eina: 9,9 kg<\/li>\n<li>Nosivost: 30 kg<\/li>\n<li>Veli\u010dina proizvoda: 60x30x60cm (vidi sliku)<\/li>\n<li>Dimenzije paketa: 73x39x19cm<\/li>\n<\/ul>\n","protected":false},"excerpt":{"rendered":"<p>S prakti\u010dnim i jednostavnim ormari\u0107em za umivaonik kona\u010dno imate dovoljno mjesta &#8230; <\/p>\n","protected":false},"featured_media":33622,"template":"","meta":[],"product_cat":[2396],"product_tag":[2995,2523],"yoast_head":"<!-- This site is optimized with the Yoast SEO plugin v23.7 - https:\/\/yoast.com\/wordpress\/plugins\/seo\/ -->\n<title>Kupaonski ormari\u0107 s kliznim vratima svijetlo sivi - Inti<\/title>\n<meta name=\"description\" content=\"S prakti\u010dnim i jednostavnim ormari\u0107em za umivaonik kona\u010dno imate dovoljno mjesta u kupaonici. To je idealno rje\u0161enje za odr\u017eavanje va\u0161e kupaonice urednom.Ru\u010dnici i toaletni papir mogu se jednostavno spremiti u otvoreni pretinac. Iza vrata, ovaj ormari\u0107 nudi dovoljno prostora za pohranu deterd\u017eenta, sredstva za \u010di\u0161\u0107enje kupaonice i ostalih potrep\u0161tina za kupaonicu te ih bolje za\u0161titi od vode, pra\u0161ine itd. Policu iza vrata mo\u017eete namjestiti na 3 razli\u010dita na\u010dina, a mo\u017eete je i potpuno izostaviti. Klimavi ormari\u0107i oduvijek nisu bili omiljeni. Ispod svake noge nalazi se mali jastu\u010di\u0107 za za\u0161titu poda od ogrebotina. Noge osiguravaju da se neravnine na podu izravnaju i da se stol ne klima. Zahvaljuju\u0107i otvoru za sifon, ormari\u0107 nudi mogu\u0107nost da ga postavite ispod umivaonika i na taj na\u010din prekrijete komponente koje vam smetaju. MDF plo\u010de sive boje i boje drveta daju ovom komadu namje\u0161taja jedinstvenost. S ko\u017enim ru\u010dkama postaje vrhunac svake prostorije. Visokokvalitetni paneli jam\u010de savr\u0161enu stabilnost i dug \u017eivot, \u010dak iu vla\u017enim okru\u017eenjima. Povr\u0161ina se lako \u010disti, \u0161to olak\u0161ava ku\u0107anske poslove.\" \/>\n<meta name=\"robots\" content=\"index, follow, max-snippet:-1, max-image-preview:large, max-video-preview:-1\" \/>\n<link rel=\"canonical\" href=\"https:\/\/inti.hr\/sr\/proizvod\/kupaonski-ormaric-s-kliznim-vratima-svijetlo-sivi\/\" \/>\n<meta property=\"og:locale\" content=\"sr_RS\" \/>\n<meta property=\"og:type\" content=\"article\" \/>\n<meta property=\"og:title\" content=\"Kupaonski ormari\u0107 s kliznim vratima svijetlo sivi - Inti\" \/>\n<meta property=\"og:description\" content=\"S prakti\u010dnim i jednostavnim ormari\u0107em za umivaonik kona\u010dno imate dovoljno mjesta u kupaonici. To je idealno rje\u0161enje za odr\u017eavanje va\u0161e kupaonice urednom.Ru\u010dnici i toaletni papir mogu se jednostavno spremiti u otvoreni pretinac. Iza vrata, ovaj ormari\u0107 nudi dovoljno prostora za pohranu deterd\u017eenta, sredstva za \u010di\u0161\u0107enje kupaonice i ostalih potrep\u0161tina za kupaonicu te ih bolje za\u0161titi od vode, pra\u0161ine itd. Policu iza vrata mo\u017eete namjestiti na 3 razli\u010dita na\u010dina, a mo\u017eete je i potpuno izostaviti. Klimavi ormari\u0107i oduvijek nisu bili omiljeni. Ispod svake noge nalazi se mali jastu\u010di\u0107 za za\u0161titu poda od ogrebotina. Noge osiguravaju da se neravnine na podu izravnaju i da se stol ne klima. Zahvaljuju\u0107i otvoru za sifon, ormari\u0107 nudi mogu\u0107nost da ga postavite ispod umivaonika i na taj na\u010din prekrijete komponente koje vam smetaju. MDF plo\u010de sive boje i boje drveta daju ovom komadu namje\u0161taja jedinstvenost. S ko\u017enim ru\u010dkama postaje vrhunac svake prostorije. Visokokvalitetni paneli jam\u010de savr\u0161enu stabilnost i dug \u017eivot, \u010dak iu vla\u017enim okru\u017eenjima. Povr\u0161ina se lako \u010disti, \u0161to olak\u0161ava ku\u0107anske poslove.\" \/>\n<meta property=\"og:url\" content=\"https:\/\/inti.hr\/sr\/proizvod\/kupaonski-ormaric-s-kliznim-vratima-svijetlo-sivi\/\" \/>\n<meta property=\"og:site_name\" content=\"Inti\" \/>\n<meta property=\"og:image\" content=\"https:\/\/i0.wp.com\/inti.hr\/wp-content\/uploads\/2022\/10\/BZR69-II-HG-Y007.webp?fit=1600%2C1600&ssl=1\" \/>\n\t<meta property=\"og:image:width\" content=\"1600\" \/>\n\t<meta property=\"og:image:height\" content=\"1600\" \/>\n\t<meta property=\"og:image:type\" content=\"image\/webp\" \/>\n<meta name=\"twitter:card\" content=\"summary_large_image\" \/>\n<script type=\"application\/ld+json\" class=\"yoast-schema-graph\">{\"@context\":\"https:\/\/schema.org\",\"@graph\":[{\"@type\":\"WebPage\",\"@id\":\"https:\/\/inti.hr\/sr\/proizvod\/kupaonski-ormaric-s-kliznim-vratima-svijetlo-sivi\/\",\"url\":\"https:\/\/inti.hr\/sr\/proizvod\/kupaonski-ormaric-s-kliznim-vratima-svijetlo-sivi\/\",\"name\":\"Kupaonski ormari\u0107 s kliznim vratima svijetlo sivi - Inti\",\"isPartOf\":{\"@id\":\"https:\/\/inti.hr\/sr\/#website\"},\"primaryImageOfPage\":{\"@id\":\"https:\/\/inti.hr\/sr\/proizvod\/kupaonski-ormaric-s-kliznim-vratima-svijetlo-sivi\/#primaryimage\"},\"image\":{\"@id\":\"https:\/\/inti.hr\/sr\/proizvod\/kupaonski-ormaric-s-kliznim-vratima-svijetlo-sivi\/#primaryimage\"},\"thumbnailUrl\":\"https:\/\/i0.wp.com\/inti.hr\/wp-content\/uploads\/2022\/10\/BZR69-II-HG-Y007.webp?fit=1600%2C1600&ssl=1\",\"datePublished\":\"2022-10-24T11:04:28+00:00\",\"dateModified\":\"2022-10-24T11:04:28+00:00\",\"description\":\"S prakti\u010dnim i jednostavnim ormari\u0107em za umivaonik kona\u010dno imate dovoljno mjesta u kupaonici. To je idealno rje\u0161enje za odr\u017eavanje va\u0161e kupaonice urednom.Ru\u010dnici i toaletni papir mogu se jednostavno spremiti u otvoreni pretinac. Iza vrata, ovaj ormari\u0107 nudi dovoljno prostora za pohranu deterd\u017eenta, sredstva za \u010di\u0161\u0107enje kupaonice i ostalih potrep\u0161tina za kupaonicu te ih bolje za\u0161titi od vode, pra\u0161ine itd. Policu iza vrata mo\u017eete namjestiti na 3 razli\u010dita na\u010dina, a mo\u017eete je i potpuno izostaviti. Klimavi ormari\u0107i oduvijek nisu bili omiljeni. Ispod svake noge nalazi se mali jastu\u010di\u0107 za za\u0161titu poda od ogrebotina. Noge osiguravaju da se neravnine na podu izravnaju i da se stol ne klima. Zahvaljuju\u0107i otvoru za sifon, ormari\u0107 nudi mogu\u0107nost da ga postavite ispod umivaonika i na taj na\u010din prekrijete komponente koje vam smetaju. MDF plo\u010de sive boje i boje drveta daju ovom komadu namje\u0161taja jedinstvenost. S ko\u017enim ru\u010dkama postaje vrhunac svake prostorije. Visokokvalitetni paneli jam\u010de savr\u0161enu stabilnost i dug \u017eivot, \u010dak iu vla\u017enim okru\u017eenjima. Povr\u0161ina se lako \u010disti, \u0161to olak\u0161ava ku\u0107anske poslove.\",\"breadcrumb\":{\"@id\":\"https:\/\/inti.hr\/sr\/proizvod\/kupaonski-ormaric-s-kliznim-vratima-svijetlo-sivi\/#breadcrumb\"},\"inLanguage\":\"sr-RS\",\"potentialAction\":[{\"@type\":\"ReadAction\",\"target\":[\"https:\/\/inti.hr\/sr\/proizvod\/kupaonski-ormaric-s-kliznim-vratima-svijetlo-sivi\/\"]}]},{\"@type\":\"ImageObject\",\"inLanguage\":\"sr-RS\",\"@id\":\"https:\/\/inti.hr\/sr\/proizvod\/kupaonski-ormaric-s-kliznim-vratima-svijetlo-sivi\/#primaryimage\",\"url\":\"https:\/\/i0.wp.com\/inti.hr\/wp-content\/uploads\/2022\/10\/BZR69-II-HG-Y007.webp?fit=1600%2C1600&ssl=1\",\"contentUrl\":\"https:\/\/i0.wp.com\/inti.hr\/wp-content\/uploads\/2022\/10\/BZR69-II-HG-Y007.webp?fit=1600%2C1600&ssl=1\",\"width\":1600,\"height\":1600},{\"@type\":\"BreadcrumbList\",\"@id\":\"https:\/\/inti.hr\/sr\/proizvod\/kupaonski-ormaric-s-kliznim-vratima-svijetlo-sivi\/#breadcrumb\",\"itemListElement\":[{\"@type\":\"ListItem\",\"position\":1,\"name\":\"Po\u010detna stranica\",\"item\":\"https:\/\/inti.hr\/sr\/\"},{\"@type\":\"ListItem\",\"position\":2,\"name\":\"Prodavnica\",\"item\":\"https:\/\/inti.hr\/sr\/prodavnica\/\"},{\"@type\":\"ListItem\",\"position\":3,\"name\":\"Kupaonski ormari\u0107 s kliznim vratima svijetlo sivi\"}]},{\"@type\":\"WebSite\",\"@id\":\"https:\/\/inti.hr\/sr\/#website\",\"url\":\"https:\/\/inti.hr\/sr\/\",\"name\":\"Inti\",\"description\":\"trgovina\",\"potentialAction\":[{\"@type\":\"SearchAction\",\"target\":{\"@type\":\"EntryPoint\",\"urlTemplate\":\"https:\/\/inti.hr\/sr\/?s={search_term_string}\"},\"query-input\":{\"@type\":\"PropertyValueSpecification\",\"valueRequired\":true,\"valueName\":\"search_term_string\"}}],\"inLanguage\":\"sr-RS\"}]}<\/script>\n<!-- \/ Yoast SEO plugin. -->","yoast_head_json":{"title":"Kupaonski ormari\u0107 s kliznim vratima svijetlo sivi - Inti","description":"S prakti\u010dnim i jednostavnim ormari\u0107em za umivaonik kona\u010dno imate dovoljno mjesta u kupaonici. To je idealno rje\u0161enje za odr\u017eavanje va\u0161e kupaonice urednom.Ru\u010dnici i toaletni papir mogu se jednostavno spremiti u otvoreni pretinac. Iza vrata, ovaj ormari\u0107 nudi dovoljno prostora za pohranu deterd\u017eenta, sredstva za \u010di\u0161\u0107enje kupaonice i ostalih potrep\u0161tina za kupaonicu te ih bolje za\u0161titi od vode, pra\u0161ine itd. Policu iza vrata mo\u017eete namjestiti na 3 razli\u010dita na\u010dina, a mo\u017eete je i potpuno izostaviti. Klimavi ormari\u0107i oduvijek nisu bili omiljeni. Ispod svake noge nalazi se mali jastu\u010di\u0107 za za\u0161titu poda od ogrebotina. Noge osiguravaju da se neravnine na podu izravnaju i da se stol ne klima. Zahvaljuju\u0107i otvoru za sifon, ormari\u0107 nudi mogu\u0107nost da ga postavite ispod umivaonika i na taj na\u010din prekrijete komponente koje vam smetaju. MDF plo\u010de sive boje i boje drveta daju ovom komadu namje\u0161taja jedinstvenost. S ko\u017enim ru\u010dkama postaje vrhunac svake prostorije. Visokokvalitetni paneli jam\u010de savr\u0161enu stabilnost i dug \u017eivot, \u010dak iu vla\u017enim okru\u017eenjima. Povr\u0161ina se lako \u010disti, \u0161to olak\u0161ava ku\u0107anske poslove.","robots":{"index":"index","follow":"follow","max-snippet":"max-snippet:-1","max-image-preview":"max-image-preview:large","max-video-preview":"max-video-preview:-1"},"canonical":"https:\/\/inti.hr\/sr\/proizvod\/kupaonski-ormaric-s-kliznim-vratima-svijetlo-sivi\/","og_locale":"sr_RS","og_type":"article","og_title":"Kupaonski ormari\u0107 s kliznim vratima svijetlo sivi - Inti","og_description":"S prakti\u010dnim i jednostavnim ormari\u0107em za umivaonik kona\u010dno imate dovoljno mjesta u kupaonici. To je idealno rje\u0161enje za odr\u017eavanje va\u0161e kupaonice urednom.Ru\u010dnici i toaletni papir mogu se jednostavno spremiti u otvoreni pretinac. Iza vrata, ovaj ormari\u0107 nudi dovoljno prostora za pohranu deterd\u017eenta, sredstva za \u010di\u0161\u0107enje kupaonice i ostalih potrep\u0161tina za kupaonicu te ih bolje za\u0161titi od vode, pra\u0161ine itd. Policu iza vrata mo\u017eete namjestiti na 3 razli\u010dita na\u010dina, a mo\u017eete je i potpuno izostaviti. Klimavi ormari\u0107i oduvijek nisu bili omiljeni. Ispod svake noge nalazi se mali jastu\u010di\u0107 za za\u0161titu poda od ogrebotina. Noge osiguravaju da se neravnine na podu izravnaju i da se stol ne klima. Zahvaljuju\u0107i otvoru za sifon, ormari\u0107 nudi mogu\u0107nost da ga postavite ispod umivaonika i na taj na\u010din prekrijete komponente koje vam smetaju. MDF plo\u010de sive boje i boje drveta daju ovom komadu namje\u0161taja jedinstvenost. S ko\u017enim ru\u010dkama postaje vrhunac svake prostorije. Visokokvalitetni paneli jam\u010de savr\u0161enu stabilnost i dug \u017eivot, \u010dak iu vla\u017enim okru\u017eenjima. Povr\u0161ina se lako \u010disti, \u0161to olak\u0161ava ku\u0107anske poslove.","og_url":"https:\/\/inti.hr\/sr\/proizvod\/kupaonski-ormaric-s-kliznim-vratima-svijetlo-sivi\/","og_site_name":"Inti","og_image":[{"width":1600,"height":1600,"url":"https:\/\/i0.wp.com\/inti.hr\/wp-content\/uploads\/2022\/10\/BZR69-II-HG-Y007.webp?fit=1600%2C1600&ssl=1","type":"image\/webp"}],"twitter_card":"summary_large_image","schema":{"@context":"https:\/\/schema.org","@graph":[{"@type":"WebPage","@id":"https:\/\/inti.hr\/sr\/proizvod\/kupaonski-ormaric-s-kliznim-vratima-svijetlo-sivi\/","url":"https:\/\/inti.hr\/sr\/proizvod\/kupaonski-ormaric-s-kliznim-vratima-svijetlo-sivi\/","name":"Kupaonski ormari\u0107 s kliznim vratima svijetlo sivi - Inti","isPartOf":{"@id":"https:\/\/inti.hr\/sr\/#website"},"primaryImageOfPage":{"@id":"https:\/\/inti.hr\/sr\/proizvod\/kupaonski-ormaric-s-kliznim-vratima-svijetlo-sivi\/#primaryimage"},"image":{"@id":"https:\/\/inti.hr\/sr\/proizvod\/kupaonski-ormaric-s-kliznim-vratima-svijetlo-sivi\/#primaryimage"},"thumbnailUrl":"https:\/\/i0.wp.com\/inti.hr\/wp-content\/uploads\/2022\/10\/BZR69-II-HG-Y007.webp?fit=1600%2C1600&ssl=1","datePublished":"2022-10-24T11:04:28+00:00","dateModified":"2022-10-24T11:04:28+00:00","description":"S prakti\u010dnim i jednostavnim ormari\u0107em za umivaonik kona\u010dno imate dovoljno mjesta u kupaonici. To je idealno rje\u0161enje za odr\u017eavanje va\u0161e kupaonice urednom.Ru\u010dnici i toaletni papir mogu se jednostavno spremiti u otvoreni pretinac. Iza vrata, ovaj ormari\u0107 nudi dovoljno prostora za pohranu deterd\u017eenta, sredstva za \u010di\u0161\u0107enje kupaonice i ostalih potrep\u0161tina za kupaonicu te ih bolje za\u0161titi od vode, pra\u0161ine itd. Policu iza vrata mo\u017eete namjestiti na 3 razli\u010dita na\u010dina, a mo\u017eete je i potpuno izostaviti. Klimavi ormari\u0107i oduvijek nisu bili omiljeni. Ispod svake noge nalazi se mali jastu\u010di\u0107 za za\u0161titu poda od ogrebotina. Noge osiguravaju da se neravnine na podu izravnaju i da se stol ne klima. Zahvaljuju\u0107i otvoru za sifon, ormari\u0107 nudi mogu\u0107nost da ga postavite ispod umivaonika i na taj na\u010din prekrijete komponente koje vam smetaju. MDF plo\u010de sive boje i boje drveta daju ovom komadu namje\u0161taja jedinstvenost. S ko\u017enim ru\u010dkama postaje vrhunac svake prostorije. Visokokvalitetni paneli jam\u010de savr\u0161enu stabilnost i dug \u017eivot, \u010dak iu vla\u017enim okru\u017eenjima. Povr\u0161ina se lako \u010disti, \u0161to olak\u0161ava ku\u0107anske poslove.","breadcrumb":{"@id":"https:\/\/inti.hr\/sr\/proizvod\/kupaonski-ormaric-s-kliznim-vratima-svijetlo-sivi\/#breadcrumb"},"inLanguage":"sr-RS","potentialAction":[{"@type":"ReadAction","target":["https:\/\/inti.hr\/sr\/proizvod\/kupaonski-ormaric-s-kliznim-vratima-svijetlo-sivi\/"]}]},{"@type":"ImageObject","inLanguage":"sr-RS","@id":"https:\/\/inti.hr\/sr\/proizvod\/kupaonski-ormaric-s-kliznim-vratima-svijetlo-sivi\/#primaryimage","url":"https:\/\/i0.wp.com\/inti.hr\/wp-content\/uploads\/2022\/10\/BZR69-II-HG-Y007.webp?fit=1600%2C1600&ssl=1","contentUrl":"https:\/\/i0.wp.com\/inti.hr\/wp-content\/uploads\/2022\/10\/BZR69-II-HG-Y007.webp?fit=1600%2C1600&ssl=1","width":1600,"height":1600},{"@type":"BreadcrumbList","@id":"https:\/\/inti.hr\/sr\/proizvod\/kupaonski-ormaric-s-kliznim-vratima-svijetlo-sivi\/#breadcrumb","itemListElement":[{"@type":"ListItem","position":1,"name":"Po\u010detna stranica","item":"https:\/\/inti.hr\/sr\/"},{"@type":"ListItem","position":2,"name":"Prodavnica","item":"https:\/\/inti.hr\/sr\/prodavnica\/"},{"@type":"ListItem","position":3,"name":"Kupaonski ormari\u0107 s kliznim vratima svijetlo sivi"}]},{"@type":"WebSite","@id":"https:\/\/inti.hr\/sr\/#website","url":"https:\/\/inti.hr\/sr\/","name":"Inti","description":"trgovina","potentialAction":[{"@type":"SearchAction","target":{"@type":"EntryPoint","urlTemplate":"https:\/\/inti.hr\/sr\/?s={search_term_string}"},"query-input":{"@type":"PropertyValueSpecification","valueRequired":true,"valueName":"search_term_string"}}],"inLanguage":"sr-RS"}]}},"jetpack_sharing_enabled":true,"jetpack-related-posts":[],"_links":{"self":[{"href":"https:\/\/inti.hr\/sr\/wp-json\/wp\/v2\/product\/33621"}],"collection":[{"href":"https:\/\/inti.hr\/sr\/wp-json\/wp\/v2\/product"}],"about":[{"href":"https:\/\/inti.hr\/sr\/wp-json\/wp\/v2\/types\/product"}],"wp:featuredmedia":[{"embeddable":true,"href":"https:\/\/inti.hr\/sr\/wp-json\/wp\/v2\/media\/33622"}],"wp:attachment":[{"href":"https:\/\/inti.hr\/sr\/wp-json\/wp\/v2\/media?parent=33621"}],"wp:term":[{"taxonomy":"product_cat","embeddable":true,"href":"https:\/\/inti.hr\/sr\/wp-json\/wp\/v2\/product_cat?post=33621"},{"taxonomy":"product_tag","embeddable":true,"href":"https:\/\/inti.hr\/sr\/wp-json\/wp\/v2\/product_tag?post=33621"}],"curies":[{"name":"wp","href":"https:\/\/api.w.org\/{rel}","templated":true}]}}