{"id":33643,"date":"2022-10-21T06:44:52","date_gmt":"2022-10-21T06:44:52","guid":{"rendered":"https:\/\/inti.hr\/product\/polica-za-knjige-na-5-katova-ukrasna-polica-zlatna\/"},"modified":"2022-10-21T06:44:52","modified_gmt":"2022-10-21T06:44:52","slug":"polica-za-knjige-na-5-katova-ukrasna-polica-zlatna","status":"publish","type":"product","link":"https:\/\/inti.hr\/sr\/proizvod\/polica-za-knjige-na-5-katova-ukrasna-polica-zlatna\/","title":{"rendered":"Polica za knjige na 5 katova"},"content":{"rendered":"<p>Detalji proizvoda:<\/p>\n<p>Dimenzije proizvoda: \u200e83 D x 30,2 \u0160 x 183 V<\/p>\n<p>Oblik: trapez<\/p>\n<p>Materijal: legirani \u010delik<\/p>\n<p>Boja:zlatne i crne<\/p>\n<p>Vrsta instalacije: samostoje\u0107i<\/p>\n<p>Te\u017eina artikla: 22 kilograma<\/p>\n<p>Broj polica: \u200e5<\/p>\n","protected":false},"excerpt":{"rendered":"<p>Ova samostoje\u0107a polica 32&#8243; x 12&#8243; x 72&#8243; ima 5 velikih &#8230; <\/p>\n","protected":false},"featured_media":33644,"template":"","meta":[],"product_cat":[2573,2421,2539],"product_tag":[3794,2441,3765,3795],"yoast_head":"<!-- This site is optimized with the Yoast SEO plugin v23.7 - https:\/\/yoast.com\/wordpress\/plugins\/seo\/ -->\n<title>Polica za knjige na 5 katova - Inti<\/title>\n<meta name=\"description\" content=\"Ova samostoje\u0107a polica 32&quot; x 12&quot; x 72&quot; ima 5 velikih odjeljaka s razmakom od 12,2&quot; izme\u0111u svakog sloja i nudi obilje prostora za ukrasne predmete, knjige, okvire za slike, vaze i jo\u0161 mnogo toga. Police od kaljenog stakla debljine 5 mm s jastu\u010di\u0107ima protiv klizanja mogu izdr\u017eati do 10 kg, podesive no\u017eice dr\u017ee policu u ravnote\u017ei, za\u0161tita od prevrtanja za dodatnu stabilnostOdgovara svakoj prostoriji: polica je prikladna za ure\u0111enje dnevnog boravka, dokumenata u radnoj sobi, knjiga u spava\u0107oj sobi, spremnika u kuhinji, a zahvaljuju\u0107i vodootpornom staklu i metalu premazanom prahom otpornom na hr\u0111u, prikladna je i za kupaonske predmete.Jednostavno sastavljanje: zahvaljuju\u0107i ozna\u010denim dijelovima i jasnim uputama koje je lako slijediti, ovu policu za knjige mo\u017eete sastaviti u tren oka.\" \/>\n<meta name=\"robots\" content=\"index, follow, max-snippet:-1, max-image-preview:large, max-video-preview:-1\" \/>\n<link rel=\"canonical\" href=\"https:\/\/inti.hr\/sr\/proizvod\/polica-za-knjige-na-5-katova-ukrasna-polica-zlatna\/\" \/>\n<meta property=\"og:locale\" content=\"sr_RS\" \/>\n<meta property=\"og:type\" content=\"article\" \/>\n<meta property=\"og:title\" content=\"Polica za knjige na 5 katova - Inti\" \/>\n<meta property=\"og:description\" content=\"Ova samostoje\u0107a polica 32&quot; x 12&quot; x 72&quot; ima 5 velikih odjeljaka s razmakom od 12,2&quot; izme\u0111u svakog sloja i nudi obilje prostora za ukrasne predmete, knjige, okvire za slike, vaze i jo\u0161 mnogo toga. Police od kaljenog stakla debljine 5 mm s jastu\u010di\u0107ima protiv klizanja mogu izdr\u017eati do 10 kg, podesive no\u017eice dr\u017ee policu u ravnote\u017ei, za\u0161tita od prevrtanja za dodatnu stabilnostOdgovara svakoj prostoriji: polica je prikladna za ure\u0111enje dnevnog boravka, dokumenata u radnoj sobi, knjiga u spava\u0107oj sobi, spremnika u kuhinji, a zahvaljuju\u0107i vodootpornom staklu i metalu premazanom prahom otpornom na hr\u0111u, prikladna je i za kupaonske predmete.Jednostavno sastavljanje: zahvaljuju\u0107i ozna\u010denim dijelovima i jasnim uputama koje je lako slijediti, ovu policu za knjige mo\u017eete sastaviti u tren oka.\" \/>\n<meta property=\"og:url\" content=\"https:\/\/inti.hr\/sr\/proizvod\/polica-za-knjige-na-5-katova-ukrasna-polica-zlatna\/\" \/>\n<meta property=\"og:site_name\" content=\"Inti\" \/>\n<meta property=\"og:image\" content=\"https:\/\/i0.wp.com\/inti.hr\/wp-content\/uploads\/2022\/10\/81E8SrFYUsL._AC_SL1500_.jpg?fit=1200%2C1500&ssl=1\" \/>\n\t<meta property=\"og:image:width\" content=\"1200\" \/>\n\t<meta property=\"og:image:height\" content=\"1500\" \/>\n\t<meta property=\"og:image:type\" content=\"image\/jpeg\" \/>\n<meta name=\"twitter:card\" content=\"summary_large_image\" \/>\n<script type=\"application\/ld+json\" class=\"yoast-schema-graph\">{\"@context\":\"https:\/\/schema.org\",\"@graph\":[{\"@type\":\"WebPage\",\"@id\":\"https:\/\/inti.hr\/sr\/proizvod\/polica-za-knjige-na-5-katova-ukrasna-polica-zlatna\/\",\"url\":\"https:\/\/inti.hr\/sr\/proizvod\/polica-za-knjige-na-5-katova-ukrasna-polica-zlatna\/\",\"name\":\"Polica za knjige na 5 katova - Inti\",\"isPartOf\":{\"@id\":\"https:\/\/inti.hr\/sr\/#website\"},\"primaryImageOfPage\":{\"@id\":\"https:\/\/inti.hr\/sr\/proizvod\/polica-za-knjige-na-5-katova-ukrasna-polica-zlatna\/#primaryimage\"},\"image\":{\"@id\":\"https:\/\/inti.hr\/sr\/proizvod\/polica-za-knjige-na-5-katova-ukrasna-polica-zlatna\/#primaryimage\"},\"thumbnailUrl\":\"https:\/\/i0.wp.com\/inti.hr\/wp-content\/uploads\/2022\/10\/81E8SrFYUsL._AC_SL1500_.jpg?fit=1200%2C1500&ssl=1\",\"datePublished\":\"2022-10-21T06:44:52+00:00\",\"dateModified\":\"2022-10-21T06:44:52+00:00\",\"description\":\"Ova samostoje\u0107a polica 32\\\" x 12\\\" x 72\\\" ima 5 velikih odjeljaka s razmakom od 12,2\\\" izme\u0111u svakog sloja i nudi obilje prostora za ukrasne predmete, knjige, okvire za slike, vaze i jo\u0161 mnogo toga. Police od kaljenog stakla debljine 5 mm s jastu\u010di\u0107ima protiv klizanja mogu izdr\u017eati do 10 kg, podesive no\u017eice dr\u017ee policu u ravnote\u017ei, za\u0161tita od prevrtanja za dodatnu stabilnostOdgovara svakoj prostoriji: polica je prikladna za ure\u0111enje dnevnog boravka, dokumenata u radnoj sobi, knjiga u spava\u0107oj sobi, spremnika u kuhinji, a zahvaljuju\u0107i vodootpornom staklu i metalu premazanom prahom otpornom na hr\u0111u, prikladna je i za kupaonske predmete.Jednostavno sastavljanje: zahvaljuju\u0107i ozna\u010denim dijelovima i jasnim uputama koje je lako slijediti, ovu policu za knjige mo\u017eete sastaviti u tren oka.\",\"breadcrumb\":{\"@id\":\"https:\/\/inti.hr\/sr\/proizvod\/polica-za-knjige-na-5-katova-ukrasna-polica-zlatna\/#breadcrumb\"},\"inLanguage\":\"sr-RS\",\"potentialAction\":[{\"@type\":\"ReadAction\",\"target\":[\"https:\/\/inti.hr\/sr\/proizvod\/polica-za-knjige-na-5-katova-ukrasna-polica-zlatna\/\"]}]},{\"@type\":\"ImageObject\",\"inLanguage\":\"sr-RS\",\"@id\":\"https:\/\/inti.hr\/sr\/proizvod\/polica-za-knjige-na-5-katova-ukrasna-polica-zlatna\/#primaryimage\",\"url\":\"https:\/\/i0.wp.com\/inti.hr\/wp-content\/uploads\/2022\/10\/81E8SrFYUsL._AC_SL1500_.jpg?fit=1200%2C1500&ssl=1\",\"contentUrl\":\"https:\/\/i0.wp.com\/inti.hr\/wp-content\/uploads\/2022\/10\/81E8SrFYUsL._AC_SL1500_.jpg?fit=1200%2C1500&ssl=1\",\"width\":1200,\"height\":1500,\"caption\":\"Polica za knjige na 5 katova\"},{\"@type\":\"BreadcrumbList\",\"@id\":\"https:\/\/inti.hr\/sr\/proizvod\/polica-za-knjige-na-5-katova-ukrasna-polica-zlatna\/#breadcrumb\",\"itemListElement\":[{\"@type\":\"ListItem\",\"position\":1,\"name\":\"Po\u010detna stranica\",\"item\":\"https:\/\/inti.hr\/sr\/\"},{\"@type\":\"ListItem\",\"position\":2,\"name\":\"Prodavnica\",\"item\":\"https:\/\/inti.hr\/sr\/prodavnica\/\"},{\"@type\":\"ListItem\",\"position\":3,\"name\":\"Polica za knjige na 5 katova\"}]},{\"@type\":\"WebSite\",\"@id\":\"https:\/\/inti.hr\/sr\/#website\",\"url\":\"https:\/\/inti.hr\/sr\/\",\"name\":\"Inti\",\"description\":\"trgovina\",\"potentialAction\":[{\"@type\":\"SearchAction\",\"target\":{\"@type\":\"EntryPoint\",\"urlTemplate\":\"https:\/\/inti.hr\/sr\/?s={search_term_string}\"},\"query-input\":{\"@type\":\"PropertyValueSpecification\",\"valueRequired\":true,\"valueName\":\"search_term_string\"}}],\"inLanguage\":\"sr-RS\"}]}<\/script>\n<!-- \/ Yoast SEO plugin. -->","yoast_head_json":{"title":"Polica za knjige na 5 katova - Inti","description":"Ova samostoje\u0107a polica 32\" x 12\" x 72\" ima 5 velikih odjeljaka s razmakom od 12,2\" izme\u0111u svakog sloja i nudi obilje prostora za ukrasne predmete, knjige, okvire za slike, vaze i jo\u0161 mnogo toga. Police od kaljenog stakla debljine 5 mm s jastu\u010di\u0107ima protiv klizanja mogu izdr\u017eati do 10 kg, podesive no\u017eice dr\u017ee policu u ravnote\u017ei, za\u0161tita od prevrtanja za dodatnu stabilnostOdgovara svakoj prostoriji: polica je prikladna za ure\u0111enje dnevnog boravka, dokumenata u radnoj sobi, knjiga u spava\u0107oj sobi, spremnika u kuhinji, a zahvaljuju\u0107i vodootpornom staklu i metalu premazanom prahom otpornom na hr\u0111u, prikladna je i za kupaonske predmete.Jednostavno sastavljanje: zahvaljuju\u0107i ozna\u010denim dijelovima i jasnim uputama koje je lako slijediti, ovu policu za knjige mo\u017eete sastaviti u tren oka.","robots":{"index":"index","follow":"follow","max-snippet":"max-snippet:-1","max-image-preview":"max-image-preview:large","max-video-preview":"max-video-preview:-1"},"canonical":"https:\/\/inti.hr\/sr\/proizvod\/polica-za-knjige-na-5-katova-ukrasna-polica-zlatna\/","og_locale":"sr_RS","og_type":"article","og_title":"Polica za knjige na 5 katova - Inti","og_description":"Ova samostoje\u0107a polica 32\" x 12\" x 72\" ima 5 velikih odjeljaka s razmakom od 12,2\" izme\u0111u svakog sloja i nudi obilje prostora za ukrasne predmete, knjige, okvire za slike, vaze i jo\u0161 mnogo toga. Police od kaljenog stakla debljine 5 mm s jastu\u010di\u0107ima protiv klizanja mogu izdr\u017eati do 10 kg, podesive no\u017eice dr\u017ee policu u ravnote\u017ei, za\u0161tita od prevrtanja za dodatnu stabilnostOdgovara svakoj prostoriji: polica je prikladna za ure\u0111enje dnevnog boravka, dokumenata u radnoj sobi, knjiga u spava\u0107oj sobi, spremnika u kuhinji, a zahvaljuju\u0107i vodootpornom staklu i metalu premazanom prahom otpornom na hr\u0111u, prikladna je i za kupaonske predmete.Jednostavno sastavljanje: zahvaljuju\u0107i ozna\u010denim dijelovima i jasnim uputama koje je lako slijediti, ovu policu za knjige mo\u017eete sastaviti u tren oka.","og_url":"https:\/\/inti.hr\/sr\/proizvod\/polica-za-knjige-na-5-katova-ukrasna-polica-zlatna\/","og_site_name":"Inti","og_image":[{"width":1200,"height":1500,"url":"https:\/\/i0.wp.com\/inti.hr\/wp-content\/uploads\/2022\/10\/81E8SrFYUsL._AC_SL1500_.jpg?fit=1200%2C1500&ssl=1","type":"image\/jpeg"}],"twitter_card":"summary_large_image","schema":{"@context":"https:\/\/schema.org","@graph":[{"@type":"WebPage","@id":"https:\/\/inti.hr\/sr\/proizvod\/polica-za-knjige-na-5-katova-ukrasna-polica-zlatna\/","url":"https:\/\/inti.hr\/sr\/proizvod\/polica-za-knjige-na-5-katova-ukrasna-polica-zlatna\/","name":"Polica za knjige na 5 katova - Inti","isPartOf":{"@id":"https:\/\/inti.hr\/sr\/#website"},"primaryImageOfPage":{"@id":"https:\/\/inti.hr\/sr\/proizvod\/polica-za-knjige-na-5-katova-ukrasna-polica-zlatna\/#primaryimage"},"image":{"@id":"https:\/\/inti.hr\/sr\/proizvod\/polica-za-knjige-na-5-katova-ukrasna-polica-zlatna\/#primaryimage"},"thumbnailUrl":"https:\/\/i0.wp.com\/inti.hr\/wp-content\/uploads\/2022\/10\/81E8SrFYUsL._AC_SL1500_.jpg?fit=1200%2C1500&ssl=1","datePublished":"2022-10-21T06:44:52+00:00","dateModified":"2022-10-21T06:44:52+00:00","description":"Ova samostoje\u0107a polica 32\" x 12\" x 72\" ima 5 velikih odjeljaka s razmakom od 12,2\" izme\u0111u svakog sloja i nudi obilje prostora za ukrasne predmete, knjige, okvire za slike, vaze i jo\u0161 mnogo toga. Police od kaljenog stakla debljine 5 mm s jastu\u010di\u0107ima protiv klizanja mogu izdr\u017eati do 10 kg, podesive no\u017eice dr\u017ee policu u ravnote\u017ei, za\u0161tita od prevrtanja za dodatnu stabilnostOdgovara svakoj prostoriji: polica je prikladna za ure\u0111enje dnevnog boravka, dokumenata u radnoj sobi, knjiga u spava\u0107oj sobi, spremnika u kuhinji, a zahvaljuju\u0107i vodootpornom staklu i metalu premazanom prahom otpornom na hr\u0111u, prikladna je i za kupaonske predmete.Jednostavno sastavljanje: zahvaljuju\u0107i ozna\u010denim dijelovima i jasnim uputama koje je lako slijediti, ovu policu za knjige mo\u017eete sastaviti u tren oka.","breadcrumb":{"@id":"https:\/\/inti.hr\/sr\/proizvod\/polica-za-knjige-na-5-katova-ukrasna-polica-zlatna\/#breadcrumb"},"inLanguage":"sr-RS","potentialAction":[{"@type":"ReadAction","target":["https:\/\/inti.hr\/sr\/proizvod\/polica-za-knjige-na-5-katova-ukrasna-polica-zlatna\/"]}]},{"@type":"ImageObject","inLanguage":"sr-RS","@id":"https:\/\/inti.hr\/sr\/proizvod\/polica-za-knjige-na-5-katova-ukrasna-polica-zlatna\/#primaryimage","url":"https:\/\/i0.wp.com\/inti.hr\/wp-content\/uploads\/2022\/10\/81E8SrFYUsL._AC_SL1500_.jpg?fit=1200%2C1500&ssl=1","contentUrl":"https:\/\/i0.wp.com\/inti.hr\/wp-content\/uploads\/2022\/10\/81E8SrFYUsL._AC_SL1500_.jpg?fit=1200%2C1500&ssl=1","width":1200,"height":1500,"caption":"Polica za knjige na 5 katova"},{"@type":"BreadcrumbList","@id":"https:\/\/inti.hr\/sr\/proizvod\/polica-za-knjige-na-5-katova-ukrasna-polica-zlatna\/#breadcrumb","itemListElement":[{"@type":"ListItem","position":1,"name":"Po\u010detna stranica","item":"https:\/\/inti.hr\/sr\/"},{"@type":"ListItem","position":2,"name":"Prodavnica","item":"https:\/\/inti.hr\/sr\/prodavnica\/"},{"@type":"ListItem","position":3,"name":"Polica za knjige na 5 katova"}]},{"@type":"WebSite","@id":"https:\/\/inti.hr\/sr\/#website","url":"https:\/\/inti.hr\/sr\/","name":"Inti","description":"trgovina","potentialAction":[{"@type":"SearchAction","target":{"@type":"EntryPoint","urlTemplate":"https:\/\/inti.hr\/sr\/?s={search_term_string}"},"query-input":{"@type":"PropertyValueSpecification","valueRequired":true,"valueName":"search_term_string"}}],"inLanguage":"sr-RS"}]}},"jetpack_sharing_enabled":true,"jetpack-related-posts":[],"_links":{"self":[{"href":"https:\/\/inti.hr\/sr\/wp-json\/wp\/v2\/product\/33643"}],"collection":[{"href":"https:\/\/inti.hr\/sr\/wp-json\/wp\/v2\/product"}],"about":[{"href":"https:\/\/inti.hr\/sr\/wp-json\/wp\/v2\/types\/product"}],"wp:featuredmedia":[{"embeddable":true,"href":"https:\/\/inti.hr\/sr\/wp-json\/wp\/v2\/media\/33644"}],"wp:attachment":[{"href":"https:\/\/inti.hr\/sr\/wp-json\/wp\/v2\/media?parent=33643"}],"wp:term":[{"taxonomy":"product_cat","embeddable":true,"href":"https:\/\/inti.hr\/sr\/wp-json\/wp\/v2\/product_cat?post=33643"},{"taxonomy":"product_tag","embeddable":true,"href":"https:\/\/inti.hr\/sr\/wp-json\/wp\/v2\/product_tag?post=33643"}],"curies":[{"name":"wp","href":"https:\/\/api.w.org\/{rel}","templated":true}]}}