{"id":33681,"date":"2022-10-13T09:22:23","date_gmt":"2022-10-13T09:22:23","guid":{"rendered":"https:\/\/inti.hr\/product\/stalak-za-odjecu-s-5-razina-stalak-ulazni-prostor-hodnik-vjesalica\/"},"modified":"2022-10-13T09:22:23","modified_gmt":"2022-10-13T09:22:23","slug":"stalak-za-odjecu-s-5-razina-stalak-ulazni-prostor-hodnik-vjesalica","status":"publish","type":"product","link":"https:\/\/inti.hr\/sr\/proizvod\/stalak-za-odjecu-s-5-razina-stalak-ulazni-prostor-hodnik-vjesalica\/","title":{"rendered":"Stalak za odje\u0107u s 5 razina"},"content":{"rendered":"<p><b>Detalji proizvoda:<\/b><br \/>\n&#8211; Boja: vintage sme\u0111e-crna<br \/>\n&#8211; Materijal: iverica, \u010delik<br \/>\n&#8211; Ukupna veli\u010dina: 45 x 120 x 160 cm (D x \u0160 x V)<br \/>\n&#8211; Te\u017eina: 16,6 kg<br \/>\n&#8211; Maksimalno stati\u010dko optere\u0107enje \u0161ipke za odje\u0107u: 40 kg<br \/>\n&#8211; Maksimalno stati\u010dko optere\u0107enje po kuki: 4 kg<br \/>\n&#8211; Maksimalno stati\u010dko optere\u0107enje po sloju (odozgo prema dolje): 21,3 kg, 24,9 kg, 27,2 kg, 29,9 kg, 75,3 kg<br \/>\n&#8211; Maksimalno stati\u010dko optere\u0107enje Ukupna nosivost: 220 kg<\/p>\n","protected":false},"excerpt":{"rendered":"<div class=\"left\">\n<p>Vi\u0161enamjenski stalak za odje\u0107u: \u0161ipka za odje\u0107u, stalak za cipele, &#8230; <\/p>\n","protected":false},"featured_media":33682,"template":"","meta":[],"product_cat":[2416,2635],"product_tag":[2677,3023,2737],"yoast_head":"<!-- This site is optimized with the Yoast SEO plugin v23.7 - https:\/\/yoast.com\/wordpress\/plugins\/seo\/ -->\n<title>Stalak za odje\u0107u s 5 razina - Inti<\/title>\n<meta name=\"description\" content=\"Vi\u0161enamjenski stalak za odje\u0107u: \u0161ipka za odje\u0107u, stalak za cipele, 5 bo\u010dnih polica, 6 S kuka - toliko razli\u010ditih mogu\u0107nosti za pohranu! Na ovom stalku za odje\u0107u mo\u017eete objesiti ko\u0161ulje, spremiti cipele i izlo\u017eiti ukrasne predmete i biljke. Puno prostora za vje\u0161anje i otvoreni dizajn: Ova vje\u0161alica za kapute 45 x 120 x 160 cm nudi mnogo prostora za vje\u0161anje va\u0161ih kaputa. Otvorena konstrukcija dr\u017ei va\u0161u odje\u0107u pri ruci tako da se mo\u017eete brzo pripremiti za no\u0107ni izlazak. Stabilan i robustan: visokokvalitetna iverica, stabilan \u010deli\u010dni okvir - vje\u0161alica \u0107e vas pratiti dugi niz godina! Nosivost postolja do 220 kg, a \u0161ipka za odje\u0107u do 40 kg, tako da mo\u017ee nositi i te\u0161ke kapute.\" \/>\n<meta name=\"robots\" content=\"index, follow, max-snippet:-1, max-image-preview:large, max-video-preview:-1\" \/>\n<link rel=\"canonical\" href=\"https:\/\/inti.hr\/sr\/proizvod\/stalak-za-odjecu-s-5-razina-stalak-ulazni-prostor-hodnik-vjesalica\/\" \/>\n<meta property=\"og:locale\" content=\"sr_RS\" \/>\n<meta property=\"og:type\" content=\"article\" \/>\n<meta property=\"og:title\" content=\"Stalak za odje\u0107u s 5 razina - Inti\" \/>\n<meta property=\"og:description\" content=\"Vi\u0161enamjenski stalak za odje\u0107u: \u0161ipka za odje\u0107u, stalak za cipele, 5 bo\u010dnih polica, 6 S kuka - toliko razli\u010ditih mogu\u0107nosti za pohranu! Na ovom stalku za odje\u0107u mo\u017eete objesiti ko\u0161ulje, spremiti cipele i izlo\u017eiti ukrasne predmete i biljke. Puno prostora za vje\u0161anje i otvoreni dizajn: Ova vje\u0161alica za kapute 45 x 120 x 160 cm nudi mnogo prostora za vje\u0161anje va\u0161ih kaputa. Otvorena konstrukcija dr\u017ei va\u0161u odje\u0107u pri ruci tako da se mo\u017eete brzo pripremiti za no\u0107ni izlazak. Stabilan i robustan: visokokvalitetna iverica, stabilan \u010deli\u010dni okvir - vje\u0161alica \u0107e vas pratiti dugi niz godina! Nosivost postolja do 220 kg, a \u0161ipka za odje\u0107u do 40 kg, tako da mo\u017ee nositi i te\u0161ke kapute.\" \/>\n<meta property=\"og:url\" content=\"https:\/\/inti.hr\/sr\/proizvod\/stalak-za-odjecu-s-5-razina-stalak-ulazni-prostor-hodnik-vjesalica\/\" \/>\n<meta property=\"og:site_name\" content=\"Inti\" \/>\n<meta property=\"og:image\" content=\"https:\/\/i0.wp.com\/inti.hr\/wp-content\/uploads\/2022\/10\/RGR116B01-8.jpg?fit=750%2C750&ssl=1\" \/>\n\t<meta property=\"og:image:width\" content=\"750\" \/>\n\t<meta property=\"og:image:height\" content=\"750\" \/>\n\t<meta property=\"og:image:type\" content=\"image\/jpeg\" \/>\n<meta name=\"twitter:card\" content=\"summary_large_image\" \/>\n<script type=\"application\/ld+json\" class=\"yoast-schema-graph\">{\"@context\":\"https:\/\/schema.org\",\"@graph\":[{\"@type\":\"WebPage\",\"@id\":\"https:\/\/inti.hr\/sr\/proizvod\/stalak-za-odjecu-s-5-razina-stalak-ulazni-prostor-hodnik-vjesalica\/\",\"url\":\"https:\/\/inti.hr\/sr\/proizvod\/stalak-za-odjecu-s-5-razina-stalak-ulazni-prostor-hodnik-vjesalica\/\",\"name\":\"Stalak za odje\u0107u s 5 razina - Inti\",\"isPartOf\":{\"@id\":\"https:\/\/inti.hr\/sr\/#website\"},\"primaryImageOfPage\":{\"@id\":\"https:\/\/inti.hr\/sr\/proizvod\/stalak-za-odjecu-s-5-razina-stalak-ulazni-prostor-hodnik-vjesalica\/#primaryimage\"},\"image\":{\"@id\":\"https:\/\/inti.hr\/sr\/proizvod\/stalak-za-odjecu-s-5-razina-stalak-ulazni-prostor-hodnik-vjesalica\/#primaryimage\"},\"thumbnailUrl\":\"https:\/\/i0.wp.com\/inti.hr\/wp-content\/uploads\/2022\/10\/RGR116B01-8.jpg?fit=750%2C750&ssl=1\",\"datePublished\":\"2022-10-13T09:22:23+00:00\",\"dateModified\":\"2022-10-13T09:22:23+00:00\",\"description\":\"Vi\u0161enamjenski stalak za odje\u0107u: \u0161ipka za odje\u0107u, stalak za cipele, 5 bo\u010dnih polica, 6 S kuka - toliko razli\u010ditih mogu\u0107nosti za pohranu! Na ovom stalku za odje\u0107u mo\u017eete objesiti ko\u0161ulje, spremiti cipele i izlo\u017eiti ukrasne predmete i biljke. Puno prostora za vje\u0161anje i otvoreni dizajn: Ova vje\u0161alica za kapute 45 x 120 x 160 cm nudi mnogo prostora za vje\u0161anje va\u0161ih kaputa. Otvorena konstrukcija dr\u017ei va\u0161u odje\u0107u pri ruci tako da se mo\u017eete brzo pripremiti za no\u0107ni izlazak. Stabilan i robustan: visokokvalitetna iverica, stabilan \u010deli\u010dni okvir - vje\u0161alica \u0107e vas pratiti dugi niz godina! Nosivost postolja do 220 kg, a \u0161ipka za odje\u0107u do 40 kg, tako da mo\u017ee nositi i te\u0161ke kapute.\",\"breadcrumb\":{\"@id\":\"https:\/\/inti.hr\/sr\/proizvod\/stalak-za-odjecu-s-5-razina-stalak-ulazni-prostor-hodnik-vjesalica\/#breadcrumb\"},\"inLanguage\":\"sr-RS\",\"potentialAction\":[{\"@type\":\"ReadAction\",\"target\":[\"https:\/\/inti.hr\/sr\/proizvod\/stalak-za-odjecu-s-5-razina-stalak-ulazni-prostor-hodnik-vjesalica\/\"]}]},{\"@type\":\"ImageObject\",\"inLanguage\":\"sr-RS\",\"@id\":\"https:\/\/inti.hr\/sr\/proizvod\/stalak-za-odjecu-s-5-razina-stalak-ulazni-prostor-hodnik-vjesalica\/#primaryimage\",\"url\":\"https:\/\/i0.wp.com\/inti.hr\/wp-content\/uploads\/2022\/10\/RGR116B01-8.jpg?fit=750%2C750&ssl=1\",\"contentUrl\":\"https:\/\/i0.wp.com\/inti.hr\/wp-content\/uploads\/2022\/10\/RGR116B01-8.jpg?fit=750%2C750&ssl=1\",\"width\":750,\"height\":750,\"caption\":\"Stalak za odje\u0107u s 5 razina\"},{\"@type\":\"BreadcrumbList\",\"@id\":\"https:\/\/inti.hr\/sr\/proizvod\/stalak-za-odjecu-s-5-razina-stalak-ulazni-prostor-hodnik-vjesalica\/#breadcrumb\",\"itemListElement\":[{\"@type\":\"ListItem\",\"position\":1,\"name\":\"Po\u010detna stranica\",\"item\":\"https:\/\/inti.hr\/sr\/\"},{\"@type\":\"ListItem\",\"position\":2,\"name\":\"Prodavnica\",\"item\":\"https:\/\/inti.hr\/sr\/prodavnica\/\"},{\"@type\":\"ListItem\",\"position\":3,\"name\":\"Stalak za odje\u0107u s 5 razina\"}]},{\"@type\":\"WebSite\",\"@id\":\"https:\/\/inti.hr\/sr\/#website\",\"url\":\"https:\/\/inti.hr\/sr\/\",\"name\":\"Inti\",\"description\":\"trgovina\",\"potentialAction\":[{\"@type\":\"SearchAction\",\"target\":{\"@type\":\"EntryPoint\",\"urlTemplate\":\"https:\/\/inti.hr\/sr\/?s={search_term_string}\"},\"query-input\":{\"@type\":\"PropertyValueSpecification\",\"valueRequired\":true,\"valueName\":\"search_term_string\"}}],\"inLanguage\":\"sr-RS\"}]}<\/script>\n<!-- \/ Yoast SEO plugin. -->","yoast_head_json":{"title":"Stalak za odje\u0107u s 5 razina - Inti","description":"Vi\u0161enamjenski stalak za odje\u0107u: \u0161ipka za odje\u0107u, stalak za cipele, 5 bo\u010dnih polica, 6 S kuka - toliko razli\u010ditih mogu\u0107nosti za pohranu! Na ovom stalku za odje\u0107u mo\u017eete objesiti ko\u0161ulje, spremiti cipele i izlo\u017eiti ukrasne predmete i biljke. Puno prostora za vje\u0161anje i otvoreni dizajn: Ova vje\u0161alica za kapute 45 x 120 x 160 cm nudi mnogo prostora za vje\u0161anje va\u0161ih kaputa. Otvorena konstrukcija dr\u017ei va\u0161u odje\u0107u pri ruci tako da se mo\u017eete brzo pripremiti za no\u0107ni izlazak. Stabilan i robustan: visokokvalitetna iverica, stabilan \u010deli\u010dni okvir - vje\u0161alica \u0107e vas pratiti dugi niz godina! Nosivost postolja do 220 kg, a \u0161ipka za odje\u0107u do 40 kg, tako da mo\u017ee nositi i te\u0161ke kapute.","robots":{"index":"index","follow":"follow","max-snippet":"max-snippet:-1","max-image-preview":"max-image-preview:large","max-video-preview":"max-video-preview:-1"},"canonical":"https:\/\/inti.hr\/sr\/proizvod\/stalak-za-odjecu-s-5-razina-stalak-ulazni-prostor-hodnik-vjesalica\/","og_locale":"sr_RS","og_type":"article","og_title":"Stalak za odje\u0107u s 5 razina - Inti","og_description":"Vi\u0161enamjenski stalak za odje\u0107u: \u0161ipka za odje\u0107u, stalak za cipele, 5 bo\u010dnih polica, 6 S kuka - toliko razli\u010ditih mogu\u0107nosti za pohranu! Na ovom stalku za odje\u0107u mo\u017eete objesiti ko\u0161ulje, spremiti cipele i izlo\u017eiti ukrasne predmete i biljke. Puno prostora za vje\u0161anje i otvoreni dizajn: Ova vje\u0161alica za kapute 45 x 120 x 160 cm nudi mnogo prostora za vje\u0161anje va\u0161ih kaputa. Otvorena konstrukcija dr\u017ei va\u0161u odje\u0107u pri ruci tako da se mo\u017eete brzo pripremiti za no\u0107ni izlazak. Stabilan i robustan: visokokvalitetna iverica, stabilan \u010deli\u010dni okvir - vje\u0161alica \u0107e vas pratiti dugi niz godina! Nosivost postolja do 220 kg, a \u0161ipka za odje\u0107u do 40 kg, tako da mo\u017ee nositi i te\u0161ke kapute.","og_url":"https:\/\/inti.hr\/sr\/proizvod\/stalak-za-odjecu-s-5-razina-stalak-ulazni-prostor-hodnik-vjesalica\/","og_site_name":"Inti","og_image":[{"width":750,"height":750,"url":"https:\/\/i0.wp.com\/inti.hr\/wp-content\/uploads\/2022\/10\/RGR116B01-8.jpg?fit=750%2C750&ssl=1","type":"image\/jpeg"}],"twitter_card":"summary_large_image","schema":{"@context":"https:\/\/schema.org","@graph":[{"@type":"WebPage","@id":"https:\/\/inti.hr\/sr\/proizvod\/stalak-za-odjecu-s-5-razina-stalak-ulazni-prostor-hodnik-vjesalica\/","url":"https:\/\/inti.hr\/sr\/proizvod\/stalak-za-odjecu-s-5-razina-stalak-ulazni-prostor-hodnik-vjesalica\/","name":"Stalak za odje\u0107u s 5 razina - Inti","isPartOf":{"@id":"https:\/\/inti.hr\/sr\/#website"},"primaryImageOfPage":{"@id":"https:\/\/inti.hr\/sr\/proizvod\/stalak-za-odjecu-s-5-razina-stalak-ulazni-prostor-hodnik-vjesalica\/#primaryimage"},"image":{"@id":"https:\/\/inti.hr\/sr\/proizvod\/stalak-za-odjecu-s-5-razina-stalak-ulazni-prostor-hodnik-vjesalica\/#primaryimage"},"thumbnailUrl":"https:\/\/i0.wp.com\/inti.hr\/wp-content\/uploads\/2022\/10\/RGR116B01-8.jpg?fit=750%2C750&ssl=1","datePublished":"2022-10-13T09:22:23+00:00","dateModified":"2022-10-13T09:22:23+00:00","description":"Vi\u0161enamjenski stalak za odje\u0107u: \u0161ipka za odje\u0107u, stalak za cipele, 5 bo\u010dnih polica, 6 S kuka - toliko razli\u010ditih mogu\u0107nosti za pohranu! Na ovom stalku za odje\u0107u mo\u017eete objesiti ko\u0161ulje, spremiti cipele i izlo\u017eiti ukrasne predmete i biljke. Puno prostora za vje\u0161anje i otvoreni dizajn: Ova vje\u0161alica za kapute 45 x 120 x 160 cm nudi mnogo prostora za vje\u0161anje va\u0161ih kaputa. Otvorena konstrukcija dr\u017ei va\u0161u odje\u0107u pri ruci tako da se mo\u017eete brzo pripremiti za no\u0107ni izlazak. Stabilan i robustan: visokokvalitetna iverica, stabilan \u010deli\u010dni okvir - vje\u0161alica \u0107e vas pratiti dugi niz godina! Nosivost postolja do 220 kg, a \u0161ipka za odje\u0107u do 40 kg, tako da mo\u017ee nositi i te\u0161ke kapute.","breadcrumb":{"@id":"https:\/\/inti.hr\/sr\/proizvod\/stalak-za-odjecu-s-5-razina-stalak-ulazni-prostor-hodnik-vjesalica\/#breadcrumb"},"inLanguage":"sr-RS","potentialAction":[{"@type":"ReadAction","target":["https:\/\/inti.hr\/sr\/proizvod\/stalak-za-odjecu-s-5-razina-stalak-ulazni-prostor-hodnik-vjesalica\/"]}]},{"@type":"ImageObject","inLanguage":"sr-RS","@id":"https:\/\/inti.hr\/sr\/proizvod\/stalak-za-odjecu-s-5-razina-stalak-ulazni-prostor-hodnik-vjesalica\/#primaryimage","url":"https:\/\/i0.wp.com\/inti.hr\/wp-content\/uploads\/2022\/10\/RGR116B01-8.jpg?fit=750%2C750&ssl=1","contentUrl":"https:\/\/i0.wp.com\/inti.hr\/wp-content\/uploads\/2022\/10\/RGR116B01-8.jpg?fit=750%2C750&ssl=1","width":750,"height":750,"caption":"Stalak za odje\u0107u s 5 razina"},{"@type":"BreadcrumbList","@id":"https:\/\/inti.hr\/sr\/proizvod\/stalak-za-odjecu-s-5-razina-stalak-ulazni-prostor-hodnik-vjesalica\/#breadcrumb","itemListElement":[{"@type":"ListItem","position":1,"name":"Po\u010detna stranica","item":"https:\/\/inti.hr\/sr\/"},{"@type":"ListItem","position":2,"name":"Prodavnica","item":"https:\/\/inti.hr\/sr\/prodavnica\/"},{"@type":"ListItem","position":3,"name":"Stalak za odje\u0107u s 5 razina"}]},{"@type":"WebSite","@id":"https:\/\/inti.hr\/sr\/#website","url":"https:\/\/inti.hr\/sr\/","name":"Inti","description":"trgovina","potentialAction":[{"@type":"SearchAction","target":{"@type":"EntryPoint","urlTemplate":"https:\/\/inti.hr\/sr\/?s={search_term_string}"},"query-input":{"@type":"PropertyValueSpecification","valueRequired":true,"valueName":"search_term_string"}}],"inLanguage":"sr-RS"}]}},"jetpack_sharing_enabled":true,"jetpack-related-posts":[],"_links":{"self":[{"href":"https:\/\/inti.hr\/sr\/wp-json\/wp\/v2\/product\/33681"}],"collection":[{"href":"https:\/\/inti.hr\/sr\/wp-json\/wp\/v2\/product"}],"about":[{"href":"https:\/\/inti.hr\/sr\/wp-json\/wp\/v2\/types\/product"}],"wp:featuredmedia":[{"embeddable":true,"href":"https:\/\/inti.hr\/sr\/wp-json\/wp\/v2\/media\/33682"}],"wp:attachment":[{"href":"https:\/\/inti.hr\/sr\/wp-json\/wp\/v2\/media?parent=33681"}],"wp:term":[{"taxonomy":"product_cat","embeddable":true,"href":"https:\/\/inti.hr\/sr\/wp-json\/wp\/v2\/product_cat?post=33681"},{"taxonomy":"product_tag","embeddable":true,"href":"https:\/\/inti.hr\/sr\/wp-json\/wp\/v2\/product_tag?post=33681"}],"curies":[{"name":"wp","href":"https:\/\/api.w.org\/{rel}","templated":true}]}}