{"id":33685,"date":"2022-10-13T07:22:44","date_gmt":"2022-10-13T07:22:44","guid":{"rendered":"https:\/\/inti.hr\/product\/komoda-s-resetkama-u-industrijskom-stilu\/"},"modified":"2022-10-13T07:22:44","modified_gmt":"2022-10-13T07:22:44","slug":"komoda-s-resetkama-u-industrijskom-stilu","status":"publish","type":"product","link":"https:\/\/inti.hr\/sr\/proizvod\/komoda-s-resetkama-u-industrijskom-stilu\/","title":{"rendered":"Komoda s re\u0161etkama u industrijskom stilu"},"content":{"rendered":"<p><b>Detalji proizvoda:<\/b><br \/>\n&#8211; Boja: vintage sme\u0111e-crna<br \/>\n&#8211; Materijal: iverica, \u010delik<br \/>\n&#8211; Veli\u010dina: 70 x 30 x 81 cm (D x \u0160 x V)<br \/>\n&#8211; Te\u017eina: 17,9 kg<br \/>\n&#8211; Maksimalna nosivost:<br \/>\npovr\u0161ina: 30 kg<br \/>\nOtvorene razine polica : svaka 20 kg<br \/>\nrazina polica u ormaru: 15 kg svaka<br \/>\nDonja razina police: 15 kg<br \/>\n&#8211; broj razina polica u ormaru: 2 (podesive na 3 visine)<\/p>\n","protected":false},"excerpt":{"rendered":"<p>Stil ovog ormari\u0107a za dnevnu sobu mo\u017ee se opisati kao sastav &#8230; <\/p>\n","protected":false},"featured_media":33686,"template":"","meta":[],"product_cat":[2573,2421,2440,2416],"product_tag":[2448,3805,3765],"yoast_head":"<!-- This site is optimized with the Yoast SEO plugin v23.7 - https:\/\/yoast.com\/wordpress\/plugins\/seo\/ -->\n<title>Komoda s re\u0161etkama u industrijskom stilu - Inti<\/title>\n<meta name=\"description\" content=\"Stil ovog ormari\u0107a za dnevnu sobu mo\u017ee se opisati kao sastav \u017eeljeznog okvira, koji ima svojstven trendovski industrijski izgled, i precizno izra\u0111enih vintage plo\u010da izra\u0111enih od konstruiranog drva. Neobi\u010dna vrata s re\u0161etkama, koja pobu\u0111uju znati\u017eelju o tome \u0161to se krije iza njih, tako\u0111er dodaju poseban \u0161tih.Time se stvara jedinstvena slika i komad namje\u0161taja koji je robustan, atraktivan i funkcionalan u isto vrijeme.\" \/>\n<meta name=\"robots\" content=\"index, follow, max-snippet:-1, max-image-preview:large, max-video-preview:-1\" \/>\n<link rel=\"canonical\" href=\"https:\/\/inti.hr\/sr\/proizvod\/komoda-s-resetkama-u-industrijskom-stilu\/\" \/>\n<meta property=\"og:locale\" content=\"sr_RS\" \/>\n<meta property=\"og:type\" content=\"article\" \/>\n<meta property=\"og:title\" content=\"Komoda s re\u0161etkama u industrijskom stilu - Inti\" \/>\n<meta property=\"og:description\" content=\"Stil ovog ormari\u0107a za dnevnu sobu mo\u017ee se opisati kao sastav \u017eeljeznog okvira, koji ima svojstven trendovski industrijski izgled, i precizno izra\u0111enih vintage plo\u010da izra\u0111enih od konstruiranog drva. Neobi\u010dna vrata s re\u0161etkama, koja pobu\u0111uju znati\u017eelju o tome \u0161to se krije iza njih, tako\u0111er dodaju poseban \u0161tih.Time se stvara jedinstvena slika i komad namje\u0161taja koji je robustan, atraktivan i funkcionalan u isto vrijeme.\" \/>\n<meta property=\"og:url\" content=\"https:\/\/inti.hr\/sr\/proizvod\/komoda-s-resetkama-u-industrijskom-stilu\/\" \/>\n<meta property=\"og:site_name\" content=\"Inti\" \/>\n<meta property=\"og:image\" content=\"https:\/\/i0.wp.com\/inti.hr\/wp-content\/uploads\/2022\/10\/Industriestil-Sideboard-Lamellentuer-LSC74BX-3.jpg?fit=750%2C750&ssl=1\" \/>\n\t<meta property=\"og:image:width\" content=\"750\" \/>\n\t<meta property=\"og:image:height\" content=\"750\" \/>\n\t<meta property=\"og:image:type\" content=\"image\/jpeg\" \/>\n<meta name=\"twitter:card\" content=\"summary_large_image\" \/>\n<script type=\"application\/ld+json\" class=\"yoast-schema-graph\">{\"@context\":\"https:\/\/schema.org\",\"@graph\":[{\"@type\":\"WebPage\",\"@id\":\"https:\/\/inti.hr\/sr\/proizvod\/komoda-s-resetkama-u-industrijskom-stilu\/\",\"url\":\"https:\/\/inti.hr\/sr\/proizvod\/komoda-s-resetkama-u-industrijskom-stilu\/\",\"name\":\"Komoda s re\u0161etkama u industrijskom stilu - Inti\",\"isPartOf\":{\"@id\":\"https:\/\/inti.hr\/sr\/#website\"},\"primaryImageOfPage\":{\"@id\":\"https:\/\/inti.hr\/sr\/proizvod\/komoda-s-resetkama-u-industrijskom-stilu\/#primaryimage\"},\"image\":{\"@id\":\"https:\/\/inti.hr\/sr\/proizvod\/komoda-s-resetkama-u-industrijskom-stilu\/#primaryimage\"},\"thumbnailUrl\":\"https:\/\/i0.wp.com\/inti.hr\/wp-content\/uploads\/2022\/10\/Industriestil-Sideboard-Lamellentuer-LSC74BX-3.jpg?fit=750%2C750&ssl=1\",\"datePublished\":\"2022-10-13T07:22:44+00:00\",\"dateModified\":\"2022-10-13T07:22:44+00:00\",\"description\":\"Stil ovog ormari\u0107a za dnevnu sobu mo\u017ee se opisati kao sastav \u017eeljeznog okvira, koji ima svojstven trendovski industrijski izgled, i precizno izra\u0111enih vintage plo\u010da izra\u0111enih od konstruiranog drva. Neobi\u010dna vrata s re\u0161etkama, koja pobu\u0111uju znati\u017eelju o tome \u0161to se krije iza njih, tako\u0111er dodaju poseban \u0161tih.Time se stvara jedinstvena slika i komad namje\u0161taja koji je robustan, atraktivan i funkcionalan u isto vrijeme.\",\"breadcrumb\":{\"@id\":\"https:\/\/inti.hr\/sr\/proizvod\/komoda-s-resetkama-u-industrijskom-stilu\/#breadcrumb\"},\"inLanguage\":\"sr-RS\",\"potentialAction\":[{\"@type\":\"ReadAction\",\"target\":[\"https:\/\/inti.hr\/sr\/proizvod\/komoda-s-resetkama-u-industrijskom-stilu\/\"]}]},{\"@type\":\"ImageObject\",\"inLanguage\":\"sr-RS\",\"@id\":\"https:\/\/inti.hr\/sr\/proizvod\/komoda-s-resetkama-u-industrijskom-stilu\/#primaryimage\",\"url\":\"https:\/\/i0.wp.com\/inti.hr\/wp-content\/uploads\/2022\/10\/Industriestil-Sideboard-Lamellentuer-LSC74BX-3.jpg?fit=750%2C750&ssl=1\",\"contentUrl\":\"https:\/\/i0.wp.com\/inti.hr\/wp-content\/uploads\/2022\/10\/Industriestil-Sideboard-Lamellentuer-LSC74BX-3.jpg?fit=750%2C750&ssl=1\",\"width\":750,\"height\":750,\"caption\":\"VASAGLE letvi\u010dasta vrata komode industrijskog stila\"},{\"@type\":\"BreadcrumbList\",\"@id\":\"https:\/\/inti.hr\/sr\/proizvod\/komoda-s-resetkama-u-industrijskom-stilu\/#breadcrumb\",\"itemListElement\":[{\"@type\":\"ListItem\",\"position\":1,\"name\":\"Po\u010detna stranica\",\"item\":\"https:\/\/inti.hr\/sr\/\"},{\"@type\":\"ListItem\",\"position\":2,\"name\":\"Prodavnica\",\"item\":\"https:\/\/inti.hr\/sr\/prodavnica\/\"},{\"@type\":\"ListItem\",\"position\":3,\"name\":\"Komoda s re\u0161etkama u industrijskom stilu\"}]},{\"@type\":\"WebSite\",\"@id\":\"https:\/\/inti.hr\/sr\/#website\",\"url\":\"https:\/\/inti.hr\/sr\/\",\"name\":\"Inti\",\"description\":\"trgovina\",\"potentialAction\":[{\"@type\":\"SearchAction\",\"target\":{\"@type\":\"EntryPoint\",\"urlTemplate\":\"https:\/\/inti.hr\/sr\/?s={search_term_string}\"},\"query-input\":{\"@type\":\"PropertyValueSpecification\",\"valueRequired\":true,\"valueName\":\"search_term_string\"}}],\"inLanguage\":\"sr-RS\"}]}<\/script>\n<!-- \/ Yoast SEO plugin. -->","yoast_head_json":{"title":"Komoda s re\u0161etkama u industrijskom stilu - Inti","description":"Stil ovog ormari\u0107a za dnevnu sobu mo\u017ee se opisati kao sastav \u017eeljeznog okvira, koji ima svojstven trendovski industrijski izgled, i precizno izra\u0111enih vintage plo\u010da izra\u0111enih od konstruiranog drva. Neobi\u010dna vrata s re\u0161etkama, koja pobu\u0111uju znati\u017eelju o tome \u0161to se krije iza njih, tako\u0111er dodaju poseban \u0161tih.Time se stvara jedinstvena slika i komad namje\u0161taja koji je robustan, atraktivan i funkcionalan u isto vrijeme.","robots":{"index":"index","follow":"follow","max-snippet":"max-snippet:-1","max-image-preview":"max-image-preview:large","max-video-preview":"max-video-preview:-1"},"canonical":"https:\/\/inti.hr\/sr\/proizvod\/komoda-s-resetkama-u-industrijskom-stilu\/","og_locale":"sr_RS","og_type":"article","og_title":"Komoda s re\u0161etkama u industrijskom stilu - Inti","og_description":"Stil ovog ormari\u0107a za dnevnu sobu mo\u017ee se opisati kao sastav \u017eeljeznog okvira, koji ima svojstven trendovski industrijski izgled, i precizno izra\u0111enih vintage plo\u010da izra\u0111enih od konstruiranog drva. Neobi\u010dna vrata s re\u0161etkama, koja pobu\u0111uju znati\u017eelju o tome \u0161to se krije iza njih, tako\u0111er dodaju poseban \u0161tih.Time se stvara jedinstvena slika i komad namje\u0161taja koji je robustan, atraktivan i funkcionalan u isto vrijeme.","og_url":"https:\/\/inti.hr\/sr\/proizvod\/komoda-s-resetkama-u-industrijskom-stilu\/","og_site_name":"Inti","og_image":[{"width":750,"height":750,"url":"https:\/\/i0.wp.com\/inti.hr\/wp-content\/uploads\/2022\/10\/Industriestil-Sideboard-Lamellentuer-LSC74BX-3.jpg?fit=750%2C750&ssl=1","type":"image\/jpeg"}],"twitter_card":"summary_large_image","schema":{"@context":"https:\/\/schema.org","@graph":[{"@type":"WebPage","@id":"https:\/\/inti.hr\/sr\/proizvod\/komoda-s-resetkama-u-industrijskom-stilu\/","url":"https:\/\/inti.hr\/sr\/proizvod\/komoda-s-resetkama-u-industrijskom-stilu\/","name":"Komoda s re\u0161etkama u industrijskom stilu - Inti","isPartOf":{"@id":"https:\/\/inti.hr\/sr\/#website"},"primaryImageOfPage":{"@id":"https:\/\/inti.hr\/sr\/proizvod\/komoda-s-resetkama-u-industrijskom-stilu\/#primaryimage"},"image":{"@id":"https:\/\/inti.hr\/sr\/proizvod\/komoda-s-resetkama-u-industrijskom-stilu\/#primaryimage"},"thumbnailUrl":"https:\/\/i0.wp.com\/inti.hr\/wp-content\/uploads\/2022\/10\/Industriestil-Sideboard-Lamellentuer-LSC74BX-3.jpg?fit=750%2C750&ssl=1","datePublished":"2022-10-13T07:22:44+00:00","dateModified":"2022-10-13T07:22:44+00:00","description":"Stil ovog ormari\u0107a za dnevnu sobu mo\u017ee se opisati kao sastav \u017eeljeznog okvira, koji ima svojstven trendovski industrijski izgled, i precizno izra\u0111enih vintage plo\u010da izra\u0111enih od konstruiranog drva. Neobi\u010dna vrata s re\u0161etkama, koja pobu\u0111uju znati\u017eelju o tome \u0161to se krije iza njih, tako\u0111er dodaju poseban \u0161tih.Time se stvara jedinstvena slika i komad namje\u0161taja koji je robustan, atraktivan i funkcionalan u isto vrijeme.","breadcrumb":{"@id":"https:\/\/inti.hr\/sr\/proizvod\/komoda-s-resetkama-u-industrijskom-stilu\/#breadcrumb"},"inLanguage":"sr-RS","potentialAction":[{"@type":"ReadAction","target":["https:\/\/inti.hr\/sr\/proizvod\/komoda-s-resetkama-u-industrijskom-stilu\/"]}]},{"@type":"ImageObject","inLanguage":"sr-RS","@id":"https:\/\/inti.hr\/sr\/proizvod\/komoda-s-resetkama-u-industrijskom-stilu\/#primaryimage","url":"https:\/\/i0.wp.com\/inti.hr\/wp-content\/uploads\/2022\/10\/Industriestil-Sideboard-Lamellentuer-LSC74BX-3.jpg?fit=750%2C750&ssl=1","contentUrl":"https:\/\/i0.wp.com\/inti.hr\/wp-content\/uploads\/2022\/10\/Industriestil-Sideboard-Lamellentuer-LSC74BX-3.jpg?fit=750%2C750&ssl=1","width":750,"height":750,"caption":"VASAGLE letvi\u010dasta vrata komode industrijskog stila"},{"@type":"BreadcrumbList","@id":"https:\/\/inti.hr\/sr\/proizvod\/komoda-s-resetkama-u-industrijskom-stilu\/#breadcrumb","itemListElement":[{"@type":"ListItem","position":1,"name":"Po\u010detna stranica","item":"https:\/\/inti.hr\/sr\/"},{"@type":"ListItem","position":2,"name":"Prodavnica","item":"https:\/\/inti.hr\/sr\/prodavnica\/"},{"@type":"ListItem","position":3,"name":"Komoda s re\u0161etkama u industrijskom stilu"}]},{"@type":"WebSite","@id":"https:\/\/inti.hr\/sr\/#website","url":"https:\/\/inti.hr\/sr\/","name":"Inti","description":"trgovina","potentialAction":[{"@type":"SearchAction","target":{"@type":"EntryPoint","urlTemplate":"https:\/\/inti.hr\/sr\/?s={search_term_string}"},"query-input":{"@type":"PropertyValueSpecification","valueRequired":true,"valueName":"search_term_string"}}],"inLanguage":"sr-RS"}]}},"jetpack_sharing_enabled":true,"jetpack-related-posts":[],"_links":{"self":[{"href":"https:\/\/inti.hr\/sr\/wp-json\/wp\/v2\/product\/33685"}],"collection":[{"href":"https:\/\/inti.hr\/sr\/wp-json\/wp\/v2\/product"}],"about":[{"href":"https:\/\/inti.hr\/sr\/wp-json\/wp\/v2\/types\/product"}],"wp:featuredmedia":[{"embeddable":true,"href":"https:\/\/inti.hr\/sr\/wp-json\/wp\/v2\/media\/33686"}],"wp:attachment":[{"href":"https:\/\/inti.hr\/sr\/wp-json\/wp\/v2\/media?parent=33685"}],"wp:term":[{"taxonomy":"product_cat","embeddable":true,"href":"https:\/\/inti.hr\/sr\/wp-json\/wp\/v2\/product_cat?post=33685"},{"taxonomy":"product_tag","embeddable":true,"href":"https:\/\/inti.hr\/sr\/wp-json\/wp\/v2\/product_tag?post=33685"}],"curies":[{"name":"wp","href":"https:\/\/api.w.org\/{rel}","templated":true}]}}