{"id":33733,"date":"2022-08-23T11:21:42","date_gmt":"2022-08-23T11:21:42","guid":{"rendered":"https:\/\/inti.hr\/product\/ormar-za-dokumente-u-industrijskom-stilu-s-kotacicima\/"},"modified":"2022-08-23T11:21:42","modified_gmt":"2022-08-23T11:21:42","slug":"ormar-za-dokumente-u-industrijskom-stilu-s-kotacicima","status":"publish","type":"product","link":"https:\/\/inti.hr\/sr\/proizvod\/ormar-za-dokumente-u-industrijskom-stilu-s-kotacicima\/","title":{"rendered":"Ormar za dokumente u industrijskom stilu s kota\u010di\u0107ima"},"content":{"rendered":"<p><b>Detalji proizvoda:<\/b><br \/>\n&#8211; Boja: vintage sme\u0111e-crna<br \/>\n&#8211; Materijal: iverica, metal<br \/>\n&#8211; Veli\u010dina: 80 x 40 x 66 cm (D x \u0160 x V)<br \/>\n&#8211; Te\u017eina: 22,2 kg<br \/>\n&#8211; Maksimalno stati\u010dko optere\u0107enje: 40 kg<\/p>\n","protected":false},"excerpt":{"rendered":"<p>Ova mobilna jedinica za pohranu je \u0161ik rje\u0161enje za rastere\u0107enje va\u0161eg &#8230; <\/p>\n","protected":false},"featured_media":33734,"template":"","meta":[],"product_cat":[2421,2440],"product_tag":[2448,3064,3824,2795],"yoast_head":"<!-- This site is optimized with the Yoast SEO plugin v23.7 - https:\/\/yoast.com\/wordpress\/plugins\/seo\/ -->\n<title>Ormar za dokumente u industrijskom stilu s kota\u010di\u0107ima - Inti<\/title>\n<meta name=\"description\" content=\"Ova mobilna jedinica za pohranu je \u0161ik rje\u0161enje za rastere\u0107enje va\u0161eg radnog prostora. \u00a03 ladice, od kojih 1 ima vise\u0107u fasciklu za dokumente formata A4 i letter, 2 pretinca s podesivom policom za knjige.\u00a0\u0160to drugo?\u00a0Velika polica na vrhu savr\u0161ena je za va\u0161 pisa\u010d. Ovaj uredski ormari\u0107 opremljen je s 5 kota\u010di\u0107a za te\u0161ke uvjete rada (od kojih se 2 mogu zaklju\u010dati) tako da ga mo\u017eete lako kotrljati naprijed-natrag \u010dak i kad je potpuno napunjen.\u00a0Mali pomaga\u010d koji vam olak\u0161ava svakodnevni \u017eivot!\" \/>\n<meta name=\"robots\" content=\"index, follow, max-snippet:-1, max-image-preview:large, max-video-preview:-1\" \/>\n<link rel=\"canonical\" href=\"https:\/\/inti.hr\/sr\/proizvod\/ormar-za-dokumente-u-industrijskom-stilu-s-kotacicima\/\" \/>\n<meta property=\"og:locale\" content=\"sr_RS\" \/>\n<meta property=\"og:type\" content=\"article\" \/>\n<meta property=\"og:title\" content=\"Ormar za dokumente u industrijskom stilu s kota\u010di\u0107ima - Inti\" \/>\n<meta property=\"og:description\" content=\"Ova mobilna jedinica za pohranu je \u0161ik rje\u0161enje za rastere\u0107enje va\u0161eg radnog prostora. \u00a03 ladice, od kojih 1 ima vise\u0107u fasciklu za dokumente formata A4 i letter, 2 pretinca s podesivom policom za knjige.\u00a0\u0160to drugo?\u00a0Velika polica na vrhu savr\u0161ena je za va\u0161 pisa\u010d. Ovaj uredski ormari\u0107 opremljen je s 5 kota\u010di\u0107a za te\u0161ke uvjete rada (od kojih se 2 mogu zaklju\u010dati) tako da ga mo\u017eete lako kotrljati naprijed-natrag \u010dak i kad je potpuno napunjen.\u00a0Mali pomaga\u010d koji vam olak\u0161ava svakodnevni \u017eivot!\" \/>\n<meta property=\"og:url\" content=\"https:\/\/inti.hr\/sr\/proizvod\/ormar-za-dokumente-u-industrijskom-stilu-s-kotacicima\/\" \/>\n<meta property=\"og:site_name\" content=\"Inti\" \/>\n<meta property=\"og:image\" content=\"https:\/\/i0.wp.com\/inti.hr\/wp-content\/uploads\/2022\/08\/OFC041B01-2.jpg?fit=750%2C750&ssl=1\" \/>\n\t<meta property=\"og:image:width\" content=\"750\" \/>\n\t<meta property=\"og:image:height\" content=\"750\" \/>\n\t<meta property=\"og:image:type\" content=\"image\/jpeg\" \/>\n<meta name=\"twitter:card\" content=\"summary_large_image\" \/>\n<script type=\"application\/ld+json\" class=\"yoast-schema-graph\">{\"@context\":\"https:\/\/schema.org\",\"@graph\":[{\"@type\":\"WebPage\",\"@id\":\"https:\/\/inti.hr\/sr\/proizvod\/ormar-za-dokumente-u-industrijskom-stilu-s-kotacicima\/\",\"url\":\"https:\/\/inti.hr\/sr\/proizvod\/ormar-za-dokumente-u-industrijskom-stilu-s-kotacicima\/\",\"name\":\"Ormar za dokumente u industrijskom stilu s kota\u010di\u0107ima - Inti\",\"isPartOf\":{\"@id\":\"https:\/\/inti.hr\/sr\/#website\"},\"primaryImageOfPage\":{\"@id\":\"https:\/\/inti.hr\/sr\/proizvod\/ormar-za-dokumente-u-industrijskom-stilu-s-kotacicima\/#primaryimage\"},\"image\":{\"@id\":\"https:\/\/inti.hr\/sr\/proizvod\/ormar-za-dokumente-u-industrijskom-stilu-s-kotacicima\/#primaryimage\"},\"thumbnailUrl\":\"https:\/\/i0.wp.com\/inti.hr\/wp-content\/uploads\/2022\/08\/OFC041B01-2.jpg?fit=750%2C750&ssl=1\",\"datePublished\":\"2022-08-23T11:21:42+00:00\",\"dateModified\":\"2022-08-23T11:21:42+00:00\",\"description\":\"Ova mobilna jedinica za pohranu je \u0161ik rje\u0161enje za rastere\u0107enje va\u0161eg radnog prostora. \u00a03 ladice, od kojih 1 ima vise\u0107u fasciklu za dokumente formata A4 i letter, 2 pretinca s podesivom policom za knjige.\u00a0\u0160to drugo?\u00a0Velika polica na vrhu savr\u0161ena je za va\u0161 pisa\u010d. Ovaj uredski ormari\u0107 opremljen je s 5 kota\u010di\u0107a za te\u0161ke uvjete rada (od kojih se 2 mogu zaklju\u010dati) tako da ga mo\u017eete lako kotrljati naprijed-natrag \u010dak i kad je potpuno napunjen.\u00a0Mali pomaga\u010d koji vam olak\u0161ava svakodnevni \u017eivot!\",\"breadcrumb\":{\"@id\":\"https:\/\/inti.hr\/sr\/proizvod\/ormar-za-dokumente-u-industrijskom-stilu-s-kotacicima\/#breadcrumb\"},\"inLanguage\":\"sr-RS\",\"potentialAction\":[{\"@type\":\"ReadAction\",\"target\":[\"https:\/\/inti.hr\/sr\/proizvod\/ormar-za-dokumente-u-industrijskom-stilu-s-kotacicima\/\"]}]},{\"@type\":\"ImageObject\",\"inLanguage\":\"sr-RS\",\"@id\":\"https:\/\/inti.hr\/sr\/proizvod\/ormar-za-dokumente-u-industrijskom-stilu-s-kotacicima\/#primaryimage\",\"url\":\"https:\/\/i0.wp.com\/inti.hr\/wp-content\/uploads\/2022\/08\/OFC041B01-2.jpg?fit=750%2C750&ssl=1\",\"contentUrl\":\"https:\/\/i0.wp.com\/inti.hr\/wp-content\/uploads\/2022\/08\/OFC041B01-2.jpg?fit=750%2C750&ssl=1\",\"width\":750,\"height\":750},{\"@type\":\"BreadcrumbList\",\"@id\":\"https:\/\/inti.hr\/sr\/proizvod\/ormar-za-dokumente-u-industrijskom-stilu-s-kotacicima\/#breadcrumb\",\"itemListElement\":[{\"@type\":\"ListItem\",\"position\":1,\"name\":\"Po\u010detna stranica\",\"item\":\"https:\/\/inti.hr\/sr\/\"},{\"@type\":\"ListItem\",\"position\":2,\"name\":\"Prodavnica\",\"item\":\"https:\/\/inti.hr\/sr\/prodavnica\/\"},{\"@type\":\"ListItem\",\"position\":3,\"name\":\"Ormar za dokumente u industrijskom stilu s kota\u010di\u0107ima\"}]},{\"@type\":\"WebSite\",\"@id\":\"https:\/\/inti.hr\/sr\/#website\",\"url\":\"https:\/\/inti.hr\/sr\/\",\"name\":\"Inti\",\"description\":\"trgovina\",\"potentialAction\":[{\"@type\":\"SearchAction\",\"target\":{\"@type\":\"EntryPoint\",\"urlTemplate\":\"https:\/\/inti.hr\/sr\/?s={search_term_string}\"},\"query-input\":{\"@type\":\"PropertyValueSpecification\",\"valueRequired\":true,\"valueName\":\"search_term_string\"}}],\"inLanguage\":\"sr-RS\"}]}<\/script>\n<!-- \/ Yoast SEO plugin. -->","yoast_head_json":{"title":"Ormar za dokumente u industrijskom stilu s kota\u010di\u0107ima - Inti","description":"Ova mobilna jedinica za pohranu je \u0161ik rje\u0161enje za rastere\u0107enje va\u0161eg radnog prostora. \u00a03 ladice, od kojih 1 ima vise\u0107u fasciklu za dokumente formata A4 i letter, 2 pretinca s podesivom policom za knjige.\u00a0\u0160to drugo?\u00a0Velika polica na vrhu savr\u0161ena je za va\u0161 pisa\u010d. Ovaj uredski ormari\u0107 opremljen je s 5 kota\u010di\u0107a za te\u0161ke uvjete rada (od kojih se 2 mogu zaklju\u010dati) tako da ga mo\u017eete lako kotrljati naprijed-natrag \u010dak i kad je potpuno napunjen.\u00a0Mali pomaga\u010d koji vam olak\u0161ava svakodnevni \u017eivot!","robots":{"index":"index","follow":"follow","max-snippet":"max-snippet:-1","max-image-preview":"max-image-preview:large","max-video-preview":"max-video-preview:-1"},"canonical":"https:\/\/inti.hr\/sr\/proizvod\/ormar-za-dokumente-u-industrijskom-stilu-s-kotacicima\/","og_locale":"sr_RS","og_type":"article","og_title":"Ormar za dokumente u industrijskom stilu s kota\u010di\u0107ima - Inti","og_description":"Ova mobilna jedinica za pohranu je \u0161ik rje\u0161enje za rastere\u0107enje va\u0161eg radnog prostora. \u00a03 ladice, od kojih 1 ima vise\u0107u fasciklu za dokumente formata A4 i letter, 2 pretinca s podesivom policom za knjige.\u00a0\u0160to drugo?\u00a0Velika polica na vrhu savr\u0161ena je za va\u0161 pisa\u010d. Ovaj uredski ormari\u0107 opremljen je s 5 kota\u010di\u0107a za te\u0161ke uvjete rada (od kojih se 2 mogu zaklju\u010dati) tako da ga mo\u017eete lako kotrljati naprijed-natrag \u010dak i kad je potpuno napunjen.\u00a0Mali pomaga\u010d koji vam olak\u0161ava svakodnevni \u017eivot!","og_url":"https:\/\/inti.hr\/sr\/proizvod\/ormar-za-dokumente-u-industrijskom-stilu-s-kotacicima\/","og_site_name":"Inti","og_image":[{"width":750,"height":750,"url":"https:\/\/i0.wp.com\/inti.hr\/wp-content\/uploads\/2022\/08\/OFC041B01-2.jpg?fit=750%2C750&ssl=1","type":"image\/jpeg"}],"twitter_card":"summary_large_image","schema":{"@context":"https:\/\/schema.org","@graph":[{"@type":"WebPage","@id":"https:\/\/inti.hr\/sr\/proizvod\/ormar-za-dokumente-u-industrijskom-stilu-s-kotacicima\/","url":"https:\/\/inti.hr\/sr\/proizvod\/ormar-za-dokumente-u-industrijskom-stilu-s-kotacicima\/","name":"Ormar za dokumente u industrijskom stilu s kota\u010di\u0107ima - Inti","isPartOf":{"@id":"https:\/\/inti.hr\/sr\/#website"},"primaryImageOfPage":{"@id":"https:\/\/inti.hr\/sr\/proizvod\/ormar-za-dokumente-u-industrijskom-stilu-s-kotacicima\/#primaryimage"},"image":{"@id":"https:\/\/inti.hr\/sr\/proizvod\/ormar-za-dokumente-u-industrijskom-stilu-s-kotacicima\/#primaryimage"},"thumbnailUrl":"https:\/\/i0.wp.com\/inti.hr\/wp-content\/uploads\/2022\/08\/OFC041B01-2.jpg?fit=750%2C750&ssl=1","datePublished":"2022-08-23T11:21:42+00:00","dateModified":"2022-08-23T11:21:42+00:00","description":"Ova mobilna jedinica za pohranu je \u0161ik rje\u0161enje za rastere\u0107enje va\u0161eg radnog prostora. \u00a03 ladice, od kojih 1 ima vise\u0107u fasciklu za dokumente formata A4 i letter, 2 pretinca s podesivom policom za knjige.\u00a0\u0160to drugo?\u00a0Velika polica na vrhu savr\u0161ena je za va\u0161 pisa\u010d. Ovaj uredski ormari\u0107 opremljen je s 5 kota\u010di\u0107a za te\u0161ke uvjete rada (od kojih se 2 mogu zaklju\u010dati) tako da ga mo\u017eete lako kotrljati naprijed-natrag \u010dak i kad je potpuno napunjen.\u00a0Mali pomaga\u010d koji vam olak\u0161ava svakodnevni \u017eivot!","breadcrumb":{"@id":"https:\/\/inti.hr\/sr\/proizvod\/ormar-za-dokumente-u-industrijskom-stilu-s-kotacicima\/#breadcrumb"},"inLanguage":"sr-RS","potentialAction":[{"@type":"ReadAction","target":["https:\/\/inti.hr\/sr\/proizvod\/ormar-za-dokumente-u-industrijskom-stilu-s-kotacicima\/"]}]},{"@type":"ImageObject","inLanguage":"sr-RS","@id":"https:\/\/inti.hr\/sr\/proizvod\/ormar-za-dokumente-u-industrijskom-stilu-s-kotacicima\/#primaryimage","url":"https:\/\/i0.wp.com\/inti.hr\/wp-content\/uploads\/2022\/08\/OFC041B01-2.jpg?fit=750%2C750&ssl=1","contentUrl":"https:\/\/i0.wp.com\/inti.hr\/wp-content\/uploads\/2022\/08\/OFC041B01-2.jpg?fit=750%2C750&ssl=1","width":750,"height":750},{"@type":"BreadcrumbList","@id":"https:\/\/inti.hr\/sr\/proizvod\/ormar-za-dokumente-u-industrijskom-stilu-s-kotacicima\/#breadcrumb","itemListElement":[{"@type":"ListItem","position":1,"name":"Po\u010detna stranica","item":"https:\/\/inti.hr\/sr\/"},{"@type":"ListItem","position":2,"name":"Prodavnica","item":"https:\/\/inti.hr\/sr\/prodavnica\/"},{"@type":"ListItem","position":3,"name":"Ormar za dokumente u industrijskom stilu s kota\u010di\u0107ima"}]},{"@type":"WebSite","@id":"https:\/\/inti.hr\/sr\/#website","url":"https:\/\/inti.hr\/sr\/","name":"Inti","description":"trgovina","potentialAction":[{"@type":"SearchAction","target":{"@type":"EntryPoint","urlTemplate":"https:\/\/inti.hr\/sr\/?s={search_term_string}"},"query-input":{"@type":"PropertyValueSpecification","valueRequired":true,"valueName":"search_term_string"}}],"inLanguage":"sr-RS"}]}},"jetpack_sharing_enabled":true,"jetpack-related-posts":[],"_links":{"self":[{"href":"https:\/\/inti.hr\/sr\/wp-json\/wp\/v2\/product\/33733"}],"collection":[{"href":"https:\/\/inti.hr\/sr\/wp-json\/wp\/v2\/product"}],"about":[{"href":"https:\/\/inti.hr\/sr\/wp-json\/wp\/v2\/types\/product"}],"wp:featuredmedia":[{"embeddable":true,"href":"https:\/\/inti.hr\/sr\/wp-json\/wp\/v2\/media\/33734"}],"wp:attachment":[{"href":"https:\/\/inti.hr\/sr\/wp-json\/wp\/v2\/media?parent=33733"}],"wp:term":[{"taxonomy":"product_cat","embeddable":true,"href":"https:\/\/inti.hr\/sr\/wp-json\/wp\/v2\/product_cat?post=33733"},{"taxonomy":"product_tag","embeddable":true,"href":"https:\/\/inti.hr\/sr\/wp-json\/wp\/v2\/product_tag?post=33733"}],"curies":[{"name":"wp","href":"https:\/\/api.w.org\/{rel}","templated":true}]}}