{"id":33745,"date":"2022-08-23T10:04:59","date_gmt":"2022-08-23T10:04:59","guid":{"rendered":"https:\/\/inti.hr\/product\/uredska-stolica-s-podesivim-naslonima-za-ruke-crna\/"},"modified":"2022-08-23T10:04:59","modified_gmt":"2022-08-23T10:04:59","slug":"uredska-stolica-s-podesivim-naslonima-za-ruke-crna","status":"publish","type":"product","link":"https:\/\/inti.hr\/sr\/proizvod\/uredska-stolica-s-podesivim-naslonima-za-ruke-crna\/","title":{"rendered":"Uredska stolica s podesivim naslonima za ruke crna"},"content":{"rendered":"<div class=\"left\">\n<ul>\n<li><b>Detalji o proizvodu:<\/b>Crna boja\n<p>Materijal: \u010delik, najlonski kota\u010di, poliester, pjena<\/p>\n<p>Ukupna veli\u010dina: 64 x 62 x (117-127) cm (D x \u0160 x V)<\/p>\n<p>Visina sjedala: 43-53 cm<\/p>\n<p>Dimenzije sjedala: 52 x 50 cm (D x \u0160)<\/p>\n<p>Dimenzije naslona: 47,5 x 74 cm (D x V)<\/p>\n<p>Visina naslona za ruke (od sjedala): 25 cm<\/p>\n<p>Te\u017eina: 11,5 kg<\/p>\n<p>Maksimalno stati\u010dko optere\u0107enje: 120 kg<\/li>\n<\/ul>\n<\/div>\n","protected":false},"excerpt":{"rendered":"<p>Ergonomski dizajn, prozra\u010dni mre\u017easti naslon, udobno sjedalo (debljina: 7 cm) i &#8230; <\/p>\n","protected":false},"featured_media":33746,"template":"","meta":[],"product_cat":[2440],"product_tag":[3844,3845,2795,2833],"yoast_head":"<!-- This site is optimized with the Yoast SEO plugin v23.7 - https:\/\/yoast.com\/wordpress\/plugins\/seo\/ -->\n<title>Uredska stolica s podesivim naslonima za ruke crna - Inti<\/title>\n<meta name=\"description\" content=\"Ergonomski dizajn, prozra\u010dni mre\u017easti naslon, udobno sjedalo (debljina: 7 cm) i podstavljena lumbalna potpora pru\u017eaju veliku udobnost. Naslon za glavu je podesiv po kutu i visini za udobnu podr\u0161ku va\u0161em vratu i glavi u svakom trenutku.\u00a0Sjedalo je podesivo po visini za razli\u010dite veli\u010dine tijela, a podstavljena lumbalna potpora tako\u0111er je podesiva. Podstavljeni nasloni za ruke udobno podupiru va\u0161e ruke.\u00a0Osim toga, mo\u017eete preklopiti naslone za ruke i gurnuti uredsku stolicu ispod stola, tada \u0107ete imati vi\u0161e prostora za rastezanje nakon posla. Zahvaljuju\u0107i visokokvalitetnom plinskom cilindru, stabilnoj podlozi i robusnim kota\u010dima, ova gaming stolica mo\u017ee se opteretiti do 120 kg.\" \/>\n<meta name=\"robots\" content=\"index, follow, max-snippet:-1, max-image-preview:large, max-video-preview:-1\" \/>\n<link rel=\"canonical\" href=\"https:\/\/inti.hr\/sr\/proizvod\/uredska-stolica-s-podesivim-naslonima-za-ruke-crna\/\" \/>\n<meta property=\"og:locale\" content=\"sr_RS\" \/>\n<meta property=\"og:type\" content=\"article\" \/>\n<meta property=\"og:title\" content=\"Uredska stolica s podesivim naslonima za ruke crna - Inti\" \/>\n<meta property=\"og:description\" content=\"Ergonomski dizajn, prozra\u010dni mre\u017easti naslon, udobno sjedalo (debljina: 7 cm) i podstavljena lumbalna potpora pru\u017eaju veliku udobnost. Naslon za glavu je podesiv po kutu i visini za udobnu podr\u0161ku va\u0161em vratu i glavi u svakom trenutku.\u00a0Sjedalo je podesivo po visini za razli\u010dite veli\u010dine tijela, a podstavljena lumbalna potpora tako\u0111er je podesiva. Podstavljeni nasloni za ruke udobno podupiru va\u0161e ruke.\u00a0Osim toga, mo\u017eete preklopiti naslone za ruke i gurnuti uredsku stolicu ispod stola, tada \u0107ete imati vi\u0161e prostora za rastezanje nakon posla. Zahvaljuju\u0107i visokokvalitetnom plinskom cilindru, stabilnoj podlozi i robusnim kota\u010dima, ova gaming stolica mo\u017ee se opteretiti do 120 kg.\" \/>\n<meta property=\"og:url\" content=\"https:\/\/inti.hr\/sr\/proizvod\/uredska-stolica-s-podesivim-naslonima-za-ruke-crna\/\" \/>\n<meta property=\"og:site_name\" content=\"Inti\" \/>\n<meta property=\"og:image\" content=\"https:\/\/i0.wp.com\/inti.hr\/wp-content\/uploads\/2022\/08\/OBN087B01-2.jpg?fit=750%2C750&ssl=1\" \/>\n\t<meta property=\"og:image:width\" content=\"750\" \/>\n\t<meta property=\"og:image:height\" content=\"750\" \/>\n\t<meta property=\"og:image:type\" content=\"image\/jpeg\" \/>\n<meta name=\"twitter:card\" content=\"summary_large_image\" \/>\n<script type=\"application\/ld+json\" class=\"yoast-schema-graph\">{\"@context\":\"https:\/\/schema.org\",\"@graph\":[{\"@type\":\"WebPage\",\"@id\":\"https:\/\/inti.hr\/sr\/proizvod\/uredska-stolica-s-podesivim-naslonima-za-ruke-crna\/\",\"url\":\"https:\/\/inti.hr\/sr\/proizvod\/uredska-stolica-s-podesivim-naslonima-za-ruke-crna\/\",\"name\":\"Uredska stolica s podesivim naslonima za ruke crna - Inti\",\"isPartOf\":{\"@id\":\"https:\/\/inti.hr\/sr\/#website\"},\"primaryImageOfPage\":{\"@id\":\"https:\/\/inti.hr\/sr\/proizvod\/uredska-stolica-s-podesivim-naslonima-za-ruke-crna\/#primaryimage\"},\"image\":{\"@id\":\"https:\/\/inti.hr\/sr\/proizvod\/uredska-stolica-s-podesivim-naslonima-za-ruke-crna\/#primaryimage\"},\"thumbnailUrl\":\"https:\/\/i0.wp.com\/inti.hr\/wp-content\/uploads\/2022\/08\/OBN087B01-2.jpg?fit=750%2C750&ssl=1\",\"datePublished\":\"2022-08-23T10:04:59+00:00\",\"dateModified\":\"2022-08-23T10:04:59+00:00\",\"description\":\"Ergonomski dizajn, prozra\u010dni mre\u017easti naslon, udobno sjedalo (debljina: 7 cm) i podstavljena lumbalna potpora pru\u017eaju veliku udobnost. Naslon za glavu je podesiv po kutu i visini za udobnu podr\u0161ku va\u0161em vratu i glavi u svakom trenutku.\u00a0Sjedalo je podesivo po visini za razli\u010dite veli\u010dine tijela, a podstavljena lumbalna potpora tako\u0111er je podesiva. Podstavljeni nasloni za ruke udobno podupiru va\u0161e ruke.\u00a0Osim toga, mo\u017eete preklopiti naslone za ruke i gurnuti uredsku stolicu ispod stola, tada \u0107ete imati vi\u0161e prostora za rastezanje nakon posla. Zahvaljuju\u0107i visokokvalitetnom plinskom cilindru, stabilnoj podlozi i robusnim kota\u010dima, ova gaming stolica mo\u017ee se opteretiti do 120 kg.\",\"breadcrumb\":{\"@id\":\"https:\/\/inti.hr\/sr\/proizvod\/uredska-stolica-s-podesivim-naslonima-za-ruke-crna\/#breadcrumb\"},\"inLanguage\":\"sr-RS\",\"potentialAction\":[{\"@type\":\"ReadAction\",\"target\":[\"https:\/\/inti.hr\/sr\/proizvod\/uredska-stolica-s-podesivim-naslonima-za-ruke-crna\/\"]}]},{\"@type\":\"ImageObject\",\"inLanguage\":\"sr-RS\",\"@id\":\"https:\/\/inti.hr\/sr\/proizvod\/uredska-stolica-s-podesivim-naslonima-za-ruke-crna\/#primaryimage\",\"url\":\"https:\/\/i0.wp.com\/inti.hr\/wp-content\/uploads\/2022\/08\/OBN087B01-2.jpg?fit=750%2C750&ssl=1\",\"contentUrl\":\"https:\/\/i0.wp.com\/inti.hr\/wp-content\/uploads\/2022\/08\/OBN087B01-2.jpg?fit=750%2C750&ssl=1\",\"width\":750,\"height\":750},{\"@type\":\"BreadcrumbList\",\"@id\":\"https:\/\/inti.hr\/sr\/proizvod\/uredska-stolica-s-podesivim-naslonima-za-ruke-crna\/#breadcrumb\",\"itemListElement\":[{\"@type\":\"ListItem\",\"position\":1,\"name\":\"Po\u010detna stranica\",\"item\":\"https:\/\/inti.hr\/sr\/\"},{\"@type\":\"ListItem\",\"position\":2,\"name\":\"Prodavnica\",\"item\":\"https:\/\/inti.hr\/sr\/prodavnica\/\"},{\"@type\":\"ListItem\",\"position\":3,\"name\":\"Uredska stolica s podesivim naslonima za ruke crna\"}]},{\"@type\":\"WebSite\",\"@id\":\"https:\/\/inti.hr\/sr\/#website\",\"url\":\"https:\/\/inti.hr\/sr\/\",\"name\":\"Inti\",\"description\":\"trgovina\",\"potentialAction\":[{\"@type\":\"SearchAction\",\"target\":{\"@type\":\"EntryPoint\",\"urlTemplate\":\"https:\/\/inti.hr\/sr\/?s={search_term_string}\"},\"query-input\":{\"@type\":\"PropertyValueSpecification\",\"valueRequired\":true,\"valueName\":\"search_term_string\"}}],\"inLanguage\":\"sr-RS\"}]}<\/script>\n<!-- \/ Yoast SEO plugin. -->","yoast_head_json":{"title":"Uredska stolica s podesivim naslonima za ruke crna - Inti","description":"Ergonomski dizajn, prozra\u010dni mre\u017easti naslon, udobno sjedalo (debljina: 7 cm) i podstavljena lumbalna potpora pru\u017eaju veliku udobnost. Naslon za glavu je podesiv po kutu i visini za udobnu podr\u0161ku va\u0161em vratu i glavi u svakom trenutku.\u00a0Sjedalo je podesivo po visini za razli\u010dite veli\u010dine tijela, a podstavljena lumbalna potpora tako\u0111er je podesiva. Podstavljeni nasloni za ruke udobno podupiru va\u0161e ruke.\u00a0Osim toga, mo\u017eete preklopiti naslone za ruke i gurnuti uredsku stolicu ispod stola, tada \u0107ete imati vi\u0161e prostora za rastezanje nakon posla. Zahvaljuju\u0107i visokokvalitetnom plinskom cilindru, stabilnoj podlozi i robusnim kota\u010dima, ova gaming stolica mo\u017ee se opteretiti do 120 kg.","robots":{"index":"index","follow":"follow","max-snippet":"max-snippet:-1","max-image-preview":"max-image-preview:large","max-video-preview":"max-video-preview:-1"},"canonical":"https:\/\/inti.hr\/sr\/proizvod\/uredska-stolica-s-podesivim-naslonima-za-ruke-crna\/","og_locale":"sr_RS","og_type":"article","og_title":"Uredska stolica s podesivim naslonima za ruke crna - Inti","og_description":"Ergonomski dizajn, prozra\u010dni mre\u017easti naslon, udobno sjedalo (debljina: 7 cm) i podstavljena lumbalna potpora pru\u017eaju veliku udobnost. Naslon za glavu je podesiv po kutu i visini za udobnu podr\u0161ku va\u0161em vratu i glavi u svakom trenutku.\u00a0Sjedalo je podesivo po visini za razli\u010dite veli\u010dine tijela, a podstavljena lumbalna potpora tako\u0111er je podesiva. Podstavljeni nasloni za ruke udobno podupiru va\u0161e ruke.\u00a0Osim toga, mo\u017eete preklopiti naslone za ruke i gurnuti uredsku stolicu ispod stola, tada \u0107ete imati vi\u0161e prostora za rastezanje nakon posla. Zahvaljuju\u0107i visokokvalitetnom plinskom cilindru, stabilnoj podlozi i robusnim kota\u010dima, ova gaming stolica mo\u017ee se opteretiti do 120 kg.","og_url":"https:\/\/inti.hr\/sr\/proizvod\/uredska-stolica-s-podesivim-naslonima-za-ruke-crna\/","og_site_name":"Inti","og_image":[{"width":750,"height":750,"url":"https:\/\/i0.wp.com\/inti.hr\/wp-content\/uploads\/2022\/08\/OBN087B01-2.jpg?fit=750%2C750&ssl=1","type":"image\/jpeg"}],"twitter_card":"summary_large_image","schema":{"@context":"https:\/\/schema.org","@graph":[{"@type":"WebPage","@id":"https:\/\/inti.hr\/sr\/proizvod\/uredska-stolica-s-podesivim-naslonima-za-ruke-crna\/","url":"https:\/\/inti.hr\/sr\/proizvod\/uredska-stolica-s-podesivim-naslonima-za-ruke-crna\/","name":"Uredska stolica s podesivim naslonima za ruke crna - Inti","isPartOf":{"@id":"https:\/\/inti.hr\/sr\/#website"},"primaryImageOfPage":{"@id":"https:\/\/inti.hr\/sr\/proizvod\/uredska-stolica-s-podesivim-naslonima-za-ruke-crna\/#primaryimage"},"image":{"@id":"https:\/\/inti.hr\/sr\/proizvod\/uredska-stolica-s-podesivim-naslonima-za-ruke-crna\/#primaryimage"},"thumbnailUrl":"https:\/\/i0.wp.com\/inti.hr\/wp-content\/uploads\/2022\/08\/OBN087B01-2.jpg?fit=750%2C750&ssl=1","datePublished":"2022-08-23T10:04:59+00:00","dateModified":"2022-08-23T10:04:59+00:00","description":"Ergonomski dizajn, prozra\u010dni mre\u017easti naslon, udobno sjedalo (debljina: 7 cm) i podstavljena lumbalna potpora pru\u017eaju veliku udobnost. Naslon za glavu je podesiv po kutu i visini za udobnu podr\u0161ku va\u0161em vratu i glavi u svakom trenutku.\u00a0Sjedalo je podesivo po visini za razli\u010dite veli\u010dine tijela, a podstavljena lumbalna potpora tako\u0111er je podesiva. Podstavljeni nasloni za ruke udobno podupiru va\u0161e ruke.\u00a0Osim toga, mo\u017eete preklopiti naslone za ruke i gurnuti uredsku stolicu ispod stola, tada \u0107ete imati vi\u0161e prostora za rastezanje nakon posla. Zahvaljuju\u0107i visokokvalitetnom plinskom cilindru, stabilnoj podlozi i robusnim kota\u010dima, ova gaming stolica mo\u017ee se opteretiti do 120 kg.","breadcrumb":{"@id":"https:\/\/inti.hr\/sr\/proizvod\/uredska-stolica-s-podesivim-naslonima-za-ruke-crna\/#breadcrumb"},"inLanguage":"sr-RS","potentialAction":[{"@type":"ReadAction","target":["https:\/\/inti.hr\/sr\/proizvod\/uredska-stolica-s-podesivim-naslonima-za-ruke-crna\/"]}]},{"@type":"ImageObject","inLanguage":"sr-RS","@id":"https:\/\/inti.hr\/sr\/proizvod\/uredska-stolica-s-podesivim-naslonima-za-ruke-crna\/#primaryimage","url":"https:\/\/i0.wp.com\/inti.hr\/wp-content\/uploads\/2022\/08\/OBN087B01-2.jpg?fit=750%2C750&ssl=1","contentUrl":"https:\/\/i0.wp.com\/inti.hr\/wp-content\/uploads\/2022\/08\/OBN087B01-2.jpg?fit=750%2C750&ssl=1","width":750,"height":750},{"@type":"BreadcrumbList","@id":"https:\/\/inti.hr\/sr\/proizvod\/uredska-stolica-s-podesivim-naslonima-za-ruke-crna\/#breadcrumb","itemListElement":[{"@type":"ListItem","position":1,"name":"Po\u010detna stranica","item":"https:\/\/inti.hr\/sr\/"},{"@type":"ListItem","position":2,"name":"Prodavnica","item":"https:\/\/inti.hr\/sr\/prodavnica\/"},{"@type":"ListItem","position":3,"name":"Uredska stolica s podesivim naslonima za ruke crna"}]},{"@type":"WebSite","@id":"https:\/\/inti.hr\/sr\/#website","url":"https:\/\/inti.hr\/sr\/","name":"Inti","description":"trgovina","potentialAction":[{"@type":"SearchAction","target":{"@type":"EntryPoint","urlTemplate":"https:\/\/inti.hr\/sr\/?s={search_term_string}"},"query-input":{"@type":"PropertyValueSpecification","valueRequired":true,"valueName":"search_term_string"}}],"inLanguage":"sr-RS"}]}},"jetpack_sharing_enabled":true,"jetpack-related-posts":[],"_links":{"self":[{"href":"https:\/\/inti.hr\/sr\/wp-json\/wp\/v2\/product\/33745"}],"collection":[{"href":"https:\/\/inti.hr\/sr\/wp-json\/wp\/v2\/product"}],"about":[{"href":"https:\/\/inti.hr\/sr\/wp-json\/wp\/v2\/types\/product"}],"wp:featuredmedia":[{"embeddable":true,"href":"https:\/\/inti.hr\/sr\/wp-json\/wp\/v2\/media\/33746"}],"wp:attachment":[{"href":"https:\/\/inti.hr\/sr\/wp-json\/wp\/v2\/media?parent=33745"}],"wp:term":[{"taxonomy":"product_cat","embeddable":true,"href":"https:\/\/inti.hr\/sr\/wp-json\/wp\/v2\/product_cat?post=33745"},{"taxonomy":"product_tag","embeddable":true,"href":"https:\/\/inti.hr\/sr\/wp-json\/wp\/v2\/product_tag?post=33745"}],"curies":[{"name":"wp","href":"https:\/\/api.w.org\/{rel}","templated":true}]}}