{"id":33749,"date":"2022-08-23T06:47:33","date_gmt":"2022-08-23T06:47:33","guid":{"rendered":"https:\/\/inti.hr\/product\/okretna-stolica-s-mrezastim-naslonom\/"},"modified":"2022-08-23T06:47:33","modified_gmt":"2022-08-23T06:47:33","slug":"okretna-stolica-s-mrezastim-naslonom","status":"publish","type":"product","link":"https:\/\/inti.hr\/sr\/proizvod\/okretna-stolica-s-mrezastim-naslonom\/","title":{"rendered":"Okretna stolica s mre\u017eastim naslonom"},"content":{"rendered":"<p><b>Detalji proizvoda:<\/b><br \/>\n<b>Materijal:<\/b><br \/>\n&#8211; navlaka (naslon): poliesterska mre\u017ea &#8211; navlaka<br \/>\n(sjedalo): poliesterska tkanina<br \/>\n&#8211; baza: \u010delik<br \/>\n&#8211; osovina naslona za ruke: metal<\/p>\n<p><b>Dimenzije:<\/b><br \/>\n&#8211; Visina (ukupno): 92-101,5 cm<br \/>\n&#8211; \u0160irina (ukupno): 54 cm<br \/>\n&#8211; Dubina (ukupno): 54 cm<br \/>\n&#8211; Visina sjedala: 43-52,5 cm<br \/>\n&#8211; \u0160irina sjedala (upotrebljiva): 48 cm<br \/>\n&#8211; Dubina sjedala (upotrebljiva ): 50 cm<br \/>\n&#8211; visina naslona za ruke (od sjedala): 19 cm<br \/>\n&#8211; visina naslona: 49 cm<br \/>\n&#8211; \u00d8 kota\u010di\u0107a: 50 mm<br \/>\n&#8211; \u00d8 klina: 11 mm<br \/>\n&#8211; \u00d8 zvjezdaste baze: 60 cm<br \/>\n&#8211; boja: crna<br \/>\n&#8211; bruto te\u017eina: 12,6 kg<br \/>\n&#8211; Maksimalno optere\u0107enje: 150 kg<\/p>\n","protected":false},"excerpt":{"rendered":"<p>Dobra uredska stolica posebno je va\u017ena za ljude koji ve\u0107inu svog &#8230; <\/p>\n","protected":false},"featured_media":33750,"template":"","meta":[],"product_cat":[2440],"product_tag":[3848,3849,2833],"yoast_head":"<!-- This site is optimized with the Yoast SEO plugin v23.7 - https:\/\/yoast.com\/wordpress\/plugins\/seo\/ -->\n<title>Okretna stolica s mre\u017eastim naslonom - Inti<\/title>\n<meta name=\"description\" content=\"Dobra uredska stolica posebno je va\u017ena za ljude koji ve\u0107inu svog uredskog posla obavljaju sjede\u0107i.\u00a0Uredska stolica nudi udobno sjedenje i olak\u0161ava dugoro\u010dnu koncentraciju na posao. Prilikom naginjanja, sjedalo se uvijek naginje zajedno s njim zahvaljuju\u0107i mehanizmu za ljuljanje, a kut izme\u0111u naslona i sjedala ostaje konstantan, tako da jo\u0161 uvijek mo\u017eete rasteretiti le\u0111a dok radite.\u00a0Ako dugo sjedite u uredu, posebno ljeti, mre\u017easta navlaka ima ugodno rashla\u0111uju\u0107i u\u010dinak i va\u0161a se ko\u0161ulja vi\u0161e ne lijepi za tijelo.\" \/>\n<meta name=\"robots\" content=\"index, follow, max-snippet:-1, max-image-preview:large, max-video-preview:-1\" \/>\n<link rel=\"canonical\" href=\"https:\/\/inti.hr\/sr\/proizvod\/okretna-stolica-s-mrezastim-naslonom\/\" \/>\n<meta property=\"og:locale\" content=\"sr_RS\" \/>\n<meta property=\"og:type\" content=\"article\" \/>\n<meta property=\"og:title\" content=\"Okretna stolica s mre\u017eastim naslonom - Inti\" \/>\n<meta property=\"og:description\" content=\"Dobra uredska stolica posebno je va\u017ena za ljude koji ve\u0107inu svog uredskog posla obavljaju sjede\u0107i.\u00a0Uredska stolica nudi udobno sjedenje i olak\u0161ava dugoro\u010dnu koncentraciju na posao. Prilikom naginjanja, sjedalo se uvijek naginje zajedno s njim zahvaljuju\u0107i mehanizmu za ljuljanje, a kut izme\u0111u naslona i sjedala ostaje konstantan, tako da jo\u0161 uvijek mo\u017eete rasteretiti le\u0111a dok radite.\u00a0Ako dugo sjedite u uredu, posebno ljeti, mre\u017easta navlaka ima ugodno rashla\u0111uju\u0107i u\u010dinak i va\u0161a se ko\u0161ulja vi\u0161e ne lijepi za tijelo.\" \/>\n<meta property=\"og:url\" content=\"https:\/\/inti.hr\/sr\/proizvod\/okretna-stolica-s-mrezastim-naslonom\/\" \/>\n<meta property=\"og:site_name\" content=\"Inti\" \/>\n<meta property=\"og:image\" content=\"https:\/\/i0.wp.com\/inti.hr\/wp-content\/uploads\/2022\/08\/Drehstuhl-mit-Netzruecken-OBN83B-3.jpg?fit=750%2C750&ssl=1\" \/>\n\t<meta property=\"og:image:width\" content=\"750\" \/>\n\t<meta property=\"og:image:height\" content=\"750\" \/>\n\t<meta property=\"og:image:type\" content=\"image\/jpeg\" \/>\n<meta name=\"twitter:card\" content=\"summary_large_image\" \/>\n<script type=\"application\/ld+json\" class=\"yoast-schema-graph\">{\"@context\":\"https:\/\/schema.org\",\"@graph\":[{\"@type\":\"WebPage\",\"@id\":\"https:\/\/inti.hr\/sr\/proizvod\/okretna-stolica-s-mrezastim-naslonom\/\",\"url\":\"https:\/\/inti.hr\/sr\/proizvod\/okretna-stolica-s-mrezastim-naslonom\/\",\"name\":\"Okretna stolica s mre\u017eastim naslonom - Inti\",\"isPartOf\":{\"@id\":\"https:\/\/inti.hr\/sr\/#website\"},\"primaryImageOfPage\":{\"@id\":\"https:\/\/inti.hr\/sr\/proizvod\/okretna-stolica-s-mrezastim-naslonom\/#primaryimage\"},\"image\":{\"@id\":\"https:\/\/inti.hr\/sr\/proizvod\/okretna-stolica-s-mrezastim-naslonom\/#primaryimage\"},\"thumbnailUrl\":\"https:\/\/i0.wp.com\/inti.hr\/wp-content\/uploads\/2022\/08\/Drehstuhl-mit-Netzruecken-OBN83B-3.jpg?fit=750%2C750&ssl=1\",\"datePublished\":\"2022-08-23T06:47:33+00:00\",\"dateModified\":\"2022-08-23T06:47:33+00:00\",\"description\":\"Dobra uredska stolica posebno je va\u017ena za ljude koji ve\u0107inu svog uredskog posla obavljaju sjede\u0107i.\u00a0Uredska stolica nudi udobno sjedenje i olak\u0161ava dugoro\u010dnu koncentraciju na posao. Prilikom naginjanja, sjedalo se uvijek naginje zajedno s njim zahvaljuju\u0107i mehanizmu za ljuljanje, a kut izme\u0111u naslona i sjedala ostaje konstantan, tako da jo\u0161 uvijek mo\u017eete rasteretiti le\u0111a dok radite.\u00a0Ako dugo sjedite u uredu, posebno ljeti, mre\u017easta navlaka ima ugodno rashla\u0111uju\u0107i u\u010dinak i va\u0161a se ko\u0161ulja vi\u0161e ne lijepi za tijelo.\",\"breadcrumb\":{\"@id\":\"https:\/\/inti.hr\/sr\/proizvod\/okretna-stolica-s-mrezastim-naslonom\/#breadcrumb\"},\"inLanguage\":\"sr-RS\",\"potentialAction\":[{\"@type\":\"ReadAction\",\"target\":[\"https:\/\/inti.hr\/sr\/proizvod\/okretna-stolica-s-mrezastim-naslonom\/\"]}]},{\"@type\":\"ImageObject\",\"inLanguage\":\"sr-RS\",\"@id\":\"https:\/\/inti.hr\/sr\/proizvod\/okretna-stolica-s-mrezastim-naslonom\/#primaryimage\",\"url\":\"https:\/\/i0.wp.com\/inti.hr\/wp-content\/uploads\/2022\/08\/Drehstuhl-mit-Netzruecken-OBN83B-3.jpg?fit=750%2C750&ssl=1\",\"contentUrl\":\"https:\/\/i0.wp.com\/inti.hr\/wp-content\/uploads\/2022\/08\/Drehstuhl-mit-Netzruecken-OBN83B-3.jpg?fit=750%2C750&ssl=1\",\"width\":750,\"height\":750},{\"@type\":\"BreadcrumbList\",\"@id\":\"https:\/\/inti.hr\/sr\/proizvod\/okretna-stolica-s-mrezastim-naslonom\/#breadcrumb\",\"itemListElement\":[{\"@type\":\"ListItem\",\"position\":1,\"name\":\"Po\u010detna stranica\",\"item\":\"https:\/\/inti.hr\/sr\/\"},{\"@type\":\"ListItem\",\"position\":2,\"name\":\"Prodavnica\",\"item\":\"https:\/\/inti.hr\/sr\/prodavnica\/\"},{\"@type\":\"ListItem\",\"position\":3,\"name\":\"Okretna stolica s mre\u017eastim naslonom\"}]},{\"@type\":\"WebSite\",\"@id\":\"https:\/\/inti.hr\/sr\/#website\",\"url\":\"https:\/\/inti.hr\/sr\/\",\"name\":\"Inti\",\"description\":\"trgovina\",\"potentialAction\":[{\"@type\":\"SearchAction\",\"target\":{\"@type\":\"EntryPoint\",\"urlTemplate\":\"https:\/\/inti.hr\/sr\/?s={search_term_string}\"},\"query-input\":{\"@type\":\"PropertyValueSpecification\",\"valueRequired\":true,\"valueName\":\"search_term_string\"}}],\"inLanguage\":\"sr-RS\"}]}<\/script>\n<!-- \/ Yoast SEO plugin. -->","yoast_head_json":{"title":"Okretna stolica s mre\u017eastim naslonom - Inti","description":"Dobra uredska stolica posebno je va\u017ena za ljude koji ve\u0107inu svog uredskog posla obavljaju sjede\u0107i.\u00a0Uredska stolica nudi udobno sjedenje i olak\u0161ava dugoro\u010dnu koncentraciju na posao. Prilikom naginjanja, sjedalo se uvijek naginje zajedno s njim zahvaljuju\u0107i mehanizmu za ljuljanje, a kut izme\u0111u naslona i sjedala ostaje konstantan, tako da jo\u0161 uvijek mo\u017eete rasteretiti le\u0111a dok radite.\u00a0Ako dugo sjedite u uredu, posebno ljeti, mre\u017easta navlaka ima ugodno rashla\u0111uju\u0107i u\u010dinak i va\u0161a se ko\u0161ulja vi\u0161e ne lijepi za tijelo.","robots":{"index":"index","follow":"follow","max-snippet":"max-snippet:-1","max-image-preview":"max-image-preview:large","max-video-preview":"max-video-preview:-1"},"canonical":"https:\/\/inti.hr\/sr\/proizvod\/okretna-stolica-s-mrezastim-naslonom\/","og_locale":"sr_RS","og_type":"article","og_title":"Okretna stolica s mre\u017eastim naslonom - Inti","og_description":"Dobra uredska stolica posebno je va\u017ena za ljude koji ve\u0107inu svog uredskog posla obavljaju sjede\u0107i.\u00a0Uredska stolica nudi udobno sjedenje i olak\u0161ava dugoro\u010dnu koncentraciju na posao. Prilikom naginjanja, sjedalo se uvijek naginje zajedno s njim zahvaljuju\u0107i mehanizmu za ljuljanje, a kut izme\u0111u naslona i sjedala ostaje konstantan, tako da jo\u0161 uvijek mo\u017eete rasteretiti le\u0111a dok radite.\u00a0Ako dugo sjedite u uredu, posebno ljeti, mre\u017easta navlaka ima ugodno rashla\u0111uju\u0107i u\u010dinak i va\u0161a se ko\u0161ulja vi\u0161e ne lijepi za tijelo.","og_url":"https:\/\/inti.hr\/sr\/proizvod\/okretna-stolica-s-mrezastim-naslonom\/","og_site_name":"Inti","og_image":[{"width":750,"height":750,"url":"https:\/\/i0.wp.com\/inti.hr\/wp-content\/uploads\/2022\/08\/Drehstuhl-mit-Netzruecken-OBN83B-3.jpg?fit=750%2C750&ssl=1","type":"image\/jpeg"}],"twitter_card":"summary_large_image","schema":{"@context":"https:\/\/schema.org","@graph":[{"@type":"WebPage","@id":"https:\/\/inti.hr\/sr\/proizvod\/okretna-stolica-s-mrezastim-naslonom\/","url":"https:\/\/inti.hr\/sr\/proizvod\/okretna-stolica-s-mrezastim-naslonom\/","name":"Okretna stolica s mre\u017eastim naslonom - Inti","isPartOf":{"@id":"https:\/\/inti.hr\/sr\/#website"},"primaryImageOfPage":{"@id":"https:\/\/inti.hr\/sr\/proizvod\/okretna-stolica-s-mrezastim-naslonom\/#primaryimage"},"image":{"@id":"https:\/\/inti.hr\/sr\/proizvod\/okretna-stolica-s-mrezastim-naslonom\/#primaryimage"},"thumbnailUrl":"https:\/\/i0.wp.com\/inti.hr\/wp-content\/uploads\/2022\/08\/Drehstuhl-mit-Netzruecken-OBN83B-3.jpg?fit=750%2C750&ssl=1","datePublished":"2022-08-23T06:47:33+00:00","dateModified":"2022-08-23T06:47:33+00:00","description":"Dobra uredska stolica posebno je va\u017ena za ljude koji ve\u0107inu svog uredskog posla obavljaju sjede\u0107i.\u00a0Uredska stolica nudi udobno sjedenje i olak\u0161ava dugoro\u010dnu koncentraciju na posao. Prilikom naginjanja, sjedalo se uvijek naginje zajedno s njim zahvaljuju\u0107i mehanizmu za ljuljanje, a kut izme\u0111u naslona i sjedala ostaje konstantan, tako da jo\u0161 uvijek mo\u017eete rasteretiti le\u0111a dok radite.\u00a0Ako dugo sjedite u uredu, posebno ljeti, mre\u017easta navlaka ima ugodno rashla\u0111uju\u0107i u\u010dinak i va\u0161a se ko\u0161ulja vi\u0161e ne lijepi za tijelo.","breadcrumb":{"@id":"https:\/\/inti.hr\/sr\/proizvod\/okretna-stolica-s-mrezastim-naslonom\/#breadcrumb"},"inLanguage":"sr-RS","potentialAction":[{"@type":"ReadAction","target":["https:\/\/inti.hr\/sr\/proizvod\/okretna-stolica-s-mrezastim-naslonom\/"]}]},{"@type":"ImageObject","inLanguage":"sr-RS","@id":"https:\/\/inti.hr\/sr\/proizvod\/okretna-stolica-s-mrezastim-naslonom\/#primaryimage","url":"https:\/\/i0.wp.com\/inti.hr\/wp-content\/uploads\/2022\/08\/Drehstuhl-mit-Netzruecken-OBN83B-3.jpg?fit=750%2C750&ssl=1","contentUrl":"https:\/\/i0.wp.com\/inti.hr\/wp-content\/uploads\/2022\/08\/Drehstuhl-mit-Netzruecken-OBN83B-3.jpg?fit=750%2C750&ssl=1","width":750,"height":750},{"@type":"BreadcrumbList","@id":"https:\/\/inti.hr\/sr\/proizvod\/okretna-stolica-s-mrezastim-naslonom\/#breadcrumb","itemListElement":[{"@type":"ListItem","position":1,"name":"Po\u010detna stranica","item":"https:\/\/inti.hr\/sr\/"},{"@type":"ListItem","position":2,"name":"Prodavnica","item":"https:\/\/inti.hr\/sr\/prodavnica\/"},{"@type":"ListItem","position":3,"name":"Okretna stolica s mre\u017eastim naslonom"}]},{"@type":"WebSite","@id":"https:\/\/inti.hr\/sr\/#website","url":"https:\/\/inti.hr\/sr\/","name":"Inti","description":"trgovina","potentialAction":[{"@type":"SearchAction","target":{"@type":"EntryPoint","urlTemplate":"https:\/\/inti.hr\/sr\/?s={search_term_string}"},"query-input":{"@type":"PropertyValueSpecification","valueRequired":true,"valueName":"search_term_string"}}],"inLanguage":"sr-RS"}]}},"jetpack_sharing_enabled":true,"jetpack-related-posts":[],"_links":{"self":[{"href":"https:\/\/inti.hr\/sr\/wp-json\/wp\/v2\/product\/33749"}],"collection":[{"href":"https:\/\/inti.hr\/sr\/wp-json\/wp\/v2\/product"}],"about":[{"href":"https:\/\/inti.hr\/sr\/wp-json\/wp\/v2\/types\/product"}],"wp:featuredmedia":[{"embeddable":true,"href":"https:\/\/inti.hr\/sr\/wp-json\/wp\/v2\/media\/33750"}],"wp:attachment":[{"href":"https:\/\/inti.hr\/sr\/wp-json\/wp\/v2\/media?parent=33749"}],"wp:term":[{"taxonomy":"product_cat","embeddable":true,"href":"https:\/\/inti.hr\/sr\/wp-json\/wp\/v2\/product_cat?post=33749"},{"taxonomy":"product_tag","embeddable":true,"href":"https:\/\/inti.hr\/sr\/wp-json\/wp\/v2\/product_tag?post=33749"}],"curies":[{"name":"wp","href":"https:\/\/api.w.org\/{rel}","templated":true}]}}