{"id":33757,"date":"2022-08-18T10:58:00","date_gmt":"2022-08-18T10:58:00","guid":{"rendered":"https:\/\/inti.hr\/product\/whiteboard-djecja-kutija-za-igracke\/"},"modified":"2022-08-18T10:58:00","modified_gmt":"2022-08-18T10:58:00","slug":"whiteboard-djecja-kutija-za-igracke","status":"publish","type":"product","link":"https:\/\/inti.hr\/sr\/proizvod\/whiteboard-djecja-kutija-za-igracke\/","title":{"rendered":"Whiteboard dje\u010dja kutija za igra\u010dke"},"content":{"rendered":"<p>Detalji proizvoda:<\/p>\n<ul>\n<li>Materijal: MDF, s otpornim bijelim i zelenim melaminskim premazom, netkana ko\u0161ara<\/li>\n<li>\u0160irina: 86 cm, Visina: 90 cm, Dubina: 25 cm, Maksimalna nosivost: 30 kg, Te\u017eina 15 kg,<\/li>\n<li>Gornja veli\u010dina: \u016076 * D21 cm, Veli\u010dina plo\u010de: \u016076 * V30 cm<\/li>\n<li>Svi uglovi su okrugli, ne o\u0161te\u0107uju nje\u017enu bebinu ko\u017eu i smanjuju mogu\u0107nost nezgode.<\/li>\n<\/ul>\n","protected":false},"excerpt":{"rendered":"<p>Moderan dizajn, jednostavan, ali prakti\u010dan. Organizirajte knjige i igra\u010dke odvojeno kako &#8230; <\/p>\n","protected":false},"featured_media":33758,"template":"","meta":[],"product_cat":[2411],"product_tag":[3007,2413,3851],"yoast_head":"<!-- This site is optimized with the Yoast SEO plugin v23.7 - https:\/\/yoast.com\/wordpress\/plugins\/seo\/ -->\n<title>Whiteboard dje\u010dja kutija za igra\u010dke - Inti<\/title>\n<meta name=\"description\" content=\"Moderan dizajn, jednostavan, ali prakti\u010dan. Organizirajte knjige i igra\u010dke odvojeno kako biste zadovoljili razli\u010dite potrebe djece i roditelja. Ova plo\u010da dovodi \u0161kolu izravno u spava\u0107u sobu, igraju\u0107i se! S ovom izvanrednom plo\u010dom va\u0161e se dijete mo\u017ee zabaviti i dati odu\u0161ka svojoj kreativnosti.1 polica i kocka su za odlaganje. Razumno dijele prostor, a omiljene dje\u010dje knjige i igra\u010dke skupljaju odvojeno. S velikim prostorom mo\u017eete pohraniti mnoge stvari u knji\u017enicu, ne samo knjige, ve\u0107 i dokumente, bilje\u017enice, odje\u0107u, novine, diskove itd. Na polici se nalazi \u0161ipka od borovine koja \u0161titi knjige od pada. Ko\u0161ara od netkanog materijala je lagana i jednostavna za kori\u0161tenje, pogodna za spremanje igra\u010daka i lutaka. Svi uglovi su okrugli, ne o\u0161te\u0107uju nje\u017enu bebinu ko\u017eu i smanjuju mogu\u0107nost nezgode.\" \/>\n<meta name=\"robots\" content=\"index, follow, max-snippet:-1, max-image-preview:large, max-video-preview:-1\" \/>\n<link rel=\"canonical\" href=\"https:\/\/inti.hr\/sr\/proizvod\/whiteboard-djecja-kutija-za-igracke\/\" \/>\n<meta property=\"og:locale\" content=\"sr_RS\" \/>\n<meta property=\"og:type\" content=\"article\" \/>\n<meta property=\"og:title\" content=\"Whiteboard dje\u010dja kutija za igra\u010dke - Inti\" \/>\n<meta property=\"og:description\" content=\"Moderan dizajn, jednostavan, ali prakti\u010dan. Organizirajte knjige i igra\u010dke odvojeno kako biste zadovoljili razli\u010dite potrebe djece i roditelja. Ova plo\u010da dovodi \u0161kolu izravno u spava\u0107u sobu, igraju\u0107i se! S ovom izvanrednom plo\u010dom va\u0161e se dijete mo\u017ee zabaviti i dati odu\u0161ka svojoj kreativnosti.1 polica i kocka su za odlaganje. Razumno dijele prostor, a omiljene dje\u010dje knjige i igra\u010dke skupljaju odvojeno. S velikim prostorom mo\u017eete pohraniti mnoge stvari u knji\u017enicu, ne samo knjige, ve\u0107 i dokumente, bilje\u017enice, odje\u0107u, novine, diskove itd. Na polici se nalazi \u0161ipka od borovine koja \u0161titi knjige od pada. Ko\u0161ara od netkanog materijala je lagana i jednostavna za kori\u0161tenje, pogodna za spremanje igra\u010daka i lutaka. Svi uglovi su okrugli, ne o\u0161te\u0107uju nje\u017enu bebinu ko\u017eu i smanjuju mogu\u0107nost nezgode.\" \/>\n<meta property=\"og:url\" content=\"https:\/\/inti.hr\/sr\/proizvod\/whiteboard-djecja-kutija-za-igracke\/\" \/>\n<meta property=\"og:site_name\" content=\"Inti\" \/>\n<meta property=\"og:image\" content=\"https:\/\/i0.wp.com\/inti.hr\/wp-content\/uploads\/2022\/08\/KMB09-GR-Y003_670x.webp?fit=670%2C670&ssl=1\" \/>\n\t<meta property=\"og:image:width\" content=\"670\" \/>\n\t<meta property=\"og:image:height\" content=\"670\" \/>\n\t<meta property=\"og:image:type\" content=\"image\/webp\" \/>\n<meta name=\"twitter:card\" content=\"summary_large_image\" \/>\n<script type=\"application\/ld+json\" class=\"yoast-schema-graph\">{\"@context\":\"https:\/\/schema.org\",\"@graph\":[{\"@type\":\"WebPage\",\"@id\":\"https:\/\/inti.hr\/sr\/proizvod\/whiteboard-djecja-kutija-za-igracke\/\",\"url\":\"https:\/\/inti.hr\/sr\/proizvod\/whiteboard-djecja-kutija-za-igracke\/\",\"name\":\"Whiteboard dje\u010dja kutija za igra\u010dke - Inti\",\"isPartOf\":{\"@id\":\"https:\/\/inti.hr\/sr\/#website\"},\"primaryImageOfPage\":{\"@id\":\"https:\/\/inti.hr\/sr\/proizvod\/whiteboard-djecja-kutija-za-igracke\/#primaryimage\"},\"image\":{\"@id\":\"https:\/\/inti.hr\/sr\/proizvod\/whiteboard-djecja-kutija-za-igracke\/#primaryimage\"},\"thumbnailUrl\":\"https:\/\/i0.wp.com\/inti.hr\/wp-content\/uploads\/2022\/08\/KMB09-GR-Y003_670x.webp?fit=670%2C670&ssl=1\",\"datePublished\":\"2022-08-18T10:58:00+00:00\",\"dateModified\":\"2022-08-18T10:58:00+00:00\",\"description\":\"Moderan dizajn, jednostavan, ali prakti\u010dan. Organizirajte knjige i igra\u010dke odvojeno kako biste zadovoljili razli\u010dite potrebe djece i roditelja. Ova plo\u010da dovodi \u0161kolu izravno u spava\u0107u sobu, igraju\u0107i se! S ovom izvanrednom plo\u010dom va\u0161e se dijete mo\u017ee zabaviti i dati odu\u0161ka svojoj kreativnosti.1 polica i kocka su za odlaganje. Razumno dijele prostor, a omiljene dje\u010dje knjige i igra\u010dke skupljaju odvojeno. S velikim prostorom mo\u017eete pohraniti mnoge stvari u knji\u017enicu, ne samo knjige, ve\u0107 i dokumente, bilje\u017enice, odje\u0107u, novine, diskove itd. Na polici se nalazi \u0161ipka od borovine koja \u0161titi knjige od pada. Ko\u0161ara od netkanog materijala je lagana i jednostavna za kori\u0161tenje, pogodna za spremanje igra\u010daka i lutaka. Svi uglovi su okrugli, ne o\u0161te\u0107uju nje\u017enu bebinu ko\u017eu i smanjuju mogu\u0107nost nezgode.\",\"breadcrumb\":{\"@id\":\"https:\/\/inti.hr\/sr\/proizvod\/whiteboard-djecja-kutija-za-igracke\/#breadcrumb\"},\"inLanguage\":\"sr-RS\",\"potentialAction\":[{\"@type\":\"ReadAction\",\"target\":[\"https:\/\/inti.hr\/sr\/proizvod\/whiteboard-djecja-kutija-za-igracke\/\"]}]},{\"@type\":\"ImageObject\",\"inLanguage\":\"sr-RS\",\"@id\":\"https:\/\/inti.hr\/sr\/proizvod\/whiteboard-djecja-kutija-za-igracke\/#primaryimage\",\"url\":\"https:\/\/i0.wp.com\/inti.hr\/wp-content\/uploads\/2022\/08\/KMB09-GR-Y003_670x.webp?fit=670%2C670&ssl=1\",\"contentUrl\":\"https:\/\/i0.wp.com\/inti.hr\/wp-content\/uploads\/2022\/08\/KMB09-GR-Y003_670x.webp?fit=670%2C670&ssl=1\",\"width\":670,\"height\":670},{\"@type\":\"BreadcrumbList\",\"@id\":\"https:\/\/inti.hr\/sr\/proizvod\/whiteboard-djecja-kutija-za-igracke\/#breadcrumb\",\"itemListElement\":[{\"@type\":\"ListItem\",\"position\":1,\"name\":\"Po\u010detna stranica\",\"item\":\"https:\/\/inti.hr\/sr\/\"},{\"@type\":\"ListItem\",\"position\":2,\"name\":\"Prodavnica\",\"item\":\"https:\/\/inti.hr\/sr\/prodavnica\/\"},{\"@type\":\"ListItem\",\"position\":3,\"name\":\"Whiteboard dje\u010dja kutija za igra\u010dke\"}]},{\"@type\":\"WebSite\",\"@id\":\"https:\/\/inti.hr\/sr\/#website\",\"url\":\"https:\/\/inti.hr\/sr\/\",\"name\":\"Inti\",\"description\":\"trgovina\",\"potentialAction\":[{\"@type\":\"SearchAction\",\"target\":{\"@type\":\"EntryPoint\",\"urlTemplate\":\"https:\/\/inti.hr\/sr\/?s={search_term_string}\"},\"query-input\":{\"@type\":\"PropertyValueSpecification\",\"valueRequired\":true,\"valueName\":\"search_term_string\"}}],\"inLanguage\":\"sr-RS\"}]}<\/script>\n<!-- \/ Yoast SEO plugin. -->","yoast_head_json":{"title":"Whiteboard dje\u010dja kutija za igra\u010dke - Inti","description":"Moderan dizajn, jednostavan, ali prakti\u010dan. Organizirajte knjige i igra\u010dke odvojeno kako biste zadovoljili razli\u010dite potrebe djece i roditelja. Ova plo\u010da dovodi \u0161kolu izravno u spava\u0107u sobu, igraju\u0107i se! S ovom izvanrednom plo\u010dom va\u0161e se dijete mo\u017ee zabaviti i dati odu\u0161ka svojoj kreativnosti.1 polica i kocka su za odlaganje. Razumno dijele prostor, a omiljene dje\u010dje knjige i igra\u010dke skupljaju odvojeno. S velikim prostorom mo\u017eete pohraniti mnoge stvari u knji\u017enicu, ne samo knjige, ve\u0107 i dokumente, bilje\u017enice, odje\u0107u, novine, diskove itd. Na polici se nalazi \u0161ipka od borovine koja \u0161titi knjige od pada. Ko\u0161ara od netkanog materijala je lagana i jednostavna za kori\u0161tenje, pogodna za spremanje igra\u010daka i lutaka. Svi uglovi su okrugli, ne o\u0161te\u0107uju nje\u017enu bebinu ko\u017eu i smanjuju mogu\u0107nost nezgode.","robots":{"index":"index","follow":"follow","max-snippet":"max-snippet:-1","max-image-preview":"max-image-preview:large","max-video-preview":"max-video-preview:-1"},"canonical":"https:\/\/inti.hr\/sr\/proizvod\/whiteboard-djecja-kutija-za-igracke\/","og_locale":"sr_RS","og_type":"article","og_title":"Whiteboard dje\u010dja kutija za igra\u010dke - Inti","og_description":"Moderan dizajn, jednostavan, ali prakti\u010dan. Organizirajte knjige i igra\u010dke odvojeno kako biste zadovoljili razli\u010dite potrebe djece i roditelja. Ova plo\u010da dovodi \u0161kolu izravno u spava\u0107u sobu, igraju\u0107i se! S ovom izvanrednom plo\u010dom va\u0161e se dijete mo\u017ee zabaviti i dati odu\u0161ka svojoj kreativnosti.1 polica i kocka su za odlaganje. Razumno dijele prostor, a omiljene dje\u010dje knjige i igra\u010dke skupljaju odvojeno. S velikim prostorom mo\u017eete pohraniti mnoge stvari u knji\u017enicu, ne samo knjige, ve\u0107 i dokumente, bilje\u017enice, odje\u0107u, novine, diskove itd. Na polici se nalazi \u0161ipka od borovine koja \u0161titi knjige od pada. Ko\u0161ara od netkanog materijala je lagana i jednostavna za kori\u0161tenje, pogodna za spremanje igra\u010daka i lutaka. Svi uglovi su okrugli, ne o\u0161te\u0107uju nje\u017enu bebinu ko\u017eu i smanjuju mogu\u0107nost nezgode.","og_url":"https:\/\/inti.hr\/sr\/proizvod\/whiteboard-djecja-kutija-za-igracke\/","og_site_name":"Inti","og_image":[{"width":670,"height":670,"url":"https:\/\/i0.wp.com\/inti.hr\/wp-content\/uploads\/2022\/08\/KMB09-GR-Y003_670x.webp?fit=670%2C670&ssl=1","type":"image\/webp"}],"twitter_card":"summary_large_image","schema":{"@context":"https:\/\/schema.org","@graph":[{"@type":"WebPage","@id":"https:\/\/inti.hr\/sr\/proizvod\/whiteboard-djecja-kutija-za-igracke\/","url":"https:\/\/inti.hr\/sr\/proizvod\/whiteboard-djecja-kutija-za-igracke\/","name":"Whiteboard dje\u010dja kutija za igra\u010dke - Inti","isPartOf":{"@id":"https:\/\/inti.hr\/sr\/#website"},"primaryImageOfPage":{"@id":"https:\/\/inti.hr\/sr\/proizvod\/whiteboard-djecja-kutija-za-igracke\/#primaryimage"},"image":{"@id":"https:\/\/inti.hr\/sr\/proizvod\/whiteboard-djecja-kutija-za-igracke\/#primaryimage"},"thumbnailUrl":"https:\/\/i0.wp.com\/inti.hr\/wp-content\/uploads\/2022\/08\/KMB09-GR-Y003_670x.webp?fit=670%2C670&ssl=1","datePublished":"2022-08-18T10:58:00+00:00","dateModified":"2022-08-18T10:58:00+00:00","description":"Moderan dizajn, jednostavan, ali prakti\u010dan. Organizirajte knjige i igra\u010dke odvojeno kako biste zadovoljili razli\u010dite potrebe djece i roditelja. Ova plo\u010da dovodi \u0161kolu izravno u spava\u0107u sobu, igraju\u0107i se! S ovom izvanrednom plo\u010dom va\u0161e se dijete mo\u017ee zabaviti i dati odu\u0161ka svojoj kreativnosti.1 polica i kocka su za odlaganje. Razumno dijele prostor, a omiljene dje\u010dje knjige i igra\u010dke skupljaju odvojeno. S velikim prostorom mo\u017eete pohraniti mnoge stvari u knji\u017enicu, ne samo knjige, ve\u0107 i dokumente, bilje\u017enice, odje\u0107u, novine, diskove itd. Na polici se nalazi \u0161ipka od borovine koja \u0161titi knjige od pada. Ko\u0161ara od netkanog materijala je lagana i jednostavna za kori\u0161tenje, pogodna za spremanje igra\u010daka i lutaka. Svi uglovi su okrugli, ne o\u0161te\u0107uju nje\u017enu bebinu ko\u017eu i smanjuju mogu\u0107nost nezgode.","breadcrumb":{"@id":"https:\/\/inti.hr\/sr\/proizvod\/whiteboard-djecja-kutija-za-igracke\/#breadcrumb"},"inLanguage":"sr-RS","potentialAction":[{"@type":"ReadAction","target":["https:\/\/inti.hr\/sr\/proizvod\/whiteboard-djecja-kutija-za-igracke\/"]}]},{"@type":"ImageObject","inLanguage":"sr-RS","@id":"https:\/\/inti.hr\/sr\/proizvod\/whiteboard-djecja-kutija-za-igracke\/#primaryimage","url":"https:\/\/i0.wp.com\/inti.hr\/wp-content\/uploads\/2022\/08\/KMB09-GR-Y003_670x.webp?fit=670%2C670&ssl=1","contentUrl":"https:\/\/i0.wp.com\/inti.hr\/wp-content\/uploads\/2022\/08\/KMB09-GR-Y003_670x.webp?fit=670%2C670&ssl=1","width":670,"height":670},{"@type":"BreadcrumbList","@id":"https:\/\/inti.hr\/sr\/proizvod\/whiteboard-djecja-kutija-za-igracke\/#breadcrumb","itemListElement":[{"@type":"ListItem","position":1,"name":"Po\u010detna stranica","item":"https:\/\/inti.hr\/sr\/"},{"@type":"ListItem","position":2,"name":"Prodavnica","item":"https:\/\/inti.hr\/sr\/prodavnica\/"},{"@type":"ListItem","position":3,"name":"Whiteboard dje\u010dja kutija za igra\u010dke"}]},{"@type":"WebSite","@id":"https:\/\/inti.hr\/sr\/#website","url":"https:\/\/inti.hr\/sr\/","name":"Inti","description":"trgovina","potentialAction":[{"@type":"SearchAction","target":{"@type":"EntryPoint","urlTemplate":"https:\/\/inti.hr\/sr\/?s={search_term_string}"},"query-input":{"@type":"PropertyValueSpecification","valueRequired":true,"valueName":"search_term_string"}}],"inLanguage":"sr-RS"}]}},"jetpack_sharing_enabled":true,"jetpack-related-posts":[],"_links":{"self":[{"href":"https:\/\/inti.hr\/sr\/wp-json\/wp\/v2\/product\/33757"}],"collection":[{"href":"https:\/\/inti.hr\/sr\/wp-json\/wp\/v2\/product"}],"about":[{"href":"https:\/\/inti.hr\/sr\/wp-json\/wp\/v2\/types\/product"}],"wp:featuredmedia":[{"embeddable":true,"href":"https:\/\/inti.hr\/sr\/wp-json\/wp\/v2\/media\/33758"}],"wp:attachment":[{"href":"https:\/\/inti.hr\/sr\/wp-json\/wp\/v2\/media?parent=33757"}],"wp:term":[{"taxonomy":"product_cat","embeddable":true,"href":"https:\/\/inti.hr\/sr\/wp-json\/wp\/v2\/product_cat?post=33757"},{"taxonomy":"product_tag","embeddable":true,"href":"https:\/\/inti.hr\/sr\/wp-json\/wp\/v2\/product_tag?post=33757"}],"curies":[{"name":"wp","href":"https:\/\/api.w.org\/{rel}","templated":true}]}}