{"id":33825,"date":"2022-06-08T11:10:28","date_gmt":"2022-06-08T11:10:28","guid":{"rendered":"https:\/\/inti.hr\/product\/sup-daska-za-veslanje-320x76x15cm-bijelo-plava\/"},"modified":"2022-06-08T11:10:28","modified_gmt":"2022-06-08T11:10:28","slug":"sup-daska-za-veslanje-320x76x15cm-bijelo-plava","status":"publish","type":"product","link":"https:\/\/inti.hr\/sr\/proizvod\/sup-daska-za-veslanje-320x76x15cm-bijelo-plava\/","title":{"rendered":"SUP daska za veslanje 320x76x15cm bijelo\/plava"},"content":{"rendered":"<p><b>Detalji o proizvodu:<\/b><\/p>\n<p>&#8211; S posebnim visokotla\u010dnim vij\u010danim ventilom za jednostavno i brzo napuhavanje i ispuhivanje<br \/>\n&#8211; Dvije unaprijed sastavljene i jedna odvojiva peraja koja izdr\u017eavaju pritisak pri veslanju<br \/>\n&#8211; S torbom za no\u0161enje za brz i jednostavan transport<br \/>\n&#8211; Uklju\u010duje zra\u010dnu pumpu za jednostavno napuhavanje<br \/>\n&#8211; Visoko stabilnost za stabilno dr\u017eanje pri veslanju Manevriranje ili promjena smjera<br \/>\n&#8211; Prikladno za jednu odraslu osobu<br \/>\n&#8211; Veslo je podesivo po du\u017eini<br \/>\n&#8211; Te\u017eina: 10,5 kg<br \/>\n&#8211; Maksimalni kapacitet optere\u0107enja: Do 150 kg<br \/>\n&#8211; Maksimalni tlak zraka: 15 psi \/ 1 bar<\/p>\n<p><b>Materijal:<\/b><\/p>\n<p>&#8211; Daska za vesla: PVC<br \/>\n&#8211; Premaz protiv klizanja: EVA<br \/>\n&#8211; Ruksak: 100% poliester<br \/>\n&#8211; Veslo: Aluminij<br \/>\n&#8211; Peraje: Plastika<br \/>\n&#8211; Zra\u010dna pumpa: Plastika<\/p>\n<p><b>Dimenzije (Dx\u0160xV):<\/b><\/p>\n<p>320x76x15 cm<\/p>\n<p><b>glavna boja:<\/b><\/p>\n<p>Bijelo plava<\/p>\n<p><b>Opseg isporuke:<\/b><\/p>\n<p>&#8211; Daska za veslanje na napuhavanje<br \/>\n&#8211; Ruksak<br \/>\n&#8211; Aluminijsko veslo (podesiva duljina)<br \/>\n&#8211; Ru\u010dna pumpa<br \/>\n&#8211; Povodac<br \/>\n&#8211; Odvojiva peraja<br \/>\n&#8211; Komplet za popravak<\/p>\n","protected":false},"excerpt":{"rendered":"<p>SUP daska za surfanje savr\u0161ena je za po\u010detnike, rekreativce i vo\u017enju &#8230; <\/p>\n","protected":false},"featured_media":33826,"template":"","meta":[],"product_cat":[2391],"product_tag":[3877,3884,3885,3886,3887],"yoast_head":"<!-- This site is optimized with the Yoast SEO plugin v23.7 - https:\/\/yoast.com\/wordpress\/plugins\/seo\/ -->\n<title>SUP daska za veslanje 320x76x15cm bijelo\/plava - Inti<\/title>\n<meta name=\"description\" content=\"SUP daska za surfanje savr\u0161ena je za po\u010detnike, rekreativce i vo\u017enju na malim valovima.\" \/>\n<meta name=\"robots\" content=\"index, follow, max-snippet:-1, max-image-preview:large, max-video-preview:-1\" \/>\n<link rel=\"canonical\" href=\"https:\/\/inti.hr\/sr\/proizvod\/sup-daska-za-veslanje-320x76x15cm-bijelo-plava\/\" \/>\n<meta property=\"og:locale\" content=\"sr_RS\" \/>\n<meta property=\"og:type\" content=\"article\" \/>\n<meta property=\"og:title\" content=\"SUP daska za veslanje 320x76x15cm bijelo\/plava - Inti\" \/>\n<meta property=\"og:description\" content=\"SUP daska za surfanje savr\u0161ena je za po\u010detnike, rekreativce i vo\u017enju na malim valovima.\" \/>\n<meta property=\"og:url\" content=\"https:\/\/inti.hr\/sr\/proizvod\/sup-daska-za-veslanje-320x76x15cm-bijelo-plava\/\" \/>\n<meta property=\"og:site_name\" content=\"Inti\" \/>\n<meta property=\"og:image\" content=\"https:\/\/i0.wp.com\/inti.hr\/wp-content\/uploads\/2022\/06\/fb82ab4d0e4e7c0193edba6a266b5e22.webp?fit=2000%2C2000&ssl=1\" \/>\n\t<meta property=\"og:image:width\" content=\"2000\" \/>\n\t<meta property=\"og:image:height\" content=\"2000\" \/>\n\t<meta property=\"og:image:type\" content=\"image\/webp\" \/>\n<meta name=\"twitter:card\" content=\"summary_large_image\" \/>\n<meta name=\"twitter:label1\" content=\"\u041f\u0440\u043e\u0446\u0435\u045a\u0435\u043d\u043e \u0432\u0440\u0435\u043c\u0435 \u0447\u0438\u0442\u0430\u045a\u0430\" \/>\n\t<meta name=\"twitter:data1\" content=\"1 \u043c\u0438\u043d\u0443\u0442\" \/>\n<script type=\"application\/ld+json\" class=\"yoast-schema-graph\">{\"@context\":\"https:\/\/schema.org\",\"@graph\":[{\"@type\":\"WebPage\",\"@id\":\"https:\/\/inti.hr\/sr\/proizvod\/sup-daska-za-veslanje-320x76x15cm-bijelo-plava\/\",\"url\":\"https:\/\/inti.hr\/sr\/proizvod\/sup-daska-za-veslanje-320x76x15cm-bijelo-plava\/\",\"name\":\"SUP daska za veslanje 320x76x15cm bijelo\/plava - Inti\",\"isPartOf\":{\"@id\":\"https:\/\/inti.hr\/sr\/#website\"},\"primaryImageOfPage\":{\"@id\":\"https:\/\/inti.hr\/sr\/proizvod\/sup-daska-za-veslanje-320x76x15cm-bijelo-plava\/#primaryimage\"},\"image\":{\"@id\":\"https:\/\/inti.hr\/sr\/proizvod\/sup-daska-za-veslanje-320x76x15cm-bijelo-plava\/#primaryimage\"},\"thumbnailUrl\":\"https:\/\/i0.wp.com\/inti.hr\/wp-content\/uploads\/2022\/06\/fb82ab4d0e4e7c0193edba6a266b5e22.webp?fit=2000%2C2000&ssl=1\",\"datePublished\":\"2022-06-08T11:10:28+00:00\",\"dateModified\":\"2022-06-08T11:10:28+00:00\",\"description\":\"SUP daska za surfanje savr\u0161ena je za po\u010detnike, rekreativce i vo\u017enju na malim valovima.\",\"breadcrumb\":{\"@id\":\"https:\/\/inti.hr\/sr\/proizvod\/sup-daska-za-veslanje-320x76x15cm-bijelo-plava\/#breadcrumb\"},\"inLanguage\":\"sr-RS\",\"potentialAction\":[{\"@type\":\"ReadAction\",\"target\":[\"https:\/\/inti.hr\/sr\/proizvod\/sup-daska-za-veslanje-320x76x15cm-bijelo-plava\/\"]}]},{\"@type\":\"ImageObject\",\"inLanguage\":\"sr-RS\",\"@id\":\"https:\/\/inti.hr\/sr\/proizvod\/sup-daska-za-veslanje-320x76x15cm-bijelo-plava\/#primaryimage\",\"url\":\"https:\/\/i0.wp.com\/inti.hr\/wp-content\/uploads\/2022\/06\/fb82ab4d0e4e7c0193edba6a266b5e22.webp?fit=2000%2C2000&ssl=1\",\"contentUrl\":\"https:\/\/i0.wp.com\/inti.hr\/wp-content\/uploads\/2022\/06\/fb82ab4d0e4e7c0193edba6a266b5e22.webp?fit=2000%2C2000&ssl=1\",\"width\":2000,\"height\":2000},{\"@type\":\"BreadcrumbList\",\"@id\":\"https:\/\/inti.hr\/sr\/proizvod\/sup-daska-za-veslanje-320x76x15cm-bijelo-plava\/#breadcrumb\",\"itemListElement\":[{\"@type\":\"ListItem\",\"position\":1,\"name\":\"Po\u010detna stranica\",\"item\":\"https:\/\/inti.hr\/sr\/\"},{\"@type\":\"ListItem\",\"position\":2,\"name\":\"Prodavnica\",\"item\":\"https:\/\/inti.hr\/sr\/prodavnica\/\"},{\"@type\":\"ListItem\",\"position\":3,\"name\":\"SUP daska za veslanje 320x76x15cm bijelo\/plava\"}]},{\"@type\":\"WebSite\",\"@id\":\"https:\/\/inti.hr\/sr\/#website\",\"url\":\"https:\/\/inti.hr\/sr\/\",\"name\":\"Inti\",\"description\":\"trgovina\",\"potentialAction\":[{\"@type\":\"SearchAction\",\"target\":{\"@type\":\"EntryPoint\",\"urlTemplate\":\"https:\/\/inti.hr\/sr\/?s={search_term_string}\"},\"query-input\":{\"@type\":\"PropertyValueSpecification\",\"valueRequired\":true,\"valueName\":\"search_term_string\"}}],\"inLanguage\":\"sr-RS\"}]}<\/script>\n<!-- \/ Yoast SEO plugin. -->","yoast_head_json":{"title":"SUP daska za veslanje 320x76x15cm bijelo\/plava - Inti","description":"SUP daska za surfanje savr\u0161ena je za po\u010detnike, rekreativce i vo\u017enju na malim valovima.","robots":{"index":"index","follow":"follow","max-snippet":"max-snippet:-1","max-image-preview":"max-image-preview:large","max-video-preview":"max-video-preview:-1"},"canonical":"https:\/\/inti.hr\/sr\/proizvod\/sup-daska-za-veslanje-320x76x15cm-bijelo-plava\/","og_locale":"sr_RS","og_type":"article","og_title":"SUP daska za veslanje 320x76x15cm bijelo\/plava - Inti","og_description":"SUP daska za surfanje savr\u0161ena je za po\u010detnike, rekreativce i vo\u017enju na malim valovima.","og_url":"https:\/\/inti.hr\/sr\/proizvod\/sup-daska-za-veslanje-320x76x15cm-bijelo-plava\/","og_site_name":"Inti","og_image":[{"width":2000,"height":2000,"url":"https:\/\/i0.wp.com\/inti.hr\/wp-content\/uploads\/2022\/06\/fb82ab4d0e4e7c0193edba6a266b5e22.webp?fit=2000%2C2000&ssl=1","type":"image\/webp"}],"twitter_card":"summary_large_image","twitter_misc":{"\u041f\u0440\u043e\u0446\u0435\u045a\u0435\u043d\u043e \u0432\u0440\u0435\u043c\u0435 \u0447\u0438\u0442\u0430\u045a\u0430":"1 \u043c\u0438\u043d\u0443\u0442"},"schema":{"@context":"https:\/\/schema.org","@graph":[{"@type":"WebPage","@id":"https:\/\/inti.hr\/sr\/proizvod\/sup-daska-za-veslanje-320x76x15cm-bijelo-plava\/","url":"https:\/\/inti.hr\/sr\/proizvod\/sup-daska-za-veslanje-320x76x15cm-bijelo-plava\/","name":"SUP daska za veslanje 320x76x15cm bijelo\/plava - Inti","isPartOf":{"@id":"https:\/\/inti.hr\/sr\/#website"},"primaryImageOfPage":{"@id":"https:\/\/inti.hr\/sr\/proizvod\/sup-daska-za-veslanje-320x76x15cm-bijelo-plava\/#primaryimage"},"image":{"@id":"https:\/\/inti.hr\/sr\/proizvod\/sup-daska-za-veslanje-320x76x15cm-bijelo-plava\/#primaryimage"},"thumbnailUrl":"https:\/\/i0.wp.com\/inti.hr\/wp-content\/uploads\/2022\/06\/fb82ab4d0e4e7c0193edba6a266b5e22.webp?fit=2000%2C2000&ssl=1","datePublished":"2022-06-08T11:10:28+00:00","dateModified":"2022-06-08T11:10:28+00:00","description":"SUP daska za surfanje savr\u0161ena je za po\u010detnike, rekreativce i vo\u017enju na malim valovima.","breadcrumb":{"@id":"https:\/\/inti.hr\/sr\/proizvod\/sup-daska-za-veslanje-320x76x15cm-bijelo-plava\/#breadcrumb"},"inLanguage":"sr-RS","potentialAction":[{"@type":"ReadAction","target":["https:\/\/inti.hr\/sr\/proizvod\/sup-daska-za-veslanje-320x76x15cm-bijelo-plava\/"]}]},{"@type":"ImageObject","inLanguage":"sr-RS","@id":"https:\/\/inti.hr\/sr\/proizvod\/sup-daska-za-veslanje-320x76x15cm-bijelo-plava\/#primaryimage","url":"https:\/\/i0.wp.com\/inti.hr\/wp-content\/uploads\/2022\/06\/fb82ab4d0e4e7c0193edba6a266b5e22.webp?fit=2000%2C2000&ssl=1","contentUrl":"https:\/\/i0.wp.com\/inti.hr\/wp-content\/uploads\/2022\/06\/fb82ab4d0e4e7c0193edba6a266b5e22.webp?fit=2000%2C2000&ssl=1","width":2000,"height":2000},{"@type":"BreadcrumbList","@id":"https:\/\/inti.hr\/sr\/proizvod\/sup-daska-za-veslanje-320x76x15cm-bijelo-plava\/#breadcrumb","itemListElement":[{"@type":"ListItem","position":1,"name":"Po\u010detna stranica","item":"https:\/\/inti.hr\/sr\/"},{"@type":"ListItem","position":2,"name":"Prodavnica","item":"https:\/\/inti.hr\/sr\/prodavnica\/"},{"@type":"ListItem","position":3,"name":"SUP daska za veslanje 320x76x15cm bijelo\/plava"}]},{"@type":"WebSite","@id":"https:\/\/inti.hr\/sr\/#website","url":"https:\/\/inti.hr\/sr\/","name":"Inti","description":"trgovina","potentialAction":[{"@type":"SearchAction","target":{"@type":"EntryPoint","urlTemplate":"https:\/\/inti.hr\/sr\/?s={search_term_string}"},"query-input":{"@type":"PropertyValueSpecification","valueRequired":true,"valueName":"search_term_string"}}],"inLanguage":"sr-RS"}]}},"jetpack_sharing_enabled":true,"jetpack-related-posts":[],"_links":{"self":[{"href":"https:\/\/inti.hr\/sr\/wp-json\/wp\/v2\/product\/33825"}],"collection":[{"href":"https:\/\/inti.hr\/sr\/wp-json\/wp\/v2\/product"}],"about":[{"href":"https:\/\/inti.hr\/sr\/wp-json\/wp\/v2\/types\/product"}],"wp:featuredmedia":[{"embeddable":true,"href":"https:\/\/inti.hr\/sr\/wp-json\/wp\/v2\/media\/33826"}],"wp:attachment":[{"href":"https:\/\/inti.hr\/sr\/wp-json\/wp\/v2\/media?parent=33825"}],"wp:term":[{"taxonomy":"product_cat","embeddable":true,"href":"https:\/\/inti.hr\/sr\/wp-json\/wp\/v2\/product_cat?post=33825"},{"taxonomy":"product_tag","embeddable":true,"href":"https:\/\/inti.hr\/sr\/wp-json\/wp\/v2\/product_tag?post=33825"}],"curies":[{"name":"wp","href":"https:\/\/api.w.org\/{rel}","templated":true}]}}