{"id":33854,"date":"2022-06-08T08:54:42","date_gmt":"2022-06-08T08:54:42","guid":{"rendered":"https:\/\/inti.hr\/product\/vertikalna-tenda-na-razvlacenje-bez\/"},"modified":"2022-06-08T08:54:42","modified_gmt":"2022-06-08T08:54:42","slug":"vertikalna-tenda-na-razvlacenje-bez","status":"publish","type":"product","link":"https:\/\/inti.hr\/sr\/proizvod\/vertikalna-tenda-na-razvlacenje-bez\/","title":{"rendered":"Balkonska tenda na razvla\u010denje be\u017e"},"content":{"rendered":"<p>Detalji o proizvodu:<br \/>\n&#8211; Boja: be\u017e<br \/>\n&#8211; Materijal: aluminijska legura, poliester (280 g\/m\u00b2), PU premaz<br \/>\n&#8211; Dimenzije: 2,5 x 1,8 m, 2,5 x 1,6 m, 2,5 x 1,4 m.<br \/>\n&#8211; Te\u017eina: 9,5 kg<\/p>\n<p>&nbsp;<\/p>\n<p><b>Najva\u017enije na prvi pogled:<\/b><br \/>\n&#8211; Vertikalna tenda 2,5 x 1,8 m u elegantnoj be\u017e boji osigurava moderan izgled.<br \/>\n&#8211; Kutija tende izra\u0111ena je od visokokvalitetne aluminijske legure i nudi dobru robusnost i otpornost na hr\u0111u.<br \/>\n&#8211; Zatvoreno ku\u0107i\u0161te \u0161titi tkaninu i omogu\u0107uje dug vijek trajanja.<br \/>\n&#8211; \u010cvrsta tkanina za tendu (280 g\/m\u00b2) s PU premazom otporna je na trganje i vodootpornost.<br \/>\n&#8211; Tkanina za tendu se mo\u017ee fleksibilno pomicati gore i dolje pomo\u0107u ru\u010dice.<br \/>\n&#8211; Tendu mo\u017eete koristiti i na otvorenom i u zatvorenom prostoru, na primjer u uredu otvorenog tipa ili u svla\u010dionicama.<\/p>\n","protected":false},"excerpt":{"rendered":"<p>Mala tenda za terasu i balkon<\/p>\n<p>Postavljena na zid ili strop, okomita &#8230; <\/p>\n","protected":false},"featured_media":33855,"template":"","meta":[],"product_cat":[2485,2461],"product_tag":[3909,3910,2831,2464,3911],"yoast_head":"<!-- This site is optimized with the Yoast SEO plugin v23.7 - https:\/\/yoast.com\/wordpress\/plugins\/seo\/ -->\n<title>Balkonska tenda na razvla\u010denje be\u017e - Inti<\/title>\n<meta name=\"description\" content=\"Mala tenda za terasu i balkonPostavljena na zid ili strop, okomita tenda idealna je za balkone i terase. Nudi vrlo dobru za\u0161titu od sunca i vjetra, a mo\u017ee se koristiti i kao zaslon za privatnost.Jednostavna i fleksibilna upotrebaVertikalna tenda se ne mo\u017ee montirati samo na zid i strop. Tako\u0111er je beskona\u010dno podesiv po duljini i zaklju\u010dati u bilo kojoj to\u010dki. To omogu\u0107uje da se tenda dizajnira u skladu s kretanjem sunca i osigura vi\u0161e ili manje hlada i hla\u0111enja.Jednostavna monta\u017ea na zid i stropPrilo\u017eene vi\u0161ejezi\u010dne upute \u010dine monta\u017eu vrlo jednostavnom. Tenda se mo\u017ee montirati i na strop i na zid, \u0161to zna\u010di da se mo\u017ee fleksibilno koristiti \u010dak i u sku\u010denim prostorima. Tenda se mo\u017ee izvu\u0107i na oko 2,40 m, \u0161to je \u010dini idealnom i za ve\u0107e balkone i terase.Vodootporan i neproziranTkanina za tendu izra\u0111ena je od poliestera 280 g\/m\u00b2 i ima PU premaz, \u0161to je \u010dini vodootpornom. Me\u0111utim, tendu uvijek treba dobro osu\u0161iti kako bi se sprije\u010dile mrlje i plijesan.\" \/>\n<meta name=\"robots\" content=\"index, follow, max-snippet:-1, max-image-preview:large, max-video-preview:-1\" \/>\n<link rel=\"canonical\" href=\"https:\/\/inti.hr\/sr\/proizvod\/vertikalna-tenda-na-razvlacenje-bez\/\" \/>\n<meta property=\"og:locale\" content=\"sr_RS\" \/>\n<meta property=\"og:type\" content=\"article\" \/>\n<meta property=\"og:title\" content=\"Balkonska tenda na razvla\u010denje be\u017e - Inti\" \/>\n<meta property=\"og:description\" content=\"Mala tenda za terasu i balkonPostavljena na zid ili strop, okomita tenda idealna je za balkone i terase. Nudi vrlo dobru za\u0161titu od sunca i vjetra, a mo\u017ee se koristiti i kao zaslon za privatnost.Jednostavna i fleksibilna upotrebaVertikalna tenda se ne mo\u017ee montirati samo na zid i strop. Tako\u0111er je beskona\u010dno podesiv po duljini i zaklju\u010dati u bilo kojoj to\u010dki. To omogu\u0107uje da se tenda dizajnira u skladu s kretanjem sunca i osigura vi\u0161e ili manje hlada i hla\u0111enja.Jednostavna monta\u017ea na zid i stropPrilo\u017eene vi\u0161ejezi\u010dne upute \u010dine monta\u017eu vrlo jednostavnom. Tenda se mo\u017ee montirati i na strop i na zid, \u0161to zna\u010di da se mo\u017ee fleksibilno koristiti \u010dak i u sku\u010denim prostorima. Tenda se mo\u017ee izvu\u0107i na oko 2,40 m, \u0161to je \u010dini idealnom i za ve\u0107e balkone i terase.Vodootporan i neproziranTkanina za tendu izra\u0111ena je od poliestera 280 g\/m\u00b2 i ima PU premaz, \u0161to je \u010dini vodootpornom. Me\u0111utim, tendu uvijek treba dobro osu\u0161iti kako bi se sprije\u010dile mrlje i plijesan.\" \/>\n<meta property=\"og:url\" content=\"https:\/\/inti.hr\/sr\/proizvod\/vertikalna-tenda-na-razvlacenje-bez\/\" \/>\n<meta property=\"og:site_name\" content=\"Inti\" \/>\n<meta property=\"og:image\" content=\"https:\/\/i0.wp.com\/inti.hr\/wp-content\/uploads\/2022\/06\/71sJ74mDPTL._AC_SL1500_.jpg?fit=1200%2C1500&ssl=1\" \/>\n\t<meta property=\"og:image:width\" content=\"1200\" \/>\n\t<meta property=\"og:image:height\" content=\"1500\" \/>\n\t<meta property=\"og:image:type\" content=\"image\/jpeg\" \/>\n<meta name=\"twitter:card\" content=\"summary_large_image\" \/>\n<meta name=\"twitter:label1\" content=\"\u041f\u0440\u043e\u0446\u0435\u045a\u0435\u043d\u043e \u0432\u0440\u0435\u043c\u0435 \u0447\u0438\u0442\u0430\u045a\u0430\" \/>\n\t<meta name=\"twitter:data1\" content=\"1 \u043c\u0438\u043d\u0443\u0442\" \/>\n<script type=\"application\/ld+json\" class=\"yoast-schema-graph\">{\"@context\":\"https:\/\/schema.org\",\"@graph\":[{\"@type\":\"WebPage\",\"@id\":\"https:\/\/inti.hr\/sr\/proizvod\/vertikalna-tenda-na-razvlacenje-bez\/\",\"url\":\"https:\/\/inti.hr\/sr\/proizvod\/vertikalna-tenda-na-razvlacenje-bez\/\",\"name\":\"Balkonska tenda na razvla\u010denje be\u017e - Inti\",\"isPartOf\":{\"@id\":\"https:\/\/inti.hr\/sr\/#website\"},\"primaryImageOfPage\":{\"@id\":\"https:\/\/inti.hr\/sr\/proizvod\/vertikalna-tenda-na-razvlacenje-bez\/#primaryimage\"},\"image\":{\"@id\":\"https:\/\/inti.hr\/sr\/proizvod\/vertikalna-tenda-na-razvlacenje-bez\/#primaryimage\"},\"thumbnailUrl\":\"https:\/\/i0.wp.com\/inti.hr\/wp-content\/uploads\/2022\/06\/71sJ74mDPTL._AC_SL1500_.jpg?fit=1200%2C1500&ssl=1\",\"datePublished\":\"2022-06-08T08:54:42+00:00\",\"dateModified\":\"2022-06-08T08:54:42+00:00\",\"description\":\"Mala tenda za terasu i balkonPostavljena na zid ili strop, okomita tenda idealna je za balkone i terase. Nudi vrlo dobru za\u0161titu od sunca i vjetra, a mo\u017ee se koristiti i kao zaslon za privatnost.Jednostavna i fleksibilna upotrebaVertikalna tenda se ne mo\u017ee montirati samo na zid i strop. Tako\u0111er je beskona\u010dno podesiv po duljini i zaklju\u010dati u bilo kojoj to\u010dki. To omogu\u0107uje da se tenda dizajnira u skladu s kretanjem sunca i osigura vi\u0161e ili manje hlada i hla\u0111enja.Jednostavna monta\u017ea na zid i stropPrilo\u017eene vi\u0161ejezi\u010dne upute \u010dine monta\u017eu vrlo jednostavnom. Tenda se mo\u017ee montirati i na strop i na zid, \u0161to zna\u010di da se mo\u017ee fleksibilno koristiti \u010dak i u sku\u010denim prostorima. Tenda se mo\u017ee izvu\u0107i na oko 2,40 m, \u0161to je \u010dini idealnom i za ve\u0107e balkone i terase.Vodootporan i neproziranTkanina za tendu izra\u0111ena je od poliestera 280 g\/m\u00b2 i ima PU premaz, \u0161to je \u010dini vodootpornom. Me\u0111utim, tendu uvijek treba dobro osu\u0161iti kako bi se sprije\u010dile mrlje i plijesan.\",\"breadcrumb\":{\"@id\":\"https:\/\/inti.hr\/sr\/proizvod\/vertikalna-tenda-na-razvlacenje-bez\/#breadcrumb\"},\"inLanguage\":\"sr-RS\",\"potentialAction\":[{\"@type\":\"ReadAction\",\"target\":[\"https:\/\/inti.hr\/sr\/proizvod\/vertikalna-tenda-na-razvlacenje-bez\/\"]}]},{\"@type\":\"ImageObject\",\"inLanguage\":\"sr-RS\",\"@id\":\"https:\/\/inti.hr\/sr\/proizvod\/vertikalna-tenda-na-razvlacenje-bez\/#primaryimage\",\"url\":\"https:\/\/i0.wp.com\/inti.hr\/wp-content\/uploads\/2022\/06\/71sJ74mDPTL._AC_SL1500_.jpg?fit=1200%2C1500&ssl=1\",\"contentUrl\":\"https:\/\/i0.wp.com\/inti.hr\/wp-content\/uploads\/2022\/06\/71sJ74mDPTL._AC_SL1500_.jpg?fit=1200%2C1500&ssl=1\",\"width\":1200,\"height\":1500},{\"@type\":\"BreadcrumbList\",\"@id\":\"https:\/\/inti.hr\/sr\/proizvod\/vertikalna-tenda-na-razvlacenje-bez\/#breadcrumb\",\"itemListElement\":[{\"@type\":\"ListItem\",\"position\":1,\"name\":\"Po\u010detna stranica\",\"item\":\"https:\/\/inti.hr\/sr\/\"},{\"@type\":\"ListItem\",\"position\":2,\"name\":\"Prodavnica\",\"item\":\"https:\/\/inti.hr\/sr\/prodavnica\/\"},{\"@type\":\"ListItem\",\"position\":3,\"name\":\"Balkonska tenda na razvla\u010denje be\u017e\"}]},{\"@type\":\"WebSite\",\"@id\":\"https:\/\/inti.hr\/sr\/#website\",\"url\":\"https:\/\/inti.hr\/sr\/\",\"name\":\"Inti\",\"description\":\"trgovina\",\"potentialAction\":[{\"@type\":\"SearchAction\",\"target\":{\"@type\":\"EntryPoint\",\"urlTemplate\":\"https:\/\/inti.hr\/sr\/?s={search_term_string}\"},\"query-input\":{\"@type\":\"PropertyValueSpecification\",\"valueRequired\":true,\"valueName\":\"search_term_string\"}}],\"inLanguage\":\"sr-RS\"}]}<\/script>\n<!-- \/ Yoast SEO plugin. -->","yoast_head_json":{"title":"Balkonska tenda na razvla\u010denje be\u017e - Inti","description":"Mala tenda za terasu i balkonPostavljena na zid ili strop, okomita tenda idealna je za balkone i terase. Nudi vrlo dobru za\u0161titu od sunca i vjetra, a mo\u017ee se koristiti i kao zaslon za privatnost.Jednostavna i fleksibilna upotrebaVertikalna tenda se ne mo\u017ee montirati samo na zid i strop. Tako\u0111er je beskona\u010dno podesiv po duljini i zaklju\u010dati u bilo kojoj to\u010dki. To omogu\u0107uje da se tenda dizajnira u skladu s kretanjem sunca i osigura vi\u0161e ili manje hlada i hla\u0111enja.Jednostavna monta\u017ea na zid i stropPrilo\u017eene vi\u0161ejezi\u010dne upute \u010dine monta\u017eu vrlo jednostavnom. Tenda se mo\u017ee montirati i na strop i na zid, \u0161to zna\u010di da se mo\u017ee fleksibilno koristiti \u010dak i u sku\u010denim prostorima. Tenda se mo\u017ee izvu\u0107i na oko 2,40 m, \u0161to je \u010dini idealnom i za ve\u0107e balkone i terase.Vodootporan i neproziranTkanina za tendu izra\u0111ena je od poliestera 280 g\/m\u00b2 i ima PU premaz, \u0161to je \u010dini vodootpornom. Me\u0111utim, tendu uvijek treba dobro osu\u0161iti kako bi se sprije\u010dile mrlje i plijesan.","robots":{"index":"index","follow":"follow","max-snippet":"max-snippet:-1","max-image-preview":"max-image-preview:large","max-video-preview":"max-video-preview:-1"},"canonical":"https:\/\/inti.hr\/sr\/proizvod\/vertikalna-tenda-na-razvlacenje-bez\/","og_locale":"sr_RS","og_type":"article","og_title":"Balkonska tenda na razvla\u010denje be\u017e - Inti","og_description":"Mala tenda za terasu i balkonPostavljena na zid ili strop, okomita tenda idealna je za balkone i terase. Nudi vrlo dobru za\u0161titu od sunca i vjetra, a mo\u017ee se koristiti i kao zaslon za privatnost.Jednostavna i fleksibilna upotrebaVertikalna tenda se ne mo\u017ee montirati samo na zid i strop. Tako\u0111er je beskona\u010dno podesiv po duljini i zaklju\u010dati u bilo kojoj to\u010dki. To omogu\u0107uje da se tenda dizajnira u skladu s kretanjem sunca i osigura vi\u0161e ili manje hlada i hla\u0111enja.Jednostavna monta\u017ea na zid i stropPrilo\u017eene vi\u0161ejezi\u010dne upute \u010dine monta\u017eu vrlo jednostavnom. Tenda se mo\u017ee montirati i na strop i na zid, \u0161to zna\u010di da se mo\u017ee fleksibilno koristiti \u010dak i u sku\u010denim prostorima. Tenda se mo\u017ee izvu\u0107i na oko 2,40 m, \u0161to je \u010dini idealnom i za ve\u0107e balkone i terase.Vodootporan i neproziranTkanina za tendu izra\u0111ena je od poliestera 280 g\/m\u00b2 i ima PU premaz, \u0161to je \u010dini vodootpornom. Me\u0111utim, tendu uvijek treba dobro osu\u0161iti kako bi se sprije\u010dile mrlje i plijesan.","og_url":"https:\/\/inti.hr\/sr\/proizvod\/vertikalna-tenda-na-razvlacenje-bez\/","og_site_name":"Inti","og_image":[{"width":1200,"height":1500,"url":"https:\/\/i0.wp.com\/inti.hr\/wp-content\/uploads\/2022\/06\/71sJ74mDPTL._AC_SL1500_.jpg?fit=1200%2C1500&ssl=1","type":"image\/jpeg"}],"twitter_card":"summary_large_image","twitter_misc":{"\u041f\u0440\u043e\u0446\u0435\u045a\u0435\u043d\u043e \u0432\u0440\u0435\u043c\u0435 \u0447\u0438\u0442\u0430\u045a\u0430":"1 \u043c\u0438\u043d\u0443\u0442"},"schema":{"@context":"https:\/\/schema.org","@graph":[{"@type":"WebPage","@id":"https:\/\/inti.hr\/sr\/proizvod\/vertikalna-tenda-na-razvlacenje-bez\/","url":"https:\/\/inti.hr\/sr\/proizvod\/vertikalna-tenda-na-razvlacenje-bez\/","name":"Balkonska tenda na razvla\u010denje be\u017e - Inti","isPartOf":{"@id":"https:\/\/inti.hr\/sr\/#website"},"primaryImageOfPage":{"@id":"https:\/\/inti.hr\/sr\/proizvod\/vertikalna-tenda-na-razvlacenje-bez\/#primaryimage"},"image":{"@id":"https:\/\/inti.hr\/sr\/proizvod\/vertikalna-tenda-na-razvlacenje-bez\/#primaryimage"},"thumbnailUrl":"https:\/\/i0.wp.com\/inti.hr\/wp-content\/uploads\/2022\/06\/71sJ74mDPTL._AC_SL1500_.jpg?fit=1200%2C1500&ssl=1","datePublished":"2022-06-08T08:54:42+00:00","dateModified":"2022-06-08T08:54:42+00:00","description":"Mala tenda za terasu i balkonPostavljena na zid ili strop, okomita tenda idealna je za balkone i terase. Nudi vrlo dobru za\u0161titu od sunca i vjetra, a mo\u017ee se koristiti i kao zaslon za privatnost.Jednostavna i fleksibilna upotrebaVertikalna tenda se ne mo\u017ee montirati samo na zid i strop. Tako\u0111er je beskona\u010dno podesiv po duljini i zaklju\u010dati u bilo kojoj to\u010dki. To omogu\u0107uje da se tenda dizajnira u skladu s kretanjem sunca i osigura vi\u0161e ili manje hlada i hla\u0111enja.Jednostavna monta\u017ea na zid i stropPrilo\u017eene vi\u0161ejezi\u010dne upute \u010dine monta\u017eu vrlo jednostavnom. Tenda se mo\u017ee montirati i na strop i na zid, \u0161to zna\u010di da se mo\u017ee fleksibilno koristiti \u010dak i u sku\u010denim prostorima. Tenda se mo\u017ee izvu\u0107i na oko 2,40 m, \u0161to je \u010dini idealnom i za ve\u0107e balkone i terase.Vodootporan i neproziranTkanina za tendu izra\u0111ena je od poliestera 280 g\/m\u00b2 i ima PU premaz, \u0161to je \u010dini vodootpornom. Me\u0111utim, tendu uvijek treba dobro osu\u0161iti kako bi se sprije\u010dile mrlje i plijesan.","breadcrumb":{"@id":"https:\/\/inti.hr\/sr\/proizvod\/vertikalna-tenda-na-razvlacenje-bez\/#breadcrumb"},"inLanguage":"sr-RS","potentialAction":[{"@type":"ReadAction","target":["https:\/\/inti.hr\/sr\/proizvod\/vertikalna-tenda-na-razvlacenje-bez\/"]}]},{"@type":"ImageObject","inLanguage":"sr-RS","@id":"https:\/\/inti.hr\/sr\/proizvod\/vertikalna-tenda-na-razvlacenje-bez\/#primaryimage","url":"https:\/\/i0.wp.com\/inti.hr\/wp-content\/uploads\/2022\/06\/71sJ74mDPTL._AC_SL1500_.jpg?fit=1200%2C1500&ssl=1","contentUrl":"https:\/\/i0.wp.com\/inti.hr\/wp-content\/uploads\/2022\/06\/71sJ74mDPTL._AC_SL1500_.jpg?fit=1200%2C1500&ssl=1","width":1200,"height":1500},{"@type":"BreadcrumbList","@id":"https:\/\/inti.hr\/sr\/proizvod\/vertikalna-tenda-na-razvlacenje-bez\/#breadcrumb","itemListElement":[{"@type":"ListItem","position":1,"name":"Po\u010detna stranica","item":"https:\/\/inti.hr\/sr\/"},{"@type":"ListItem","position":2,"name":"Prodavnica","item":"https:\/\/inti.hr\/sr\/prodavnica\/"},{"@type":"ListItem","position":3,"name":"Balkonska tenda na razvla\u010denje be\u017e"}]},{"@type":"WebSite","@id":"https:\/\/inti.hr\/sr\/#website","url":"https:\/\/inti.hr\/sr\/","name":"Inti","description":"trgovina","potentialAction":[{"@type":"SearchAction","target":{"@type":"EntryPoint","urlTemplate":"https:\/\/inti.hr\/sr\/?s={search_term_string}"},"query-input":{"@type":"PropertyValueSpecification","valueRequired":true,"valueName":"search_term_string"}}],"inLanguage":"sr-RS"}]}},"jetpack_sharing_enabled":true,"jetpack-related-posts":[],"_links":{"self":[{"href":"https:\/\/inti.hr\/sr\/wp-json\/wp\/v2\/product\/33854"}],"collection":[{"href":"https:\/\/inti.hr\/sr\/wp-json\/wp\/v2\/product"}],"about":[{"href":"https:\/\/inti.hr\/sr\/wp-json\/wp\/v2\/types\/product"}],"wp:featuredmedia":[{"embeddable":true,"href":"https:\/\/inti.hr\/sr\/wp-json\/wp\/v2\/media\/33855"}],"wp:attachment":[{"href":"https:\/\/inti.hr\/sr\/wp-json\/wp\/v2\/media?parent=33854"}],"wp:term":[{"taxonomy":"product_cat","embeddable":true,"href":"https:\/\/inti.hr\/sr\/wp-json\/wp\/v2\/product_cat?post=33854"},{"taxonomy":"product_tag","embeddable":true,"href":"https:\/\/inti.hr\/sr\/wp-json\/wp\/v2\/product_tag?post=33854"}],"curies":[{"name":"wp","href":"https:\/\/api.w.org\/{rel}","templated":true}]}}