{"id":33869,"date":"2022-06-06T11:09:05","date_gmt":"2022-06-06T11:09:05","guid":{"rendered":"https:\/\/inti.hr\/product\/viseca-polica-za-hodnik\/"},"modified":"2022-06-06T11:09:05","modified_gmt":"2022-06-06T11:09:05","slug":"viseca-polica-za-hodnik","status":"publish","type":"product","link":"https:\/\/inti.hr\/sr\/proizvod\/viseca-polica-za-hodnik\/","title":{"rendered":"Vise\u0107a polica za hodnik"},"content":{"rendered":"<p>Detalji proizvoda:<\/p>\n<ul>\n<li>Te\u017eina: 8,4 kg<\/li>\n<li>Nosivost: 25 kg<\/li>\n<li>Materijal: MDF (E1)<\/li>\n<li>Veli\u010dina proizvoda: 78x20x30cm<\/li>\n<li>Veli\u010dina pakiranja: 89x35x10cm<\/li>\n<li>S uputama za monta\u017eu i vijcima.\u00a0Jednostavna instalacija.<\/li>\n<\/ul>\n","protected":false},"excerpt":{"rendered":"<p>Zidni ormar sa spremnicima i kukicama za kaput unosi red u &#8230; <\/p>\n","protected":false},"featured_media":33870,"template":"","meta":[],"product_cat":[2635],"product_tag":[3922,3923],"yoast_head":"<!-- This site is optimized with the Yoast SEO plugin v23.7 - https:\/\/yoast.com\/wordpress\/plugins\/seo\/ -->\n<title>Vise\u0107a polica za hodnik - Inti<\/title>\n<meta name=\"description\" content=\"Zidni ormar sa spremnicima i kukicama za kaput unosi red u svaki hodnik. S 5 kukica, ovaj ormar nudi dovoljno prostora za va\u0161e jakne, lagane torbe, \u0161alove i jo\u0161 mnogo toga. Jedinice s 2 preklopne ladice nude dovoljno mjesta za klju\u010deve, slova, sitnice... Elegantni stalak za kapute ima 5 metalnih kukica za jakne, kapute, torbe...Zahvaljuju\u0107i ladicama s 2 preklopa, klju\u010devi, \u010da\u0161e ili nakit su uvijek pri ruci u hodniku. Svaki poklopac ima dva mala pretinca. Dakle, imate \u010detiri mala pretinca za razvrstavanje svih vrsta sitnica. Tako \u0107ete svoje posu\u0111e dr\u017eati urednim i na jednom mjestu. Zahvaljuju\u0107i jednostavnom dizajnu, ormar mo\u017eete koristiti u svakoj sobi. Idealno za hodnik, kupaonicu ili kuhinju.\" \/>\n<meta name=\"robots\" content=\"index, follow, max-snippet:-1, max-image-preview:large, max-video-preview:-1\" \/>\n<link rel=\"canonical\" href=\"https:\/\/inti.hr\/sr\/proizvod\/viseca-polica-za-hodnik\/\" \/>\n<meta property=\"og:locale\" content=\"sr_RS\" \/>\n<meta property=\"og:type\" content=\"article\" \/>\n<meta property=\"og:title\" content=\"Vise\u0107a polica za hodnik - Inti\" \/>\n<meta property=\"og:description\" content=\"Zidni ormar sa spremnicima i kukicama za kaput unosi red u svaki hodnik. S 5 kukica, ovaj ormar nudi dovoljno prostora za va\u0161e jakne, lagane torbe, \u0161alove i jo\u0161 mnogo toga. Jedinice s 2 preklopne ladice nude dovoljno mjesta za klju\u010deve, slova, sitnice... Elegantni stalak za kapute ima 5 metalnih kukica za jakne, kapute, torbe...Zahvaljuju\u0107i ladicama s 2 preklopa, klju\u010devi, \u010da\u0161e ili nakit su uvijek pri ruci u hodniku. Svaki poklopac ima dva mala pretinca. Dakle, imate \u010detiri mala pretinca za razvrstavanje svih vrsta sitnica. Tako \u0107ete svoje posu\u0111e dr\u017eati urednim i na jednom mjestu. Zahvaljuju\u0107i jednostavnom dizajnu, ormar mo\u017eete koristiti u svakoj sobi. Idealno za hodnik, kupaonicu ili kuhinju.\" \/>\n<meta property=\"og:url\" content=\"https:\/\/inti.hr\/sr\/proizvod\/viseca-polica-za-hodnik\/\" \/>\n<meta property=\"og:site_name\" content=\"Inti\" \/>\n<meta property=\"og:image\" content=\"https:\/\/i0.wp.com\/inti.hr\/wp-content\/uploads\/2022\/06\/FHK24-W-Y005.webp?fit=1600%2C1600&ssl=1\" \/>\n\t<meta property=\"og:image:width\" content=\"1600\" \/>\n\t<meta property=\"og:image:height\" content=\"1600\" \/>\n\t<meta property=\"og:image:type\" content=\"image\/webp\" \/>\n<meta name=\"twitter:card\" content=\"summary_large_image\" \/>\n<script type=\"application\/ld+json\" class=\"yoast-schema-graph\">{\"@context\":\"https:\/\/schema.org\",\"@graph\":[{\"@type\":\"WebPage\",\"@id\":\"https:\/\/inti.hr\/sr\/proizvod\/viseca-polica-za-hodnik\/\",\"url\":\"https:\/\/inti.hr\/sr\/proizvod\/viseca-polica-za-hodnik\/\",\"name\":\"Vise\u0107a polica za hodnik - Inti\",\"isPartOf\":{\"@id\":\"https:\/\/inti.hr\/sr\/#website\"},\"primaryImageOfPage\":{\"@id\":\"https:\/\/inti.hr\/sr\/proizvod\/viseca-polica-za-hodnik\/#primaryimage\"},\"image\":{\"@id\":\"https:\/\/inti.hr\/sr\/proizvod\/viseca-polica-za-hodnik\/#primaryimage\"},\"thumbnailUrl\":\"https:\/\/i0.wp.com\/inti.hr\/wp-content\/uploads\/2022\/06\/FHK24-W-Y005.webp?fit=1600%2C1600&ssl=1\",\"datePublished\":\"2022-06-06T11:09:05+00:00\",\"dateModified\":\"2022-06-06T11:09:05+00:00\",\"description\":\"Zidni ormar sa spremnicima i kukicama za kaput unosi red u svaki hodnik. S 5 kukica, ovaj ormar nudi dovoljno prostora za va\u0161e jakne, lagane torbe, \u0161alove i jo\u0161 mnogo toga. Jedinice s 2 preklopne ladice nude dovoljno mjesta za klju\u010deve, slova, sitnice... Elegantni stalak za kapute ima 5 metalnih kukica za jakne, kapute, torbe...Zahvaljuju\u0107i ladicama s 2 preklopa, klju\u010devi, \u010da\u0161e ili nakit su uvijek pri ruci u hodniku. Svaki poklopac ima dva mala pretinca. Dakle, imate \u010detiri mala pretinca za razvrstavanje svih vrsta sitnica. Tako \u0107ete svoje posu\u0111e dr\u017eati urednim i na jednom mjestu. Zahvaljuju\u0107i jednostavnom dizajnu, ormar mo\u017eete koristiti u svakoj sobi. Idealno za hodnik, kupaonicu ili kuhinju.\",\"breadcrumb\":{\"@id\":\"https:\/\/inti.hr\/sr\/proizvod\/viseca-polica-za-hodnik\/#breadcrumb\"},\"inLanguage\":\"sr-RS\",\"potentialAction\":[{\"@type\":\"ReadAction\",\"target\":[\"https:\/\/inti.hr\/sr\/proizvod\/viseca-polica-za-hodnik\/\"]}]},{\"@type\":\"ImageObject\",\"inLanguage\":\"sr-RS\",\"@id\":\"https:\/\/inti.hr\/sr\/proizvod\/viseca-polica-za-hodnik\/#primaryimage\",\"url\":\"https:\/\/i0.wp.com\/inti.hr\/wp-content\/uploads\/2022\/06\/FHK24-W-Y005.webp?fit=1600%2C1600&ssl=1\",\"contentUrl\":\"https:\/\/i0.wp.com\/inti.hr\/wp-content\/uploads\/2022\/06\/FHK24-W-Y005.webp?fit=1600%2C1600&ssl=1\",\"width\":1600,\"height\":1600},{\"@type\":\"BreadcrumbList\",\"@id\":\"https:\/\/inti.hr\/sr\/proizvod\/viseca-polica-za-hodnik\/#breadcrumb\",\"itemListElement\":[{\"@type\":\"ListItem\",\"position\":1,\"name\":\"Po\u010detna stranica\",\"item\":\"https:\/\/inti.hr\/sr\/\"},{\"@type\":\"ListItem\",\"position\":2,\"name\":\"Prodavnica\",\"item\":\"https:\/\/inti.hr\/sr\/prodavnica\/\"},{\"@type\":\"ListItem\",\"position\":3,\"name\":\"Vise\u0107a polica za hodnik\"}]},{\"@type\":\"WebSite\",\"@id\":\"https:\/\/inti.hr\/sr\/#website\",\"url\":\"https:\/\/inti.hr\/sr\/\",\"name\":\"Inti\",\"description\":\"trgovina\",\"potentialAction\":[{\"@type\":\"SearchAction\",\"target\":{\"@type\":\"EntryPoint\",\"urlTemplate\":\"https:\/\/inti.hr\/sr\/?s={search_term_string}\"},\"query-input\":{\"@type\":\"PropertyValueSpecification\",\"valueRequired\":true,\"valueName\":\"search_term_string\"}}],\"inLanguage\":\"sr-RS\"}]}<\/script>\n<!-- \/ Yoast SEO plugin. -->","yoast_head_json":{"title":"Vise\u0107a polica za hodnik - Inti","description":"Zidni ormar sa spremnicima i kukicama za kaput unosi red u svaki hodnik. S 5 kukica, ovaj ormar nudi dovoljno prostora za va\u0161e jakne, lagane torbe, \u0161alove i jo\u0161 mnogo toga. Jedinice s 2 preklopne ladice nude dovoljno mjesta za klju\u010deve, slova, sitnice... Elegantni stalak za kapute ima 5 metalnih kukica za jakne, kapute, torbe...Zahvaljuju\u0107i ladicama s 2 preklopa, klju\u010devi, \u010da\u0161e ili nakit su uvijek pri ruci u hodniku. Svaki poklopac ima dva mala pretinca. Dakle, imate \u010detiri mala pretinca za razvrstavanje svih vrsta sitnica. Tako \u0107ete svoje posu\u0111e dr\u017eati urednim i na jednom mjestu. Zahvaljuju\u0107i jednostavnom dizajnu, ormar mo\u017eete koristiti u svakoj sobi. Idealno za hodnik, kupaonicu ili kuhinju.","robots":{"index":"index","follow":"follow","max-snippet":"max-snippet:-1","max-image-preview":"max-image-preview:large","max-video-preview":"max-video-preview:-1"},"canonical":"https:\/\/inti.hr\/sr\/proizvod\/viseca-polica-za-hodnik\/","og_locale":"sr_RS","og_type":"article","og_title":"Vise\u0107a polica za hodnik - Inti","og_description":"Zidni ormar sa spremnicima i kukicama za kaput unosi red u svaki hodnik. S 5 kukica, ovaj ormar nudi dovoljno prostora za va\u0161e jakne, lagane torbe, \u0161alove i jo\u0161 mnogo toga. Jedinice s 2 preklopne ladice nude dovoljno mjesta za klju\u010deve, slova, sitnice... Elegantni stalak za kapute ima 5 metalnih kukica za jakne, kapute, torbe...Zahvaljuju\u0107i ladicama s 2 preklopa, klju\u010devi, \u010da\u0161e ili nakit su uvijek pri ruci u hodniku. Svaki poklopac ima dva mala pretinca. Dakle, imate \u010detiri mala pretinca za razvrstavanje svih vrsta sitnica. Tako \u0107ete svoje posu\u0111e dr\u017eati urednim i na jednom mjestu. Zahvaljuju\u0107i jednostavnom dizajnu, ormar mo\u017eete koristiti u svakoj sobi. Idealno za hodnik, kupaonicu ili kuhinju.","og_url":"https:\/\/inti.hr\/sr\/proizvod\/viseca-polica-za-hodnik\/","og_site_name":"Inti","og_image":[{"width":1600,"height":1600,"url":"https:\/\/i0.wp.com\/inti.hr\/wp-content\/uploads\/2022\/06\/FHK24-W-Y005.webp?fit=1600%2C1600&ssl=1","type":"image\/webp"}],"twitter_card":"summary_large_image","schema":{"@context":"https:\/\/schema.org","@graph":[{"@type":"WebPage","@id":"https:\/\/inti.hr\/sr\/proizvod\/viseca-polica-za-hodnik\/","url":"https:\/\/inti.hr\/sr\/proizvod\/viseca-polica-za-hodnik\/","name":"Vise\u0107a polica za hodnik - Inti","isPartOf":{"@id":"https:\/\/inti.hr\/sr\/#website"},"primaryImageOfPage":{"@id":"https:\/\/inti.hr\/sr\/proizvod\/viseca-polica-za-hodnik\/#primaryimage"},"image":{"@id":"https:\/\/inti.hr\/sr\/proizvod\/viseca-polica-za-hodnik\/#primaryimage"},"thumbnailUrl":"https:\/\/i0.wp.com\/inti.hr\/wp-content\/uploads\/2022\/06\/FHK24-W-Y005.webp?fit=1600%2C1600&ssl=1","datePublished":"2022-06-06T11:09:05+00:00","dateModified":"2022-06-06T11:09:05+00:00","description":"Zidni ormar sa spremnicima i kukicama za kaput unosi red u svaki hodnik. S 5 kukica, ovaj ormar nudi dovoljno prostora za va\u0161e jakne, lagane torbe, \u0161alove i jo\u0161 mnogo toga. Jedinice s 2 preklopne ladice nude dovoljno mjesta za klju\u010deve, slova, sitnice... Elegantni stalak za kapute ima 5 metalnih kukica za jakne, kapute, torbe...Zahvaljuju\u0107i ladicama s 2 preklopa, klju\u010devi, \u010da\u0161e ili nakit su uvijek pri ruci u hodniku. Svaki poklopac ima dva mala pretinca. Dakle, imate \u010detiri mala pretinca za razvrstavanje svih vrsta sitnica. Tako \u0107ete svoje posu\u0111e dr\u017eati urednim i na jednom mjestu. Zahvaljuju\u0107i jednostavnom dizajnu, ormar mo\u017eete koristiti u svakoj sobi. Idealno za hodnik, kupaonicu ili kuhinju.","breadcrumb":{"@id":"https:\/\/inti.hr\/sr\/proizvod\/viseca-polica-za-hodnik\/#breadcrumb"},"inLanguage":"sr-RS","potentialAction":[{"@type":"ReadAction","target":["https:\/\/inti.hr\/sr\/proizvod\/viseca-polica-za-hodnik\/"]}]},{"@type":"ImageObject","inLanguage":"sr-RS","@id":"https:\/\/inti.hr\/sr\/proizvod\/viseca-polica-za-hodnik\/#primaryimage","url":"https:\/\/i0.wp.com\/inti.hr\/wp-content\/uploads\/2022\/06\/FHK24-W-Y005.webp?fit=1600%2C1600&ssl=1","contentUrl":"https:\/\/i0.wp.com\/inti.hr\/wp-content\/uploads\/2022\/06\/FHK24-W-Y005.webp?fit=1600%2C1600&ssl=1","width":1600,"height":1600},{"@type":"BreadcrumbList","@id":"https:\/\/inti.hr\/sr\/proizvod\/viseca-polica-za-hodnik\/#breadcrumb","itemListElement":[{"@type":"ListItem","position":1,"name":"Po\u010detna stranica","item":"https:\/\/inti.hr\/sr\/"},{"@type":"ListItem","position":2,"name":"Prodavnica","item":"https:\/\/inti.hr\/sr\/prodavnica\/"},{"@type":"ListItem","position":3,"name":"Vise\u0107a polica za hodnik"}]},{"@type":"WebSite","@id":"https:\/\/inti.hr\/sr\/#website","url":"https:\/\/inti.hr\/sr\/","name":"Inti","description":"trgovina","potentialAction":[{"@type":"SearchAction","target":{"@type":"EntryPoint","urlTemplate":"https:\/\/inti.hr\/sr\/?s={search_term_string}"},"query-input":{"@type":"PropertyValueSpecification","valueRequired":true,"valueName":"search_term_string"}}],"inLanguage":"sr-RS"}]}},"jetpack_sharing_enabled":true,"jetpack-related-posts":[],"_links":{"self":[{"href":"https:\/\/inti.hr\/sr\/wp-json\/wp\/v2\/product\/33869"}],"collection":[{"href":"https:\/\/inti.hr\/sr\/wp-json\/wp\/v2\/product"}],"about":[{"href":"https:\/\/inti.hr\/sr\/wp-json\/wp\/v2\/types\/product"}],"wp:featuredmedia":[{"embeddable":true,"href":"https:\/\/inti.hr\/sr\/wp-json\/wp\/v2\/media\/33870"}],"wp:attachment":[{"href":"https:\/\/inti.hr\/sr\/wp-json\/wp\/v2\/media?parent=33869"}],"wp:term":[{"taxonomy":"product_cat","embeddable":true,"href":"https:\/\/inti.hr\/sr\/wp-json\/wp\/v2\/product_cat?post=33869"},{"taxonomy":"product_tag","embeddable":true,"href":"https:\/\/inti.hr\/sr\/wp-json\/wp\/v2\/product_tag?post=33869"}],"curies":[{"name":"wp","href":"https:\/\/api.w.org\/{rel}","templated":true}]}}