{"id":33877,"date":"2022-06-02T14:17:43","date_gmt":"2022-06-02T14:17:43","guid":{"rendered":"https:\/\/inti.hr\/product\/stalak-za-rublje-od-bambusa-krem\/"},"modified":"2022-06-02T14:17:43","modified_gmt":"2022-06-02T14:17:43","slug":"stalak-za-rublje-od-bambusa-krem","status":"publish","type":"product","link":"https:\/\/inti.hr\/sr\/proizvod\/stalak-za-rublje-od-bambusa-krem\/","title":{"rendered":"Stalak za rublje od bambusa krem"},"content":{"rendered":"<p><b>Detalji o proizvodu:<\/b><\/p>\n<p>&#8211; Prakti\u010dna i dekorativna kutija za odlaganje rublja<br \/>\n&#8211; S vre\u0107icom za rublje koja se mo\u017ee skinuti za prakti\u010dan transport rublja<br \/>\n&#8211; Prirodni i ekolo\u0161ki prihvatljivi materijali<br \/>\n&#8211; Prednja i povr\u0161ina propusna za zrak<br \/>\n&#8211; Brza i jednostavna monta\u017ea<br \/>\n&#8211; S dodatnom policom<\/p>\n<p><b>Dimenzije:<\/b><\/p>\n<p>&#8211; Ukupno (Dx\u0160xV): 40 x 30 x 95 cm<br \/>\n&#8211; Unutarnje dimenzije (Dx\u0160xV): 34 x 26 x 52 cm<br \/>\n&#8211; Vre\u0107a za rublje (Dx\u0160xV): 33 x 25 x 38-49 cm<br \/>\n&#8211; Udaljenost izme\u0111u povr\u0161ine i police: 21 cm<br \/>\n&#8211; Polica (Dx\u0160): 37 x 30 cm<br \/>\n&#8211; visina stopala: 8,5 cm<\/p>\n<p><b>Materijal:<\/b><\/p>\n<p>&#8211; Stalak za rublje: bambus<br \/>\n&#8211; Vre\u0107a za rublje: flis<\/p>\n<p><b>Boja:<\/b><\/p>\n<p>&#8211; Stalak za rublje: Prirodno<br \/>\n&#8211; Vre\u0107a za rublje: Krema<\/p>\n","protected":false},"excerpt":{"rendered":"<p>Elegantan i prakti\u010dan sakuplja\u010d rublja idealan je za va\u0161e ku\u0107anstvo.\u00a0Prilo\u017eena vre\u0107ica &#8230; <\/p>\n","protected":false},"featured_media":33878,"template":"","meta":[],"product_cat":[2396],"product_tag":[3926,2522,3927,3673],"yoast_head":"<!-- This site is optimized with the Yoast SEO plugin v23.7 - https:\/\/yoast.com\/wordpress\/plugins\/seo\/ -->\n<title>Stalak za rublje od bambusa krem - Inti<\/title>\n<meta name=\"description\" content=\"Elegantan i prakti\u010dan sakuplja\u010d rublja idealan je za va\u0161e ku\u0107anstvo. Prilo\u017eena vre\u0107ica za rublje nudi dovoljno prostora za pohranu va\u0161eg rublja i mo\u017ee se brzo i jednostavno ukloniti.\" \/>\n<meta name=\"robots\" content=\"index, follow, max-snippet:-1, max-image-preview:large, max-video-preview:-1\" \/>\n<link rel=\"canonical\" href=\"https:\/\/inti.hr\/sr\/proizvod\/stalak-za-rublje-od-bambusa-krem\/\" \/>\n<meta property=\"og:locale\" content=\"sr_RS\" \/>\n<meta property=\"og:type\" content=\"article\" \/>\n<meta property=\"og:title\" content=\"Stalak za rublje od bambusa krem - Inti\" \/>\n<meta property=\"og:description\" content=\"Elegantan i prakti\u010dan sakuplja\u010d rublja idealan je za va\u0161e ku\u0107anstvo. Prilo\u017eena vre\u0107ica za rublje nudi dovoljno prostora za pohranu va\u0161eg rublja i mo\u017ee se brzo i jednostavno ukloniti.\" \/>\n<meta property=\"og:url\" content=\"https:\/\/inti.hr\/sr\/proizvod\/stalak-za-rublje-od-bambusa-krem\/\" \/>\n<meta property=\"og:site_name\" content=\"Inti\" \/>\n<meta property=\"og:image\" content=\"https:\/\/i0.wp.com\/inti.hr\/wp-content\/uploads\/2022\/06\/b5bd4f3c3e723e6c6386079067755f28.jpg?fit=2000%2C2000&ssl=1\" \/>\n\t<meta property=\"og:image:width\" content=\"2000\" \/>\n\t<meta property=\"og:image:height\" content=\"2000\" \/>\n\t<meta property=\"og:image:type\" content=\"image\/jpeg\" \/>\n<meta name=\"twitter:card\" content=\"summary_large_image\" \/>\n<meta name=\"twitter:label1\" content=\"\u041f\u0440\u043e\u0446\u0435\u045a\u0435\u043d\u043e \u0432\u0440\u0435\u043c\u0435 \u0447\u0438\u0442\u0430\u045a\u0430\" \/>\n\t<meta name=\"twitter:data1\" content=\"1 \u043c\u0438\u043d\u0443\u0442\" \/>\n<script type=\"application\/ld+json\" class=\"yoast-schema-graph\">{\"@context\":\"https:\/\/schema.org\",\"@graph\":[{\"@type\":\"WebPage\",\"@id\":\"https:\/\/inti.hr\/sr\/proizvod\/stalak-za-rublje-od-bambusa-krem\/\",\"url\":\"https:\/\/inti.hr\/sr\/proizvod\/stalak-za-rublje-od-bambusa-krem\/\",\"name\":\"Stalak za rublje od bambusa krem - Inti\",\"isPartOf\":{\"@id\":\"https:\/\/inti.hr\/sr\/#website\"},\"primaryImageOfPage\":{\"@id\":\"https:\/\/inti.hr\/sr\/proizvod\/stalak-za-rublje-od-bambusa-krem\/#primaryimage\"},\"image\":{\"@id\":\"https:\/\/inti.hr\/sr\/proizvod\/stalak-za-rublje-od-bambusa-krem\/#primaryimage\"},\"thumbnailUrl\":\"https:\/\/i0.wp.com\/inti.hr\/wp-content\/uploads\/2022\/06\/b5bd4f3c3e723e6c6386079067755f28.jpg?fit=2000%2C2000&ssl=1\",\"datePublished\":\"2022-06-02T14:17:43+00:00\",\"dateModified\":\"2022-06-02T14:17:43+00:00\",\"description\":\"Elegantan i prakti\u010dan sakuplja\u010d rublja idealan je za va\u0161e ku\u0107anstvo. Prilo\u017eena vre\u0107ica za rublje nudi dovoljno prostora za pohranu va\u0161eg rublja i mo\u017ee se brzo i jednostavno ukloniti.\",\"breadcrumb\":{\"@id\":\"https:\/\/inti.hr\/sr\/proizvod\/stalak-za-rublje-od-bambusa-krem\/#breadcrumb\"},\"inLanguage\":\"sr-RS\",\"potentialAction\":[{\"@type\":\"ReadAction\",\"target\":[\"https:\/\/inti.hr\/sr\/proizvod\/stalak-za-rublje-od-bambusa-krem\/\"]}]},{\"@type\":\"ImageObject\",\"inLanguage\":\"sr-RS\",\"@id\":\"https:\/\/inti.hr\/sr\/proizvod\/stalak-za-rublje-od-bambusa-krem\/#primaryimage\",\"url\":\"https:\/\/i0.wp.com\/inti.hr\/wp-content\/uploads\/2022\/06\/b5bd4f3c3e723e6c6386079067755f28.jpg?fit=2000%2C2000&ssl=1\",\"contentUrl\":\"https:\/\/i0.wp.com\/inti.hr\/wp-content\/uploads\/2022\/06\/b5bd4f3c3e723e6c6386079067755f28.jpg?fit=2000%2C2000&ssl=1\",\"width\":2000,\"height\":2000},{\"@type\":\"BreadcrumbList\",\"@id\":\"https:\/\/inti.hr\/sr\/proizvod\/stalak-za-rublje-od-bambusa-krem\/#breadcrumb\",\"itemListElement\":[{\"@type\":\"ListItem\",\"position\":1,\"name\":\"Po\u010detna stranica\",\"item\":\"https:\/\/inti.hr\/sr\/\"},{\"@type\":\"ListItem\",\"position\":2,\"name\":\"Prodavnica\",\"item\":\"https:\/\/inti.hr\/sr\/prodavnica\/\"},{\"@type\":\"ListItem\",\"position\":3,\"name\":\"Stalak za rublje od bambusa krem\"}]},{\"@type\":\"WebSite\",\"@id\":\"https:\/\/inti.hr\/sr\/#website\",\"url\":\"https:\/\/inti.hr\/sr\/\",\"name\":\"Inti\",\"description\":\"trgovina\",\"potentialAction\":[{\"@type\":\"SearchAction\",\"target\":{\"@type\":\"EntryPoint\",\"urlTemplate\":\"https:\/\/inti.hr\/sr\/?s={search_term_string}\"},\"query-input\":{\"@type\":\"PropertyValueSpecification\",\"valueRequired\":true,\"valueName\":\"search_term_string\"}}],\"inLanguage\":\"sr-RS\"}]}<\/script>\n<!-- \/ Yoast SEO plugin. -->","yoast_head_json":{"title":"Stalak za rublje od bambusa krem - Inti","description":"Elegantan i prakti\u010dan sakuplja\u010d rublja idealan je za va\u0161e ku\u0107anstvo. Prilo\u017eena vre\u0107ica za rublje nudi dovoljno prostora za pohranu va\u0161eg rublja i mo\u017ee se brzo i jednostavno ukloniti.","robots":{"index":"index","follow":"follow","max-snippet":"max-snippet:-1","max-image-preview":"max-image-preview:large","max-video-preview":"max-video-preview:-1"},"canonical":"https:\/\/inti.hr\/sr\/proizvod\/stalak-za-rublje-od-bambusa-krem\/","og_locale":"sr_RS","og_type":"article","og_title":"Stalak za rublje od bambusa krem - Inti","og_description":"Elegantan i prakti\u010dan sakuplja\u010d rublja idealan je za va\u0161e ku\u0107anstvo. Prilo\u017eena vre\u0107ica za rublje nudi dovoljno prostora za pohranu va\u0161eg rublja i mo\u017ee se brzo i jednostavno ukloniti.","og_url":"https:\/\/inti.hr\/sr\/proizvod\/stalak-za-rublje-od-bambusa-krem\/","og_site_name":"Inti","og_image":[{"width":2000,"height":2000,"url":"https:\/\/i0.wp.com\/inti.hr\/wp-content\/uploads\/2022\/06\/b5bd4f3c3e723e6c6386079067755f28.jpg?fit=2000%2C2000&ssl=1","type":"image\/jpeg"}],"twitter_card":"summary_large_image","twitter_misc":{"\u041f\u0440\u043e\u0446\u0435\u045a\u0435\u043d\u043e \u0432\u0440\u0435\u043c\u0435 \u0447\u0438\u0442\u0430\u045a\u0430":"1 \u043c\u0438\u043d\u0443\u0442"},"schema":{"@context":"https:\/\/schema.org","@graph":[{"@type":"WebPage","@id":"https:\/\/inti.hr\/sr\/proizvod\/stalak-za-rublje-od-bambusa-krem\/","url":"https:\/\/inti.hr\/sr\/proizvod\/stalak-za-rublje-od-bambusa-krem\/","name":"Stalak za rublje od bambusa krem - Inti","isPartOf":{"@id":"https:\/\/inti.hr\/sr\/#website"},"primaryImageOfPage":{"@id":"https:\/\/inti.hr\/sr\/proizvod\/stalak-za-rublje-od-bambusa-krem\/#primaryimage"},"image":{"@id":"https:\/\/inti.hr\/sr\/proizvod\/stalak-za-rublje-od-bambusa-krem\/#primaryimage"},"thumbnailUrl":"https:\/\/i0.wp.com\/inti.hr\/wp-content\/uploads\/2022\/06\/b5bd4f3c3e723e6c6386079067755f28.jpg?fit=2000%2C2000&ssl=1","datePublished":"2022-06-02T14:17:43+00:00","dateModified":"2022-06-02T14:17:43+00:00","description":"Elegantan i prakti\u010dan sakuplja\u010d rublja idealan je za va\u0161e ku\u0107anstvo. Prilo\u017eena vre\u0107ica za rublje nudi dovoljno prostora za pohranu va\u0161eg rublja i mo\u017ee se brzo i jednostavno ukloniti.","breadcrumb":{"@id":"https:\/\/inti.hr\/sr\/proizvod\/stalak-za-rublje-od-bambusa-krem\/#breadcrumb"},"inLanguage":"sr-RS","potentialAction":[{"@type":"ReadAction","target":["https:\/\/inti.hr\/sr\/proizvod\/stalak-za-rublje-od-bambusa-krem\/"]}]},{"@type":"ImageObject","inLanguage":"sr-RS","@id":"https:\/\/inti.hr\/sr\/proizvod\/stalak-za-rublje-od-bambusa-krem\/#primaryimage","url":"https:\/\/i0.wp.com\/inti.hr\/wp-content\/uploads\/2022\/06\/b5bd4f3c3e723e6c6386079067755f28.jpg?fit=2000%2C2000&ssl=1","contentUrl":"https:\/\/i0.wp.com\/inti.hr\/wp-content\/uploads\/2022\/06\/b5bd4f3c3e723e6c6386079067755f28.jpg?fit=2000%2C2000&ssl=1","width":2000,"height":2000},{"@type":"BreadcrumbList","@id":"https:\/\/inti.hr\/sr\/proizvod\/stalak-za-rublje-od-bambusa-krem\/#breadcrumb","itemListElement":[{"@type":"ListItem","position":1,"name":"Po\u010detna stranica","item":"https:\/\/inti.hr\/sr\/"},{"@type":"ListItem","position":2,"name":"Prodavnica","item":"https:\/\/inti.hr\/sr\/prodavnica\/"},{"@type":"ListItem","position":3,"name":"Stalak za rublje od bambusa krem"}]},{"@type":"WebSite","@id":"https:\/\/inti.hr\/sr\/#website","url":"https:\/\/inti.hr\/sr\/","name":"Inti","description":"trgovina","potentialAction":[{"@type":"SearchAction","target":{"@type":"EntryPoint","urlTemplate":"https:\/\/inti.hr\/sr\/?s={search_term_string}"},"query-input":{"@type":"PropertyValueSpecification","valueRequired":true,"valueName":"search_term_string"}}],"inLanguage":"sr-RS"}]}},"jetpack_sharing_enabled":true,"jetpack-related-posts":[],"_links":{"self":[{"href":"https:\/\/inti.hr\/sr\/wp-json\/wp\/v2\/product\/33877"}],"collection":[{"href":"https:\/\/inti.hr\/sr\/wp-json\/wp\/v2\/product"}],"about":[{"href":"https:\/\/inti.hr\/sr\/wp-json\/wp\/v2\/types\/product"}],"wp:featuredmedia":[{"embeddable":true,"href":"https:\/\/inti.hr\/sr\/wp-json\/wp\/v2\/media\/33878"}],"wp:attachment":[{"href":"https:\/\/inti.hr\/sr\/wp-json\/wp\/v2\/media?parent=33877"}],"wp:term":[{"taxonomy":"product_cat","embeddable":true,"href":"https:\/\/inti.hr\/sr\/wp-json\/wp\/v2\/product_cat?post=33877"},{"taxonomy":"product_tag","embeddable":true,"href":"https:\/\/inti.hr\/sr\/wp-json\/wp\/v2\/product_tag?post=33877"}],"curies":[{"name":"wp","href":"https:\/\/api.w.org\/{rel}","templated":true}]}}