{"id":33897,"date":"2022-06-01T12:50:36","date_gmt":"2022-06-01T12:50:36","guid":{"rendered":"https:\/\/inti.hr\/product\/mali-nocni-ormaric\/"},"modified":"2022-06-01T12:50:36","modified_gmt":"2022-06-01T12:50:36","slug":"mali-nocni-ormaric","status":"publish","type":"product","link":"https:\/\/inti.hr\/sr\/proizvod\/mali-nocni-ormaric\/","title":{"rendered":"Mali no\u0107ni ormari\u0107"},"content":{"rendered":"<p>Detalji proizvoda:<\/p>\n<ul>\n<li><span class=\"a-list-item\">Materijal: MDF drvo s bijelim premazom otpornim na melamin, noge premazane \u017eeljezom prahom<\/span><\/li>\n<li><span class=\"a-list-item\">Mjere: du\u017eina 41 cm, dubina: 35 cm, visina: 51 cm, te\u017eina: 4 kg, maksimalno optere\u0107enje: 15 kg<\/span><\/li>\n<li><span class=\"a-list-item\">S uputama za monta\u017eu i vijcima.\u00a0Jednostavna instalacija.<\/span><\/li>\n<\/ul>\n","protected":false},"excerpt":{"rendered":"<p>Ovaj no\u0107ni ormari\u0107 prikladan je spava\u0107u sobu, ali mo\u017ee se koristit &#8230; <\/p>\n","protected":false},"featured_media":33898,"template":"","meta":[],"product_cat":[2416],"product_tag":[3185,3939,2677],"yoast_head":"<!-- This site is optimized with the Yoast SEO plugin v23.7 - https:\/\/yoast.com\/wordpress\/plugins\/seo\/ -->\n<title>Mali no\u0107ni ormari\u0107 - Inti<\/title>\n<meta name=\"description\" content=\"Ovaj no\u0107ni ormari\u0107 prikladan je spava\u0107u sobu, ali mo\u017ee se koristit i u dnevnoj sobi uz sofu. Zahvaljuju\u0107i dizajnu i jasnim kompaktnim i decentnim linijama, no\u0107ni ormari\u0107 savr\u0161eno se uklapa u mnoge stilove ure\u0111enja i mo\u017ee se kombinirati s razli\u010ditim vrstama namje\u0161taja.\u00a0Bez sumnje, to je prakti\u010dan i dekorativni komad namje\u0161taja u va\u0161em domu.\" \/>\n<meta name=\"robots\" content=\"index, follow, max-snippet:-1, max-image-preview:large, max-video-preview:-1\" \/>\n<link rel=\"canonical\" href=\"https:\/\/inti.hr\/sr\/proizvod\/mali-nocni-ormaric\/\" \/>\n<meta property=\"og:locale\" content=\"sr_RS\" \/>\n<meta property=\"og:type\" content=\"article\" \/>\n<meta property=\"og:title\" content=\"Mali no\u0107ni ormari\u0107 - Inti\" \/>\n<meta property=\"og:description\" content=\"Ovaj no\u0107ni ormari\u0107 prikladan je spava\u0107u sobu, ali mo\u017ee se koristit i u dnevnoj sobi uz sofu. Zahvaljuju\u0107i dizajnu i jasnim kompaktnim i decentnim linijama, no\u0107ni ormari\u0107 savr\u0161eno se uklapa u mnoge stilove ure\u0111enja i mo\u017ee se kombinirati s razli\u010ditim vrstama namje\u0161taja.\u00a0Bez sumnje, to je prakti\u010dan i dekorativni komad namje\u0161taja u va\u0161em domu.\" \/>\n<meta property=\"og:url\" content=\"https:\/\/inti.hr\/sr\/proizvod\/mali-nocni-ormaric\/\" \/>\n<meta property=\"og:site_name\" content=\"Inti\" \/>\n<meta property=\"og:image\" content=\"https:\/\/i0.wp.com\/inti.hr\/wp-content\/uploads\/2022\/06\/FBT82-W-Y001.webp?fit=709%2C709&ssl=1\" \/>\n\t<meta property=\"og:image:width\" content=\"709\" \/>\n\t<meta property=\"og:image:height\" content=\"709\" \/>\n\t<meta property=\"og:image:type\" content=\"image\/webp\" \/>\n<meta name=\"twitter:card\" content=\"summary_large_image\" \/>\n<script type=\"application\/ld+json\" class=\"yoast-schema-graph\">{\"@context\":\"https:\/\/schema.org\",\"@graph\":[{\"@type\":\"WebPage\",\"@id\":\"https:\/\/inti.hr\/sr\/proizvod\/mali-nocni-ormaric\/\",\"url\":\"https:\/\/inti.hr\/sr\/proizvod\/mali-nocni-ormaric\/\",\"name\":\"Mali no\u0107ni ormari\u0107 - Inti\",\"isPartOf\":{\"@id\":\"https:\/\/inti.hr\/sr\/#website\"},\"primaryImageOfPage\":{\"@id\":\"https:\/\/inti.hr\/sr\/proizvod\/mali-nocni-ormaric\/#primaryimage\"},\"image\":{\"@id\":\"https:\/\/inti.hr\/sr\/proizvod\/mali-nocni-ormaric\/#primaryimage\"},\"thumbnailUrl\":\"https:\/\/i0.wp.com\/inti.hr\/wp-content\/uploads\/2022\/06\/FBT82-W-Y001.webp?fit=709%2C709&ssl=1\",\"datePublished\":\"2022-06-01T12:50:36+00:00\",\"dateModified\":\"2022-06-01T12:50:36+00:00\",\"description\":\"Ovaj no\u0107ni ormari\u0107 prikladan je spava\u0107u sobu, ali mo\u017ee se koristit i u dnevnoj sobi uz sofu. Zahvaljuju\u0107i dizajnu i jasnim kompaktnim i decentnim linijama, no\u0107ni ormari\u0107 savr\u0161eno se uklapa u mnoge stilove ure\u0111enja i mo\u017ee se kombinirati s razli\u010ditim vrstama namje\u0161taja.\u00a0Bez sumnje, to je prakti\u010dan i dekorativni komad namje\u0161taja u va\u0161em domu.\",\"breadcrumb\":{\"@id\":\"https:\/\/inti.hr\/sr\/proizvod\/mali-nocni-ormaric\/#breadcrumb\"},\"inLanguage\":\"sr-RS\",\"potentialAction\":[{\"@type\":\"ReadAction\",\"target\":[\"https:\/\/inti.hr\/sr\/proizvod\/mali-nocni-ormaric\/\"]}]},{\"@type\":\"ImageObject\",\"inLanguage\":\"sr-RS\",\"@id\":\"https:\/\/inti.hr\/sr\/proizvod\/mali-nocni-ormaric\/#primaryimage\",\"url\":\"https:\/\/i0.wp.com\/inti.hr\/wp-content\/uploads\/2022\/06\/FBT82-W-Y001.webp?fit=709%2C709&ssl=1\",\"contentUrl\":\"https:\/\/i0.wp.com\/inti.hr\/wp-content\/uploads\/2022\/06\/FBT82-W-Y001.webp?fit=709%2C709&ssl=1\",\"width\":709,\"height\":709},{\"@type\":\"BreadcrumbList\",\"@id\":\"https:\/\/inti.hr\/sr\/proizvod\/mali-nocni-ormaric\/#breadcrumb\",\"itemListElement\":[{\"@type\":\"ListItem\",\"position\":1,\"name\":\"Po\u010detna stranica\",\"item\":\"https:\/\/inti.hr\/sr\/\"},{\"@type\":\"ListItem\",\"position\":2,\"name\":\"Prodavnica\",\"item\":\"https:\/\/inti.hr\/sr\/prodavnica\/\"},{\"@type\":\"ListItem\",\"position\":3,\"name\":\"Mali no\u0107ni ormari\u0107\"}]},{\"@type\":\"WebSite\",\"@id\":\"https:\/\/inti.hr\/sr\/#website\",\"url\":\"https:\/\/inti.hr\/sr\/\",\"name\":\"Inti\",\"description\":\"trgovina\",\"potentialAction\":[{\"@type\":\"SearchAction\",\"target\":{\"@type\":\"EntryPoint\",\"urlTemplate\":\"https:\/\/inti.hr\/sr\/?s={search_term_string}\"},\"query-input\":{\"@type\":\"PropertyValueSpecification\",\"valueRequired\":true,\"valueName\":\"search_term_string\"}}],\"inLanguage\":\"sr-RS\"}]}<\/script>\n<!-- \/ Yoast SEO plugin. -->","yoast_head_json":{"title":"Mali no\u0107ni ormari\u0107 - Inti","description":"Ovaj no\u0107ni ormari\u0107 prikladan je spava\u0107u sobu, ali mo\u017ee se koristit i u dnevnoj sobi uz sofu. Zahvaljuju\u0107i dizajnu i jasnim kompaktnim i decentnim linijama, no\u0107ni ormari\u0107 savr\u0161eno se uklapa u mnoge stilove ure\u0111enja i mo\u017ee se kombinirati s razli\u010ditim vrstama namje\u0161taja.\u00a0Bez sumnje, to je prakti\u010dan i dekorativni komad namje\u0161taja u va\u0161em domu.","robots":{"index":"index","follow":"follow","max-snippet":"max-snippet:-1","max-image-preview":"max-image-preview:large","max-video-preview":"max-video-preview:-1"},"canonical":"https:\/\/inti.hr\/sr\/proizvod\/mali-nocni-ormaric\/","og_locale":"sr_RS","og_type":"article","og_title":"Mali no\u0107ni ormari\u0107 - Inti","og_description":"Ovaj no\u0107ni ormari\u0107 prikladan je spava\u0107u sobu, ali mo\u017ee se koristit i u dnevnoj sobi uz sofu. Zahvaljuju\u0107i dizajnu i jasnim kompaktnim i decentnim linijama, no\u0107ni ormari\u0107 savr\u0161eno se uklapa u mnoge stilove ure\u0111enja i mo\u017ee se kombinirati s razli\u010ditim vrstama namje\u0161taja.\u00a0Bez sumnje, to je prakti\u010dan i dekorativni komad namje\u0161taja u va\u0161em domu.","og_url":"https:\/\/inti.hr\/sr\/proizvod\/mali-nocni-ormaric\/","og_site_name":"Inti","og_image":[{"width":709,"height":709,"url":"https:\/\/i0.wp.com\/inti.hr\/wp-content\/uploads\/2022\/06\/FBT82-W-Y001.webp?fit=709%2C709&ssl=1","type":"image\/webp"}],"twitter_card":"summary_large_image","schema":{"@context":"https:\/\/schema.org","@graph":[{"@type":"WebPage","@id":"https:\/\/inti.hr\/sr\/proizvod\/mali-nocni-ormaric\/","url":"https:\/\/inti.hr\/sr\/proizvod\/mali-nocni-ormaric\/","name":"Mali no\u0107ni ormari\u0107 - Inti","isPartOf":{"@id":"https:\/\/inti.hr\/sr\/#website"},"primaryImageOfPage":{"@id":"https:\/\/inti.hr\/sr\/proizvod\/mali-nocni-ormaric\/#primaryimage"},"image":{"@id":"https:\/\/inti.hr\/sr\/proizvod\/mali-nocni-ormaric\/#primaryimage"},"thumbnailUrl":"https:\/\/i0.wp.com\/inti.hr\/wp-content\/uploads\/2022\/06\/FBT82-W-Y001.webp?fit=709%2C709&ssl=1","datePublished":"2022-06-01T12:50:36+00:00","dateModified":"2022-06-01T12:50:36+00:00","description":"Ovaj no\u0107ni ormari\u0107 prikladan je spava\u0107u sobu, ali mo\u017ee se koristit i u dnevnoj sobi uz sofu. Zahvaljuju\u0107i dizajnu i jasnim kompaktnim i decentnim linijama, no\u0107ni ormari\u0107 savr\u0161eno se uklapa u mnoge stilove ure\u0111enja i mo\u017ee se kombinirati s razli\u010ditim vrstama namje\u0161taja.\u00a0Bez sumnje, to je prakti\u010dan i dekorativni komad namje\u0161taja u va\u0161em domu.","breadcrumb":{"@id":"https:\/\/inti.hr\/sr\/proizvod\/mali-nocni-ormaric\/#breadcrumb"},"inLanguage":"sr-RS","potentialAction":[{"@type":"ReadAction","target":["https:\/\/inti.hr\/sr\/proizvod\/mali-nocni-ormaric\/"]}]},{"@type":"ImageObject","inLanguage":"sr-RS","@id":"https:\/\/inti.hr\/sr\/proizvod\/mali-nocni-ormaric\/#primaryimage","url":"https:\/\/i0.wp.com\/inti.hr\/wp-content\/uploads\/2022\/06\/FBT82-W-Y001.webp?fit=709%2C709&ssl=1","contentUrl":"https:\/\/i0.wp.com\/inti.hr\/wp-content\/uploads\/2022\/06\/FBT82-W-Y001.webp?fit=709%2C709&ssl=1","width":709,"height":709},{"@type":"BreadcrumbList","@id":"https:\/\/inti.hr\/sr\/proizvod\/mali-nocni-ormaric\/#breadcrumb","itemListElement":[{"@type":"ListItem","position":1,"name":"Po\u010detna stranica","item":"https:\/\/inti.hr\/sr\/"},{"@type":"ListItem","position":2,"name":"Prodavnica","item":"https:\/\/inti.hr\/sr\/prodavnica\/"},{"@type":"ListItem","position":3,"name":"Mali no\u0107ni ormari\u0107"}]},{"@type":"WebSite","@id":"https:\/\/inti.hr\/sr\/#website","url":"https:\/\/inti.hr\/sr\/","name":"Inti","description":"trgovina","potentialAction":[{"@type":"SearchAction","target":{"@type":"EntryPoint","urlTemplate":"https:\/\/inti.hr\/sr\/?s={search_term_string}"},"query-input":{"@type":"PropertyValueSpecification","valueRequired":true,"valueName":"search_term_string"}}],"inLanguage":"sr-RS"}]}},"jetpack_sharing_enabled":true,"jetpack-related-posts":[],"_links":{"self":[{"href":"https:\/\/inti.hr\/sr\/wp-json\/wp\/v2\/product\/33897"}],"collection":[{"href":"https:\/\/inti.hr\/sr\/wp-json\/wp\/v2\/product"}],"about":[{"href":"https:\/\/inti.hr\/sr\/wp-json\/wp\/v2\/types\/product"}],"wp:featuredmedia":[{"embeddable":true,"href":"https:\/\/inti.hr\/sr\/wp-json\/wp\/v2\/media\/33898"}],"wp:attachment":[{"href":"https:\/\/inti.hr\/sr\/wp-json\/wp\/v2\/media?parent=33897"}],"wp:term":[{"taxonomy":"product_cat","embeddable":true,"href":"https:\/\/inti.hr\/sr\/wp-json\/wp\/v2\/product_cat?post=33897"},{"taxonomy":"product_tag","embeddable":true,"href":"https:\/\/inti.hr\/sr\/wp-json\/wp\/v2\/product_tag?post=33897"}],"curies":[{"name":"wp","href":"https:\/\/api.w.org\/{rel}","templated":true}]}}