{"id":33901,"date":"2022-05-31T11:41:12","date_gmt":"2022-05-31T11:41:12","guid":{"rendered":"https:\/\/inti.hr\/product\/dizajn-vodovodne-cijevi-za-kapute\/"},"modified":"2022-05-31T11:41:12","modified_gmt":"2022-05-31T11:41:12","slug":"dizajn-vodovodne-cijevi-za-kapute","status":"publish","type":"product","link":"https:\/\/inti.hr\/sr\/proizvod\/dizajn-vodovodne-cijevi-za-kapute\/","title":{"rendered":"Dizajn vodovodne cijevi za kapute"},"content":{"rendered":"<p><b>Detalji o proizvodu:<\/b><br \/>\n&#8211; Boja: vintage sme\u0111e-crna<br \/>\n&#8211; Materijal: iverica, \u010delik<br \/>\n&#8211; Veli\u010dina: 100 x 41,5 x 182 cm (D x \u0160 x V)<br \/>\n&#8211; Te\u017eina: 16,5 kg<br \/>\n&#8211; Maksimalna nosivost klupe: 100 kg<br \/>\n&#8211; Max Nosivost po re\u0161etkastoj polici: 20 kg<br \/>\n&#8211; Maksimalna nosivost po udici: 3 kg<\/p>\n","protected":false},"excerpt":{"rendered":"<p>Robusne metalne cijevi s izgledom vodovodne cijevi i rustikalna iverica daju &#8230; <\/p>\n","protected":false},"featured_media":33902,"template":"","meta":[],"product_cat":[2635],"product_tag":[2636,3942,3943,2640],"yoast_head":"<!-- This site is optimized with the Yoast SEO plugin v23.7 - https:\/\/yoast.com\/wordpress\/plugins\/seo\/ -->\n<title>Dizajn vodovodne cijevi za kapute - Inti<\/title>\n<meta name=\"description\" content=\"Robusne metalne cijevi s izgledom vodovodne cijevi i rustikalna iverica daju ovoj klupi za cipele visoku otpornost i stabilnost, tako da \u010dak i odrasle osobe (do 100 kg) mogu bez problema sjesti na nju. Dizajniran u trendovskom industrijskom dizajnu i opremljen elementima vodovodnih cijevi i rustikalnim, drvenim elementima, ormar je posebno prikladan za velike ili otvorene prostorije koje jo\u0161 nisu pretrpane drugim namje\u0161tajem.\u00a0Postavite stalak za odje\u0107u u svom hodniku, na primjer, da objesite jakne i kapute i da mo\u017eete lako obu\u0107i cipele.\" \/>\n<meta name=\"robots\" content=\"index, follow, max-snippet:-1, max-image-preview:large, max-video-preview:-1\" \/>\n<link rel=\"canonical\" href=\"https:\/\/inti.hr\/sr\/proizvod\/dizajn-vodovodne-cijevi-za-kapute\/\" \/>\n<meta property=\"og:locale\" content=\"sr_RS\" \/>\n<meta property=\"og:type\" content=\"article\" \/>\n<meta property=\"og:title\" content=\"Dizajn vodovodne cijevi za kapute - Inti\" \/>\n<meta property=\"og:description\" content=\"Robusne metalne cijevi s izgledom vodovodne cijevi i rustikalna iverica daju ovoj klupi za cipele visoku otpornost i stabilnost, tako da \u010dak i odrasle osobe (do 100 kg) mogu bez problema sjesti na nju. Dizajniran u trendovskom industrijskom dizajnu i opremljen elementima vodovodnih cijevi i rustikalnim, drvenim elementima, ormar je posebno prikladan za velike ili otvorene prostorije koje jo\u0161 nisu pretrpane drugim namje\u0161tajem.\u00a0Postavite stalak za odje\u0107u u svom hodniku, na primjer, da objesite jakne i kapute i da mo\u017eete lako obu\u0107i cipele.\" \/>\n<meta property=\"og:url\" content=\"https:\/\/inti.hr\/sr\/proizvod\/dizajn-vodovodne-cijevi-za-kapute\/\" \/>\n<meta property=\"og:site_name\" content=\"Inti\" \/>\n<meta property=\"og:image\" content=\"https:\/\/i0.wp.com\/inti.hr\/wp-content\/uploads\/2022\/05\/81QpPWAI6EL._AC_SL1500_.jpg?fit=1500%2C1500&ssl=1\" \/>\n\t<meta property=\"og:image:width\" content=\"1500\" \/>\n\t<meta property=\"og:image:height\" content=\"1500\" \/>\n\t<meta property=\"og:image:type\" content=\"image\/jpeg\" \/>\n<meta name=\"twitter:card\" content=\"summary_large_image\" \/>\n<script type=\"application\/ld+json\" class=\"yoast-schema-graph\">{\"@context\":\"https:\/\/schema.org\",\"@graph\":[{\"@type\":\"WebPage\",\"@id\":\"https:\/\/inti.hr\/sr\/proizvod\/dizajn-vodovodne-cijevi-za-kapute\/\",\"url\":\"https:\/\/inti.hr\/sr\/proizvod\/dizajn-vodovodne-cijevi-za-kapute\/\",\"name\":\"Dizajn vodovodne cijevi za kapute - Inti\",\"isPartOf\":{\"@id\":\"https:\/\/inti.hr\/sr\/#website\"},\"primaryImageOfPage\":{\"@id\":\"https:\/\/inti.hr\/sr\/proizvod\/dizajn-vodovodne-cijevi-za-kapute\/#primaryimage\"},\"image\":{\"@id\":\"https:\/\/inti.hr\/sr\/proizvod\/dizajn-vodovodne-cijevi-za-kapute\/#primaryimage\"},\"thumbnailUrl\":\"https:\/\/i0.wp.com\/inti.hr\/wp-content\/uploads\/2022\/05\/81QpPWAI6EL._AC_SL1500_.jpg?fit=1500%2C1500&ssl=1\",\"datePublished\":\"2022-05-31T11:41:12+00:00\",\"dateModified\":\"2022-05-31T11:41:12+00:00\",\"description\":\"Robusne metalne cijevi s izgledom vodovodne cijevi i rustikalna iverica daju ovoj klupi za cipele visoku otpornost i stabilnost, tako da \u010dak i odrasle osobe (do 100 kg) mogu bez problema sjesti na nju. Dizajniran u trendovskom industrijskom dizajnu i opremljen elementima vodovodnih cijevi i rustikalnim, drvenim elementima, ormar je posebno prikladan za velike ili otvorene prostorije koje jo\u0161 nisu pretrpane drugim namje\u0161tajem.\u00a0Postavite stalak za odje\u0107u u svom hodniku, na primjer, da objesite jakne i kapute i da mo\u017eete lako obu\u0107i cipele.\",\"breadcrumb\":{\"@id\":\"https:\/\/inti.hr\/sr\/proizvod\/dizajn-vodovodne-cijevi-za-kapute\/#breadcrumb\"},\"inLanguage\":\"sr-RS\",\"potentialAction\":[{\"@type\":\"ReadAction\",\"target\":[\"https:\/\/inti.hr\/sr\/proizvod\/dizajn-vodovodne-cijevi-za-kapute\/\"]}]},{\"@type\":\"ImageObject\",\"inLanguage\":\"sr-RS\",\"@id\":\"https:\/\/inti.hr\/sr\/proizvod\/dizajn-vodovodne-cijevi-za-kapute\/#primaryimage\",\"url\":\"https:\/\/i0.wp.com\/inti.hr\/wp-content\/uploads\/2022\/05\/81QpPWAI6EL._AC_SL1500_.jpg?fit=1500%2C1500&ssl=1\",\"contentUrl\":\"https:\/\/i0.wp.com\/inti.hr\/wp-content\/uploads\/2022\/05\/81QpPWAI6EL._AC_SL1500_.jpg?fit=1500%2C1500&ssl=1\",\"width\":1500,\"height\":1500},{\"@type\":\"BreadcrumbList\",\"@id\":\"https:\/\/inti.hr\/sr\/proizvod\/dizajn-vodovodne-cijevi-za-kapute\/#breadcrumb\",\"itemListElement\":[{\"@type\":\"ListItem\",\"position\":1,\"name\":\"Po\u010detna stranica\",\"item\":\"https:\/\/inti.hr\/sr\/\"},{\"@type\":\"ListItem\",\"position\":2,\"name\":\"Prodavnica\",\"item\":\"https:\/\/inti.hr\/sr\/prodavnica\/\"},{\"@type\":\"ListItem\",\"position\":3,\"name\":\"Dizajn vodovodne cijevi za kapute\"}]},{\"@type\":\"WebSite\",\"@id\":\"https:\/\/inti.hr\/sr\/#website\",\"url\":\"https:\/\/inti.hr\/sr\/\",\"name\":\"Inti\",\"description\":\"trgovina\",\"potentialAction\":[{\"@type\":\"SearchAction\",\"target\":{\"@type\":\"EntryPoint\",\"urlTemplate\":\"https:\/\/inti.hr\/sr\/?s={search_term_string}\"},\"query-input\":{\"@type\":\"PropertyValueSpecification\",\"valueRequired\":true,\"valueName\":\"search_term_string\"}}],\"inLanguage\":\"sr-RS\"}]}<\/script>\n<!-- \/ Yoast SEO plugin. -->","yoast_head_json":{"title":"Dizajn vodovodne cijevi za kapute - Inti","description":"Robusne metalne cijevi s izgledom vodovodne cijevi i rustikalna iverica daju ovoj klupi za cipele visoku otpornost i stabilnost, tako da \u010dak i odrasle osobe (do 100 kg) mogu bez problema sjesti na nju. Dizajniran u trendovskom industrijskom dizajnu i opremljen elementima vodovodnih cijevi i rustikalnim, drvenim elementima, ormar je posebno prikladan za velike ili otvorene prostorije koje jo\u0161 nisu pretrpane drugim namje\u0161tajem.\u00a0Postavite stalak za odje\u0107u u svom hodniku, na primjer, da objesite jakne i kapute i da mo\u017eete lako obu\u0107i cipele.","robots":{"index":"index","follow":"follow","max-snippet":"max-snippet:-1","max-image-preview":"max-image-preview:large","max-video-preview":"max-video-preview:-1"},"canonical":"https:\/\/inti.hr\/sr\/proizvod\/dizajn-vodovodne-cijevi-za-kapute\/","og_locale":"sr_RS","og_type":"article","og_title":"Dizajn vodovodne cijevi za kapute - Inti","og_description":"Robusne metalne cijevi s izgledom vodovodne cijevi i rustikalna iverica daju ovoj klupi za cipele visoku otpornost i stabilnost, tako da \u010dak i odrasle osobe (do 100 kg) mogu bez problema sjesti na nju. Dizajniran u trendovskom industrijskom dizajnu i opremljen elementima vodovodnih cijevi i rustikalnim, drvenim elementima, ormar je posebno prikladan za velike ili otvorene prostorije koje jo\u0161 nisu pretrpane drugim namje\u0161tajem.\u00a0Postavite stalak za odje\u0107u u svom hodniku, na primjer, da objesite jakne i kapute i da mo\u017eete lako obu\u0107i cipele.","og_url":"https:\/\/inti.hr\/sr\/proizvod\/dizajn-vodovodne-cijevi-za-kapute\/","og_site_name":"Inti","og_image":[{"width":1500,"height":1500,"url":"https:\/\/i0.wp.com\/inti.hr\/wp-content\/uploads\/2022\/05\/81QpPWAI6EL._AC_SL1500_.jpg?fit=1500%2C1500&ssl=1","type":"image\/jpeg"}],"twitter_card":"summary_large_image","schema":{"@context":"https:\/\/schema.org","@graph":[{"@type":"WebPage","@id":"https:\/\/inti.hr\/sr\/proizvod\/dizajn-vodovodne-cijevi-za-kapute\/","url":"https:\/\/inti.hr\/sr\/proizvod\/dizajn-vodovodne-cijevi-za-kapute\/","name":"Dizajn vodovodne cijevi za kapute - Inti","isPartOf":{"@id":"https:\/\/inti.hr\/sr\/#website"},"primaryImageOfPage":{"@id":"https:\/\/inti.hr\/sr\/proizvod\/dizajn-vodovodne-cijevi-za-kapute\/#primaryimage"},"image":{"@id":"https:\/\/inti.hr\/sr\/proizvod\/dizajn-vodovodne-cijevi-za-kapute\/#primaryimage"},"thumbnailUrl":"https:\/\/i0.wp.com\/inti.hr\/wp-content\/uploads\/2022\/05\/81QpPWAI6EL._AC_SL1500_.jpg?fit=1500%2C1500&ssl=1","datePublished":"2022-05-31T11:41:12+00:00","dateModified":"2022-05-31T11:41:12+00:00","description":"Robusne metalne cijevi s izgledom vodovodne cijevi i rustikalna iverica daju ovoj klupi za cipele visoku otpornost i stabilnost, tako da \u010dak i odrasle osobe (do 100 kg) mogu bez problema sjesti na nju. Dizajniran u trendovskom industrijskom dizajnu i opremljen elementima vodovodnih cijevi i rustikalnim, drvenim elementima, ormar je posebno prikladan za velike ili otvorene prostorije koje jo\u0161 nisu pretrpane drugim namje\u0161tajem.\u00a0Postavite stalak za odje\u0107u u svom hodniku, na primjer, da objesite jakne i kapute i da mo\u017eete lako obu\u0107i cipele.","breadcrumb":{"@id":"https:\/\/inti.hr\/sr\/proizvod\/dizajn-vodovodne-cijevi-za-kapute\/#breadcrumb"},"inLanguage":"sr-RS","potentialAction":[{"@type":"ReadAction","target":["https:\/\/inti.hr\/sr\/proizvod\/dizajn-vodovodne-cijevi-za-kapute\/"]}]},{"@type":"ImageObject","inLanguage":"sr-RS","@id":"https:\/\/inti.hr\/sr\/proizvod\/dizajn-vodovodne-cijevi-za-kapute\/#primaryimage","url":"https:\/\/i0.wp.com\/inti.hr\/wp-content\/uploads\/2022\/05\/81QpPWAI6EL._AC_SL1500_.jpg?fit=1500%2C1500&ssl=1","contentUrl":"https:\/\/i0.wp.com\/inti.hr\/wp-content\/uploads\/2022\/05\/81QpPWAI6EL._AC_SL1500_.jpg?fit=1500%2C1500&ssl=1","width":1500,"height":1500},{"@type":"BreadcrumbList","@id":"https:\/\/inti.hr\/sr\/proizvod\/dizajn-vodovodne-cijevi-za-kapute\/#breadcrumb","itemListElement":[{"@type":"ListItem","position":1,"name":"Po\u010detna stranica","item":"https:\/\/inti.hr\/sr\/"},{"@type":"ListItem","position":2,"name":"Prodavnica","item":"https:\/\/inti.hr\/sr\/prodavnica\/"},{"@type":"ListItem","position":3,"name":"Dizajn vodovodne cijevi za kapute"}]},{"@type":"WebSite","@id":"https:\/\/inti.hr\/sr\/#website","url":"https:\/\/inti.hr\/sr\/","name":"Inti","description":"trgovina","potentialAction":[{"@type":"SearchAction","target":{"@type":"EntryPoint","urlTemplate":"https:\/\/inti.hr\/sr\/?s={search_term_string}"},"query-input":{"@type":"PropertyValueSpecification","valueRequired":true,"valueName":"search_term_string"}}],"inLanguage":"sr-RS"}]}},"jetpack_sharing_enabled":true,"jetpack-related-posts":[],"_links":{"self":[{"href":"https:\/\/inti.hr\/sr\/wp-json\/wp\/v2\/product\/33901"}],"collection":[{"href":"https:\/\/inti.hr\/sr\/wp-json\/wp\/v2\/product"}],"about":[{"href":"https:\/\/inti.hr\/sr\/wp-json\/wp\/v2\/types\/product"}],"wp:featuredmedia":[{"embeddable":true,"href":"https:\/\/inti.hr\/sr\/wp-json\/wp\/v2\/media\/33902"}],"wp:attachment":[{"href":"https:\/\/inti.hr\/sr\/wp-json\/wp\/v2\/media?parent=33901"}],"wp:term":[{"taxonomy":"product_cat","embeddable":true,"href":"https:\/\/inti.hr\/sr\/wp-json\/wp\/v2\/product_cat?post=33901"},{"taxonomy":"product_tag","embeddable":true,"href":"https:\/\/inti.hr\/sr\/wp-json\/wp\/v2\/product_tag?post=33901"}],"curies":[{"name":"wp","href":"https:\/\/api.w.org\/{rel}","templated":true}]}}