{"id":33931,"date":"2022-05-28T13:41:10","date_gmt":"2022-05-28T13:41:10","guid":{"rendered":"https:\/\/inti.hr\/product\/8522\/"},"modified":"2022-05-28T13:41:10","modified_gmt":"2022-05-28T13:41:10","slug":"8522","status":"publish","type":"product","link":"https:\/\/inti.hr\/sr\/proizvod\/8522\/","title":{"rendered":"Blagovaonski stol od bambusa"},"content":{"rendered":"<p>Detalji proizvoda:<\/p>\n<ul>\n<li>Te\u017eina: 16 kg<\/li>\n<li>Nosivost: 75 kg<\/li>\n<li>Materijal: bambus, MDF (E1)<\/li>\n<li>Veli\u010dina proizvoda: 120x60x75cm (vidi sliku)<\/li>\n<li>Veli\u010dina pakiranja cca: 128x66x15cm.<\/li>\n<li>S uputama za monta\u017eu i vijcima.\u00a0Jednostavna instalacija.<\/li>\n<\/ul>\n","protected":false},"excerpt":{"rendered":"<p>Blagovaonski stol je nesumnjivo mjesto dru\u017eenja.\u00a0Ovdje se okupljaju obitelji kako bi &#8230; <\/p>\n","protected":false},"featured_media":33932,"template":"","meta":[],"product_cat":[2573,2814],"product_tag":[3535,2907,3956],"yoast_head":"<!-- This site is optimized with the Yoast SEO plugin v23.7 - https:\/\/yoast.com\/wordpress\/plugins\/seo\/ -->\n<title>Blagovaonski stol od bambusa - Inti<\/title>\n<meta name=\"description\" content=\"Blagovaonski stol je nesumnjivo mjesto dru\u017eenja. Ovdje se okupljaju obitelji kako bi jele zajedno, a ovdje sjedite s prijateljima i razmjenjujete vijesti uz pi\u0107e. Na\u0161 stol za blagovanje kombinira jednostavnost i prakti\u010dnost kako bi se uklopio u bilo koji stil va\u0161e blagovaonice, kuhinje ili dnevnog boravka. Najbolji izbor za unutarnju upotrebu. Budu\u0107i da se stol ne koristi samo kao stol za blagovanje, ve\u0107 \u010desto i kao radno mjesto, o\u010dito mora biti stabilan i \u010dvrst. Noge stola izra\u0111ene su od visokokvalitetnog bambusa. Zahvaljuju\u0107i dobroj izradi, stol ima visoku kvalitetu i dug vijek trajanja. Stol od bambusa i MDF-a izgleda rustikalno i udobno u isto vrijeme. Kombinacija bijele i \u017eute je svijetla i skromna, a bambus donosi toplinu i da\u0161ak prirode. Nasloni za noge na dnu pobolj\u0161avaju stabilnost stola i sprje\u010davaju njegovo klizanje te \u0161tite pod od ogrebotina. Stabilan i visokokvalitetan okvir od bambusa ima iznimnu izdr\u017eljivost s visokom otporno\u0161\u0107u i dugotrajnom upotrebom. Nasloni za noge na dnu pobolj\u0161avaju stabilnost stola i sprje\u010davaju njegovo klizanje te \u0161tite pod od ogrebotina. Ovaj barski stol ima povr\u0161inu od 120 x 60 cm na koji se lako mogu smjestiti sendvi\u010di, hladni narezci i sok od naran\u010de. Uzmite ovaj kuhinjski stol i stvorite pult za doru\u010dak iz svojih snova.\" \/>\n<meta name=\"robots\" content=\"index, follow, max-snippet:-1, max-image-preview:large, max-video-preview:-1\" \/>\n<link rel=\"canonical\" href=\"https:\/\/inti.hr\/sr\/proizvod\/8522\/\" \/>\n<meta property=\"og:locale\" content=\"sr_RS\" \/>\n<meta property=\"og:type\" content=\"article\" \/>\n<meta property=\"og:title\" content=\"Blagovaonski stol od bambusa - Inti\" \/>\n<meta property=\"og:description\" content=\"Blagovaonski stol je nesumnjivo mjesto dru\u017eenja. Ovdje se okupljaju obitelji kako bi jele zajedno, a ovdje sjedite s prijateljima i razmjenjujete vijesti uz pi\u0107e. Na\u0161 stol za blagovanje kombinira jednostavnost i prakti\u010dnost kako bi se uklopio u bilo koji stil va\u0161e blagovaonice, kuhinje ili dnevnog boravka. Najbolji izbor za unutarnju upotrebu. Budu\u0107i da se stol ne koristi samo kao stol za blagovanje, ve\u0107 \u010desto i kao radno mjesto, o\u010dito mora biti stabilan i \u010dvrst. Noge stola izra\u0111ene su od visokokvalitetnog bambusa. Zahvaljuju\u0107i dobroj izradi, stol ima visoku kvalitetu i dug vijek trajanja. Stol od bambusa i MDF-a izgleda rustikalno i udobno u isto vrijeme. Kombinacija bijele i \u017eute je svijetla i skromna, a bambus donosi toplinu i da\u0161ak prirode. Nasloni za noge na dnu pobolj\u0161avaju stabilnost stola i sprje\u010davaju njegovo klizanje te \u0161tite pod od ogrebotina. Stabilan i visokokvalitetan okvir od bambusa ima iznimnu izdr\u017eljivost s visokom otporno\u0161\u0107u i dugotrajnom upotrebom. Nasloni za noge na dnu pobolj\u0161avaju stabilnost stola i sprje\u010davaju njegovo klizanje te \u0161tite pod od ogrebotina. Ovaj barski stol ima povr\u0161inu od 120 x 60 cm na koji se lako mogu smjestiti sendvi\u010di, hladni narezci i sok od naran\u010de. Uzmite ovaj kuhinjski stol i stvorite pult za doru\u010dak iz svojih snova.\" \/>\n<meta property=\"og:url\" content=\"https:\/\/inti.hr\/sr\/proizvod\/8522\/\" \/>\n<meta property=\"og:site_name\" content=\"Inti\" \/>\n<meta property=\"og:image\" content=\"https:\/\/i0.wp.com\/inti.hr\/wp-content\/uploads\/2022\/05\/FWT72-WN1327-Y004.webp?fit=1600%2C1600&ssl=1\" \/>\n\t<meta property=\"og:image:width\" content=\"1600\" \/>\n\t<meta property=\"og:image:height\" content=\"1600\" \/>\n\t<meta property=\"og:image:type\" content=\"image\/webp\" \/>\n<meta name=\"twitter:card\" content=\"summary_large_image\" \/>\n<script type=\"application\/ld+json\" class=\"yoast-schema-graph\">{\"@context\":\"https:\/\/schema.org\",\"@graph\":[{\"@type\":\"WebPage\",\"@id\":\"https:\/\/inti.hr\/sr\/proizvod\/8522\/\",\"url\":\"https:\/\/inti.hr\/sr\/proizvod\/8522\/\",\"name\":\"Blagovaonski stol od bambusa - Inti\",\"isPartOf\":{\"@id\":\"https:\/\/inti.hr\/sr\/#website\"},\"primaryImageOfPage\":{\"@id\":\"https:\/\/inti.hr\/sr\/proizvod\/8522\/#primaryimage\"},\"image\":{\"@id\":\"https:\/\/inti.hr\/sr\/proizvod\/8522\/#primaryimage\"},\"thumbnailUrl\":\"https:\/\/i0.wp.com\/inti.hr\/wp-content\/uploads\/2022\/05\/FWT72-WN1327-Y004.webp?fit=1600%2C1600&ssl=1\",\"datePublished\":\"2022-05-28T13:41:10+00:00\",\"dateModified\":\"2022-05-28T13:41:10+00:00\",\"description\":\"Blagovaonski stol je nesumnjivo mjesto dru\u017eenja. Ovdje se okupljaju obitelji kako bi jele zajedno, a ovdje sjedite s prijateljima i razmjenjujete vijesti uz pi\u0107e. Na\u0161 stol za blagovanje kombinira jednostavnost i prakti\u010dnost kako bi se uklopio u bilo koji stil va\u0161e blagovaonice, kuhinje ili dnevnog boravka. Najbolji izbor za unutarnju upotrebu. Budu\u0107i da se stol ne koristi samo kao stol za blagovanje, ve\u0107 \u010desto i kao radno mjesto, o\u010dito mora biti stabilan i \u010dvrst. Noge stola izra\u0111ene su od visokokvalitetnog bambusa. Zahvaljuju\u0107i dobroj izradi, stol ima visoku kvalitetu i dug vijek trajanja. Stol od bambusa i MDF-a izgleda rustikalno i udobno u isto vrijeme. Kombinacija bijele i \u017eute je svijetla i skromna, a bambus donosi toplinu i da\u0161ak prirode. Nasloni za noge na dnu pobolj\u0161avaju stabilnost stola i sprje\u010davaju njegovo klizanje te \u0161tite pod od ogrebotina. Stabilan i visokokvalitetan okvir od bambusa ima iznimnu izdr\u017eljivost s visokom otporno\u0161\u0107u i dugotrajnom upotrebom. Nasloni za noge na dnu pobolj\u0161avaju stabilnost stola i sprje\u010davaju njegovo klizanje te \u0161tite pod od ogrebotina. Ovaj barski stol ima povr\u0161inu od 120 x 60 cm na koji se lako mogu smjestiti sendvi\u010di, hladni narezci i sok od naran\u010de. Uzmite ovaj kuhinjski stol i stvorite pult za doru\u010dak iz svojih snova.\",\"breadcrumb\":{\"@id\":\"https:\/\/inti.hr\/sr\/proizvod\/8522\/#breadcrumb\"},\"inLanguage\":\"sr-RS\",\"potentialAction\":[{\"@type\":\"ReadAction\",\"target\":[\"https:\/\/inti.hr\/sr\/proizvod\/8522\/\"]}]},{\"@type\":\"ImageObject\",\"inLanguage\":\"sr-RS\",\"@id\":\"https:\/\/inti.hr\/sr\/proizvod\/8522\/#primaryimage\",\"url\":\"https:\/\/i0.wp.com\/inti.hr\/wp-content\/uploads\/2022\/05\/FWT72-WN1327-Y004.webp?fit=1600%2C1600&ssl=1\",\"contentUrl\":\"https:\/\/i0.wp.com\/inti.hr\/wp-content\/uploads\/2022\/05\/FWT72-WN1327-Y004.webp?fit=1600%2C1600&ssl=1\",\"width\":1600,\"height\":1600},{\"@type\":\"BreadcrumbList\",\"@id\":\"https:\/\/inti.hr\/sr\/proizvod\/8522\/#breadcrumb\",\"itemListElement\":[{\"@type\":\"ListItem\",\"position\":1,\"name\":\"Po\u010detna stranica\",\"item\":\"https:\/\/inti.hr\/sr\/\"},{\"@type\":\"ListItem\",\"position\":2,\"name\":\"Prodavnica\",\"item\":\"https:\/\/inti.hr\/sr\/prodavnica\/\"},{\"@type\":\"ListItem\",\"position\":3,\"name\":\"Blagovaonski stol od bambusa\"}]},{\"@type\":\"WebSite\",\"@id\":\"https:\/\/inti.hr\/sr\/#website\",\"url\":\"https:\/\/inti.hr\/sr\/\",\"name\":\"Inti\",\"description\":\"trgovina\",\"potentialAction\":[{\"@type\":\"SearchAction\",\"target\":{\"@type\":\"EntryPoint\",\"urlTemplate\":\"https:\/\/inti.hr\/sr\/?s={search_term_string}\"},\"query-input\":{\"@type\":\"PropertyValueSpecification\",\"valueRequired\":true,\"valueName\":\"search_term_string\"}}],\"inLanguage\":\"sr-RS\"}]}<\/script>\n<!-- \/ Yoast SEO plugin. -->","yoast_head_json":{"title":"Blagovaonski stol od bambusa - Inti","description":"Blagovaonski stol je nesumnjivo mjesto dru\u017eenja. Ovdje se okupljaju obitelji kako bi jele zajedno, a ovdje sjedite s prijateljima i razmjenjujete vijesti uz pi\u0107e. Na\u0161 stol za blagovanje kombinira jednostavnost i prakti\u010dnost kako bi se uklopio u bilo koji stil va\u0161e blagovaonice, kuhinje ili dnevnog boravka. Najbolji izbor za unutarnju upotrebu. Budu\u0107i da se stol ne koristi samo kao stol za blagovanje, ve\u0107 \u010desto i kao radno mjesto, o\u010dito mora biti stabilan i \u010dvrst. Noge stola izra\u0111ene su od visokokvalitetnog bambusa. Zahvaljuju\u0107i dobroj izradi, stol ima visoku kvalitetu i dug vijek trajanja. Stol od bambusa i MDF-a izgleda rustikalno i udobno u isto vrijeme. Kombinacija bijele i \u017eute je svijetla i skromna, a bambus donosi toplinu i da\u0161ak prirode. Nasloni za noge na dnu pobolj\u0161avaju stabilnost stola i sprje\u010davaju njegovo klizanje te \u0161tite pod od ogrebotina. Stabilan i visokokvalitetan okvir od bambusa ima iznimnu izdr\u017eljivost s visokom otporno\u0161\u0107u i dugotrajnom upotrebom. Nasloni za noge na dnu pobolj\u0161avaju stabilnost stola i sprje\u010davaju njegovo klizanje te \u0161tite pod od ogrebotina. Ovaj barski stol ima povr\u0161inu od 120 x 60 cm na koji se lako mogu smjestiti sendvi\u010di, hladni narezci i sok od naran\u010de. Uzmite ovaj kuhinjski stol i stvorite pult za doru\u010dak iz svojih snova.","robots":{"index":"index","follow":"follow","max-snippet":"max-snippet:-1","max-image-preview":"max-image-preview:large","max-video-preview":"max-video-preview:-1"},"canonical":"https:\/\/inti.hr\/sr\/proizvod\/8522\/","og_locale":"sr_RS","og_type":"article","og_title":"Blagovaonski stol od bambusa - Inti","og_description":"Blagovaonski stol je nesumnjivo mjesto dru\u017eenja. Ovdje se okupljaju obitelji kako bi jele zajedno, a ovdje sjedite s prijateljima i razmjenjujete vijesti uz pi\u0107e. Na\u0161 stol za blagovanje kombinira jednostavnost i prakti\u010dnost kako bi se uklopio u bilo koji stil va\u0161e blagovaonice, kuhinje ili dnevnog boravka. Najbolji izbor za unutarnju upotrebu. Budu\u0107i da se stol ne koristi samo kao stol za blagovanje, ve\u0107 \u010desto i kao radno mjesto, o\u010dito mora biti stabilan i \u010dvrst. Noge stola izra\u0111ene su od visokokvalitetnog bambusa. Zahvaljuju\u0107i dobroj izradi, stol ima visoku kvalitetu i dug vijek trajanja. Stol od bambusa i MDF-a izgleda rustikalno i udobno u isto vrijeme. Kombinacija bijele i \u017eute je svijetla i skromna, a bambus donosi toplinu i da\u0161ak prirode. Nasloni za noge na dnu pobolj\u0161avaju stabilnost stola i sprje\u010davaju njegovo klizanje te \u0161tite pod od ogrebotina. Stabilan i visokokvalitetan okvir od bambusa ima iznimnu izdr\u017eljivost s visokom otporno\u0161\u0107u i dugotrajnom upotrebom. Nasloni za noge na dnu pobolj\u0161avaju stabilnost stola i sprje\u010davaju njegovo klizanje te \u0161tite pod od ogrebotina. Ovaj barski stol ima povr\u0161inu od 120 x 60 cm na koji se lako mogu smjestiti sendvi\u010di, hladni narezci i sok od naran\u010de. Uzmite ovaj kuhinjski stol i stvorite pult za doru\u010dak iz svojih snova.","og_url":"https:\/\/inti.hr\/sr\/proizvod\/8522\/","og_site_name":"Inti","og_image":[{"width":1600,"height":1600,"url":"https:\/\/i0.wp.com\/inti.hr\/wp-content\/uploads\/2022\/05\/FWT72-WN1327-Y004.webp?fit=1600%2C1600&ssl=1","type":"image\/webp"}],"twitter_card":"summary_large_image","schema":{"@context":"https:\/\/schema.org","@graph":[{"@type":"WebPage","@id":"https:\/\/inti.hr\/sr\/proizvod\/8522\/","url":"https:\/\/inti.hr\/sr\/proizvod\/8522\/","name":"Blagovaonski stol od bambusa - Inti","isPartOf":{"@id":"https:\/\/inti.hr\/sr\/#website"},"primaryImageOfPage":{"@id":"https:\/\/inti.hr\/sr\/proizvod\/8522\/#primaryimage"},"image":{"@id":"https:\/\/inti.hr\/sr\/proizvod\/8522\/#primaryimage"},"thumbnailUrl":"https:\/\/i0.wp.com\/inti.hr\/wp-content\/uploads\/2022\/05\/FWT72-WN1327-Y004.webp?fit=1600%2C1600&ssl=1","datePublished":"2022-05-28T13:41:10+00:00","dateModified":"2022-05-28T13:41:10+00:00","description":"Blagovaonski stol je nesumnjivo mjesto dru\u017eenja. Ovdje se okupljaju obitelji kako bi jele zajedno, a ovdje sjedite s prijateljima i razmjenjujete vijesti uz pi\u0107e. Na\u0161 stol za blagovanje kombinira jednostavnost i prakti\u010dnost kako bi se uklopio u bilo koji stil va\u0161e blagovaonice, kuhinje ili dnevnog boravka. Najbolji izbor za unutarnju upotrebu. Budu\u0107i da se stol ne koristi samo kao stol za blagovanje, ve\u0107 \u010desto i kao radno mjesto, o\u010dito mora biti stabilan i \u010dvrst. Noge stola izra\u0111ene su od visokokvalitetnog bambusa. Zahvaljuju\u0107i dobroj izradi, stol ima visoku kvalitetu i dug vijek trajanja. Stol od bambusa i MDF-a izgleda rustikalno i udobno u isto vrijeme. Kombinacija bijele i \u017eute je svijetla i skromna, a bambus donosi toplinu i da\u0161ak prirode. Nasloni za noge na dnu pobolj\u0161avaju stabilnost stola i sprje\u010davaju njegovo klizanje te \u0161tite pod od ogrebotina. Stabilan i visokokvalitetan okvir od bambusa ima iznimnu izdr\u017eljivost s visokom otporno\u0161\u0107u i dugotrajnom upotrebom. Nasloni za noge na dnu pobolj\u0161avaju stabilnost stola i sprje\u010davaju njegovo klizanje te \u0161tite pod od ogrebotina. Ovaj barski stol ima povr\u0161inu od 120 x 60 cm na koji se lako mogu smjestiti sendvi\u010di, hladni narezci i sok od naran\u010de. Uzmite ovaj kuhinjski stol i stvorite pult za doru\u010dak iz svojih snova.","breadcrumb":{"@id":"https:\/\/inti.hr\/sr\/proizvod\/8522\/#breadcrumb"},"inLanguage":"sr-RS","potentialAction":[{"@type":"ReadAction","target":["https:\/\/inti.hr\/sr\/proizvod\/8522\/"]}]},{"@type":"ImageObject","inLanguage":"sr-RS","@id":"https:\/\/inti.hr\/sr\/proizvod\/8522\/#primaryimage","url":"https:\/\/i0.wp.com\/inti.hr\/wp-content\/uploads\/2022\/05\/FWT72-WN1327-Y004.webp?fit=1600%2C1600&ssl=1","contentUrl":"https:\/\/i0.wp.com\/inti.hr\/wp-content\/uploads\/2022\/05\/FWT72-WN1327-Y004.webp?fit=1600%2C1600&ssl=1","width":1600,"height":1600},{"@type":"BreadcrumbList","@id":"https:\/\/inti.hr\/sr\/proizvod\/8522\/#breadcrumb","itemListElement":[{"@type":"ListItem","position":1,"name":"Po\u010detna stranica","item":"https:\/\/inti.hr\/sr\/"},{"@type":"ListItem","position":2,"name":"Prodavnica","item":"https:\/\/inti.hr\/sr\/prodavnica\/"},{"@type":"ListItem","position":3,"name":"Blagovaonski stol od bambusa"}]},{"@type":"WebSite","@id":"https:\/\/inti.hr\/sr\/#website","url":"https:\/\/inti.hr\/sr\/","name":"Inti","description":"trgovina","potentialAction":[{"@type":"SearchAction","target":{"@type":"EntryPoint","urlTemplate":"https:\/\/inti.hr\/sr\/?s={search_term_string}"},"query-input":{"@type":"PropertyValueSpecification","valueRequired":true,"valueName":"search_term_string"}}],"inLanguage":"sr-RS"}]}},"jetpack_sharing_enabled":true,"jetpack-related-posts":[],"_links":{"self":[{"href":"https:\/\/inti.hr\/sr\/wp-json\/wp\/v2\/product\/33931"}],"collection":[{"href":"https:\/\/inti.hr\/sr\/wp-json\/wp\/v2\/product"}],"about":[{"href":"https:\/\/inti.hr\/sr\/wp-json\/wp\/v2\/types\/product"}],"wp:featuredmedia":[{"embeddable":true,"href":"https:\/\/inti.hr\/sr\/wp-json\/wp\/v2\/media\/33932"}],"wp:attachment":[{"href":"https:\/\/inti.hr\/sr\/wp-json\/wp\/v2\/media?parent=33931"}],"wp:term":[{"taxonomy":"product_cat","embeddable":true,"href":"https:\/\/inti.hr\/sr\/wp-json\/wp\/v2\/product_cat?post=33931"},{"taxonomy":"product_tag","embeddable":true,"href":"https:\/\/inti.hr\/sr\/wp-json\/wp\/v2\/product_tag?post=33931"}],"curies":[{"name":"wp","href":"https:\/\/api.w.org\/{rel}","templated":true}]}}