{"id":33949,"date":"2022-05-12T08:10:48","date_gmt":"2022-05-12T08:10:48","guid":{"rendered":"https:\/\/inti.hr\/product\/komoda-s-kliznim-staklenim-vratima\/"},"modified":"2022-05-12T08:10:48","modified_gmt":"2022-05-12T08:10:48","slug":"komoda-s-kliznim-staklenim-vratima","status":"publish","type":"product","link":"https:\/\/inti.hr\/sr\/proizvod\/komoda-s-kliznim-staklenim-vratima\/","title":{"rendered":"Komoda s kliznim staklenim vratima"},"content":{"rendered":"<p><strong>Klju\u010dne zna\u010dajke proizvoda:<\/strong><\/p>\n<ul>\n<li>Te\u017eina: 24,3 kg<\/li>\n<li>Nosivost: 60 kg<\/li>\n<li>Materijal: MDF (E1), kaljeno staklo<\/li>\n<li>Veli\u010dina proizvoda: 80x39x82cm (vidi sliku)<\/li>\n<li>S uputama za monta\u017eu i vijcima.\u00a0Jednostavna instalacija.<\/li>\n<\/ul>\n","protected":false},"excerpt":{"rendered":"<p>Komoda koja vam nudi obilje prostora za pohranu i uz to &#8230; <\/p>\n","protected":false},"featured_media":33950,"template":"","meta":[],"product_cat":[2573,2421],"product_tag":[2448,3064,3967,2540],"yoast_head":"<!-- This site is optimized with the Yoast SEO plugin v23.7 - https:\/\/yoast.com\/wordpress\/plugins\/seo\/ -->\n<title>Komoda s kliznim staklenim vratima - Inti<\/title>\n<meta name=\"description\" content=\"Komoda koja vam nudi obilje prostora za pohranu i uz to \u0161ik dizajn: nije va\u017eno \u017eelite li sakriti sme\u0107e u ladicama ili iza vrata ili tra\u017eite dobro mjesto za slatke kuhinjske potrep\u0161tine. Uz pravi pribor, mo\u017eete staviti svoj ormari\u0107 u sredi\u0161te pozornosti.Sa svojim ravnim linijama i elegantnim dizajnom, ormar se mo\u017ee neprimjetno integrirati u gotovo svaku postoje\u0107u strukturu. Ovaj ormar mo\u017eete koristiti za dnevni boravak ili kao kuhinjski ormar.Vi\u0161e od obi\u010dnog ormari\u0107a. Izvrstan dizajn \u010dini na\u0161e ormare jedinstvenim ukrasnim dodatkom va\u0161em hodniku ili kuhinji.Zahvaljuju\u0107i prakti\u010dnim kliznim vratima, u svakom trenutku mo\u017eete se predomisliti i na otvoren na\u010din predstaviti drugu stranu namje\u0161taja.S 2 police komoda nudi dovoljno prostora za vas. Ova vrata od kaljenog stakla sprje\u010davaju prodiranje pra\u0161ine u sadr\u017eaj ku\u0107i\u0161ta.S policama, ormar stvara puno prostora za pohranu predmeta kao \u0161to su fine \u010da\u0161e, lijepo posu\u0111e, ukrasni predmeti ili drugi omiljeni predmeti.Ukrasite prostranu posudu za poslu\u017eivanje ilustracijama, mirisnim svije\u0107ama i cvije\u0107em kako biste ovaj kutak u\u010dinili jo\u0161 elegantnijim.\" \/>\n<meta name=\"robots\" content=\"index, follow, max-snippet:-1, max-image-preview:large, max-video-preview:-1\" \/>\n<link rel=\"canonical\" href=\"https:\/\/inti.hr\/sr\/proizvod\/komoda-s-kliznim-staklenim-vratima\/\" \/>\n<meta property=\"og:locale\" content=\"sr_RS\" \/>\n<meta property=\"og:type\" content=\"article\" \/>\n<meta property=\"og:title\" content=\"Komoda s kliznim staklenim vratima - Inti\" \/>\n<meta property=\"og:description\" content=\"Komoda koja vam nudi obilje prostora za pohranu i uz to \u0161ik dizajn: nije va\u017eno \u017eelite li sakriti sme\u0107e u ladicama ili iza vrata ili tra\u017eite dobro mjesto za slatke kuhinjske potrep\u0161tine. Uz pravi pribor, mo\u017eete staviti svoj ormari\u0107 u sredi\u0161te pozornosti.Sa svojim ravnim linijama i elegantnim dizajnom, ormar se mo\u017ee neprimjetno integrirati u gotovo svaku postoje\u0107u strukturu. Ovaj ormar mo\u017eete koristiti za dnevni boravak ili kao kuhinjski ormar.Vi\u0161e od obi\u010dnog ormari\u0107a. Izvrstan dizajn \u010dini na\u0161e ormare jedinstvenim ukrasnim dodatkom va\u0161em hodniku ili kuhinji.Zahvaljuju\u0107i prakti\u010dnim kliznim vratima, u svakom trenutku mo\u017eete se predomisliti i na otvoren na\u010din predstaviti drugu stranu namje\u0161taja.S 2 police komoda nudi dovoljno prostora za vas. Ova vrata od kaljenog stakla sprje\u010davaju prodiranje pra\u0161ine u sadr\u017eaj ku\u0107i\u0161ta.S policama, ormar stvara puno prostora za pohranu predmeta kao \u0161to su fine \u010da\u0161e, lijepo posu\u0111e, ukrasni predmeti ili drugi omiljeni predmeti.Ukrasite prostranu posudu za poslu\u017eivanje ilustracijama, mirisnim svije\u0107ama i cvije\u0107em kako biste ovaj kutak u\u010dinili jo\u0161 elegantnijim.\" \/>\n<meta property=\"og:url\" content=\"https:\/\/inti.hr\/sr\/proizvod\/komoda-s-kliznim-staklenim-vratima\/\" \/>\n<meta property=\"og:site_name\" content=\"Inti\" \/>\n<meta property=\"og:image\" content=\"https:\/\/i0.wp.com\/inti.hr\/wp-content\/uploads\/2022\/05\/FSB46-W-Y001_1800x1800.webp?fit=1600%2C1600&ssl=1\" \/>\n\t<meta property=\"og:image:width\" content=\"1600\" \/>\n\t<meta property=\"og:image:height\" content=\"1600\" \/>\n\t<meta property=\"og:image:type\" content=\"image\/webp\" \/>\n<meta name=\"twitter:card\" content=\"summary_large_image\" \/>\n<script type=\"application\/ld+json\" class=\"yoast-schema-graph\">{\"@context\":\"https:\/\/schema.org\",\"@graph\":[{\"@type\":\"WebPage\",\"@id\":\"https:\/\/inti.hr\/sr\/proizvod\/komoda-s-kliznim-staklenim-vratima\/\",\"url\":\"https:\/\/inti.hr\/sr\/proizvod\/komoda-s-kliznim-staklenim-vratima\/\",\"name\":\"Komoda s kliznim staklenim vratima - Inti\",\"isPartOf\":{\"@id\":\"https:\/\/inti.hr\/sr\/#website\"},\"primaryImageOfPage\":{\"@id\":\"https:\/\/inti.hr\/sr\/proizvod\/komoda-s-kliznim-staklenim-vratima\/#primaryimage\"},\"image\":{\"@id\":\"https:\/\/inti.hr\/sr\/proizvod\/komoda-s-kliznim-staklenim-vratima\/#primaryimage\"},\"thumbnailUrl\":\"https:\/\/i0.wp.com\/inti.hr\/wp-content\/uploads\/2022\/05\/FSB46-W-Y001_1800x1800.webp?fit=1600%2C1600&ssl=1\",\"datePublished\":\"2022-05-12T08:10:48+00:00\",\"dateModified\":\"2022-05-12T08:10:48+00:00\",\"description\":\"Komoda koja vam nudi obilje prostora za pohranu i uz to \u0161ik dizajn: nije va\u017eno \u017eelite li sakriti sme\u0107e u ladicama ili iza vrata ili tra\u017eite dobro mjesto za slatke kuhinjske potrep\u0161tine. Uz pravi pribor, mo\u017eete staviti svoj ormari\u0107 u sredi\u0161te pozornosti.Sa svojim ravnim linijama i elegantnim dizajnom, ormar se mo\u017ee neprimjetno integrirati u gotovo svaku postoje\u0107u strukturu. Ovaj ormar mo\u017eete koristiti za dnevni boravak ili kao kuhinjski ormar.Vi\u0161e od obi\u010dnog ormari\u0107a. Izvrstan dizajn \u010dini na\u0161e ormare jedinstvenim ukrasnim dodatkom va\u0161em hodniku ili kuhinji.Zahvaljuju\u0107i prakti\u010dnim kliznim vratima, u svakom trenutku mo\u017eete se predomisliti i na otvoren na\u010din predstaviti drugu stranu namje\u0161taja.S 2 police komoda nudi dovoljno prostora za vas. Ova vrata od kaljenog stakla sprje\u010davaju prodiranje pra\u0161ine u sadr\u017eaj ku\u0107i\u0161ta.S policama, ormar stvara puno prostora za pohranu predmeta kao \u0161to su fine \u010da\u0161e, lijepo posu\u0111e, ukrasni predmeti ili drugi omiljeni predmeti.Ukrasite prostranu posudu za poslu\u017eivanje ilustracijama, mirisnim svije\u0107ama i cvije\u0107em kako biste ovaj kutak u\u010dinili jo\u0161 elegantnijim.\",\"breadcrumb\":{\"@id\":\"https:\/\/inti.hr\/sr\/proizvod\/komoda-s-kliznim-staklenim-vratima\/#breadcrumb\"},\"inLanguage\":\"sr-RS\",\"potentialAction\":[{\"@type\":\"ReadAction\",\"target\":[\"https:\/\/inti.hr\/sr\/proizvod\/komoda-s-kliznim-staklenim-vratima\/\"]}]},{\"@type\":\"ImageObject\",\"inLanguage\":\"sr-RS\",\"@id\":\"https:\/\/inti.hr\/sr\/proizvod\/komoda-s-kliznim-staklenim-vratima\/#primaryimage\",\"url\":\"https:\/\/i0.wp.com\/inti.hr\/wp-content\/uploads\/2022\/05\/FSB46-W-Y001_1800x1800.webp?fit=1600%2C1600&ssl=1\",\"contentUrl\":\"https:\/\/i0.wp.com\/inti.hr\/wp-content\/uploads\/2022\/05\/FSB46-W-Y001_1800x1800.webp?fit=1600%2C1600&ssl=1\",\"width\":1600,\"height\":1600},{\"@type\":\"BreadcrumbList\",\"@id\":\"https:\/\/inti.hr\/sr\/proizvod\/komoda-s-kliznim-staklenim-vratima\/#breadcrumb\",\"itemListElement\":[{\"@type\":\"ListItem\",\"position\":1,\"name\":\"Po\u010detna stranica\",\"item\":\"https:\/\/inti.hr\/sr\/\"},{\"@type\":\"ListItem\",\"position\":2,\"name\":\"Prodavnica\",\"item\":\"https:\/\/inti.hr\/sr\/prodavnica\/\"},{\"@type\":\"ListItem\",\"position\":3,\"name\":\"Komoda s kliznim staklenim vratima\"}]},{\"@type\":\"WebSite\",\"@id\":\"https:\/\/inti.hr\/sr\/#website\",\"url\":\"https:\/\/inti.hr\/sr\/\",\"name\":\"Inti\",\"description\":\"trgovina\",\"potentialAction\":[{\"@type\":\"SearchAction\",\"target\":{\"@type\":\"EntryPoint\",\"urlTemplate\":\"https:\/\/inti.hr\/sr\/?s={search_term_string}\"},\"query-input\":{\"@type\":\"PropertyValueSpecification\",\"valueRequired\":true,\"valueName\":\"search_term_string\"}}],\"inLanguage\":\"sr-RS\"}]}<\/script>\n<!-- \/ Yoast SEO plugin. -->","yoast_head_json":{"title":"Komoda s kliznim staklenim vratima - Inti","description":"Komoda koja vam nudi obilje prostora za pohranu i uz to \u0161ik dizajn: nije va\u017eno \u017eelite li sakriti sme\u0107e u ladicama ili iza vrata ili tra\u017eite dobro mjesto za slatke kuhinjske potrep\u0161tine. Uz pravi pribor, mo\u017eete staviti svoj ormari\u0107 u sredi\u0161te pozornosti.Sa svojim ravnim linijama i elegantnim dizajnom, ormar se mo\u017ee neprimjetno integrirati u gotovo svaku postoje\u0107u strukturu. Ovaj ormar mo\u017eete koristiti za dnevni boravak ili kao kuhinjski ormar.Vi\u0161e od obi\u010dnog ormari\u0107a. Izvrstan dizajn \u010dini na\u0161e ormare jedinstvenim ukrasnim dodatkom va\u0161em hodniku ili kuhinji.Zahvaljuju\u0107i prakti\u010dnim kliznim vratima, u svakom trenutku mo\u017eete se predomisliti i na otvoren na\u010din predstaviti drugu stranu namje\u0161taja.S 2 police komoda nudi dovoljno prostora za vas. Ova vrata od kaljenog stakla sprje\u010davaju prodiranje pra\u0161ine u sadr\u017eaj ku\u0107i\u0161ta.S policama, ormar stvara puno prostora za pohranu predmeta kao \u0161to su fine \u010da\u0161e, lijepo posu\u0111e, ukrasni predmeti ili drugi omiljeni predmeti.Ukrasite prostranu posudu za poslu\u017eivanje ilustracijama, mirisnim svije\u0107ama i cvije\u0107em kako biste ovaj kutak u\u010dinili jo\u0161 elegantnijim.","robots":{"index":"index","follow":"follow","max-snippet":"max-snippet:-1","max-image-preview":"max-image-preview:large","max-video-preview":"max-video-preview:-1"},"canonical":"https:\/\/inti.hr\/sr\/proizvod\/komoda-s-kliznim-staklenim-vratima\/","og_locale":"sr_RS","og_type":"article","og_title":"Komoda s kliznim staklenim vratima - Inti","og_description":"Komoda koja vam nudi obilje prostora za pohranu i uz to \u0161ik dizajn: nije va\u017eno \u017eelite li sakriti sme\u0107e u ladicama ili iza vrata ili tra\u017eite dobro mjesto za slatke kuhinjske potrep\u0161tine. Uz pravi pribor, mo\u017eete staviti svoj ormari\u0107 u sredi\u0161te pozornosti.Sa svojim ravnim linijama i elegantnim dizajnom, ormar se mo\u017ee neprimjetno integrirati u gotovo svaku postoje\u0107u strukturu. Ovaj ormar mo\u017eete koristiti za dnevni boravak ili kao kuhinjski ormar.Vi\u0161e od obi\u010dnog ormari\u0107a. Izvrstan dizajn \u010dini na\u0161e ormare jedinstvenim ukrasnim dodatkom va\u0161em hodniku ili kuhinji.Zahvaljuju\u0107i prakti\u010dnim kliznim vratima, u svakom trenutku mo\u017eete se predomisliti i na otvoren na\u010din predstaviti drugu stranu namje\u0161taja.S 2 police komoda nudi dovoljno prostora za vas. Ova vrata od kaljenog stakla sprje\u010davaju prodiranje pra\u0161ine u sadr\u017eaj ku\u0107i\u0161ta.S policama, ormar stvara puno prostora za pohranu predmeta kao \u0161to su fine \u010da\u0161e, lijepo posu\u0111e, ukrasni predmeti ili drugi omiljeni predmeti.Ukrasite prostranu posudu za poslu\u017eivanje ilustracijama, mirisnim svije\u0107ama i cvije\u0107em kako biste ovaj kutak u\u010dinili jo\u0161 elegantnijim.","og_url":"https:\/\/inti.hr\/sr\/proizvod\/komoda-s-kliznim-staklenim-vratima\/","og_site_name":"Inti","og_image":[{"width":1600,"height":1600,"url":"https:\/\/i0.wp.com\/inti.hr\/wp-content\/uploads\/2022\/05\/FSB46-W-Y001_1800x1800.webp?fit=1600%2C1600&ssl=1","type":"image\/webp"}],"twitter_card":"summary_large_image","schema":{"@context":"https:\/\/schema.org","@graph":[{"@type":"WebPage","@id":"https:\/\/inti.hr\/sr\/proizvod\/komoda-s-kliznim-staklenim-vratima\/","url":"https:\/\/inti.hr\/sr\/proizvod\/komoda-s-kliznim-staklenim-vratima\/","name":"Komoda s kliznim staklenim vratima - Inti","isPartOf":{"@id":"https:\/\/inti.hr\/sr\/#website"},"primaryImageOfPage":{"@id":"https:\/\/inti.hr\/sr\/proizvod\/komoda-s-kliznim-staklenim-vratima\/#primaryimage"},"image":{"@id":"https:\/\/inti.hr\/sr\/proizvod\/komoda-s-kliznim-staklenim-vratima\/#primaryimage"},"thumbnailUrl":"https:\/\/i0.wp.com\/inti.hr\/wp-content\/uploads\/2022\/05\/FSB46-W-Y001_1800x1800.webp?fit=1600%2C1600&ssl=1","datePublished":"2022-05-12T08:10:48+00:00","dateModified":"2022-05-12T08:10:48+00:00","description":"Komoda koja vam nudi obilje prostora za pohranu i uz to \u0161ik dizajn: nije va\u017eno \u017eelite li sakriti sme\u0107e u ladicama ili iza vrata ili tra\u017eite dobro mjesto za slatke kuhinjske potrep\u0161tine. Uz pravi pribor, mo\u017eete staviti svoj ormari\u0107 u sredi\u0161te pozornosti.Sa svojim ravnim linijama i elegantnim dizajnom, ormar se mo\u017ee neprimjetno integrirati u gotovo svaku postoje\u0107u strukturu. Ovaj ormar mo\u017eete koristiti za dnevni boravak ili kao kuhinjski ormar.Vi\u0161e od obi\u010dnog ormari\u0107a. Izvrstan dizajn \u010dini na\u0161e ormare jedinstvenim ukrasnim dodatkom va\u0161em hodniku ili kuhinji.Zahvaljuju\u0107i prakti\u010dnim kliznim vratima, u svakom trenutku mo\u017eete se predomisliti i na otvoren na\u010din predstaviti drugu stranu namje\u0161taja.S 2 police komoda nudi dovoljno prostora za vas. Ova vrata od kaljenog stakla sprje\u010davaju prodiranje pra\u0161ine u sadr\u017eaj ku\u0107i\u0161ta.S policama, ormar stvara puno prostora za pohranu predmeta kao \u0161to su fine \u010da\u0161e, lijepo posu\u0111e, ukrasni predmeti ili drugi omiljeni predmeti.Ukrasite prostranu posudu za poslu\u017eivanje ilustracijama, mirisnim svije\u0107ama i cvije\u0107em kako biste ovaj kutak u\u010dinili jo\u0161 elegantnijim.","breadcrumb":{"@id":"https:\/\/inti.hr\/sr\/proizvod\/komoda-s-kliznim-staklenim-vratima\/#breadcrumb"},"inLanguage":"sr-RS","potentialAction":[{"@type":"ReadAction","target":["https:\/\/inti.hr\/sr\/proizvod\/komoda-s-kliznim-staklenim-vratima\/"]}]},{"@type":"ImageObject","inLanguage":"sr-RS","@id":"https:\/\/inti.hr\/sr\/proizvod\/komoda-s-kliznim-staklenim-vratima\/#primaryimage","url":"https:\/\/i0.wp.com\/inti.hr\/wp-content\/uploads\/2022\/05\/FSB46-W-Y001_1800x1800.webp?fit=1600%2C1600&ssl=1","contentUrl":"https:\/\/i0.wp.com\/inti.hr\/wp-content\/uploads\/2022\/05\/FSB46-W-Y001_1800x1800.webp?fit=1600%2C1600&ssl=1","width":1600,"height":1600},{"@type":"BreadcrumbList","@id":"https:\/\/inti.hr\/sr\/proizvod\/komoda-s-kliznim-staklenim-vratima\/#breadcrumb","itemListElement":[{"@type":"ListItem","position":1,"name":"Po\u010detna stranica","item":"https:\/\/inti.hr\/sr\/"},{"@type":"ListItem","position":2,"name":"Prodavnica","item":"https:\/\/inti.hr\/sr\/prodavnica\/"},{"@type":"ListItem","position":3,"name":"Komoda s kliznim staklenim vratima"}]},{"@type":"WebSite","@id":"https:\/\/inti.hr\/sr\/#website","url":"https:\/\/inti.hr\/sr\/","name":"Inti","description":"trgovina","potentialAction":[{"@type":"SearchAction","target":{"@type":"EntryPoint","urlTemplate":"https:\/\/inti.hr\/sr\/?s={search_term_string}"},"query-input":{"@type":"PropertyValueSpecification","valueRequired":true,"valueName":"search_term_string"}}],"inLanguage":"sr-RS"}]}},"jetpack_sharing_enabled":true,"jetpack-related-posts":[],"_links":{"self":[{"href":"https:\/\/inti.hr\/sr\/wp-json\/wp\/v2\/product\/33949"}],"collection":[{"href":"https:\/\/inti.hr\/sr\/wp-json\/wp\/v2\/product"}],"about":[{"href":"https:\/\/inti.hr\/sr\/wp-json\/wp\/v2\/types\/product"}],"wp:featuredmedia":[{"embeddable":true,"href":"https:\/\/inti.hr\/sr\/wp-json\/wp\/v2\/media\/33950"}],"wp:attachment":[{"href":"https:\/\/inti.hr\/sr\/wp-json\/wp\/v2\/media?parent=33949"}],"wp:term":[{"taxonomy":"product_cat","embeddable":true,"href":"https:\/\/inti.hr\/sr\/wp-json\/wp\/v2\/product_cat?post=33949"},{"taxonomy":"product_tag","embeddable":true,"href":"https:\/\/inti.hr\/sr\/wp-json\/wp\/v2\/product_tag?post=33949"}],"curies":[{"name":"wp","href":"https:\/\/api.w.org\/{rel}","templated":true}]}}