{"id":33969,"date":"2022-05-11T14:42:55","date_gmt":"2022-05-11T14:42:55","guid":{"rendered":"https:\/\/inti.hr\/product\/djecji-krevetic-netstal-90x200-cm\/"},"modified":"2022-05-11T14:42:55","modified_gmt":"2022-05-11T14:42:55","slug":"djecji-krevetic-netstal-90x200-cm","status":"publish","type":"product","link":"https:\/\/inti.hr\/sr\/proizvod\/djecji-krevetic-netstal-90x200-cm\/","title":{"rendered":"Dje\u010dji kreveti\u0107 Netstal 90&#215;200 cm"},"content":{"rendered":"<p><b>Detalji o proizvodu:<\/b><\/p>\n<p>&#8211; Dje\u010dji kreveti\u0107 u ku\u0107noj optici<br \/>\n&#8211; Stabilna konstrukcija<br \/>\n&#8211; Jednostavna monta\u017ea<\/p>\n<p><b>Dimenzije:<\/b><\/p>\n<p>&#8211; Ukupno (Dx\u0160xV): 206x98x142cm<br \/>\n&#8211; stup kreveta (\u0160xD): 6x4cm<br \/>\n&#8211; dimenzije madraca (DxW): 200x90cm<br \/>\n&#8211; udaljenost od poda do ruba krova: 90cm<br \/>\n&#8211; nagib krova: 66cm<br \/>\n&#8211; visina bo\u010dnog dijela: 9cm<br \/>\n&#8211; udaljenost od poda do bo\u010dnog dijela: 4 cm<\/p>\n<p><b>Materijal:<\/b><\/p>\n<p>borovo drvo<\/p>\n<p><b>Opseg isporuke:<\/b><\/p>\n<p>1 x dje\u010dji kreveti\u0107<br \/>\n1 x standardni re\u0161etkasti okvir (jednostavna verzija)<\/p>\n<p><b>Va\u017eno: Madrac, jastuk, deka i svi ostali ukrasni predmeti nisu uklju\u010deni!<\/b><\/p>\n","protected":false},"excerpt":{"rendered":"<p>\u010cvrsti dje\u010dji kreveti\u0107 od bora svojim izgledom uljep\u0161ava svaku dje\u010dju sobu &#8230; <\/p>\n","protected":false},"featured_media":33970,"template":"","meta":[],"product_cat":[2411],"product_tag":[2413,3975,3976,3977],"yoast_head":"<!-- This site is optimized with the Yoast SEO plugin v23.7 - https:\/\/yoast.com\/wordpress\/plugins\/seo\/ -->\n<title>Dje\u010dji kreveti\u0107 Netstal 90x200 cm - Inti<\/title>\n<meta name=\"description\" content=\"\u010cvrsti dje\u010dji kreveti\u0107 od bora svojim izgledom uljep\u0161ava svaku dje\u010dju sobu i nudi udobno mjesto za spavanje.\" \/>\n<meta name=\"robots\" content=\"index, follow, max-snippet:-1, max-image-preview:large, max-video-preview:-1\" \/>\n<link rel=\"canonical\" href=\"https:\/\/inti.hr\/sr\/proizvod\/djecji-krevetic-netstal-90x200-cm\/\" \/>\n<meta property=\"og:locale\" content=\"sr_RS\" \/>\n<meta property=\"og:type\" content=\"article\" \/>\n<meta property=\"og:title\" content=\"Dje\u010dji kreveti\u0107 Netstal 90x200 cm - Inti\" \/>\n<meta property=\"og:description\" content=\"\u010cvrsti dje\u010dji kreveti\u0107 od bora svojim izgledom uljep\u0161ava svaku dje\u010dju sobu i nudi udobno mjesto za spavanje.\" \/>\n<meta property=\"og:url\" content=\"https:\/\/inti.hr\/sr\/proizvod\/djecji-krevetic-netstal-90x200-cm\/\" \/>\n<meta property=\"og:site_name\" content=\"Inti\" \/>\n<meta property=\"og:image\" content=\"https:\/\/i0.wp.com\/inti.hr\/wp-content\/uploads\/2022\/05\/33afe55afa61c2f10f9c1ff3fe5ea43a.jpg?fit=2000%2C2000&ssl=1\" \/>\n\t<meta property=\"og:image:width\" content=\"2000\" \/>\n\t<meta property=\"og:image:height\" content=\"2000\" \/>\n\t<meta property=\"og:image:type\" content=\"image\/jpeg\" \/>\n<meta name=\"twitter:card\" content=\"summary_large_image\" \/>\n<script type=\"application\/ld+json\" class=\"yoast-schema-graph\">{\"@context\":\"https:\/\/schema.org\",\"@graph\":[{\"@type\":\"WebPage\",\"@id\":\"https:\/\/inti.hr\/sr\/proizvod\/djecji-krevetic-netstal-90x200-cm\/\",\"url\":\"https:\/\/inti.hr\/sr\/proizvod\/djecji-krevetic-netstal-90x200-cm\/\",\"name\":\"Dje\u010dji kreveti\u0107 Netstal 90x200 cm - Inti\",\"isPartOf\":{\"@id\":\"https:\/\/inti.hr\/sr\/#website\"},\"primaryImageOfPage\":{\"@id\":\"https:\/\/inti.hr\/sr\/proizvod\/djecji-krevetic-netstal-90x200-cm\/#primaryimage\"},\"image\":{\"@id\":\"https:\/\/inti.hr\/sr\/proizvod\/djecji-krevetic-netstal-90x200-cm\/#primaryimage\"},\"thumbnailUrl\":\"https:\/\/i0.wp.com\/inti.hr\/wp-content\/uploads\/2022\/05\/33afe55afa61c2f10f9c1ff3fe5ea43a.jpg?fit=2000%2C2000&ssl=1\",\"datePublished\":\"2022-05-11T14:42:55+00:00\",\"dateModified\":\"2022-05-11T14:42:55+00:00\",\"description\":\"\u010cvrsti dje\u010dji kreveti\u0107 od bora svojim izgledom uljep\u0161ava svaku dje\u010dju sobu i nudi udobno mjesto za spavanje.\",\"breadcrumb\":{\"@id\":\"https:\/\/inti.hr\/sr\/proizvod\/djecji-krevetic-netstal-90x200-cm\/#breadcrumb\"},\"inLanguage\":\"sr-RS\",\"potentialAction\":[{\"@type\":\"ReadAction\",\"target\":[\"https:\/\/inti.hr\/sr\/proizvod\/djecji-krevetic-netstal-90x200-cm\/\"]}]},{\"@type\":\"ImageObject\",\"inLanguage\":\"sr-RS\",\"@id\":\"https:\/\/inti.hr\/sr\/proizvod\/djecji-krevetic-netstal-90x200-cm\/#primaryimage\",\"url\":\"https:\/\/i0.wp.com\/inti.hr\/wp-content\/uploads\/2022\/05\/33afe55afa61c2f10f9c1ff3fe5ea43a.jpg?fit=2000%2C2000&ssl=1\",\"contentUrl\":\"https:\/\/i0.wp.com\/inti.hr\/wp-content\/uploads\/2022\/05\/33afe55afa61c2f10f9c1ff3fe5ea43a.jpg?fit=2000%2C2000&ssl=1\",\"width\":2000,\"height\":2000},{\"@type\":\"BreadcrumbList\",\"@id\":\"https:\/\/inti.hr\/sr\/proizvod\/djecji-krevetic-netstal-90x200-cm\/#breadcrumb\",\"itemListElement\":[{\"@type\":\"ListItem\",\"position\":1,\"name\":\"Po\u010detna stranica\",\"item\":\"https:\/\/inti.hr\/sr\/\"},{\"@type\":\"ListItem\",\"position\":2,\"name\":\"Prodavnica\",\"item\":\"https:\/\/inti.hr\/sr\/prodavnica\/\"},{\"@type\":\"ListItem\",\"position\":3,\"name\":\"Dje\u010dji kreveti\u0107 Netstal 90&#215;200 cm\"}]},{\"@type\":\"WebSite\",\"@id\":\"https:\/\/inti.hr\/sr\/#website\",\"url\":\"https:\/\/inti.hr\/sr\/\",\"name\":\"Inti\",\"description\":\"trgovina\",\"potentialAction\":[{\"@type\":\"SearchAction\",\"target\":{\"@type\":\"EntryPoint\",\"urlTemplate\":\"https:\/\/inti.hr\/sr\/?s={search_term_string}\"},\"query-input\":{\"@type\":\"PropertyValueSpecification\",\"valueRequired\":true,\"valueName\":\"search_term_string\"}}],\"inLanguage\":\"sr-RS\"}]}<\/script>\n<!-- \/ Yoast SEO plugin. -->","yoast_head_json":{"title":"Dje\u010dji kreveti\u0107 Netstal 90x200 cm - Inti","description":"\u010cvrsti dje\u010dji kreveti\u0107 od bora svojim izgledom uljep\u0161ava svaku dje\u010dju sobu i nudi udobno mjesto za spavanje.","robots":{"index":"index","follow":"follow","max-snippet":"max-snippet:-1","max-image-preview":"max-image-preview:large","max-video-preview":"max-video-preview:-1"},"canonical":"https:\/\/inti.hr\/sr\/proizvod\/djecji-krevetic-netstal-90x200-cm\/","og_locale":"sr_RS","og_type":"article","og_title":"Dje\u010dji kreveti\u0107 Netstal 90x200 cm - Inti","og_description":"\u010cvrsti dje\u010dji kreveti\u0107 od bora svojim izgledom uljep\u0161ava svaku dje\u010dju sobu i nudi udobno mjesto za spavanje.","og_url":"https:\/\/inti.hr\/sr\/proizvod\/djecji-krevetic-netstal-90x200-cm\/","og_site_name":"Inti","og_image":[{"width":2000,"height":2000,"url":"https:\/\/i0.wp.com\/inti.hr\/wp-content\/uploads\/2022\/05\/33afe55afa61c2f10f9c1ff3fe5ea43a.jpg?fit=2000%2C2000&ssl=1","type":"image\/jpeg"}],"twitter_card":"summary_large_image","schema":{"@context":"https:\/\/schema.org","@graph":[{"@type":"WebPage","@id":"https:\/\/inti.hr\/sr\/proizvod\/djecji-krevetic-netstal-90x200-cm\/","url":"https:\/\/inti.hr\/sr\/proizvod\/djecji-krevetic-netstal-90x200-cm\/","name":"Dje\u010dji kreveti\u0107 Netstal 90x200 cm - Inti","isPartOf":{"@id":"https:\/\/inti.hr\/sr\/#website"},"primaryImageOfPage":{"@id":"https:\/\/inti.hr\/sr\/proizvod\/djecji-krevetic-netstal-90x200-cm\/#primaryimage"},"image":{"@id":"https:\/\/inti.hr\/sr\/proizvod\/djecji-krevetic-netstal-90x200-cm\/#primaryimage"},"thumbnailUrl":"https:\/\/i0.wp.com\/inti.hr\/wp-content\/uploads\/2022\/05\/33afe55afa61c2f10f9c1ff3fe5ea43a.jpg?fit=2000%2C2000&ssl=1","datePublished":"2022-05-11T14:42:55+00:00","dateModified":"2022-05-11T14:42:55+00:00","description":"\u010cvrsti dje\u010dji kreveti\u0107 od bora svojim izgledom uljep\u0161ava svaku dje\u010dju sobu i nudi udobno mjesto za spavanje.","breadcrumb":{"@id":"https:\/\/inti.hr\/sr\/proizvod\/djecji-krevetic-netstal-90x200-cm\/#breadcrumb"},"inLanguage":"sr-RS","potentialAction":[{"@type":"ReadAction","target":["https:\/\/inti.hr\/sr\/proizvod\/djecji-krevetic-netstal-90x200-cm\/"]}]},{"@type":"ImageObject","inLanguage":"sr-RS","@id":"https:\/\/inti.hr\/sr\/proizvod\/djecji-krevetic-netstal-90x200-cm\/#primaryimage","url":"https:\/\/i0.wp.com\/inti.hr\/wp-content\/uploads\/2022\/05\/33afe55afa61c2f10f9c1ff3fe5ea43a.jpg?fit=2000%2C2000&ssl=1","contentUrl":"https:\/\/i0.wp.com\/inti.hr\/wp-content\/uploads\/2022\/05\/33afe55afa61c2f10f9c1ff3fe5ea43a.jpg?fit=2000%2C2000&ssl=1","width":2000,"height":2000},{"@type":"BreadcrumbList","@id":"https:\/\/inti.hr\/sr\/proizvod\/djecji-krevetic-netstal-90x200-cm\/#breadcrumb","itemListElement":[{"@type":"ListItem","position":1,"name":"Po\u010detna stranica","item":"https:\/\/inti.hr\/sr\/"},{"@type":"ListItem","position":2,"name":"Prodavnica","item":"https:\/\/inti.hr\/sr\/prodavnica\/"},{"@type":"ListItem","position":3,"name":"Dje\u010dji kreveti\u0107 Netstal 90&#215;200 cm"}]},{"@type":"WebSite","@id":"https:\/\/inti.hr\/sr\/#website","url":"https:\/\/inti.hr\/sr\/","name":"Inti","description":"trgovina","potentialAction":[{"@type":"SearchAction","target":{"@type":"EntryPoint","urlTemplate":"https:\/\/inti.hr\/sr\/?s={search_term_string}"},"query-input":{"@type":"PropertyValueSpecification","valueRequired":true,"valueName":"search_term_string"}}],"inLanguage":"sr-RS"}]}},"jetpack_sharing_enabled":true,"jetpack-related-posts":[],"_links":{"self":[{"href":"https:\/\/inti.hr\/sr\/wp-json\/wp\/v2\/product\/33969"}],"collection":[{"href":"https:\/\/inti.hr\/sr\/wp-json\/wp\/v2\/product"}],"about":[{"href":"https:\/\/inti.hr\/sr\/wp-json\/wp\/v2\/types\/product"}],"wp:featuredmedia":[{"embeddable":true,"href":"https:\/\/inti.hr\/sr\/wp-json\/wp\/v2\/media\/33970"}],"wp:attachment":[{"href":"https:\/\/inti.hr\/sr\/wp-json\/wp\/v2\/media?parent=33969"}],"wp:term":[{"taxonomy":"product_cat","embeddable":true,"href":"https:\/\/inti.hr\/sr\/wp-json\/wp\/v2\/product_cat?post=33969"},{"taxonomy":"product_tag","embeddable":true,"href":"https:\/\/inti.hr\/sr\/wp-json\/wp\/v2\/product_tag?post=33969"}],"curies":[{"name":"wp","href":"https:\/\/api.w.org\/{rel}","templated":true}]}}