{"id":33989,"date":"2022-05-09T09:51:27","date_gmt":"2022-05-09T09:51:27","guid":{"rendered":"https:\/\/inti.hr\/product\/barski-i-bistro-stol-avesta-okrugli-podesiv-po-visini\/"},"modified":"2022-05-09T09:51:27","modified_gmt":"2022-05-09T09:51:27","slug":"barski-i-bistro-stol-avesta-okrugli-podesiv-po-visini","status":"publish","type":"product","link":"https:\/\/inti.hr\/sr\/proizvod\/barski-i-bistro-stol-avesta-okrugli-podesiv-po-visini\/","title":{"rendered":"Barski i bistro stol Avesta okrugli podesiv po visini"},"content":{"rendered":"<p><b>Detalji o proizvodu:<\/b><\/p>\n<p>&#8211; Jednostavan za sastavljanje i brzo postavljanje<br \/>\n&#8211; Idealno za vrtne zabave, proslave tvrtki, domjenke \u0161ampanjca ili u kafeteriji<br \/>\n&#8211; Stabilan stalak zahvaljuju\u0107i bazi s 4 zvjezdice koja \u0161titi pod<br \/>\n&#8211; Vijci za pode\u0161avanje za kompenzaciju neravnih podova<br \/>\n&#8211; Plo\u010da stola mo\u017ee se presavijeni radi u\u0161tede prostora<br \/>\n&#8211; Prikladno za unutarnje i vanjske prostore &#8211; Plo\u010da<br \/>\nstola otporna na vremenske uvjete<br \/>\n&#8211; Mogu se montirati na 2 razli\u010dite visine<\/p>\n<p><b>Dimenzije:<\/b><\/p>\n<p>&#8211; Visina: 75 cm \/ 115 cm (podesivo)<br \/>\n&#8211; Plo\u010da stola (\u00d8): 60 cm<br \/>\n&#8211; Baza (Dx\u0160): 58 x 58 cm<br \/>\n&#8211; Debljina plo\u010de stola: 22 mm<\/p>\n<p><b>Materijal:<\/b><\/p>\n<p>&#8211; Plo\u010da stola: MDF s ku\u0107i\u0161tem od poliranog nehr\u0111aju\u0107eg \u010delika<br \/>\n&#8211; Okvir: aluminij<br \/>\n&#8211; Noge: plastika<\/p>\n<p><b>Boja:<\/b><\/p>\n<p>Srebro<\/p>\n<p><b>Oblik:<\/b><\/p>\n<p>Oko<\/p>\n","protected":false},"excerpt":{"rendered":"<p>Elegantan i bezvremenski stol stvara nevjerojatan ugo\u0111aj.\u00a0Podesiv je po visini i &#8230; <\/p>\n","protected":false},"featured_media":33990,"template":"","meta":[],"product_cat":[2814],"product_tag":[3018,3985,2941,3361],"yoast_head":"<!-- This site is optimized with the Yoast SEO plugin v23.7 - https:\/\/yoast.com\/wordpress\/plugins\/seo\/ -->\n<title>Barski i bistro stol Avesta okrugli podesiv po visini - Inti<\/title>\n<meta name=\"description\" content=\"Elegantan i bezvremenski stol stvara nevjerojatan ugo\u0111aj. Podesiv je po visini i stoga se mo\u017ee koristiti kao barski stol ili kao bistro stol. Osim toga, plo\u010da stola se mo\u017ee sklopiti kako bi se u\u0161tedio prostor.\" \/>\n<meta name=\"robots\" content=\"index, follow, max-snippet:-1, max-image-preview:large, max-video-preview:-1\" \/>\n<link rel=\"canonical\" href=\"https:\/\/inti.hr\/sr\/proizvod\/barski-i-bistro-stol-avesta-okrugli-podesiv-po-visini\/\" \/>\n<meta property=\"og:locale\" content=\"sr_RS\" \/>\n<meta property=\"og:type\" content=\"article\" \/>\n<meta property=\"og:title\" content=\"Barski i bistro stol Avesta okrugli podesiv po visini - Inti\" \/>\n<meta property=\"og:description\" content=\"Elegantan i bezvremenski stol stvara nevjerojatan ugo\u0111aj. Podesiv je po visini i stoga se mo\u017ee koristiti kao barski stol ili kao bistro stol. Osim toga, plo\u010da stola se mo\u017ee sklopiti kako bi se u\u0161tedio prostor.\" \/>\n<meta property=\"og:url\" content=\"https:\/\/inti.hr\/sr\/proizvod\/barski-i-bistro-stol-avesta-okrugli-podesiv-po-visini\/\" \/>\n<meta property=\"og:site_name\" content=\"Inti\" \/>\n<meta property=\"og:image\" content=\"https:\/\/i0.wp.com\/inti.hr\/wp-content\/uploads\/2022\/05\/293d41f66e4ba0b222882ec4d7ba97e7.webp?fit=2000%2C2000&ssl=1\" \/>\n\t<meta property=\"og:image:width\" content=\"2000\" \/>\n\t<meta property=\"og:image:height\" content=\"2000\" \/>\n\t<meta property=\"og:image:type\" content=\"image\/webp\" \/>\n<meta name=\"twitter:card\" content=\"summary_large_image\" \/>\n<meta name=\"twitter:label1\" content=\"\u041f\u0440\u043e\u0446\u0435\u045a\u0435\u043d\u043e \u0432\u0440\u0435\u043c\u0435 \u0447\u0438\u0442\u0430\u045a\u0430\" \/>\n\t<meta name=\"twitter:data1\" content=\"1 \u043c\u0438\u043d\u0443\u0442\" \/>\n<script type=\"application\/ld+json\" class=\"yoast-schema-graph\">{\"@context\":\"https:\/\/schema.org\",\"@graph\":[{\"@type\":\"WebPage\",\"@id\":\"https:\/\/inti.hr\/sr\/proizvod\/barski-i-bistro-stol-avesta-okrugli-podesiv-po-visini\/\",\"url\":\"https:\/\/inti.hr\/sr\/proizvod\/barski-i-bistro-stol-avesta-okrugli-podesiv-po-visini\/\",\"name\":\"Barski i bistro stol Avesta okrugli podesiv po visini - Inti\",\"isPartOf\":{\"@id\":\"https:\/\/inti.hr\/sr\/#website\"},\"primaryImageOfPage\":{\"@id\":\"https:\/\/inti.hr\/sr\/proizvod\/barski-i-bistro-stol-avesta-okrugli-podesiv-po-visini\/#primaryimage\"},\"image\":{\"@id\":\"https:\/\/inti.hr\/sr\/proizvod\/barski-i-bistro-stol-avesta-okrugli-podesiv-po-visini\/#primaryimage\"},\"thumbnailUrl\":\"https:\/\/i0.wp.com\/inti.hr\/wp-content\/uploads\/2022\/05\/293d41f66e4ba0b222882ec4d7ba97e7.webp?fit=2000%2C2000&ssl=1\",\"datePublished\":\"2022-05-09T09:51:27+00:00\",\"dateModified\":\"2022-05-09T09:51:27+00:00\",\"description\":\"Elegantan i bezvremenski stol stvara nevjerojatan ugo\u0111aj. Podesiv je po visini i stoga se mo\u017ee koristiti kao barski stol ili kao bistro stol. Osim toga, plo\u010da stola se mo\u017ee sklopiti kako bi se u\u0161tedio prostor.\",\"breadcrumb\":{\"@id\":\"https:\/\/inti.hr\/sr\/proizvod\/barski-i-bistro-stol-avesta-okrugli-podesiv-po-visini\/#breadcrumb\"},\"inLanguage\":\"sr-RS\",\"potentialAction\":[{\"@type\":\"ReadAction\",\"target\":[\"https:\/\/inti.hr\/sr\/proizvod\/barski-i-bistro-stol-avesta-okrugli-podesiv-po-visini\/\"]}]},{\"@type\":\"ImageObject\",\"inLanguage\":\"sr-RS\",\"@id\":\"https:\/\/inti.hr\/sr\/proizvod\/barski-i-bistro-stol-avesta-okrugli-podesiv-po-visini\/#primaryimage\",\"url\":\"https:\/\/i0.wp.com\/inti.hr\/wp-content\/uploads\/2022\/05\/293d41f66e4ba0b222882ec4d7ba97e7.webp?fit=2000%2C2000&ssl=1\",\"contentUrl\":\"https:\/\/i0.wp.com\/inti.hr\/wp-content\/uploads\/2022\/05\/293d41f66e4ba0b222882ec4d7ba97e7.webp?fit=2000%2C2000&ssl=1\",\"width\":2000,\"height\":2000},{\"@type\":\"BreadcrumbList\",\"@id\":\"https:\/\/inti.hr\/sr\/proizvod\/barski-i-bistro-stol-avesta-okrugli-podesiv-po-visini\/#breadcrumb\",\"itemListElement\":[{\"@type\":\"ListItem\",\"position\":1,\"name\":\"Po\u010detna stranica\",\"item\":\"https:\/\/inti.hr\/sr\/\"},{\"@type\":\"ListItem\",\"position\":2,\"name\":\"Prodavnica\",\"item\":\"https:\/\/inti.hr\/sr\/prodavnica\/\"},{\"@type\":\"ListItem\",\"position\":3,\"name\":\"Barski i bistro stol Avesta okrugli podesiv po visini\"}]},{\"@type\":\"WebSite\",\"@id\":\"https:\/\/inti.hr\/sr\/#website\",\"url\":\"https:\/\/inti.hr\/sr\/\",\"name\":\"Inti\",\"description\":\"trgovina\",\"potentialAction\":[{\"@type\":\"SearchAction\",\"target\":{\"@type\":\"EntryPoint\",\"urlTemplate\":\"https:\/\/inti.hr\/sr\/?s={search_term_string}\"},\"query-input\":{\"@type\":\"PropertyValueSpecification\",\"valueRequired\":true,\"valueName\":\"search_term_string\"}}],\"inLanguage\":\"sr-RS\"}]}<\/script>\n<!-- \/ Yoast SEO plugin. -->","yoast_head_json":{"title":"Barski i bistro stol Avesta okrugli podesiv po visini - Inti","description":"Elegantan i bezvremenski stol stvara nevjerojatan ugo\u0111aj. Podesiv je po visini i stoga se mo\u017ee koristiti kao barski stol ili kao bistro stol. Osim toga, plo\u010da stola se mo\u017ee sklopiti kako bi se u\u0161tedio prostor.","robots":{"index":"index","follow":"follow","max-snippet":"max-snippet:-1","max-image-preview":"max-image-preview:large","max-video-preview":"max-video-preview:-1"},"canonical":"https:\/\/inti.hr\/sr\/proizvod\/barski-i-bistro-stol-avesta-okrugli-podesiv-po-visini\/","og_locale":"sr_RS","og_type":"article","og_title":"Barski i bistro stol Avesta okrugli podesiv po visini - Inti","og_description":"Elegantan i bezvremenski stol stvara nevjerojatan ugo\u0111aj. Podesiv je po visini i stoga se mo\u017ee koristiti kao barski stol ili kao bistro stol. Osim toga, plo\u010da stola se mo\u017ee sklopiti kako bi se u\u0161tedio prostor.","og_url":"https:\/\/inti.hr\/sr\/proizvod\/barski-i-bistro-stol-avesta-okrugli-podesiv-po-visini\/","og_site_name":"Inti","og_image":[{"width":2000,"height":2000,"url":"https:\/\/i0.wp.com\/inti.hr\/wp-content\/uploads\/2022\/05\/293d41f66e4ba0b222882ec4d7ba97e7.webp?fit=2000%2C2000&ssl=1","type":"image\/webp"}],"twitter_card":"summary_large_image","twitter_misc":{"\u041f\u0440\u043e\u0446\u0435\u045a\u0435\u043d\u043e \u0432\u0440\u0435\u043c\u0435 \u0447\u0438\u0442\u0430\u045a\u0430":"1 \u043c\u0438\u043d\u0443\u0442"},"schema":{"@context":"https:\/\/schema.org","@graph":[{"@type":"WebPage","@id":"https:\/\/inti.hr\/sr\/proizvod\/barski-i-bistro-stol-avesta-okrugli-podesiv-po-visini\/","url":"https:\/\/inti.hr\/sr\/proizvod\/barski-i-bistro-stol-avesta-okrugli-podesiv-po-visini\/","name":"Barski i bistro stol Avesta okrugli podesiv po visini - Inti","isPartOf":{"@id":"https:\/\/inti.hr\/sr\/#website"},"primaryImageOfPage":{"@id":"https:\/\/inti.hr\/sr\/proizvod\/barski-i-bistro-stol-avesta-okrugli-podesiv-po-visini\/#primaryimage"},"image":{"@id":"https:\/\/inti.hr\/sr\/proizvod\/barski-i-bistro-stol-avesta-okrugli-podesiv-po-visini\/#primaryimage"},"thumbnailUrl":"https:\/\/i0.wp.com\/inti.hr\/wp-content\/uploads\/2022\/05\/293d41f66e4ba0b222882ec4d7ba97e7.webp?fit=2000%2C2000&ssl=1","datePublished":"2022-05-09T09:51:27+00:00","dateModified":"2022-05-09T09:51:27+00:00","description":"Elegantan i bezvremenski stol stvara nevjerojatan ugo\u0111aj. Podesiv je po visini i stoga se mo\u017ee koristiti kao barski stol ili kao bistro stol. Osim toga, plo\u010da stola se mo\u017ee sklopiti kako bi se u\u0161tedio prostor.","breadcrumb":{"@id":"https:\/\/inti.hr\/sr\/proizvod\/barski-i-bistro-stol-avesta-okrugli-podesiv-po-visini\/#breadcrumb"},"inLanguage":"sr-RS","potentialAction":[{"@type":"ReadAction","target":["https:\/\/inti.hr\/sr\/proizvod\/barski-i-bistro-stol-avesta-okrugli-podesiv-po-visini\/"]}]},{"@type":"ImageObject","inLanguage":"sr-RS","@id":"https:\/\/inti.hr\/sr\/proizvod\/barski-i-bistro-stol-avesta-okrugli-podesiv-po-visini\/#primaryimage","url":"https:\/\/i0.wp.com\/inti.hr\/wp-content\/uploads\/2022\/05\/293d41f66e4ba0b222882ec4d7ba97e7.webp?fit=2000%2C2000&ssl=1","contentUrl":"https:\/\/i0.wp.com\/inti.hr\/wp-content\/uploads\/2022\/05\/293d41f66e4ba0b222882ec4d7ba97e7.webp?fit=2000%2C2000&ssl=1","width":2000,"height":2000},{"@type":"BreadcrumbList","@id":"https:\/\/inti.hr\/sr\/proizvod\/barski-i-bistro-stol-avesta-okrugli-podesiv-po-visini\/#breadcrumb","itemListElement":[{"@type":"ListItem","position":1,"name":"Po\u010detna stranica","item":"https:\/\/inti.hr\/sr\/"},{"@type":"ListItem","position":2,"name":"Prodavnica","item":"https:\/\/inti.hr\/sr\/prodavnica\/"},{"@type":"ListItem","position":3,"name":"Barski i bistro stol Avesta okrugli podesiv po visini"}]},{"@type":"WebSite","@id":"https:\/\/inti.hr\/sr\/#website","url":"https:\/\/inti.hr\/sr\/","name":"Inti","description":"trgovina","potentialAction":[{"@type":"SearchAction","target":{"@type":"EntryPoint","urlTemplate":"https:\/\/inti.hr\/sr\/?s={search_term_string}"},"query-input":{"@type":"PropertyValueSpecification","valueRequired":true,"valueName":"search_term_string"}}],"inLanguage":"sr-RS"}]}},"jetpack_sharing_enabled":true,"jetpack-related-posts":[],"_links":{"self":[{"href":"https:\/\/inti.hr\/sr\/wp-json\/wp\/v2\/product\/33989"}],"collection":[{"href":"https:\/\/inti.hr\/sr\/wp-json\/wp\/v2\/product"}],"about":[{"href":"https:\/\/inti.hr\/sr\/wp-json\/wp\/v2\/types\/product"}],"wp:featuredmedia":[{"embeddable":true,"href":"https:\/\/inti.hr\/sr\/wp-json\/wp\/v2\/media\/33990"}],"wp:attachment":[{"href":"https:\/\/inti.hr\/sr\/wp-json\/wp\/v2\/media?parent=33989"}],"wp:term":[{"taxonomy":"product_cat","embeddable":true,"href":"https:\/\/inti.hr\/sr\/wp-json\/wp\/v2\/product_cat?post=33989"},{"taxonomy":"product_tag","embeddable":true,"href":"https:\/\/inti.hr\/sr\/wp-json\/wp\/v2\/product_tag?post=33989"}],"curies":[{"name":"wp","href":"https:\/\/api.w.org\/{rel}","templated":true}]}}