{"id":34019,"date":"2022-05-03T13:48:29","date_gmt":"2022-05-03T13:48:29","guid":{"rendered":"https:\/\/inti.hr\/product\/zidno-moderno-ogledalo\/"},"modified":"2022-05-03T13:48:29","modified_gmt":"2022-05-03T13:48:29","slug":"zidno-moderno-ogledalo","status":"publish","type":"product","link":"https:\/\/inti.hr\/sr\/proizvod\/zidno-moderno-ogledalo\/","title":{"rendered":"Zidno moderno ogledalo"},"content":{"rendered":"<p><b>Detalji o proizvodu:<\/b><\/p>\n<p>&#8211; Idealan dodatak za kupaonicu, hodnik, dnevni boravak ili spava\u0107u sobu<br \/>\n&#8211; Pole\u0111ina s ovjesom za jednostavnu monta\u017eu na zid<br \/>\n&#8211; Brza i jednostavna monta\u017ea bilo okomito ili vodoravno<br \/>\n&#8211; Savr\u0161ena veli\u010dina za friziranje i \u0161minkanje<br \/>\n&#8211; Bezvremenski i elegantan dizajn<br \/>\n&#8211; Elipti\u010dni oblik<\/p>\n<p><b>Materijal okvira:<\/b><\/p>\n<p>aluminij<\/p>\n<p><b>Dimenzije:<\/b><\/p>\n<p>&#8211; Ukupno: 40 x 80 cm<br \/>\n&#8211; Povr\u0161ina zrcala: 38,4 x 78,4 cm<br \/>\n&#8211; Debljina okvira: 2,8 cm<\/p>\n","protected":false},"excerpt":{"rendered":"<p>Dekorativno i elegantno, vise\u0107e ogledalo idealno je za va\u0161u kupaonicu, hodnik, &#8230; <\/p>\n","protected":false},"featured_media":34020,"template":"","meta":[],"product_cat":[2421,2396],"product_tag":[2448,2636,2522,3679,3995],"yoast_head":"<!-- This site is optimized with the Yoast SEO plugin v23.7 - https:\/\/yoast.com\/wordpress\/plugins\/seo\/ -->\n<title>Zidno moderno ogledalo - Inti<\/title>\n<meta name=\"description\" content=\"Dekorativno i elegantno, vise\u0107e ogledalo idealno je za va\u0161u kupaonicu, hodnik, garderobu ili gdje god vam je potrebno ogledalo. Svojim bezvremenskim i elegantnim dizajnom prikladan je za svaki \u017eivotni prostor.\" \/>\n<meta name=\"robots\" content=\"index, follow, max-snippet:-1, max-image-preview:large, max-video-preview:-1\" \/>\n<link rel=\"canonical\" href=\"https:\/\/inti.hr\/sr\/proizvod\/zidno-moderno-ogledalo\/\" \/>\n<meta property=\"og:locale\" content=\"sr_RS\" \/>\n<meta property=\"og:type\" content=\"article\" \/>\n<meta property=\"og:title\" content=\"Zidno moderno ogledalo - Inti\" \/>\n<meta property=\"og:description\" content=\"Dekorativno i elegantno, vise\u0107e ogledalo idealno je za va\u0161u kupaonicu, hodnik, garderobu ili gdje god vam je potrebno ogledalo. Svojim bezvremenskim i elegantnim dizajnom prikladan je za svaki \u017eivotni prostor.\" \/>\n<meta property=\"og:url\" content=\"https:\/\/inti.hr\/sr\/proizvod\/zidno-moderno-ogledalo\/\" \/>\n<meta property=\"og:site_name\" content=\"Inti\" \/>\n<meta property=\"og:image\" content=\"https:\/\/i0.wp.com\/inti.hr\/wp-content\/uploads\/2022\/05\/c732a2d894348b92436511273551f2bd.webp?fit=2000%2C2000&ssl=1\" \/>\n\t<meta property=\"og:image:width\" content=\"2000\" \/>\n\t<meta property=\"og:image:height\" content=\"2000\" \/>\n\t<meta property=\"og:image:type\" content=\"image\/webp\" \/>\n<meta name=\"twitter:card\" content=\"summary_large_image\" \/>\n<script type=\"application\/ld+json\" class=\"yoast-schema-graph\">{\"@context\":\"https:\/\/schema.org\",\"@graph\":[{\"@type\":\"WebPage\",\"@id\":\"https:\/\/inti.hr\/sr\/proizvod\/zidno-moderno-ogledalo\/\",\"url\":\"https:\/\/inti.hr\/sr\/proizvod\/zidno-moderno-ogledalo\/\",\"name\":\"Zidno moderno ogledalo - Inti\",\"isPartOf\":{\"@id\":\"https:\/\/inti.hr\/sr\/#website\"},\"primaryImageOfPage\":{\"@id\":\"https:\/\/inti.hr\/sr\/proizvod\/zidno-moderno-ogledalo\/#primaryimage\"},\"image\":{\"@id\":\"https:\/\/inti.hr\/sr\/proizvod\/zidno-moderno-ogledalo\/#primaryimage\"},\"thumbnailUrl\":\"https:\/\/i0.wp.com\/inti.hr\/wp-content\/uploads\/2022\/05\/c732a2d894348b92436511273551f2bd.webp?fit=2000%2C2000&ssl=1\",\"datePublished\":\"2022-05-03T13:48:29+00:00\",\"dateModified\":\"2022-05-03T13:48:29+00:00\",\"description\":\"Dekorativno i elegantno, vise\u0107e ogledalo idealno je za va\u0161u kupaonicu, hodnik, garderobu ili gdje god vam je potrebno ogledalo. Svojim bezvremenskim i elegantnim dizajnom prikladan je za svaki \u017eivotni prostor.\",\"breadcrumb\":{\"@id\":\"https:\/\/inti.hr\/sr\/proizvod\/zidno-moderno-ogledalo\/#breadcrumb\"},\"inLanguage\":\"sr-RS\",\"potentialAction\":[{\"@type\":\"ReadAction\",\"target\":[\"https:\/\/inti.hr\/sr\/proizvod\/zidno-moderno-ogledalo\/\"]}]},{\"@type\":\"ImageObject\",\"inLanguage\":\"sr-RS\",\"@id\":\"https:\/\/inti.hr\/sr\/proizvod\/zidno-moderno-ogledalo\/#primaryimage\",\"url\":\"https:\/\/i0.wp.com\/inti.hr\/wp-content\/uploads\/2022\/05\/c732a2d894348b92436511273551f2bd.webp?fit=2000%2C2000&ssl=1\",\"contentUrl\":\"https:\/\/i0.wp.com\/inti.hr\/wp-content\/uploads\/2022\/05\/c732a2d894348b92436511273551f2bd.webp?fit=2000%2C2000&ssl=1\",\"width\":2000,\"height\":2000},{\"@type\":\"BreadcrumbList\",\"@id\":\"https:\/\/inti.hr\/sr\/proizvod\/zidno-moderno-ogledalo\/#breadcrumb\",\"itemListElement\":[{\"@type\":\"ListItem\",\"position\":1,\"name\":\"Po\u010detna stranica\",\"item\":\"https:\/\/inti.hr\/sr\/\"},{\"@type\":\"ListItem\",\"position\":2,\"name\":\"Prodavnica\",\"item\":\"https:\/\/inti.hr\/sr\/prodavnica\/\"},{\"@type\":\"ListItem\",\"position\":3,\"name\":\"Zidno moderno ogledalo\"}]},{\"@type\":\"WebSite\",\"@id\":\"https:\/\/inti.hr\/sr\/#website\",\"url\":\"https:\/\/inti.hr\/sr\/\",\"name\":\"Inti\",\"description\":\"trgovina\",\"potentialAction\":[{\"@type\":\"SearchAction\",\"target\":{\"@type\":\"EntryPoint\",\"urlTemplate\":\"https:\/\/inti.hr\/sr\/?s={search_term_string}\"},\"query-input\":{\"@type\":\"PropertyValueSpecification\",\"valueRequired\":true,\"valueName\":\"search_term_string\"}}],\"inLanguage\":\"sr-RS\"}]}<\/script>\n<!-- \/ Yoast SEO plugin. -->","yoast_head_json":{"title":"Zidno moderno ogledalo - Inti","description":"Dekorativno i elegantno, vise\u0107e ogledalo idealno je za va\u0161u kupaonicu, hodnik, garderobu ili gdje god vam je potrebno ogledalo. Svojim bezvremenskim i elegantnim dizajnom prikladan je za svaki \u017eivotni prostor.","robots":{"index":"index","follow":"follow","max-snippet":"max-snippet:-1","max-image-preview":"max-image-preview:large","max-video-preview":"max-video-preview:-1"},"canonical":"https:\/\/inti.hr\/sr\/proizvod\/zidno-moderno-ogledalo\/","og_locale":"sr_RS","og_type":"article","og_title":"Zidno moderno ogledalo - Inti","og_description":"Dekorativno i elegantno, vise\u0107e ogledalo idealno je za va\u0161u kupaonicu, hodnik, garderobu ili gdje god vam je potrebno ogledalo. Svojim bezvremenskim i elegantnim dizajnom prikladan je za svaki \u017eivotni prostor.","og_url":"https:\/\/inti.hr\/sr\/proizvod\/zidno-moderno-ogledalo\/","og_site_name":"Inti","og_image":[{"width":2000,"height":2000,"url":"https:\/\/i0.wp.com\/inti.hr\/wp-content\/uploads\/2022\/05\/c732a2d894348b92436511273551f2bd.webp?fit=2000%2C2000&ssl=1","type":"image\/webp"}],"twitter_card":"summary_large_image","schema":{"@context":"https:\/\/schema.org","@graph":[{"@type":"WebPage","@id":"https:\/\/inti.hr\/sr\/proizvod\/zidno-moderno-ogledalo\/","url":"https:\/\/inti.hr\/sr\/proizvod\/zidno-moderno-ogledalo\/","name":"Zidno moderno ogledalo - Inti","isPartOf":{"@id":"https:\/\/inti.hr\/sr\/#website"},"primaryImageOfPage":{"@id":"https:\/\/inti.hr\/sr\/proizvod\/zidno-moderno-ogledalo\/#primaryimage"},"image":{"@id":"https:\/\/inti.hr\/sr\/proizvod\/zidno-moderno-ogledalo\/#primaryimage"},"thumbnailUrl":"https:\/\/i0.wp.com\/inti.hr\/wp-content\/uploads\/2022\/05\/c732a2d894348b92436511273551f2bd.webp?fit=2000%2C2000&ssl=1","datePublished":"2022-05-03T13:48:29+00:00","dateModified":"2022-05-03T13:48:29+00:00","description":"Dekorativno i elegantno, vise\u0107e ogledalo idealno je za va\u0161u kupaonicu, hodnik, garderobu ili gdje god vam je potrebno ogledalo. Svojim bezvremenskim i elegantnim dizajnom prikladan je za svaki \u017eivotni prostor.","breadcrumb":{"@id":"https:\/\/inti.hr\/sr\/proizvod\/zidno-moderno-ogledalo\/#breadcrumb"},"inLanguage":"sr-RS","potentialAction":[{"@type":"ReadAction","target":["https:\/\/inti.hr\/sr\/proizvod\/zidno-moderno-ogledalo\/"]}]},{"@type":"ImageObject","inLanguage":"sr-RS","@id":"https:\/\/inti.hr\/sr\/proizvod\/zidno-moderno-ogledalo\/#primaryimage","url":"https:\/\/i0.wp.com\/inti.hr\/wp-content\/uploads\/2022\/05\/c732a2d894348b92436511273551f2bd.webp?fit=2000%2C2000&ssl=1","contentUrl":"https:\/\/i0.wp.com\/inti.hr\/wp-content\/uploads\/2022\/05\/c732a2d894348b92436511273551f2bd.webp?fit=2000%2C2000&ssl=1","width":2000,"height":2000},{"@type":"BreadcrumbList","@id":"https:\/\/inti.hr\/sr\/proizvod\/zidno-moderno-ogledalo\/#breadcrumb","itemListElement":[{"@type":"ListItem","position":1,"name":"Po\u010detna stranica","item":"https:\/\/inti.hr\/sr\/"},{"@type":"ListItem","position":2,"name":"Prodavnica","item":"https:\/\/inti.hr\/sr\/prodavnica\/"},{"@type":"ListItem","position":3,"name":"Zidno moderno ogledalo"}]},{"@type":"WebSite","@id":"https:\/\/inti.hr\/sr\/#website","url":"https:\/\/inti.hr\/sr\/","name":"Inti","description":"trgovina","potentialAction":[{"@type":"SearchAction","target":{"@type":"EntryPoint","urlTemplate":"https:\/\/inti.hr\/sr\/?s={search_term_string}"},"query-input":{"@type":"PropertyValueSpecification","valueRequired":true,"valueName":"search_term_string"}}],"inLanguage":"sr-RS"}]}},"jetpack_sharing_enabled":true,"jetpack-related-posts":[],"_links":{"self":[{"href":"https:\/\/inti.hr\/sr\/wp-json\/wp\/v2\/product\/34019"}],"collection":[{"href":"https:\/\/inti.hr\/sr\/wp-json\/wp\/v2\/product"}],"about":[{"href":"https:\/\/inti.hr\/sr\/wp-json\/wp\/v2\/types\/product"}],"wp:featuredmedia":[{"embeddable":true,"href":"https:\/\/inti.hr\/sr\/wp-json\/wp\/v2\/media\/34020"}],"wp:attachment":[{"href":"https:\/\/inti.hr\/sr\/wp-json\/wp\/v2\/media?parent=34019"}],"wp:term":[{"taxonomy":"product_cat","embeddable":true,"href":"https:\/\/inti.hr\/sr\/wp-json\/wp\/v2\/product_cat?post=34019"},{"taxonomy":"product_tag","embeddable":true,"href":"https:\/\/inti.hr\/sr\/wp-json\/wp\/v2\/product_tag?post=34019"}],"curies":[{"name":"wp","href":"https:\/\/api.w.org\/{rel}","templated":true}]}}