{"id":34027,"date":"2022-04-28T16:57:15","date_gmt":"2022-04-28T16:57:15","guid":{"rendered":"https:\/\/inti.hr\/product\/kupaonska-polica-bambus-5-polica-uskih\/"},"modified":"2022-04-28T16:57:15","modified_gmt":"2022-04-28T16:57:15","slug":"kupaonska-polica-bambus-5-polica-uskih","status":"publish","type":"product","link":"https:\/\/inti.hr\/sr\/proizvod\/kupaonska-polica-bambus-5-polica-uskih\/","title":{"rendered":"Kupaonska polica bambus 5 polica uskih"},"content":{"rendered":"<p><strong>Detalji o proizvodu:<\/strong><br \/>\n&#8211; Boja: prirodna<br \/>\n&#8211; Materijal: bambus<br \/>\n&#8211; Veli\u010dina proizvoda: 33 x 33 x 146 cm (D x \u0160 x D)<br \/>\n&#8211; Udaljenost izme\u0111u polica: 13 cm<br \/>\n&#8211; Te\u017eina: 4,6 kg<\/p>\n","protected":false},"excerpt":{"rendered":"<p>S prekrasnom, dobro izra\u0111enom zavr\u0161nom obradom od bambusa, ova polica \u0107e &#8230; <\/p>\n","protected":false},"featured_media":34028,"template":"","meta":[],"product_cat":[2396],"product_tag":[2540,2522,2600,3997],"yoast_head":"<!-- This site is optimized with the Yoast SEO plugin v23.7 - https:\/\/yoast.com\/wordpress\/plugins\/seo\/ -->\n<title>Kupaonska polica bambus 5 polica uskih - Inti<\/title>\n<meta name=\"robots\" content=\"index, follow, max-snippet:-1, max-image-preview:large, max-video-preview:-1\" \/>\n<link rel=\"canonical\" href=\"https:\/\/inti.hr\/sr\/proizvod\/kupaonska-polica-bambus-5-polica-uskih\/\" \/>\n<meta property=\"og:locale\" content=\"sr_RS\" \/>\n<meta property=\"og:type\" content=\"article\" \/>\n<meta property=\"og:title\" content=\"Kupaonska polica bambus 5 polica uskih - Inti\" \/>\n<meta property=\"og:description\" content=\"S prekrasnom, dobro izra\u0111enom zavr\u0161nom obradom od bambusa, ova polica \u0107e ...\" \/>\n<meta property=\"og:url\" content=\"https:\/\/inti.hr\/sr\/proizvod\/kupaonska-polica-bambus-5-polica-uskih\/\" \/>\n<meta property=\"og:site_name\" content=\"Inti\" \/>\n<meta property=\"og:image\" content=\"https:\/\/i0.wp.com\/inti.hr\/wp-content\/uploads\/2022\/04\/71cUsfoZE5L._AC_SL1500_.jpg?fit=1500%2C1500&ssl=1\" \/>\n\t<meta property=\"og:image:width\" content=\"1500\" \/>\n\t<meta property=\"og:image:height\" content=\"1500\" \/>\n\t<meta property=\"og:image:type\" content=\"image\/jpeg\" \/>\n<meta name=\"twitter:card\" content=\"summary_large_image\" \/>\n<script type=\"application\/ld+json\" class=\"yoast-schema-graph\">{\"@context\":\"https:\/\/schema.org\",\"@graph\":[{\"@type\":\"WebPage\",\"@id\":\"https:\/\/inti.hr\/sr\/proizvod\/kupaonska-polica-bambus-5-polica-uskih\/\",\"url\":\"https:\/\/inti.hr\/sr\/proizvod\/kupaonska-polica-bambus-5-polica-uskih\/\",\"name\":\"Kupaonska polica bambus 5 polica uskih - Inti\",\"isPartOf\":{\"@id\":\"https:\/\/inti.hr\/sr\/#website\"},\"primaryImageOfPage\":{\"@id\":\"https:\/\/inti.hr\/sr\/proizvod\/kupaonska-polica-bambus-5-polica-uskih\/#primaryimage\"},\"image\":{\"@id\":\"https:\/\/inti.hr\/sr\/proizvod\/kupaonska-polica-bambus-5-polica-uskih\/#primaryimage\"},\"thumbnailUrl\":\"https:\/\/i0.wp.com\/inti.hr\/wp-content\/uploads\/2022\/04\/71cUsfoZE5L._AC_SL1500_.jpg?fit=1500%2C1500&ssl=1\",\"datePublished\":\"2022-04-28T16:57:15+00:00\",\"dateModified\":\"2022-04-28T16:57:15+00:00\",\"breadcrumb\":{\"@id\":\"https:\/\/inti.hr\/sr\/proizvod\/kupaonska-polica-bambus-5-polica-uskih\/#breadcrumb\"},\"inLanguage\":\"sr-RS\",\"potentialAction\":[{\"@type\":\"ReadAction\",\"target\":[\"https:\/\/inti.hr\/sr\/proizvod\/kupaonska-polica-bambus-5-polica-uskih\/\"]}]},{\"@type\":\"ImageObject\",\"inLanguage\":\"sr-RS\",\"@id\":\"https:\/\/inti.hr\/sr\/proizvod\/kupaonska-polica-bambus-5-polica-uskih\/#primaryimage\",\"url\":\"https:\/\/i0.wp.com\/inti.hr\/wp-content\/uploads\/2022\/04\/71cUsfoZE5L._AC_SL1500_.jpg?fit=1500%2C1500&ssl=1\",\"contentUrl\":\"https:\/\/i0.wp.com\/inti.hr\/wp-content\/uploads\/2022\/04\/71cUsfoZE5L._AC_SL1500_.jpg?fit=1500%2C1500&ssl=1\",\"width\":1500,\"height\":1500},{\"@type\":\"BreadcrumbList\",\"@id\":\"https:\/\/inti.hr\/sr\/proizvod\/kupaonska-polica-bambus-5-polica-uskih\/#breadcrumb\",\"itemListElement\":[{\"@type\":\"ListItem\",\"position\":1,\"name\":\"Po\u010detna stranica\",\"item\":\"https:\/\/inti.hr\/sr\/\"},{\"@type\":\"ListItem\",\"position\":2,\"name\":\"Prodavnica\",\"item\":\"https:\/\/inti.hr\/sr\/prodavnica\/\"},{\"@type\":\"ListItem\",\"position\":3,\"name\":\"Kupaonska polica bambus 5 polica uskih\"}]},{\"@type\":\"WebSite\",\"@id\":\"https:\/\/inti.hr\/sr\/#website\",\"url\":\"https:\/\/inti.hr\/sr\/\",\"name\":\"Inti\",\"description\":\"trgovina\",\"potentialAction\":[{\"@type\":\"SearchAction\",\"target\":{\"@type\":\"EntryPoint\",\"urlTemplate\":\"https:\/\/inti.hr\/sr\/?s={search_term_string}\"},\"query-input\":{\"@type\":\"PropertyValueSpecification\",\"valueRequired\":true,\"valueName\":\"search_term_string\"}}],\"inLanguage\":\"sr-RS\"}]}<\/script>\n<!-- \/ Yoast SEO plugin. -->","yoast_head_json":{"title":"Kupaonska polica bambus 5 polica uskih - Inti","robots":{"index":"index","follow":"follow","max-snippet":"max-snippet:-1","max-image-preview":"max-image-preview:large","max-video-preview":"max-video-preview:-1"},"canonical":"https:\/\/inti.hr\/sr\/proizvod\/kupaonska-polica-bambus-5-polica-uskih\/","og_locale":"sr_RS","og_type":"article","og_title":"Kupaonska polica bambus 5 polica uskih - Inti","og_description":"S prekrasnom, dobro izra\u0111enom zavr\u0161nom obradom od bambusa, ova polica \u0107e ...","og_url":"https:\/\/inti.hr\/sr\/proizvod\/kupaonska-polica-bambus-5-polica-uskih\/","og_site_name":"Inti","og_image":[{"width":1500,"height":1500,"url":"https:\/\/i0.wp.com\/inti.hr\/wp-content\/uploads\/2022\/04\/71cUsfoZE5L._AC_SL1500_.jpg?fit=1500%2C1500&ssl=1","type":"image\/jpeg"}],"twitter_card":"summary_large_image","schema":{"@context":"https:\/\/schema.org","@graph":[{"@type":"WebPage","@id":"https:\/\/inti.hr\/sr\/proizvod\/kupaonska-polica-bambus-5-polica-uskih\/","url":"https:\/\/inti.hr\/sr\/proizvod\/kupaonska-polica-bambus-5-polica-uskih\/","name":"Kupaonska polica bambus 5 polica uskih - Inti","isPartOf":{"@id":"https:\/\/inti.hr\/sr\/#website"},"primaryImageOfPage":{"@id":"https:\/\/inti.hr\/sr\/proizvod\/kupaonska-polica-bambus-5-polica-uskih\/#primaryimage"},"image":{"@id":"https:\/\/inti.hr\/sr\/proizvod\/kupaonska-polica-bambus-5-polica-uskih\/#primaryimage"},"thumbnailUrl":"https:\/\/i0.wp.com\/inti.hr\/wp-content\/uploads\/2022\/04\/71cUsfoZE5L._AC_SL1500_.jpg?fit=1500%2C1500&ssl=1","datePublished":"2022-04-28T16:57:15+00:00","dateModified":"2022-04-28T16:57:15+00:00","breadcrumb":{"@id":"https:\/\/inti.hr\/sr\/proizvod\/kupaonska-polica-bambus-5-polica-uskih\/#breadcrumb"},"inLanguage":"sr-RS","potentialAction":[{"@type":"ReadAction","target":["https:\/\/inti.hr\/sr\/proizvod\/kupaonska-polica-bambus-5-polica-uskih\/"]}]},{"@type":"ImageObject","inLanguage":"sr-RS","@id":"https:\/\/inti.hr\/sr\/proizvod\/kupaonska-polica-bambus-5-polica-uskih\/#primaryimage","url":"https:\/\/i0.wp.com\/inti.hr\/wp-content\/uploads\/2022\/04\/71cUsfoZE5L._AC_SL1500_.jpg?fit=1500%2C1500&ssl=1","contentUrl":"https:\/\/i0.wp.com\/inti.hr\/wp-content\/uploads\/2022\/04\/71cUsfoZE5L._AC_SL1500_.jpg?fit=1500%2C1500&ssl=1","width":1500,"height":1500},{"@type":"BreadcrumbList","@id":"https:\/\/inti.hr\/sr\/proizvod\/kupaonska-polica-bambus-5-polica-uskih\/#breadcrumb","itemListElement":[{"@type":"ListItem","position":1,"name":"Po\u010detna stranica","item":"https:\/\/inti.hr\/sr\/"},{"@type":"ListItem","position":2,"name":"Prodavnica","item":"https:\/\/inti.hr\/sr\/prodavnica\/"},{"@type":"ListItem","position":3,"name":"Kupaonska polica bambus 5 polica uskih"}]},{"@type":"WebSite","@id":"https:\/\/inti.hr\/sr\/#website","url":"https:\/\/inti.hr\/sr\/","name":"Inti","description":"trgovina","potentialAction":[{"@type":"SearchAction","target":{"@type":"EntryPoint","urlTemplate":"https:\/\/inti.hr\/sr\/?s={search_term_string}"},"query-input":{"@type":"PropertyValueSpecification","valueRequired":true,"valueName":"search_term_string"}}],"inLanguage":"sr-RS"}]}},"jetpack_sharing_enabled":true,"jetpack-related-posts":[],"_links":{"self":[{"href":"https:\/\/inti.hr\/sr\/wp-json\/wp\/v2\/product\/34027"}],"collection":[{"href":"https:\/\/inti.hr\/sr\/wp-json\/wp\/v2\/product"}],"about":[{"href":"https:\/\/inti.hr\/sr\/wp-json\/wp\/v2\/types\/product"}],"wp:featuredmedia":[{"embeddable":true,"href":"https:\/\/inti.hr\/sr\/wp-json\/wp\/v2\/media\/34028"}],"wp:attachment":[{"href":"https:\/\/inti.hr\/sr\/wp-json\/wp\/v2\/media?parent=34027"}],"wp:term":[{"taxonomy":"product_cat","embeddable":true,"href":"https:\/\/inti.hr\/sr\/wp-json\/wp\/v2\/product_cat?post=34027"},{"taxonomy":"product_tag","embeddable":true,"href":"https:\/\/inti.hr\/sr\/wp-json\/wp\/v2\/product_tag?post=34027"}],"curies":[{"name":"wp","href":"https:\/\/api.w.org\/{rel}","templated":true}]}}