{"id":34043,"date":"2022-04-26T09:11:57","date_gmt":"2022-04-26T09:11:57","guid":{"rendered":"https:\/\/inti.hr\/product\/visilica-21-655-22\/"},"modified":"2022-04-26T09:11:57","modified_gmt":"2022-04-26T09:11:57","slug":"visilica-21-655-22","status":"publish","type":"product","link":"https:\/\/inti.hr\/sr\/proizvod\/visilica-21-655-22\/","title":{"rendered":"VISILICA 21-655\/22"},"content":{"rendered":"<p><span class=\"tehnicki-podaci-naslov\">TEHNI\u010cKI PODACI<\/span><\/p>\n<ul>\n<li><b>Grlo:<\/b>\u00a0G9+GU10<\/li>\n<li><b>Broj izvora:<\/b>\u00a01<\/li>\n<li><b>Max.snaga \u017earulje:<\/b>\u00a05W<\/li>\n<li><b>\u017darulje uklju\u010dene:<\/b>\u00a0Ne<\/li>\n<li><b>Promjer \/ \u0161irina (u mm):<\/b>\u00a0100<\/li>\n<li><b>Visina (u mm):<\/b>\u00a0900<\/li>\n<li><b>Napon \/ Frekvencija:<\/b>\u00a0220-240V~50\/60Hz<\/li>\n<li><b>Materijal:<\/b>\u00a0Staklo + metal<\/li>\n<li><b>IP za\u0161tita:<\/b>\u00a0IP20<\/li>\n<\/ul>\n","protected":false},"excerpt":{"rendered":"<p>Visilica u kombinaciji metala i bijele kugle odli\u010dno \u0107e se uklopiti &#8230; <\/p>\n","protected":false},"featured_media":34044,"template":"","meta":[],"product_cat":[2611],"product_tag":[3166,2618,4003],"yoast_head":"<!-- This site is optimized with the Yoast SEO plugin v23.7 - https:\/\/yoast.com\/wordpress\/plugins\/seo\/ -->\n<title>VISILICA 21-655\/22 - Inti<\/title>\n<meta name=\"description\" content=\"Visilica u kombinaciji metala i bijele kugle odli\u010dno \u0107e se uklopiti u sve moderne ali i tradicionalne prostore. Visilicu mo\u017eete uklopiti u bilo koji prostor doma ali i vikend ku\u0107a kojima \u0107e dati odli\u010dan zavr\u0161ni dodir kod ure\u0111enja.\u00a0\" \/>\n<meta name=\"robots\" content=\"index, follow, max-snippet:-1, max-image-preview:large, max-video-preview:-1\" \/>\n<link rel=\"canonical\" href=\"https:\/\/inti.hr\/sr\/proizvod\/visilica-21-655-22\/\" \/>\n<meta property=\"og:locale\" content=\"sr_RS\" \/>\n<meta property=\"og:type\" content=\"article\" \/>\n<meta property=\"og:title\" content=\"VISILICA 21-655\/22 - Inti\" \/>\n<meta property=\"og:description\" content=\"Visilica u kombinaciji metala i bijele kugle odli\u010dno \u0107e se uklopiti u sve moderne ali i tradicionalne prostore. Visilicu mo\u017eete uklopiti u bilo koji prostor doma ali i vikend ku\u0107a kojima \u0107e dati odli\u010dan zavr\u0161ni dodir kod ure\u0111enja.\u00a0\" \/>\n<meta property=\"og:url\" content=\"https:\/\/inti.hr\/sr\/proizvod\/visilica-21-655-22\/\" \/>\n<meta property=\"og:site_name\" content=\"Inti\" \/>\n<meta property=\"og:image\" content=\"https:\/\/i0.wp.com\/inti.hr\/wp-content\/uploads\/2022\/04\/21655.jpg?fit=800%2C800&ssl=1\" \/>\n\t<meta property=\"og:image:width\" content=\"800\" \/>\n\t<meta property=\"og:image:height\" content=\"800\" \/>\n\t<meta property=\"og:image:type\" content=\"image\/jpeg\" \/>\n<meta name=\"twitter:card\" content=\"summary_large_image\" \/>\n<script type=\"application\/ld+json\" class=\"yoast-schema-graph\">{\"@context\":\"https:\/\/schema.org\",\"@graph\":[{\"@type\":\"WebPage\",\"@id\":\"https:\/\/inti.hr\/sr\/proizvod\/visilica-21-655-22\/\",\"url\":\"https:\/\/inti.hr\/sr\/proizvod\/visilica-21-655-22\/\",\"name\":\"VISILICA 21-655\/22 - Inti\",\"isPartOf\":{\"@id\":\"https:\/\/inti.hr\/sr\/#website\"},\"primaryImageOfPage\":{\"@id\":\"https:\/\/inti.hr\/sr\/proizvod\/visilica-21-655-22\/#primaryimage\"},\"image\":{\"@id\":\"https:\/\/inti.hr\/sr\/proizvod\/visilica-21-655-22\/#primaryimage\"},\"thumbnailUrl\":\"https:\/\/i0.wp.com\/inti.hr\/wp-content\/uploads\/2022\/04\/21655.jpg?fit=800%2C800&ssl=1\",\"datePublished\":\"2022-04-26T09:11:57+00:00\",\"dateModified\":\"2022-04-26T09:11:57+00:00\",\"description\":\"Visilica u kombinaciji metala i bijele kugle odli\u010dno \u0107e se uklopiti u sve moderne ali i tradicionalne prostore. Visilicu mo\u017eete uklopiti u bilo koji prostor doma ali i vikend ku\u0107a kojima \u0107e dati odli\u010dan zavr\u0161ni dodir kod ure\u0111enja.\u00a0\",\"breadcrumb\":{\"@id\":\"https:\/\/inti.hr\/sr\/proizvod\/visilica-21-655-22\/#breadcrumb\"},\"inLanguage\":\"sr-RS\",\"potentialAction\":[{\"@type\":\"ReadAction\",\"target\":[\"https:\/\/inti.hr\/sr\/proizvod\/visilica-21-655-22\/\"]}]},{\"@type\":\"ImageObject\",\"inLanguage\":\"sr-RS\",\"@id\":\"https:\/\/inti.hr\/sr\/proizvod\/visilica-21-655-22\/#primaryimage\",\"url\":\"https:\/\/i0.wp.com\/inti.hr\/wp-content\/uploads\/2022\/04\/21655.jpg?fit=800%2C800&ssl=1\",\"contentUrl\":\"https:\/\/i0.wp.com\/inti.hr\/wp-content\/uploads\/2022\/04\/21655.jpg?fit=800%2C800&ssl=1\",\"width\":800,\"height\":800},{\"@type\":\"BreadcrumbList\",\"@id\":\"https:\/\/inti.hr\/sr\/proizvod\/visilica-21-655-22\/#breadcrumb\",\"itemListElement\":[{\"@type\":\"ListItem\",\"position\":1,\"name\":\"Po\u010detna stranica\",\"item\":\"https:\/\/inti.hr\/sr\/\"},{\"@type\":\"ListItem\",\"position\":2,\"name\":\"Prodavnica\",\"item\":\"https:\/\/inti.hr\/sr\/prodavnica\/\"},{\"@type\":\"ListItem\",\"position\":3,\"name\":\"VISILICA 21-655\/22\"}]},{\"@type\":\"WebSite\",\"@id\":\"https:\/\/inti.hr\/sr\/#website\",\"url\":\"https:\/\/inti.hr\/sr\/\",\"name\":\"Inti\",\"description\":\"trgovina\",\"potentialAction\":[{\"@type\":\"SearchAction\",\"target\":{\"@type\":\"EntryPoint\",\"urlTemplate\":\"https:\/\/inti.hr\/sr\/?s={search_term_string}\"},\"query-input\":{\"@type\":\"PropertyValueSpecification\",\"valueRequired\":true,\"valueName\":\"search_term_string\"}}],\"inLanguage\":\"sr-RS\"}]}<\/script>\n<!-- \/ Yoast SEO plugin. -->","yoast_head_json":{"title":"VISILICA 21-655\/22 - Inti","description":"Visilica u kombinaciji metala i bijele kugle odli\u010dno \u0107e se uklopiti u sve moderne ali i tradicionalne prostore. Visilicu mo\u017eete uklopiti u bilo koji prostor doma ali i vikend ku\u0107a kojima \u0107e dati odli\u010dan zavr\u0161ni dodir kod ure\u0111enja.\u00a0","robots":{"index":"index","follow":"follow","max-snippet":"max-snippet:-1","max-image-preview":"max-image-preview:large","max-video-preview":"max-video-preview:-1"},"canonical":"https:\/\/inti.hr\/sr\/proizvod\/visilica-21-655-22\/","og_locale":"sr_RS","og_type":"article","og_title":"VISILICA 21-655\/22 - Inti","og_description":"Visilica u kombinaciji metala i bijele kugle odli\u010dno \u0107e se uklopiti u sve moderne ali i tradicionalne prostore. Visilicu mo\u017eete uklopiti u bilo koji prostor doma ali i vikend ku\u0107a kojima \u0107e dati odli\u010dan zavr\u0161ni dodir kod ure\u0111enja.\u00a0","og_url":"https:\/\/inti.hr\/sr\/proizvod\/visilica-21-655-22\/","og_site_name":"Inti","og_image":[{"width":800,"height":800,"url":"https:\/\/i0.wp.com\/inti.hr\/wp-content\/uploads\/2022\/04\/21655.jpg?fit=800%2C800&ssl=1","type":"image\/jpeg"}],"twitter_card":"summary_large_image","schema":{"@context":"https:\/\/schema.org","@graph":[{"@type":"WebPage","@id":"https:\/\/inti.hr\/sr\/proizvod\/visilica-21-655-22\/","url":"https:\/\/inti.hr\/sr\/proizvod\/visilica-21-655-22\/","name":"VISILICA 21-655\/22 - Inti","isPartOf":{"@id":"https:\/\/inti.hr\/sr\/#website"},"primaryImageOfPage":{"@id":"https:\/\/inti.hr\/sr\/proizvod\/visilica-21-655-22\/#primaryimage"},"image":{"@id":"https:\/\/inti.hr\/sr\/proizvod\/visilica-21-655-22\/#primaryimage"},"thumbnailUrl":"https:\/\/i0.wp.com\/inti.hr\/wp-content\/uploads\/2022\/04\/21655.jpg?fit=800%2C800&ssl=1","datePublished":"2022-04-26T09:11:57+00:00","dateModified":"2022-04-26T09:11:57+00:00","description":"Visilica u kombinaciji metala i bijele kugle odli\u010dno \u0107e se uklopiti u sve moderne ali i tradicionalne prostore. Visilicu mo\u017eete uklopiti u bilo koji prostor doma ali i vikend ku\u0107a kojima \u0107e dati odli\u010dan zavr\u0161ni dodir kod ure\u0111enja.\u00a0","breadcrumb":{"@id":"https:\/\/inti.hr\/sr\/proizvod\/visilica-21-655-22\/#breadcrumb"},"inLanguage":"sr-RS","potentialAction":[{"@type":"ReadAction","target":["https:\/\/inti.hr\/sr\/proizvod\/visilica-21-655-22\/"]}]},{"@type":"ImageObject","inLanguage":"sr-RS","@id":"https:\/\/inti.hr\/sr\/proizvod\/visilica-21-655-22\/#primaryimage","url":"https:\/\/i0.wp.com\/inti.hr\/wp-content\/uploads\/2022\/04\/21655.jpg?fit=800%2C800&ssl=1","contentUrl":"https:\/\/i0.wp.com\/inti.hr\/wp-content\/uploads\/2022\/04\/21655.jpg?fit=800%2C800&ssl=1","width":800,"height":800},{"@type":"BreadcrumbList","@id":"https:\/\/inti.hr\/sr\/proizvod\/visilica-21-655-22\/#breadcrumb","itemListElement":[{"@type":"ListItem","position":1,"name":"Po\u010detna stranica","item":"https:\/\/inti.hr\/sr\/"},{"@type":"ListItem","position":2,"name":"Prodavnica","item":"https:\/\/inti.hr\/sr\/prodavnica\/"},{"@type":"ListItem","position":3,"name":"VISILICA 21-655\/22"}]},{"@type":"WebSite","@id":"https:\/\/inti.hr\/sr\/#website","url":"https:\/\/inti.hr\/sr\/","name":"Inti","description":"trgovina","potentialAction":[{"@type":"SearchAction","target":{"@type":"EntryPoint","urlTemplate":"https:\/\/inti.hr\/sr\/?s={search_term_string}"},"query-input":{"@type":"PropertyValueSpecification","valueRequired":true,"valueName":"search_term_string"}}],"inLanguage":"sr-RS"}]}},"jetpack_sharing_enabled":true,"jetpack-related-posts":[],"_links":{"self":[{"href":"https:\/\/inti.hr\/sr\/wp-json\/wp\/v2\/product\/34043"}],"collection":[{"href":"https:\/\/inti.hr\/sr\/wp-json\/wp\/v2\/product"}],"about":[{"href":"https:\/\/inti.hr\/sr\/wp-json\/wp\/v2\/types\/product"}],"wp:featuredmedia":[{"embeddable":true,"href":"https:\/\/inti.hr\/sr\/wp-json\/wp\/v2\/media\/34044"}],"wp:attachment":[{"href":"https:\/\/inti.hr\/sr\/wp-json\/wp\/v2\/media?parent=34043"}],"wp:term":[{"taxonomy":"product_cat","embeddable":true,"href":"https:\/\/inti.hr\/sr\/wp-json\/wp\/v2\/product_cat?post=34043"},{"taxonomy":"product_tag","embeddable":true,"href":"https:\/\/inti.hr\/sr\/wp-json\/wp\/v2\/product_tag?post=34043"}],"curies":[{"name":"wp","href":"https:\/\/api.w.org\/{rel}","templated":true}]}}