{"id":34056,"date":"2022-04-15T06:29:20","date_gmt":"2022-04-15T06:29:20","guid":{"rendered":"https:\/\/inti.hr\/product\/dozator-za-umak\/"},"modified":"2022-04-15T06:29:20","modified_gmt":"2022-04-15T06:29:20","slug":"dozator-za-umak","status":"publish","type":"product","link":"https:\/\/inti.hr\/sr\/proizvod\/dozator-za-umak\/","title":{"rendered":"Dozator za umak"},"content":{"rendered":"<p>Detalji o proizvodu:<br \/>\nBroj kontejnera: 1,2 ili 3<br \/>\nUkupna zapremina: 2,4 ili 6L<br \/>\ndozator pumpe<br \/>\nnehr\u0111aju\u0107i \u010delik\/PP<br \/>\nDebljina materijala: 0,6 mm<\/p>\n<p>Dimenzije dozatora (Dx\u0160xV):<\/p>\n<p>1X2L :20 x 13 x 33 cm<\/p>\n<p>2X2L : 20 x 24.5 x 33 cm<\/p>\n<p>3X2L : 20 x 36.5 x 33 cm.<\/p>\n","protected":false},"excerpt":{"rendered":"<p>Svestran &#8211; idealno za razli\u010dite umake kao \u0161to su majoneza, senf &#8230; <\/p>\n","protected":false},"featured_media":34057,"template":"","meta":[],"product_cat":[4015,2822],"product_tag":[4016,4017,4018,4019],"yoast_head":"<!-- This site is optimized with the Yoast SEO plugin v23.7 - https:\/\/yoast.com\/wordpress\/plugins\/seo\/ -->\n<title>Dozator za umak - Inti<\/title>\n<meta name=\"description\" content=\"Svestran - idealno za razli\u010dite umake kao \u0161to su majoneza, senf ili ke\u010dap, koji se mogu ponuditi paralelno zahvaljuju\u0107i dvije odvojene posudejednostavno \u2013 idealno za samoposlu\u017eivanje zahvaljuju\u0107i dozatoru pumpePrecizno - dozator dozira idealnu koli\u010dinu umaka po pritisku pumpeHigijenski \u2013 ku\u0107i\u0161te od nehr\u0111aju\u0107eg \u010delika i PP unutarnji spremnik lako se \u010disteIZDR\u017dLJIV - Otporni materijali i \u010dvrsta konstrukcija osiguravaju dug vijek trajanja dispenzera za umak.\" \/>\n<meta name=\"robots\" content=\"index, follow, max-snippet:-1, max-image-preview:large, max-video-preview:-1\" \/>\n<link rel=\"canonical\" href=\"https:\/\/inti.hr\/sr\/proizvod\/dozator-za-umak\/\" \/>\n<meta property=\"og:locale\" content=\"sr_RS\" \/>\n<meta property=\"og:type\" content=\"article\" \/>\n<meta property=\"og:title\" content=\"Dozator za umak - Inti\" \/>\n<meta property=\"og:description\" content=\"Svestran - idealno za razli\u010dite umake kao \u0161to su majoneza, senf ili ke\u010dap, koji se mogu ponuditi paralelno zahvaljuju\u0107i dvije odvojene posudejednostavno \u2013 idealno za samoposlu\u017eivanje zahvaljuju\u0107i dozatoru pumpePrecizno - dozator dozira idealnu koli\u010dinu umaka po pritisku pumpeHigijenski \u2013 ku\u0107i\u0161te od nehr\u0111aju\u0107eg \u010delika i PP unutarnji spremnik lako se \u010disteIZDR\u017dLJIV - Otporni materijali i \u010dvrsta konstrukcija osiguravaju dug vijek trajanja dispenzera za umak.\" \/>\n<meta property=\"og:url\" content=\"https:\/\/inti.hr\/sr\/proizvod\/dozator-za-umak\/\" \/>\n<meta property=\"og:site_name\" content=\"Inti\" \/>\n<meta property=\"og:image\" content=\"https:\/\/i0.wp.com\/inti.hr\/wp-content\/uploads\/2022\/04\/s-l1600-10-1.jpg?fit=1600%2C1600&ssl=1\" \/>\n\t<meta property=\"og:image:width\" content=\"1600\" \/>\n\t<meta property=\"og:image:height\" content=\"1600\" \/>\n\t<meta property=\"og:image:type\" content=\"image\/jpeg\" \/>\n<meta name=\"twitter:card\" content=\"summary_large_image\" \/>\n<script type=\"application\/ld+json\" class=\"yoast-schema-graph\">{\"@context\":\"https:\/\/schema.org\",\"@graph\":[{\"@type\":\"WebPage\",\"@id\":\"https:\/\/inti.hr\/sr\/proizvod\/dozator-za-umak\/\",\"url\":\"https:\/\/inti.hr\/sr\/proizvod\/dozator-za-umak\/\",\"name\":\"Dozator za umak - Inti\",\"isPartOf\":{\"@id\":\"https:\/\/inti.hr\/sr\/#website\"},\"primaryImageOfPage\":{\"@id\":\"https:\/\/inti.hr\/sr\/proizvod\/dozator-za-umak\/#primaryimage\"},\"image\":{\"@id\":\"https:\/\/inti.hr\/sr\/proizvod\/dozator-za-umak\/#primaryimage\"},\"thumbnailUrl\":\"https:\/\/i0.wp.com\/inti.hr\/wp-content\/uploads\/2022\/04\/s-l1600-10-1.jpg?fit=1600%2C1600&ssl=1\",\"datePublished\":\"2022-04-15T06:29:20+00:00\",\"dateModified\":\"2022-04-15T06:29:20+00:00\",\"description\":\"Svestran - idealno za razli\u010dite umake kao \u0161to su majoneza, senf ili ke\u010dap, koji se mogu ponuditi paralelno zahvaljuju\u0107i dvije odvojene posudejednostavno \u2013 idealno za samoposlu\u017eivanje zahvaljuju\u0107i dozatoru pumpePrecizno - dozator dozira idealnu koli\u010dinu umaka po pritisku pumpeHigijenski \u2013 ku\u0107i\u0161te od nehr\u0111aju\u0107eg \u010delika i PP unutarnji spremnik lako se \u010disteIZDR\u017dLJIV - Otporni materijali i \u010dvrsta konstrukcija osiguravaju dug vijek trajanja dispenzera za umak.\",\"breadcrumb\":{\"@id\":\"https:\/\/inti.hr\/sr\/proizvod\/dozator-za-umak\/#breadcrumb\"},\"inLanguage\":\"sr-RS\",\"potentialAction\":[{\"@type\":\"ReadAction\",\"target\":[\"https:\/\/inti.hr\/sr\/proizvod\/dozator-za-umak\/\"]}]},{\"@type\":\"ImageObject\",\"inLanguage\":\"sr-RS\",\"@id\":\"https:\/\/inti.hr\/sr\/proizvod\/dozator-za-umak\/#primaryimage\",\"url\":\"https:\/\/i0.wp.com\/inti.hr\/wp-content\/uploads\/2022\/04\/s-l1600-10-1.jpg?fit=1600%2C1600&ssl=1\",\"contentUrl\":\"https:\/\/i0.wp.com\/inti.hr\/wp-content\/uploads\/2022\/04\/s-l1600-10-1.jpg?fit=1600%2C1600&ssl=1\",\"width\":1600,\"height\":1600},{\"@type\":\"BreadcrumbList\",\"@id\":\"https:\/\/inti.hr\/sr\/proizvod\/dozator-za-umak\/#breadcrumb\",\"itemListElement\":[{\"@type\":\"ListItem\",\"position\":1,\"name\":\"Po\u010detna stranica\",\"item\":\"https:\/\/inti.hr\/sr\/\"},{\"@type\":\"ListItem\",\"position\":2,\"name\":\"Prodavnica\",\"item\":\"https:\/\/inti.hr\/sr\/prodavnica\/\"},{\"@type\":\"ListItem\",\"position\":3,\"name\":\"Dozator za umak\"}]},{\"@type\":\"WebSite\",\"@id\":\"https:\/\/inti.hr\/sr\/#website\",\"url\":\"https:\/\/inti.hr\/sr\/\",\"name\":\"Inti\",\"description\":\"trgovina\",\"potentialAction\":[{\"@type\":\"SearchAction\",\"target\":{\"@type\":\"EntryPoint\",\"urlTemplate\":\"https:\/\/inti.hr\/sr\/?s={search_term_string}\"},\"query-input\":{\"@type\":\"PropertyValueSpecification\",\"valueRequired\":true,\"valueName\":\"search_term_string\"}}],\"inLanguage\":\"sr-RS\"}]}<\/script>\n<!-- \/ Yoast SEO plugin. -->","yoast_head_json":{"title":"Dozator za umak - Inti","description":"Svestran - idealno za razli\u010dite umake kao \u0161to su majoneza, senf ili ke\u010dap, koji se mogu ponuditi paralelno zahvaljuju\u0107i dvije odvojene posudejednostavno \u2013 idealno za samoposlu\u017eivanje zahvaljuju\u0107i dozatoru pumpePrecizno - dozator dozira idealnu koli\u010dinu umaka po pritisku pumpeHigijenski \u2013 ku\u0107i\u0161te od nehr\u0111aju\u0107eg \u010delika i PP unutarnji spremnik lako se \u010disteIZDR\u017dLJIV - Otporni materijali i \u010dvrsta konstrukcija osiguravaju dug vijek trajanja dispenzera za umak.","robots":{"index":"index","follow":"follow","max-snippet":"max-snippet:-1","max-image-preview":"max-image-preview:large","max-video-preview":"max-video-preview:-1"},"canonical":"https:\/\/inti.hr\/sr\/proizvod\/dozator-za-umak\/","og_locale":"sr_RS","og_type":"article","og_title":"Dozator za umak - Inti","og_description":"Svestran - idealno za razli\u010dite umake kao \u0161to su majoneza, senf ili ke\u010dap, koji se mogu ponuditi paralelno zahvaljuju\u0107i dvije odvojene posudejednostavno \u2013 idealno za samoposlu\u017eivanje zahvaljuju\u0107i dozatoru pumpePrecizno - dozator dozira idealnu koli\u010dinu umaka po pritisku pumpeHigijenski \u2013 ku\u0107i\u0161te od nehr\u0111aju\u0107eg \u010delika i PP unutarnji spremnik lako se \u010disteIZDR\u017dLJIV - Otporni materijali i \u010dvrsta konstrukcija osiguravaju dug vijek trajanja dispenzera za umak.","og_url":"https:\/\/inti.hr\/sr\/proizvod\/dozator-za-umak\/","og_site_name":"Inti","og_image":[{"width":1600,"height":1600,"url":"https:\/\/i0.wp.com\/inti.hr\/wp-content\/uploads\/2022\/04\/s-l1600-10-1.jpg?fit=1600%2C1600&ssl=1","type":"image\/jpeg"}],"twitter_card":"summary_large_image","schema":{"@context":"https:\/\/schema.org","@graph":[{"@type":"WebPage","@id":"https:\/\/inti.hr\/sr\/proizvod\/dozator-za-umak\/","url":"https:\/\/inti.hr\/sr\/proizvod\/dozator-za-umak\/","name":"Dozator za umak - Inti","isPartOf":{"@id":"https:\/\/inti.hr\/sr\/#website"},"primaryImageOfPage":{"@id":"https:\/\/inti.hr\/sr\/proizvod\/dozator-za-umak\/#primaryimage"},"image":{"@id":"https:\/\/inti.hr\/sr\/proizvod\/dozator-za-umak\/#primaryimage"},"thumbnailUrl":"https:\/\/i0.wp.com\/inti.hr\/wp-content\/uploads\/2022\/04\/s-l1600-10-1.jpg?fit=1600%2C1600&ssl=1","datePublished":"2022-04-15T06:29:20+00:00","dateModified":"2022-04-15T06:29:20+00:00","description":"Svestran - idealno za razli\u010dite umake kao \u0161to su majoneza, senf ili ke\u010dap, koji se mogu ponuditi paralelno zahvaljuju\u0107i dvije odvojene posudejednostavno \u2013 idealno za samoposlu\u017eivanje zahvaljuju\u0107i dozatoru pumpePrecizno - dozator dozira idealnu koli\u010dinu umaka po pritisku pumpeHigijenski \u2013 ku\u0107i\u0161te od nehr\u0111aju\u0107eg \u010delika i PP unutarnji spremnik lako se \u010disteIZDR\u017dLJIV - Otporni materijali i \u010dvrsta konstrukcija osiguravaju dug vijek trajanja dispenzera za umak.","breadcrumb":{"@id":"https:\/\/inti.hr\/sr\/proizvod\/dozator-za-umak\/#breadcrumb"},"inLanguage":"sr-RS","potentialAction":[{"@type":"ReadAction","target":["https:\/\/inti.hr\/sr\/proizvod\/dozator-za-umak\/"]}]},{"@type":"ImageObject","inLanguage":"sr-RS","@id":"https:\/\/inti.hr\/sr\/proizvod\/dozator-za-umak\/#primaryimage","url":"https:\/\/i0.wp.com\/inti.hr\/wp-content\/uploads\/2022\/04\/s-l1600-10-1.jpg?fit=1600%2C1600&ssl=1","contentUrl":"https:\/\/i0.wp.com\/inti.hr\/wp-content\/uploads\/2022\/04\/s-l1600-10-1.jpg?fit=1600%2C1600&ssl=1","width":1600,"height":1600},{"@type":"BreadcrumbList","@id":"https:\/\/inti.hr\/sr\/proizvod\/dozator-za-umak\/#breadcrumb","itemListElement":[{"@type":"ListItem","position":1,"name":"Po\u010detna stranica","item":"https:\/\/inti.hr\/sr\/"},{"@type":"ListItem","position":2,"name":"Prodavnica","item":"https:\/\/inti.hr\/sr\/prodavnica\/"},{"@type":"ListItem","position":3,"name":"Dozator za umak"}]},{"@type":"WebSite","@id":"https:\/\/inti.hr\/sr\/#website","url":"https:\/\/inti.hr\/sr\/","name":"Inti","description":"trgovina","potentialAction":[{"@type":"SearchAction","target":{"@type":"EntryPoint","urlTemplate":"https:\/\/inti.hr\/sr\/?s={search_term_string}"},"query-input":{"@type":"PropertyValueSpecification","valueRequired":true,"valueName":"search_term_string"}}],"inLanguage":"sr-RS"}]}},"jetpack_sharing_enabled":true,"jetpack-related-posts":[],"_links":{"self":[{"href":"https:\/\/inti.hr\/sr\/wp-json\/wp\/v2\/product\/34056"}],"collection":[{"href":"https:\/\/inti.hr\/sr\/wp-json\/wp\/v2\/product"}],"about":[{"href":"https:\/\/inti.hr\/sr\/wp-json\/wp\/v2\/types\/product"}],"wp:featuredmedia":[{"embeddable":true,"href":"https:\/\/inti.hr\/sr\/wp-json\/wp\/v2\/media\/34057"}],"wp:attachment":[{"href":"https:\/\/inti.hr\/sr\/wp-json\/wp\/v2\/media?parent=34056"}],"wp:term":[{"taxonomy":"product_cat","embeddable":true,"href":"https:\/\/inti.hr\/sr\/wp-json\/wp\/v2\/product_cat?post=34056"},{"taxonomy":"product_tag","embeddable":true,"href":"https:\/\/inti.hr\/sr\/wp-json\/wp\/v2\/product_tag?post=34056"}],"curies":[{"name":"wp","href":"https:\/\/api.w.org\/{rel}","templated":true}]}}