{"id":34091,"date":"2022-03-28T10:20:32","date_gmt":"2022-03-28T10:20:32","guid":{"rendered":"https:\/\/inti.hr\/product\/stalak-za-odjecu-vintage-smede-crni\/"},"modified":"2022-03-28T10:20:32","modified_gmt":"2022-03-28T10:20:32","slug":"stalak-za-odjecu-vintage-smede-crni","status":"publish","type":"product","link":"https:\/\/inti.hr\/sr\/proizvod\/stalak-za-odjecu-vintage-smede-crni\/","title":{"rendered":"Stalak za odje\u0107u s 2 police"},"content":{"rendered":"<p><b>Detalji o proizvodu:<\/b><br \/>\n&#8211; Boja: vintage sme\u0111e-crna<br \/>\n&#8211; Materijal: iverica, \u010delik<br \/>\n&#8211; Veli\u010dina: 45 x 100 x 160 cm (D x \u0160 x V)<br \/>\n&#8211; Te\u017eina: 16,6 kg<br \/>\n&#8211; Maksimalno stati\u010dko optere\u0107enje \u0161ipke za odje\u0107u: 114 kg<br \/>\n&#8211; Maksimalno stati\u010dko optere\u0107enje po polici: 15 kg<\/p>\n","protected":false},"excerpt":{"rendered":"<p>Sa \u0161ipkom, 2 police i 6 bo\u010dnih kuka u obliku slova &#8230; <\/p>\n","protected":false},"featured_media":34092,"template":"","meta":[],"product_cat":[2416,2635],"product_tag":[4044,3023,3533,3947],"yoast_head":"<!-- This site is optimized with the Yoast SEO plugin v23.7 - https:\/\/yoast.com\/wordpress\/plugins\/seo\/ -->\n<title>Stalak za odje\u0107u s 2 police - Inti<\/title>\n<meta name=\"description\" content=\"stalak za odje\u0107u, stalak za kapute, ormar, 2 police, 6 kuka u obliku slova S, \u010deli\u010dni okvir, za spava\u0107e sobe, hodnike, ulazne prostore, industrijski dizajn, vintage sme\u0111e-crNA\" \/>\n<meta name=\"robots\" content=\"index, follow, max-snippet:-1, max-image-preview:large, max-video-preview:-1\" \/>\n<link rel=\"canonical\" href=\"https:\/\/inti.hr\/sr\/proizvod\/stalak-za-odjecu-vintage-smede-crni\/\" \/>\n<meta property=\"og:locale\" content=\"sr_RS\" \/>\n<meta property=\"og:type\" content=\"article\" \/>\n<meta property=\"og:title\" content=\"Stalak za odje\u0107u s 2 police - Inti\" \/>\n<meta property=\"og:description\" content=\"stalak za odje\u0107u, stalak za kapute, ormar, 2 police, 6 kuka u obliku slova S, \u010deli\u010dni okvir, za spava\u0107e sobe, hodnike, ulazne prostore, industrijski dizajn, vintage sme\u0111e-crNA\" \/>\n<meta property=\"og:url\" content=\"https:\/\/inti.hr\/sr\/proizvod\/stalak-za-odjecu-vintage-smede-crni\/\" \/>\n<meta property=\"og:site_name\" content=\"Inti\" \/>\n<meta property=\"og:image\" content=\"https:\/\/i0.wp.com\/inti.hr\/wp-content\/uploads\/2022\/03\/81ePeUaHxS._AC_SL1500_.jpg?fit=1500%2C1500&ssl=1\" \/>\n\t<meta property=\"og:image:width\" content=\"1500\" \/>\n\t<meta property=\"og:image:height\" content=\"1500\" \/>\n\t<meta property=\"og:image:type\" content=\"image\/jpeg\" \/>\n<meta name=\"twitter:card\" content=\"summary_large_image\" \/>\n<script type=\"application\/ld+json\" class=\"yoast-schema-graph\">{\"@context\":\"https:\/\/schema.org\",\"@graph\":[{\"@type\":\"WebPage\",\"@id\":\"https:\/\/inti.hr\/sr\/proizvod\/stalak-za-odjecu-vintage-smede-crni\/\",\"url\":\"https:\/\/inti.hr\/sr\/proizvod\/stalak-za-odjecu-vintage-smede-crni\/\",\"name\":\"Stalak za odje\u0107u s 2 police - Inti\",\"isPartOf\":{\"@id\":\"https:\/\/inti.hr\/sr\/#website\"},\"primaryImageOfPage\":{\"@id\":\"https:\/\/inti.hr\/sr\/proizvod\/stalak-za-odjecu-vintage-smede-crni\/#primaryimage\"},\"image\":{\"@id\":\"https:\/\/inti.hr\/sr\/proizvod\/stalak-za-odjecu-vintage-smede-crni\/#primaryimage\"},\"thumbnailUrl\":\"https:\/\/i0.wp.com\/inti.hr\/wp-content\/uploads\/2022\/03\/81ePeUaHxS._AC_SL1500_.jpg?fit=1500%2C1500&ssl=1\",\"datePublished\":\"2022-03-28T10:20:32+00:00\",\"dateModified\":\"2022-03-28T10:20:32+00:00\",\"description\":\"stalak za odje\u0107u, stalak za kapute, ormar, 2 police, 6 kuka u obliku slova S, \u010deli\u010dni okvir, za spava\u0107e sobe, hodnike, ulazne prostore, industrijski dizajn, vintage sme\u0111e-crNA\",\"breadcrumb\":{\"@id\":\"https:\/\/inti.hr\/sr\/proizvod\/stalak-za-odjecu-vintage-smede-crni\/#breadcrumb\"},\"inLanguage\":\"sr-RS\",\"potentialAction\":[{\"@type\":\"ReadAction\",\"target\":[\"https:\/\/inti.hr\/sr\/proizvod\/stalak-za-odjecu-vintage-smede-crni\/\"]}]},{\"@type\":\"ImageObject\",\"inLanguage\":\"sr-RS\",\"@id\":\"https:\/\/inti.hr\/sr\/proizvod\/stalak-za-odjecu-vintage-smede-crni\/#primaryimage\",\"url\":\"https:\/\/i0.wp.com\/inti.hr\/wp-content\/uploads\/2022\/03\/81ePeUaHxS._AC_SL1500_.jpg?fit=1500%2C1500&ssl=1\",\"contentUrl\":\"https:\/\/i0.wp.com\/inti.hr\/wp-content\/uploads\/2022\/03\/81ePeUaHxS._AC_SL1500_.jpg?fit=1500%2C1500&ssl=1\",\"width\":1500,\"height\":1500},{\"@type\":\"BreadcrumbList\",\"@id\":\"https:\/\/inti.hr\/sr\/proizvod\/stalak-za-odjecu-vintage-smede-crni\/#breadcrumb\",\"itemListElement\":[{\"@type\":\"ListItem\",\"position\":1,\"name\":\"Po\u010detna stranica\",\"item\":\"https:\/\/inti.hr\/sr\/\"},{\"@type\":\"ListItem\",\"position\":2,\"name\":\"Prodavnica\",\"item\":\"https:\/\/inti.hr\/sr\/prodavnica\/\"},{\"@type\":\"ListItem\",\"position\":3,\"name\":\"Stalak za odje\u0107u s 2 police\"}]},{\"@type\":\"WebSite\",\"@id\":\"https:\/\/inti.hr\/sr\/#website\",\"url\":\"https:\/\/inti.hr\/sr\/\",\"name\":\"Inti\",\"description\":\"trgovina\",\"potentialAction\":[{\"@type\":\"SearchAction\",\"target\":{\"@type\":\"EntryPoint\",\"urlTemplate\":\"https:\/\/inti.hr\/sr\/?s={search_term_string}\"},\"query-input\":{\"@type\":\"PropertyValueSpecification\",\"valueRequired\":true,\"valueName\":\"search_term_string\"}}],\"inLanguage\":\"sr-RS\"}]}<\/script>\n<!-- \/ Yoast SEO plugin. -->","yoast_head_json":{"title":"Stalak za odje\u0107u s 2 police - Inti","description":"stalak za odje\u0107u, stalak za kapute, ormar, 2 police, 6 kuka u obliku slova S, \u010deli\u010dni okvir, za spava\u0107e sobe, hodnike, ulazne prostore, industrijski dizajn, vintage sme\u0111e-crNA","robots":{"index":"index","follow":"follow","max-snippet":"max-snippet:-1","max-image-preview":"max-image-preview:large","max-video-preview":"max-video-preview:-1"},"canonical":"https:\/\/inti.hr\/sr\/proizvod\/stalak-za-odjecu-vintage-smede-crni\/","og_locale":"sr_RS","og_type":"article","og_title":"Stalak za odje\u0107u s 2 police - Inti","og_description":"stalak za odje\u0107u, stalak za kapute, ormar, 2 police, 6 kuka u obliku slova S, \u010deli\u010dni okvir, za spava\u0107e sobe, hodnike, ulazne prostore, industrijski dizajn, vintage sme\u0111e-crNA","og_url":"https:\/\/inti.hr\/sr\/proizvod\/stalak-za-odjecu-vintage-smede-crni\/","og_site_name":"Inti","og_image":[{"width":1500,"height":1500,"url":"https:\/\/i0.wp.com\/inti.hr\/wp-content\/uploads\/2022\/03\/81ePeUaHxS._AC_SL1500_.jpg?fit=1500%2C1500&ssl=1","type":"image\/jpeg"}],"twitter_card":"summary_large_image","schema":{"@context":"https:\/\/schema.org","@graph":[{"@type":"WebPage","@id":"https:\/\/inti.hr\/sr\/proizvod\/stalak-za-odjecu-vintage-smede-crni\/","url":"https:\/\/inti.hr\/sr\/proizvod\/stalak-za-odjecu-vintage-smede-crni\/","name":"Stalak za odje\u0107u s 2 police - Inti","isPartOf":{"@id":"https:\/\/inti.hr\/sr\/#website"},"primaryImageOfPage":{"@id":"https:\/\/inti.hr\/sr\/proizvod\/stalak-za-odjecu-vintage-smede-crni\/#primaryimage"},"image":{"@id":"https:\/\/inti.hr\/sr\/proizvod\/stalak-za-odjecu-vintage-smede-crni\/#primaryimage"},"thumbnailUrl":"https:\/\/i0.wp.com\/inti.hr\/wp-content\/uploads\/2022\/03\/81ePeUaHxS._AC_SL1500_.jpg?fit=1500%2C1500&ssl=1","datePublished":"2022-03-28T10:20:32+00:00","dateModified":"2022-03-28T10:20:32+00:00","description":"stalak za odje\u0107u, stalak za kapute, ormar, 2 police, 6 kuka u obliku slova S, \u010deli\u010dni okvir, za spava\u0107e sobe, hodnike, ulazne prostore, industrijski dizajn, vintage sme\u0111e-crNA","breadcrumb":{"@id":"https:\/\/inti.hr\/sr\/proizvod\/stalak-za-odjecu-vintage-smede-crni\/#breadcrumb"},"inLanguage":"sr-RS","potentialAction":[{"@type":"ReadAction","target":["https:\/\/inti.hr\/sr\/proizvod\/stalak-za-odjecu-vintage-smede-crni\/"]}]},{"@type":"ImageObject","inLanguage":"sr-RS","@id":"https:\/\/inti.hr\/sr\/proizvod\/stalak-za-odjecu-vintage-smede-crni\/#primaryimage","url":"https:\/\/i0.wp.com\/inti.hr\/wp-content\/uploads\/2022\/03\/81ePeUaHxS._AC_SL1500_.jpg?fit=1500%2C1500&ssl=1","contentUrl":"https:\/\/i0.wp.com\/inti.hr\/wp-content\/uploads\/2022\/03\/81ePeUaHxS._AC_SL1500_.jpg?fit=1500%2C1500&ssl=1","width":1500,"height":1500},{"@type":"BreadcrumbList","@id":"https:\/\/inti.hr\/sr\/proizvod\/stalak-za-odjecu-vintage-smede-crni\/#breadcrumb","itemListElement":[{"@type":"ListItem","position":1,"name":"Po\u010detna stranica","item":"https:\/\/inti.hr\/sr\/"},{"@type":"ListItem","position":2,"name":"Prodavnica","item":"https:\/\/inti.hr\/sr\/prodavnica\/"},{"@type":"ListItem","position":3,"name":"Stalak za odje\u0107u s 2 police"}]},{"@type":"WebSite","@id":"https:\/\/inti.hr\/sr\/#website","url":"https:\/\/inti.hr\/sr\/","name":"Inti","description":"trgovina","potentialAction":[{"@type":"SearchAction","target":{"@type":"EntryPoint","urlTemplate":"https:\/\/inti.hr\/sr\/?s={search_term_string}"},"query-input":{"@type":"PropertyValueSpecification","valueRequired":true,"valueName":"search_term_string"}}],"inLanguage":"sr-RS"}]}},"jetpack_sharing_enabled":true,"jetpack-related-posts":[],"_links":{"self":[{"href":"https:\/\/inti.hr\/sr\/wp-json\/wp\/v2\/product\/34091"}],"collection":[{"href":"https:\/\/inti.hr\/sr\/wp-json\/wp\/v2\/product"}],"about":[{"href":"https:\/\/inti.hr\/sr\/wp-json\/wp\/v2\/types\/product"}],"wp:featuredmedia":[{"embeddable":true,"href":"https:\/\/inti.hr\/sr\/wp-json\/wp\/v2\/media\/34092"}],"wp:attachment":[{"href":"https:\/\/inti.hr\/sr\/wp-json\/wp\/v2\/media?parent=34091"}],"wp:term":[{"taxonomy":"product_cat","embeddable":true,"href":"https:\/\/inti.hr\/sr\/wp-json\/wp\/v2\/product_cat?post=34091"},{"taxonomy":"product_tag","embeddable":true,"href":"https:\/\/inti.hr\/sr\/wp-json\/wp\/v2\/product_tag?post=34091"}],"curies":[{"name":"wp","href":"https:\/\/api.w.org\/{rel}","templated":true}]}}