{"id":34097,"date":"2022-03-25T16:17:53","date_gmt":"2022-03-25T16:17:53","guid":{"rendered":"https:\/\/inti.hr\/product\/moderan-toaletni-stolic-s-5-ladica\/"},"modified":"2022-03-25T16:17:53","modified_gmt":"2022-03-25T16:17:53","slug":"moderan-toaletni-stolic-s-5-ladica","status":"publish","type":"product","link":"https:\/\/inti.hr\/sr\/proizvod\/moderan-toaletni-stolic-s-5-ladica\/","title":{"rendered":"Moderan toaletni stoli\u0107 s 5 ladica"},"content":{"rendered":"<p><b>Detalji o proizvodu:<\/b><br \/>\n&#8211; Boja: bijela<br \/>\n&#8211; Materijal: MDF (plo\u010da od vlakana srednje gusto\u0107e), borovo drvo (noge stola), guma (noge stolice)<br \/>\n&#8211; Veli\u010dina stola: 80 x 40 x 137,5 cm (D x \u0160 x V)<br \/>\n&#8211; Veli\u010dina stolice : 37 x 28 x 45 cm (D x \u0160 x V)<br \/>\n&#8211; Te\u017eina: 19 kg<\/p>\n","protected":false},"excerpt":{"rendered":"<p>Ovaj kozmeti\u010dki stol izra\u0111en je od MDF plo\u010de i opremljen je &#8230; <\/p>\n","protected":false},"featured_media":34098,"template":"","meta":[],"product_cat":[2416],"product_tag":[4047,2398,2677],"yoast_head":"<!-- This site is optimized with the Yoast SEO plugin v23.7 - https:\/\/yoast.com\/wordpress\/plugins\/seo\/ -->\n<title>Moderan toaletni stoli\u0107 s 5 ladica - Inti<\/title>\n<meta name=\"description\" content=\"Ovaj kozmeti\u010dki stol izra\u0111en je od MDF plo\u010de i opremljen je nogama stola od borovine, \u0161to obe\u0107ava dobru stabilnost i dug vijek trajanja.\u00a0Noge taburea izra\u0111ene od gumenog drveta tako\u0111er su izuzetno stabilne i mogu se opteretiti do 130 kg. Odvojivi organizator ima 6 pretinaca za lak za nokte, sjenilo, puder itd. 5 ladica nudi dodatni prostor za pohranu \u0161minke i nakita.\" \/>\n<meta name=\"robots\" content=\"index, follow, max-snippet:-1, max-image-preview:large, max-video-preview:-1\" \/>\n<link rel=\"canonical\" href=\"https:\/\/inti.hr\/sr\/proizvod\/moderan-toaletni-stolic-s-5-ladica\/\" \/>\n<meta property=\"og:locale\" content=\"sr_RS\" \/>\n<meta property=\"og:type\" content=\"article\" \/>\n<meta property=\"og:title\" content=\"Moderan toaletni stoli\u0107 s 5 ladica - Inti\" \/>\n<meta property=\"og:description\" content=\"Ovaj kozmeti\u010dki stol izra\u0111en je od MDF plo\u010de i opremljen je nogama stola od borovine, \u0161to obe\u0107ava dobru stabilnost i dug vijek trajanja.\u00a0Noge taburea izra\u0111ene od gumenog drveta tako\u0111er su izuzetno stabilne i mogu se opteretiti do 130 kg. Odvojivi organizator ima 6 pretinaca za lak za nokte, sjenilo, puder itd. 5 ladica nudi dodatni prostor za pohranu \u0161minke i nakita.\" \/>\n<meta property=\"og:url\" content=\"https:\/\/inti.hr\/sr\/proizvod\/moderan-toaletni-stolic-s-5-ladica\/\" \/>\n<meta property=\"og:site_name\" content=\"Inti\" \/>\n<meta property=\"og:image\" content=\"https:\/\/i0.wp.com\/inti.hr\/wp-content\/uploads\/2022\/03\/818sYNRH54L._AC_SL1500_.jpg?fit=1500%2C1500&ssl=1\" \/>\n\t<meta property=\"og:image:width\" content=\"1500\" \/>\n\t<meta property=\"og:image:height\" content=\"1500\" \/>\n\t<meta property=\"og:image:type\" content=\"image\/jpeg\" \/>\n<meta name=\"twitter:card\" content=\"summary_large_image\" \/>\n<script type=\"application\/ld+json\" class=\"yoast-schema-graph\">{\"@context\":\"https:\/\/schema.org\",\"@graph\":[{\"@type\":\"WebPage\",\"@id\":\"https:\/\/inti.hr\/sr\/proizvod\/moderan-toaletni-stolic-s-5-ladica\/\",\"url\":\"https:\/\/inti.hr\/sr\/proizvod\/moderan-toaletni-stolic-s-5-ladica\/\",\"name\":\"Moderan toaletni stoli\u0107 s 5 ladica - Inti\",\"isPartOf\":{\"@id\":\"https:\/\/inti.hr\/sr\/#website\"},\"primaryImageOfPage\":{\"@id\":\"https:\/\/inti.hr\/sr\/proizvod\/moderan-toaletni-stolic-s-5-ladica\/#primaryimage\"},\"image\":{\"@id\":\"https:\/\/inti.hr\/sr\/proizvod\/moderan-toaletni-stolic-s-5-ladica\/#primaryimage\"},\"thumbnailUrl\":\"https:\/\/i0.wp.com\/inti.hr\/wp-content\/uploads\/2022\/03\/818sYNRH54L._AC_SL1500_.jpg?fit=1500%2C1500&ssl=1\",\"datePublished\":\"2022-03-25T16:17:53+00:00\",\"dateModified\":\"2022-03-25T16:17:53+00:00\",\"description\":\"Ovaj kozmeti\u010dki stol izra\u0111en je od MDF plo\u010de i opremljen je nogama stola od borovine, \u0161to obe\u0107ava dobru stabilnost i dug vijek trajanja.\u00a0Noge taburea izra\u0111ene od gumenog drveta tako\u0111er su izuzetno stabilne i mogu se opteretiti do 130 kg. Odvojivi organizator ima 6 pretinaca za lak za nokte, sjenilo, puder itd. 5 ladica nudi dodatni prostor za pohranu \u0161minke i nakita.\",\"breadcrumb\":{\"@id\":\"https:\/\/inti.hr\/sr\/proizvod\/moderan-toaletni-stolic-s-5-ladica\/#breadcrumb\"},\"inLanguage\":\"sr-RS\",\"potentialAction\":[{\"@type\":\"ReadAction\",\"target\":[\"https:\/\/inti.hr\/sr\/proizvod\/moderan-toaletni-stolic-s-5-ladica\/\"]}]},{\"@type\":\"ImageObject\",\"inLanguage\":\"sr-RS\",\"@id\":\"https:\/\/inti.hr\/sr\/proizvod\/moderan-toaletni-stolic-s-5-ladica\/#primaryimage\",\"url\":\"https:\/\/i0.wp.com\/inti.hr\/wp-content\/uploads\/2022\/03\/818sYNRH54L._AC_SL1500_.jpg?fit=1500%2C1500&ssl=1\",\"contentUrl\":\"https:\/\/i0.wp.com\/inti.hr\/wp-content\/uploads\/2022\/03\/818sYNRH54L._AC_SL1500_.jpg?fit=1500%2C1500&ssl=1\",\"width\":1500,\"height\":1500},{\"@type\":\"BreadcrumbList\",\"@id\":\"https:\/\/inti.hr\/sr\/proizvod\/moderan-toaletni-stolic-s-5-ladica\/#breadcrumb\",\"itemListElement\":[{\"@type\":\"ListItem\",\"position\":1,\"name\":\"Po\u010detna stranica\",\"item\":\"https:\/\/inti.hr\/sr\/\"},{\"@type\":\"ListItem\",\"position\":2,\"name\":\"Prodavnica\",\"item\":\"https:\/\/inti.hr\/sr\/prodavnica\/\"},{\"@type\":\"ListItem\",\"position\":3,\"name\":\"Moderan toaletni stoli\u0107 s 5 ladica\"}]},{\"@type\":\"WebSite\",\"@id\":\"https:\/\/inti.hr\/sr\/#website\",\"url\":\"https:\/\/inti.hr\/sr\/\",\"name\":\"Inti\",\"description\":\"trgovina\",\"potentialAction\":[{\"@type\":\"SearchAction\",\"target\":{\"@type\":\"EntryPoint\",\"urlTemplate\":\"https:\/\/inti.hr\/sr\/?s={search_term_string}\"},\"query-input\":{\"@type\":\"PropertyValueSpecification\",\"valueRequired\":true,\"valueName\":\"search_term_string\"}}],\"inLanguage\":\"sr-RS\"}]}<\/script>\n<!-- \/ Yoast SEO plugin. -->","yoast_head_json":{"title":"Moderan toaletni stoli\u0107 s 5 ladica - Inti","description":"Ovaj kozmeti\u010dki stol izra\u0111en je od MDF plo\u010de i opremljen je nogama stola od borovine, \u0161to obe\u0107ava dobru stabilnost i dug vijek trajanja.\u00a0Noge taburea izra\u0111ene od gumenog drveta tako\u0111er su izuzetno stabilne i mogu se opteretiti do 130 kg. Odvojivi organizator ima 6 pretinaca za lak za nokte, sjenilo, puder itd. 5 ladica nudi dodatni prostor za pohranu \u0161minke i nakita.","robots":{"index":"index","follow":"follow","max-snippet":"max-snippet:-1","max-image-preview":"max-image-preview:large","max-video-preview":"max-video-preview:-1"},"canonical":"https:\/\/inti.hr\/sr\/proizvod\/moderan-toaletni-stolic-s-5-ladica\/","og_locale":"sr_RS","og_type":"article","og_title":"Moderan toaletni stoli\u0107 s 5 ladica - Inti","og_description":"Ovaj kozmeti\u010dki stol izra\u0111en je od MDF plo\u010de i opremljen je nogama stola od borovine, \u0161to obe\u0107ava dobru stabilnost i dug vijek trajanja.\u00a0Noge taburea izra\u0111ene od gumenog drveta tako\u0111er su izuzetno stabilne i mogu se opteretiti do 130 kg. Odvojivi organizator ima 6 pretinaca za lak za nokte, sjenilo, puder itd. 5 ladica nudi dodatni prostor za pohranu \u0161minke i nakita.","og_url":"https:\/\/inti.hr\/sr\/proizvod\/moderan-toaletni-stolic-s-5-ladica\/","og_site_name":"Inti","og_image":[{"width":1500,"height":1500,"url":"https:\/\/i0.wp.com\/inti.hr\/wp-content\/uploads\/2022\/03\/818sYNRH54L._AC_SL1500_.jpg?fit=1500%2C1500&ssl=1","type":"image\/jpeg"}],"twitter_card":"summary_large_image","schema":{"@context":"https:\/\/schema.org","@graph":[{"@type":"WebPage","@id":"https:\/\/inti.hr\/sr\/proizvod\/moderan-toaletni-stolic-s-5-ladica\/","url":"https:\/\/inti.hr\/sr\/proizvod\/moderan-toaletni-stolic-s-5-ladica\/","name":"Moderan toaletni stoli\u0107 s 5 ladica - Inti","isPartOf":{"@id":"https:\/\/inti.hr\/sr\/#website"},"primaryImageOfPage":{"@id":"https:\/\/inti.hr\/sr\/proizvod\/moderan-toaletni-stolic-s-5-ladica\/#primaryimage"},"image":{"@id":"https:\/\/inti.hr\/sr\/proizvod\/moderan-toaletni-stolic-s-5-ladica\/#primaryimage"},"thumbnailUrl":"https:\/\/i0.wp.com\/inti.hr\/wp-content\/uploads\/2022\/03\/818sYNRH54L._AC_SL1500_.jpg?fit=1500%2C1500&ssl=1","datePublished":"2022-03-25T16:17:53+00:00","dateModified":"2022-03-25T16:17:53+00:00","description":"Ovaj kozmeti\u010dki stol izra\u0111en je od MDF plo\u010de i opremljen je nogama stola od borovine, \u0161to obe\u0107ava dobru stabilnost i dug vijek trajanja.\u00a0Noge taburea izra\u0111ene od gumenog drveta tako\u0111er su izuzetno stabilne i mogu se opteretiti do 130 kg. Odvojivi organizator ima 6 pretinaca za lak za nokte, sjenilo, puder itd. 5 ladica nudi dodatni prostor za pohranu \u0161minke i nakita.","breadcrumb":{"@id":"https:\/\/inti.hr\/sr\/proizvod\/moderan-toaletni-stolic-s-5-ladica\/#breadcrumb"},"inLanguage":"sr-RS","potentialAction":[{"@type":"ReadAction","target":["https:\/\/inti.hr\/sr\/proizvod\/moderan-toaletni-stolic-s-5-ladica\/"]}]},{"@type":"ImageObject","inLanguage":"sr-RS","@id":"https:\/\/inti.hr\/sr\/proizvod\/moderan-toaletni-stolic-s-5-ladica\/#primaryimage","url":"https:\/\/i0.wp.com\/inti.hr\/wp-content\/uploads\/2022\/03\/818sYNRH54L._AC_SL1500_.jpg?fit=1500%2C1500&ssl=1","contentUrl":"https:\/\/i0.wp.com\/inti.hr\/wp-content\/uploads\/2022\/03\/818sYNRH54L._AC_SL1500_.jpg?fit=1500%2C1500&ssl=1","width":1500,"height":1500},{"@type":"BreadcrumbList","@id":"https:\/\/inti.hr\/sr\/proizvod\/moderan-toaletni-stolic-s-5-ladica\/#breadcrumb","itemListElement":[{"@type":"ListItem","position":1,"name":"Po\u010detna stranica","item":"https:\/\/inti.hr\/sr\/"},{"@type":"ListItem","position":2,"name":"Prodavnica","item":"https:\/\/inti.hr\/sr\/prodavnica\/"},{"@type":"ListItem","position":3,"name":"Moderan toaletni stoli\u0107 s 5 ladica"}]},{"@type":"WebSite","@id":"https:\/\/inti.hr\/sr\/#website","url":"https:\/\/inti.hr\/sr\/","name":"Inti","description":"trgovina","potentialAction":[{"@type":"SearchAction","target":{"@type":"EntryPoint","urlTemplate":"https:\/\/inti.hr\/sr\/?s={search_term_string}"},"query-input":{"@type":"PropertyValueSpecification","valueRequired":true,"valueName":"search_term_string"}}],"inLanguage":"sr-RS"}]}},"jetpack_sharing_enabled":true,"jetpack-related-posts":[],"_links":{"self":[{"href":"https:\/\/inti.hr\/sr\/wp-json\/wp\/v2\/product\/34097"}],"collection":[{"href":"https:\/\/inti.hr\/sr\/wp-json\/wp\/v2\/product"}],"about":[{"href":"https:\/\/inti.hr\/sr\/wp-json\/wp\/v2\/types\/product"}],"wp:featuredmedia":[{"embeddable":true,"href":"https:\/\/inti.hr\/sr\/wp-json\/wp\/v2\/media\/34098"}],"wp:attachment":[{"href":"https:\/\/inti.hr\/sr\/wp-json\/wp\/v2\/media?parent=34097"}],"wp:term":[{"taxonomy":"product_cat","embeddable":true,"href":"https:\/\/inti.hr\/sr\/wp-json\/wp\/v2\/product_cat?post=34097"},{"taxonomy":"product_tag","embeddable":true,"href":"https:\/\/inti.hr\/sr\/wp-json\/wp\/v2\/product_tag?post=34097"}],"curies":[{"name":"wp","href":"https:\/\/api.w.org\/{rel}","templated":true}]}}