{"id":34106,"date":"2022-03-25T10:57:54","date_gmt":"2022-03-25T10:57:54","guid":{"rendered":"https:\/\/inti.hr\/product\/barsunasta-stolica-za-blagovanje\/"},"modified":"2022-03-25T10:57:54","modified_gmt":"2022-03-25T10:57:54","slug":"barsunasta-stolica-za-blagovanje","status":"publish","type":"product","link":"https:\/\/inti.hr\/sr\/proizvod\/barsunasta-stolica-za-blagovanje\/","title":{"rendered":"Set bar\u0161unastih stolica za blagovanje"},"content":{"rendered":"<p>Detalji proizvoda:<\/p>\n<ul>\n<li>Materijal okvira: metal.<\/li>\n<li>Materijal sjedala: bar\u0161un.<\/li>\n<li>Ukupna visina: cca.\u00a082,5 cm;\u00a0Visina sjedala: cca.\u00a046 cm.<\/li>\n<li>Sjedalo: 45 \u00d7 44 cm (\u0160 x D).<\/li>\n<li>Visina naslona: cca.\u00a039 cm.<\/li>\n<li>Nosivost: 100 kg.<\/li>\n<li>Dizajnerske blagovaonske stolice lijepe su za va\u0161 dom.<\/li>\n<li>Okvir od stabilnog metala jam\u010di dug radni vijek.<\/li>\n<li>Dobro podstavljeno bar\u0161unasto sjedalo nudi vam vrlo udobno sjedenje.<\/li>\n<li>Podni \u0161titnici \u0161tite pod od ogrebotina.<\/li>\n<li>Ergonomski zaobljeni kutovi i rubovi.<\/li>\n<li>Stabilna i kvalitetna izrada.<\/li>\n<li>Jednostavna i brza instalacija.<\/li>\n<\/ul>\n","protected":false},"excerpt":{"rendered":"<p>Ova blagovaonska stolica izra\u0111ena je od bar\u0161una modernog dizajna i vrlo &#8230; <\/p>\n","protected":false},"featured_media":34107,"template":"","meta":[],"product_cat":[2573],"product_tag":[4051,2448,3604,4052],"yoast_head":"<!-- This site is optimized with the Yoast SEO plugin v23.7 - https:\/\/yoast.com\/wordpress\/plugins\/seo\/ -->\n<title>Set bar\u0161unastih stolica za blagovanje - Inti<\/title>\n<meta name=\"description\" content=\"Ova blagovaonska stolica izra\u0111ena je od bar\u0161una modernog dizajna i vrlo je stabilna. Vrlo ugodno iskustvo sjedenja zahvaljuju\u0107i dobro podstavljenom bar\u0161unastom sjedalu i udobno zahvaljuju\u0107i ergonomskom obliku stolice. Nije prikladan samo za blagovaonicu, ve\u0107 i za kuhinju, dnevni boravak, dje\u010dju sobu, spava\u0107u sobu, pa \u010dak i za ulazni prostor. Stolica odgovara svakom modernom namje\u0161taju. Postavite ga na lijepo mjesto u svom stanu ili u uredu.\" \/>\n<meta name=\"robots\" content=\"index, follow, max-snippet:-1, max-image-preview:large, max-video-preview:-1\" \/>\n<link rel=\"canonical\" href=\"https:\/\/inti.hr\/sr\/proizvod\/barsunasta-stolica-za-blagovanje\/\" \/>\n<meta property=\"og:locale\" content=\"sr_RS\" \/>\n<meta property=\"og:type\" content=\"article\" \/>\n<meta property=\"og:title\" content=\"Set bar\u0161unastih stolica za blagovanje - Inti\" \/>\n<meta property=\"og:description\" content=\"Ova blagovaonska stolica izra\u0111ena je od bar\u0161una modernog dizajna i vrlo je stabilna. Vrlo ugodno iskustvo sjedenja zahvaljuju\u0107i dobro podstavljenom bar\u0161unastom sjedalu i udobno zahvaljuju\u0107i ergonomskom obliku stolice. Nije prikladan samo za blagovaonicu, ve\u0107 i za kuhinju, dnevni boravak, dje\u010dju sobu, spava\u0107u sobu, pa \u010dak i za ulazni prostor. Stolica odgovara svakom modernom namje\u0161taju. Postavite ga na lijepo mjesto u svom stanu ili u uredu.\" \/>\n<meta property=\"og:url\" content=\"https:\/\/inti.hr\/sr\/proizvod\/barsunasta-stolica-za-blagovanje\/\" \/>\n<meta property=\"og:site_name\" content=\"Inti\" \/>\n<meta property=\"og:image\" content=\"https:\/\/i0.wp.com\/inti.hr\/wp-content\/uploads\/2022\/03\/Esszimmerstuehle-Armlehne-Samt-Metall-dunkelgrau2.jpg?fit=1280%2C853&ssl=1\" \/>\n\t<meta property=\"og:image:width\" content=\"1280\" \/>\n\t<meta property=\"og:image:height\" content=\"853\" \/>\n\t<meta property=\"og:image:type\" content=\"image\/jpeg\" \/>\n<meta name=\"twitter:card\" content=\"summary_large_image\" \/>\n<script type=\"application\/ld+json\" class=\"yoast-schema-graph\">{\"@context\":\"https:\/\/schema.org\",\"@graph\":[{\"@type\":\"WebPage\",\"@id\":\"https:\/\/inti.hr\/sr\/proizvod\/barsunasta-stolica-za-blagovanje\/\",\"url\":\"https:\/\/inti.hr\/sr\/proizvod\/barsunasta-stolica-za-blagovanje\/\",\"name\":\"Set bar\u0161unastih stolica za blagovanje - Inti\",\"isPartOf\":{\"@id\":\"https:\/\/inti.hr\/sr\/#website\"},\"primaryImageOfPage\":{\"@id\":\"https:\/\/inti.hr\/sr\/proizvod\/barsunasta-stolica-za-blagovanje\/#primaryimage\"},\"image\":{\"@id\":\"https:\/\/inti.hr\/sr\/proizvod\/barsunasta-stolica-za-blagovanje\/#primaryimage\"},\"thumbnailUrl\":\"https:\/\/i0.wp.com\/inti.hr\/wp-content\/uploads\/2022\/03\/Esszimmerstuehle-Armlehne-Samt-Metall-dunkelgrau2.jpg?fit=1280%2C853&ssl=1\",\"datePublished\":\"2022-03-25T10:57:54+00:00\",\"dateModified\":\"2022-03-25T10:57:54+00:00\",\"description\":\"Ova blagovaonska stolica izra\u0111ena je od bar\u0161una modernog dizajna i vrlo je stabilna. Vrlo ugodno iskustvo sjedenja zahvaljuju\u0107i dobro podstavljenom bar\u0161unastom sjedalu i udobno zahvaljuju\u0107i ergonomskom obliku stolice. Nije prikladan samo za blagovaonicu, ve\u0107 i za kuhinju, dnevni boravak, dje\u010dju sobu, spava\u0107u sobu, pa \u010dak i za ulazni prostor. Stolica odgovara svakom modernom namje\u0161taju. Postavite ga na lijepo mjesto u svom stanu ili u uredu.\",\"breadcrumb\":{\"@id\":\"https:\/\/inti.hr\/sr\/proizvod\/barsunasta-stolica-za-blagovanje\/#breadcrumb\"},\"inLanguage\":\"sr-RS\",\"potentialAction\":[{\"@type\":\"ReadAction\",\"target\":[\"https:\/\/inti.hr\/sr\/proizvod\/barsunasta-stolica-za-blagovanje\/\"]}]},{\"@type\":\"ImageObject\",\"inLanguage\":\"sr-RS\",\"@id\":\"https:\/\/inti.hr\/sr\/proizvod\/barsunasta-stolica-za-blagovanje\/#primaryimage\",\"url\":\"https:\/\/i0.wp.com\/inti.hr\/wp-content\/uploads\/2022\/03\/Esszimmerstuehle-Armlehne-Samt-Metall-dunkelgrau2.jpg?fit=1280%2C853&ssl=1\",\"contentUrl\":\"https:\/\/i0.wp.com\/inti.hr\/wp-content\/uploads\/2022\/03\/Esszimmerstuehle-Armlehne-Samt-Metall-dunkelgrau2.jpg?fit=1280%2C853&ssl=1\",\"width\":1280,\"height\":853},{\"@type\":\"BreadcrumbList\",\"@id\":\"https:\/\/inti.hr\/sr\/proizvod\/barsunasta-stolica-za-blagovanje\/#breadcrumb\",\"itemListElement\":[{\"@type\":\"ListItem\",\"position\":1,\"name\":\"Po\u010detna stranica\",\"item\":\"https:\/\/inti.hr\/sr\/\"},{\"@type\":\"ListItem\",\"position\":2,\"name\":\"Prodavnica\",\"item\":\"https:\/\/inti.hr\/sr\/prodavnica\/\"},{\"@type\":\"ListItem\",\"position\":3,\"name\":\"Set bar\u0161unastih stolica za blagovanje\"}]},{\"@type\":\"WebSite\",\"@id\":\"https:\/\/inti.hr\/sr\/#website\",\"url\":\"https:\/\/inti.hr\/sr\/\",\"name\":\"Inti\",\"description\":\"trgovina\",\"potentialAction\":[{\"@type\":\"SearchAction\",\"target\":{\"@type\":\"EntryPoint\",\"urlTemplate\":\"https:\/\/inti.hr\/sr\/?s={search_term_string}\"},\"query-input\":{\"@type\":\"PropertyValueSpecification\",\"valueRequired\":true,\"valueName\":\"search_term_string\"}}],\"inLanguage\":\"sr-RS\"}]}<\/script>\n<!-- \/ Yoast SEO plugin. -->","yoast_head_json":{"title":"Set bar\u0161unastih stolica za blagovanje - Inti","description":"Ova blagovaonska stolica izra\u0111ena je od bar\u0161una modernog dizajna i vrlo je stabilna. Vrlo ugodno iskustvo sjedenja zahvaljuju\u0107i dobro podstavljenom bar\u0161unastom sjedalu i udobno zahvaljuju\u0107i ergonomskom obliku stolice. Nije prikladan samo za blagovaonicu, ve\u0107 i za kuhinju, dnevni boravak, dje\u010dju sobu, spava\u0107u sobu, pa \u010dak i za ulazni prostor. Stolica odgovara svakom modernom namje\u0161taju. Postavite ga na lijepo mjesto u svom stanu ili u uredu.","robots":{"index":"index","follow":"follow","max-snippet":"max-snippet:-1","max-image-preview":"max-image-preview:large","max-video-preview":"max-video-preview:-1"},"canonical":"https:\/\/inti.hr\/sr\/proizvod\/barsunasta-stolica-za-blagovanje\/","og_locale":"sr_RS","og_type":"article","og_title":"Set bar\u0161unastih stolica za blagovanje - Inti","og_description":"Ova blagovaonska stolica izra\u0111ena je od bar\u0161una modernog dizajna i vrlo je stabilna. Vrlo ugodno iskustvo sjedenja zahvaljuju\u0107i dobro podstavljenom bar\u0161unastom sjedalu i udobno zahvaljuju\u0107i ergonomskom obliku stolice. Nije prikladan samo za blagovaonicu, ve\u0107 i za kuhinju, dnevni boravak, dje\u010dju sobu, spava\u0107u sobu, pa \u010dak i za ulazni prostor. Stolica odgovara svakom modernom namje\u0161taju. Postavite ga na lijepo mjesto u svom stanu ili u uredu.","og_url":"https:\/\/inti.hr\/sr\/proizvod\/barsunasta-stolica-za-blagovanje\/","og_site_name":"Inti","og_image":[{"width":1280,"height":853,"url":"https:\/\/i0.wp.com\/inti.hr\/wp-content\/uploads\/2022\/03\/Esszimmerstuehle-Armlehne-Samt-Metall-dunkelgrau2.jpg?fit=1280%2C853&ssl=1","type":"image\/jpeg"}],"twitter_card":"summary_large_image","schema":{"@context":"https:\/\/schema.org","@graph":[{"@type":"WebPage","@id":"https:\/\/inti.hr\/sr\/proizvod\/barsunasta-stolica-za-blagovanje\/","url":"https:\/\/inti.hr\/sr\/proizvod\/barsunasta-stolica-za-blagovanje\/","name":"Set bar\u0161unastih stolica za blagovanje - Inti","isPartOf":{"@id":"https:\/\/inti.hr\/sr\/#website"},"primaryImageOfPage":{"@id":"https:\/\/inti.hr\/sr\/proizvod\/barsunasta-stolica-za-blagovanje\/#primaryimage"},"image":{"@id":"https:\/\/inti.hr\/sr\/proizvod\/barsunasta-stolica-za-blagovanje\/#primaryimage"},"thumbnailUrl":"https:\/\/i0.wp.com\/inti.hr\/wp-content\/uploads\/2022\/03\/Esszimmerstuehle-Armlehne-Samt-Metall-dunkelgrau2.jpg?fit=1280%2C853&ssl=1","datePublished":"2022-03-25T10:57:54+00:00","dateModified":"2022-03-25T10:57:54+00:00","description":"Ova blagovaonska stolica izra\u0111ena je od bar\u0161una modernog dizajna i vrlo je stabilna. Vrlo ugodno iskustvo sjedenja zahvaljuju\u0107i dobro podstavljenom bar\u0161unastom sjedalu i udobno zahvaljuju\u0107i ergonomskom obliku stolice. Nije prikladan samo za blagovaonicu, ve\u0107 i za kuhinju, dnevni boravak, dje\u010dju sobu, spava\u0107u sobu, pa \u010dak i za ulazni prostor. Stolica odgovara svakom modernom namje\u0161taju. Postavite ga na lijepo mjesto u svom stanu ili u uredu.","breadcrumb":{"@id":"https:\/\/inti.hr\/sr\/proizvod\/barsunasta-stolica-za-blagovanje\/#breadcrumb"},"inLanguage":"sr-RS","potentialAction":[{"@type":"ReadAction","target":["https:\/\/inti.hr\/sr\/proizvod\/barsunasta-stolica-za-blagovanje\/"]}]},{"@type":"ImageObject","inLanguage":"sr-RS","@id":"https:\/\/inti.hr\/sr\/proizvod\/barsunasta-stolica-za-blagovanje\/#primaryimage","url":"https:\/\/i0.wp.com\/inti.hr\/wp-content\/uploads\/2022\/03\/Esszimmerstuehle-Armlehne-Samt-Metall-dunkelgrau2.jpg?fit=1280%2C853&ssl=1","contentUrl":"https:\/\/i0.wp.com\/inti.hr\/wp-content\/uploads\/2022\/03\/Esszimmerstuehle-Armlehne-Samt-Metall-dunkelgrau2.jpg?fit=1280%2C853&ssl=1","width":1280,"height":853},{"@type":"BreadcrumbList","@id":"https:\/\/inti.hr\/sr\/proizvod\/barsunasta-stolica-za-blagovanje\/#breadcrumb","itemListElement":[{"@type":"ListItem","position":1,"name":"Po\u010detna stranica","item":"https:\/\/inti.hr\/sr\/"},{"@type":"ListItem","position":2,"name":"Prodavnica","item":"https:\/\/inti.hr\/sr\/prodavnica\/"},{"@type":"ListItem","position":3,"name":"Set bar\u0161unastih stolica za blagovanje"}]},{"@type":"WebSite","@id":"https:\/\/inti.hr\/sr\/#website","url":"https:\/\/inti.hr\/sr\/","name":"Inti","description":"trgovina","potentialAction":[{"@type":"SearchAction","target":{"@type":"EntryPoint","urlTemplate":"https:\/\/inti.hr\/sr\/?s={search_term_string}"},"query-input":{"@type":"PropertyValueSpecification","valueRequired":true,"valueName":"search_term_string"}}],"inLanguage":"sr-RS"}]}},"jetpack_sharing_enabled":true,"jetpack-related-posts":[],"_links":{"self":[{"href":"https:\/\/inti.hr\/sr\/wp-json\/wp\/v2\/product\/34106"}],"collection":[{"href":"https:\/\/inti.hr\/sr\/wp-json\/wp\/v2\/product"}],"about":[{"href":"https:\/\/inti.hr\/sr\/wp-json\/wp\/v2\/types\/product"}],"wp:featuredmedia":[{"embeddable":true,"href":"https:\/\/inti.hr\/sr\/wp-json\/wp\/v2\/media\/34107"}],"wp:attachment":[{"href":"https:\/\/inti.hr\/sr\/wp-json\/wp\/v2\/media?parent=34106"}],"wp:term":[{"taxonomy":"product_cat","embeddable":true,"href":"https:\/\/inti.hr\/sr\/wp-json\/wp\/v2\/product_cat?post=34106"},{"taxonomy":"product_tag","embeddable":true,"href":"https:\/\/inti.hr\/sr\/wp-json\/wp\/v2\/product_tag?post=34106"}],"curies":[{"name":"wp","href":"https:\/\/api.w.org\/{rel}","templated":true}]}}