{"id":34124,"date":"2022-03-22T10:52:31","date_gmt":"2022-03-22T10:52:31","guid":{"rendered":"https:\/\/inti.hr\/product\/ormaric-sa-ogledalom-sa-duplim-vratima\/"},"modified":"2022-03-22T10:52:31","modified_gmt":"2022-03-22T10:52:31","slug":"ormaric-sa-ogledalom-sa-duplim-vratima","status":"publish","type":"product","link":"https:\/\/inti.hr\/sr\/proizvod\/ormaric-sa-ogledalom-sa-duplim-vratima\/","title":{"rendered":"Ormari\u0107 sa ogledalom sa duplim vratima"},"content":{"rendered":"<p><strong>Detalji o proizvodu:<\/strong><br \/>\n&#8211; Dimenzije: 56 x 58 x 13 cm (\u0160 x V x D)<br \/>\n&#8211; Boja: bijela<br \/>\n&#8211; Materijal: MDF plo\u010da<br \/>\n&#8211; Dimenzije pakiranja: 64,5 x 32,5 x 11 cm<br \/>\n&#8211; Neto te\u017eina: 6,22 kg<br \/>\n&#8211; Bruto te\u017eina: 7,16 kg<\/p>\n","protected":false},"excerpt":{"rendered":"<p>Ovdje vam nudimo ormar za ogledalo u ukusnoj bijeloj boji.\u00a0Bezvremenski dizajn &#8230; <\/p>\n","protected":false},"featured_media":34126,"template":"","meta":[],"product_cat":[2396],"product_tag":[4064,2522,4065,2398],"yoast_head":"<!-- This site is optimized with the Yoast SEO plugin v23.7 - https:\/\/yoast.com\/wordpress\/plugins\/seo\/ -->\n<title>Ormari\u0107 sa ogledalom sa duplim vratima - Inti<\/title>\n<meta name=\"description\" content=\"Sve daske kupaonskog ormari\u0107a obojene su obostrano, boja je glatka i ujedna\u010dena. Povr\u0161ina je tako\u0111er vodoodbojnaOrmari\u0107 za ogledalo mo\u017ee se pri\u010dvrstiti na zid u kupaonici. 2 vrata s 2 pravokutna zrcala, lako se zatvaraju magnetskim zatvaranjem2 prostrana pretinca iza vrata i otvorena polica ispod nude puno prostora za pohranu svakodnevnih stvari. Unutarnja polica je podesiva u tri visine, prema visinskim potrebama razli\u010ditih predmetaKupaonski ormari\u0107 je dobro za\u0161ti\u0107en tako da se ni\u0161ta ne mo\u017ee dogoditi tijekom transporta. Zahvaljuju\u0107i lako razumljivim uputama, monta\u017ea je vrlo jednostavna. Pojedini dijelovi su dodijeljeni slovima tako da je zabuna nemogu\u0107a. Svi vijci dolaze s dodatnim vijkom. Dakle, ako je jedan pakiran premalo, jo\u0161 uvijek imate dovoljnoDimenzije: 56 x 58 x 13 cm (\u0160 x V x D), u stilu seoske ku\u0107e, odi\u0161e ugodnim rustikalnim \u0161armom, savr\u0161eno se sla\u017ee s ostalim kupaonskim namje\u0161tajem\" \/>\n<meta name=\"robots\" content=\"index, follow, max-snippet:-1, max-image-preview:large, max-video-preview:-1\" \/>\n<link rel=\"canonical\" href=\"https:\/\/inti.hr\/sr\/proizvod\/ormaric-sa-ogledalom-sa-duplim-vratima\/\" \/>\n<meta property=\"og:locale\" content=\"sr_RS\" \/>\n<meta property=\"og:type\" content=\"article\" \/>\n<meta property=\"og:title\" content=\"Ormari\u0107 sa ogledalom sa duplim vratima - Inti\" \/>\n<meta property=\"og:description\" content=\"Sve daske kupaonskog ormari\u0107a obojene su obostrano, boja je glatka i ujedna\u010dena. Povr\u0161ina je tako\u0111er vodoodbojnaOrmari\u0107 za ogledalo mo\u017ee se pri\u010dvrstiti na zid u kupaonici. 2 vrata s 2 pravokutna zrcala, lako se zatvaraju magnetskim zatvaranjem2 prostrana pretinca iza vrata i otvorena polica ispod nude puno prostora za pohranu svakodnevnih stvari. Unutarnja polica je podesiva u tri visine, prema visinskim potrebama razli\u010ditih predmetaKupaonski ormari\u0107 je dobro za\u0161ti\u0107en tako da se ni\u0161ta ne mo\u017ee dogoditi tijekom transporta. Zahvaljuju\u0107i lako razumljivim uputama, monta\u017ea je vrlo jednostavna. Pojedini dijelovi su dodijeljeni slovima tako da je zabuna nemogu\u0107a. Svi vijci dolaze s dodatnim vijkom. Dakle, ako je jedan pakiran premalo, jo\u0161 uvijek imate dovoljnoDimenzije: 56 x 58 x 13 cm (\u0160 x V x D), u stilu seoske ku\u0107e, odi\u0161e ugodnim rustikalnim \u0161armom, savr\u0161eno se sla\u017ee s ostalim kupaonskim namje\u0161tajem\" \/>\n<meta property=\"og:url\" content=\"https:\/\/inti.hr\/sr\/proizvod\/ormaric-sa-ogledalom-sa-duplim-vratima\/\" \/>\n<meta property=\"og:site_name\" content=\"Inti\" \/>\n<meta property=\"og:image\" content=\"https:\/\/i0.wp.com\/inti.hr\/wp-content\/uploads\/2022\/03\/71yN9yWGqgS._AC_SL1500_.jpg?fit=1500%2C1500&ssl=1\" \/>\n\t<meta property=\"og:image:width\" content=\"1500\" \/>\n\t<meta property=\"og:image:height\" content=\"1500\" \/>\n\t<meta property=\"og:image:type\" content=\"image\/jpeg\" \/>\n<meta name=\"twitter:card\" content=\"summary_large_image\" \/>\n<script type=\"application\/ld+json\" class=\"yoast-schema-graph\">{\"@context\":\"https:\/\/schema.org\",\"@graph\":[{\"@type\":\"WebPage\",\"@id\":\"https:\/\/inti.hr\/sr\/proizvod\/ormaric-sa-ogledalom-sa-duplim-vratima\/\",\"url\":\"https:\/\/inti.hr\/sr\/proizvod\/ormaric-sa-ogledalom-sa-duplim-vratima\/\",\"name\":\"Ormari\u0107 sa ogledalom sa duplim vratima - Inti\",\"isPartOf\":{\"@id\":\"https:\/\/inti.hr\/sr\/#website\"},\"primaryImageOfPage\":{\"@id\":\"https:\/\/inti.hr\/sr\/proizvod\/ormaric-sa-ogledalom-sa-duplim-vratima\/#primaryimage\"},\"image\":{\"@id\":\"https:\/\/inti.hr\/sr\/proizvod\/ormaric-sa-ogledalom-sa-duplim-vratima\/#primaryimage\"},\"thumbnailUrl\":\"https:\/\/i0.wp.com\/inti.hr\/wp-content\/uploads\/2022\/03\/71yN9yWGqgS._AC_SL1500_.jpg?fit=1500%2C1500&ssl=1\",\"datePublished\":\"2022-03-22T10:52:31+00:00\",\"dateModified\":\"2022-03-22T10:52:31+00:00\",\"description\":\"Sve daske kupaonskog ormari\u0107a obojene su obostrano, boja je glatka i ujedna\u010dena. Povr\u0161ina je tako\u0111er vodoodbojnaOrmari\u0107 za ogledalo mo\u017ee se pri\u010dvrstiti na zid u kupaonici. 2 vrata s 2 pravokutna zrcala, lako se zatvaraju magnetskim zatvaranjem2 prostrana pretinca iza vrata i otvorena polica ispod nude puno prostora za pohranu svakodnevnih stvari. Unutarnja polica je podesiva u tri visine, prema visinskim potrebama razli\u010ditih predmetaKupaonski ormari\u0107 je dobro za\u0161ti\u0107en tako da se ni\u0161ta ne mo\u017ee dogoditi tijekom transporta. Zahvaljuju\u0107i lako razumljivim uputama, monta\u017ea je vrlo jednostavna. Pojedini dijelovi su dodijeljeni slovima tako da je zabuna nemogu\u0107a. Svi vijci dolaze s dodatnim vijkom. Dakle, ako je jedan pakiran premalo, jo\u0161 uvijek imate dovoljnoDimenzije: 56 x 58 x 13 cm (\u0160 x V x D), u stilu seoske ku\u0107e, odi\u0161e ugodnim rustikalnim \u0161armom, savr\u0161eno se sla\u017ee s ostalim kupaonskim namje\u0161tajem\",\"breadcrumb\":{\"@id\":\"https:\/\/inti.hr\/sr\/proizvod\/ormaric-sa-ogledalom-sa-duplim-vratima\/#breadcrumb\"},\"inLanguage\":\"sr-RS\",\"potentialAction\":[{\"@type\":\"ReadAction\",\"target\":[\"https:\/\/inti.hr\/sr\/proizvod\/ormaric-sa-ogledalom-sa-duplim-vratima\/\"]}]},{\"@type\":\"ImageObject\",\"inLanguage\":\"sr-RS\",\"@id\":\"https:\/\/inti.hr\/sr\/proizvod\/ormaric-sa-ogledalom-sa-duplim-vratima\/#primaryimage\",\"url\":\"https:\/\/i0.wp.com\/inti.hr\/wp-content\/uploads\/2022\/03\/71yN9yWGqgS._AC_SL1500_.jpg?fit=1500%2C1500&ssl=1\",\"contentUrl\":\"https:\/\/i0.wp.com\/inti.hr\/wp-content\/uploads\/2022\/03\/71yN9yWGqgS._AC_SL1500_.jpg?fit=1500%2C1500&ssl=1\",\"width\":1500,\"height\":1500},{\"@type\":\"BreadcrumbList\",\"@id\":\"https:\/\/inti.hr\/sr\/proizvod\/ormaric-sa-ogledalom-sa-duplim-vratima\/#breadcrumb\",\"itemListElement\":[{\"@type\":\"ListItem\",\"position\":1,\"name\":\"Po\u010detna stranica\",\"item\":\"https:\/\/inti.hr\/sr\/\"},{\"@type\":\"ListItem\",\"position\":2,\"name\":\"Prodavnica\",\"item\":\"https:\/\/inti.hr\/sr\/prodavnica\/\"},{\"@type\":\"ListItem\",\"position\":3,\"name\":\"Ormari\u0107 sa ogledalom sa duplim vratima\"}]},{\"@type\":\"WebSite\",\"@id\":\"https:\/\/inti.hr\/sr\/#website\",\"url\":\"https:\/\/inti.hr\/sr\/\",\"name\":\"Inti\",\"description\":\"trgovina\",\"potentialAction\":[{\"@type\":\"SearchAction\",\"target\":{\"@type\":\"EntryPoint\",\"urlTemplate\":\"https:\/\/inti.hr\/sr\/?s={search_term_string}\"},\"query-input\":{\"@type\":\"PropertyValueSpecification\",\"valueRequired\":true,\"valueName\":\"search_term_string\"}}],\"inLanguage\":\"sr-RS\"}]}<\/script>\n<!-- \/ Yoast SEO plugin. -->","yoast_head_json":{"title":"Ormari\u0107 sa ogledalom sa duplim vratima - Inti","description":"Sve daske kupaonskog ormari\u0107a obojene su obostrano, boja je glatka i ujedna\u010dena. Povr\u0161ina je tako\u0111er vodoodbojnaOrmari\u0107 za ogledalo mo\u017ee se pri\u010dvrstiti na zid u kupaonici. 2 vrata s 2 pravokutna zrcala, lako se zatvaraju magnetskim zatvaranjem2 prostrana pretinca iza vrata i otvorena polica ispod nude puno prostora za pohranu svakodnevnih stvari. Unutarnja polica je podesiva u tri visine, prema visinskim potrebama razli\u010ditih predmetaKupaonski ormari\u0107 je dobro za\u0161ti\u0107en tako da se ni\u0161ta ne mo\u017ee dogoditi tijekom transporta. Zahvaljuju\u0107i lako razumljivim uputama, monta\u017ea je vrlo jednostavna. Pojedini dijelovi su dodijeljeni slovima tako da je zabuna nemogu\u0107a. Svi vijci dolaze s dodatnim vijkom. Dakle, ako je jedan pakiran premalo, jo\u0161 uvijek imate dovoljnoDimenzije: 56 x 58 x 13 cm (\u0160 x V x D), u stilu seoske ku\u0107e, odi\u0161e ugodnim rustikalnim \u0161armom, savr\u0161eno se sla\u017ee s ostalim kupaonskim namje\u0161tajem","robots":{"index":"index","follow":"follow","max-snippet":"max-snippet:-1","max-image-preview":"max-image-preview:large","max-video-preview":"max-video-preview:-1"},"canonical":"https:\/\/inti.hr\/sr\/proizvod\/ormaric-sa-ogledalom-sa-duplim-vratima\/","og_locale":"sr_RS","og_type":"article","og_title":"Ormari\u0107 sa ogledalom sa duplim vratima - Inti","og_description":"Sve daske kupaonskog ormari\u0107a obojene su obostrano, boja je glatka i ujedna\u010dena. Povr\u0161ina je tako\u0111er vodoodbojnaOrmari\u0107 za ogledalo mo\u017ee se pri\u010dvrstiti na zid u kupaonici. 2 vrata s 2 pravokutna zrcala, lako se zatvaraju magnetskim zatvaranjem2 prostrana pretinca iza vrata i otvorena polica ispod nude puno prostora za pohranu svakodnevnih stvari. Unutarnja polica je podesiva u tri visine, prema visinskim potrebama razli\u010ditih predmetaKupaonski ormari\u0107 je dobro za\u0161ti\u0107en tako da se ni\u0161ta ne mo\u017ee dogoditi tijekom transporta. Zahvaljuju\u0107i lako razumljivim uputama, monta\u017ea je vrlo jednostavna. Pojedini dijelovi su dodijeljeni slovima tako da je zabuna nemogu\u0107a. Svi vijci dolaze s dodatnim vijkom. Dakle, ako je jedan pakiran premalo, jo\u0161 uvijek imate dovoljnoDimenzije: 56 x 58 x 13 cm (\u0160 x V x D), u stilu seoske ku\u0107e, odi\u0161e ugodnim rustikalnim \u0161armom, savr\u0161eno se sla\u017ee s ostalim kupaonskim namje\u0161tajem","og_url":"https:\/\/inti.hr\/sr\/proizvod\/ormaric-sa-ogledalom-sa-duplim-vratima\/","og_site_name":"Inti","og_image":[{"width":1500,"height":1500,"url":"https:\/\/i0.wp.com\/inti.hr\/wp-content\/uploads\/2022\/03\/71yN9yWGqgS._AC_SL1500_.jpg?fit=1500%2C1500&ssl=1","type":"image\/jpeg"}],"twitter_card":"summary_large_image","schema":{"@context":"https:\/\/schema.org","@graph":[{"@type":"WebPage","@id":"https:\/\/inti.hr\/sr\/proizvod\/ormaric-sa-ogledalom-sa-duplim-vratima\/","url":"https:\/\/inti.hr\/sr\/proizvod\/ormaric-sa-ogledalom-sa-duplim-vratima\/","name":"Ormari\u0107 sa ogledalom sa duplim vratima - Inti","isPartOf":{"@id":"https:\/\/inti.hr\/sr\/#website"},"primaryImageOfPage":{"@id":"https:\/\/inti.hr\/sr\/proizvod\/ormaric-sa-ogledalom-sa-duplim-vratima\/#primaryimage"},"image":{"@id":"https:\/\/inti.hr\/sr\/proizvod\/ormaric-sa-ogledalom-sa-duplim-vratima\/#primaryimage"},"thumbnailUrl":"https:\/\/i0.wp.com\/inti.hr\/wp-content\/uploads\/2022\/03\/71yN9yWGqgS._AC_SL1500_.jpg?fit=1500%2C1500&ssl=1","datePublished":"2022-03-22T10:52:31+00:00","dateModified":"2022-03-22T10:52:31+00:00","description":"Sve daske kupaonskog ormari\u0107a obojene su obostrano, boja je glatka i ujedna\u010dena. Povr\u0161ina je tako\u0111er vodoodbojnaOrmari\u0107 za ogledalo mo\u017ee se pri\u010dvrstiti na zid u kupaonici. 2 vrata s 2 pravokutna zrcala, lako se zatvaraju magnetskim zatvaranjem2 prostrana pretinca iza vrata i otvorena polica ispod nude puno prostora za pohranu svakodnevnih stvari. Unutarnja polica je podesiva u tri visine, prema visinskim potrebama razli\u010ditih predmetaKupaonski ormari\u0107 je dobro za\u0161ti\u0107en tako da se ni\u0161ta ne mo\u017ee dogoditi tijekom transporta. Zahvaljuju\u0107i lako razumljivim uputama, monta\u017ea je vrlo jednostavna. Pojedini dijelovi su dodijeljeni slovima tako da je zabuna nemogu\u0107a. Svi vijci dolaze s dodatnim vijkom. Dakle, ako je jedan pakiran premalo, jo\u0161 uvijek imate dovoljnoDimenzije: 56 x 58 x 13 cm (\u0160 x V x D), u stilu seoske ku\u0107e, odi\u0161e ugodnim rustikalnim \u0161armom, savr\u0161eno se sla\u017ee s ostalim kupaonskim namje\u0161tajem","breadcrumb":{"@id":"https:\/\/inti.hr\/sr\/proizvod\/ormaric-sa-ogledalom-sa-duplim-vratima\/#breadcrumb"},"inLanguage":"sr-RS","potentialAction":[{"@type":"ReadAction","target":["https:\/\/inti.hr\/sr\/proizvod\/ormaric-sa-ogledalom-sa-duplim-vratima\/"]}]},{"@type":"ImageObject","inLanguage":"sr-RS","@id":"https:\/\/inti.hr\/sr\/proizvod\/ormaric-sa-ogledalom-sa-duplim-vratima\/#primaryimage","url":"https:\/\/i0.wp.com\/inti.hr\/wp-content\/uploads\/2022\/03\/71yN9yWGqgS._AC_SL1500_.jpg?fit=1500%2C1500&ssl=1","contentUrl":"https:\/\/i0.wp.com\/inti.hr\/wp-content\/uploads\/2022\/03\/71yN9yWGqgS._AC_SL1500_.jpg?fit=1500%2C1500&ssl=1","width":1500,"height":1500},{"@type":"BreadcrumbList","@id":"https:\/\/inti.hr\/sr\/proizvod\/ormaric-sa-ogledalom-sa-duplim-vratima\/#breadcrumb","itemListElement":[{"@type":"ListItem","position":1,"name":"Po\u010detna stranica","item":"https:\/\/inti.hr\/sr\/"},{"@type":"ListItem","position":2,"name":"Prodavnica","item":"https:\/\/inti.hr\/sr\/prodavnica\/"},{"@type":"ListItem","position":3,"name":"Ormari\u0107 sa ogledalom sa duplim vratima"}]},{"@type":"WebSite","@id":"https:\/\/inti.hr\/sr\/#website","url":"https:\/\/inti.hr\/sr\/","name":"Inti","description":"trgovina","potentialAction":[{"@type":"SearchAction","target":{"@type":"EntryPoint","urlTemplate":"https:\/\/inti.hr\/sr\/?s={search_term_string}"},"query-input":{"@type":"PropertyValueSpecification","valueRequired":true,"valueName":"search_term_string"}}],"inLanguage":"sr-RS"}]}},"jetpack_sharing_enabled":true,"jetpack-related-posts":[],"_links":{"self":[{"href":"https:\/\/inti.hr\/sr\/wp-json\/wp\/v2\/product\/34124"}],"collection":[{"href":"https:\/\/inti.hr\/sr\/wp-json\/wp\/v2\/product"}],"about":[{"href":"https:\/\/inti.hr\/sr\/wp-json\/wp\/v2\/types\/product"}],"wp:featuredmedia":[{"embeddable":true,"href":"https:\/\/inti.hr\/sr\/wp-json\/wp\/v2\/media\/34126"}],"wp:attachment":[{"href":"https:\/\/inti.hr\/sr\/wp-json\/wp\/v2\/media?parent=34124"}],"wp:term":[{"taxonomy":"product_cat","embeddable":true,"href":"https:\/\/inti.hr\/sr\/wp-json\/wp\/v2\/product_cat?post=34124"},{"taxonomy":"product_tag","embeddable":true,"href":"https:\/\/inti.hr\/sr\/wp-json\/wp\/v2\/product_tag?post=34124"}],"curies":[{"name":"wp","href":"https:\/\/api.w.org\/{rel}","templated":true}]}}