{"id":34130,"date":"2022-03-22T10:46:02","date_gmt":"2022-03-22T10:46:02","guid":{"rendered":"https:\/\/inti.hr\/product\/zidni-ormaric-za-kupaonicu\/"},"modified":"2022-03-22T10:46:02","modified_gmt":"2022-03-22T10:46:02","slug":"zidni-ormaric-za-kupaonicu","status":"publish","type":"product","link":"https:\/\/inti.hr\/sr\/proizvod\/zidni-ormaric-za-kupaonicu\/","title":{"rendered":"Zidni ormari\u0107 za kupaonicu"},"content":{"rendered":"<p><b>Detalji o proizvodu:<\/b><br \/>\n&#8211; Boja: bijela<br \/>\n&#8211; Materijal: MDF plo\u010da<br \/>\n&#8211; Dimenzije: 60 x 71 x 18 cm (\u0160 x V x D)<br \/>\n&#8211; Dimenzije lijevog pretinca: 26 x 68 x 15 cm (\u0160 x V x D)<br \/>\n&#8211; Dimenzije svakog desnog pretinca: 26 x 21,8 x 15 cm (\u0160 x V x D)<br \/>\n&#8211; Udaljenost izme\u0111u dvije monta\u017ene rupe na stra\u017enjoj strani: 33,5 cm<br \/>\n&#8211; Neto te\u017eina: 9,52 kg<br \/>\n&#8211; Bruto te\u017eina: 10,5 kg<\/p>\n","protected":false},"excerpt":{"rendered":"<div class=\"left\">\n<ul>\n<li>Zahvaljuju\u0107i zidnoj monta\u017ei, ormar zauzima malo prostora (dimenzije: 60 &#8230;<br \/>\n","protected":false},"featured_media":34132,"template":"","meta":[],"product_cat":[2396],"product_tag":[4064,2995,2523],"yoast_head":"<!-- This site is optimized with the Yoast SEO plugin v23.7 - https:\/\/yoast.com\/wordpress\/plugins\/seo\/ -->\n<title>Zidni ormari\u0107 za kupaonicu - Inti<\/title>\n<meta name=\"description\" content=\"Zahvaljuju\u0107i zidnoj monta\u017ei, ormar zauzima malo prostora (dimenzije: 60 x 71 x 18 cm \u0160\/V\/D) - Za pri\u010dvr\u0161\u0107ivanje vise\u0107eg ormari\u0107a na zid mo\u017eete koristiti prilo\u017eene vijke i tiple. Kao rezultat toga, ormar \u0161tedi vrijedan prostor na podu i optimalno koristi visinu prostorijeNudi dovoljno prostora za pohranu za uredno postavljanje pribora - lijevo iza neprozirnih vrata: 2 pretinca s podesivom policom u 3 razine, fleksibilna za odlaganje predmeta razli\u010ditih visina; desno: 3 otvorena pretinca (dimenzije svakog pretinca: 26 x 21,8 x 15 cm \u0160\/V\/D); gore: za male ukrase kao \u0161to su saksije za biljke itd.Materijal otporan na vlagu, tako\u0111er jednostavan za \u010di\u0161\u0107enje - Zidni ormari\u0107 od MDF plo\u010de (klasa E1), povr\u0161inski tretiran lakom, otporan na vlagu i plijesan, tako\u0111er jednostavan za \u010di\u0161\u0107enjeBijeli ormari\u0107 u country stilu u kombinaciji s metalnom ru\u010dkom, fleksibilno se prilago\u0111ava svakoj prostoriji i funkciji - Ima savr\u0161enu funkcionalnost, mo\u017ee se koristiti kao kupaonski ormari\u0107, kuhinjski ormari\u0107, ormar za hodnik ili ormari\u0107 za lijekoveOlak\u0161ava monta\u017eu - Detaljne grafi\u010dke upute vode vas korak po korak do zidnog ormari\u0107a; Pojedini dijelovi su dodijeljeni slovima tako da je zabuna nemogu\u0107a\" \/>\n<meta name=\"robots\" content=\"index, follow, max-snippet:-1, max-image-preview:large, max-video-preview:-1\" \/>\n<link rel=\"canonical\" href=\"https:\/\/inti.hr\/sr\/proizvod\/zidni-ormaric-za-kupaonicu\/\" \/>\n<meta property=\"og:locale\" content=\"sr_RS\" \/>\n<meta property=\"og:type\" content=\"article\" \/>\n<meta property=\"og:title\" content=\"Zidni ormari\u0107 za kupaonicu - Inti\" \/>\n<meta property=\"og:description\" content=\"Zahvaljuju\u0107i zidnoj monta\u017ei, ormar zauzima malo prostora (dimenzije: 60 x 71 x 18 cm \u0160\/V\/D) - Za pri\u010dvr\u0161\u0107ivanje vise\u0107eg ormari\u0107a na zid mo\u017eete koristiti prilo\u017eene vijke i tiple. Kao rezultat toga, ormar \u0161tedi vrijedan prostor na podu i optimalno koristi visinu prostorijeNudi dovoljno prostora za pohranu za uredno postavljanje pribora - lijevo iza neprozirnih vrata: 2 pretinca s podesivom policom u 3 razine, fleksibilna za odlaganje predmeta razli\u010ditih visina; desno: 3 otvorena pretinca (dimenzije svakog pretinca: 26 x 21,8 x 15 cm \u0160\/V\/D); gore: za male ukrase kao \u0161to su saksije za biljke itd.Materijal otporan na vlagu, tako\u0111er jednostavan za \u010di\u0161\u0107enje - Zidni ormari\u0107 od MDF plo\u010de (klasa E1), povr\u0161inski tretiran lakom, otporan na vlagu i plijesan, tako\u0111er jednostavan za \u010di\u0161\u0107enjeBijeli ormari\u0107 u country stilu u kombinaciji s metalnom ru\u010dkom, fleksibilno se prilago\u0111ava svakoj prostoriji i funkciji - Ima savr\u0161enu funkcionalnost, mo\u017ee se koristiti kao kupaonski ormari\u0107, kuhinjski ormari\u0107, ormar za hodnik ili ormari\u0107 za lijekoveOlak\u0161ava monta\u017eu - Detaljne grafi\u010dke upute vode vas korak po korak do zidnog ormari\u0107a; Pojedini dijelovi su dodijeljeni slovima tako da je zabuna nemogu\u0107a\" \/>\n<meta property=\"og:url\" content=\"https:\/\/inti.hr\/sr\/proizvod\/zidni-ormaric-za-kupaonicu\/\" \/>\n<meta property=\"og:site_name\" content=\"Inti\" \/>\n<meta property=\"og:image\" content=\"https:\/\/i0.wp.com\/inti.hr\/wp-content\/uploads\/2022\/03\/71ioiPhlsOL._AC_SL1500_.jpg?fit=1500%2C1500&ssl=1\" \/>\n\t<meta property=\"og:image:width\" content=\"1500\" \/>\n\t<meta property=\"og:image:height\" content=\"1500\" \/>\n\t<meta property=\"og:image:type\" content=\"image\/jpeg\" \/>\n<meta name=\"twitter:card\" content=\"summary_large_image\" \/>\n<script type=\"application\/ld+json\" class=\"yoast-schema-graph\">{\"@context\":\"https:\/\/schema.org\",\"@graph\":[{\"@type\":\"WebPage\",\"@id\":\"https:\/\/inti.hr\/sr\/proizvod\/zidni-ormaric-za-kupaonicu\/\",\"url\":\"https:\/\/inti.hr\/sr\/proizvod\/zidni-ormaric-za-kupaonicu\/\",\"name\":\"Zidni ormari\u0107 za kupaonicu - Inti\",\"isPartOf\":{\"@id\":\"https:\/\/inti.hr\/sr\/#website\"},\"primaryImageOfPage\":{\"@id\":\"https:\/\/inti.hr\/sr\/proizvod\/zidni-ormaric-za-kupaonicu\/#primaryimage\"},\"image\":{\"@id\":\"https:\/\/inti.hr\/sr\/proizvod\/zidni-ormaric-za-kupaonicu\/#primaryimage\"},\"thumbnailUrl\":\"https:\/\/i0.wp.com\/inti.hr\/wp-content\/uploads\/2022\/03\/71ioiPhlsOL._AC_SL1500_.jpg?fit=1500%2C1500&ssl=1\",\"datePublished\":\"2022-03-22T10:46:02+00:00\",\"dateModified\":\"2022-03-22T10:46:02+00:00\",\"description\":\"Zahvaljuju\u0107i zidnoj monta\u017ei, ormar zauzima malo prostora (dimenzije: 60 x 71 x 18 cm \u0160\/V\/D) - Za pri\u010dvr\u0161\u0107ivanje vise\u0107eg ormari\u0107a na zid mo\u017eete koristiti prilo\u017eene vijke i tiple. Kao rezultat toga, ormar \u0161tedi vrijedan prostor na podu i optimalno koristi visinu prostorijeNudi dovoljno prostora za pohranu za uredno postavljanje pribora - lijevo iza neprozirnih vrata: 2 pretinca s podesivom policom u 3 razine, fleksibilna za odlaganje predmeta razli\u010ditih visina; desno: 3 otvorena pretinca (dimenzije svakog pretinca: 26 x 21,8 x 15 cm \u0160\/V\/D); gore: za male ukrase kao \u0161to su saksije za biljke itd.Materijal otporan na vlagu, tako\u0111er jednostavan za \u010di\u0161\u0107enje - Zidni ormari\u0107 od MDF plo\u010de (klasa E1), povr\u0161inski tretiran lakom, otporan na vlagu i plijesan, tako\u0111er jednostavan za \u010di\u0161\u0107enjeBijeli ormari\u0107 u country stilu u kombinaciji s metalnom ru\u010dkom, fleksibilno se prilago\u0111ava svakoj prostoriji i funkciji - Ima savr\u0161enu funkcionalnost, mo\u017ee se koristiti kao kupaonski ormari\u0107, kuhinjski ormari\u0107, ormar za hodnik ili ormari\u0107 za lijekoveOlak\u0161ava monta\u017eu - Detaljne grafi\u010dke upute vode vas korak po korak do zidnog ormari\u0107a; Pojedini dijelovi su dodijeljeni slovima tako da je zabuna nemogu\u0107a\",\"breadcrumb\":{\"@id\":\"https:\/\/inti.hr\/sr\/proizvod\/zidni-ormaric-za-kupaonicu\/#breadcrumb\"},\"inLanguage\":\"sr-RS\",\"potentialAction\":[{\"@type\":\"ReadAction\",\"target\":[\"https:\/\/inti.hr\/sr\/proizvod\/zidni-ormaric-za-kupaonicu\/\"]}]},{\"@type\":\"ImageObject\",\"inLanguage\":\"sr-RS\",\"@id\":\"https:\/\/inti.hr\/sr\/proizvod\/zidni-ormaric-za-kupaonicu\/#primaryimage\",\"url\":\"https:\/\/i0.wp.com\/inti.hr\/wp-content\/uploads\/2022\/03\/71ioiPhlsOL._AC_SL1500_.jpg?fit=1500%2C1500&ssl=1\",\"contentUrl\":\"https:\/\/i0.wp.com\/inti.hr\/wp-content\/uploads\/2022\/03\/71ioiPhlsOL._AC_SL1500_.jpg?fit=1500%2C1500&ssl=1\",\"width\":1500,\"height\":1500},{\"@type\":\"BreadcrumbList\",\"@id\":\"https:\/\/inti.hr\/sr\/proizvod\/zidni-ormaric-za-kupaonicu\/#breadcrumb\",\"itemListElement\":[{\"@type\":\"ListItem\",\"position\":1,\"name\":\"Po\u010detna stranica\",\"item\":\"https:\/\/inti.hr\/sr\/\"},{\"@type\":\"ListItem\",\"position\":2,\"name\":\"Prodavnica\",\"item\":\"https:\/\/inti.hr\/sr\/prodavnica\/\"},{\"@type\":\"ListItem\",\"position\":3,\"name\":\"Zidni ormari\u0107 za kupaonicu\"}]},{\"@type\":\"WebSite\",\"@id\":\"https:\/\/inti.hr\/sr\/#website\",\"url\":\"https:\/\/inti.hr\/sr\/\",\"name\":\"Inti\",\"description\":\"trgovina\",\"potentialAction\":[{\"@type\":\"SearchAction\",\"target\":{\"@type\":\"EntryPoint\",\"urlTemplate\":\"https:\/\/inti.hr\/sr\/?s={search_term_string}\"},\"query-input\":{\"@type\":\"PropertyValueSpecification\",\"valueRequired\":true,\"valueName\":\"search_term_string\"}}],\"inLanguage\":\"sr-RS\"}]}<\/script>\n<!-- \/ Yoast SEO plugin. -->","yoast_head_json":{"title":"Zidni ormari\u0107 za kupaonicu - Inti","description":"Zahvaljuju\u0107i zidnoj monta\u017ei, ormar zauzima malo prostora (dimenzije: 60 x 71 x 18 cm \u0160\/V\/D) - Za pri\u010dvr\u0161\u0107ivanje vise\u0107eg ormari\u0107a na zid mo\u017eete koristiti prilo\u017eene vijke i tiple. Kao rezultat toga, ormar \u0161tedi vrijedan prostor na podu i optimalno koristi visinu prostorijeNudi dovoljno prostora za pohranu za uredno postavljanje pribora - lijevo iza neprozirnih vrata: 2 pretinca s podesivom policom u 3 razine, fleksibilna za odlaganje predmeta razli\u010ditih visina; desno: 3 otvorena pretinca (dimenzije svakog pretinca: 26 x 21,8 x 15 cm \u0160\/V\/D); gore: za male ukrase kao \u0161to su saksije za biljke itd.Materijal otporan na vlagu, tako\u0111er jednostavan za \u010di\u0161\u0107enje - Zidni ormari\u0107 od MDF plo\u010de (klasa E1), povr\u0161inski tretiran lakom, otporan na vlagu i plijesan, tako\u0111er jednostavan za \u010di\u0161\u0107enjeBijeli ormari\u0107 u country stilu u kombinaciji s metalnom ru\u010dkom, fleksibilno se prilago\u0111ava svakoj prostoriji i funkciji - Ima savr\u0161enu funkcionalnost, mo\u017ee se koristiti kao kupaonski ormari\u0107, kuhinjski ormari\u0107, ormar za hodnik ili ormari\u0107 za lijekoveOlak\u0161ava monta\u017eu - Detaljne grafi\u010dke upute vode vas korak po korak do zidnog ormari\u0107a; Pojedini dijelovi su dodijeljeni slovima tako da je zabuna nemogu\u0107a","robots":{"index":"index","follow":"follow","max-snippet":"max-snippet:-1","max-image-preview":"max-image-preview:large","max-video-preview":"max-video-preview:-1"},"canonical":"https:\/\/inti.hr\/sr\/proizvod\/zidni-ormaric-za-kupaonicu\/","og_locale":"sr_RS","og_type":"article","og_title":"Zidni ormari\u0107 za kupaonicu - Inti","og_description":"Zahvaljuju\u0107i zidnoj monta\u017ei, ormar zauzima malo prostora (dimenzije: 60 x 71 x 18 cm \u0160\/V\/D) - Za pri\u010dvr\u0161\u0107ivanje vise\u0107eg ormari\u0107a na zid mo\u017eete koristiti prilo\u017eene vijke i tiple. Kao rezultat toga, ormar \u0161tedi vrijedan prostor na podu i optimalno koristi visinu prostorijeNudi dovoljno prostora za pohranu za uredno postavljanje pribora - lijevo iza neprozirnih vrata: 2 pretinca s podesivom policom u 3 razine, fleksibilna za odlaganje predmeta razli\u010ditih visina; desno: 3 otvorena pretinca (dimenzije svakog pretinca: 26 x 21,8 x 15 cm \u0160\/V\/D); gore: za male ukrase kao \u0161to su saksije za biljke itd.Materijal otporan na vlagu, tako\u0111er jednostavan za \u010di\u0161\u0107enje - Zidni ormari\u0107 od MDF plo\u010de (klasa E1), povr\u0161inski tretiran lakom, otporan na vlagu i plijesan, tako\u0111er jednostavan za \u010di\u0161\u0107enjeBijeli ormari\u0107 u country stilu u kombinaciji s metalnom ru\u010dkom, fleksibilno se prilago\u0111ava svakoj prostoriji i funkciji - Ima savr\u0161enu funkcionalnost, mo\u017ee se koristiti kao kupaonski ormari\u0107, kuhinjski ormari\u0107, ormar za hodnik ili ormari\u0107 za lijekoveOlak\u0161ava monta\u017eu - Detaljne grafi\u010dke upute vode vas korak po korak do zidnog ormari\u0107a; Pojedini dijelovi su dodijeljeni slovima tako da je zabuna nemogu\u0107a","og_url":"https:\/\/inti.hr\/sr\/proizvod\/zidni-ormaric-za-kupaonicu\/","og_site_name":"Inti","og_image":[{"width":1500,"height":1500,"url":"https:\/\/i0.wp.com\/inti.hr\/wp-content\/uploads\/2022\/03\/71ioiPhlsOL._AC_SL1500_.jpg?fit=1500%2C1500&ssl=1","type":"image\/jpeg"}],"twitter_card":"summary_large_image","schema":{"@context":"https:\/\/schema.org","@graph":[{"@type":"WebPage","@id":"https:\/\/inti.hr\/sr\/proizvod\/zidni-ormaric-za-kupaonicu\/","url":"https:\/\/inti.hr\/sr\/proizvod\/zidni-ormaric-za-kupaonicu\/","name":"Zidni ormari\u0107 za kupaonicu - Inti","isPartOf":{"@id":"https:\/\/inti.hr\/sr\/#website"},"primaryImageOfPage":{"@id":"https:\/\/inti.hr\/sr\/proizvod\/zidni-ormaric-za-kupaonicu\/#primaryimage"},"image":{"@id":"https:\/\/inti.hr\/sr\/proizvod\/zidni-ormaric-za-kupaonicu\/#primaryimage"},"thumbnailUrl":"https:\/\/i0.wp.com\/inti.hr\/wp-content\/uploads\/2022\/03\/71ioiPhlsOL._AC_SL1500_.jpg?fit=1500%2C1500&ssl=1","datePublished":"2022-03-22T10:46:02+00:00","dateModified":"2022-03-22T10:46:02+00:00","description":"Zahvaljuju\u0107i zidnoj monta\u017ei, ormar zauzima malo prostora (dimenzije: 60 x 71 x 18 cm \u0160\/V\/D) - Za pri\u010dvr\u0161\u0107ivanje vise\u0107eg ormari\u0107a na zid mo\u017eete koristiti prilo\u017eene vijke i tiple. Kao rezultat toga, ormar \u0161tedi vrijedan prostor na podu i optimalno koristi visinu prostorijeNudi dovoljno prostora za pohranu za uredno postavljanje pribora - lijevo iza neprozirnih vrata: 2 pretinca s podesivom policom u 3 razine, fleksibilna za odlaganje predmeta razli\u010ditih visina; desno: 3 otvorena pretinca (dimenzije svakog pretinca: 26 x 21,8 x 15 cm \u0160\/V\/D); gore: za male ukrase kao \u0161to su saksije za biljke itd.Materijal otporan na vlagu, tako\u0111er jednostavan za \u010di\u0161\u0107enje - Zidni ormari\u0107 od MDF plo\u010de (klasa E1), povr\u0161inski tretiran lakom, otporan na vlagu i plijesan, tako\u0111er jednostavan za \u010di\u0161\u0107enjeBijeli ormari\u0107 u country stilu u kombinaciji s metalnom ru\u010dkom, fleksibilno se prilago\u0111ava svakoj prostoriji i funkciji - Ima savr\u0161enu funkcionalnost, mo\u017ee se koristiti kao kupaonski ormari\u0107, kuhinjski ormari\u0107, ormar za hodnik ili ormari\u0107 za lijekoveOlak\u0161ava monta\u017eu - Detaljne grafi\u010dke upute vode vas korak po korak do zidnog ormari\u0107a; Pojedini dijelovi su dodijeljeni slovima tako da je zabuna nemogu\u0107a","breadcrumb":{"@id":"https:\/\/inti.hr\/sr\/proizvod\/zidni-ormaric-za-kupaonicu\/#breadcrumb"},"inLanguage":"sr-RS","potentialAction":[{"@type":"ReadAction","target":["https:\/\/inti.hr\/sr\/proizvod\/zidni-ormaric-za-kupaonicu\/"]}]},{"@type":"ImageObject","inLanguage":"sr-RS","@id":"https:\/\/inti.hr\/sr\/proizvod\/zidni-ormaric-za-kupaonicu\/#primaryimage","url":"https:\/\/i0.wp.com\/inti.hr\/wp-content\/uploads\/2022\/03\/71ioiPhlsOL._AC_SL1500_.jpg?fit=1500%2C1500&ssl=1","contentUrl":"https:\/\/i0.wp.com\/inti.hr\/wp-content\/uploads\/2022\/03\/71ioiPhlsOL._AC_SL1500_.jpg?fit=1500%2C1500&ssl=1","width":1500,"height":1500},{"@type":"BreadcrumbList","@id":"https:\/\/inti.hr\/sr\/proizvod\/zidni-ormaric-za-kupaonicu\/#breadcrumb","itemListElement":[{"@type":"ListItem","position":1,"name":"Po\u010detna stranica","item":"https:\/\/inti.hr\/sr\/"},{"@type":"ListItem","position":2,"name":"Prodavnica","item":"https:\/\/inti.hr\/sr\/prodavnica\/"},{"@type":"ListItem","position":3,"name":"Zidni ormari\u0107 za kupaonicu"}]},{"@type":"WebSite","@id":"https:\/\/inti.hr\/sr\/#website","url":"https:\/\/inti.hr\/sr\/","name":"Inti","description":"trgovina","potentialAction":[{"@type":"SearchAction","target":{"@type":"EntryPoint","urlTemplate":"https:\/\/inti.hr\/sr\/?s={search_term_string}"},"query-input":{"@type":"PropertyValueSpecification","valueRequired":true,"valueName":"search_term_string"}}],"inLanguage":"sr-RS"}]}},"jetpack_sharing_enabled":true,"jetpack-related-posts":[],"_links":{"self":[{"href":"https:\/\/inti.hr\/sr\/wp-json\/wp\/v2\/product\/34130"}],"collection":[{"href":"https:\/\/inti.hr\/sr\/wp-json\/wp\/v2\/product"}],"about":[{"href":"https:\/\/inti.hr\/sr\/wp-json\/wp\/v2\/types\/product"}],"wp:featuredmedia":[{"embeddable":true,"href":"https:\/\/inti.hr\/sr\/wp-json\/wp\/v2\/media\/34132"}],"wp:attachment":[{"href":"https:\/\/inti.hr\/sr\/wp-json\/wp\/v2\/media?parent=34130"}],"wp:term":[{"taxonomy":"product_cat","embeddable":true,"href":"https:\/\/inti.hr\/sr\/wp-json\/wp\/v2\/product_cat?post=34130"},{"taxonomy":"product_tag","embeddable":true,"href":"https:\/\/inti.hr\/sr\/wp-json\/wp\/v2\/product_tag?post=34130"}],"curies":[{"name":"wp","href":"https:\/\/api.w.org\/{rel}","templated":true}]}}