{"id":34213,"date":"2022-02-14T11:04:43","date_gmt":"2022-02-14T11:04:43","guid":{"rendered":"https:\/\/inti.hr\/product\/2-kom-barsunaste-kuhinjske-stolice-model-elif\/"},"modified":"2022-02-14T11:04:43","modified_gmt":"2022-02-14T11:04:43","slug":"2-kom-barsunaste-kuhinjske-stolice-model-elif","status":"publish","type":"product","link":"https:\/\/inti.hr\/sr\/proizvod\/2-kom-barsunaste-kuhinjske-stolice-model-elif\/","title":{"rendered":"2 kom bar\u0161unaste kuhinjske stolice &#8211; Model Elif"},"content":{"rendered":"<p>Detalji proizvoda:<\/p>\n<ul>\n<li>Materijal okvira: metal<\/li>\n<li>Materijal sjedala: bar\u0161un<\/li>\n<li>Ukupna visina: ca.\u00a085,5 cm<\/li>\n<li>Visina sjedala ca.\u00a046,5 cm<\/li>\n<li>Povr\u0161ina sjedala: ca.\u00a046 x 40 cm (\u0160 x D)<\/li>\n<li>Visina naslona: ca.\u00a038,5 cm<\/li>\n<li>Nosivost: ca.\u00a0100 kg<\/li>\n<li>Boja: Pogledajte varijante<\/li>\n<li>Opseg isporuke: 2 x stolice za blagovanje + 1 x upute<\/li>\n<li>Dolazi u 9 boja<\/li>\n<\/ul>\n","protected":false},"excerpt":{"rendered":"<ul>\n<li>Debelo podstavljeno bar\u0161unasto sjedalo<\/li>\n<li>Zajam\u010deno dug \u017eivot zahvaljuju\u0107i metalnom okviru<\/li>\n<p> &#8230; <\/p>\n","protected":false},"featured_media":34215,"template":"","meta":[],"product_cat":[2573],"product_tag":[3608,2593,2591],"yoast_head":"<!-- This site is optimized with the Yoast SEO plugin v23.7 - https:\/\/yoast.com\/wordpress\/plugins\/seo\/ -->\n<title>2 kom bar\u0161unaste kuhinjske stolice - Model Elif - Inti<\/title>\n<meta name=\"description\" content=\"Debelo podstavljeno bar\u0161unasto sjedaloZajam\u010deno dug \u017eivot zahvaljuju\u0107i metalnom okviruUgodan osje\u0107aj sjedenjaPodni za\u0161titni jastu\u010di\u0107i otporni na ogrebotineErgonomski zaobljeni kutovi i ruboviJednostavan za odr\u017eavanjeStabilna i kvalitetna izradaJednostavna i brza instalacija\" \/>\n<meta name=\"robots\" content=\"index, follow, max-snippet:-1, max-image-preview:large, max-video-preview:-1\" \/>\n<link rel=\"canonical\" href=\"https:\/\/inti.hr\/sr\/proizvod\/2-kom-barsunaste-kuhinjske-stolice-model-elif\/\" \/>\n<meta property=\"og:locale\" content=\"sr_RS\" \/>\n<meta property=\"og:type\" content=\"article\" \/>\n<meta property=\"og:title\" content=\"2 kom bar\u0161unaste kuhinjske stolice - Model Elif - Inti\" \/>\n<meta property=\"og:description\" content=\"Debelo podstavljeno bar\u0161unasto sjedaloZajam\u010deno dug \u017eivot zahvaljuju\u0107i metalnom okviruUgodan osje\u0107aj sjedenjaPodni za\u0161titni jastu\u010di\u0107i otporni na ogrebotineErgonomski zaobljeni kutovi i ruboviJednostavan za odr\u017eavanjeStabilna i kvalitetna izradaJednostavna i brza instalacija\" \/>\n<meta property=\"og:url\" content=\"https:\/\/inti.hr\/sr\/proizvod\/2-kom-barsunaste-kuhinjske-stolice-model-elif\/\" \/>\n<meta property=\"og:site_name\" content=\"Inti\" \/>\n<meta property=\"og:image\" content=\"https:\/\/i0.wp.com\/inti.hr\/wp-content\/uploads\/2022\/02\/2er-Set-Kuechenstuhl-mit-Rueckenlehne-aus-Samt-Metallbeine-BH142rs-2_2.jpg?fit=1280%2C1280&ssl=1\" \/>\n\t<meta property=\"og:image:width\" content=\"1280\" \/>\n\t<meta property=\"og:image:height\" content=\"1280\" \/>\n\t<meta property=\"og:image:type\" content=\"image\/jpeg\" \/>\n<meta name=\"twitter:card\" content=\"summary_large_image\" \/>\n<script type=\"application\/ld+json\" class=\"yoast-schema-graph\">{\"@context\":\"https:\/\/schema.org\",\"@graph\":[{\"@type\":\"WebPage\",\"@id\":\"https:\/\/inti.hr\/sr\/proizvod\/2-kom-barsunaste-kuhinjske-stolice-model-elif\/\",\"url\":\"https:\/\/inti.hr\/sr\/proizvod\/2-kom-barsunaste-kuhinjske-stolice-model-elif\/\",\"name\":\"2 kom bar\u0161unaste kuhinjske stolice - Model Elif - Inti\",\"isPartOf\":{\"@id\":\"https:\/\/inti.hr\/sr\/#website\"},\"primaryImageOfPage\":{\"@id\":\"https:\/\/inti.hr\/sr\/proizvod\/2-kom-barsunaste-kuhinjske-stolice-model-elif\/#primaryimage\"},\"image\":{\"@id\":\"https:\/\/inti.hr\/sr\/proizvod\/2-kom-barsunaste-kuhinjske-stolice-model-elif\/#primaryimage\"},\"thumbnailUrl\":\"https:\/\/i0.wp.com\/inti.hr\/wp-content\/uploads\/2022\/02\/2er-Set-Kuechenstuhl-mit-Rueckenlehne-aus-Samt-Metallbeine-BH142rs-2_2.jpg?fit=1280%2C1280&ssl=1\",\"datePublished\":\"2022-02-14T11:04:43+00:00\",\"dateModified\":\"2022-02-14T11:04:43+00:00\",\"description\":\"Debelo podstavljeno bar\u0161unasto sjedaloZajam\u010deno dug \u017eivot zahvaljuju\u0107i metalnom okviruUgodan osje\u0107aj sjedenjaPodni za\u0161titni jastu\u010di\u0107i otporni na ogrebotineErgonomski zaobljeni kutovi i ruboviJednostavan za odr\u017eavanjeStabilna i kvalitetna izradaJednostavna i brza instalacija\",\"breadcrumb\":{\"@id\":\"https:\/\/inti.hr\/sr\/proizvod\/2-kom-barsunaste-kuhinjske-stolice-model-elif\/#breadcrumb\"},\"inLanguage\":\"sr-RS\",\"potentialAction\":[{\"@type\":\"ReadAction\",\"target\":[\"https:\/\/inti.hr\/sr\/proizvod\/2-kom-barsunaste-kuhinjske-stolice-model-elif\/\"]}]},{\"@type\":\"ImageObject\",\"inLanguage\":\"sr-RS\",\"@id\":\"https:\/\/inti.hr\/sr\/proizvod\/2-kom-barsunaste-kuhinjske-stolice-model-elif\/#primaryimage\",\"url\":\"https:\/\/i0.wp.com\/inti.hr\/wp-content\/uploads\/2022\/02\/2er-Set-Kuechenstuhl-mit-Rueckenlehne-aus-Samt-Metallbeine-BH142rs-2_2.jpg?fit=1280%2C1280&ssl=1\",\"contentUrl\":\"https:\/\/i0.wp.com\/inti.hr\/wp-content\/uploads\/2022\/02\/2er-Set-Kuechenstuhl-mit-Rueckenlehne-aus-Samt-Metallbeine-BH142rs-2_2.jpg?fit=1280%2C1280&ssl=1\",\"width\":1280,\"height\":1280,\"caption\":\"2 kom bar\u0161unaste kuhinjske stolice\"},{\"@type\":\"BreadcrumbList\",\"@id\":\"https:\/\/inti.hr\/sr\/proizvod\/2-kom-barsunaste-kuhinjske-stolice-model-elif\/#breadcrumb\",\"itemListElement\":[{\"@type\":\"ListItem\",\"position\":1,\"name\":\"Po\u010detna stranica\",\"item\":\"https:\/\/inti.hr\/sr\/\"},{\"@type\":\"ListItem\",\"position\":2,\"name\":\"Prodavnica\",\"item\":\"https:\/\/inti.hr\/sr\/prodavnica\/\"},{\"@type\":\"ListItem\",\"position\":3,\"name\":\"2 kom bar\u0161unaste kuhinjske stolice &#8211; Model Elif\"}]},{\"@type\":\"WebSite\",\"@id\":\"https:\/\/inti.hr\/sr\/#website\",\"url\":\"https:\/\/inti.hr\/sr\/\",\"name\":\"Inti\",\"description\":\"trgovina\",\"potentialAction\":[{\"@type\":\"SearchAction\",\"target\":{\"@type\":\"EntryPoint\",\"urlTemplate\":\"https:\/\/inti.hr\/sr\/?s={search_term_string}\"},\"query-input\":{\"@type\":\"PropertyValueSpecification\",\"valueRequired\":true,\"valueName\":\"search_term_string\"}}],\"inLanguage\":\"sr-RS\"}]}<\/script>\n<!-- \/ Yoast SEO plugin. -->","yoast_head_json":{"title":"2 kom bar\u0161unaste kuhinjske stolice - Model Elif - Inti","description":"Debelo podstavljeno bar\u0161unasto sjedaloZajam\u010deno dug \u017eivot zahvaljuju\u0107i metalnom okviruUgodan osje\u0107aj sjedenjaPodni za\u0161titni jastu\u010di\u0107i otporni na ogrebotineErgonomski zaobljeni kutovi i ruboviJednostavan za odr\u017eavanjeStabilna i kvalitetna izradaJednostavna i brza instalacija","robots":{"index":"index","follow":"follow","max-snippet":"max-snippet:-1","max-image-preview":"max-image-preview:large","max-video-preview":"max-video-preview:-1"},"canonical":"https:\/\/inti.hr\/sr\/proizvod\/2-kom-barsunaste-kuhinjske-stolice-model-elif\/","og_locale":"sr_RS","og_type":"article","og_title":"2 kom bar\u0161unaste kuhinjske stolice - Model Elif - Inti","og_description":"Debelo podstavljeno bar\u0161unasto sjedaloZajam\u010deno dug \u017eivot zahvaljuju\u0107i metalnom okviruUgodan osje\u0107aj sjedenjaPodni za\u0161titni jastu\u010di\u0107i otporni na ogrebotineErgonomski zaobljeni kutovi i ruboviJednostavan za odr\u017eavanjeStabilna i kvalitetna izradaJednostavna i brza instalacija","og_url":"https:\/\/inti.hr\/sr\/proizvod\/2-kom-barsunaste-kuhinjske-stolice-model-elif\/","og_site_name":"Inti","og_image":[{"width":1280,"height":1280,"url":"https:\/\/i0.wp.com\/inti.hr\/wp-content\/uploads\/2022\/02\/2er-Set-Kuechenstuhl-mit-Rueckenlehne-aus-Samt-Metallbeine-BH142rs-2_2.jpg?fit=1280%2C1280&ssl=1","type":"image\/jpeg"}],"twitter_card":"summary_large_image","schema":{"@context":"https:\/\/schema.org","@graph":[{"@type":"WebPage","@id":"https:\/\/inti.hr\/sr\/proizvod\/2-kom-barsunaste-kuhinjske-stolice-model-elif\/","url":"https:\/\/inti.hr\/sr\/proizvod\/2-kom-barsunaste-kuhinjske-stolice-model-elif\/","name":"2 kom bar\u0161unaste kuhinjske stolice - Model Elif - Inti","isPartOf":{"@id":"https:\/\/inti.hr\/sr\/#website"},"primaryImageOfPage":{"@id":"https:\/\/inti.hr\/sr\/proizvod\/2-kom-barsunaste-kuhinjske-stolice-model-elif\/#primaryimage"},"image":{"@id":"https:\/\/inti.hr\/sr\/proizvod\/2-kom-barsunaste-kuhinjske-stolice-model-elif\/#primaryimage"},"thumbnailUrl":"https:\/\/i0.wp.com\/inti.hr\/wp-content\/uploads\/2022\/02\/2er-Set-Kuechenstuhl-mit-Rueckenlehne-aus-Samt-Metallbeine-BH142rs-2_2.jpg?fit=1280%2C1280&ssl=1","datePublished":"2022-02-14T11:04:43+00:00","dateModified":"2022-02-14T11:04:43+00:00","description":"Debelo podstavljeno bar\u0161unasto sjedaloZajam\u010deno dug \u017eivot zahvaljuju\u0107i metalnom okviruUgodan osje\u0107aj sjedenjaPodni za\u0161titni jastu\u010di\u0107i otporni na ogrebotineErgonomski zaobljeni kutovi i ruboviJednostavan za odr\u017eavanjeStabilna i kvalitetna izradaJednostavna i brza instalacija","breadcrumb":{"@id":"https:\/\/inti.hr\/sr\/proizvod\/2-kom-barsunaste-kuhinjske-stolice-model-elif\/#breadcrumb"},"inLanguage":"sr-RS","potentialAction":[{"@type":"ReadAction","target":["https:\/\/inti.hr\/sr\/proizvod\/2-kom-barsunaste-kuhinjske-stolice-model-elif\/"]}]},{"@type":"ImageObject","inLanguage":"sr-RS","@id":"https:\/\/inti.hr\/sr\/proizvod\/2-kom-barsunaste-kuhinjske-stolice-model-elif\/#primaryimage","url":"https:\/\/i0.wp.com\/inti.hr\/wp-content\/uploads\/2022\/02\/2er-Set-Kuechenstuhl-mit-Rueckenlehne-aus-Samt-Metallbeine-BH142rs-2_2.jpg?fit=1280%2C1280&ssl=1","contentUrl":"https:\/\/i0.wp.com\/inti.hr\/wp-content\/uploads\/2022\/02\/2er-Set-Kuechenstuhl-mit-Rueckenlehne-aus-Samt-Metallbeine-BH142rs-2_2.jpg?fit=1280%2C1280&ssl=1","width":1280,"height":1280,"caption":"2 kom bar\u0161unaste kuhinjske stolice"},{"@type":"BreadcrumbList","@id":"https:\/\/inti.hr\/sr\/proizvod\/2-kom-barsunaste-kuhinjske-stolice-model-elif\/#breadcrumb","itemListElement":[{"@type":"ListItem","position":1,"name":"Po\u010detna stranica","item":"https:\/\/inti.hr\/sr\/"},{"@type":"ListItem","position":2,"name":"Prodavnica","item":"https:\/\/inti.hr\/sr\/prodavnica\/"},{"@type":"ListItem","position":3,"name":"2 kom bar\u0161unaste kuhinjske stolice &#8211; Model Elif"}]},{"@type":"WebSite","@id":"https:\/\/inti.hr\/sr\/#website","url":"https:\/\/inti.hr\/sr\/","name":"Inti","description":"trgovina","potentialAction":[{"@type":"SearchAction","target":{"@type":"EntryPoint","urlTemplate":"https:\/\/inti.hr\/sr\/?s={search_term_string}"},"query-input":{"@type":"PropertyValueSpecification","valueRequired":true,"valueName":"search_term_string"}}],"inLanguage":"sr-RS"}]}},"jetpack_sharing_enabled":true,"jetpack-related-posts":[],"_links":{"self":[{"href":"https:\/\/inti.hr\/sr\/wp-json\/wp\/v2\/product\/34213"}],"collection":[{"href":"https:\/\/inti.hr\/sr\/wp-json\/wp\/v2\/product"}],"about":[{"href":"https:\/\/inti.hr\/sr\/wp-json\/wp\/v2\/types\/product"}],"wp:featuredmedia":[{"embeddable":true,"href":"https:\/\/inti.hr\/sr\/wp-json\/wp\/v2\/media\/34215"}],"wp:attachment":[{"href":"https:\/\/inti.hr\/sr\/wp-json\/wp\/v2\/media?parent=34213"}],"wp:term":[{"taxonomy":"product_cat","embeddable":true,"href":"https:\/\/inti.hr\/sr\/wp-json\/wp\/v2\/product_cat?post=34213"},{"taxonomy":"product_tag","embeddable":true,"href":"https:\/\/inti.hr\/sr\/wp-json\/wp\/v2\/product_tag?post=34213"}],"curies":[{"name":"wp","href":"https:\/\/api.w.org\/{rel}","templated":true}]}}