{"id":34290,"date":"2022-02-02T09:51:51","date_gmt":"2022-02-02T09:51:51","guid":{"rendered":"https:\/\/inti.hr\/product\/toaletni-stolic-sa-ogledalom-sa-led-rasvjetom-2-ladice-bijela-i-zlatna\/"},"modified":"2022-02-02T09:51:51","modified_gmt":"2022-02-02T09:51:51","slug":"toaletni-stolic-sa-ogledalom-sa-led-rasvjetom-2-ladice-bijela-i-zlatna","status":"publish","type":"product","link":"https:\/\/inti.hr\/sr\/proizvod\/toaletni-stolic-sa-ogledalom-sa-led-rasvjetom-2-ladice-bijela-i-zlatna\/","title":{"rendered":"Toaletni stoli\u0107 sa ogledalom sa LED rasvjetom"},"content":{"rendered":"<p>Detalji proizvoda:<\/p>\n<ul class=\"a-unordered-list a-vertical\">\n<li>LED rasvjeta: 10 lampi, napaja se USB kabelom (pri\u010dvr\u0161\u0107uje se na ogledalo prozirnom vakuumskom \u010da\u0161om)<\/li>\n<li>Dimenzije toaletnog stoli\u0107a: 45 x 136 x 90 cm (\u0160 x V x D)<\/li>\n<li>Dimenzije ogledala: 45&#215;61 cm (D x V)<\/li>\n<li>Maksimalna nosivost toaletnog stoli\u0107a: 50 kg<\/li>\n<li>Neto te\u017eina: 26,3 kg<\/li>\n<li>Bruto te\u017eina: 28,8 kg<\/li>\n<\/ul>\n","protected":false},"excerpt":{"rendered":"<ul>\n<li>\u00a0Toaletni stoli\u0107 nudi puno prostora za sortiranje i organiziranje va\u0161ih &#8230;<br \/>\n","protected":false},"featured_media":34292,"template":"","meta":[],"product_cat":[2416],"product_tag":[4089],"yoast_head":"<!-- This site is optimized with the Yoast SEO plugin v23.7 - https:\/\/yoast.com\/wordpress\/plugins\/seo\/ -->\n<title>Toaletni stoli\u0107 sa ogledalom sa LED rasvjetom - Inti<\/title>\n<meta name=\"description\" content=\"WOLTU toaletni stoli\u0107 nudi puno prostora za sortiranje i organiziranje va\u0161ih proizvoda za njegu ko\u017ee i kozmetike. Uz pravo svjetlo mo\u017eete upotpuniti besprijekoran make-up, na\u0161 toaletni stoli\u0107 s ogledalom osmislio je to za vas! WOLTU toaletni stoli\u0107 sastoji se od melaminskih plo\u010da klase E1 i visokokvalitetnog metalnog okvira. Plo\u010da ovog toaletnog stoli\u0107a ima mat dizajn, koji je jednostavan i prakti\u010dan. Koraci sastavljanja su jasni i lako razumljivi, a monta\u017eu mo\u017eete dovr\u0161iti brzo.\" \/>\n<meta name=\"robots\" content=\"index, follow, max-snippet:-1, max-image-preview:large, max-video-preview:-1\" \/>\n<link rel=\"canonical\" href=\"https:\/\/inti.hr\/sr\/proizvod\/toaletni-stolic-sa-ogledalom-sa-led-rasvjetom-2-ladice-bijela-i-zlatna\/\" \/>\n<meta property=\"og:locale\" content=\"sr_RS\" \/>\n<meta property=\"og:type\" content=\"article\" \/>\n<meta property=\"og:title\" content=\"Toaletni stoli\u0107 sa ogledalom sa LED rasvjetom - Inti\" \/>\n<meta property=\"og:description\" content=\"WOLTU toaletni stoli\u0107 nudi puno prostora za sortiranje i organiziranje va\u0161ih proizvoda za njegu ko\u017ee i kozmetike. Uz pravo svjetlo mo\u017eete upotpuniti besprijekoran make-up, na\u0161 toaletni stoli\u0107 s ogledalom osmislio je to za vas! WOLTU toaletni stoli\u0107 sastoji se od melaminskih plo\u010da klase E1 i visokokvalitetnog metalnog okvira. Plo\u010da ovog toaletnog stoli\u0107a ima mat dizajn, koji je jednostavan i prakti\u010dan. Koraci sastavljanja su jasni i lako razumljivi, a monta\u017eu mo\u017eete dovr\u0161iti brzo.\" \/>\n<meta property=\"og:url\" content=\"https:\/\/inti.hr\/sr\/proizvod\/toaletni-stolic-sa-ogledalom-sa-led-rasvjetom-2-ladice-bijela-i-zlatna\/\" \/>\n<meta property=\"og:site_name\" content=\"Inti\" \/>\n<meta property=\"og:image\" content=\"https:\/\/i0.wp.com\/inti.hr\/wp-content\/uploads\/2022\/02\/Schminktisch-LED-Beleuchtung-Kosmetiktisch-Melaminplatte6-1.jpg?fit=1280%2C1280&ssl=1\" \/>\n\t<meta property=\"og:image:width\" content=\"1280\" \/>\n\t<meta property=\"og:image:height\" content=\"1280\" \/>\n\t<meta property=\"og:image:type\" content=\"image\/jpeg\" \/>\n<meta name=\"twitter:card\" content=\"summary_large_image\" \/>\n<script type=\"application\/ld+json\" class=\"yoast-schema-graph\">{\"@context\":\"https:\/\/schema.org\",\"@graph\":[{\"@type\":\"WebPage\",\"@id\":\"https:\/\/inti.hr\/sr\/proizvod\/toaletni-stolic-sa-ogledalom-sa-led-rasvjetom-2-ladice-bijela-i-zlatna\/\",\"url\":\"https:\/\/inti.hr\/sr\/proizvod\/toaletni-stolic-sa-ogledalom-sa-led-rasvjetom-2-ladice-bijela-i-zlatna\/\",\"name\":\"Toaletni stoli\u0107 sa ogledalom sa LED rasvjetom - Inti\",\"isPartOf\":{\"@id\":\"https:\/\/inti.hr\/sr\/#website\"},\"primaryImageOfPage\":{\"@id\":\"https:\/\/inti.hr\/sr\/proizvod\/toaletni-stolic-sa-ogledalom-sa-led-rasvjetom-2-ladice-bijela-i-zlatna\/#primaryimage\"},\"image\":{\"@id\":\"https:\/\/inti.hr\/sr\/proizvod\/toaletni-stolic-sa-ogledalom-sa-led-rasvjetom-2-ladice-bijela-i-zlatna\/#primaryimage\"},\"thumbnailUrl\":\"https:\/\/i0.wp.com\/inti.hr\/wp-content\/uploads\/2022\/02\/Schminktisch-LED-Beleuchtung-Kosmetiktisch-Melaminplatte6-1.jpg?fit=1280%2C1280&ssl=1\",\"datePublished\":\"2022-02-02T09:51:51+00:00\",\"dateModified\":\"2022-02-02T09:51:51+00:00\",\"description\":\"WOLTU toaletni stoli\u0107 nudi puno prostora za sortiranje i organiziranje va\u0161ih proizvoda za njegu ko\u017ee i kozmetike. Uz pravo svjetlo mo\u017eete upotpuniti besprijekoran make-up, na\u0161 toaletni stoli\u0107 s ogledalom osmislio je to za vas! WOLTU toaletni stoli\u0107 sastoji se od melaminskih plo\u010da klase E1 i visokokvalitetnog metalnog okvira. Plo\u010da ovog toaletnog stoli\u0107a ima mat dizajn, koji je jednostavan i prakti\u010dan. Koraci sastavljanja su jasni i lako razumljivi, a monta\u017eu mo\u017eete dovr\u0161iti brzo.\",\"breadcrumb\":{\"@id\":\"https:\/\/inti.hr\/sr\/proizvod\/toaletni-stolic-sa-ogledalom-sa-led-rasvjetom-2-ladice-bijela-i-zlatna\/#breadcrumb\"},\"inLanguage\":\"sr-RS\",\"potentialAction\":[{\"@type\":\"ReadAction\",\"target\":[\"https:\/\/inti.hr\/sr\/proizvod\/toaletni-stolic-sa-ogledalom-sa-led-rasvjetom-2-ladice-bijela-i-zlatna\/\"]}]},{\"@type\":\"ImageObject\",\"inLanguage\":\"sr-RS\",\"@id\":\"https:\/\/inti.hr\/sr\/proizvod\/toaletni-stolic-sa-ogledalom-sa-led-rasvjetom-2-ladice-bijela-i-zlatna\/#primaryimage\",\"url\":\"https:\/\/i0.wp.com\/inti.hr\/wp-content\/uploads\/2022\/02\/Schminktisch-LED-Beleuchtung-Kosmetiktisch-Melaminplatte6-1.jpg?fit=1280%2C1280&ssl=1\",\"contentUrl\":\"https:\/\/i0.wp.com\/inti.hr\/wp-content\/uploads\/2022\/02\/Schminktisch-LED-Beleuchtung-Kosmetiktisch-Melaminplatte6-1.jpg?fit=1280%2C1280&ssl=1\",\"width\":1280,\"height\":1280},{\"@type\":\"BreadcrumbList\",\"@id\":\"https:\/\/inti.hr\/sr\/proizvod\/toaletni-stolic-sa-ogledalom-sa-led-rasvjetom-2-ladice-bijela-i-zlatna\/#breadcrumb\",\"itemListElement\":[{\"@type\":\"ListItem\",\"position\":1,\"name\":\"Po\u010detna stranica\",\"item\":\"https:\/\/inti.hr\/sr\/\"},{\"@type\":\"ListItem\",\"position\":2,\"name\":\"Prodavnica\",\"item\":\"https:\/\/inti.hr\/sr\/prodavnica\/\"},{\"@type\":\"ListItem\",\"position\":3,\"name\":\"Toaletni stoli\u0107 sa ogledalom sa LED rasvjetom\"}]},{\"@type\":\"WebSite\",\"@id\":\"https:\/\/inti.hr\/sr\/#website\",\"url\":\"https:\/\/inti.hr\/sr\/\",\"name\":\"Inti\",\"description\":\"trgovina\",\"potentialAction\":[{\"@type\":\"SearchAction\",\"target\":{\"@type\":\"EntryPoint\",\"urlTemplate\":\"https:\/\/inti.hr\/sr\/?s={search_term_string}\"},\"query-input\":{\"@type\":\"PropertyValueSpecification\",\"valueRequired\":true,\"valueName\":\"search_term_string\"}}],\"inLanguage\":\"sr-RS\"}]}<\/script>\n<!-- \/ Yoast SEO plugin. -->","yoast_head_json":{"title":"Toaletni stoli\u0107 sa ogledalom sa LED rasvjetom - Inti","description":"WOLTU toaletni stoli\u0107 nudi puno prostora za sortiranje i organiziranje va\u0161ih proizvoda za njegu ko\u017ee i kozmetike. Uz pravo svjetlo mo\u017eete upotpuniti besprijekoran make-up, na\u0161 toaletni stoli\u0107 s ogledalom osmislio je to za vas! WOLTU toaletni stoli\u0107 sastoji se od melaminskih plo\u010da klase E1 i visokokvalitetnog metalnog okvira. Plo\u010da ovog toaletnog stoli\u0107a ima mat dizajn, koji je jednostavan i prakti\u010dan. Koraci sastavljanja su jasni i lako razumljivi, a monta\u017eu mo\u017eete dovr\u0161iti brzo.","robots":{"index":"index","follow":"follow","max-snippet":"max-snippet:-1","max-image-preview":"max-image-preview:large","max-video-preview":"max-video-preview:-1"},"canonical":"https:\/\/inti.hr\/sr\/proizvod\/toaletni-stolic-sa-ogledalom-sa-led-rasvjetom-2-ladice-bijela-i-zlatna\/","og_locale":"sr_RS","og_type":"article","og_title":"Toaletni stoli\u0107 sa ogledalom sa LED rasvjetom - Inti","og_description":"WOLTU toaletni stoli\u0107 nudi puno prostora za sortiranje i organiziranje va\u0161ih proizvoda za njegu ko\u017ee i kozmetike. Uz pravo svjetlo mo\u017eete upotpuniti besprijekoran make-up, na\u0161 toaletni stoli\u0107 s ogledalom osmislio je to za vas! WOLTU toaletni stoli\u0107 sastoji se od melaminskih plo\u010da klase E1 i visokokvalitetnog metalnog okvira. Plo\u010da ovog toaletnog stoli\u0107a ima mat dizajn, koji je jednostavan i prakti\u010dan. Koraci sastavljanja su jasni i lako razumljivi, a monta\u017eu mo\u017eete dovr\u0161iti brzo.","og_url":"https:\/\/inti.hr\/sr\/proizvod\/toaletni-stolic-sa-ogledalom-sa-led-rasvjetom-2-ladice-bijela-i-zlatna\/","og_site_name":"Inti","og_image":[{"width":1280,"height":1280,"url":"https:\/\/i0.wp.com\/inti.hr\/wp-content\/uploads\/2022\/02\/Schminktisch-LED-Beleuchtung-Kosmetiktisch-Melaminplatte6-1.jpg?fit=1280%2C1280&ssl=1","type":"image\/jpeg"}],"twitter_card":"summary_large_image","schema":{"@context":"https:\/\/schema.org","@graph":[{"@type":"WebPage","@id":"https:\/\/inti.hr\/sr\/proizvod\/toaletni-stolic-sa-ogledalom-sa-led-rasvjetom-2-ladice-bijela-i-zlatna\/","url":"https:\/\/inti.hr\/sr\/proizvod\/toaletni-stolic-sa-ogledalom-sa-led-rasvjetom-2-ladice-bijela-i-zlatna\/","name":"Toaletni stoli\u0107 sa ogledalom sa LED rasvjetom - Inti","isPartOf":{"@id":"https:\/\/inti.hr\/sr\/#website"},"primaryImageOfPage":{"@id":"https:\/\/inti.hr\/sr\/proizvod\/toaletni-stolic-sa-ogledalom-sa-led-rasvjetom-2-ladice-bijela-i-zlatna\/#primaryimage"},"image":{"@id":"https:\/\/inti.hr\/sr\/proizvod\/toaletni-stolic-sa-ogledalom-sa-led-rasvjetom-2-ladice-bijela-i-zlatna\/#primaryimage"},"thumbnailUrl":"https:\/\/i0.wp.com\/inti.hr\/wp-content\/uploads\/2022\/02\/Schminktisch-LED-Beleuchtung-Kosmetiktisch-Melaminplatte6-1.jpg?fit=1280%2C1280&ssl=1","datePublished":"2022-02-02T09:51:51+00:00","dateModified":"2022-02-02T09:51:51+00:00","description":"WOLTU toaletni stoli\u0107 nudi puno prostora za sortiranje i organiziranje va\u0161ih proizvoda za njegu ko\u017ee i kozmetike. Uz pravo svjetlo mo\u017eete upotpuniti besprijekoran make-up, na\u0161 toaletni stoli\u0107 s ogledalom osmislio je to za vas! WOLTU toaletni stoli\u0107 sastoji se od melaminskih plo\u010da klase E1 i visokokvalitetnog metalnog okvira. Plo\u010da ovog toaletnog stoli\u0107a ima mat dizajn, koji je jednostavan i prakti\u010dan. Koraci sastavljanja su jasni i lako razumljivi, a monta\u017eu mo\u017eete dovr\u0161iti brzo.","breadcrumb":{"@id":"https:\/\/inti.hr\/sr\/proizvod\/toaletni-stolic-sa-ogledalom-sa-led-rasvjetom-2-ladice-bijela-i-zlatna\/#breadcrumb"},"inLanguage":"sr-RS","potentialAction":[{"@type":"ReadAction","target":["https:\/\/inti.hr\/sr\/proizvod\/toaletni-stolic-sa-ogledalom-sa-led-rasvjetom-2-ladice-bijela-i-zlatna\/"]}]},{"@type":"ImageObject","inLanguage":"sr-RS","@id":"https:\/\/inti.hr\/sr\/proizvod\/toaletni-stolic-sa-ogledalom-sa-led-rasvjetom-2-ladice-bijela-i-zlatna\/#primaryimage","url":"https:\/\/i0.wp.com\/inti.hr\/wp-content\/uploads\/2022\/02\/Schminktisch-LED-Beleuchtung-Kosmetiktisch-Melaminplatte6-1.jpg?fit=1280%2C1280&ssl=1","contentUrl":"https:\/\/i0.wp.com\/inti.hr\/wp-content\/uploads\/2022\/02\/Schminktisch-LED-Beleuchtung-Kosmetiktisch-Melaminplatte6-1.jpg?fit=1280%2C1280&ssl=1","width":1280,"height":1280},{"@type":"BreadcrumbList","@id":"https:\/\/inti.hr\/sr\/proizvod\/toaletni-stolic-sa-ogledalom-sa-led-rasvjetom-2-ladice-bijela-i-zlatna\/#breadcrumb","itemListElement":[{"@type":"ListItem","position":1,"name":"Po\u010detna stranica","item":"https:\/\/inti.hr\/sr\/"},{"@type":"ListItem","position":2,"name":"Prodavnica","item":"https:\/\/inti.hr\/sr\/prodavnica\/"},{"@type":"ListItem","position":3,"name":"Toaletni stoli\u0107 sa ogledalom sa LED rasvjetom"}]},{"@type":"WebSite","@id":"https:\/\/inti.hr\/sr\/#website","url":"https:\/\/inti.hr\/sr\/","name":"Inti","description":"trgovina","potentialAction":[{"@type":"SearchAction","target":{"@type":"EntryPoint","urlTemplate":"https:\/\/inti.hr\/sr\/?s={search_term_string}"},"query-input":{"@type":"PropertyValueSpecification","valueRequired":true,"valueName":"search_term_string"}}],"inLanguage":"sr-RS"}]}},"jetpack_sharing_enabled":true,"jetpack-related-posts":[],"_links":{"self":[{"href":"https:\/\/inti.hr\/sr\/wp-json\/wp\/v2\/product\/34290"}],"collection":[{"href":"https:\/\/inti.hr\/sr\/wp-json\/wp\/v2\/product"}],"about":[{"href":"https:\/\/inti.hr\/sr\/wp-json\/wp\/v2\/types\/product"}],"wp:featuredmedia":[{"embeddable":true,"href":"https:\/\/inti.hr\/sr\/wp-json\/wp\/v2\/media\/34292"}],"wp:attachment":[{"href":"https:\/\/inti.hr\/sr\/wp-json\/wp\/v2\/media?parent=34290"}],"wp:term":[{"taxonomy":"product_cat","embeddable":true,"href":"https:\/\/inti.hr\/sr\/wp-json\/wp\/v2\/product_cat?post=34290"},{"taxonomy":"product_tag","embeddable":true,"href":"https:\/\/inti.hr\/sr\/wp-json\/wp\/v2\/product_tag?post=34290"}],"curies":[{"name":"wp","href":"https:\/\/api.w.org\/{rel}","templated":true}]}}