{"id":34359,"date":"2021-11-09T08:24:20","date_gmt":"2021-11-09T08:24:20","guid":{"rendered":"https:\/\/inti.hr\/product\/ormar-za-cipele-s-dvostrukim-vratima\/"},"modified":"2021-11-09T08:24:20","modified_gmt":"2021-11-09T08:24:20","slug":"ormar-za-cipele-s-dvostrukim-vratima","status":"publish","type":"product","link":"https:\/\/inti.hr\/sr\/proizvod\/ormar-za-cipele-s-dvostrukim-vratima\/","title":{"rendered":"Ormar za cipele s dvostrukim vratima"},"content":{"rendered":"<p><b>Detalji o proizvodu:<\/b><\/p>\n<p>&#8211; Boja bijela<\/p>\n<p>&#8211; Materijal: iverica, metal<\/p>\n<p>&#8211; Veli\u010dina: 100 x 35 x 38 cm (D x \u0160 x V)<\/p>\n","protected":false},"excerpt":{"rendered":"<p>Zahvaljuju\u0107i policama podesivim po visini, u ovaj ormari\u0107 za cipele mo\u017eete &#8230; <\/p>\n","protected":false},"featured_media":34360,"template":"","meta":[],"product_cat":[2635],"product_tag":[3064,2720],"yoast_head":"<!-- This site is optimized with the Yoast SEO plugin v23.7 - https:\/\/yoast.com\/wordpress\/plugins\/seo\/ -->\n<title>Ormar za cipele s dvostrukim vratima - Inti<\/title>\n<meta name=\"description\" content=\"Zahvaljuju\u0107i policama podesivim po visini, u ovaj ormari\u0107 za cipele mo\u017eete pohraniti cipele razli\u010ditih veli\u010dina. Obuti visoke pete i \u010dizme? Nema problema! Kona\u010dno, cipele ne moraju le\u017eati na podu samo zato \u0161to ne mo\u017eete prona\u0107i odgovaraju\u0107i ormar za njih\" \/>\n<meta name=\"robots\" content=\"index, follow, max-snippet:-1, max-image-preview:large, max-video-preview:-1\" \/>\n<link rel=\"canonical\" href=\"https:\/\/inti.hr\/sr\/proizvod\/ormar-za-cipele-s-dvostrukim-vratima\/\" \/>\n<meta property=\"og:locale\" content=\"sr_RS\" \/>\n<meta property=\"og:type\" content=\"article\" \/>\n<meta property=\"og:title\" content=\"Ormar za cipele s dvostrukim vratima - Inti\" \/>\n<meta property=\"og:description\" content=\"Zahvaljuju\u0107i policama podesivim po visini, u ovaj ormari\u0107 za cipele mo\u017eete pohraniti cipele razli\u010ditih veli\u010dina. Obuti visoke pete i \u010dizme? Nema problema! Kona\u010dno, cipele ne moraju le\u017eati na podu samo zato \u0161to ne mo\u017eete prona\u0107i odgovaraju\u0107i ormar za njih\" \/>\n<meta property=\"og:url\" content=\"https:\/\/inti.hr\/sr\/proizvod\/ormar-za-cipele-s-dvostrukim-vratima\/\" \/>\n<meta property=\"og:site_name\" content=\"Inti\" \/>\n<meta property=\"og:image\" content=\"https:\/\/i0.wp.com\/inti.hr\/wp-content\/uploads\/2021\/11\/02-modern-shoe-cabinet-for-sale-lhs051w01.jpg?fit=800%2C800&ssl=1\" \/>\n\t<meta property=\"og:image:width\" content=\"800\" \/>\n\t<meta property=\"og:image:height\" content=\"800\" \/>\n\t<meta property=\"og:image:type\" content=\"image\/jpeg\" \/>\n<meta name=\"twitter:card\" content=\"summary_large_image\" \/>\n<script type=\"application\/ld+json\" class=\"yoast-schema-graph\">{\"@context\":\"https:\/\/schema.org\",\"@graph\":[{\"@type\":\"WebPage\",\"@id\":\"https:\/\/inti.hr\/sr\/proizvod\/ormar-za-cipele-s-dvostrukim-vratima\/\",\"url\":\"https:\/\/inti.hr\/sr\/proizvod\/ormar-za-cipele-s-dvostrukim-vratima\/\",\"name\":\"Ormar za cipele s dvostrukim vratima - Inti\",\"isPartOf\":{\"@id\":\"https:\/\/inti.hr\/sr\/#website\"},\"primaryImageOfPage\":{\"@id\":\"https:\/\/inti.hr\/sr\/proizvod\/ormar-za-cipele-s-dvostrukim-vratima\/#primaryimage\"},\"image\":{\"@id\":\"https:\/\/inti.hr\/sr\/proizvod\/ormar-za-cipele-s-dvostrukim-vratima\/#primaryimage\"},\"thumbnailUrl\":\"https:\/\/i0.wp.com\/inti.hr\/wp-content\/uploads\/2021\/11\/02-modern-shoe-cabinet-for-sale-lhs051w01.jpg?fit=800%2C800&ssl=1\",\"datePublished\":\"2021-11-09T08:24:20+00:00\",\"dateModified\":\"2021-11-09T08:24:20+00:00\",\"description\":\"Zahvaljuju\u0107i policama podesivim po visini, u ovaj ormari\u0107 za cipele mo\u017eete pohraniti cipele razli\u010ditih veli\u010dina. Obuti visoke pete i \u010dizme? Nema problema! Kona\u010dno, cipele ne moraju le\u017eati na podu samo zato \u0161to ne mo\u017eete prona\u0107i odgovaraju\u0107i ormar za njih\",\"breadcrumb\":{\"@id\":\"https:\/\/inti.hr\/sr\/proizvod\/ormar-za-cipele-s-dvostrukim-vratima\/#breadcrumb\"},\"inLanguage\":\"sr-RS\",\"potentialAction\":[{\"@type\":\"ReadAction\",\"target\":[\"https:\/\/inti.hr\/sr\/proizvod\/ormar-za-cipele-s-dvostrukim-vratima\/\"]}]},{\"@type\":\"ImageObject\",\"inLanguage\":\"sr-RS\",\"@id\":\"https:\/\/inti.hr\/sr\/proizvod\/ormar-za-cipele-s-dvostrukim-vratima\/#primaryimage\",\"url\":\"https:\/\/i0.wp.com\/inti.hr\/wp-content\/uploads\/2021\/11\/02-modern-shoe-cabinet-for-sale-lhs051w01.jpg?fit=800%2C800&ssl=1\",\"contentUrl\":\"https:\/\/i0.wp.com\/inti.hr\/wp-content\/uploads\/2021\/11\/02-modern-shoe-cabinet-for-sale-lhs051w01.jpg?fit=800%2C800&ssl=1\",\"width\":800,\"height\":800},{\"@type\":\"BreadcrumbList\",\"@id\":\"https:\/\/inti.hr\/sr\/proizvod\/ormar-za-cipele-s-dvostrukim-vratima\/#breadcrumb\",\"itemListElement\":[{\"@type\":\"ListItem\",\"position\":1,\"name\":\"Po\u010detna stranica\",\"item\":\"https:\/\/inti.hr\/sr\/\"},{\"@type\":\"ListItem\",\"position\":2,\"name\":\"Prodavnica\",\"item\":\"https:\/\/inti.hr\/sr\/prodavnica\/\"},{\"@type\":\"ListItem\",\"position\":3,\"name\":\"Ormar za cipele s dvostrukim vratima\"}]},{\"@type\":\"WebSite\",\"@id\":\"https:\/\/inti.hr\/sr\/#website\",\"url\":\"https:\/\/inti.hr\/sr\/\",\"name\":\"Inti\",\"description\":\"trgovina\",\"potentialAction\":[{\"@type\":\"SearchAction\",\"target\":{\"@type\":\"EntryPoint\",\"urlTemplate\":\"https:\/\/inti.hr\/sr\/?s={search_term_string}\"},\"query-input\":{\"@type\":\"PropertyValueSpecification\",\"valueRequired\":true,\"valueName\":\"search_term_string\"}}],\"inLanguage\":\"sr-RS\"}]}<\/script>\n<!-- \/ Yoast SEO plugin. -->","yoast_head_json":{"title":"Ormar za cipele s dvostrukim vratima - Inti","description":"Zahvaljuju\u0107i policama podesivim po visini, u ovaj ormari\u0107 za cipele mo\u017eete pohraniti cipele razli\u010ditih veli\u010dina. Obuti visoke pete i \u010dizme? Nema problema! Kona\u010dno, cipele ne moraju le\u017eati na podu samo zato \u0161to ne mo\u017eete prona\u0107i odgovaraju\u0107i ormar za njih","robots":{"index":"index","follow":"follow","max-snippet":"max-snippet:-1","max-image-preview":"max-image-preview:large","max-video-preview":"max-video-preview:-1"},"canonical":"https:\/\/inti.hr\/sr\/proizvod\/ormar-za-cipele-s-dvostrukim-vratima\/","og_locale":"sr_RS","og_type":"article","og_title":"Ormar za cipele s dvostrukim vratima - Inti","og_description":"Zahvaljuju\u0107i policama podesivim po visini, u ovaj ormari\u0107 za cipele mo\u017eete pohraniti cipele razli\u010ditih veli\u010dina. Obuti visoke pete i \u010dizme? Nema problema! Kona\u010dno, cipele ne moraju le\u017eati na podu samo zato \u0161to ne mo\u017eete prona\u0107i odgovaraju\u0107i ormar za njih","og_url":"https:\/\/inti.hr\/sr\/proizvod\/ormar-za-cipele-s-dvostrukim-vratima\/","og_site_name":"Inti","og_image":[{"width":800,"height":800,"url":"https:\/\/i0.wp.com\/inti.hr\/wp-content\/uploads\/2021\/11\/02-modern-shoe-cabinet-for-sale-lhs051w01.jpg?fit=800%2C800&ssl=1","type":"image\/jpeg"}],"twitter_card":"summary_large_image","schema":{"@context":"https:\/\/schema.org","@graph":[{"@type":"WebPage","@id":"https:\/\/inti.hr\/sr\/proizvod\/ormar-za-cipele-s-dvostrukim-vratima\/","url":"https:\/\/inti.hr\/sr\/proizvod\/ormar-za-cipele-s-dvostrukim-vratima\/","name":"Ormar za cipele s dvostrukim vratima - Inti","isPartOf":{"@id":"https:\/\/inti.hr\/sr\/#website"},"primaryImageOfPage":{"@id":"https:\/\/inti.hr\/sr\/proizvod\/ormar-za-cipele-s-dvostrukim-vratima\/#primaryimage"},"image":{"@id":"https:\/\/inti.hr\/sr\/proizvod\/ormar-za-cipele-s-dvostrukim-vratima\/#primaryimage"},"thumbnailUrl":"https:\/\/i0.wp.com\/inti.hr\/wp-content\/uploads\/2021\/11\/02-modern-shoe-cabinet-for-sale-lhs051w01.jpg?fit=800%2C800&ssl=1","datePublished":"2021-11-09T08:24:20+00:00","dateModified":"2021-11-09T08:24:20+00:00","description":"Zahvaljuju\u0107i policama podesivim po visini, u ovaj ormari\u0107 za cipele mo\u017eete pohraniti cipele razli\u010ditih veli\u010dina. Obuti visoke pete i \u010dizme? Nema problema! Kona\u010dno, cipele ne moraju le\u017eati na podu samo zato \u0161to ne mo\u017eete prona\u0107i odgovaraju\u0107i ormar za njih","breadcrumb":{"@id":"https:\/\/inti.hr\/sr\/proizvod\/ormar-za-cipele-s-dvostrukim-vratima\/#breadcrumb"},"inLanguage":"sr-RS","potentialAction":[{"@type":"ReadAction","target":["https:\/\/inti.hr\/sr\/proizvod\/ormar-za-cipele-s-dvostrukim-vratima\/"]}]},{"@type":"ImageObject","inLanguage":"sr-RS","@id":"https:\/\/inti.hr\/sr\/proizvod\/ormar-za-cipele-s-dvostrukim-vratima\/#primaryimage","url":"https:\/\/i0.wp.com\/inti.hr\/wp-content\/uploads\/2021\/11\/02-modern-shoe-cabinet-for-sale-lhs051w01.jpg?fit=800%2C800&ssl=1","contentUrl":"https:\/\/i0.wp.com\/inti.hr\/wp-content\/uploads\/2021\/11\/02-modern-shoe-cabinet-for-sale-lhs051w01.jpg?fit=800%2C800&ssl=1","width":800,"height":800},{"@type":"BreadcrumbList","@id":"https:\/\/inti.hr\/sr\/proizvod\/ormar-za-cipele-s-dvostrukim-vratima\/#breadcrumb","itemListElement":[{"@type":"ListItem","position":1,"name":"Po\u010detna stranica","item":"https:\/\/inti.hr\/sr\/"},{"@type":"ListItem","position":2,"name":"Prodavnica","item":"https:\/\/inti.hr\/sr\/prodavnica\/"},{"@type":"ListItem","position":3,"name":"Ormar za cipele s dvostrukim vratima"}]},{"@type":"WebSite","@id":"https:\/\/inti.hr\/sr\/#website","url":"https:\/\/inti.hr\/sr\/","name":"Inti","description":"trgovina","potentialAction":[{"@type":"SearchAction","target":{"@type":"EntryPoint","urlTemplate":"https:\/\/inti.hr\/sr\/?s={search_term_string}"},"query-input":{"@type":"PropertyValueSpecification","valueRequired":true,"valueName":"search_term_string"}}],"inLanguage":"sr-RS"}]}},"jetpack_sharing_enabled":true,"jetpack-related-posts":[],"_links":{"self":[{"href":"https:\/\/inti.hr\/sr\/wp-json\/wp\/v2\/product\/34359"}],"collection":[{"href":"https:\/\/inti.hr\/sr\/wp-json\/wp\/v2\/product"}],"about":[{"href":"https:\/\/inti.hr\/sr\/wp-json\/wp\/v2\/types\/product"}],"wp:featuredmedia":[{"embeddable":true,"href":"https:\/\/inti.hr\/sr\/wp-json\/wp\/v2\/media\/34360"}],"wp:attachment":[{"href":"https:\/\/inti.hr\/sr\/wp-json\/wp\/v2\/media?parent=34359"}],"wp:term":[{"taxonomy":"product_cat","embeddable":true,"href":"https:\/\/inti.hr\/sr\/wp-json\/wp\/v2\/product_cat?post=34359"},{"taxonomy":"product_tag","embeddable":true,"href":"https:\/\/inti.hr\/sr\/wp-json\/wp\/v2\/product_tag?post=34359"}],"curies":[{"name":"wp","href":"https:\/\/api.w.org\/{rel}","templated":true}]}}